{"id":378,"date":"2025-08-02T15:41:33","date_gmt":"2025-08-02T15:41:33","guid":{"rendered":"https:\/\/powerballticketonline.com\/domov\/"},"modified":"2025-08-02T15:41:33","modified_gmt":"2025-08-02T15:41:33","slug":"domov","status":"publish","type":"page","link":"https:\/\/powerballticketonline.com\/cs\/","title":{"rendered":"Domov"},"content":{"rendered":"<h2>Jak si m\u016f\u017eete koupit losy Powerball online<\/h2>\n<p>PowerBall je extr\u00e9mn\u011b popul\u00e1rn\u00ed loterijn\u00ed hra s obrovsk\u00fdmi v\u00fdplatami a jackpotem od 140 do v\u00edce ne\u017e 300 milion\u016f dolar\u016f! V roce 2012 ji\u017e 7 lid\u00ed vyhr\u00e1lo jackpot PowerBall. Nejni\u017e\u0161\u00ed jackpot byl 60 milion\u016f dolar\u016f a nejvy\u0161\u0161\u00ed 337 milion\u016f americk\u00fdch dolar\u016f! To byste mohli b\u00fdt snadno vy. Jedin\u00e9, co mus\u00edte ud\u011blat, abyste m\u011bli \u0161anci vyhr\u00e1t miliony dolar\u016f, je <strong>zakoupit si tiket PowerBall online<\/strong>.<\/p>\n<p><img loading=\"lazy\" decoding=\"async\" style=\"margin: 1px; float: right;\" src=\"images\/powerball_lottery.gif\" alt=\"Powerball lottery\" width=\"250\" height=\"96\" \/>Zat\u00edmco loterie byla p\u016fvodn\u011b vytvo\u0159ena pro obyvatele USA a losy lze zakoupit v m\u00edstn\u00edch obchodech, nyn\u00ed je mo\u017en\u00e9 koupit tiket PowerBall online! To znamen\u00e1, \u017ee nez\u00e1le\u017e\u00ed na tom, zda \u017eijete v USA nebo v Austr\u00e1lii, m\u016f\u017eete hr\u00e1t PowerBall loterii kdekoli na sv\u011bt\u011b!\u00a0 <\/a><\/span><\/p>\n<p>N\u00e1kup a \u00fa\u010dast v PowerBallu je mo\u017en\u00e1 d\u00edky exkluzivn\u00ed slu\u017eb\u011b nab\u00edzen\u00e9 spole\u010dnost\u00ed RedFoxLotto. Jedn\u00e1 se o spole\u010dnost se stovkami agent\u016f po cel\u00e9m sv\u011bt\u011b a s jejich pomoc\u00ed si m\u016f\u017eete zakoupit jakoukoli loterii, kterou si p\u0159ejete.<\/p>\n<p><strong>Ne\u017e obdr\u017e\u00edte sv\u016fj loterijn\u00ed tiket, mus\u00edte prov\u00e9st 4 snadn\u00e9 kroky:<\/strong><\/p>\n<ol>\n<li>Vyberte si loterii, kter\u00e9 se chcete z\u00fa\u010dastnit \u2013 v tomto p\u0159\u00edpad\u011b PowerBall \u2013 po kliknut\u00ed na banner na na\u0161ich str\u00e1nk\u00e1ch, <span style=\"text-decoration: underline;\"><strong><a href=\"https:\/\/redfoxlotto.com\/?ref=A8564250A2&amp;medium=pwb\" target=\"_blank\" rel=\"noopener noreferrer\">nebo jednodu\u0161e klikn\u011bte sem<\/a><\/strong><\/span><\/li>\n<li>Jeden z mnoha m\u00edstn\u00edch agent\u016f RedFoxLotto zakoup\u00ed tiket za v\u00e1s<\/li>\n<li>T\u00edket bude pot\u00e9 viditeln\u00fd na va\u0161em \u00fa\u010dtu<\/li>\n<li>Po skon\u010den\u00ed losov\u00e1n\u00ed a v p\u0159\u00edpad\u011b, \u017ee jste vyhr\u00e1li, v\u00e1m budou v dal\u0161\u00edm e-mailu zasl\u00e1ny informace o tom, jak si vyzvednout v\u00fdhru.<\/li>\n<li>Ve skute\u010dnosti v\u0161echny v\u00fdhry do 2500 EUR budou p\u0159ips\u00e1ny na v\u00e1\u0161 z\u00e1kaznick\u00fd \u00fa\u010det a u v\u00fdher vy\u0161\u0161\u00edch ceny, RedFoxLotto v\u00e1m pom\u016f\u017ee z\u00edskat v\u00e1\u0161 \u0161ek. Za tuto slu\u017ebu se neplat\u00ed \u017e\u00e1dn\u00e9 dal\u0161\u00ed poplatky!<\/li>\n<\/ol>\n<p>Toto je exkluzivn\u00ed slu\u017eba, kterou vyu\u017e\u00edvaj\u00ed tis\u00edce lid\u00ed po cel\u00e9m sv\u011bt\u011b. Pokud p\u0159em\u00fd\u0161l\u00edte o tom, co by se stalo, kdybyste vyhr\u00e1l jackpot, p\u0159esta\u0148te se b\u00e1t. Tato spole\u010dnost je nejen 100% seri\u00f3zn\u00ed a legitimn\u00ed, ale na losu je tak\u00e9 va\u0161e jm\u00e9no, tak\u017ee nen\u00ed prostor pro chyby nebo podvody.<\/p>\n<p>Loterie PowerBall nen\u00ed jedin\u00e1, kterou lze prost\u0159ednictv\u00edm t\u00e9to slu\u017eby zakoupit \u2013 m\u016f\u017eete si tak\u00e9 koupit losy Euromillions, \u00fa\u010dastnit se loterie El Gordo a SuperEnalotto a hr\u00e1t \u0159adu dal\u0161\u00edch mezin\u00e1rodn\u00edch loteri\u00ed. Tak\u017ee nakonec nez\u00e1le\u017e\u00ed na tom, kde na sv\u011bt\u011b bydl\u00edte, budete se moci \u00fa\u010dastnit zahrani\u010dn\u00edch loteri\u00ed, kolikr\u00e1t chcete, kdy chcete.<\/p>\n<h2>Slosov\u00e1n\u00ed o ceny<\/h2>\n<p>Slosov\u00e1n\u00ed o ceny prob\u00edh\u00e1 dvakr\u00e1t t\u00fddn\u011b \u2013 ka\u017edou st\u0159edu a sobotu ve\u010der ve 22:59 v\u00fdchodn\u00edho \u010dasu. L\u00edstky lze zakoupit do posledn\u00ed hodiny losov\u00e1n\u00ed, co\u017e znamen\u00e1, \u017ee prodej je uzav\u0159en 59 minut p\u0159ed za\u010d\u00e1tkem. Pro online n\u00e1kup l\u00edstku po\u010d\u00edtejte s alespo\u0148 2hodinov\u00fdm \u010dasov\u00fdm odstupem, aby RedFoxLotto m\u011bl dostatek \u010dasu na zpracov\u00e1n\u00ed va\u0161\u00ed objedn\u00e1vky losu Powerball.<br \/>\nV\u00fdherci a \u0161\u0165astn\u00e1 \u010d\u00edsla se ur\u010duj\u00ed losov\u00e1n\u00edm 5 b\u00edl\u00fdch koul\u00ed z bubnu, kter\u00fd obsahuje celkem 59 koul\u00ed. Novinkou je tak\u00e9 jedna \u010derven\u00e1 koule, kter\u00e1 se losuje z jin\u00e9ho bubnu s 35 \u010derven\u00fdmi koulemi.<\/p>\n<h2>Zp\u016fsoby v\u00fdhry<\/h2>\n<p>V loterii Powerball existuje 9 r\u016fzn\u00fdch zp\u016fsob\u016f, jak vyhr\u00e1t. Hlavn\u00ed cenu, velk\u00fd jackpot, vyhrajete, pokud se na va\u0161em loterijn\u00edm losu uhodne v\u0161ech 5 \u010d\u00edsel b\u00edl\u00fdch koul\u00ed a \u010derven\u00e1 koule, kter\u00e1 je tak\u00e9 zn\u00e1m\u00e1 jako PowerBall. V p\u0159\u00edpad\u011b v\u00fdhry jackpotu si m\u016f\u017eete bu\u010f vybrat jednor\u00e1zovou v\u00fdplatu pen\u011bz okam\u017eit\u011b, nebo nechat si cel\u00fd jackpot vypl\u00e1cet ka\u017edoro\u010dn\u011b po dobu 29 let. I kdy\u017e se to zd\u00e1 jako dlouh\u00e1 doba, jsme si jisti, \u017ee s ro\u010dn\u00edm p\u0159\u00edjmem kolem 10 milion\u016f dolar\u016f budete v\u00edce ne\u017e spokojeni!<\/p>\n<p>\u0160ance na v\u00fdhru jak\u00e9koli ceny p\u0159i hran\u00ed loterie Powerball je p\u0159ibli\u017en\u011b 1 ku 32. V\u00fdhru m\u016f\u017eete vyhr\u00e1t n\u00e1sleduj\u00edc\u00edmi zp\u016fsoby:<\/p>\n<ul>\n<li>5 b\u00edl\u00fdch kuli\u010dek + PowerBall vyhraje jackpot<\/li>\n<li>5 b\u00edl\u00fdch kuli\u010dek vyhraje 1 milion dolar\u016f<\/li>\n<li>4 b\u00edl\u00e9 kuli\u010dky + PowerBall vyhraj\u00ed 10 000 dolar\u016f<\/li>\n<li>4 b\u00edl\u00e9 kuli\u010dky vyhraj\u00ed 100 dolar\u016f<\/li>\n<li>3 b\u00edl\u00e9 kuli\u010dky + PowerBall vyhraj\u00ed 100 dolar\u016f<\/li>\n<li>3 b\u00edl\u00e9 kuli\u010dky vyhraj\u00ed 7 dolar\u016f<\/li>\n<li>2 b\u00edl\u00e9 kuli\u010dky + PowerBall vyhraj\u00ed 7 dolar\u016f<\/li>\n<li>1 b\u00edl\u00e1 kuli\u010dka + PowerBall vyhraje 7 dolar\u016f<\/li>\n<li>Samotn\u00fd PowerBall vyhraje 4 dolary<\/li>\n<\/ul>\n<p>K dispozici je tak\u00e9 dal\u0161\u00ed funkce: pokud vyberete funkci PowerPlay, m\u016f\u017eete zv\u00fd\u0161it p\u016fvodn\u00ed v\u00fd\u0161i v\u00fdhry. Pokud v\u00e1\u0161 tiket obsahuje v\u00fdhern\u00ed kombinaci 5+0, va\u0161e v\u00fdhra bude 2 miliony dolar\u016f nam\u00edsto 1 milionu dolar\u016f. Funkce PowerPlay mus\u00ed b\u00fdt vybr\u00e1na p\u0159i n\u00e1kupu tiketu.<\/p>\n<h2>Kde m\u016f\u017eu hr\u00e1t?<\/h2>\n<p>Powerball je nejobl\u00edben\u011bj\u0161\u00ed loterie v Americe.Tato hra je b\u011b\u017en\u00e1 a lze ji hr\u00e1t ve 42 st\u00e1tech po cel\u00e9 zemi. Hraje se tak\u00e9 ve Washingtonu, D.C. a na Americk\u00fdch Panensk\u00fdch ostrovech. Existuje 8 st\u00e1t\u016f, kter\u00e9 sv\u00fdm obyvatel\u016fm neumo\u017e\u0148uj\u00ed \u00fa\u010dast v t\u00e9to loterii \u2013 Nevada, Kalifornie, Utah, Mississippi, Wyoming, Alabama, Havaj a Alja\u0161ka.<\/p>\n<p>Jak v\u0161ak bylo uvedeno na za\u010d\u00e1tku tohoto \u010dl\u00e1nku, je mo\u017en\u00e9 hr\u00e1t PowerBall i mimo USA a jako nerezidenti USA nebo ze st\u00e1tu USA, kde si je nelze koupit v obchod\u011b. RedFoxLotto to umo\u017e\u0148uje komukoli. <strong><span style=\"text-decoration: underline;\"><a href=\"https:\/\/redfoxlotto.com\/?ref=A8564250A2&amp;medium=pwb\" target=\"_blank\" rel=\"noopener noreferrer\">Z\u00edskejte sv\u016fj loterijn\u00ed tiket PowerBall online hned te\u010f!<\/a><\/span><\/strong><\/p>\n","protected":false},"excerpt":{"rendered":"<p>Jak si m\u016f\u017eete koupit losy Powerball online PowerBall je extr\u00e9mn\u011b popul\u00e1rn\u00ed loterijn\u00ed hra s obrovsk\u00fdmi v\u00fdplatami a jackpotem od 140 do v\u00edce ne\u017e 300 milion\u016f dolar\u016f! V roce 2012 ji\u017e 7 lid\u00ed vyhr\u00e1lo jackpot PowerBall. Nejni\u017e\u0161\u00ed jackpot byl 60 milion\u016f dolar\u016f a nejvy\u0161\u0161\u00ed 337 milion\u016f americk\u00fdch dolar\u016f! To byste mohli b\u00fdt snadno vy. Jedin\u00e9, co &hellip; <\/p>\n<p class=\"link-more\"><a href=\"https:\/\/powerballticketonline.com\/cs\/\" class=\"more-link\">Read more<span class=\"screen-reader-text\"> &#8222;Domov&#8220;<\/span><\/a><\/p>\n","protected":false},"author":1,"featured_media":0,"parent":0,"menu_order":0,"comment_status":"closed","ping_status":"closed","template":"","meta":{"footnotes":""},"class_list":["post-378","page","type-page","status-publish","hentry"],"yoast_head":"<!-- This site is optimized with the Yoast SEO plugin v27.3 - https:\/\/yoast.com\/product\/yoast-seo-wordpress\/ -->\n<title>Kupte si losy Powerball online odkudkoli na sv\u011bt\u011b<\/title>\n<meta name=\"robots\" content=\"index, follow, max-snippet:-1, max-image-preview:large, max-video-preview:-1\" \/>\n<link rel=\"canonical\" href=\"https:\/\/powerballticketonline.com\/cs\/\" \/>\n<meta property=\"og:locale\" content=\"cs_CZ\" \/>\n<meta property=\"og:type\" content=\"article\" \/>\n<meta property=\"og:title\" content=\"Kupte si losy Powerball online odkudkoli na sv\u011bt\u011b\" \/>\n<meta property=\"og:description\" content=\"Jak si m\u016f\u017eete koupit losy Powerball online PowerBall je extr\u00e9mn\u011b popul\u00e1rn\u00ed loterijn\u00ed hra s obrovsk\u00fdmi v\u00fdplatami a jackpotem od 140 do v\u00edce ne\u017e 300 milion\u016f dolar\u016f! V roce 2012 ji\u017e 7 lid\u00ed vyhr\u00e1lo jackpot PowerBall. Nejni\u017e\u0161\u00ed jackpot byl 60 milion\u016f dolar\u016f a nejvy\u0161\u0161\u00ed 337 milion\u016f americk\u00fdch dolar\u016f! To byste mohli b\u00fdt snadno vy. Jedin\u00e9, co &hellip; Read more &quot;Domov&quot;\" \/>\n<meta property=\"og:url\" content=\"https:\/\/powerballticketonline.com\/cs\/\" \/>\n<meta name=\"twitter:card\" content=\"summary_large_image\" \/>\n<meta name=\"twitter:label1\" content=\"Odhadovan\u00e1 doba \u010dten\u00ed\" \/>\n\t<meta name=\"twitter:data1\" content=\"5 minut\" \/>\n<script type=\"application\/ld+json\" class=\"yoast-schema-graph\">{\"@context\":\"https:\\\/\\\/schema.org\",\"@graph\":[{\"@type\":\"WebPage\",\"@id\":\"https:\\\/\\\/powerballticketonline.com\\\/cs\\\/\",\"url\":\"https:\\\/\\\/powerballticketonline.com\\\/cs\\\/\",\"name\":\"Kupte si losy Powerball online odkudkoli na sv\u011bt\u011b\",\"isPartOf\":{\"@id\":\"https:\\\/\\\/powerballticketonline.com\\\/cs\\\/#website\"},\"datePublished\":\"2025-08-02T15:41:33+00:00\",\"breadcrumb\":{\"@id\":\"https:\\\/\\\/powerballticketonline.com\\\/cs\\\/#breadcrumb\"},\"inLanguage\":\"cs\",\"potentialAction\":[{\"@type\":\"ReadAction\",\"target\":[\"https:\\\/\\\/powerballticketonline.com\\\/cs\\\/\"]}]},{\"@type\":\"BreadcrumbList\",\"@id\":\"https:\\\/\\\/powerballticketonline.com\\\/cs\\\/#breadcrumb\",\"itemListElement\":[{\"@type\":\"ListItem\",\"position\":1,\"name\":\"Home\",\"item\":\"https:\\\/\\\/powerballticketonline.com\\\/cs\\\/\"},{\"@type\":\"ListItem\",\"position\":2,\"name\":\"Domov\"}]},{\"@type\":\"WebSite\",\"@id\":\"https:\\\/\\\/powerballticketonline.com\\\/cs\\\/#website\",\"url\":\"https:\\\/\\\/powerballticketonline.com\\\/cs\\\/\",\"name\":\"\",\"description\":\"\",\"potentialAction\":[{\"@type\":\"SearchAction\",\"target\":{\"@type\":\"EntryPoint\",\"urlTemplate\":\"https:\\\/\\\/powerballticketonline.com\\\/cs\\\/?s={search_term_string}\"},\"query-input\":{\"@type\":\"PropertyValueSpecification\",\"valueRequired\":true,\"valueName\":\"search_term_string\"}}],\"inLanguage\":\"cs\"}]}<\/script>\n<!-- \/ Yoast SEO plugin. -->","yoast_head_json":{"title":"Kupte si losy Powerball online odkudkoli na sv\u011bt\u011b","robots":{"index":"index","follow":"follow","max-snippet":"max-snippet:-1","max-image-preview":"max-image-preview:large","max-video-preview":"max-video-preview:-1"},"canonical":"https:\/\/powerballticketonline.com\/cs\/","og_locale":"cs_CZ","og_type":"article","og_title":"Kupte si losy Powerball online odkudkoli na sv\u011bt\u011b","og_description":"Jak si m\u016f\u017eete koupit losy Powerball online PowerBall je extr\u00e9mn\u011b popul\u00e1rn\u00ed loterijn\u00ed hra s obrovsk\u00fdmi v\u00fdplatami a jackpotem od 140 do v\u00edce ne\u017e 300 milion\u016f dolar\u016f! V roce 2012 ji\u017e 7 lid\u00ed vyhr\u00e1lo jackpot PowerBall. Nejni\u017e\u0161\u00ed jackpot byl 60 milion\u016f dolar\u016f a nejvy\u0161\u0161\u00ed 337 milion\u016f americk\u00fdch dolar\u016f! To byste mohli b\u00fdt snadno vy. Jedin\u00e9, co &hellip; Read more \"Domov\"","og_url":"https:\/\/powerballticketonline.com\/cs\/","twitter_card":"summary_large_image","twitter_misc":{"Odhadovan\u00e1 doba \u010dten\u00ed":"5 minut"},"schema":{"@context":"https:\/\/schema.org","@graph":[{"@type":"WebPage","@id":"https:\/\/powerballticketonline.com\/cs\/","url":"https:\/\/powerballticketonline.com\/cs\/","name":"Kupte si losy Powerball online odkudkoli na sv\u011bt\u011b","isPartOf":{"@id":"https:\/\/powerballticketonline.com\/cs\/#website"},"datePublished":"2025-08-02T15:41:33+00:00","breadcrumb":{"@id":"https:\/\/powerballticketonline.com\/cs\/#breadcrumb"},"inLanguage":"cs","potentialAction":[{"@type":"ReadAction","target":["https:\/\/powerballticketonline.com\/cs\/"]}]},{"@type":"BreadcrumbList","@id":"https:\/\/powerballticketonline.com\/cs\/#breadcrumb","itemListElement":[{"@type":"ListItem","position":1,"name":"Home","item":"https:\/\/powerballticketonline.com\/cs\/"},{"@type":"ListItem","position":2,"name":"Domov"}]},{"@type":"WebSite","@id":"https:\/\/powerballticketonline.com\/cs\/#website","url":"https:\/\/powerballticketonline.com\/cs\/","name":"","description":"","potentialAction":[{"@type":"SearchAction","target":{"@type":"EntryPoint","urlTemplate":"https:\/\/powerballticketonline.com\/cs\/?s={search_term_string}"},"query-input":{"@type":"PropertyValueSpecification","valueRequired":true,"valueName":"search_term_string"}}],"inLanguage":"cs"}]}},"_links":{"self":[{"href":"https:\/\/powerballticketonline.com\/cs\/wp-json\/wp\/v2\/pages\/378","targetHints":{"allow":["GET"]}}],"collection":[{"href":"https:\/\/powerballticketonline.com\/cs\/wp-json\/wp\/v2\/pages"}],"about":[{"href":"https:\/\/powerballticketonline.com\/cs\/wp-json\/wp\/v2\/types\/page"}],"author":[{"embeddable":true,"href":"https:\/\/powerballticketonline.com\/cs\/wp-json\/wp\/v2\/users\/1"}],"replies":[{"embeddable":true,"href":"https:\/\/powerballticketonline.com\/cs\/wp-json\/wp\/v2\/comments?post=378"}],"version-history":[{"count":0,"href":"https:\/\/powerballticketonline.com\/cs\/wp-json\/wp\/v2\/pages\/378\/revisions"}],"wp:attachment":[{"href":"https:\/\/powerballticketonline.com\/cs\/wp-json\/wp\/v2\/media?parent=378"}],"curies":[{"name":"wp","href":"https:\/\/api.w.org\/{rel}","templated":true}]}}