{"id":384,"date":"2025-08-02T15:41:33","date_gmt":"2025-08-02T15:41:33","guid":{"rendered":"https:\/\/powerballticketonline.com\/hjem\/"},"modified":"2025-08-02T15:41:33","modified_gmt":"2025-08-02T15:41:33","slug":"hjem","status":"publish","type":"page","link":"https:\/\/powerballticketonline.com\/da\/","title":{"rendered":"Hjem"},"content":{"rendered":"<h2>S\u00e5dan kan du k\u00f8be Powerball-kuponer online<\/h2>\n<p>PowerBall er et ekstremt popul\u00e6rt lotterispil med enorme udbetalinger og jackpotpr\u00e6mier p\u00e5 alt fra $140 til mere end $300 millioner! Der er allerede 7 personer, der har vundet PowerBall-jackpotten i 2012. Den laveste jackpot var $60 millioner, mens den h\u00f8jeste var 337 millioner amerikanske dollars! Det kunne nemt v\u00e6re dig. Det eneste, du skal g\u00f8re for at f\u00e5 en chance for at vinde millioner af dollars, er at <strong>k\u00f8be en PowerBall-kupon online<\/strong>.<\/p>\n<p><img loading=\"lazy\" decoding=\"async\" style=\"margin: 1px; float: right;\" src=\"images\/powerball_lottery.gif\" alt=\"Powerball-lotteriet\" width=\"250\" height=\"96\" \/>Selvom lotteriet oprindeligt blev oprettet for amerikanske indbyggere, og kuponer kan k\u00f8bes i lokale butikker der, er det nu muligt at k\u00f8be en PowerBall-kupon online! Det betyder, at det ikke er vigtigt, om du bor i USA eller Australien, du kan <span style=\"text-decoration: underline;\"><a href=\"https:\/\/www.onlinelotto365.com\/usa\/powerball-lotto-online\" target=\"_blank\" rel=\"noopener noreferrer\">spille PowerBall lotto hvor som helst i verden! <\/a><\/span><\/p>\n<p>K\u00f8b og deltagelse i PowerBall er muligt takket v\u00e6re en eksklusiv service, der tilbydes af RedFoxLotto. Dette er en virksomhed med hundredvis af agenter over hele verden, og med deres hj\u00e6lp kan du k\u00f8be lige pr\u00e6cis det lotteri, du \u00f8nsker.<\/p>\n<p><strong>Der er 4 nemme trin, du skal udf\u00f8re, f\u00f8r du modtager din lotterikupon:<\/strong><\/p>\n<ol>\n<li>V\u00e6lg det lotteri, du vil deltage i \u2013 i dette tilf\u00e6lde PowerBall \u2013 efter at have klikket p\u00e5 banneret p\u00e5 vores side, <span style=\"text-decoration: underline;\"><strong><a href=\"https:\/\/redfoxlotto.com\/?ref=A8564250A2&amp;medium=pwb\" target=\"_blank\" rel=\"noopener noreferrer\">eller klik blot her<\/a><\/strong><\/span><\/li>\n<li>En af RedFoxLottos mange lokale agenter vil k\u00f8be en kupon p\u00e5 dine vegne<\/li>\n<li>Kuponen vil derefter v\u00e6re synlig p\u00e5 din konto<\/li>\n<li>Efter tr\u00e6kningen er afsluttet, og hvis du har vundet, vil information om, hvordan du modtager dine gevinster, blive sendt til dig i en anden e-mail.<\/li>\n<li>Faktisk vil alle gevinster under \u20ac2500 blive indsat p\u00e5 din kundekonto, og for h\u00f8jere pr\u00e6mier, RedFoxLotto hj\u00e6lper dig med at f\u00e5 din check. Ingen ekstra gebyrer for den service!<\/li>\n<\/ol>\n<p>Dette er en eksklusiv service, der bruges af tusindvis af mennesker verden over. Hvis du t\u00e6nker p\u00e5, hvad der ville ske, hvis du vinder en jackpot, s\u00e5 hold op med at bekymre dig. Ikke alene er dette firma 100% velrenommeret og legitimt, men kuponen har ogs\u00e5 dit navn p\u00e5, s\u00e5 der er ingen plads til fejl eller svindel.<\/p>\n<p>PowerBall-lotteriet er ikke det eneste, der kan k\u00f8bes via denne service \u2013 du kan ogs\u00e5 k\u00f8be Euromillions-kuponer, samt deltage i El Gordo-lotteriet og Superenalotto og spille en r\u00e6kke andre internationale lotterier. S\u00e5 i sidste ende er det ligegyldigt, hvor i verden du bor, du vil kunne deltage i udenlandske lotterier s\u00e5 meget, du vil, n\u00e5r du vil.<\/p>\n<h2>Pr\u00e6mielodtr\u00e6kninger<\/h2>\n<p>Pr\u00e6mielodtr\u00e6kningerne finder sted to gange om ugen \u2013 hver onsdag og l\u00f8rdag aften kl. 22:59 \u00f8stlig tid. Lodder kan k\u00f8bes indtil den sidste time af tr\u00e6kningen, hvilket betyder, at salget lukker 59 minutter f\u00f8r start. Ved dit online k\u00f8b af lodsedler skal du afs\u00e6tte mindst 2 timer for at give RedFoxLotto nok tid til at behandle din Powerball-lodseddel.<\/p>\n<p>Vinderne og lykketallene bestemmes ved at tr\u00e6kke 5 hvide kugler fra en tromle, som indeholder i alt 59 kugler. Der er ogs\u00e5 en ny tilf\u00f8jelse \u2013 \u00e9n r\u00f8d kugle, som tr\u00e6kkes fra en anden tromle best\u00e5ende af 35 r\u00f8de kugler.<\/p>\n<h2>M\u00e5der at vinde<\/h2>\n<p>Der er 9 forskellige m\u00e5der at vinde p\u00e5, n\u00e5r du spiller Powerball Lotteri. Hovedpr\u00e6mien, den store jackpot, vindes, hvis din lotterikupon matcher alle 5 hvide kugletal og den r\u00f8de kugle, som ogs\u00e5 er kendt som PowerBall. I tilf\u00e6lde af at vinde en jackpot kan du enten v\u00e6lge et engangsbel\u00f8b udbetalt med det samme eller f\u00e5 hele jackpotten udbetalt \u00e5rligt over 29 \u00e5r. Selvom det lyder som lang tid, er vi sikre p\u00e5, at du vil v\u00e6re mere end tilfreds med at modtage omkring 10 millioner dollars \u00e5rligt!<\/p>\n<p>Oddsene for at vinde en pr\u00e6mie, mens du spiller Powerball-lotteriet, er cirka 1 ud af 32. Du kan vinde en pr\u00e6mie p\u00e5 f\u00f8lgende m\u00e5der:<\/p>\n<ul>\n<li>5 hvide kugler + Powerballen vinder jackpotten<\/li>\n<li>5 hvide kugler vinder $1 million<\/li>\n<li>4 hvide kugler + Powerballen vinder $10.000<\/li>\n<li>4 hvide kugler vinder $100<\/li>\n<li>3 hvide kugler + Powerballen vinder $100<\/li>\n<li>3 hvide kugler vinder $7<\/li>\n<li>2 hvide kugler + Powerballen vinder $7<\/li>\n<li>1 hvid kugle + Powerballen vinder $7<\/li>\n<li>Alene Powerballen vinder $4<\/li>\n<\/ul>\n<p>Der er ogs\u00e5 en ekstra funktion tilf\u00f8jet: Hvis du v\u00e6lger PowerPlay-funktionen, kan du \u00f8ge det oprindelige pr\u00e6miebel\u00f8b. Hvis din kupon indeholder den vindende kombination 5+0, vil din pr\u00e6mie v\u00e6re 2 millioner dollars i stedet for 1 million dollars. PowerPlay-funktionen skal v\u00e6lges, n\u00e5r du k\u00f8ber din kupon.<\/p>\n<h2>Hvor kan jeg spille?<\/h2>\n<p>Powerball er Amerikas foretrukne lotterihvert spil og kan spilles fra 42 stater over hele landet. Det spilles ogs\u00e5 i Washington, D.C. og De Amerikanske Jomfru\u00f8er. Der er 8 stater, der ikke tillader deres indbyggere at deltage i dette lotteri &#8211; Nevada, Californien, Utah, Mississippi, Wyoming, Alabama, Hawaii og Alaska.<\/p>\n<p>Som n\u00e6vnt i begyndelsen af \u200b\u200bdenne artikel er det dog ogs\u00e5 muligt at spille PowerBall uden for USA og som ikke-amerikansk indbygger, eller fra en amerikansk stat, hvor du ikke kan k\u00f8be dem i en butik. RedFoxLotto g\u00f8r det muligt for alle. <strong><span style=\"text-decoration: underline;\"><a href=\"https:\/\/redfoxlotto.com\/?ref=A8564250A2&amp;medium=pwb\" target=\"_blank\" rel=\"noopener noreferrer\">F\u00e5 din PowerBall-lottokupon online nu!<\/a><\/span><\/strong><\/p>\n","protected":false},"excerpt":{"rendered":"<p>S\u00e5dan kan du k\u00f8be Powerball-kuponer online PowerBall er et ekstremt popul\u00e6rt lotterispil med enorme udbetalinger og jackpotpr\u00e6mier p\u00e5 alt fra $140 til mere end $300 millioner! Der er allerede 7 personer, der har vundet PowerBall-jackpotten i 2012. Den laveste jackpot var $60 millioner, mens den h\u00f8jeste var 337 millioner amerikanske dollars! Det kunne nemt v\u00e6re &hellip; <\/p>\n<p class=\"link-more\"><a href=\"https:\/\/powerballticketonline.com\/da\/\" class=\"more-link\">L\u00e6s mere<span class=\"screen-reader-text\"> \u201cHjem\u201d<\/span><\/a><\/p>\n","protected":false},"author":1,"featured_media":0,"parent":0,"menu_order":0,"comment_status":"closed","ping_status":"closed","template":"","meta":{"footnotes":""},"class_list":["post-384","page","type-page","status-publish","hentry"],"yoast_head":"<!-- This site is optimized with the Yoast SEO plugin v27.3 - https:\/\/yoast.com\/product\/yoast-seo-wordpress\/ -->\n<title>K\u00f8b Powerball-lotterisedler online fra hvor som helst i verden<\/title>\n<meta name=\"robots\" content=\"index, follow, max-snippet:-1, max-image-preview:large, max-video-preview:-1\" \/>\n<link rel=\"canonical\" href=\"https:\/\/powerballticketonline.com\/da\/\" \/>\n<meta property=\"og:locale\" content=\"da_DK\" \/>\n<meta property=\"og:type\" content=\"article\" \/>\n<meta property=\"og:title\" content=\"K\u00f8b Powerball-lotterisedler online fra hvor som helst i verden\" \/>\n<meta property=\"og:description\" content=\"S\u00e5dan kan du k\u00f8be Powerball-kuponer online PowerBall er et ekstremt popul\u00e6rt lotterispil med enorme udbetalinger og jackpotpr\u00e6mier p\u00e5 alt fra $140 til mere end $300 millioner! Der er allerede 7 personer, der har vundet PowerBall-jackpotten i 2012. Den laveste jackpot var $60 millioner, mens den h\u00f8jeste var 337 millioner amerikanske dollars! Det kunne nemt v\u00e6re &hellip; L\u00e6s mere \u201cHjem\u201d\" \/>\n<meta property=\"og:url\" content=\"https:\/\/powerballticketonline.com\/da\/\" \/>\n<meta name=\"twitter:card\" content=\"summary_large_image\" \/>\n<meta name=\"twitter:label1\" content=\"Estimeret l\u00e6setid\" \/>\n\t<meta name=\"twitter:data1\" content=\"4 minutter\" \/>\n<script type=\"application\/ld+json\" class=\"yoast-schema-graph\">{\"@context\":\"https:\\\/\\\/schema.org\",\"@graph\":[{\"@type\":\"WebPage\",\"@id\":\"https:\\\/\\\/powerballticketonline.com\\\/da\\\/\",\"url\":\"https:\\\/\\\/powerballticketonline.com\\\/da\\\/\",\"name\":\"K\u00f8b Powerball-lotterisedler online fra hvor som helst i verden\",\"isPartOf\":{\"@id\":\"https:\\\/\\\/powerballticketonline.com\\\/da\\\/#website\"},\"datePublished\":\"2025-08-02T15:41:33+00:00\",\"breadcrumb\":{\"@id\":\"https:\\\/\\\/powerballticketonline.com\\\/da\\\/#breadcrumb\"},\"inLanguage\":\"da-DK\",\"potentialAction\":[{\"@type\":\"ReadAction\",\"target\":[\"https:\\\/\\\/powerballticketonline.com\\\/da\\\/\"]}]},{\"@type\":\"BreadcrumbList\",\"@id\":\"https:\\\/\\\/powerballticketonline.com\\\/da\\\/#breadcrumb\",\"itemListElement\":[{\"@type\":\"ListItem\",\"position\":1,\"name\":\"Home\",\"item\":\"https:\\\/\\\/powerballticketonline.com\\\/da\\\/\"},{\"@type\":\"ListItem\",\"position\":2,\"name\":\"Hjem\"}]},{\"@type\":\"WebSite\",\"@id\":\"https:\\\/\\\/powerballticketonline.com\\\/da\\\/#website\",\"url\":\"https:\\\/\\\/powerballticketonline.com\\\/da\\\/\",\"name\":\"\",\"description\":\"\",\"potentialAction\":[{\"@type\":\"SearchAction\",\"target\":{\"@type\":\"EntryPoint\",\"urlTemplate\":\"https:\\\/\\\/powerballticketonline.com\\\/da\\\/?s={search_term_string}\"},\"query-input\":{\"@type\":\"PropertyValueSpecification\",\"valueRequired\":true,\"valueName\":\"search_term_string\"}}],\"inLanguage\":\"da-DK\"}]}<\/script>\n<!-- \/ Yoast SEO plugin. -->","yoast_head_json":{"title":"K\u00f8b Powerball-lotterisedler online fra hvor som helst i verden","robots":{"index":"index","follow":"follow","max-snippet":"max-snippet:-1","max-image-preview":"max-image-preview:large","max-video-preview":"max-video-preview:-1"},"canonical":"https:\/\/powerballticketonline.com\/da\/","og_locale":"da_DK","og_type":"article","og_title":"K\u00f8b Powerball-lotterisedler online fra hvor som helst i verden","og_description":"S\u00e5dan kan du k\u00f8be Powerball-kuponer online PowerBall er et ekstremt popul\u00e6rt lotterispil med enorme udbetalinger og jackpotpr\u00e6mier p\u00e5 alt fra $140 til mere end $300 millioner! Der er allerede 7 personer, der har vundet PowerBall-jackpotten i 2012. Den laveste jackpot var $60 millioner, mens den h\u00f8jeste var 337 millioner amerikanske dollars! Det kunne nemt v\u00e6re &hellip; L\u00e6s mere \u201cHjem\u201d","og_url":"https:\/\/powerballticketonline.com\/da\/","twitter_card":"summary_large_image","twitter_misc":{"Estimeret l\u00e6setid":"4 minutter"},"schema":{"@context":"https:\/\/schema.org","@graph":[{"@type":"WebPage","@id":"https:\/\/powerballticketonline.com\/da\/","url":"https:\/\/powerballticketonline.com\/da\/","name":"K\u00f8b Powerball-lotterisedler online fra hvor som helst i verden","isPartOf":{"@id":"https:\/\/powerballticketonline.com\/da\/#website"},"datePublished":"2025-08-02T15:41:33+00:00","breadcrumb":{"@id":"https:\/\/powerballticketonline.com\/da\/#breadcrumb"},"inLanguage":"da-DK","potentialAction":[{"@type":"ReadAction","target":["https:\/\/powerballticketonline.com\/da\/"]}]},{"@type":"BreadcrumbList","@id":"https:\/\/powerballticketonline.com\/da\/#breadcrumb","itemListElement":[{"@type":"ListItem","position":1,"name":"Home","item":"https:\/\/powerballticketonline.com\/da\/"},{"@type":"ListItem","position":2,"name":"Hjem"}]},{"@type":"WebSite","@id":"https:\/\/powerballticketonline.com\/da\/#website","url":"https:\/\/powerballticketonline.com\/da\/","name":"","description":"","potentialAction":[{"@type":"SearchAction","target":{"@type":"EntryPoint","urlTemplate":"https:\/\/powerballticketonline.com\/da\/?s={search_term_string}"},"query-input":{"@type":"PropertyValueSpecification","valueRequired":true,"valueName":"search_term_string"}}],"inLanguage":"da-DK"}]}},"_links":{"self":[{"href":"https:\/\/powerballticketonline.com\/da\/wp-json\/wp\/v2\/pages\/384","targetHints":{"allow":["GET"]}}],"collection":[{"href":"https:\/\/powerballticketonline.com\/da\/wp-json\/wp\/v2\/pages"}],"about":[{"href":"https:\/\/powerballticketonline.com\/da\/wp-json\/wp\/v2\/types\/page"}],"author":[{"embeddable":true,"href":"https:\/\/powerballticketonline.com\/da\/wp-json\/wp\/v2\/users\/1"}],"replies":[{"embeddable":true,"href":"https:\/\/powerballticketonline.com\/da\/wp-json\/wp\/v2\/comments?post=384"}],"version-history":[{"count":0,"href":"https:\/\/powerballticketonline.com\/da\/wp-json\/wp\/v2\/pages\/384\/revisions"}],"wp:attachment":[{"href":"https:\/\/powerballticketonline.com\/da\/wp-json\/wp\/v2\/media?parent=384"}],"curies":[{"name":"wp","href":"https:\/\/api.w.org\/{rel}","templated":true}]}}