{"id":34,"date":"2025-08-02T15:41:33","date_gmt":"2025-08-02T15:41:33","guid":{"rendered":"https:\/\/powerballticketonline.com\/heim\/"},"modified":"2025-08-27T06:58:41","modified_gmt":"2025-08-27T06:58:41","slug":"heim","status":"publish","type":"page","link":"https:\/\/powerballticketonline.com\/de\/","title":{"rendered":"Heim"},"content":{"rendered":"<h2>So kaufen Sie Powerball-Lose online<\/h2>\n<p>PowerBall ist ein \u00e4u\u00dferst beliebtes Lotteriespiel mit hohen Gewinnen und Jackpots von 140 bis \u00fcber 300 Millionen US-Dollar! 2012 haben bereits sieben Personen den PowerBall-Jackpot gewonnen. Der niedrigste Jackpot lag bei 60 Millionen US-Dollar, der h\u00f6chste bei 337 Millionen US-Dollar! Das k\u00f6nnte auch Ihnen passieren! Alles, was Sie tun m\u00fcssen, um Millionengewinne zu erzielen, ist, <strong>ein PowerBall-Lose online zu kaufen<\/strong>.<\/p>\n<p><img loading=\"lazy\" decoding=\"async\" src=\"images\/powerball_lottery.gif\" alt=\"Powerball-Lotterie\" width=\"250\" height=\"96\" style=\"margin: 1px; float: right;\" \/>W\u00e4hrend die Lotterie urspr\u00fcnglich f\u00fcr Einwohner der USA gedacht war und Lose in lokalen Gesch\u00e4ften erworben werden konnten, ist es jetzt m\u00f6glich, PowerBall-Lose online zu kaufen! Das bedeutet, dass Sie unabh\u00e4ngig davon, ob Sie in den USA oder in Australien leben, <span style=\"text-decoration: underline;\"><a href=\"https:\/\/www.onlinelotto365.com\/usa\/powerball-lotto-online\" target=\"_blank\" rel=\"noopener noreferrer\">PowerBall-Lotto \u00fcberall auf der Welt spielen k\u00f6nnen!<\/a><\/span><\/p>\n<p>Der Kauf und die Teilnahme an PowerBall sind dank eines exklusiven Services von RedFoxLotto m\u00f6glich. Dies ist ein Unternehmen mit Hunderten von Vertriebspartnern weltweit, mit deren Hilfe Sie jede gew\u00fcnschte Lotterie kaufen k\u00f6nnen.<\/p>\n<p><strong>Nur vier einfache Schritte sind n\u00f6tig, bevor Sie Ihren Lottoschein erhalten:<\/strong><\/p>\n<ol>\n<li>W\u00e4hlen Sie die Lotterie aus, an der Sie teilnehmen m\u00f6chten \u2013 in diesem Fall PowerBall \u2013, nachdem Sie auf das Banner auf unserer Website geklickt haben <span style=\"text-decoration: underline;\"><strong><a href=\"https:\/\/redfoxlotto.com\/?ref=A8564250A2&amp;medium=pwb\" target=\"_blank\" rel=\"noopener noreferrer\">oder klicken Sie einfach hier<\/a><\/strong><\/span><\/li>\n<li>Einer der vielen lokalen Vertriebspartner von RedFoxLotto wird in Ihrem Namen einen Schein kaufen.<\/li>\n<li>Der Schein wird dann in Ihrem Konto angezeigt.<\/li>\n<li>Nach der Ziehung und falls Sie gewonnen haben, erhalten Sie Informationen zur Auszahlung Ihres Gewinns. Sie erhalten eine weitere E-Mail.<\/li>\n<li>Alle Gewinne unter 2500 \u20ac werden Ihrem Kundenkonto gutgeschrieben. Bei h\u00f6heren Gewinnen hilft Ihnen RedFoxLotto bei der Auszahlung Ihres Gewinns. F\u00fcr diesen Service fallen keine zus\u00e4tzlichen Kosten an!<\/li>\n<\/ol>\n<p>Dies ist ein exklusiver Service, der von Tausenden von Menschen weltweit genutzt wird. Wenn Sie sich Gedanken dar\u00fcber machen, was passieren w\u00fcrde, wenn Sie einen Jackpot gewinnen, k\u00f6nnen Sie sich keine Sorgen machen. Dieses Unternehmen ist nicht nur absolut seri\u00f6s und legitim, sondern auf dem Los steht auch Ihr Name, sodass Fehler und Betrug ausgeschlossen sind.<\/p>\n<p>Die PowerBall-Lotterie ist nicht die einzige Lotterie, die Sie \u00fcber diesen Service kaufen k\u00f6nnen \u2013 Sie k\u00f6nnen auch Euromillions-Lose kaufen, an El Gordo und Superenalotto teilnehmen und an einer Reihe anderer internationaler Lotterien teilnehmen. Egal, wo auf der Welt Sie wohnen, Sie k\u00f6nnen so oft und wann Sie m\u00f6chten an ausl\u00e4ndischen Lotterien teilnehmen.<\/p>\n<h2>Gewinnziehungen<\/h2>\n<p>Die Ziehungen finden zweimal w\u00f6chentlich statt \u2013 jeden Mittwoch- und Samstagabend um 22:59 Uhr Eastern Time. Lose k\u00f6nnen bis zur letzten Stunde der Ziehung erworben werden, d. h. der Verkauf endet 59 Minuten vor Beginn. Planen Sie beim Online-Kauf mindestens zwei Stunden Zeit ein, damit RedFoxLotto Ihre Powerball-Losbestellung bearbeiten kann.<br \/>Die Gewinner und Gl\u00fcckszahlen werden durch das Ziehen von f\u00fcnf wei\u00dfen Kugeln aus einer Trommel mit insgesamt 59 Kugeln ermittelt. Neu ist au\u00dferdem eine rote Kugel, die aus einer separaten Trommel mit 35 roten Kugeln gezogen wird.<\/p>\n<h2>Gewinnm\u00f6glichkeiten<\/h2>\n<p>Bei der PowerBall-Lotterie gibt es neun verschiedene Gewinnm\u00f6glichkeiten. Den Hauptgewinn, den gro\u00dfen Jackpot, gewinnen Sie, wenn Ihr Lottoschein alle f\u00fcnf Zahlen der wei\u00dfen Kugel und die rote Kugel, auch PowerBall genannt, richtig hat. Bei einem Jackpot-Gewinn k\u00f6nnen Sie sich entweder einen Einmalbetrag sofort auszahlen lassen oder den vollen Jackpot j\u00e4hrlich \u00fcber 29 Jahre auszahlen lassen. Das mag zwar lange erscheinen, aber wir sind sicher, dass Sie mit einem j\u00e4hrlichen Gewinn von rund 10 Millionen Dollar mehr als zufrieden sind!<\/p>\n<p>Die Gewinnchancen bei der PowerBall-Lotterie liegen bei etwa 1 zu 32. Sie k\u00f6nnen auf folgende Weise gewinnen:<\/p>\n<ul>\n<li>5 wei\u00dfe Kugeln + der PowerBall gewinnen den Jackpot<\/li>\n<li>5 wei\u00dfe Kugeln gewinnen 1 Million Dollar<\/li>\n<li>4 wei\u00dfe Kugeln + der PowerBall gewinnen 10.000 Dollar<\/li>\n<li>4 wei\u00dfe Kugeln gewinnen 100 Dollar<\/li>\n<li>3 wei\u00dfe Kugeln + der PowerBall gewinnen 100 Dollar<\/li>\n<li>3 wei\u00dfe Kugeln gewinnen 7 Dollar<\/li>\n<li>2 wei\u00dfe Kugeln + der PowerBall gewinnen 7 Dollar<\/li>\n<li>1 wei\u00dfe Kugel + der PowerBall gewinnt 7 Dollar<\/li>\n<li>Die PowerBall allein gewinnt 4 $.<\/li>\n<\/ul>\n<p>Es gibt au\u00dferdem eine zus\u00e4tzliche Funktion: Wenn Sie die PowerPlay-Funktion w\u00e4hlen, k\u00f6nnen Sie den urspr\u00fcnglichen Gewinnbetrag erh\u00f6hen. Wenn Ihr Tippschein die Gewinnkombination 5+0 enth\u00e4lt, betr\u00e4gt Ihr Gewinn 2 Millionen $ statt 1 Million $. Die PowerPlay-Funktion muss beim Kauf Ihres Tippscheins gew\u00e4hlt werden.<\/p>\n<h2>WennWo kann ich spielen?<\/h2>\n<p>PowerBall ist Amerikas beliebteste Lotterie und kann in 42 Bundesstaaten des Landes gespielt werden. Auch in Washington D.C. und auf den Amerikanischen Jungferninseln wird PowerBall gespielt. Acht Bundesstaaten \u2013 Nevada, Kalifornien, Utah, Mississippi, Wyoming, Alabama, Hawaii und Alaska \u2013 erlauben ihren Einwohnern die Teilnahme an dieser Lotterie nicht.<\/p>\n<p>Wie bereits zu Beginn dieses Artikels erw\u00e4hnt, ist es jedoch auch m\u00f6glich, PowerBall au\u00dferhalb der USA und als Nicht-US-B\u00fcrger oder in einem US-Bundesstaat zu spielen, in dem man PowerBall nicht im Laden kaufen kann. RedFoxLotto macht es f\u00fcr jeden m\u00f6glich. <strong><span style=\"text-decoration: underline;\"><a href=\"https:\/\/redfoxlotto.com\/?ref=A8564250A2&amp;medium=pwb\" target=\"_blank\" rel=\"noopener noreferrer\">Holen Sie sich jetzt Ihr PowerBall-Lottoticket online!<\/a><\/span><\/strong><\/p>\n","protected":false},"excerpt":{"rendered":"<p>So kaufen Sie Powerball-Lose online PowerBall ist ein \u00e4u\u00dferst beliebtes Lotteriespiel mit hohen Gewinnen und Jackpots von 140 bis \u00fcber 300 Millionen US-Dollar! 2012 haben bereits sieben Personen den PowerBall-Jackpot gewonnen. Der niedrigste Jackpot lag bei 60 Millionen US-Dollar, der h\u00f6chste bei 337 Millionen US-Dollar! Das k\u00f6nnte auch Ihnen passieren! Alles, was Sie tun m\u00fcssen, &hellip; <\/p>\n<p class=\"link-more\"><a href=\"https:\/\/powerballticketonline.com\/de\/\" class=\"more-link\">Mehr <span class=\"screen-reader-text\">\u00fcber &#8222;Heim&#8220; <\/span>Lesen<\/a><\/p>\n","protected":false},"author":1,"featured_media":0,"parent":0,"menu_order":0,"comment_status":"closed","ping_status":"closed","template":"","meta":{"footnotes":""},"class_list":["post-34","page","type-page","status-publish","hentry"],"yoast_head":"<!-- This site is optimized with the Yoast SEO plugin v27.3 - https:\/\/yoast.com\/product\/yoast-seo-wordpress\/ -->\n<title>Kaufen Sie Powerball-Lotteriescheine online von \u00fcberall auf der Welt<\/title>\n<meta name=\"robots\" content=\"index, follow, max-snippet:-1, max-image-preview:large, max-video-preview:-1\" \/>\n<link rel=\"canonical\" href=\"https:\/\/powerballticketonline.com\/de\/\" \/>\n<meta property=\"og:locale\" content=\"de_DE\" \/>\n<meta property=\"og:type\" content=\"article\" \/>\n<meta property=\"og:title\" content=\"Kaufen Sie Powerball-Lotteriescheine online von \u00fcberall auf der Welt\" \/>\n<meta property=\"og:description\" content=\"So kaufen Sie Powerball-Lose online PowerBall ist ein \u00e4u\u00dferst beliebtes Lotteriespiel mit hohen Gewinnen und Jackpots von 140 bis \u00fcber 300 Millionen US-Dollar! 2012 haben bereits sieben Personen den PowerBall-Jackpot gewonnen. Der niedrigste Jackpot lag bei 60 Millionen US-Dollar, der h\u00f6chste bei 337 Millionen US-Dollar! Das k\u00f6nnte auch Ihnen passieren! Alles, was Sie tun m\u00fcssen, &hellip; Mehr \u00fcber &quot;Heim&quot; Lesen\" \/>\n<meta property=\"og:url\" content=\"https:\/\/powerballticketonline.com\/de\/\" \/>\n<meta property=\"article:modified_time\" content=\"2025-08-27T06:58:41+00:00\" \/>\n<meta name=\"twitter:card\" content=\"summary_large_image\" \/>\n<meta name=\"twitter:label1\" content=\"Gesch\u00e4tzte Lesezeit\" \/>\n\t<meta name=\"twitter:data1\" content=\"4\u00a0Minuten\" \/>\n<script type=\"application\/ld+json\" class=\"yoast-schema-graph\">{\"@context\":\"https:\\\/\\\/schema.org\",\"@graph\":[{\"@type\":\"WebPage\",\"@id\":\"https:\\\/\\\/powerballticketonline.com\\\/de\\\/\",\"url\":\"https:\\\/\\\/powerballticketonline.com\\\/de\\\/\",\"name\":\"Kaufen Sie Powerball-Lotteriescheine online von \u00fcberall auf der Welt\",\"isPartOf\":{\"@id\":\"https:\\\/\\\/powerballticketonline.com\\\/de\\\/#website\"},\"datePublished\":\"2025-08-02T15:41:33+00:00\",\"dateModified\":\"2025-08-27T06:58:41+00:00\",\"breadcrumb\":{\"@id\":\"https:\\\/\\\/powerballticketonline.com\\\/de\\\/#breadcrumb\"},\"inLanguage\":\"de\",\"potentialAction\":[{\"@type\":\"ReadAction\",\"target\":[\"https:\\\/\\\/powerballticketonline.com\\\/de\\\/\"]}]},{\"@type\":\"BreadcrumbList\",\"@id\":\"https:\\\/\\\/powerballticketonline.com\\\/de\\\/#breadcrumb\",\"itemListElement\":[{\"@type\":\"ListItem\",\"position\":1,\"name\":\"Home\",\"item\":\"https:\\\/\\\/powerballticketonline.com\\\/de\\\/\"},{\"@type\":\"ListItem\",\"position\":2,\"name\":\"Heim\"}]},{\"@type\":\"WebSite\",\"@id\":\"https:\\\/\\\/powerballticketonline.com\\\/de\\\/#website\",\"url\":\"https:\\\/\\\/powerballticketonline.com\\\/de\\\/\",\"name\":\"\",\"description\":\"\",\"potentialAction\":[{\"@type\":\"SearchAction\",\"target\":{\"@type\":\"EntryPoint\",\"urlTemplate\":\"https:\\\/\\\/powerballticketonline.com\\\/de\\\/?s={search_term_string}\"},\"query-input\":{\"@type\":\"PropertyValueSpecification\",\"valueRequired\":true,\"valueName\":\"search_term_string\"}}],\"inLanguage\":\"de\"}]}<\/script>\n<!-- \/ Yoast SEO plugin. -->","yoast_head_json":{"title":"Kaufen Sie Powerball-Lotteriescheine online von \u00fcberall auf der Welt","robots":{"index":"index","follow":"follow","max-snippet":"max-snippet:-1","max-image-preview":"max-image-preview:large","max-video-preview":"max-video-preview:-1"},"canonical":"https:\/\/powerballticketonline.com\/de\/","og_locale":"de_DE","og_type":"article","og_title":"Kaufen Sie Powerball-Lotteriescheine online von \u00fcberall auf der Welt","og_description":"So kaufen Sie Powerball-Lose online PowerBall ist ein \u00e4u\u00dferst beliebtes Lotteriespiel mit hohen Gewinnen und Jackpots von 140 bis \u00fcber 300 Millionen US-Dollar! 2012 haben bereits sieben Personen den PowerBall-Jackpot gewonnen. Der niedrigste Jackpot lag bei 60 Millionen US-Dollar, der h\u00f6chste bei 337 Millionen US-Dollar! Das k\u00f6nnte auch Ihnen passieren! Alles, was Sie tun m\u00fcssen, &hellip; Mehr \u00fcber \"Heim\" Lesen","og_url":"https:\/\/powerballticketonline.com\/de\/","article_modified_time":"2025-08-27T06:58:41+00:00","twitter_card":"summary_large_image","twitter_misc":{"Gesch\u00e4tzte Lesezeit":"4\u00a0Minuten"},"schema":{"@context":"https:\/\/schema.org","@graph":[{"@type":"WebPage","@id":"https:\/\/powerballticketonline.com\/de\/","url":"https:\/\/powerballticketonline.com\/de\/","name":"Kaufen Sie Powerball-Lotteriescheine online von \u00fcberall auf der Welt","isPartOf":{"@id":"https:\/\/powerballticketonline.com\/de\/#website"},"datePublished":"2025-08-02T15:41:33+00:00","dateModified":"2025-08-27T06:58:41+00:00","breadcrumb":{"@id":"https:\/\/powerballticketonline.com\/de\/#breadcrumb"},"inLanguage":"de","potentialAction":[{"@type":"ReadAction","target":["https:\/\/powerballticketonline.com\/de\/"]}]},{"@type":"BreadcrumbList","@id":"https:\/\/powerballticketonline.com\/de\/#breadcrumb","itemListElement":[{"@type":"ListItem","position":1,"name":"Home","item":"https:\/\/powerballticketonline.com\/de\/"},{"@type":"ListItem","position":2,"name":"Heim"}]},{"@type":"WebSite","@id":"https:\/\/powerballticketonline.com\/de\/#website","url":"https:\/\/powerballticketonline.com\/de\/","name":"","description":"","potentialAction":[{"@type":"SearchAction","target":{"@type":"EntryPoint","urlTemplate":"https:\/\/powerballticketonline.com\/de\/?s={search_term_string}"},"query-input":{"@type":"PropertyValueSpecification","valueRequired":true,"valueName":"search_term_string"}}],"inLanguage":"de"}]}},"_links":{"self":[{"href":"https:\/\/powerballticketonline.com\/de\/wp-json\/wp\/v2\/pages\/34","targetHints":{"allow":["GET"]}}],"collection":[{"href":"https:\/\/powerballticketonline.com\/de\/wp-json\/wp\/v2\/pages"}],"about":[{"href":"https:\/\/powerballticketonline.com\/de\/wp-json\/wp\/v2\/types\/page"}],"author":[{"embeddable":true,"href":"https:\/\/powerballticketonline.com\/de\/wp-json\/wp\/v2\/users\/1"}],"replies":[{"embeddable":true,"href":"https:\/\/powerballticketonline.com\/de\/wp-json\/wp\/v2\/comments?post=34"}],"version-history":[{"count":1,"href":"https:\/\/powerballticketonline.com\/de\/wp-json\/wp\/v2\/pages\/34\/revisions"}],"predecessor-version":[{"id":387,"href":"https:\/\/powerballticketonline.com\/de\/wp-json\/wp\/v2\/pages\/34\/revisions\/387"}],"wp:attachment":[{"href":"https:\/\/powerballticketonline.com\/de\/wp-json\/wp\/v2\/media?parent=34"}],"curies":[{"name":"wp","href":"https:\/\/api.w.org\/{rel}","templated":true}]}}