{"id":35,"date":"2025-08-02T15:36:06","date_gmt":"2025-08-02T15:36:06","guid":{"rendered":"https:\/\/powerballticketonline.com\/wie-lotto-entstand\/"},"modified":"2025-08-02T15:36:06","modified_gmt":"2025-08-02T15:36:06","slug":"wie-lotto-entstand","status":"publish","type":"page","link":"https:\/\/powerballticketonline.com\/de\/wie-lotto-entstand\/","title":{"rendered":"Wie Lotto entstand"},"content":{"rendered":"<h1>Das beliebteste Lottospiel heute und gestern<\/h1>\n<p>Ist Ihnen bewusst, dass die Lotterie fast 500 Jahre alt ist? Es erscheint kaum vorstellbar, dass es sie schon so lange gibt, aber sie existiert tats\u00e4chlich. Seit ihrer Einf\u00fchrung, zumindest in irgendeiner Form, im Jahr 1530 in Florenz. Es dauerte nicht lange, bis verschiedene andere L\u00e4nder auf den Zug aufsprangen, denn schlie\u00dflich ist die <a href=\"https:\/\/redfoxlotto.com\/largest-lottery-jackpots\/\" target=\"_blank\" rel=\"noopener noreferrer\"><span style=\"text-decoration: underline;\">Lotterie<\/span><\/a> eine gro\u00dfartige M\u00f6glichkeit, dem Land Gewinn zu bringen, und jeder wollte daran teilhaben. Was Florenz begann, schlossen sich Frankreich und Gro\u00dfbritannien rasch an.<\/p>\n<p>Das ist im Grunde die Geschichte der modernen Lotterie, aber wenn man zu den allerersten Lotterien oder zumindest zu den Urspr\u00fcngen dessen zur\u00fcckgehen m\u00f6chte, was wir heute Lotterie nennen, muss man noch viel weiter zur\u00fcckgehen. Um 200 v. Chr. gab es Lotterien in Asien. Es war die Zeit der Hunnen-Dynastie, und die Lotterien wurden tats\u00e4chlich zur <a href=\"https:\/\/redfoxlotto.com\/is-the-lottery-tax-free\/\" target=\"_blank\" rel=\"noopener noreferrer\"><span style=\"text-decoration: underline;\">Steuerfinanzierung<\/span><\/a> genutzt. Was Sie vielleicht nicht wussten: Diese Lottoscheink\u00e4ufe waren die erste Variante dessen, was wir heute als Keno bezeichnen. Und sie halfen auch beim Bau der beeindruckenden chinesischen Mauer.<\/p>\n<h2>Andere Lotterien<\/h2>\n<p>Verlosungen gab es etwa Mitte des 15. Jahrhunderts. Dabei wurden Sachpreise anstelle von Geldpreisen vergeben. Und sie waren tats\u00e4chlich recht erfolgreich. Jeder, der schon einmal eine Verlosung besucht hat, wei\u00df, dass diese Art von Spielen in der Regel recht erfolgreich ist und mit Sicherheit viel zu bieten hat. Verschiedene Wohlt\u00e4tigkeitsorganisationen nutzen sie h\u00e4ufig, um Spenden f\u00fcr ihre Stiftungen oder f\u00fcr verschiedene gemeinn\u00fctzige Zwecke zu sammeln.<\/p>\n<p>In den USA kam die Lotterie schon fr\u00fch, n\u00e4mlich im 18. Jahrhundert, auf. Es wird auch angenommen, dass der Unabh\u00e4ngigkeitskrieg teilweise mit Lotteriegeldern finanziert wurde. Das verschafft dem Lotto definitiv einen festen Platz in der Geschichte der <a href=\"https:\/\/redfoxlotto.com\/how-to-buy-usa-lottery-tickets-online\/\" target=\"_blank\" rel=\"noopener noreferrer\"><span style=\"text-decoration: underline;\">USA<\/span><\/a>, meinen Sie nicht auch? Lotterien haben in der Geschichte vieler L\u00e4nder weltweit eine wichtige Rolle gespielt und haben auch heute noch gro\u00dfen Einfluss. Mit dem Kauf eines Lottoscheins unterst\u00fctzen Sie in vielerlei Hinsicht die Geschichte gro\u00dfer Nationen weltweit, und das ist etwas Besonderes.<\/p>\n<p>Wenn Sie ein Los f\u00fcr eines der fantastischen Lottospiele weltweit kaufen m\u00f6chten, besuchen Sie RedFoxLotto.com. Klicken Sie hier, um mehr \u00fcber die verf\u00fcgbaren Spiele zu erfahren und Ihr Los f\u00fcr die n\u00e4chste Ziehung zu w\u00e4hlen. Sie k\u00f6nnten tats\u00e4chlich ein angesehener Teil der Geschichte verschiedener Nationen werden und nebenbei ein weiterer gro\u00dfer Gewinner sein. Das wird sich am Ende auszahlen. W\u00e4hlen Sie also die n\u00e4chsten Tickets sorgf\u00e4ltig aus, und Sie werden ein Jackpot-Gewinner.<\/p>\n","protected":false},"excerpt":{"rendered":"<p>Das beliebteste Lottospiel heute und gestern Ist Ihnen bewusst, dass die Lotterie fast 500 Jahre alt ist? Es erscheint kaum vorstellbar, dass es sie schon so lange gibt, aber sie existiert tats\u00e4chlich. Seit ihrer Einf\u00fchrung, zumindest in irgendeiner Form, im Jahr 1530 in Florenz. Es dauerte nicht lange, bis verschiedene andere L\u00e4nder auf den Zug &hellip; <\/p>\n<p class=\"link-more\"><a href=\"https:\/\/powerballticketonline.com\/de\/wie-lotto-entstand\/\" class=\"more-link\">Mehr <span class=\"screen-reader-text\">\u00fcber &#8222;Wie Lotto entstand&#8220; <\/span>Lesen<\/a><\/p>\n","protected":false},"author":1,"featured_media":0,"parent":0,"menu_order":0,"comment_status":"closed","ping_status":"closed","template":"","meta":{"footnotes":""},"class_list":["post-35","page","type-page","status-publish","hentry"],"yoast_head":"<!-- This site is optimized with the Yoast SEO plugin v27.3 - https:\/\/yoast.com\/product\/yoast-seo-wordpress\/ -->\n<title>Die Erfindung des Lottos<\/title>\n<meta name=\"robots\" content=\"index, follow, max-snippet:-1, max-image-preview:large, max-video-preview:-1\" \/>\n<link rel=\"canonical\" href=\"https:\/\/powerballticketonline.com\/de\/wie-lotto-entstand\/\" \/>\n<meta property=\"og:locale\" content=\"de_DE\" \/>\n<meta property=\"og:type\" content=\"article\" \/>\n<meta property=\"og:title\" content=\"Die Erfindung des Lottos\" \/>\n<meta property=\"og:description\" content=\"Das beliebteste Lottospiel heute und gestern Ist Ihnen bewusst, dass die Lotterie fast 500 Jahre alt ist? Es erscheint kaum vorstellbar, dass es sie schon so lange gibt, aber sie existiert tats\u00e4chlich. Seit ihrer Einf\u00fchrung, zumindest in irgendeiner Form, im Jahr 1530 in Florenz. Es dauerte nicht lange, bis verschiedene andere L\u00e4nder auf den Zug &hellip; Mehr \u00fcber &quot;Wie Lotto entstand&quot; Lesen\" \/>\n<meta property=\"og:url\" content=\"https:\/\/powerballticketonline.com\/de\/wie-lotto-entstand\/\" \/>\n<meta name=\"twitter:card\" content=\"summary_large_image\" \/>\n<meta name=\"twitter:label1\" content=\"Gesch\u00e4tzte Lesezeit\" \/>\n\t<meta name=\"twitter:data1\" content=\"2\u00a0Minuten\" \/>\n<script type=\"application\/ld+json\" class=\"yoast-schema-graph\">{\"@context\":\"https:\\\/\\\/schema.org\",\"@graph\":[{\"@type\":\"WebPage\",\"@id\":\"https:\\\/\\\/powerballticketonline.com\\\/de\\\/wie-lotto-entstand\\\/\",\"url\":\"https:\\\/\\\/powerballticketonline.com\\\/de\\\/wie-lotto-entstand\\\/\",\"name\":\"Die Erfindung des Lottos\",\"isPartOf\":{\"@id\":\"https:\\\/\\\/powerballticketonline.com\\\/de\\\/#website\"},\"datePublished\":\"2025-08-02T15:36:06+00:00\",\"breadcrumb\":{\"@id\":\"https:\\\/\\\/powerballticketonline.com\\\/de\\\/wie-lotto-entstand\\\/#breadcrumb\"},\"inLanguage\":\"de\",\"potentialAction\":[{\"@type\":\"ReadAction\",\"target\":[\"https:\\\/\\\/powerballticketonline.com\\\/de\\\/wie-lotto-entstand\\\/\"]}]},{\"@type\":\"BreadcrumbList\",\"@id\":\"https:\\\/\\\/powerballticketonline.com\\\/de\\\/wie-lotto-entstand\\\/#breadcrumb\",\"itemListElement\":[{\"@type\":\"ListItem\",\"position\":1,\"name\":\"Home\",\"item\":\"https:\\\/\\\/powerballticketonline.com\\\/de\\\/\"},{\"@type\":\"ListItem\",\"position\":2,\"name\":\"Wie Lotto entstand\"}]},{\"@type\":\"WebSite\",\"@id\":\"https:\\\/\\\/powerballticketonline.com\\\/de\\\/#website\",\"url\":\"https:\\\/\\\/powerballticketonline.com\\\/de\\\/\",\"name\":\"\",\"description\":\"\",\"potentialAction\":[{\"@type\":\"SearchAction\",\"target\":{\"@type\":\"EntryPoint\",\"urlTemplate\":\"https:\\\/\\\/powerballticketonline.com\\\/de\\\/?s={search_term_string}\"},\"query-input\":{\"@type\":\"PropertyValueSpecification\",\"valueRequired\":true,\"valueName\":\"search_term_string\"}}],\"inLanguage\":\"de\"}]}<\/script>\n<!-- \/ Yoast SEO plugin. -->","yoast_head_json":{"title":"Die Erfindung des Lottos","robots":{"index":"index","follow":"follow","max-snippet":"max-snippet:-1","max-image-preview":"max-image-preview:large","max-video-preview":"max-video-preview:-1"},"canonical":"https:\/\/powerballticketonline.com\/de\/wie-lotto-entstand\/","og_locale":"de_DE","og_type":"article","og_title":"Die Erfindung des Lottos","og_description":"Das beliebteste Lottospiel heute und gestern Ist Ihnen bewusst, dass die Lotterie fast 500 Jahre alt ist? Es erscheint kaum vorstellbar, dass es sie schon so lange gibt, aber sie existiert tats\u00e4chlich. Seit ihrer Einf\u00fchrung, zumindest in irgendeiner Form, im Jahr 1530 in Florenz. Es dauerte nicht lange, bis verschiedene andere L\u00e4nder auf den Zug &hellip; Mehr \u00fcber \"Wie Lotto entstand\" Lesen","og_url":"https:\/\/powerballticketonline.com\/de\/wie-lotto-entstand\/","twitter_card":"summary_large_image","twitter_misc":{"Gesch\u00e4tzte Lesezeit":"2\u00a0Minuten"},"schema":{"@context":"https:\/\/schema.org","@graph":[{"@type":"WebPage","@id":"https:\/\/powerballticketonline.com\/de\/wie-lotto-entstand\/","url":"https:\/\/powerballticketonline.com\/de\/wie-lotto-entstand\/","name":"Die Erfindung des Lottos","isPartOf":{"@id":"https:\/\/powerballticketonline.com\/de\/#website"},"datePublished":"2025-08-02T15:36:06+00:00","breadcrumb":{"@id":"https:\/\/powerballticketonline.com\/de\/wie-lotto-entstand\/#breadcrumb"},"inLanguage":"de","potentialAction":[{"@type":"ReadAction","target":["https:\/\/powerballticketonline.com\/de\/wie-lotto-entstand\/"]}]},{"@type":"BreadcrumbList","@id":"https:\/\/powerballticketonline.com\/de\/wie-lotto-entstand\/#breadcrumb","itemListElement":[{"@type":"ListItem","position":1,"name":"Home","item":"https:\/\/powerballticketonline.com\/de\/"},{"@type":"ListItem","position":2,"name":"Wie Lotto entstand"}]},{"@type":"WebSite","@id":"https:\/\/powerballticketonline.com\/de\/#website","url":"https:\/\/powerballticketonline.com\/de\/","name":"","description":"","potentialAction":[{"@type":"SearchAction","target":{"@type":"EntryPoint","urlTemplate":"https:\/\/powerballticketonline.com\/de\/?s={search_term_string}"},"query-input":{"@type":"PropertyValueSpecification","valueRequired":true,"valueName":"search_term_string"}}],"inLanguage":"de"}]}},"_links":{"self":[{"href":"https:\/\/powerballticketonline.com\/de\/wp-json\/wp\/v2\/pages\/35","targetHints":{"allow":["GET"]}}],"collection":[{"href":"https:\/\/powerballticketonline.com\/de\/wp-json\/wp\/v2\/pages"}],"about":[{"href":"https:\/\/powerballticketonline.com\/de\/wp-json\/wp\/v2\/types\/page"}],"author":[{"embeddable":true,"href":"https:\/\/powerballticketonline.com\/de\/wp-json\/wp\/v2\/users\/1"}],"replies":[{"embeddable":true,"href":"https:\/\/powerballticketonline.com\/de\/wp-json\/wp\/v2\/comments?post=35"}],"version-history":[{"count":0,"href":"https:\/\/powerballticketonline.com\/de\/wp-json\/wp\/v2\/pages\/35\/revisions"}],"wp:attachment":[{"href":"https:\/\/powerballticketonline.com\/de\/wp-json\/wp\/v2\/media?parent=35"}],"curies":[{"name":"wp","href":"https:\/\/api.w.org\/{rel}","templated":true}]}}