{"id":36,"date":"2025-08-02T15:17:16","date_gmt":"2025-08-02T15:17:16","guid":{"rendered":"https:\/\/powerballticketonline.com\/ist-es-legal-powerball-lose-aus-anderen-laendern-zu-kaufen\/"},"modified":"2025-08-02T15:17:16","modified_gmt":"2025-08-02T15:17:16","slug":"ist-es-legal-powerball-lose-aus-anderen-laendern-zu-kaufen","status":"publish","type":"page","link":"https:\/\/powerballticketonline.com\/de\/ist-es-legal-powerball-lose-aus-anderen-laendern-zu-kaufen\/","title":{"rendered":"Ist es legal, Powerball-Lose aus anderen L\u00e4ndern zu kaufen?"},"content":{"rendered":"<h1>Ist es legal, Powerball-Lose im Ausland zu kaufen?<\/h1>\n<p>Wollten Sie schon immer einmal <a href=\"https:\/\/redfoxlotto.com\/play\/\" target=\"_blank\" rel=\"noopener noreferrer\"><span style=\"text-decoration: underline;\">Powerball spielen<\/span><\/a>, waren sich aber nicht sicher, ob Sie das d\u00fcrfen? Dann ist es h\u00f6chste Zeit, es selbst zu versuchen. Denn der Kauf eines Powerball-Lose ist absolut legal, egal wo Sie sich befinden oder woher Sie kommen.<\/p>\n<h2>Amerikaner auf Reisen<\/h2>\n<p>Wenn Sie aus den USA kommen, aber auf Reisen sind, k\u00f6nnen Sie jederzeit Powerball-Lose kaufen. Sie ben\u00f6tigen lediglich ein Online-Konto bei einem Anbieter, der diese Art von Losen anbietet. Sie wohnen schlie\u00dflich dort, wo die Lose verkauft werden. Daher gibt es f\u00fcr Sie keinerlei Einschr\u00e4nkungen beim Kauf neuer Lose, egal wo Sie sich gerade befinden.<\/span><\/a><\/p>\n<h2>Und was ist mit dem Rest der Welt?<\/h2>\n<p>Wenn Sie nicht aus Amerika kommen und nicht innerhalb der USA reisen, k\u00f6nnen Sie dann kein Powerball-Los kaufen? Auf keinen Fall! Sie k\u00f6nnen trotzdem ein Powerball-Los kaufen und sich eine Chance auf den tollen Preis sichern. Sie m\u00fcssen lediglich einen Online-Anbieter finden, der Powerball-Lose verkauft. Es ist tats\u00e4chlich viel einfacher, als Sie vielleicht denken, und sogar einfacher, als andere Lose in Ihrer N\u00e4he zu kaufen.<\/p>\n<h2>Online kaufen und Lose kaufen<\/h2>\n<p>Das Wichtigste ist, eine <a href=\"https:\/\/redfoxlotto.com\/\" target=\"_blank\" rel=\"noopener noreferrer\"><span style=\"text-decoration: underline;\">Website zu haben, auf der Sie Ihre Lose kaufen k\u00f6nnen<\/span><\/a>. Schlie\u00dflich k\u00f6nnen Sie nicht einfach zum Laden an der Ecke gehen, um ein Powerball-Los zu kaufen, wenn Sie nicht in den USA leben. Mit RedFoxLotto m\u00fcssen Sie sich dar\u00fcber keine Gedanken machen. Sie k\u00f6nnen die gew\u00fcnschten Lose f\u00fcr dieses oder jedes andere Spiel ausw\u00e4hlen und sofort loslegen. <br \/>Der Online-Losekauf bei RedFoxLotto ist eigentlich ganz einfach. Sie ben\u00f6tigen lediglich ein Konto und k\u00f6nnen dann <a href=\"https:\/\/redfoxlotto.com\/play\/\" target=\"_blank\" rel=\"noopener noreferrer\"><span style=\"text-decoration: underline;\">die gew\u00fcnschten Spiele<\/span><\/a> und die gew\u00fcnschten Zahlen ausw\u00e4hlen. Das ist alles, was Sie brauchen! Und schon haben Sie die Chance auf Millionen von Dollar.<\/p>\n","protected":false},"excerpt":{"rendered":"<p>Ist es legal, Powerball-Lose im Ausland zu kaufen? Wollten Sie schon immer einmal Powerball spielen, waren sich aber nicht sicher, ob Sie das d\u00fcrfen? Dann ist es h\u00f6chste Zeit, es selbst zu versuchen. Denn der Kauf eines Powerball-Lose ist absolut legal, egal wo Sie sich befinden oder woher Sie kommen. Amerikaner auf Reisen Wenn Sie &hellip; <\/p>\n<p class=\"link-more\"><a href=\"https:\/\/powerballticketonline.com\/de\/ist-es-legal-powerball-lose-aus-anderen-laendern-zu-kaufen\/\" class=\"more-link\">Mehr <span class=\"screen-reader-text\">\u00fcber &#8222;Ist es legal, Powerball-Lose aus anderen L\u00e4ndern zu kaufen?&#8220; <\/span>Lesen<\/a><\/p>\n","protected":false},"author":1,"featured_media":0,"parent":0,"menu_order":0,"comment_status":"closed","ping_status":"closed","template":"","meta":{"footnotes":""},"class_list":["post-36","page","type-page","status-publish","hentry"],"yoast_head":"<!-- This site is optimized with the Yoast SEO plugin v27.3 - https:\/\/yoast.com\/product\/yoast-seo-wordpress\/ -->\n<title>Ist es legal, Powerball-Lose aus anderen L\u00e4ndern zu kaufen?<\/title>\n<meta name=\"robots\" content=\"index, follow, max-snippet:-1, max-image-preview:large, max-video-preview:-1\" \/>\n<link rel=\"canonical\" href=\"https:\/\/powerballticketonline.com\/de\/ist-es-legal-powerball-lose-aus-anderen-laendern-zu-kaufen\/\" \/>\n<meta property=\"og:locale\" content=\"de_DE\" \/>\n<meta property=\"og:type\" content=\"article\" \/>\n<meta property=\"og:title\" content=\"Ist es legal, Powerball-Lose aus anderen L\u00e4ndern zu kaufen?\" \/>\n<meta property=\"og:description\" content=\"Ist es legal, Powerball-Lose im Ausland zu kaufen? Wollten Sie schon immer einmal Powerball spielen, waren sich aber nicht sicher, ob Sie das d\u00fcrfen? Dann ist es h\u00f6chste Zeit, es selbst zu versuchen. Denn der Kauf eines Powerball-Lose ist absolut legal, egal wo Sie sich befinden oder woher Sie kommen. Amerikaner auf Reisen Wenn Sie &hellip; Mehr \u00fcber &quot;Ist es legal, Powerball-Lose aus anderen L\u00e4ndern zu kaufen?&quot; Lesen\" \/>\n<meta property=\"og:url\" content=\"https:\/\/powerballticketonline.com\/de\/ist-es-legal-powerball-lose-aus-anderen-laendern-zu-kaufen\/\" \/>\n<meta name=\"twitter:card\" content=\"summary_large_image\" \/>\n<meta name=\"twitter:label1\" content=\"Gesch\u00e4tzte Lesezeit\" \/>\n\t<meta name=\"twitter:data1\" content=\"2\u00a0Minuten\" \/>\n<script type=\"application\/ld+json\" class=\"yoast-schema-graph\">{\"@context\":\"https:\\\/\\\/schema.org\",\"@graph\":[{\"@type\":\"WebPage\",\"@id\":\"https:\\\/\\\/powerballticketonline.com\\\/de\\\/ist-es-legal-powerball-lose-aus-anderen-laendern-zu-kaufen\\\/\",\"url\":\"https:\\\/\\\/powerballticketonline.com\\\/de\\\/ist-es-legal-powerball-lose-aus-anderen-laendern-zu-kaufen\\\/\",\"name\":\"Ist es legal, Powerball-Lose aus anderen L\u00e4ndern zu kaufen?\",\"isPartOf\":{\"@id\":\"https:\\\/\\\/powerballticketonline.com\\\/de\\\/#website\"},\"datePublished\":\"2025-08-02T15:17:16+00:00\",\"breadcrumb\":{\"@id\":\"https:\\\/\\\/powerballticketonline.com\\\/de\\\/ist-es-legal-powerball-lose-aus-anderen-laendern-zu-kaufen\\\/#breadcrumb\"},\"inLanguage\":\"de\",\"potentialAction\":[{\"@type\":\"ReadAction\",\"target\":[\"https:\\\/\\\/powerballticketonline.com\\\/de\\\/ist-es-legal-powerball-lose-aus-anderen-laendern-zu-kaufen\\\/\"]}]},{\"@type\":\"BreadcrumbList\",\"@id\":\"https:\\\/\\\/powerballticketonline.com\\\/de\\\/ist-es-legal-powerball-lose-aus-anderen-laendern-zu-kaufen\\\/#breadcrumb\",\"itemListElement\":[{\"@type\":\"ListItem\",\"position\":1,\"name\":\"Home\",\"item\":\"https:\\\/\\\/powerballticketonline.com\\\/de\\\/\"},{\"@type\":\"ListItem\",\"position\":2,\"name\":\"Ist es legal, Powerball-Lose aus anderen L\u00e4ndern zu kaufen?\"}]},{\"@type\":\"WebSite\",\"@id\":\"https:\\\/\\\/powerballticketonline.com\\\/de\\\/#website\",\"url\":\"https:\\\/\\\/powerballticketonline.com\\\/de\\\/\",\"name\":\"\",\"description\":\"\",\"potentialAction\":[{\"@type\":\"SearchAction\",\"target\":{\"@type\":\"EntryPoint\",\"urlTemplate\":\"https:\\\/\\\/powerballticketonline.com\\\/de\\\/?s={search_term_string}\"},\"query-input\":{\"@type\":\"PropertyValueSpecification\",\"valueRequired\":true,\"valueName\":\"search_term_string\"}}],\"inLanguage\":\"de\"}]}<\/script>\n<!-- \/ Yoast SEO plugin. -->","yoast_head_json":{"title":"Ist es legal, Powerball-Lose aus anderen L\u00e4ndern zu kaufen?","robots":{"index":"index","follow":"follow","max-snippet":"max-snippet:-1","max-image-preview":"max-image-preview:large","max-video-preview":"max-video-preview:-1"},"canonical":"https:\/\/powerballticketonline.com\/de\/ist-es-legal-powerball-lose-aus-anderen-laendern-zu-kaufen\/","og_locale":"de_DE","og_type":"article","og_title":"Ist es legal, Powerball-Lose aus anderen L\u00e4ndern zu kaufen?","og_description":"Ist es legal, Powerball-Lose im Ausland zu kaufen? Wollten Sie schon immer einmal Powerball spielen, waren sich aber nicht sicher, ob Sie das d\u00fcrfen? Dann ist es h\u00f6chste Zeit, es selbst zu versuchen. Denn der Kauf eines Powerball-Lose ist absolut legal, egal wo Sie sich befinden oder woher Sie kommen. Amerikaner auf Reisen Wenn Sie &hellip; Mehr \u00fcber \"Ist es legal, Powerball-Lose aus anderen L\u00e4ndern zu kaufen?\" Lesen","og_url":"https:\/\/powerballticketonline.com\/de\/ist-es-legal-powerball-lose-aus-anderen-laendern-zu-kaufen\/","twitter_card":"summary_large_image","twitter_misc":{"Gesch\u00e4tzte Lesezeit":"2\u00a0Minuten"},"schema":{"@context":"https:\/\/schema.org","@graph":[{"@type":"WebPage","@id":"https:\/\/powerballticketonline.com\/de\/ist-es-legal-powerball-lose-aus-anderen-laendern-zu-kaufen\/","url":"https:\/\/powerballticketonline.com\/de\/ist-es-legal-powerball-lose-aus-anderen-laendern-zu-kaufen\/","name":"Ist es legal, Powerball-Lose aus anderen L\u00e4ndern zu kaufen?","isPartOf":{"@id":"https:\/\/powerballticketonline.com\/de\/#website"},"datePublished":"2025-08-02T15:17:16+00:00","breadcrumb":{"@id":"https:\/\/powerballticketonline.com\/de\/ist-es-legal-powerball-lose-aus-anderen-laendern-zu-kaufen\/#breadcrumb"},"inLanguage":"de","potentialAction":[{"@type":"ReadAction","target":["https:\/\/powerballticketonline.com\/de\/ist-es-legal-powerball-lose-aus-anderen-laendern-zu-kaufen\/"]}]},{"@type":"BreadcrumbList","@id":"https:\/\/powerballticketonline.com\/de\/ist-es-legal-powerball-lose-aus-anderen-laendern-zu-kaufen\/#breadcrumb","itemListElement":[{"@type":"ListItem","position":1,"name":"Home","item":"https:\/\/powerballticketonline.com\/de\/"},{"@type":"ListItem","position":2,"name":"Ist es legal, Powerball-Lose aus anderen L\u00e4ndern zu kaufen?"}]},{"@type":"WebSite","@id":"https:\/\/powerballticketonline.com\/de\/#website","url":"https:\/\/powerballticketonline.com\/de\/","name":"","description":"","potentialAction":[{"@type":"SearchAction","target":{"@type":"EntryPoint","urlTemplate":"https:\/\/powerballticketonline.com\/de\/?s={search_term_string}"},"query-input":{"@type":"PropertyValueSpecification","valueRequired":true,"valueName":"search_term_string"}}],"inLanguage":"de"}]}},"_links":{"self":[{"href":"https:\/\/powerballticketonline.com\/de\/wp-json\/wp\/v2\/pages\/36","targetHints":{"allow":["GET"]}}],"collection":[{"href":"https:\/\/powerballticketonline.com\/de\/wp-json\/wp\/v2\/pages"}],"about":[{"href":"https:\/\/powerballticketonline.com\/de\/wp-json\/wp\/v2\/types\/page"}],"author":[{"embeddable":true,"href":"https:\/\/powerballticketonline.com\/de\/wp-json\/wp\/v2\/users\/1"}],"replies":[{"embeddable":true,"href":"https:\/\/powerballticketonline.com\/de\/wp-json\/wp\/v2\/comments?post=36"}],"version-history":[{"count":0,"href":"https:\/\/powerballticketonline.com\/de\/wp-json\/wp\/v2\/pages\/36\/revisions"}],"wp:attachment":[{"href":"https:\/\/powerballticketonline.com\/de\/wp-json\/wp\/v2\/media?parent=36"}],"curies":[{"name":"wp","href":"https:\/\/api.w.org\/{rel}","templated":true}]}}