{"id":37,"date":"2025-08-02T15:14:15","date_gmt":"2025-08-02T15:14:15","guid":{"rendered":"https:\/\/powerballticketonline.com\/spielen-sie-powerball-mit-bitcoin\/"},"modified":"2025-08-02T15:14:15","modified_gmt":"2025-08-02T15:14:15","slug":"spielen-sie-powerball-mit-bitcoin","status":"publish","type":"page","link":"https:\/\/powerballticketonline.com\/de\/spielen-sie-powerball-mit-bitcoin\/","title":{"rendered":"Spielen Sie Powerball mit Bitcoin"},"content":{"rendered":"<h1>Bezahlen Sie Ihr Powerball-Los mit Bitcoin<\/h1>\n<p>Letztes Jahr erreichte die US-Powerball-Lotterie mit 1,5 Milliarden Dollar einen historischen H\u00f6chststand. Wow, diese Summe und die Bedeutung eines Gewinns k\u00f6nnen Sie sich kaum vorstellen. Alle kauften wie verr\u00fcckt Lose und hofften, steinreich zu werden. Aber wussten Sie, dass man ein Powerball-Los auch mit Bitcoin kaufen kann?<br \/>Wer Bitcoins in seinem Bitcoin-Wallet \u00fcbrig hat, wird sich jetzt bestimmt auf die Lippen bei\u00dfen. Aber trauern Sie nicht einfach herum, denn Sie k\u00f6nnen Ihre Bitcoins sinnvoll einsetzen. <span style=\"text-decoration: underline;\"><a href=\"http:\/\/www.bitcoincasino.org\/\" target=\"_blank\" rel=\"noopener noreferrer\">Erfahren Sie mehr \u00fcber Bitcoin-Gl\u00fccksspiele<\/a><\/span> und Bitcoin-Lotterien und entdecken Sie eine v\u00f6llig neue Welt.<\/p>\n<h2>Wo Sie Powerball-Lose mit Bitcoin kaufen k\u00f6nnen<\/h2>\n<p>Nat\u00fcrlich k\u00f6nnen Sie im Supermarkt keine Powerball-Lose mit Bitcoin kaufen. So funktioniert Bitcoin nicht<\/span>. Sie m\u00fcssen lediglich einen offiziellen und seri\u00f6sen Online-H\u00e4ndler f\u00fcr Powerball-Lose finden.<br \/>Das ist ganz einfach, denn fast jeder Online-H\u00e4ndler entdeckt langsam die Vorteile dieser Kryptow\u00e4hrung. Selbst die gr\u00f6\u00dften Marken sind dabei. Die meisten H\u00e4ndler akzeptieren auch Dollar, aber wichtig ist, dass Sie Lose auch in Bitcoin kaufen k\u00f6nnen.<br \/>Manche verkaufen Ihnen sogar Lose f\u00fcr internationale Lotterien wie die EuroMillionen in Europa, die gr\u00f6\u00dfte Lotterie Europas. Nach dem Kauf Ihres Powerball-Loses erhalten Sie eine Best\u00e4tigungs-E-Mail.<\/p>\n<h2>So erhalten Sie eine Auszahlung<\/h2>\n<p><img loading=\"lazy\" decoding=\"async\" src=\"images\/win_lottery_prize.jpg\" alt=\"bitcoin win powerball\" width=\"200\" height=\"200\" style=\"margin: 1px; float: right;\" \/>Das ist der wichtigste Teil: die Auszahlung Ihres Gewinns. Es gibt mehrere M\u00f6glichkeiten. Bei einem kleineren Gewinn k\u00f6nnen Sie den gesamten Betrag auf einmal erhalten. Bei einem gr\u00f6\u00dferen Gewinn zahlt Ihnen der H\u00e4ndler m\u00f6glicherweise mehrere Raten direkt auf Ihr Bitcoin-Wallet aus. Wenn Sie den Jackpot knacken, der normalerweise sehr hoch ist, k\u00f6nnen Sie Ihren Gewinn pers\u00f6nlich abholen.<br \/>Aber das Beste daran: Sie m\u00fcssen Ihren Gewinn nicht pers\u00f6nlich abholen. Diese Option ist in der Regel die beste, wenn Sie in regul\u00e4rer W\u00e4hrung ausgezahlt werden m\u00f6chten. Wenn Sie Ihren Gewinn jedoch in Bitcoin erhalten m\u00f6chten, nehmen Sie einfach den gesamten Betrag (wenn m\u00f6glich).<br \/>Bitcoins sind steuerfrei und unterliegen keinen Bearbeitungsgeb\u00fchren. Das Wichtigste: Sie erhalten Ihren Gewinn innerhalb weniger Minuten nach der Auszahlungsanforderung, was mit keiner anderen Zahlungsmethode m\u00f6glich ist.<\/p>\n<h2>Der Vorteil<\/h2>\n<p>Das Spielen von Lotterien mit Bitcoin hat einen gro\u00dfen Vorteil: Sie bleiben anonym. W\u00e4hrend f\u00fcr herk\u00f6mmliche W\u00e4hrungseinzahlungen verschiedene Identifikations- und Identit\u00e4tsnachweise erforderlich sind, ist dies bei Bitcoins nicht der Fall. Selbst die Kontoer\u00f6ffnung bei einem Online-H\u00e4ndler ist minimal. Sie m\u00fcssen lediglich Ihre E-Mail-Adresse und die Adresse Ihres Bitcoin-Wallets eingeben, an das Ihre Bitcoins gesendet oder von dem sie eingezahlt werden. Kein Vor- und Nachname, keine Kreditkartendaten, keine Adresse \u2013 keine sensiblen Daten, die Ihnen schaden k\u00f6nnten.<\/p>\n","protected":false},"excerpt":{"rendered":"<p>Bezahlen Sie Ihr Powerball-Los mit Bitcoin Letztes Jahr erreichte die US-Powerball-Lotterie mit 1,5 Milliarden Dollar einen historischen H\u00f6chststand. Wow, diese Summe und die Bedeutung eines Gewinns k\u00f6nnen Sie sich kaum vorstellen. Alle kauften wie verr\u00fcckt Lose und hofften, steinreich zu werden. Aber wussten Sie, dass man ein Powerball-Los auch mit Bitcoin kaufen kann?Wer Bitcoins in &hellip; <\/p>\n<p class=\"link-more\"><a href=\"https:\/\/powerballticketonline.com\/de\/spielen-sie-powerball-mit-bitcoin\/\" class=\"more-link\">Mehr <span class=\"screen-reader-text\">\u00fcber &#8222;Spielen Sie Powerball mit Bitcoin&#8220; <\/span>Lesen<\/a><\/p>\n","protected":false},"author":1,"featured_media":0,"parent":0,"menu_order":0,"comment_status":"closed","ping_status":"closed","template":"","meta":{"footnotes":""},"class_list":["post-37","page","type-page","status-publish","hentry"],"yoast_head":"<!-- This site is optimized with the Yoast SEO plugin v27.3 - https:\/\/yoast.com\/product\/yoast-seo-wordpress\/ -->\n<title>K\u00f6nnen Sie mit Bitcoin an der Powerball-Lotterie teilnehmen?<\/title>\n<meta name=\"robots\" content=\"index, follow, max-snippet:-1, max-image-preview:large, max-video-preview:-1\" \/>\n<link rel=\"canonical\" href=\"https:\/\/powerballticketonline.com\/de\/spielen-sie-powerball-mit-bitcoin\/\" \/>\n<meta property=\"og:locale\" content=\"de_DE\" \/>\n<meta property=\"og:type\" content=\"article\" \/>\n<meta property=\"og:title\" content=\"K\u00f6nnen Sie mit Bitcoin an der Powerball-Lotterie teilnehmen?\" \/>\n<meta property=\"og:description\" content=\"Bezahlen Sie Ihr Powerball-Los mit Bitcoin Letztes Jahr erreichte die US-Powerball-Lotterie mit 1,5 Milliarden Dollar einen historischen H\u00f6chststand. Wow, diese Summe und die Bedeutung eines Gewinns k\u00f6nnen Sie sich kaum vorstellen. Alle kauften wie verr\u00fcckt Lose und hofften, steinreich zu werden. Aber wussten Sie, dass man ein Powerball-Los auch mit Bitcoin kaufen kann?Wer Bitcoins in &hellip; Mehr \u00fcber &quot;Spielen Sie Powerball mit Bitcoin&quot; Lesen\" \/>\n<meta property=\"og:url\" content=\"https:\/\/powerballticketonline.com\/de\/spielen-sie-powerball-mit-bitcoin\/\" \/>\n<meta name=\"twitter:card\" content=\"summary_large_image\" \/>\n<meta name=\"twitter:label1\" content=\"Gesch\u00e4tzte Lesezeit\" \/>\n\t<meta name=\"twitter:data1\" content=\"2\u00a0Minuten\" \/>\n<script type=\"application\/ld+json\" class=\"yoast-schema-graph\">{\"@context\":\"https:\\\/\\\/schema.org\",\"@graph\":[{\"@type\":\"WebPage\",\"@id\":\"https:\\\/\\\/powerballticketonline.com\\\/de\\\/spielen-sie-powerball-mit-bitcoin\\\/\",\"url\":\"https:\\\/\\\/powerballticketonline.com\\\/de\\\/spielen-sie-powerball-mit-bitcoin\\\/\",\"name\":\"K\u00f6nnen Sie mit Bitcoin an der Powerball-Lotterie teilnehmen?\",\"isPartOf\":{\"@id\":\"https:\\\/\\\/powerballticketonline.com\\\/de\\\/#website\"},\"datePublished\":\"2025-08-02T15:14:15+00:00\",\"breadcrumb\":{\"@id\":\"https:\\\/\\\/powerballticketonline.com\\\/de\\\/spielen-sie-powerball-mit-bitcoin\\\/#breadcrumb\"},\"inLanguage\":\"de\",\"potentialAction\":[{\"@type\":\"ReadAction\",\"target\":[\"https:\\\/\\\/powerballticketonline.com\\\/de\\\/spielen-sie-powerball-mit-bitcoin\\\/\"]}]},{\"@type\":\"BreadcrumbList\",\"@id\":\"https:\\\/\\\/powerballticketonline.com\\\/de\\\/spielen-sie-powerball-mit-bitcoin\\\/#breadcrumb\",\"itemListElement\":[{\"@type\":\"ListItem\",\"position\":1,\"name\":\"Home\",\"item\":\"https:\\\/\\\/powerballticketonline.com\\\/de\\\/\"},{\"@type\":\"ListItem\",\"position\":2,\"name\":\"Spielen Sie Powerball mit Bitcoin\"}]},{\"@type\":\"WebSite\",\"@id\":\"https:\\\/\\\/powerballticketonline.com\\\/de\\\/#website\",\"url\":\"https:\\\/\\\/powerballticketonline.com\\\/de\\\/\",\"name\":\"\",\"description\":\"\",\"potentialAction\":[{\"@type\":\"SearchAction\",\"target\":{\"@type\":\"EntryPoint\",\"urlTemplate\":\"https:\\\/\\\/powerballticketonline.com\\\/de\\\/?s={search_term_string}\"},\"query-input\":{\"@type\":\"PropertyValueSpecification\",\"valueRequired\":true,\"valueName\":\"search_term_string\"}}],\"inLanguage\":\"de\"}]}<\/script>\n<!-- \/ Yoast SEO plugin. -->","yoast_head_json":{"title":"K\u00f6nnen Sie mit Bitcoin an der Powerball-Lotterie teilnehmen?","robots":{"index":"index","follow":"follow","max-snippet":"max-snippet:-1","max-image-preview":"max-image-preview:large","max-video-preview":"max-video-preview:-1"},"canonical":"https:\/\/powerballticketonline.com\/de\/spielen-sie-powerball-mit-bitcoin\/","og_locale":"de_DE","og_type":"article","og_title":"K\u00f6nnen Sie mit Bitcoin an der Powerball-Lotterie teilnehmen?","og_description":"Bezahlen Sie Ihr Powerball-Los mit Bitcoin Letztes Jahr erreichte die US-Powerball-Lotterie mit 1,5 Milliarden Dollar einen historischen H\u00f6chststand. Wow, diese Summe und die Bedeutung eines Gewinns k\u00f6nnen Sie sich kaum vorstellen. Alle kauften wie verr\u00fcckt Lose und hofften, steinreich zu werden. Aber wussten Sie, dass man ein Powerball-Los auch mit Bitcoin kaufen kann?Wer Bitcoins in &hellip; Mehr \u00fcber \"Spielen Sie Powerball mit Bitcoin\" Lesen","og_url":"https:\/\/powerballticketonline.com\/de\/spielen-sie-powerball-mit-bitcoin\/","twitter_card":"summary_large_image","twitter_misc":{"Gesch\u00e4tzte Lesezeit":"2\u00a0Minuten"},"schema":{"@context":"https:\/\/schema.org","@graph":[{"@type":"WebPage","@id":"https:\/\/powerballticketonline.com\/de\/spielen-sie-powerball-mit-bitcoin\/","url":"https:\/\/powerballticketonline.com\/de\/spielen-sie-powerball-mit-bitcoin\/","name":"K\u00f6nnen Sie mit Bitcoin an der Powerball-Lotterie teilnehmen?","isPartOf":{"@id":"https:\/\/powerballticketonline.com\/de\/#website"},"datePublished":"2025-08-02T15:14:15+00:00","breadcrumb":{"@id":"https:\/\/powerballticketonline.com\/de\/spielen-sie-powerball-mit-bitcoin\/#breadcrumb"},"inLanguage":"de","potentialAction":[{"@type":"ReadAction","target":["https:\/\/powerballticketonline.com\/de\/spielen-sie-powerball-mit-bitcoin\/"]}]},{"@type":"BreadcrumbList","@id":"https:\/\/powerballticketonline.com\/de\/spielen-sie-powerball-mit-bitcoin\/#breadcrumb","itemListElement":[{"@type":"ListItem","position":1,"name":"Home","item":"https:\/\/powerballticketonline.com\/de\/"},{"@type":"ListItem","position":2,"name":"Spielen Sie Powerball mit Bitcoin"}]},{"@type":"WebSite","@id":"https:\/\/powerballticketonline.com\/de\/#website","url":"https:\/\/powerballticketonline.com\/de\/","name":"","description":"","potentialAction":[{"@type":"SearchAction","target":{"@type":"EntryPoint","urlTemplate":"https:\/\/powerballticketonline.com\/de\/?s={search_term_string}"},"query-input":{"@type":"PropertyValueSpecification","valueRequired":true,"valueName":"search_term_string"}}],"inLanguage":"de"}]}},"_links":{"self":[{"href":"https:\/\/powerballticketonline.com\/de\/wp-json\/wp\/v2\/pages\/37","targetHints":{"allow":["GET"]}}],"collection":[{"href":"https:\/\/powerballticketonline.com\/de\/wp-json\/wp\/v2\/pages"}],"about":[{"href":"https:\/\/powerballticketonline.com\/de\/wp-json\/wp\/v2\/types\/page"}],"author":[{"embeddable":true,"href":"https:\/\/powerballticketonline.com\/de\/wp-json\/wp\/v2\/users\/1"}],"replies":[{"embeddable":true,"href":"https:\/\/powerballticketonline.com\/de\/wp-json\/wp\/v2\/comments?post=37"}],"version-history":[{"count":0,"href":"https:\/\/powerballticketonline.com\/de\/wp-json\/wp\/v2\/pages\/37\/revisions"}],"wp:attachment":[{"href":"https:\/\/powerballticketonline.com\/de\/wp-json\/wp\/v2\/media?parent=37"}],"curies":[{"name":"wp","href":"https:\/\/api.w.org\/{rel}","templated":true}]}}