{"id":38,"date":"2025-08-04T09:57:38","date_gmt":"2025-08-04T09:57:38","guid":{"rendered":"https:\/\/powerballticketonline.com\/ist-online-lotto-sicher\/"},"modified":"2025-08-04T09:57:38","modified_gmt":"2025-08-04T09:57:38","slug":"ist-online-lotto-sicher","status":"publish","type":"page","link":"https:\/\/powerballticketonline.com\/de\/ist-online-lotto-sicher\/","title":{"rendered":"Ist Online-Lotto sicher?"},"content":{"rendered":"<h1>Kann man Online-Lotto vertrauen?<\/h1>\n<p>Viele Spieler machen sich dar\u00fcber nat\u00fcrlich Sorgen, was verst\u00e4ndlich ist. Beachten Sie beim Lesen unseres Artikels, dass Sie den wichtigsten Aspekt am Ende dieses Beitrags finden!<\/p>\n<p>Zum Thema Sicherheit gibt es einiges zu kl\u00e4ren. Zun\u00e4chst stellt sich die Frage, wie der <a href=\"index.php?option=com_content&amp;view=article&amp;id=42&amp;Itemid=269&amp;lang=en\">Online-Lottodienst<\/a> mit den Daten seiner Kunden umgeht. Wer sicher Online-Lotto spielen m\u00f6chte, sollte zun\u00e4chst auf die Sicherheit der Zahlungsmethoden achten.<\/p>\n<p>Wichtig ist hierbei, dass f\u00fcr die \u00dcbertragung z. B. von Kreditkartendaten moderne Verschl\u00fcsselungsprotokolle verwendet werden. Dies ist in der Regel an den Hinweisen am Ende der Webseiten zu erkennen.<\/p>\n<p>Noch wichtiger ist, dass die URL der Webseite selbst mit https:\/\/ beginnt \u2013 das sollte eigentlich bei allen seri\u00f6sen Webseiten der Fall sein, auf denen Zahlungen jeglicher Art get\u00e4tigt werden.<\/p>\n<p>Leider werden die oben genannten Voraussetzungen nicht auf allen Webseiten erf\u00fcllt. Dies ist einer der Gr\u00fcnde, warum wir RedFoxLotto f\u00fcr den Online-Kauf von Lottoscheinen empfehlen. Wenn Sie <span style=\"text-decoration: underline;\"><a href=\"https:\/\/redfoxlotto.com\/?ref=A8564250A2&amp;medium=lo365\" target=\"_blank\" rel=\"noopener\">die Seite von RedFoxLotto \u00fcber diesen Link aufrufen<\/a><\/span>, sehen Sie oben im URL-Feld die Adresse, die mit https beginnt, und unten den Hinweis auf das GeoTrust 128-Bit-SSL-Sicherheitsprotokoll \u2013 das aktuellste verf\u00fcgbare Sicherheitsprotokoll.<\/p>\n<h2>Weitergabe von Kundendaten an Dritte<\/h2>\n<p>Auch diese Sorge bereitet vielen Menschen Sorgen \u2013 doch in diesem Fall ist sie unbegr\u00fcndet. Kundendaten, insbesondere die E-Mail-Liste, sind f\u00fcr jeden Anbieter das wertvollste Gut. Schlie\u00dflich m\u00f6chten Sie Ihre Kunden von Zeit zu Zeit \u201ereaktivieren\u201c, indem Sie sie \u00fcber aktuelle Aktionen oder einen besonders hohen Jackpot informieren. Kein Anbieter w\u00fcrde solche Daten an Dritte weitergeben.<\/p>\n<h2>Kaufen die Unternehmen tats\u00e4chlich echte Lose?<\/h2>\n<p>Dies ist ein sehr wichtiger Punkt, der einer ausf\u00fchrlichen Erkl\u00e4rung bedarf. Die ehrliche Antwort lautet: nicht unbedingt! Tats\u00e4chlich gibt es zwei Modelle, die von verschiedenen Anbietern verwendet werden. Diese sind:<\/p>\n<p><strong>1. Kauf echter Lose<\/strong><\/p>\n<p>Dies ist aus Kundensicht die beste Methode, die neben RedFoxLotto nur von sehr wenigen Unternehmen genutzt wird. Dabei wird ein echtes Los gekauft, und der Kunde hat im Gewinnfall einen Anspruch auf die tats\u00e4chliche Lotterie. Er muss sich keine Sorgen um eine Auszahlung machen.<\/p>\n<p><strong>2. Die Versicherungsmethode<\/strong><\/p>\n<p>Bei dieser Methode schlie\u00dft der Kunde praktisch eine Wette auf den Ausgang der Lotterie ab. Nat\u00fcrlich m\u00f6chte sich der Verk\u00e4ufer gegen den Fall absichern, dass einer seiner Kunden den Jackpot knackt und ihn dadurch in die Insolvenz treibt. Daher schlie\u00dft er einen Vertrag mit einer Versicherung ab und zahlt eine monatliche Versicherungspr\u00e4mie. Im Falle eines gro\u00dfen Gewinns erstattet die Versicherung den Gewinnbetrag zur\u00fcck. Der Nachteil ist, dass diese Policen manchmal eine Risikoobergrenze haben. Das bedeutet, dass die Versicherung im Falle eines <a href=\"https:\/\/lottoonline365.com\/en\/tips-for-players\/which-lottery-has-the-worlds-biggest-jackpots\">besonders hohen Jackpots<\/a> m\u00f6glicherweise nur einen Teil des tats\u00e4chlichen Gewinns auszahlt.<\/p>\n<p>Letztendlich ist es dem Kunden beim Online-Lottospielen v\u00f6llig egal, welche Methode der Verk\u00e4ufer verwendet \u2013 solange er im Gewinnfall sein Geld ausbezahlt bekommt. Angesichts des oben Gesagten sollte jedoch klar sein, dass die erste Methode den Kunden in eine bessere Position bringt und daher vorzuziehen ist.<\/p>\n<p>Deshalb empfehlen wir RedFoxLotto f\u00fcr den Kauf internationaler Lotterielose. <span style=\"text-decoration: underline;\"><a href=\"https:\/\/redfoxlotto.com\/?ref=A8564250A2&amp;medium=lo365\" target=\"_blank\" rel=\"noopener\">Versuchen Sie Ihr Gl\u00fcck und klicken Sie hier<\/a><\/span>\u2013 jemand muss den Jackpot knacken!<\/p>\n","protected":false},"excerpt":{"rendered":"<p>Kann man Online-Lotto vertrauen? Viele Spieler machen sich dar\u00fcber nat\u00fcrlich Sorgen, was verst\u00e4ndlich ist. Beachten Sie beim Lesen unseres Artikels, dass Sie den wichtigsten Aspekt am Ende dieses Beitrags finden! Zum Thema Sicherheit gibt es einiges zu kl\u00e4ren. Zun\u00e4chst stellt sich die Frage, wie der Online-Lottodienst mit den Daten seiner Kunden umgeht. Wer sicher Online-Lotto &hellip; <\/p>\n<p class=\"link-more\"><a href=\"https:\/\/powerballticketonline.com\/de\/ist-online-lotto-sicher\/\" class=\"more-link\">Mehr <span class=\"screen-reader-text\">\u00fcber &#8222;Ist Online-Lotto sicher?&#8220; <\/span>Lesen<\/a><\/p>\n","protected":false},"author":1,"featured_media":0,"parent":0,"menu_order":0,"comment_status":"closed","ping_status":"closed","template":"","meta":{"footnotes":""},"class_list":["post-38","page","type-page","status-publish","hentry"],"yoast_head":"<!-- This site is optimized with the Yoast SEO plugin v27.3 - https:\/\/yoast.com\/product\/yoast-seo-wordpress\/ -->\n<title>Ist Online-Lotto sicher und seri\u00f6s?<\/title>\n<meta name=\"robots\" content=\"index, follow, max-snippet:-1, max-image-preview:large, max-video-preview:-1\" \/>\n<link rel=\"canonical\" href=\"https:\/\/powerballticketonline.com\/de\/ist-online-lotto-sicher\/\" \/>\n<meta property=\"og:locale\" content=\"de_DE\" \/>\n<meta property=\"og:type\" content=\"article\" \/>\n<meta property=\"og:title\" content=\"Ist Online-Lotto sicher und seri\u00f6s?\" \/>\n<meta property=\"og:description\" content=\"Kann man Online-Lotto vertrauen? Viele Spieler machen sich dar\u00fcber nat\u00fcrlich Sorgen, was verst\u00e4ndlich ist. Beachten Sie beim Lesen unseres Artikels, dass Sie den wichtigsten Aspekt am Ende dieses Beitrags finden! Zum Thema Sicherheit gibt es einiges zu kl\u00e4ren. Zun\u00e4chst stellt sich die Frage, wie der Online-Lottodienst mit den Daten seiner Kunden umgeht. Wer sicher Online-Lotto &hellip; Mehr \u00fcber &quot;Ist Online-Lotto sicher?&quot; Lesen\" \/>\n<meta property=\"og:url\" content=\"https:\/\/powerballticketonline.com\/de\/ist-online-lotto-sicher\/\" \/>\n<meta name=\"twitter:card\" content=\"summary_large_image\" \/>\n<meta name=\"twitter:label1\" content=\"Gesch\u00e4tzte Lesezeit\" \/>\n\t<meta name=\"twitter:data1\" content=\"3\u00a0Minuten\" \/>\n<script type=\"application\/ld+json\" class=\"yoast-schema-graph\">{\"@context\":\"https:\\\/\\\/schema.org\",\"@graph\":[{\"@type\":\"WebPage\",\"@id\":\"https:\\\/\\\/powerballticketonline.com\\\/de\\\/ist-online-lotto-sicher\\\/\",\"url\":\"https:\\\/\\\/powerballticketonline.com\\\/de\\\/ist-online-lotto-sicher\\\/\",\"name\":\"Ist Online-Lotto sicher und seri\u00f6s?\",\"isPartOf\":{\"@id\":\"https:\\\/\\\/powerballticketonline.com\\\/de\\\/#website\"},\"datePublished\":\"2025-08-04T09:57:38+00:00\",\"breadcrumb\":{\"@id\":\"https:\\\/\\\/powerballticketonline.com\\\/de\\\/ist-online-lotto-sicher\\\/#breadcrumb\"},\"inLanguage\":\"de\",\"potentialAction\":[{\"@type\":\"ReadAction\",\"target\":[\"https:\\\/\\\/powerballticketonline.com\\\/de\\\/ist-online-lotto-sicher\\\/\"]}]},{\"@type\":\"BreadcrumbList\",\"@id\":\"https:\\\/\\\/powerballticketonline.com\\\/de\\\/ist-online-lotto-sicher\\\/#breadcrumb\",\"itemListElement\":[{\"@type\":\"ListItem\",\"position\":1,\"name\":\"Home\",\"item\":\"https:\\\/\\\/powerballticketonline.com\\\/de\\\/\"},{\"@type\":\"ListItem\",\"position\":2,\"name\":\"Ist Online-Lotto sicher?\"}]},{\"@type\":\"WebSite\",\"@id\":\"https:\\\/\\\/powerballticketonline.com\\\/de\\\/#website\",\"url\":\"https:\\\/\\\/powerballticketonline.com\\\/de\\\/\",\"name\":\"\",\"description\":\"\",\"potentialAction\":[{\"@type\":\"SearchAction\",\"target\":{\"@type\":\"EntryPoint\",\"urlTemplate\":\"https:\\\/\\\/powerballticketonline.com\\\/de\\\/?s={search_term_string}\"},\"query-input\":{\"@type\":\"PropertyValueSpecification\",\"valueRequired\":true,\"valueName\":\"search_term_string\"}}],\"inLanguage\":\"de\"}]}<\/script>\n<!-- \/ Yoast SEO plugin. -->","yoast_head_json":{"title":"Ist Online-Lotto sicher und seri\u00f6s?","robots":{"index":"index","follow":"follow","max-snippet":"max-snippet:-1","max-image-preview":"max-image-preview:large","max-video-preview":"max-video-preview:-1"},"canonical":"https:\/\/powerballticketonline.com\/de\/ist-online-lotto-sicher\/","og_locale":"de_DE","og_type":"article","og_title":"Ist Online-Lotto sicher und seri\u00f6s?","og_description":"Kann man Online-Lotto vertrauen? Viele Spieler machen sich dar\u00fcber nat\u00fcrlich Sorgen, was verst\u00e4ndlich ist. Beachten Sie beim Lesen unseres Artikels, dass Sie den wichtigsten Aspekt am Ende dieses Beitrags finden! Zum Thema Sicherheit gibt es einiges zu kl\u00e4ren. Zun\u00e4chst stellt sich die Frage, wie der Online-Lottodienst mit den Daten seiner Kunden umgeht. Wer sicher Online-Lotto &hellip; Mehr \u00fcber \"Ist Online-Lotto sicher?\" Lesen","og_url":"https:\/\/powerballticketonline.com\/de\/ist-online-lotto-sicher\/","twitter_card":"summary_large_image","twitter_misc":{"Gesch\u00e4tzte Lesezeit":"3\u00a0Minuten"},"schema":{"@context":"https:\/\/schema.org","@graph":[{"@type":"WebPage","@id":"https:\/\/powerballticketonline.com\/de\/ist-online-lotto-sicher\/","url":"https:\/\/powerballticketonline.com\/de\/ist-online-lotto-sicher\/","name":"Ist Online-Lotto sicher und seri\u00f6s?","isPartOf":{"@id":"https:\/\/powerballticketonline.com\/de\/#website"},"datePublished":"2025-08-04T09:57:38+00:00","breadcrumb":{"@id":"https:\/\/powerballticketonline.com\/de\/ist-online-lotto-sicher\/#breadcrumb"},"inLanguage":"de","potentialAction":[{"@type":"ReadAction","target":["https:\/\/powerballticketonline.com\/de\/ist-online-lotto-sicher\/"]}]},{"@type":"BreadcrumbList","@id":"https:\/\/powerballticketonline.com\/de\/ist-online-lotto-sicher\/#breadcrumb","itemListElement":[{"@type":"ListItem","position":1,"name":"Home","item":"https:\/\/powerballticketonline.com\/de\/"},{"@type":"ListItem","position":2,"name":"Ist Online-Lotto sicher?"}]},{"@type":"WebSite","@id":"https:\/\/powerballticketonline.com\/de\/#website","url":"https:\/\/powerballticketonline.com\/de\/","name":"","description":"","potentialAction":[{"@type":"SearchAction","target":{"@type":"EntryPoint","urlTemplate":"https:\/\/powerballticketonline.com\/de\/?s={search_term_string}"},"query-input":{"@type":"PropertyValueSpecification","valueRequired":true,"valueName":"search_term_string"}}],"inLanguage":"de"}]}},"_links":{"self":[{"href":"https:\/\/powerballticketonline.com\/de\/wp-json\/wp\/v2\/pages\/38","targetHints":{"allow":["GET"]}}],"collection":[{"href":"https:\/\/powerballticketonline.com\/de\/wp-json\/wp\/v2\/pages"}],"about":[{"href":"https:\/\/powerballticketonline.com\/de\/wp-json\/wp\/v2\/types\/page"}],"author":[{"embeddable":true,"href":"https:\/\/powerballticketonline.com\/de\/wp-json\/wp\/v2\/users\/1"}],"replies":[{"embeddable":true,"href":"https:\/\/powerballticketonline.com\/de\/wp-json\/wp\/v2\/comments?post=38"}],"version-history":[{"count":0,"href":"https:\/\/powerballticketonline.com\/de\/wp-json\/wp\/v2\/pages\/38\/revisions"}],"wp:attachment":[{"href":"https:\/\/powerballticketonline.com\/de\/wp-json\/wp\/v2\/media?parent=38"}],"curies":[{"name":"wp","href":"https:\/\/api.w.org\/{rel}","templated":true}]}}