{"id":39,"date":"2025-08-04T09:55:18","date_gmt":"2025-08-04T09:55:18","guid":{"rendered":"https:\/\/powerballticketonline.com\/ist-es-legal-powerball-lose-aus-anderen-laendern-zu-kaufen\/powerball-usa\/"},"modified":"2025-08-04T09:55:18","modified_gmt":"2025-08-04T09:55:18","slug":"powerball-usa","status":"publish","type":"page","link":"https:\/\/powerballticketonline.com\/de\/ist-es-legal-powerball-lose-aus-anderen-laendern-zu-kaufen\/powerball-usa\/","title":{"rendered":"Powerball USA"},"content":{"rendered":"<h1>So erhalten Sie Ihre Powerball-Lose online<\/h1>\n<p>Verglichen mit dem w\u00f6chentlichen Powerball-Lottoangebot in den USA wirken die Lotterien in anderen L\u00e4ndern vergleichsweise klein, selbst wenn der Jackpot hoch ist. Der Rekordjackpot in den USA liegt derzeit bei sage und schreibe 1,5 Milliarden Dollar \u2013 ausgezahlt im Jahr 2017!<\/p>\n<p>Nat\u00fcrlich fragt man sich sofort, ob man Powerball-Lose auch online kaufen kann. Tats\u00e4chlich k\u00f6nnen Sie Powerball online spielen, von jedem Land der Welt aus \u2013 sofern Sie eine Kreditkarte besitzen oder eine andere Online-Zahlungsmethode nutzen k\u00f6nnen. Das ist absolut sicher und legal!<\/p>\n<p>Dies ist \u00fcber RedFoxLotto m\u00f6glich, einen renommierten Lotto-Kurierdienst \u2013 <strong><span style=\"text-decoration: underline;\"><a href=\"https:\/\/redfoxlotto.com\/?ref=A8564250A2&#038;medium=lo365\" target=\"_blank\" rel=\"noopener\">Hier klicken, um die Website von RedFoxLotto zu besuchen<\/a><\/span><\/strong>. Sie w\u00e4hlen einfach eine Lotterie, kreuzen die Zahlen an und bezahlen. Ihr pers\u00f6nliches Los wird anschlie\u00dfend von einem RedFoxLotto-Mitarbeiter gekauft und Ihnen per E-Mail zugeschickt \u2013 fertig!<\/p>\n<h2>Wie funktioniert Powerball?<\/h2>\n<p>Powerball unterscheidet sich wahrscheinlich etwas von Ihrer lokalen Lotterie. Hier tippt man 5 Zahlen aus 69 sowie eine Powerball-Zahl zwischen 1 und 26. Die Chance, den Jackpot zu knacken (daf\u00fcr muss man nat\u00fcrlich alle 5 Hauptzahlen und die Powerball-Zahl richtig haben), liegt somit bei 1 zu 292 Millionen. Klingt erschreckend, aber irgendwann gewinnt doch immer mal wieder jemand den Jackpot!<\/p>\n<p>Eine weitere Besonderheit: Beim Kauf eines Loses kann man sich f\u00fcr den sogenannten \u201eMultiplikator\u201c entscheiden. Bei jeder Ziehung wird ein Multiplikator gezogen, der das Zwei-, Drei-, Vier-, F\u00fcnf- oder Zehnfache betragen kann. Abh\u00e4ngig vom gezogenen Multiplikator werden alle \u201ekleineren\u201c Gewinne multipliziert (mit Ausnahme der Jackpots und des Gewinns f\u00fcr 5 richtige Hauptzahlen).<\/p>\n<p>Beim Online-Powerball-Spielen ist die Sache ganz einfach: Sie k\u00f6nnen keine Zahlenfehler machen (au\u00dfer nat\u00fcrlich die falschen). Sollten Sie nur 4 statt 5 Zahlen ankreuzen oder vergessen, eine Powerball-Zahl zu w\u00e4hlen, weist RedFoxLotto Sie darauf hin.<\/p>\n<p>Neben Powerball und der anderen gro\u00dfen <a href=\"https:\/\/lottoonline365.com\/en\/mega-millions\" target=\"_blank\" rel=\"noopener\">US-Lotterie Mega Millions<\/a> k\u00f6nnen Sie bei RedFoxLotto auch Lose f\u00fcr \u00fcber 20 weitere Lotterien weltweit kaufen. So haben Sie die M\u00f6glichkeit, einfach auf der Website nach dem h\u00f6chsten Jackpot zu suchen und Ihr Los zu kaufen. Das maximiert Ihre <a href=\"https:\/\/lottoonline365.com\/en\/tips-for-players\/which-lottery-offers-the-best-winning-chances\" target=\"_blank\" rel=\"noopener\">Gewinnchancen<\/a> &#8211; bei gleichem Lospreis gilt: Je h\u00f6her der potenzielle Gewinn, desto h\u00f6her die mathematische Gewinnwahrscheinlichkeit!<\/p>\n","protected":false},"excerpt":{"rendered":"<p>So erhalten Sie Ihre Powerball-Lose online Verglichen mit dem w\u00f6chentlichen Powerball-Lottoangebot in den USA wirken die Lotterien in anderen L\u00e4ndern vergleichsweise klein, selbst wenn der Jackpot hoch ist. Der Rekordjackpot in den USA liegt derzeit bei sage und schreibe 1,5 Milliarden Dollar \u2013 ausgezahlt im Jahr 2017! Nat\u00fcrlich fragt man sich sofort, ob man Powerball-Lose &hellip; <\/p>\n<p class=\"link-more\"><a href=\"https:\/\/powerballticketonline.com\/de\/ist-es-legal-powerball-lose-aus-anderen-laendern-zu-kaufen\/powerball-usa\/\" class=\"more-link\">Mehr <span class=\"screen-reader-text\">\u00fcber &#8222;Powerball USA&#8220; <\/span>Lesen<\/a><\/p>\n","protected":false},"author":1,"featured_media":0,"parent":36,"menu_order":0,"comment_status":"closed","ping_status":"closed","template":"","meta":{"footnotes":""},"class_list":["post-39","page","type-page","status-publish","hentry"],"yoast_head":"<!-- This site is optimized with the Yoast SEO plugin v27.3 - https:\/\/yoast.com\/product\/yoast-seo-wordpress\/ -->\n<title>Kann ich Powerball-Tickets online kaufen?<\/title>\n<meta name=\"robots\" content=\"index, follow, max-snippet:-1, max-image-preview:large, max-video-preview:-1\" \/>\n<link rel=\"canonical\" href=\"https:\/\/powerballticketonline.com\/de\/ist-es-legal-powerball-lose-aus-anderen-laendern-zu-kaufen\/powerball-usa\/\" \/>\n<meta property=\"og:locale\" content=\"de_DE\" \/>\n<meta property=\"og:type\" content=\"article\" \/>\n<meta property=\"og:title\" content=\"Kann ich Powerball-Tickets online kaufen?\" \/>\n<meta property=\"og:description\" content=\"So erhalten Sie Ihre Powerball-Lose online Verglichen mit dem w\u00f6chentlichen Powerball-Lottoangebot in den USA wirken die Lotterien in anderen L\u00e4ndern vergleichsweise klein, selbst wenn der Jackpot hoch ist. Der Rekordjackpot in den USA liegt derzeit bei sage und schreibe 1,5 Milliarden Dollar \u2013 ausgezahlt im Jahr 2017! Nat\u00fcrlich fragt man sich sofort, ob man Powerball-Lose &hellip; Mehr \u00fcber &quot;Powerball USA&quot; Lesen\" \/>\n<meta property=\"og:url\" content=\"https:\/\/powerballticketonline.com\/de\/ist-es-legal-powerball-lose-aus-anderen-laendern-zu-kaufen\/powerball-usa\/\" \/>\n<meta name=\"twitter:card\" content=\"summary_large_image\" \/>\n<meta name=\"twitter:label1\" content=\"Gesch\u00e4tzte Lesezeit\" \/>\n\t<meta name=\"twitter:data1\" content=\"2\u00a0Minuten\" \/>\n<script type=\"application\/ld+json\" class=\"yoast-schema-graph\">{\"@context\":\"https:\\\/\\\/schema.org\",\"@graph\":[{\"@type\":\"WebPage\",\"@id\":\"https:\\\/\\\/powerballticketonline.com\\\/de\\\/ist-es-legal-powerball-lose-aus-anderen-laendern-zu-kaufen\\\/powerball-usa\\\/\",\"url\":\"https:\\\/\\\/powerballticketonline.com\\\/de\\\/ist-es-legal-powerball-lose-aus-anderen-laendern-zu-kaufen\\\/powerball-usa\\\/\",\"name\":\"Kann ich Powerball-Tickets online kaufen?\",\"isPartOf\":{\"@id\":\"https:\\\/\\\/powerballticketonline.com\\\/de\\\/#website\"},\"datePublished\":\"2025-08-04T09:55:18+00:00\",\"breadcrumb\":{\"@id\":\"https:\\\/\\\/powerballticketonline.com\\\/de\\\/ist-es-legal-powerball-lose-aus-anderen-laendern-zu-kaufen\\\/powerball-usa\\\/#breadcrumb\"},\"inLanguage\":\"de\",\"potentialAction\":[{\"@type\":\"ReadAction\",\"target\":[\"https:\\\/\\\/powerballticketonline.com\\\/de\\\/ist-es-legal-powerball-lose-aus-anderen-laendern-zu-kaufen\\\/powerball-usa\\\/\"]}]},{\"@type\":\"BreadcrumbList\",\"@id\":\"https:\\\/\\\/powerballticketonline.com\\\/de\\\/ist-es-legal-powerball-lose-aus-anderen-laendern-zu-kaufen\\\/powerball-usa\\\/#breadcrumb\",\"itemListElement\":[{\"@type\":\"ListItem\",\"position\":1,\"name\":\"Home\",\"item\":\"https:\\\/\\\/powerballticketonline.com\\\/de\\\/\"},{\"@type\":\"ListItem\",\"position\":2,\"name\":\"Ist es legal, Powerball-Lose aus anderen L\u00e4ndern zu kaufen?\",\"item\":\"https:\\\/\\\/powerballticketonline.com\\\/de\\\/is-it-legal-to-buy-powerball-tickets-from-other-countries\\\/\"},{\"@type\":\"ListItem\",\"position\":3,\"name\":\"Powerball USA\"}]},{\"@type\":\"WebSite\",\"@id\":\"https:\\\/\\\/powerballticketonline.com\\\/de\\\/#website\",\"url\":\"https:\\\/\\\/powerballticketonline.com\\\/de\\\/\",\"name\":\"\",\"description\":\"\",\"potentialAction\":[{\"@type\":\"SearchAction\",\"target\":{\"@type\":\"EntryPoint\",\"urlTemplate\":\"https:\\\/\\\/powerballticketonline.com\\\/de\\\/?s={search_term_string}\"},\"query-input\":{\"@type\":\"PropertyValueSpecification\",\"valueRequired\":true,\"valueName\":\"search_term_string\"}}],\"inLanguage\":\"de\"}]}<\/script>\n<!-- \/ Yoast SEO plugin. -->","yoast_head_json":{"title":"Kann ich Powerball-Tickets online kaufen?","robots":{"index":"index","follow":"follow","max-snippet":"max-snippet:-1","max-image-preview":"max-image-preview:large","max-video-preview":"max-video-preview:-1"},"canonical":"https:\/\/powerballticketonline.com\/de\/ist-es-legal-powerball-lose-aus-anderen-laendern-zu-kaufen\/powerball-usa\/","og_locale":"de_DE","og_type":"article","og_title":"Kann ich Powerball-Tickets online kaufen?","og_description":"So erhalten Sie Ihre Powerball-Lose online Verglichen mit dem w\u00f6chentlichen Powerball-Lottoangebot in den USA wirken die Lotterien in anderen L\u00e4ndern vergleichsweise klein, selbst wenn der Jackpot hoch ist. Der Rekordjackpot in den USA liegt derzeit bei sage und schreibe 1,5 Milliarden Dollar \u2013 ausgezahlt im Jahr 2017! Nat\u00fcrlich fragt man sich sofort, ob man Powerball-Lose &hellip; Mehr \u00fcber \"Powerball USA\" Lesen","og_url":"https:\/\/powerballticketonline.com\/de\/ist-es-legal-powerball-lose-aus-anderen-laendern-zu-kaufen\/powerball-usa\/","twitter_card":"summary_large_image","twitter_misc":{"Gesch\u00e4tzte Lesezeit":"2\u00a0Minuten"},"schema":{"@context":"https:\/\/schema.org","@graph":[{"@type":"WebPage","@id":"https:\/\/powerballticketonline.com\/de\/ist-es-legal-powerball-lose-aus-anderen-laendern-zu-kaufen\/powerball-usa\/","url":"https:\/\/powerballticketonline.com\/de\/ist-es-legal-powerball-lose-aus-anderen-laendern-zu-kaufen\/powerball-usa\/","name":"Kann ich Powerball-Tickets online kaufen?","isPartOf":{"@id":"https:\/\/powerballticketonline.com\/de\/#website"},"datePublished":"2025-08-04T09:55:18+00:00","breadcrumb":{"@id":"https:\/\/powerballticketonline.com\/de\/ist-es-legal-powerball-lose-aus-anderen-laendern-zu-kaufen\/powerball-usa\/#breadcrumb"},"inLanguage":"de","potentialAction":[{"@type":"ReadAction","target":["https:\/\/powerballticketonline.com\/de\/ist-es-legal-powerball-lose-aus-anderen-laendern-zu-kaufen\/powerball-usa\/"]}]},{"@type":"BreadcrumbList","@id":"https:\/\/powerballticketonline.com\/de\/ist-es-legal-powerball-lose-aus-anderen-laendern-zu-kaufen\/powerball-usa\/#breadcrumb","itemListElement":[{"@type":"ListItem","position":1,"name":"Home","item":"https:\/\/powerballticketonline.com\/de\/"},{"@type":"ListItem","position":2,"name":"Ist es legal, Powerball-Lose aus anderen L\u00e4ndern zu kaufen?","item":"https:\/\/powerballticketonline.com\/de\/is-it-legal-to-buy-powerball-tickets-from-other-countries\/"},{"@type":"ListItem","position":3,"name":"Powerball USA"}]},{"@type":"WebSite","@id":"https:\/\/powerballticketonline.com\/de\/#website","url":"https:\/\/powerballticketonline.com\/de\/","name":"","description":"","potentialAction":[{"@type":"SearchAction","target":{"@type":"EntryPoint","urlTemplate":"https:\/\/powerballticketonline.com\/de\/?s={search_term_string}"},"query-input":{"@type":"PropertyValueSpecification","valueRequired":true,"valueName":"search_term_string"}}],"inLanguage":"de"}]}},"_links":{"self":[{"href":"https:\/\/powerballticketonline.com\/de\/wp-json\/wp\/v2\/pages\/39","targetHints":{"allow":["GET"]}}],"collection":[{"href":"https:\/\/powerballticketonline.com\/de\/wp-json\/wp\/v2\/pages"}],"about":[{"href":"https:\/\/powerballticketonline.com\/de\/wp-json\/wp\/v2\/types\/page"}],"author":[{"embeddable":true,"href":"https:\/\/powerballticketonline.com\/de\/wp-json\/wp\/v2\/users\/1"}],"replies":[{"embeddable":true,"href":"https:\/\/powerballticketonline.com\/de\/wp-json\/wp\/v2\/comments?post=39"}],"version-history":[{"count":0,"href":"https:\/\/powerballticketonline.com\/de\/wp-json\/wp\/v2\/pages\/39\/revisions"}],"up":[{"embeddable":true,"href":"https:\/\/powerballticketonline.com\/de\/wp-json\/wp\/v2\/pages\/36"}],"wp:attachment":[{"href":"https:\/\/powerballticketonline.com\/de\/wp-json\/wp\/v2\/media?parent=39"}],"curies":[{"name":"wp","href":"https:\/\/api.w.org\/{rel}","templated":true}]}}