{"id":40,"date":"2025-08-02T15:30:55","date_gmt":"2025-08-02T15:30:55","guid":{"rendered":"https:\/\/powerballticketonline.com\/ist-es-legal-powerball-lose-aus-anderen-laendern-zu-kaufen\/powerball-jackpot-fuer-heute\/"},"modified":"2025-08-02T15:30:55","modified_gmt":"2025-08-02T15:30:55","slug":"powerball-jackpot-fuer-heute","status":"publish","type":"page","link":"https:\/\/powerballticketonline.com\/de\/ist-es-legal-powerball-lose-aus-anderen-laendern-zu-kaufen\/powerball-jackpot-fuer-heute\/","title":{"rendered":"Powerball Jackpot f\u00fcr heute"},"content":{"rendered":"<h1>Finden Sie den Powerball-Jackpot von heute (und vieles mehr)<\/h1>\n<p>Sie m\u00f6chten sich einen Lottoschein holen, sind sich aber nicht sicher, welches Spiel Sie spielen m\u00f6chten? Wenn Sie sich bei der Auswahl des richtigen Spiels schwertun, ist ein Blick auf die Jackpots wahrscheinlich das Beste, oder? Sie m\u00f6chten ein Spiel mit guten Gewinnchancen spielen, aber auch sichergehen, dass Sie einen wirklich guten Jackpot haben, denn dort gewinnen Sie (m\u00f6glicherweise) das meiste Geld, oder? Wenn Sie sich also \u00fcber den heutigen Powerball-Jackpot und all die anderen Jackpots informieren m\u00f6chten, sollten Sie sich genauer umsehen.<\/p>\n<h2>Top-Powerball-Jackpot von heute<\/h2>\n<p>Der h\u00f6chste Powerball-Jackpot aller Zeiten lag bei \u00fcber 1,5 Milliarden Dollar! Das ist eine Menge Geld und definitiv etwas, das jedes Leben ver\u00e4ndern w\u00fcrde, oder? W\u00e4re es nicht fantastisch, so viel Geld zu gewinnen? Nun, f\u00fcr die meisten von uns ist es ein Wunschtraum, aber jemandem ist es passiert, und wenn es das n\u00e4chste Mal einen solchen Jackpot gibt, wei\u00df niemand, wer es sein k\u00f6nnte \u2013 und das k\u00f6nnten durchaus Sie sein.<\/p>\n<p>Seitdem der Powerball nicht nur einmal, sondern zweimal die Milliarde Dollar-Marke \u00fcberschritten hat, bleibt er weiterhin im Millionenbereich. Er ist ziemlich hoch gestiegen und hat vielen Leuten definitiv gut getan. Die Leute gewinnen Hunderte von Millionen und fast eine Milliarde Dollar. Das bedeutet, dass Sie dieses Spiel unbedingt selbst ausprobieren sollten. Der Powerball-Jackpot sieht heute vielleicht nicht so toll aus, aber er wird weiter steigen. Und wenn jemand gewinnt, geht es von vorne los.<\/p>\n<h2>H\u00f6chster Mega Millions Jackpot<\/h2>\n<p>Mega Millions ist ein weiteres US-amerikanisches Spiel, dessen H\u00f6chstgewinn bei rund 1,5 Milliarden Dollar lag, aber nie wieder einen so hohen Jackpot verzeichnete. Sie sollten unbedingt dabei sein, denn es gab schon viele Gewinne im Wert von Hunderten von Millionen Dollar, und das wird auch Ihr Leben entscheidend ver\u00e4ndern, meinen Sie nicht? Der Jackpot beginnt immer bei 40 Millionen Dollar und steigt von da an. Wahrscheinlich wurde er noch nie gewonnen, als er so niedrig war, aber w\u00e4re es nicht selbst dann noch gro\u00dfartig?<\/p>\n<h2>H\u00f6chster EuroMillions Jackpot<\/h2>\n<p>Dieses Spiel, das in ganz Europa gespielt wird, ist ebenfalls ziemlich gro\u00df geworden. Der Jackpot hat tats\u00e4chlich \u00fcber 183,5 Millionen Euro erreicht, was \u00fcber 206 Millionen US-Dollar entspricht. Das ist definitiv ein riesiger Betrag, und obwohl es nicht der h\u00f6chste ist, den wir bei den verschiedenen Spielen gesehen haben, ist es dennoch ein toller Jackpot, um den man mitspielen kann, finden Sie nicht? Nat\u00fcrlich braucht es einiges, um so hoch zu klettern, aber Sie haben eine Chance, es zu schaffen. Daher sollten Sie es im Auge behalten, auch wenn es etwas niedriger ausf\u00e4llt.<\/p>\n<h2>Top SuperEnalotto<\/h2>\n<p>Dieses in Italien gespielte Spiel hat einmal \u00fcber 177,7 Millionen Euro gewonnen, was knapp 200 Millionen US-Dollar entspricht. Es handelt sich also definitiv um ein Spiel, bei dem Sie gerne dabei w\u00e4ren. Jedes Spiel, bei dem es um Hunderte von Millionen gehen kann, ist definitiv ein Gewinn, und das macht es zu einer gro\u00dfartigen Option f\u00fcr jeden. Dieser Jackpot wurde mit einem einzigen Los gewonnen (obwohl viele Spieler mit diesem Los dabei waren), und es gab eine Reihe weiterer Gewinne, die sehr knapp waren und mit Einzellosen gewonnen wurden.<\/p>\n<h2>Top National Lottery<\/h2>\n<p>In Gro\u00dfbritannien gibt es eine National Lottery, bei der es einmal bis zu 42 Millionen Pfund gab, was etwa 52 Millionen US-Dollar entspricht. Obwohl sich dieser Gewinn deutlich von den anderen bisher besprochenen unterscheidet, ist es definitiv immer noch viel Geld, und es ist Geld, auf das Sie unbedingt setzen m\u00f6chten, oder? Der Gewinnschein ist schon eine Weile her, aber das Spiel l\u00e4uft weiter, und die Gewinne sind immer noch ziemlich hoch.<\/p>\n<h2>Staatliche Lotterie<\/h2>\n<p>Fast jedes Land au\u00dferhalb der USA hat eine staatliche Lotterie (die sich hier von den \u201eBundesstaaten\u201c unterscheidet). Diese Spiele haben ebenfalls Millionengewinne erzielt, was sie zu einer gro\u00dfartigen Option macht. Warum? Weil es zwar kleinere Spiele sind, aber trotzdem tolle Gewinne, die Sie sich nicht entgehen lassen sollten. Bei einigen dieser kleineren Spiele haben Sie definitiv bessere Chancen, und die Gewinne sind nicht unbedingt viel kleiner, wenn Sie richtig gewinnen.<\/p>\n<h2>Union Lotto<\/h2>\n<p>In China gibt es ein weiteres Spiel namens Union Lotto, das einst bis zu 570 Millionen Yen (ca. 82 Millionen US-Dollar) einbrachte. Auch wenn das ein ziemlicher Unterschied zwischen der lokalen W\u00e4hrung und dem US-Dollar istrs, das ist definitiv ein Betrag, den jeder von uns gerne gewinnen w\u00fcrde, und das sollten Sie unbedingt im Hinterkopf behalten. Wenn Sie an die Jackpots in anderen L\u00e4ndern denken, sollten Sie nat\u00fcrlich unbedingt die Umrechnungen vornehmen, um zu sehen, was Sie gewinnen m\u00f6chten, aber jeder Jackpot ist gro\u00dfartig.<\/p>\n<h2>Mega-Sena<\/h2>\n<p>In Brasilien gibt es ein Spiel namens Mega-Sena, das erst vor Kurzem geknackt wurde. Okay, es ist \u00fcber 10 Jahre her, aber einige dieser riesigen Jackpots sind schon \u00e4lter. Dieser hier betrug 145 Millionen Real, also brasilianische Real. Das sind in US-Dollar etwa 38,6 Millionen US-Dollar. Das ist ein Gewinn, \u00fcber den sich jeder freuen w\u00fcrde, und auch wenn es nicht der gr\u00f6\u00dfte ist, lohnt es sich auf jeden Fall, darauf zu setzen. Dies ist ein weiteres Spiel, das Sie beim Lottospielen vielleicht in Betracht ziehen sollten.<\/p>\n<h2>Online spielen<\/h2>\n<p><img loading=\"lazy\" decoding=\"async\" src=\"images\/play_lottery_online.jpg\" alt=\"Gr\u00f6\u00dfe des Mega Millions Jackpots heute\" width=\"200\" height=\"201\" style=\"margin: 1px; float: right;\" \/>Letztendlich gibt es nur eine M\u00f6glichkeit, all diese Spiele zu spielen: online Lotto spielen. Sie werden \u00fcberrascht sein, wie viele tolle Spiele es gibt und wie einfach es ist, sie zu spielen. Sie ben\u00f6tigen lediglich die richtige Website, um die passenden Spiele zu finden: <a href=\"https:\/\/redfoxlotto.com\/?ref=A8564250A2&#038;medium=pwrb\" target=\"_blank\" rel=\"noopener noreferrer\"><span style=\"text-decoration: underline;\">RedFoxLotto.com<\/span><\/a>. Dort finden Sie all diese Spiele und noch viel mehr, wenn Sie eine neue Spielmethode ausprobieren m\u00f6chten.<\/p>\n<p>Auch beim Online-Spielen haben Sie die Chance auf alle Gewinne, die Sie mit einem physischen Los gewinnen w\u00fcrden, und zus\u00e4tzlich deutlich mehr Auswahlm\u00f6glichkeiten. Sie sind nicht mehr an Ihren Wohnort oder die Anzahl der Lose gebunden, die Sie im Supermarkt kaufen k\u00f6nnen. Vielmehr haben Sie die M\u00f6glichkeit, Spiele aus aller Welt zu spielen. Das er\u00f6ffnet Ihnen die Chance auf gr\u00f6\u00dfere Jackpots, bessere Gewinnchancen und jede Menge Spa\u00df.<\/p>\n<h2>Zusammenfassung<\/h2>\n<p>Wenn Sie sich f\u00fcr Ihr n\u00e4chstes Spiel entscheiden, sollten Sie alle ausprobieren. Sie werden \u00fcberrascht sein, was Sie alles finden und wie Sie gewinnen k\u00f6nnen. Und auch, was ein Gewinn f\u00fcr Sie bedeuten kann. Ob gro\u00dfer oder kleiner Jackpot, ob in einer anderen W\u00e4hrung oder anderswo \u2013 Sie werden mit dem gewonnenen Geld viel Spa\u00df haben.<\/p>\n","protected":false},"excerpt":{"rendered":"<p>Finden Sie den Powerball-Jackpot von heute (und vieles mehr) Sie m\u00f6chten sich einen Lottoschein holen, sind sich aber nicht sicher, welches Spiel Sie spielen m\u00f6chten? Wenn Sie sich bei der Auswahl des richtigen Spiels schwertun, ist ein Blick auf die Jackpots wahrscheinlich das Beste, oder? Sie m\u00f6chten ein Spiel mit guten Gewinnchancen spielen, aber auch &hellip; <\/p>\n<p class=\"link-more\"><a href=\"https:\/\/powerballticketonline.com\/de\/ist-es-legal-powerball-lose-aus-anderen-laendern-zu-kaufen\/powerball-jackpot-fuer-heute\/\" class=\"more-link\">Mehr <span class=\"screen-reader-text\">\u00fcber &#8222;Powerball Jackpot f\u00fcr heute&#8220; <\/span>Lesen<\/a><\/p>\n","protected":false},"author":1,"featured_media":0,"parent":36,"menu_order":0,"comment_status":"closed","ping_status":"closed","template":"","meta":{"footnotes":""},"class_list":["post-40","page","type-page","status-publish","hentry"],"yoast_head":"<!-- This site is optimized with the Yoast SEO plugin v27.3 - https:\/\/yoast.com\/product\/yoast-seo-wordpress\/ -->\n<title>Powerball Jackpot f\u00fcr heute -<\/title>\n<meta name=\"robots\" content=\"index, follow, max-snippet:-1, max-image-preview:large, max-video-preview:-1\" \/>\n<link rel=\"canonical\" href=\"https:\/\/powerballticketonline.com\/de\/ist-es-legal-powerball-lose-aus-anderen-laendern-zu-kaufen\/powerball-jackpot-fuer-heute\/\" \/>\n<meta property=\"og:locale\" content=\"de_DE\" \/>\n<meta property=\"og:type\" content=\"article\" \/>\n<meta property=\"og:title\" content=\"Powerball Jackpot f\u00fcr heute -\" \/>\n<meta property=\"og:description\" content=\"Finden Sie den Powerball-Jackpot von heute (und vieles mehr) Sie m\u00f6chten sich einen Lottoschein holen, sind sich aber nicht sicher, welches Spiel Sie spielen m\u00f6chten? Wenn Sie sich bei der Auswahl des richtigen Spiels schwertun, ist ein Blick auf die Jackpots wahrscheinlich das Beste, oder? Sie m\u00f6chten ein Spiel mit guten Gewinnchancen spielen, aber auch &hellip; Mehr \u00fcber &quot;Powerball Jackpot f\u00fcr heute&quot; Lesen\" \/>\n<meta property=\"og:url\" content=\"https:\/\/powerballticketonline.com\/de\/ist-es-legal-powerball-lose-aus-anderen-laendern-zu-kaufen\/powerball-jackpot-fuer-heute\/\" \/>\n<meta name=\"twitter:card\" content=\"summary_large_image\" \/>\n<meta name=\"twitter:label1\" content=\"Gesch\u00e4tzte Lesezeit\" \/>\n\t<meta name=\"twitter:data1\" content=\"5\u00a0Minuten\" \/>\n<script type=\"application\/ld+json\" class=\"yoast-schema-graph\">{\"@context\":\"https:\\\/\\\/schema.org\",\"@graph\":[{\"@type\":\"WebPage\",\"@id\":\"https:\\\/\\\/powerballticketonline.com\\\/de\\\/ist-es-legal-powerball-lose-aus-anderen-laendern-zu-kaufen\\\/powerball-jackpot-fuer-heute\\\/\",\"url\":\"https:\\\/\\\/powerballticketonline.com\\\/de\\\/ist-es-legal-powerball-lose-aus-anderen-laendern-zu-kaufen\\\/powerball-jackpot-fuer-heute\\\/\",\"name\":\"Powerball Jackpot f\u00fcr heute -\",\"isPartOf\":{\"@id\":\"https:\\\/\\\/powerballticketonline.com\\\/de\\\/#website\"},\"datePublished\":\"2025-08-02T15:30:55+00:00\",\"breadcrumb\":{\"@id\":\"https:\\\/\\\/powerballticketonline.com\\\/de\\\/ist-es-legal-powerball-lose-aus-anderen-laendern-zu-kaufen\\\/powerball-jackpot-fuer-heute\\\/#breadcrumb\"},\"inLanguage\":\"de\",\"potentialAction\":[{\"@type\":\"ReadAction\",\"target\":[\"https:\\\/\\\/powerballticketonline.com\\\/de\\\/ist-es-legal-powerball-lose-aus-anderen-laendern-zu-kaufen\\\/powerball-jackpot-fuer-heute\\\/\"]}]},{\"@type\":\"BreadcrumbList\",\"@id\":\"https:\\\/\\\/powerballticketonline.com\\\/de\\\/ist-es-legal-powerball-lose-aus-anderen-laendern-zu-kaufen\\\/powerball-jackpot-fuer-heute\\\/#breadcrumb\",\"itemListElement\":[{\"@type\":\"ListItem\",\"position\":1,\"name\":\"Home\",\"item\":\"https:\\\/\\\/powerballticketonline.com\\\/de\\\/\"},{\"@type\":\"ListItem\",\"position\":2,\"name\":\"Ist es legal, Powerball-Lose aus anderen L\u00e4ndern zu kaufen?\",\"item\":\"https:\\\/\\\/powerballticketonline.com\\\/de\\\/is-it-legal-to-buy-powerball-tickets-from-other-countries\\\/\"},{\"@type\":\"ListItem\",\"position\":3,\"name\":\"Powerball Jackpot f\u00fcr heute\"}]},{\"@type\":\"WebSite\",\"@id\":\"https:\\\/\\\/powerballticketonline.com\\\/de\\\/#website\",\"url\":\"https:\\\/\\\/powerballticketonline.com\\\/de\\\/\",\"name\":\"\",\"description\":\"\",\"potentialAction\":[{\"@type\":\"SearchAction\",\"target\":{\"@type\":\"EntryPoint\",\"urlTemplate\":\"https:\\\/\\\/powerballticketonline.com\\\/de\\\/?s={search_term_string}\"},\"query-input\":{\"@type\":\"PropertyValueSpecification\",\"valueRequired\":true,\"valueName\":\"search_term_string\"}}],\"inLanguage\":\"de\"}]}<\/script>\n<!-- \/ Yoast SEO plugin. -->","yoast_head_json":{"title":"Powerball Jackpot f\u00fcr heute -","robots":{"index":"index","follow":"follow","max-snippet":"max-snippet:-1","max-image-preview":"max-image-preview:large","max-video-preview":"max-video-preview:-1"},"canonical":"https:\/\/powerballticketonline.com\/de\/ist-es-legal-powerball-lose-aus-anderen-laendern-zu-kaufen\/powerball-jackpot-fuer-heute\/","og_locale":"de_DE","og_type":"article","og_title":"Powerball Jackpot f\u00fcr heute -","og_description":"Finden Sie den Powerball-Jackpot von heute (und vieles mehr) Sie m\u00f6chten sich einen Lottoschein holen, sind sich aber nicht sicher, welches Spiel Sie spielen m\u00f6chten? Wenn Sie sich bei der Auswahl des richtigen Spiels schwertun, ist ein Blick auf die Jackpots wahrscheinlich das Beste, oder? Sie m\u00f6chten ein Spiel mit guten Gewinnchancen spielen, aber auch &hellip; Mehr \u00fcber \"Powerball Jackpot f\u00fcr heute\" Lesen","og_url":"https:\/\/powerballticketonline.com\/de\/ist-es-legal-powerball-lose-aus-anderen-laendern-zu-kaufen\/powerball-jackpot-fuer-heute\/","twitter_card":"summary_large_image","twitter_misc":{"Gesch\u00e4tzte Lesezeit":"5\u00a0Minuten"},"schema":{"@context":"https:\/\/schema.org","@graph":[{"@type":"WebPage","@id":"https:\/\/powerballticketonline.com\/de\/ist-es-legal-powerball-lose-aus-anderen-laendern-zu-kaufen\/powerball-jackpot-fuer-heute\/","url":"https:\/\/powerballticketonline.com\/de\/ist-es-legal-powerball-lose-aus-anderen-laendern-zu-kaufen\/powerball-jackpot-fuer-heute\/","name":"Powerball Jackpot f\u00fcr heute -","isPartOf":{"@id":"https:\/\/powerballticketonline.com\/de\/#website"},"datePublished":"2025-08-02T15:30:55+00:00","breadcrumb":{"@id":"https:\/\/powerballticketonline.com\/de\/ist-es-legal-powerball-lose-aus-anderen-laendern-zu-kaufen\/powerball-jackpot-fuer-heute\/#breadcrumb"},"inLanguage":"de","potentialAction":[{"@type":"ReadAction","target":["https:\/\/powerballticketonline.com\/de\/ist-es-legal-powerball-lose-aus-anderen-laendern-zu-kaufen\/powerball-jackpot-fuer-heute\/"]}]},{"@type":"BreadcrumbList","@id":"https:\/\/powerballticketonline.com\/de\/ist-es-legal-powerball-lose-aus-anderen-laendern-zu-kaufen\/powerball-jackpot-fuer-heute\/#breadcrumb","itemListElement":[{"@type":"ListItem","position":1,"name":"Home","item":"https:\/\/powerballticketonline.com\/de\/"},{"@type":"ListItem","position":2,"name":"Ist es legal, Powerball-Lose aus anderen L\u00e4ndern zu kaufen?","item":"https:\/\/powerballticketonline.com\/de\/is-it-legal-to-buy-powerball-tickets-from-other-countries\/"},{"@type":"ListItem","position":3,"name":"Powerball Jackpot f\u00fcr heute"}]},{"@type":"WebSite","@id":"https:\/\/powerballticketonline.com\/de\/#website","url":"https:\/\/powerballticketonline.com\/de\/","name":"","description":"","potentialAction":[{"@type":"SearchAction","target":{"@type":"EntryPoint","urlTemplate":"https:\/\/powerballticketonline.com\/de\/?s={search_term_string}"},"query-input":{"@type":"PropertyValueSpecification","valueRequired":true,"valueName":"search_term_string"}}],"inLanguage":"de"}]}},"_links":{"self":[{"href":"https:\/\/powerballticketonline.com\/de\/wp-json\/wp\/v2\/pages\/40","targetHints":{"allow":["GET"]}}],"collection":[{"href":"https:\/\/powerballticketonline.com\/de\/wp-json\/wp\/v2\/pages"}],"about":[{"href":"https:\/\/powerballticketonline.com\/de\/wp-json\/wp\/v2\/types\/page"}],"author":[{"embeddable":true,"href":"https:\/\/powerballticketonline.com\/de\/wp-json\/wp\/v2\/users\/1"}],"replies":[{"embeddable":true,"href":"https:\/\/powerballticketonline.com\/de\/wp-json\/wp\/v2\/comments?post=40"}],"version-history":[{"count":0,"href":"https:\/\/powerballticketonline.com\/de\/wp-json\/wp\/v2\/pages\/40\/revisions"}],"up":[{"embeddable":true,"href":"https:\/\/powerballticketonline.com\/de\/wp-json\/wp\/v2\/pages\/36"}],"wp:attachment":[{"href":"https:\/\/powerballticketonline.com\/de\/wp-json\/wp\/v2\/media?parent=40"}],"curies":[{"name":"wp","href":"https:\/\/api.w.org\/{rel}","templated":true}]}}