{"id":53,"date":"2025-08-04T10:27:58","date_gmt":"2025-08-04T10:27:58","guid":{"rendered":"https:\/\/powerballticketonline.com\/powerball-online-spielen\/"},"modified":"2025-08-04T10:27:58","modified_gmt":"2025-08-04T10:27:58","slug":"powerball-online-spielen","status":"publish","type":"page","link":"https:\/\/powerballticketonline.com\/de\/powerball-online-spielen\/","title":{"rendered":"Powerball online spielen"},"content":{"rendered":"<h1>So spielen Sie Powerball online, egal wo Sie wohnen<\/h1>\n<p>Wie Sie unserem Startseitenartikel entnehmen konnten, k\u00f6nnen Sie dank RedFoxLotto.com jetzt alle internationalen Lotterielose online kaufen \u2013 auch Powerball. Egal, ob Sie in den USA, Japan oder einem anderen Land wohnen, Sie k\u00f6nnen am Powerball Lotto und an vielen anderen Lotterien teilnehmen. Sie ben\u00f6tigen lediglich einen Computer mit Internetverbindung und ein Zahlungsmittel wie eine Kreditkarte, ein Bankkonto oder eine der g\u00e4ngigen E-Wallets. Sobald Sie das haben, k\u00f6nnen Sie Powerball online spielen!<\/p>\n<h2>Anmeldung f\u00fcr Ihr Lotterielos<\/h2>\n<p>Die Anmeldung ist ganz einfach: Klicken Sie einfach auf das obere Banner oder auf einen der Punkte auf unserer Website, der Ihnen die verf\u00fcgbaren Jackpots anzeigt. Anschlie\u00dfend werden Sie durch den eigentlich ganz einfachen Vorgang gef\u00fchrt.<\/p>\n<p><a href=\"https:\/\/redfoxlotto.com\/?ref=A8564250A2&#038;medium=pwrb\" target=\"_blank\" rel=\"noopener noreferrer\"><img loading=\"lazy\" decoding=\"async\" src=\"images\/play_lotto_online.jpg\" alt=\"Spielen Sie &agrave; Powerball online\" width=\"250\" height=\"167\" style=\"margin: 1px; float: right;\" \/><\/a>Sobald Sie auf der RedFoxLotto-Website sind, klicken Sie oben auf der Seite auf die Schaltfl\u00e4che \u201eAnmelden\u201c. Es \u00f6ffnet sich ein Formular, in das Sie Ihre Daten wie Vor- und Nachname, E-Mail-Adresse, Telefonnummer usw. eingeben m\u00fcssen. Bitte \u00fcberpr\u00fcfen Sie alle Angaben, bevor Sie Ihre Registrierung abschlie\u00dfen, da falsche Angaben Ihre Chancen auf einen Geldpreis verringern k\u00f6nnen. Haben Sie Ihre Daten \u00fcberpr\u00fcft? Gut! Best\u00e4tigen Sie Ihre Anmeldung, indem Sie unten im Anmeldeformular auf \u201eRegistrieren\u201c klicken.<\/p>\n<p>Wenn Sie alles korrekt ausgef\u00fchrt haben, erhalten Sie eine neue E-Mail mit Ihren Anmeldedaten und weiteren n\u00fctzlichen Informationen. Jetzt k\u00f6nnen Sie online ein PowerBall-Los kaufen. W\u00e4hlen Sie dazu entweder auf der Startseite die gew\u00fcnschte Lotterie aus oder klicken Sie auf \u201eLotterien\u201c und w\u00e4hlen Sie sie dort aus.<\/p>\n<p>Wenn Sie die PowerBall-Seite korrekt ge\u00f6ffnet haben, sehen Sie eine kurze Beschreibung und einen gro\u00dfen \u201eJetzt spielen\u201c-Button. Klicken Sie auf diesen Button, um ein Los zu kaufen. Die n\u00e4chste Seite \u00f6ffnet sich. Sie ist etwas komplizierter und bietet Ihnen verschiedene Auswahlm\u00f6glichkeiten f\u00fcr Ihr Los (Sie k\u00f6nnen auch zuerst Ihre Lottozahlen ausw\u00e4hlen und sich anschlie\u00dfend anmelden):<\/p>\n<p><strong>Die Anzahl der Reihen, die Sie spielen m\u00f6chten<\/strong>. Dies steht f\u00fcr die Anzahl der Zahlenkombinationen, die Sie f\u00fcr PowerBall kaufen m\u00f6chten. Mit zwei Zahlenkombinationen haben Sie beispielsweise auch dann noch eine Chance auf den Powerball-Jackpot, wenn eine der Kombinationen nicht erfolgreich ist. Um es klarer auszudr\u00fccken: Sie erhalten zwei separate Lottoscheine \u2013 Ihre Chance verdoppelt sich also!<\/p>\n<p><strong>Anzahl der Ziehungen, an denen Sie teilnehmen m\u00f6chten<\/strong> \u2013 Powerball-Ziehungen finden bekanntlich zweimal w\u00f6chentlich statt, jeden Mittwoch und Samstag. Der empfohlene Kaufbetrag betr\u00e4gt sechs Ziehungen, sodass Ihre Zahlen sechs Gewinnchancen haben. Sie k\u00f6nnen bis zu 52 aufeinanderfolgende Ziehungen \u00fcber sieben Monate hinweg kaufen!<\/p>\n<p><strong>Zahlenauswahl<\/strong> \u2013 Sie k\u00f6nnen entweder Ihre eigenen Zahlen ausw\u00e4hlen oder den Zufallszahlengenerator \u201eQuick Pick\u201c nutzen, der automatisch Zahlen f\u00fcr Sie ausw\u00e4hlt. Bevor Sie dies tun, hier ein kurzer Hinweis: 68 % der Jackpot-Gewinner w\u00e4hlten ihre Powerball-Zahlen mit der Schnellauswahl!<\/p>\n<p>Nachdem Sie Ihre Zahlen ausgew\u00e4hlt haben, gelangen Sie zu Ihrer Warenkorb\u00fcbersicht. Wenn alles in Ordnung ist, k\u00f6nnen Sie zur Kasse gehen.<\/p>\n<h2>PowerBall-Lottoschein kaufen<\/h2>\n<p>Nachdem Sie Ihre Zahlen ausgew\u00e4hlt und Ihre Bestellung \u00fcberpr\u00fcft haben, k\u00f6nnen Sie den Kauf abschlie\u00dfen. RedFoxLotto bietet eine Vielzahl von Zahlungsmethoden f\u00fcr die Bezahlung und Bestellung Ihres Powerball-Loses. M\u00f6gliche Zahlungsmethoden:<\/p>\n<ul>\n<li>VISA, MasterCard, VISA Debit, Visa Electron f\u00fcr Kreditkarten.<\/li>\n<li>EntroPay, Skrill, Neteller, Ukash f\u00fcr E-Wallets.<\/li>\n<li>Bank\u00fcberweisung.<\/li>\n<li>Bitcoin.<\/li>\n<\/ul>\n<p>Zahlungen werden sofort bearbeitet. Nach Abschluss erhalten Sie eine Best\u00e4tigungsnachricht an Ihre registrierte E-Mail-Adresse. Nachdem Ihre Bestellung best\u00e4tigt und Ihre Powerball-Lose gekauft wurden, erhalten Sie eine Best\u00e4tigungs-E-Mail. Im Falle eines Gewinns erhalten Sie eine weitere E-Mail, damit Sie Ihr Los \u00fcberpr\u00fcfen k\u00f6nnen.<\/p>\n<h2>Ich habe gespielt und gewonnen! Wie erhalte ich mein Geld?<\/h2>\n<p>Zun\u00e4chst einmal herzlichen Gl\u00fcckwunsch! Wenn der Gewinn unter 2500 \u20ac liegt, erhalten Sie Ihr Geld folgenderma\u00dfen:<\/p>\n<ul>\n<li>Der Betrag kann Ihrem Kundenkonto bei RedFoxLotto gutgeschrieben und f\u00fcr neue Abonnements verwendet werden.<\/li>\n<li>Oder Sie k\u00f6nnen ihn von Ihrem Kundenkonto auf demselben Weg auszahlen lassen, auf dem Sie die Zahlung get\u00e4tigt haben.<\/li>\n<\/ul>\n<p>Wenn Sie einen Gewinn \u00fcber 2500 \u20ac gewinnen, haben Sie drei M\u00f6glichkeiten:<\/p>\n<ul>\n<li>RedFoxLotto kann Ihnen eine offizielle Lotterie-Mitteilung senden.Sie m\u00fcssen ein Antragsformular ausf\u00fcllen und zur\u00fccksenden. Das Unternehmen leitet das Formular dann an die Powerball-Kommission weiter und beantragt die Auszahlung Ihres Gewinns per Scheck. Einige Lotteriekommissionen verlangen jedoch m\u00f6glicherweise, dass Sie den Gewinn pers\u00f6nlich in Empfang nehmen, falls Sie den Jackpot gewinnen.<\/li>\n<li>Sie k\u00f6nnen Ihr Gewinnlos pers\u00f6nlich in einer RedFoxLotto-Filiale entgegennehmen und Ihren Gewinn selbst abholen.<\/li>\n<li>Sie k\u00f6nnen sich Ihr Los per Kurier oder einem anderen Lieferdienst Ihrer Wahl zusenden lassen. Die Kosten und Risiken der Zustellung des Loses tragen Sie.<\/li>\n<\/ul>\n<p><strong>RedFoxLotto erhebt in keinem Fall Geb\u00fchren f\u00fcr die Auszahlung Ihres Powerball-Gewinns und beh\u00e4lt auch keinen Anteil am Gewinn ein!<\/strong><\/p>\n","protected":false},"excerpt":{"rendered":"<p>So spielen Sie Powerball online, egal wo Sie wohnen Wie Sie unserem Startseitenartikel entnehmen konnten, k\u00f6nnen Sie dank RedFoxLotto.com jetzt alle internationalen Lotterielose online kaufen \u2013 auch Powerball. Egal, ob Sie in den USA, Japan oder einem anderen Land wohnen, Sie k\u00f6nnen am Powerball Lotto und an vielen anderen Lotterien teilnehmen. Sie ben\u00f6tigen lediglich einen &hellip; <\/p>\n<p class=\"link-more\"><a href=\"https:\/\/powerballticketonline.com\/de\/powerball-online-spielen\/\" class=\"more-link\">Mehr <span class=\"screen-reader-text\">\u00fcber &#8222;Powerball online spielen&#8220; <\/span>Lesen<\/a><\/p>\n","protected":false},"author":1,"featured_media":0,"parent":0,"menu_order":0,"comment_status":"closed","ping_status":"closed","template":"","meta":{"footnotes":""},"class_list":["post-53","page","type-page","status-publish","hentry"],"yoast_head":"<!-- This site is optimized with the Yoast SEO plugin v27.3 - https:\/\/yoast.com\/product\/yoast-seo-wordpress\/ -->\n<title>Powerball online spielen<\/title>\n<meta name=\"robots\" content=\"index, follow, max-snippet:-1, max-image-preview:large, max-video-preview:-1\" \/>\n<link rel=\"canonical\" href=\"https:\/\/powerballticketonline.com\/de\/powerball-online-spielen\/\" \/>\n<meta property=\"og:locale\" content=\"de_DE\" \/>\n<meta property=\"og:type\" content=\"article\" \/>\n<meta property=\"og:title\" content=\"Powerball online spielen\" \/>\n<meta property=\"og:description\" content=\"So spielen Sie Powerball online, egal wo Sie wohnen Wie Sie unserem Startseitenartikel entnehmen konnten, k\u00f6nnen Sie dank RedFoxLotto.com jetzt alle internationalen Lotterielose online kaufen \u2013 auch Powerball. Egal, ob Sie in den USA, Japan oder einem anderen Land wohnen, Sie k\u00f6nnen am Powerball Lotto und an vielen anderen Lotterien teilnehmen. Sie ben\u00f6tigen lediglich einen &hellip; Mehr \u00fcber &quot;Powerball online spielen&quot; Lesen\" \/>\n<meta property=\"og:url\" content=\"https:\/\/powerballticketonline.com\/de\/powerball-online-spielen\/\" \/>\n<meta name=\"twitter:card\" content=\"summary_large_image\" \/>\n<meta name=\"twitter:label1\" content=\"Gesch\u00e4tzte Lesezeit\" \/>\n\t<meta name=\"twitter:data1\" content=\"4\u00a0Minuten\" \/>\n<script type=\"application\/ld+json\" class=\"yoast-schema-graph\">{\"@context\":\"https:\\\/\\\/schema.org\",\"@graph\":[{\"@type\":\"WebPage\",\"@id\":\"https:\\\/\\\/powerballticketonline.com\\\/de\\\/powerball-online-spielen\\\/\",\"url\":\"https:\\\/\\\/powerballticketonline.com\\\/de\\\/powerball-online-spielen\\\/\",\"name\":\"Powerball online spielen\",\"isPartOf\":{\"@id\":\"https:\\\/\\\/powerballticketonline.com\\\/de\\\/#website\"},\"datePublished\":\"2025-08-04T10:27:58+00:00\",\"breadcrumb\":{\"@id\":\"https:\\\/\\\/powerballticketonline.com\\\/de\\\/powerball-online-spielen\\\/#breadcrumb\"},\"inLanguage\":\"de\",\"potentialAction\":[{\"@type\":\"ReadAction\",\"target\":[\"https:\\\/\\\/powerballticketonline.com\\\/de\\\/powerball-online-spielen\\\/\"]}]},{\"@type\":\"BreadcrumbList\",\"@id\":\"https:\\\/\\\/powerballticketonline.com\\\/de\\\/powerball-online-spielen\\\/#breadcrumb\",\"itemListElement\":[{\"@type\":\"ListItem\",\"position\":1,\"name\":\"Home\",\"item\":\"https:\\\/\\\/powerballticketonline.com\\\/de\\\/\"},{\"@type\":\"ListItem\",\"position\":2,\"name\":\"Powerball online spielen\"}]},{\"@type\":\"WebSite\",\"@id\":\"https:\\\/\\\/powerballticketonline.com\\\/de\\\/#website\",\"url\":\"https:\\\/\\\/powerballticketonline.com\\\/de\\\/\",\"name\":\"\",\"description\":\"\",\"potentialAction\":[{\"@type\":\"SearchAction\",\"target\":{\"@type\":\"EntryPoint\",\"urlTemplate\":\"https:\\\/\\\/powerballticketonline.com\\\/de\\\/?s={search_term_string}\"},\"query-input\":{\"@type\":\"PropertyValueSpecification\",\"valueRequired\":true,\"valueName\":\"search_term_string\"}}],\"inLanguage\":\"de\"}]}<\/script>\n<!-- \/ Yoast SEO plugin. -->","yoast_head_json":{"title":"Powerball online spielen","robots":{"index":"index","follow":"follow","max-snippet":"max-snippet:-1","max-image-preview":"max-image-preview:large","max-video-preview":"max-video-preview:-1"},"canonical":"https:\/\/powerballticketonline.com\/de\/powerball-online-spielen\/","og_locale":"de_DE","og_type":"article","og_title":"Powerball online spielen","og_description":"So spielen Sie Powerball online, egal wo Sie wohnen Wie Sie unserem Startseitenartikel entnehmen konnten, k\u00f6nnen Sie dank RedFoxLotto.com jetzt alle internationalen Lotterielose online kaufen \u2013 auch Powerball. Egal, ob Sie in den USA, Japan oder einem anderen Land wohnen, Sie k\u00f6nnen am Powerball Lotto und an vielen anderen Lotterien teilnehmen. Sie ben\u00f6tigen lediglich einen &hellip; Mehr \u00fcber \"Powerball online spielen\" Lesen","og_url":"https:\/\/powerballticketonline.com\/de\/powerball-online-spielen\/","twitter_card":"summary_large_image","twitter_misc":{"Gesch\u00e4tzte Lesezeit":"4\u00a0Minuten"},"schema":{"@context":"https:\/\/schema.org","@graph":[{"@type":"WebPage","@id":"https:\/\/powerballticketonline.com\/de\/powerball-online-spielen\/","url":"https:\/\/powerballticketonline.com\/de\/powerball-online-spielen\/","name":"Powerball online spielen","isPartOf":{"@id":"https:\/\/powerballticketonline.com\/de\/#website"},"datePublished":"2025-08-04T10:27:58+00:00","breadcrumb":{"@id":"https:\/\/powerballticketonline.com\/de\/powerball-online-spielen\/#breadcrumb"},"inLanguage":"de","potentialAction":[{"@type":"ReadAction","target":["https:\/\/powerballticketonline.com\/de\/powerball-online-spielen\/"]}]},{"@type":"BreadcrumbList","@id":"https:\/\/powerballticketonline.com\/de\/powerball-online-spielen\/#breadcrumb","itemListElement":[{"@type":"ListItem","position":1,"name":"Home","item":"https:\/\/powerballticketonline.com\/de\/"},{"@type":"ListItem","position":2,"name":"Powerball online spielen"}]},{"@type":"WebSite","@id":"https:\/\/powerballticketonline.com\/de\/#website","url":"https:\/\/powerballticketonline.com\/de\/","name":"","description":"","potentialAction":[{"@type":"SearchAction","target":{"@type":"EntryPoint","urlTemplate":"https:\/\/powerballticketonline.com\/de\/?s={search_term_string}"},"query-input":{"@type":"PropertyValueSpecification","valueRequired":true,"valueName":"search_term_string"}}],"inLanguage":"de"}]}},"_links":{"self":[{"href":"https:\/\/powerballticketonline.com\/de\/wp-json\/wp\/v2\/pages\/53","targetHints":{"allow":["GET"]}}],"collection":[{"href":"https:\/\/powerballticketonline.com\/de\/wp-json\/wp\/v2\/pages"}],"about":[{"href":"https:\/\/powerballticketonline.com\/de\/wp-json\/wp\/v2\/types\/page"}],"author":[{"embeddable":true,"href":"https:\/\/powerballticketonline.com\/de\/wp-json\/wp\/v2\/users\/1"}],"replies":[{"embeddable":true,"href":"https:\/\/powerballticketonline.com\/de\/wp-json\/wp\/v2\/comments?post=53"}],"version-history":[{"count":0,"href":"https:\/\/powerballticketonline.com\/de\/wp-json\/wp\/v2\/pages\/53\/revisions"}],"wp:attachment":[{"href":"https:\/\/powerballticketonline.com\/de\/wp-json\/wp\/v2\/media?parent=53"}],"curies":[{"name":"wp","href":"https:\/\/api.w.org\/{rel}","templated":true}]}}