{"id":54,"date":"2025-08-04T10:32:03","date_gmt":"2025-08-04T10:32:03","guid":{"rendered":"https:\/\/powerballticketonline.com\/geschicklichkeitsbasierte-online-spiele\/"},"modified":"2025-08-04T10:32:03","modified_gmt":"2025-08-04T10:32:03","slug":"geschicklichkeitsbasierte-online-spiele","status":"publish","type":"page","link":"https:\/\/powerballticketonline.com\/de\/geschicklichkeitsbasierte-online-spiele\/","title":{"rendered":"Geschicklichkeitsbasierte Online-Spiele"},"content":{"rendered":"<h1>Online-Geschicklichkeitsspiele um Geld spielen<\/h1>\n<p>Die Aussicht, mit einem Lottoschein den Jackpot zu knacken, ist sicherlich verlockend, vor allem, da Websites wie <a href=\"https:\/\/www.jackpotlotteryonline.com\">www.jackpotlotteryonline.com<\/a> oder <a href=\"https:\/\/www.onlinelotto365.com\">www.onlinelotto365.com<\/a> Ihnen eine gro\u00dfe Auswahl an internationalen Jackpots bieten. Aber haben Sie sich schon einmal gew\u00fcnscht, den Ausgang eines Spiels beeinflussen zu k\u00f6nnen, das weniger Gl\u00fccksspiel ist als Lotto?<\/p>\n<p>Nun, Sie wissen, dass es daf\u00fcr einige M\u00f6glichkeiten gibt. Typische Spiele, bei denen (mehr oder weniger) Geschick gefragt ist, sind Online-Poker und Online-Blackjack, und dann gibt es nat\u00fcrlich noch Sportwetten. Alle drei sind gro\u00dfartige Optionen, mit denen Sie das Ergebnis und die Gewinnchancen beeinflussen k\u00f6nnen, indem Sie entweder eine Gewinnstrategie anwenden oder relevante Informationen einholen, bevor Sie auf ein Pferd, eine Fu\u00dfballmannschaft oder einen einzelnen Spieler wetten.<\/p>\n<h2>Die richtige Strategie<\/h2>\n<p>Auch wenn Ihr Pokerspiel nicht besonders gut ist, k\u00f6nnen Sie es leicht verbessern und zu einem erfolgreichen Spieler werden. Es gibt zahlreiche Websites, die Ihnen beim Erlernen der richtigen Strategie helfen. Eine hervorragende Website ist <span style=\"text-decoration: underline;\"><a href=\"http:\/\/www.poker-coaching.net\/en\">www.poker-coaching.net<\/a><\/span>. Lesen Sie die Artikel \u00fcber Pokerstrategien, Tipps zu Anmeldeboni und Tipps zur Auswahl einer guten Plattform f\u00fcr Online-Poker.<\/p>\n<p>Beim Blackjack ist viel mehr Strategie erforderlich, als Sie vielleicht denken. Nat\u00fcrlich hat das Casino immer noch einen Vorteil (es handelt sich schlie\u00dflich nicht um eine Wohlt\u00e4tigkeitsorganisation), aber Sie k\u00f6nnen seinen Vorteil verringern und so Ihre Chancen erheblich verbessern, indem Sie <a href=\"http:\/\/www.gambling6.com\/casino\/strategy\/how-to-minimize-the-casino-advantage-in-blackjack\" target=\"_blank\" rel=\"noopener noreferrer\"><span style=\"text-decoration: underline;\">Tipps wie diesen Artikel nutzen<\/span>.<\/a><\/p>\n<p>Und wenn es um Sportwetten geht, ist Information das A und O. Nat\u00fcrlich m\u00fcssen Sie \u00fcber die neuesten Ergebnisse informiert sein, die Sportseiten Ihrer Zeitung lesen und online recherchieren. Aber um wirklich erfolgreich zu sein, ben\u00f6tigen Sie fundierte Kenntnisse \u00fcber die Funktionsweise des jeweiligen Spiels. Holen Sie sich Ratschl\u00e4ge von ehemaligen Profis, finden Sie heraus, was der Unterschied zwischen einem 4-4-2-System und einem 3-4-2-1-System im Fu\u00dfball ist und so weiter. F\u00fcr jede Sportart gibt es einige Websites mit tollen Informationen, die sogar kostenlos sind. Einige davon wurden zwar nicht speziell f\u00fcr Sportwetten entwickelt, sind aber dennoch sehr n\u00fctzlich.<\/p>\n<p>Noch besser: Suchen Sie sich eine Website, die sich mit einer bestimmten Sportart UND mit Wetten besch\u00e4ftigt. Eine der besten ist <span style=\"text-decoration: underline;\"><a href=\"http:\/\/www.tennisbet.net\">www.tennisbet.net<\/a><\/span>. Schon nach dem Lesen einiger Artikel werden Sie ein Tennisspiel mit anderen Augen sehen und viele gute Wettm\u00f6glichkeiten vor und w\u00e4hrend des Spiels finden.<\/p>\n<p>Egal, welche Sportart Sie bevorzugen, mit einer einfachen Google-Suche finden Sie Websites, die Ihnen helfen, Ihre Ergebnisse zu verbessern. Und das ist der beste Weg, den Gl\u00fccksfaktor beim Gl\u00fccksspiel zu reduzieren!<\/p>\n<p>&nbsp;<\/p>\n","protected":false},"excerpt":{"rendered":"<p>Online-Geschicklichkeitsspiele um Geld spielen Die Aussicht, mit einem Lottoschein den Jackpot zu knacken, ist sicherlich verlockend, vor allem, da Websites wie www.jackpotlotteryonline.com oder www.onlinelotto365.com Ihnen eine gro\u00dfe Auswahl an internationalen Jackpots bieten. Aber haben Sie sich schon einmal gew\u00fcnscht, den Ausgang eines Spiels beeinflussen zu k\u00f6nnen, das weniger Gl\u00fccksspiel ist als Lotto? Nun, Sie wissen, &hellip; <\/p>\n<p class=\"link-more\"><a href=\"https:\/\/powerballticketonline.com\/de\/geschicklichkeitsbasierte-online-spiele\/\" class=\"more-link\">Mehr <span class=\"screen-reader-text\">\u00fcber &#8222;Geschicklichkeitsbasierte Online-Spiele&#8220; <\/span>Lesen<\/a><\/p>\n","protected":false},"author":1,"featured_media":0,"parent":0,"menu_order":0,"comment_status":"closed","ping_status":"closed","template":"","meta":{"footnotes":""},"class_list":["post-54","page","type-page","status-publish","hentry"],"yoast_head":"<!-- This site is optimized with the Yoast SEO plugin v27.3 - https:\/\/yoast.com\/product\/yoast-seo-wordpress\/ -->\n<title>Geschicklichkeitsbasierte Online-Spiele -<\/title>\n<meta name=\"robots\" content=\"index, follow, max-snippet:-1, max-image-preview:large, max-video-preview:-1\" \/>\n<link rel=\"canonical\" href=\"https:\/\/powerballticketonline.com\/de\/geschicklichkeitsbasierte-online-spiele\/\" \/>\n<meta property=\"og:locale\" content=\"de_DE\" \/>\n<meta property=\"og:type\" content=\"article\" \/>\n<meta property=\"og:title\" content=\"Geschicklichkeitsbasierte Online-Spiele -\" \/>\n<meta property=\"og:description\" content=\"Online-Geschicklichkeitsspiele um Geld spielen Die Aussicht, mit einem Lottoschein den Jackpot zu knacken, ist sicherlich verlockend, vor allem, da Websites wie www.jackpotlotteryonline.com oder www.onlinelotto365.com Ihnen eine gro\u00dfe Auswahl an internationalen Jackpots bieten. Aber haben Sie sich schon einmal gew\u00fcnscht, den Ausgang eines Spiels beeinflussen zu k\u00f6nnen, das weniger Gl\u00fccksspiel ist als Lotto? Nun, Sie wissen, &hellip; Mehr \u00fcber &quot;Geschicklichkeitsbasierte Online-Spiele&quot; Lesen\" \/>\n<meta property=\"og:url\" content=\"https:\/\/powerballticketonline.com\/de\/geschicklichkeitsbasierte-online-spiele\/\" \/>\n<meta name=\"twitter:card\" content=\"summary_large_image\" \/>\n<meta name=\"twitter:label1\" content=\"Gesch\u00e4tzte Lesezeit\" \/>\n\t<meta name=\"twitter:data1\" content=\"2\u00a0Minuten\" \/>\n<script type=\"application\/ld+json\" class=\"yoast-schema-graph\">{\"@context\":\"https:\\\/\\\/schema.org\",\"@graph\":[{\"@type\":\"WebPage\",\"@id\":\"https:\\\/\\\/powerballticketonline.com\\\/de\\\/geschicklichkeitsbasierte-online-spiele\\\/\",\"url\":\"https:\\\/\\\/powerballticketonline.com\\\/de\\\/geschicklichkeitsbasierte-online-spiele\\\/\",\"name\":\"Geschicklichkeitsbasierte Online-Spiele -\",\"isPartOf\":{\"@id\":\"https:\\\/\\\/powerballticketonline.com\\\/de\\\/#website\"},\"datePublished\":\"2025-08-04T10:32:03+00:00\",\"breadcrumb\":{\"@id\":\"https:\\\/\\\/powerballticketonline.com\\\/de\\\/geschicklichkeitsbasierte-online-spiele\\\/#breadcrumb\"},\"inLanguage\":\"de\",\"potentialAction\":[{\"@type\":\"ReadAction\",\"target\":[\"https:\\\/\\\/powerballticketonline.com\\\/de\\\/geschicklichkeitsbasierte-online-spiele\\\/\"]}]},{\"@type\":\"BreadcrumbList\",\"@id\":\"https:\\\/\\\/powerballticketonline.com\\\/de\\\/geschicklichkeitsbasierte-online-spiele\\\/#breadcrumb\",\"itemListElement\":[{\"@type\":\"ListItem\",\"position\":1,\"name\":\"Home\",\"item\":\"https:\\\/\\\/powerballticketonline.com\\\/de\\\/\"},{\"@type\":\"ListItem\",\"position\":2,\"name\":\"Geschicklichkeitsbasierte Online-Spiele\"}]},{\"@type\":\"WebSite\",\"@id\":\"https:\\\/\\\/powerballticketonline.com\\\/de\\\/#website\",\"url\":\"https:\\\/\\\/powerballticketonline.com\\\/de\\\/\",\"name\":\"\",\"description\":\"\",\"potentialAction\":[{\"@type\":\"SearchAction\",\"target\":{\"@type\":\"EntryPoint\",\"urlTemplate\":\"https:\\\/\\\/powerballticketonline.com\\\/de\\\/?s={search_term_string}\"},\"query-input\":{\"@type\":\"PropertyValueSpecification\",\"valueRequired\":true,\"valueName\":\"search_term_string\"}}],\"inLanguage\":\"de\"}]}<\/script>\n<!-- \/ Yoast SEO plugin. -->","yoast_head_json":{"title":"Geschicklichkeitsbasierte Online-Spiele -","robots":{"index":"index","follow":"follow","max-snippet":"max-snippet:-1","max-image-preview":"max-image-preview:large","max-video-preview":"max-video-preview:-1"},"canonical":"https:\/\/powerballticketonline.com\/de\/geschicklichkeitsbasierte-online-spiele\/","og_locale":"de_DE","og_type":"article","og_title":"Geschicklichkeitsbasierte Online-Spiele -","og_description":"Online-Geschicklichkeitsspiele um Geld spielen Die Aussicht, mit einem Lottoschein den Jackpot zu knacken, ist sicherlich verlockend, vor allem, da Websites wie www.jackpotlotteryonline.com oder www.onlinelotto365.com Ihnen eine gro\u00dfe Auswahl an internationalen Jackpots bieten. Aber haben Sie sich schon einmal gew\u00fcnscht, den Ausgang eines Spiels beeinflussen zu k\u00f6nnen, das weniger Gl\u00fccksspiel ist als Lotto? Nun, Sie wissen, &hellip; Mehr \u00fcber \"Geschicklichkeitsbasierte Online-Spiele\" Lesen","og_url":"https:\/\/powerballticketonline.com\/de\/geschicklichkeitsbasierte-online-spiele\/","twitter_card":"summary_large_image","twitter_misc":{"Gesch\u00e4tzte Lesezeit":"2\u00a0Minuten"},"schema":{"@context":"https:\/\/schema.org","@graph":[{"@type":"WebPage","@id":"https:\/\/powerballticketonline.com\/de\/geschicklichkeitsbasierte-online-spiele\/","url":"https:\/\/powerballticketonline.com\/de\/geschicklichkeitsbasierte-online-spiele\/","name":"Geschicklichkeitsbasierte Online-Spiele -","isPartOf":{"@id":"https:\/\/powerballticketonline.com\/de\/#website"},"datePublished":"2025-08-04T10:32:03+00:00","breadcrumb":{"@id":"https:\/\/powerballticketonline.com\/de\/geschicklichkeitsbasierte-online-spiele\/#breadcrumb"},"inLanguage":"de","potentialAction":[{"@type":"ReadAction","target":["https:\/\/powerballticketonline.com\/de\/geschicklichkeitsbasierte-online-spiele\/"]}]},{"@type":"BreadcrumbList","@id":"https:\/\/powerballticketonline.com\/de\/geschicklichkeitsbasierte-online-spiele\/#breadcrumb","itemListElement":[{"@type":"ListItem","position":1,"name":"Home","item":"https:\/\/powerballticketonline.com\/de\/"},{"@type":"ListItem","position":2,"name":"Geschicklichkeitsbasierte Online-Spiele"}]},{"@type":"WebSite","@id":"https:\/\/powerballticketonline.com\/de\/#website","url":"https:\/\/powerballticketonline.com\/de\/","name":"","description":"","potentialAction":[{"@type":"SearchAction","target":{"@type":"EntryPoint","urlTemplate":"https:\/\/powerballticketonline.com\/de\/?s={search_term_string}"},"query-input":{"@type":"PropertyValueSpecification","valueRequired":true,"valueName":"search_term_string"}}],"inLanguage":"de"}]}},"_links":{"self":[{"href":"https:\/\/powerballticketonline.com\/de\/wp-json\/wp\/v2\/pages\/54","targetHints":{"allow":["GET"]}}],"collection":[{"href":"https:\/\/powerballticketonline.com\/de\/wp-json\/wp\/v2\/pages"}],"about":[{"href":"https:\/\/powerballticketonline.com\/de\/wp-json\/wp\/v2\/types\/page"}],"author":[{"embeddable":true,"href":"https:\/\/powerballticketonline.com\/de\/wp-json\/wp\/v2\/users\/1"}],"replies":[{"embeddable":true,"href":"https:\/\/powerballticketonline.com\/de\/wp-json\/wp\/v2\/comments?post=54"}],"version-history":[{"count":0,"href":"https:\/\/powerballticketonline.com\/de\/wp-json\/wp\/v2\/pages\/54\/revisions"}],"wp:attachment":[{"href":"https:\/\/powerballticketonline.com\/de\/wp-json\/wp\/v2\/media?parent=54"}],"curies":[{"name":"wp","href":"https:\/\/api.w.org\/{rel}","templated":true}]}}