{"id":55,"date":"2025-08-04T10:30:36","date_gmt":"2025-08-04T10:30:36","guid":{"rendered":"https:\/\/powerballticketonline.com\/die-besten-powerball-lottozahlen-heute\/"},"modified":"2025-08-04T10:43:26","modified_gmt":"2025-08-04T10:43:26","slug":"die-besten-powerball-lottozahlen-heute","status":"publish","type":"page","link":"https:\/\/powerballticketonline.com\/de\/ueberpruefen-sie-die-powerball-zahlen\/die-besten-powerball-lottozahlen-heute\/","title":{"rendered":"Die besten Powerball-Lottozahlen heute"},"content":{"rendered":"<h1>Die besten Powerball-Lottozahlen heute: Die gl\u00fccklichsten Gewinnzahlen<\/h1>\n<p>Es gibt nicht die eine beste Powerball-Lottozahlenkombination zum <a href=\"https:\/\/redfoxlotto.com\/play\/\">Spielen<\/a>. Die Gewinnchancen f\u00fcr den Powerball-Hauptpreis liegen bei 1 zu 292.201.338, sodass jede gew\u00e4hlte Zahlenkombination die gleiche Chance hat, gezogen zu werden. Obwohl es keine sichere Methode gibt, die Gewinnzahlen zu tippen, schadet es nicht, sich die in den letzten Jahren am h\u00e4ufigsten gezogenen Gewinnzahlen anzuschauen. So k\u00f6nnen Sie die Gewinnchancen \u00fcbertreffen! Schlie\u00dflich dreht sich alles um <a href=\"https:\/\/gambling6.com\">Gl\u00fccksspiel<\/a>!<\/p>\n<p>Diese Zahlen (wei\u00dfe Kugeln) wurden in den letzten 7 Jahren am h\u00e4ufigsten gezogen.<\/p>\n<p>14 \u2013 wurde 46 Mal gezogen.<br \/>21 \u2013 wurde 46 Mal gezogen.<br \/>3 \u2013 wurde 48 Mal gezogen.<br \/>64 \u2013 wurde 49 Mal gezogen.<br \/>53 \u2013 wurde 50 Mal gezogen.<br \/>69 \u2013 wurde 50 Mal gezogen.<br \/>61 \u2013 wurde 51 Mal gezogen.<br \/>32 \u2013 wurde 56 Mal gezogen.<br \/>23 \u2013 wurde 58 Mal gezogen.<br \/>27 \u2013 wurde 46 Mal gezogen.<br \/>62 \u2013 wurde 46 Mal gezogen.<br \/>12, 28, 41, 56, 59 und 63 \u2013 wurden 45 Mal gezogen<\/p>\n<p>Was ist mit roten Zahlen? Diese roten Zahlen wurden in den letzten 7 Jahren am h\u00e4ufigsten gezogen.<\/p>\n<p>18 \u2013 29-mal gezogen.<br \/>21 \u2013 28-mal gezogen.<br \/>13 \u2013 27-mal gezogen.<br \/>3 \u2013 24-mal gezogen.<br \/>6 \u2013 24-mal gezogen.<br \/>4 \u2013 23-mal gezogen.<br \/>24 \u2013 30-mal gezogen.<br \/>8 \u2013 21-mal gezogen.<br \/>20 \u2013 21-mal gezogen.<br \/>9, 10, 19, 25, 26 \u2013 jeweils 22-mal gezogen.<br \/>2, 11, 14 \u2013 jeweils 20-mal gezogen.<\/p>\n<p>&nbsp;<\/p>\n<p>Mit diesen Gewinnzahlen aus der Vergangenheit haben Sie gute Chancen, den Powerball zu gewinnen. Lotterie. Kaufen Sie Ihre Powerball-Tickets noch heute bei <a href=\"https:\/\/redfoxlotto.com\/\">Redfoxlotto<\/a> und viel Gl\u00fcck!<\/p>\n","protected":false},"excerpt":{"rendered":"<p>Die besten Powerball-Lottozahlen heute: Die gl\u00fccklichsten Gewinnzahlen Es gibt nicht die eine beste Powerball-Lottozahlenkombination zum Spielen. Die Gewinnchancen f\u00fcr den Powerball-Hauptpreis liegen bei 1 zu 292.201.338, sodass jede gew\u00e4hlte Zahlenkombination die gleiche Chance hat, gezogen zu werden. Obwohl es keine sichere Methode gibt, die Gewinnzahlen zu tippen, schadet es nicht, sich die in den letzten &hellip; <\/p>\n<p class=\"link-more\"><a href=\"https:\/\/powerballticketonline.com\/de\/ueberpruefen-sie-die-powerball-zahlen\/die-besten-powerball-lottozahlen-heute\/\" class=\"more-link\">Mehr <span class=\"screen-reader-text\">\u00fcber &#8222;Die besten Powerball-Lottozahlen heute&#8220; <\/span>Lesen<\/a><\/p>\n","protected":false},"author":1,"featured_media":0,"parent":56,"menu_order":0,"comment_status":"closed","ping_status":"closed","template":"","meta":{"footnotes":""},"class_list":["post-55","page","type-page","status-publish","hentry"],"yoast_head":"<!-- This site is optimized with the Yoast SEO plugin v27.3 - https:\/\/yoast.com\/product\/yoast-seo-wordpress\/ -->\n<title>Die besten Powerball-Lottozahlen heute -<\/title>\n<meta name=\"robots\" content=\"index, follow, max-snippet:-1, max-image-preview:large, max-video-preview:-1\" \/>\n<link rel=\"canonical\" href=\"https:\/\/powerballticketonline.com\/de\/ueberpruefen-sie-die-powerball-zahlen\/die-besten-powerball-lottozahlen-heute\/\" \/>\n<meta property=\"og:locale\" content=\"de_DE\" \/>\n<meta property=\"og:type\" content=\"article\" \/>\n<meta property=\"og:title\" content=\"Die besten Powerball-Lottozahlen heute -\" \/>\n<meta property=\"og:description\" content=\"Die besten Powerball-Lottozahlen heute: Die gl\u00fccklichsten Gewinnzahlen Es gibt nicht die eine beste Powerball-Lottozahlenkombination zum Spielen. Die Gewinnchancen f\u00fcr den Powerball-Hauptpreis liegen bei 1 zu 292.201.338, sodass jede gew\u00e4hlte Zahlenkombination die gleiche Chance hat, gezogen zu werden. Obwohl es keine sichere Methode gibt, die Gewinnzahlen zu tippen, schadet es nicht, sich die in den letzten &hellip; Mehr \u00fcber &quot;Die besten Powerball-Lottozahlen heute&quot; Lesen\" \/>\n<meta property=\"og:url\" content=\"https:\/\/powerballticketonline.com\/de\/ueberpruefen-sie-die-powerball-zahlen\/die-besten-powerball-lottozahlen-heute\/\" \/>\n<meta property=\"article:modified_time\" content=\"2025-08-04T10:43:26+00:00\" \/>\n<meta name=\"twitter:card\" content=\"summary_large_image\" \/>\n<meta name=\"twitter:label1\" content=\"Gesch\u00e4tzte Lesezeit\" \/>\n\t<meta name=\"twitter:data1\" content=\"1\u00a0Minute\" \/>\n<script type=\"application\/ld+json\" class=\"yoast-schema-graph\">{\"@context\":\"https:\\\/\\\/schema.org\",\"@graph\":[{\"@type\":\"WebPage\",\"@id\":\"https:\\\/\\\/powerballticketonline.com\\\/de\\\/ueberpruefen-sie-die-powerball-zahlen\\\/die-besten-powerball-lottozahlen-heute\\\/\",\"url\":\"https:\\\/\\\/powerballticketonline.com\\\/de\\\/ueberpruefen-sie-die-powerball-zahlen\\\/die-besten-powerball-lottozahlen-heute\\\/\",\"name\":\"Die besten Powerball-Lottozahlen heute -\",\"isPartOf\":{\"@id\":\"https:\\\/\\\/powerballticketonline.com\\\/de\\\/#website\"},\"datePublished\":\"2025-08-04T10:30:36+00:00\",\"dateModified\":\"2025-08-04T10:43:26+00:00\",\"breadcrumb\":{\"@id\":\"https:\\\/\\\/powerballticketonline.com\\\/de\\\/ueberpruefen-sie-die-powerball-zahlen\\\/die-besten-powerball-lottozahlen-heute\\\/#breadcrumb\"},\"inLanguage\":\"de\",\"potentialAction\":[{\"@type\":\"ReadAction\",\"target\":[\"https:\\\/\\\/powerballticketonline.com\\\/de\\\/ueberpruefen-sie-die-powerball-zahlen\\\/die-besten-powerball-lottozahlen-heute\\\/\"]}]},{\"@type\":\"BreadcrumbList\",\"@id\":\"https:\\\/\\\/powerballticketonline.com\\\/de\\\/ueberpruefen-sie-die-powerball-zahlen\\\/die-besten-powerball-lottozahlen-heute\\\/#breadcrumb\",\"itemListElement\":[{\"@type\":\"ListItem\",\"position\":1,\"name\":\"Home\",\"item\":\"https:\\\/\\\/powerballticketonline.com\\\/de\\\/\"},{\"@type\":\"ListItem\",\"position\":2,\"name\":\"\u00dcberpr\u00fcfen Sie die Powerball-Zahlen\",\"item\":\"https:\\\/\\\/powerballticketonline.com\\\/de\\\/check-powerball-numbers\\\/\"},{\"@type\":\"ListItem\",\"position\":3,\"name\":\"Die besten Powerball-Lottozahlen heute\"}]},{\"@type\":\"WebSite\",\"@id\":\"https:\\\/\\\/powerballticketonline.com\\\/de\\\/#website\",\"url\":\"https:\\\/\\\/powerballticketonline.com\\\/de\\\/\",\"name\":\"\",\"description\":\"\",\"potentialAction\":[{\"@type\":\"SearchAction\",\"target\":{\"@type\":\"EntryPoint\",\"urlTemplate\":\"https:\\\/\\\/powerballticketonline.com\\\/de\\\/?s={search_term_string}\"},\"query-input\":{\"@type\":\"PropertyValueSpecification\",\"valueRequired\":true,\"valueName\":\"search_term_string\"}}],\"inLanguage\":\"de\"}]}<\/script>\n<!-- \/ Yoast SEO plugin. -->","yoast_head_json":{"title":"Die besten Powerball-Lottozahlen heute -","robots":{"index":"index","follow":"follow","max-snippet":"max-snippet:-1","max-image-preview":"max-image-preview:large","max-video-preview":"max-video-preview:-1"},"canonical":"https:\/\/powerballticketonline.com\/de\/ueberpruefen-sie-die-powerball-zahlen\/die-besten-powerball-lottozahlen-heute\/","og_locale":"de_DE","og_type":"article","og_title":"Die besten Powerball-Lottozahlen heute -","og_description":"Die besten Powerball-Lottozahlen heute: Die gl\u00fccklichsten Gewinnzahlen Es gibt nicht die eine beste Powerball-Lottozahlenkombination zum Spielen. Die Gewinnchancen f\u00fcr den Powerball-Hauptpreis liegen bei 1 zu 292.201.338, sodass jede gew\u00e4hlte Zahlenkombination die gleiche Chance hat, gezogen zu werden. Obwohl es keine sichere Methode gibt, die Gewinnzahlen zu tippen, schadet es nicht, sich die in den letzten &hellip; Mehr \u00fcber \"Die besten Powerball-Lottozahlen heute\" Lesen","og_url":"https:\/\/powerballticketonline.com\/de\/ueberpruefen-sie-die-powerball-zahlen\/die-besten-powerball-lottozahlen-heute\/","article_modified_time":"2025-08-04T10:43:26+00:00","twitter_card":"summary_large_image","twitter_misc":{"Gesch\u00e4tzte Lesezeit":"1\u00a0Minute"},"schema":{"@context":"https:\/\/schema.org","@graph":[{"@type":"WebPage","@id":"https:\/\/powerballticketonline.com\/de\/ueberpruefen-sie-die-powerball-zahlen\/die-besten-powerball-lottozahlen-heute\/","url":"https:\/\/powerballticketonline.com\/de\/ueberpruefen-sie-die-powerball-zahlen\/die-besten-powerball-lottozahlen-heute\/","name":"Die besten Powerball-Lottozahlen heute -","isPartOf":{"@id":"https:\/\/powerballticketonline.com\/de\/#website"},"datePublished":"2025-08-04T10:30:36+00:00","dateModified":"2025-08-04T10:43:26+00:00","breadcrumb":{"@id":"https:\/\/powerballticketonline.com\/de\/ueberpruefen-sie-die-powerball-zahlen\/die-besten-powerball-lottozahlen-heute\/#breadcrumb"},"inLanguage":"de","potentialAction":[{"@type":"ReadAction","target":["https:\/\/powerballticketonline.com\/de\/ueberpruefen-sie-die-powerball-zahlen\/die-besten-powerball-lottozahlen-heute\/"]}]},{"@type":"BreadcrumbList","@id":"https:\/\/powerballticketonline.com\/de\/ueberpruefen-sie-die-powerball-zahlen\/die-besten-powerball-lottozahlen-heute\/#breadcrumb","itemListElement":[{"@type":"ListItem","position":1,"name":"Home","item":"https:\/\/powerballticketonline.com\/de\/"},{"@type":"ListItem","position":2,"name":"\u00dcberpr\u00fcfen Sie die Powerball-Zahlen","item":"https:\/\/powerballticketonline.com\/de\/check-powerball-numbers\/"},{"@type":"ListItem","position":3,"name":"Die besten Powerball-Lottozahlen heute"}]},{"@type":"WebSite","@id":"https:\/\/powerballticketonline.com\/de\/#website","url":"https:\/\/powerballticketonline.com\/de\/","name":"","description":"","potentialAction":[{"@type":"SearchAction","target":{"@type":"EntryPoint","urlTemplate":"https:\/\/powerballticketonline.com\/de\/?s={search_term_string}"},"query-input":{"@type":"PropertyValueSpecification","valueRequired":true,"valueName":"search_term_string"}}],"inLanguage":"de"}]}},"_links":{"self":[{"href":"https:\/\/powerballticketonline.com\/de\/wp-json\/wp\/v2\/pages\/55","targetHints":{"allow":["GET"]}}],"collection":[{"href":"https:\/\/powerballticketonline.com\/de\/wp-json\/wp\/v2\/pages"}],"about":[{"href":"https:\/\/powerballticketonline.com\/de\/wp-json\/wp\/v2\/types\/page"}],"author":[{"embeddable":true,"href":"https:\/\/powerballticketonline.com\/de\/wp-json\/wp\/v2\/users\/1"}],"replies":[{"embeddable":true,"href":"https:\/\/powerballticketonline.com\/de\/wp-json\/wp\/v2\/comments?post=55"}],"version-history":[{"count":1,"href":"https:\/\/powerballticketonline.com\/de\/wp-json\/wp\/v2\/pages\/55\/revisions"}],"predecessor-version":[{"id":57,"href":"https:\/\/powerballticketonline.com\/de\/wp-json\/wp\/v2\/pages\/55\/revisions\/57"}],"up":[{"embeddable":true,"href":"https:\/\/powerballticketonline.com\/de\/wp-json\/wp\/v2\/pages\/56"}],"wp:attachment":[{"href":"https:\/\/powerballticketonline.com\/de\/wp-json\/wp\/v2\/media?parent=55"}],"curies":[{"name":"wp","href":"https:\/\/api.w.org\/{rel}","templated":true}]}}