{"id":56,"date":"2025-08-04T10:29:33","date_gmt":"2025-08-04T10:29:33","guid":{"rendered":"https:\/\/powerballticketonline.com\/ueberpruefen-sie-die-powerball-zahlen\/"},"modified":"2025-08-04T10:29:33","modified_gmt":"2025-08-04T10:29:33","slug":"ueberpruefen-sie-die-powerball-zahlen","status":"publish","type":"page","link":"https:\/\/powerballticketonline.com\/de\/ueberpruefen-sie-die-powerball-zahlen\/","title":{"rendered":"\u00dcberpr\u00fcfen Sie die Powerball-Zahlen"},"content":{"rendered":"<h1>So finden Sie heraus, ob Ihre Powerball-Zahlen gewonnen haben<\/h1>\n<p>Suchen Sie nach einer M\u00f6glichkeit, Ihre Powerball-Zahlen schnell und einfach abzufragen? Dann sind Sie hier genau richtig, denn genau darum geht es. Sie m\u00f6chten sichergehen, dass Sie sofort die richtigen Zahlen haben und sich \u00fcber Ihren Gewinn freuen k\u00f6nnen (oder sich ein neues Los kaufen). Aber wie k\u00f6nnen Sie die Zahlen \u00fcberpr\u00fcfen und das Ergebnis erfahren? Sie m\u00fcssen wissen, wer diese Zahlen hat und wann sie verf\u00fcgbar sind.<\/p>\n<h2>Wann Sie Ihre Powerball-Zahlen \u00fcberpr\u00fcfen sollten<\/h2>\n<p>Wann k\u00f6nnen Sie die Powerball-Gewinnzahlen \u00fcberpr\u00fcfen? Es gibt verschiedene M\u00f6glichkeiten. Wenn Sie die Zahlen sofort nach der Ziehung erfahren m\u00f6chten, ist es am besten, live dabei zu sein. Das k\u00f6nnen Sie online \u00fcber jedes internetf\u00e4hige Ger\u00e4t tun. Sie m\u00fcssen lediglich die Website des Spiels aufrufen und dem Link folgen, um das Spielgeschehen zu verfolgen. Sie k\u00f6nnen auch lokale Sender einschalten, um die Ziehung live zu verfolgen.<\/p>\n<p>Wenn Sie nicht sofort wissen m\u00f6chten, welche Gewinnzahl gewonnen hat, k\u00f6nnen Sie beispielsweise die Powerball-Website, Nachrichten-Websites und sogar Websites besuchen, die die Lottospiele kurz nach der Ziehung verfolgen. Diese Websites aktualisieren sich (in den meisten F\u00e4llen) innerhalb von etwa einer Stunde, sodass Sie es zwar schnell, aber nicht sofort erfahren. Sie werden nicht jede einzelne Zahl mitverfolgen, was f\u00fcr manche ein gro\u00dfer Spa\u00df sein kann. Aber Sie geh\u00f6ren trotzdem zu den Ersten, die es erfahren \u2013 eine tolle M\u00f6glichkeit, falls Sie die Live-Ziehung verpassen.<\/p>\n<p>Sie k\u00f6nnen Ihre Zahlen auch jederzeit an einem Automaten \u00fcberpr\u00fcfen. \u00dcberall, wo Lotto verkauft wird, kann Ihr Schein gescannt werden, um zu sehen, ob Sie gewonnen haben. Damit erhalten Sie zwar nicht direkt die Gewinnzahlen (diese k\u00f6nnen dort aber auch ausgedruckt werden), aber Sie erfahren, ob Sie etwas gewonnen haben. Manche dieser Automaten k\u00f6nnen Sie selbst scannen, andere stehen hinter dem Tresen, wo Sie jemanden brauchen, der sich um die Ergebnisse k\u00fcmmert.<\/p>\n<p>Schlie\u00dflich k\u00f6nnen Sie am Tag nach der Ziehung in der Zeitung nachsehen. Wenn Sie die Zeitung bereits erhalten oder nicht sofort wissen m\u00f6chten, wie das Ergebnis Ihres Loses ausgefallen ist, k\u00f6nnen Sie ruhig warten, bis Sie die Zeitung am n\u00e4chsten Morgen erhalten. In diesen Zeitungen finden Sie die Powerball-Gewinnzahlen sowie die Gewinnzahlen aller anderen Lotterien, die an diesem Tag gezogen wurden. Das betrifft nat\u00fcrlich lokales und nationales Lotto, aber nicht Spiele, die in anderen Teilen der Welt gespielt werden. Das k\u00f6nnte ein v\u00f6llig neuer und unterhaltsamer Zeitvertreib f\u00fcr Sie sein.<\/p>\n<h2>Warum Sie die Powerball-Zahlen kennen sollten<\/h2>\n<p>Wenn Sie Powerball gespielt haben, m\u00f6chten Sie die Zahlen kennen, denn Sie m\u00f6chten unbedingt wissen, ob Sie gewonnen haben, oder? Sie m\u00f6chten sehen, welche Zahlen tats\u00e4chlich gezogen wurden, um zu sehen, ob Ihre Zahlen stimmen oder ob Sie zumindest genug Zahlen haben, um einen kleinen Gewinn zu erzielen. Sie m\u00f6chten doch einfach ein bisschen spielen, oder? Und Sie m\u00f6chten sicherstellen, dass Sie ein wenig gewinnen und dann weiterspielen k\u00f6nnen. Das ist nat\u00fcrlich nicht der einzige Grund, warum Sie die Zahlen unbedingt kennen sollten.<\/p>\n<p>Je nachdem, wie Sie Powerball spielen, m\u00f6chten Sie vielleicht die Zahlen kennen, um herauszufinden, welche Zahlen Sie als N\u00e4chstes spielen m\u00f6chten. Vielleicht m\u00f6chten Sie herausfinden, welche Zahlen am h\u00e4ufigsten gezogen werden, um Ihre Strategie zu entwickeln. Manche Leute wissen am besten, welche Zahlen am h\u00e4ufigsten gezogen werden, um beim n\u00e4chsten Mal die richtigen Zahlen zu haben. Aber man wei\u00df nie, was man bekommt.<\/p>\n<h2>Lotto-Einstieg<\/h2>\n<p>Wenn Sie nicht ganz so begeistert von Lotto sind wie manche Ihrer Bekannten, hei\u00dft das nicht, dass Sie einfach so weitermachen m\u00fcssen. Sie k\u00f6nnen durchaus neue Spiele ausprobieren oder Spiele spielen, von denen Sie schon einmal geh\u00f6rt oder die Sie sogar schon einmal gesehen haben. Wenn Sie sich f\u00fcr regionale Spiele interessieren, gibt es Spiele wie Daily 3 und 4, Lotto 47, Powerball und Mega Millions. Diese Spiele gibt es in verschiedenen Regionen und in den gesamten USA. Aber es gibt noch viele weitere Spiele.<\/p>\n<p>Kennen Sie schon Super Enalotto? Wie w\u00e4re es mit Eurojackpot? Oder La Primitiva? Dies sind alles gro\u00dfe Lottospiele, die derzeit in verschiedenen L\u00e4ndern laufen. Und es sind Spiele, die Sie durchaus spielen k\u00f6nnten, von denen Sie aber nicht einmal wussten, dass es sie gibt. Das bedeutet, dass Sie die Chance auf einen tollen Preis (oder \u00fcberhaupt einen Preis) verpassen, weil Sie nicht die Spiele spielen, die Sie spielen k\u00f6nnten. Das bedeutet nicht, dass Sie jedes Spiel spielen m\u00fcssen. Aber Sie sollten unbedingt zumindest einige der Spiele ausprobieren, um zu sehen, was SieFavoriten.<\/p>\n<p>Beim Online-Lottospielen werden Sie \u00fcberrascht sein, welche M\u00f6glichkeiten Ihnen offen stehen. Es gibt viele verschiedene Spielm\u00f6glichkeiten und verschiedene Standorte. Manche Spiele sind kleiner, sodass Sie vielleicht keine Chance auf einen gro\u00dfen Gewinn haben. Daf\u00fcr bieten diese Spiele aber bessere Gewinnchancen. Andere Spiele sind vielleicht gr\u00f6\u00dfer als Sie denken, und das bedeutet, dass Sie eine tolle Chance auf einen richtig guten Gewinn haben. Aber ohne Spiel k\u00f6nnen Sie definitiv nicht gewinnen, und genau das macht den wahren Spa\u00df aus.<\/p>\n<h2>So spielt man Online-Lotto<\/h2>\n<p><img loading=\"lazy\" decoding=\"async\" src=\"images\/jackpot_online.jpg\" alt=\"numbers checker Powerball\" width=\"200\" height=\"200\" style=\"margin: 1px; float: right;\" \/>Wenn Sie online Lotto spielen m\u00f6chten, sollten Sie <a href=\"https:\/\/redfoxlotto.com\/?ref=A8564250A2&#038;medium=pwrb\" target=\"_blank\" rel=\"noopener noreferrer\"><span style=\"text-decoration: underline;\">RedFoxLotto.com<\/span><\/a> besuchen. Auf dieser Website k\u00f6nnen Sie sich \u00fcber aktuelle Lotto-Neuigkeiten weltweit informieren und einige Spiele ausprobieren. Sie sehen auch die Jackpots, damit Sie wissen, worauf Sie sich einlassen. Achten Sie auf die W\u00e4hrung, in der der Jackpot angegeben ist, und schauen Sie, welche Spiele f\u00fcr Sie interessant sein k\u00f6nnten. Man wei\u00df nie, was man gewinnen k\u00f6nnte.<\/p>\n<p>Das Sch\u00f6nste daran ist, dass Online-Lotto so viele weitere M\u00f6glichkeiten bietet. Auf der Website RedFoxLotto k\u00f6nnen Sie nachsehen, welche Spiele Sie spielen m\u00f6chten, und dann Ihre Lose ausw\u00e4hlen. Sogar Spiele wie Mega Millions und Powerball sind hier verf\u00fcgbar, sodass Sie nirgendwo hingehen m\u00fcssen, wenn Sie spielen m\u00f6chten. Sie k\u00f6nnen einfach an Ihrem Computer sitzen, die gew\u00fcnschten Lose ausw\u00e4hlen und alles, was Sie f\u00fcr so viele Spiele ben\u00f6tigen, mitnehmen. Das macht es Ihnen definitiv einfacher und macht viel mehr Spa\u00df, finden Sie nicht?<\/p>\n<h2>Zusammenfassung<\/h2>\n<p>Wenn Sie die Powerball-Zahlen \u00fcberpr\u00fcfen m\u00f6chten, haben Sie viel mehr M\u00f6glichkeiten, als Sie vielleicht denken. Es h\u00e4ngt alles davon ab, ob Sie die Zahlen sofort wissen m\u00f6chten oder bereit sind, etwas l\u00e4nger zu warten, um sie herauszufinden. Wenn Sie es sofort wissen m\u00f6chten, k\u00f6nnen Sie die Live-Ziehung nutzen oder eine Website besuchen, die die Zahlen direkt nach der Ziehung anzeigt. Wenn Sie die Zahlen jedoch erst sp\u00e4ter suchen oder nicht allzu besorgt sind, kann es durchaus sinnvoll sein, am n\u00e4chsten Tag in der Zeitung nachzuschauen oder bei Gelegenheit einen Automaten zu nutzen.<\/p>\n<p>Wenn Sie die Powerball-Zahlen \u00fcberpr\u00fcfen m\u00f6chten, sollten Sie genau wissen, wo Sie hingehen m\u00fcssen. Das bedeutet, dass Sie im Voraus eine Strategie entwickeln m\u00fcssen. Stellen Sie sicher, dass Sie als Erster erfahren, wenn Sie gewinnen.<\/p>\n","protected":false},"excerpt":{"rendered":"<p>So finden Sie heraus, ob Ihre Powerball-Zahlen gewonnen haben Suchen Sie nach einer M\u00f6glichkeit, Ihre Powerball-Zahlen schnell und einfach abzufragen? Dann sind Sie hier genau richtig, denn genau darum geht es. Sie m\u00f6chten sichergehen, dass Sie sofort die richtigen Zahlen haben und sich \u00fcber Ihren Gewinn freuen k\u00f6nnen (oder sich ein neues Los kaufen). Aber &hellip; <\/p>\n<p class=\"link-more\"><a href=\"https:\/\/powerballticketonline.com\/de\/ueberpruefen-sie-die-powerball-zahlen\/\" class=\"more-link\">Mehr <span class=\"screen-reader-text\">\u00fcber &#8222;\u00dcberpr\u00fcfen Sie die Powerball-Zahlen&#8220; <\/span>Lesen<\/a><\/p>\n","protected":false},"author":1,"featured_media":0,"parent":0,"menu_order":0,"comment_status":"closed","ping_status":"closed","template":"","meta":{"footnotes":""},"class_list":["post-56","page","type-page","status-publish","hentry"],"yoast_head":"<!-- This site is optimized with the Yoast SEO plugin v27.3 - https:\/\/yoast.com\/product\/yoast-seo-wordpress\/ -->\n<title>\u00dcberpr\u00fcfen Sie die Powerball-Zahlen -<\/title>\n<meta name=\"robots\" content=\"index, follow, max-snippet:-1, max-image-preview:large, max-video-preview:-1\" \/>\n<link rel=\"canonical\" href=\"https:\/\/powerballticketonline.com\/de\/ueberpruefen-sie-die-powerball-zahlen\/\" \/>\n<meta property=\"og:locale\" content=\"de_DE\" \/>\n<meta property=\"og:type\" content=\"article\" \/>\n<meta property=\"og:title\" content=\"\u00dcberpr\u00fcfen Sie die Powerball-Zahlen -\" \/>\n<meta property=\"og:description\" content=\"So finden Sie heraus, ob Ihre Powerball-Zahlen gewonnen haben Suchen Sie nach einer M\u00f6glichkeit, Ihre Powerball-Zahlen schnell und einfach abzufragen? Dann sind Sie hier genau richtig, denn genau darum geht es. Sie m\u00f6chten sichergehen, dass Sie sofort die richtigen Zahlen haben und sich \u00fcber Ihren Gewinn freuen k\u00f6nnen (oder sich ein neues Los kaufen). Aber &hellip; Mehr \u00fcber &quot;\u00dcberpr\u00fcfen Sie die Powerball-Zahlen&quot; Lesen\" \/>\n<meta property=\"og:url\" content=\"https:\/\/powerballticketonline.com\/de\/ueberpruefen-sie-die-powerball-zahlen\/\" \/>\n<meta name=\"twitter:card\" content=\"summary_large_image\" \/>\n<meta name=\"twitter:label1\" content=\"Gesch\u00e4tzte Lesezeit\" \/>\n\t<meta name=\"twitter:data1\" content=\"6\u00a0Minuten\" \/>\n<script type=\"application\/ld+json\" class=\"yoast-schema-graph\">{\"@context\":\"https:\\\/\\\/schema.org\",\"@graph\":[{\"@type\":\"WebPage\",\"@id\":\"https:\\\/\\\/powerballticketonline.com\\\/de\\\/ueberpruefen-sie-die-powerball-zahlen\\\/\",\"url\":\"https:\\\/\\\/powerballticketonline.com\\\/de\\\/ueberpruefen-sie-die-powerball-zahlen\\\/\",\"name\":\"\u00dcberpr\u00fcfen Sie die Powerball-Zahlen -\",\"isPartOf\":{\"@id\":\"https:\\\/\\\/powerballticketonline.com\\\/de\\\/#website\"},\"datePublished\":\"2025-08-04T10:29:33+00:00\",\"breadcrumb\":{\"@id\":\"https:\\\/\\\/powerballticketonline.com\\\/de\\\/ueberpruefen-sie-die-powerball-zahlen\\\/#breadcrumb\"},\"inLanguage\":\"de\",\"potentialAction\":[{\"@type\":\"ReadAction\",\"target\":[\"https:\\\/\\\/powerballticketonline.com\\\/de\\\/ueberpruefen-sie-die-powerball-zahlen\\\/\"]}]},{\"@type\":\"BreadcrumbList\",\"@id\":\"https:\\\/\\\/powerballticketonline.com\\\/de\\\/ueberpruefen-sie-die-powerball-zahlen\\\/#breadcrumb\",\"itemListElement\":[{\"@type\":\"ListItem\",\"position\":1,\"name\":\"Home\",\"item\":\"https:\\\/\\\/powerballticketonline.com\\\/de\\\/\"},{\"@type\":\"ListItem\",\"position\":2,\"name\":\"\u00dcberpr\u00fcfen Sie die Powerball-Zahlen\"}]},{\"@type\":\"WebSite\",\"@id\":\"https:\\\/\\\/powerballticketonline.com\\\/de\\\/#website\",\"url\":\"https:\\\/\\\/powerballticketonline.com\\\/de\\\/\",\"name\":\"\",\"description\":\"\",\"potentialAction\":[{\"@type\":\"SearchAction\",\"target\":{\"@type\":\"EntryPoint\",\"urlTemplate\":\"https:\\\/\\\/powerballticketonline.com\\\/de\\\/?s={search_term_string}\"},\"query-input\":{\"@type\":\"PropertyValueSpecification\",\"valueRequired\":true,\"valueName\":\"search_term_string\"}}],\"inLanguage\":\"de\"}]}<\/script>\n<!-- \/ Yoast SEO plugin. -->","yoast_head_json":{"title":"\u00dcberpr\u00fcfen Sie die Powerball-Zahlen -","robots":{"index":"index","follow":"follow","max-snippet":"max-snippet:-1","max-image-preview":"max-image-preview:large","max-video-preview":"max-video-preview:-1"},"canonical":"https:\/\/powerballticketonline.com\/de\/ueberpruefen-sie-die-powerball-zahlen\/","og_locale":"de_DE","og_type":"article","og_title":"\u00dcberpr\u00fcfen Sie die Powerball-Zahlen -","og_description":"So finden Sie heraus, ob Ihre Powerball-Zahlen gewonnen haben Suchen Sie nach einer M\u00f6glichkeit, Ihre Powerball-Zahlen schnell und einfach abzufragen? Dann sind Sie hier genau richtig, denn genau darum geht es. Sie m\u00f6chten sichergehen, dass Sie sofort die richtigen Zahlen haben und sich \u00fcber Ihren Gewinn freuen k\u00f6nnen (oder sich ein neues Los kaufen). Aber &hellip; Mehr \u00fcber \"\u00dcberpr\u00fcfen Sie die Powerball-Zahlen\" Lesen","og_url":"https:\/\/powerballticketonline.com\/de\/ueberpruefen-sie-die-powerball-zahlen\/","twitter_card":"summary_large_image","twitter_misc":{"Gesch\u00e4tzte Lesezeit":"6\u00a0Minuten"},"schema":{"@context":"https:\/\/schema.org","@graph":[{"@type":"WebPage","@id":"https:\/\/powerballticketonline.com\/de\/ueberpruefen-sie-die-powerball-zahlen\/","url":"https:\/\/powerballticketonline.com\/de\/ueberpruefen-sie-die-powerball-zahlen\/","name":"\u00dcberpr\u00fcfen Sie die Powerball-Zahlen -","isPartOf":{"@id":"https:\/\/powerballticketonline.com\/de\/#website"},"datePublished":"2025-08-04T10:29:33+00:00","breadcrumb":{"@id":"https:\/\/powerballticketonline.com\/de\/ueberpruefen-sie-die-powerball-zahlen\/#breadcrumb"},"inLanguage":"de","potentialAction":[{"@type":"ReadAction","target":["https:\/\/powerballticketonline.com\/de\/ueberpruefen-sie-die-powerball-zahlen\/"]}]},{"@type":"BreadcrumbList","@id":"https:\/\/powerballticketonline.com\/de\/ueberpruefen-sie-die-powerball-zahlen\/#breadcrumb","itemListElement":[{"@type":"ListItem","position":1,"name":"Home","item":"https:\/\/powerballticketonline.com\/de\/"},{"@type":"ListItem","position":2,"name":"\u00dcberpr\u00fcfen Sie die Powerball-Zahlen"}]},{"@type":"WebSite","@id":"https:\/\/powerballticketonline.com\/de\/#website","url":"https:\/\/powerballticketonline.com\/de\/","name":"","description":"","potentialAction":[{"@type":"SearchAction","target":{"@type":"EntryPoint","urlTemplate":"https:\/\/powerballticketonline.com\/de\/?s={search_term_string}"},"query-input":{"@type":"PropertyValueSpecification","valueRequired":true,"valueName":"search_term_string"}}],"inLanguage":"de"}]}},"_links":{"self":[{"href":"https:\/\/powerballticketonline.com\/de\/wp-json\/wp\/v2\/pages\/56","targetHints":{"allow":["GET"]}}],"collection":[{"href":"https:\/\/powerballticketonline.com\/de\/wp-json\/wp\/v2\/pages"}],"about":[{"href":"https:\/\/powerballticketonline.com\/de\/wp-json\/wp\/v2\/types\/page"}],"author":[{"embeddable":true,"href":"https:\/\/powerballticketonline.com\/de\/wp-json\/wp\/v2\/users\/1"}],"replies":[{"embeddable":true,"href":"https:\/\/powerballticketonline.com\/de\/wp-json\/wp\/v2\/comments?post=56"}],"version-history":[{"count":0,"href":"https:\/\/powerballticketonline.com\/de\/wp-json\/wp\/v2\/pages\/56\/revisions"}],"wp:attachment":[{"href":"https:\/\/powerballticketonline.com\/de\/wp-json\/wp\/v2\/media?parent=56"}],"curies":[{"name":"wp","href":"https:\/\/api.w.org\/{rel}","templated":true}]}}