{"id":60,"date":"2025-08-04T10:29:33","date_gmt":"2025-08-04T10:29:33","guid":{"rendered":"https:\/\/powerballticketonline.com\/comprobar-los-numeros-de-powerball\/"},"modified":"2025-08-04T10:29:33","modified_gmt":"2025-08-04T10:29:33","slug":"comprobar-los-numeros-de-powerball","status":"publish","type":"page","link":"https:\/\/powerballticketonline.com\/es\/comprobar-los-numeros-de-powerball\/","title":{"rendered":"Comprobar los n\u00fameros de Powerball"},"content":{"rendered":"<p>C\u00f3mo saber si tus n\u00fameros del Powerball han ganado<\/p>\n<p>\u00bfBuscas una manera r\u00e1pida y sencilla de comprobar los n\u00fameros del Powerball? Si es as\u00ed, est\u00e1s en el lugar correcto, porque de eso se trata. Quieres asegurarte de tener los n\u00fameros correctos de inmediato y disfrutar de tus ganancias (o ir a la tienda a comprar otro boleto). Pero, \u00bfc\u00f3mo vas a comprobar los n\u00fameros y saber cu\u00e1les son los resultados? Necesitar\u00e1s saber qui\u00e9n tiene esos n\u00fameros y cu\u00e1ndo estar\u00e1n disponibles.<\/p>\n<p>Cu\u00e1ndo comprobar los n\u00fameros del Powerball<\/p>\n<p>\u00bfCu\u00e1ndo puedes comprobar los n\u00fameros ganadores del Powerball? Bueno, puedes comprobarlos de varias maneras. Si quieres saber cu\u00e1les son los n\u00fameros en cuanto salen, la mejor opci\u00f3n es verlos en directo. Ahora puedes hacerlo online, a trav\u00e9s de cualquier dispositivo con conexi\u00f3n a internet. Solo tienes que ir al sitio web del juego y seguir el enlace para ver qu\u00e9 pasa. Tambi\u00e9n puedes sintonizar las emisoras locales para ver el sorteo en directo.<\/p>\n<p>Si no te preocupa tanto saber cu\u00e1l es el n\u00famero ganador al instante, puedes consultar sitios como el sitio web de Powerball, sitios web de noticias e incluso sitios web que siguen los juegos de loter\u00eda r\u00e1pidamente despu\u00e9s del sorteo. Estos sitios se actualizan en aproximadamente una hora (en la mayor\u00eda de los casos), as\u00ed que lo sabr\u00e1s r\u00e1pidamente, pero no al instante. No ver\u00e1s c\u00f3mo salen todos los n\u00fameros, lo que puede ser muy divertido para algunos. Pero aun as\u00ed ser\u00e1s de los primeros en saberlo, as\u00ed que es una excelente opci\u00f3n si tambi\u00e9n te pierdes el sorteo en directo.<\/p>\n<p>Tambi\u00e9n puedes consultar tus n\u00fameros en una m\u00e1quina. Cualquier lugar que venda loter\u00eda podr\u00e1 escanear tu boleto para ver si eres ganador. Esto no te dar\u00e1 exactamente los n\u00fameros ganadores (aunque en esos lugares tambi\u00e9n se pueden imprimir). Sin embargo, te avisar\u00e1 si has ganado algo. Algunas de estas m\u00e1quinas son de escaneo personal y otras est\u00e1n detr\u00e1s del mostrador, donde necesitas que alguien m\u00e1s se encargue.<\/p>\n<p>Finalmente, puedes consultar el peri\u00f3dico al d\u00eda siguiente del sorteo. Si ya lo est\u00e1s leyendo o si no te interesa saber de inmediato los resultados del boleto, puedes esperar a la ma\u00f1ana siguiente. Estos peri\u00f3dicos tendr\u00e1n los n\u00fameros ganadores del Powerball, as\u00ed como los de todos los dem\u00e1s sorteos de loter\u00eda de ese d\u00eda. Por supuesto, eso se refiere a la loter\u00eda local y nacional, pero no a los juegos que se juegan en otras partes del mundo, que podr\u00edan ser un pasatiempo completamente nuevo y divertido.<\/p>\n<h2>Por qu\u00e9 quieres saber los n\u00fameros del Powerball<\/h2>\n<p>Si has estado jugando al Powerball, quieres saber los n\u00fameros porque definitivamente quieres saber si ganaste, \u00bfverdad? Quieres poder ver qu\u00e9 n\u00fameros salieron para ver si los tuyos son acertados o si tienes al menos suficientes para ganar algo peque\u00f1o. Solo quieres jugar un poco, \u00bfverdad? Y quieres asegurarte de ganar un poco y luego volver a jugar. Claro que esa no es necesariamente la \u00fanica raz\u00f3n por la que querr\u00e1s saber los n\u00fameros.<\/p>\n<p>Dependiendo de c\u00f3mo te guste jugar al Powerball, quiz\u00e1s quieras saber los n\u00fameros para saber cu\u00e1les quieres jugar a continuaci\u00f3n. Quiz\u00e1s quieras comprobar cu\u00e1les son los que m\u00e1s ganan para poder establecer tu estrategia. Para algunas personas, conocer los n\u00fameros que salen con frecuencia es la mejor manera de asegurarse de acertar la pr\u00f3xima vez. Pero nunca se sabe qu\u00e9 va a tocar.<\/p>\n<h2>Introducci\u00f3n a la loter\u00eda<\/h2>\n<p>Si no te gusta tanto la loter\u00eda como a otros conocidos, eso no significa que tengas que seguir como hasta ahora. Puedes probar juegos nuevos o empezar a jugar a juegos de los que ya has o\u00eddo hablar o incluso visto. Si te interesan los juegos m\u00e1s locales, existen juegos como Daily 3 y 4, Lotto 47, Powerball y Mega Millions. Estos juegos se juegan en diferentes zonas y en Estados Unidos en general. Pero hay muchos m\u00e1s juegos disponibles.<\/p>\n<p>\u00bfHas o\u00eddo hablar de Super Enalotto? \u00bfQu\u00e9 te parece Euro Jackpot? \u00bfO La Primitiva? Estos son grandes juegos de loter\u00eda que se est\u00e1n celebrando actualmente en diferentes pa\u00edses. Son juegos a los que podr\u00edas estar jugando, pero ni siquiera sab\u00edas que exist\u00edan. Eso significa que te est\u00e1s perdiendo la oportunidad de ganar un gran premio (o cualquier premio) porque no est\u00e1s jugando a los juegos que podr\u00edas. Ahora bien, esto no significa que tengas que jugar a todos los juegos disponibles. Pero definitivamente deber\u00edas probar al menos algunos para ver qu\u00e9 tal te va.Favoritos.<\/p>\n<p>Cuando se trata de jugar a la loter\u00eda en l\u00ednea, puede que te sorprendas de las opciones que tienes. Hay muchas maneras de jugar y diferentes ubicaciones. Algunos juegos ser\u00e1n m\u00e1s peque\u00f1os, lo que significa que podr\u00edas no tener la oportunidad de ganar un gran premio. Pero esos juegos te dan mejores probabilidades de ganar. Otros juegos pueden ser m\u00e1s grandes de lo que crees, lo que significa que podr\u00edas tener una gran oportunidad de conseguir algo realmente bueno. Pero definitivamente no puedes ganar si no juegas, y ah\u00ed es donde viene la verdadera diversi\u00f3n.<\/p>\n<h2>C\u00f3mo jugar a la loter\u00eda en l\u00ednea<\/h2>\n<p><img loading=\"lazy\" decoding=\"async\" src=\"images\/jackpot_online.jpg\" alt=\"numbers checker Powerball\" width=\"200\" height=\"200\" style=\"margin: 1px; float: right;\" Si buscas maneras de jugar a la loter\u00eda online, <a href=\"https:\/\/redfoxlotto.com\/?ref=A8564250A2&#038;medium=pwrb\" target=\"_blank\" rel=\"noopener noreferrer\"><span style=\"text-decoration: underline;\">deber\u00edas visitar RedFoxLotto.com<\/span><\/a>. Este sitio web te da la oportunidad de ver qu\u00e9 est\u00e1 pasando en la loter\u00eda en todo el mundo y echar un vistazo a algunos juegos. Tambi\u00e9n podr\u00e1s ver los botes, para que sepas en qu\u00e9 te est\u00e1s metiendo. Ten en cuenta la moneda en la que est\u00e1 expresado el bote y descubre qu\u00e9 juegos te podr\u00edan interesar. Nunca se sabe cu\u00e1nto podr\u00edas ganar.<\/p>\n<p>Lo realmente divertido es que jugar a la loter\u00eda online te da muchas m\u00e1s opciones. Puedes visitar el sitio web RedFoxLotto para ver qu\u00e9 juegos quieres jugar y luego elegir tus boletos. Incluso juegos como el Mega Millions y el Powerball est\u00e1n disponibles aqu\u00ed, as\u00ed que no tienes que ir a ning\u00fan lado cuando decidas jugar. Puedes sentarte frente a tu computadora, seleccionar los boletos que quieras y recoger todo lo necesario para todos los juegos que necesites. Esto sin duda te facilitar\u00e1 las cosas y te har\u00e1 mucho m\u00e1s divertido, \u00bfno crees?<\/p>\n<h2>Conclusi\u00f3n<\/h2>\n<p>En definitiva, si quieres comprobar los n\u00fameros del Powerball, tienes muchas m\u00e1s opciones de las que crees. Todo se reduce a si quieres saber los n\u00fameros al instante o si est\u00e1s dispuesto a esperar un poco m\u00e1s para descifrarlos. Si quieres saberlo ahora mismo, puedes optar por el sorteo en vivo o consultar un sitio web que te dar\u00e1 los n\u00fameros en cuanto salgan. Por otro lado, si buscas los n\u00fameros m\u00e1s adelante o no te preocupa demasiado, consultar el peri\u00f3dico al d\u00eda siguiente o una m\u00e1quina cuando tengas la oportunidad podr\u00eda ser una buena opci\u00f3n.<\/p>\n<p>A la hora de comprobar los n\u00fameros del Powerball, debes asegurarte de saber exactamente d\u00f3nde ir, lo que significa que necesitas una estrategia con antelaci\u00f3n. Solo aseg\u00farate de ser el primero en enterarte de tus ganancias.<\/p>\n","protected":false},"excerpt":{"rendered":"<p>C\u00f3mo saber si tus n\u00fameros del Powerball han ganado \u00bfBuscas una manera r\u00e1pida y sencilla de comprobar los n\u00fameros del Powerball? Si es as\u00ed, est\u00e1s en el lugar correcto, porque de eso se trata. Quieres asegurarte de tener los n\u00fameros correctos de inmediato y disfrutar de tus ganancias (o ir a la tienda a comprar &hellip; <\/p>\n<p class=\"link-more\"><a href=\"https:\/\/powerballticketonline.com\/es\/comprobar-los-numeros-de-powerball\/\" class=\"more-link\">Leer m\u00e1s<span class=\"screen-reader-text\"> \u00abComprobar los n\u00fameros de Powerball\u00bb<\/span><\/a><\/p>\n","protected":false},"author":1,"featured_media":0,"parent":0,"menu_order":0,"comment_status":"closed","ping_status":"closed","template":"","meta":{"footnotes":""},"class_list":["post-60","page","type-page","status-publish","hentry"],"yoast_head":"<!-- This site is optimized with the Yoast SEO plugin v27.3 - https:\/\/yoast.com\/product\/yoast-seo-wordpress\/ -->\n<title>Comprobar los n\u00fameros de Powerball -<\/title>\n<meta name=\"robots\" content=\"index, follow, max-snippet:-1, max-image-preview:large, max-video-preview:-1\" \/>\n<link rel=\"canonical\" href=\"https:\/\/powerballticketonline.com\/es\/comprobar-los-numeros-de-powerball\/\" \/>\n<meta property=\"og:locale\" content=\"es_ES\" \/>\n<meta property=\"og:type\" content=\"article\" \/>\n<meta property=\"og:title\" content=\"Comprobar los n\u00fameros de Powerball -\" \/>\n<meta property=\"og:description\" content=\"C\u00f3mo saber si tus n\u00fameros del Powerball han ganado \u00bfBuscas una manera r\u00e1pida y sencilla de comprobar los n\u00fameros del Powerball? Si es as\u00ed, est\u00e1s en el lugar correcto, porque de eso se trata. Quieres asegurarte de tener los n\u00fameros correctos de inmediato y disfrutar de tus ganancias (o ir a la tienda a comprar &hellip; Leer m\u00e1s \u00abComprobar los n\u00fameros de Powerball\u00bb\" \/>\n<meta property=\"og:url\" content=\"https:\/\/powerballticketonline.com\/es\/comprobar-los-numeros-de-powerball\/\" \/>\n<meta name=\"twitter:card\" content=\"summary_large_image\" \/>\n<meta name=\"twitter:label1\" content=\"Tiempo de lectura\" \/>\n\t<meta name=\"twitter:data1\" content=\"5 minutes\" \/>\n<script type=\"application\/ld+json\" class=\"yoast-schema-graph\">{\"@context\":\"https:\\\/\\\/schema.org\",\"@graph\":[{\"@type\":\"WebPage\",\"@id\":\"https:\\\/\\\/powerballticketonline.com\\\/es\\\/comprobar-los-numeros-de-powerball\\\/\",\"url\":\"https:\\\/\\\/powerballticketonline.com\\\/es\\\/comprobar-los-numeros-de-powerball\\\/\",\"name\":\"Comprobar los n\u00fameros de Powerball -\",\"isPartOf\":{\"@id\":\"https:\\\/\\\/powerballticketonline.com\\\/es\\\/#website\"},\"datePublished\":\"2025-08-04T10:29:33+00:00\",\"breadcrumb\":{\"@id\":\"https:\\\/\\\/powerballticketonline.com\\\/es\\\/comprobar-los-numeros-de-powerball\\\/#breadcrumb\"},\"inLanguage\":\"es-ES\",\"potentialAction\":[{\"@type\":\"ReadAction\",\"target\":[\"https:\\\/\\\/powerballticketonline.com\\\/es\\\/comprobar-los-numeros-de-powerball\\\/\"]}]},{\"@type\":\"BreadcrumbList\",\"@id\":\"https:\\\/\\\/powerballticketonline.com\\\/es\\\/comprobar-los-numeros-de-powerball\\\/#breadcrumb\",\"itemListElement\":[{\"@type\":\"ListItem\",\"position\":1,\"name\":\"Home\",\"item\":\"https:\\\/\\\/powerballticketonline.com\\\/es\\\/\"},{\"@type\":\"ListItem\",\"position\":2,\"name\":\"Comprobar los n\u00fameros de Powerball\"}]},{\"@type\":\"WebSite\",\"@id\":\"https:\\\/\\\/powerballticketonline.com\\\/es\\\/#website\",\"url\":\"https:\\\/\\\/powerballticketonline.com\\\/es\\\/\",\"name\":\"\",\"description\":\"\",\"potentialAction\":[{\"@type\":\"SearchAction\",\"target\":{\"@type\":\"EntryPoint\",\"urlTemplate\":\"https:\\\/\\\/powerballticketonline.com\\\/es\\\/?s={search_term_string}\"},\"query-input\":{\"@type\":\"PropertyValueSpecification\",\"valueRequired\":true,\"valueName\":\"search_term_string\"}}],\"inLanguage\":\"es-ES\"}]}<\/script>\n<!-- \/ Yoast SEO plugin. -->","yoast_head_json":{"title":"Comprobar los n\u00fameros de Powerball -","robots":{"index":"index","follow":"follow","max-snippet":"max-snippet:-1","max-image-preview":"max-image-preview:large","max-video-preview":"max-video-preview:-1"},"canonical":"https:\/\/powerballticketonline.com\/es\/comprobar-los-numeros-de-powerball\/","og_locale":"es_ES","og_type":"article","og_title":"Comprobar los n\u00fameros de Powerball -","og_description":"C\u00f3mo saber si tus n\u00fameros del Powerball han ganado \u00bfBuscas una manera r\u00e1pida y sencilla de comprobar los n\u00fameros del Powerball? Si es as\u00ed, est\u00e1s en el lugar correcto, porque de eso se trata. Quieres asegurarte de tener los n\u00fameros correctos de inmediato y disfrutar de tus ganancias (o ir a la tienda a comprar &hellip; Leer m\u00e1s \u00abComprobar los n\u00fameros de Powerball\u00bb","og_url":"https:\/\/powerballticketonline.com\/es\/comprobar-los-numeros-de-powerball\/","twitter_card":"summary_large_image","twitter_misc":{"Tiempo de lectura":"5 minutes"},"schema":{"@context":"https:\/\/schema.org","@graph":[{"@type":"WebPage","@id":"https:\/\/powerballticketonline.com\/es\/comprobar-los-numeros-de-powerball\/","url":"https:\/\/powerballticketonline.com\/es\/comprobar-los-numeros-de-powerball\/","name":"Comprobar los n\u00fameros de Powerball -","isPartOf":{"@id":"https:\/\/powerballticketonline.com\/es\/#website"},"datePublished":"2025-08-04T10:29:33+00:00","breadcrumb":{"@id":"https:\/\/powerballticketonline.com\/es\/comprobar-los-numeros-de-powerball\/#breadcrumb"},"inLanguage":"es-ES","potentialAction":[{"@type":"ReadAction","target":["https:\/\/powerballticketonline.com\/es\/comprobar-los-numeros-de-powerball\/"]}]},{"@type":"BreadcrumbList","@id":"https:\/\/powerballticketonline.com\/es\/comprobar-los-numeros-de-powerball\/#breadcrumb","itemListElement":[{"@type":"ListItem","position":1,"name":"Home","item":"https:\/\/powerballticketonline.com\/es\/"},{"@type":"ListItem","position":2,"name":"Comprobar los n\u00fameros de Powerball"}]},{"@type":"WebSite","@id":"https:\/\/powerballticketonline.com\/es\/#website","url":"https:\/\/powerballticketonline.com\/es\/","name":"","description":"","potentialAction":[{"@type":"SearchAction","target":{"@type":"EntryPoint","urlTemplate":"https:\/\/powerballticketonline.com\/es\/?s={search_term_string}"},"query-input":{"@type":"PropertyValueSpecification","valueRequired":true,"valueName":"search_term_string"}}],"inLanguage":"es-ES"}]}},"_links":{"self":[{"href":"https:\/\/powerballticketonline.com\/es\/wp-json\/wp\/v2\/pages\/60","targetHints":{"allow":["GET"]}}],"collection":[{"href":"https:\/\/powerballticketonline.com\/es\/wp-json\/wp\/v2\/pages"}],"about":[{"href":"https:\/\/powerballticketonline.com\/es\/wp-json\/wp\/v2\/types\/page"}],"author":[{"embeddable":true,"href":"https:\/\/powerballticketonline.com\/es\/wp-json\/wp\/v2\/users\/1"}],"replies":[{"embeddable":true,"href":"https:\/\/powerballticketonline.com\/es\/wp-json\/wp\/v2\/comments?post=60"}],"version-history":[{"count":0,"href":"https:\/\/powerballticketonline.com\/es\/wp-json\/wp\/v2\/pages\/60\/revisions"}],"wp:attachment":[{"href":"https:\/\/powerballticketonline.com\/es\/wp-json\/wp\/v2\/media?parent=60"}],"curies":[{"name":"wp","href":"https:\/\/api.w.org\/{rel}","templated":true}]}}