{"id":62,"date":"2025-08-04T10:30:36","date_gmt":"2025-08-04T10:30:36","guid":{"rendered":"https:\/\/powerballticketonline.com\/comprobar-los-numeros-de-powerball\/los-mejores-numeros-de-la-loteria-powerball-de-hoy\/"},"modified":"2025-08-04T10:30:36","modified_gmt":"2025-08-04T10:30:36","slug":"los-mejores-numeros-de-la-loteria-powerball-de-hoy","status":"publish","type":"page","link":"https:\/\/powerballticketonline.com\/es\/comprobar-los-numeros-de-powerball\/los-mejores-numeros-de-la-loteria-powerball-de-hoy\/","title":{"rendered":"Los mejores n\u00fameros de la loter\u00eda Powerball de hoy"},"content":{"rendered":"<p>Los Mejores N\u00fameros de la Loter\u00eda Powerball de Hoy: Los N\u00fameros Ganadores M\u00e1s Afortunados<\/p>\n<p>No existe un conjunto de n\u00fameros de la loter\u00eda Powerball &#8220;mejor&#8221; para <a href=\"https:\/\/redfoxlotto.com\/play\/\">jugar<\/a>. La probabilidad de ganar el gran premio del Powerball es de 1 en 292.201.338, por lo que cualquier conjunto de n\u00fameros que elija tiene la misma probabilidad de salir. Dicho esto, si bien no hay una forma infalible de elegir los n\u00fameros ganadores, no est\u00e1 de m\u00e1s revisar los n\u00fameros ganadores que se han sorteado con m\u00e1s frecuencia en los \u00faltimos a\u00f1os. \u00a1Para, por as\u00ed decirlo, superar las probabilidades! Despu\u00e9s de todo, \u00a1todo se trata de <a href=\"https:\/\/gambling6.com\">apuestas<\/a>!<\/p>\n<p>Estos n\u00fameros (bolas blancas) han sido los que m\u00e1s han salido en los \u00faltimos 7 a\u00f1os.<\/p>\n<p>14: ha salido 46 veces.<br \/>21: ha salido 46 veces.<br \/>3: ha salido 48 veces.<br \/>64: ha salido 49 veces.<br \/>53: ha salido 50 veces.<br \/>69: ha salido 50 veces.<br \/>61: ha salido 51 veces.<br \/>32: ha salido 56 veces.<br \/>23: ha salido 58 veces.<br \/>27: ha salido 46 veces.<br \/>62: ha salido 46 veces.<br \/>12, 28, 41, 56, 59 y 63: han salido 45 veces.<\/p>\n<p>\u00bfQu\u00e9 pasa con los n\u00fameros rojos? Estos n\u00fameros rojos han salido con mayor frecuencia en los \u00faltimos 7 a\u00f1os.<\/p>\n<p>18: ha salido 29 veces.<br \/>21: ha salido 28 veces.<br \/>13: ha salido 27 veces.<br \/>3: ha salido 24 veces.<br \/>6: ha salido 24 veces.<br \/>4: ha salido 23 veces.<br \/>24: ha salido 30 veces.<br \/>8: ha salido 21 veces.<br \/>20: ha salido 21 veces.<br \/>9, 10, 19, 25, 26: han salido 22 veces cada uno.<br \/>2, 11, 14: han salido 20 veces cada uno.<\/p>\n<p>&nbsp;<\/p>\n<p>Con estos n\u00fameros ganadores anteriores en tu arsenal, tienes una buena oportunidad de ganar la loter\u00eda Powerball. Compra tus boletos de Powerball hoy en <a href=\"https:\/\/redfoxlotto.com\/\">Redfoxlotto<\/a> \u00a1y buena suerte!<\/p>\n","protected":false},"excerpt":{"rendered":"<p>Los Mejores N\u00fameros de la Loter\u00eda Powerball de Hoy: Los N\u00fameros Ganadores M\u00e1s Afortunados No existe un conjunto de n\u00fameros de la loter\u00eda Powerball &#8220;mejor&#8221; para jugar. La probabilidad de ganar el gran premio del Powerball es de 1 en 292.201.338, por lo que cualquier conjunto de n\u00fameros que elija tiene la misma probabilidad de &hellip; <\/p>\n<p class=\"link-more\"><a href=\"https:\/\/powerballticketonline.com\/es\/comprobar-los-numeros-de-powerball\/los-mejores-numeros-de-la-loteria-powerball-de-hoy\/\" class=\"more-link\">Leer m\u00e1s<span class=\"screen-reader-text\"> \u00abLos mejores n\u00fameros de la loter\u00eda Powerball de hoy\u00bb<\/span><\/a><\/p>\n","protected":false},"author":1,"featured_media":0,"parent":60,"menu_order":0,"comment_status":"closed","ping_status":"closed","template":"","meta":{"footnotes":""},"class_list":["post-62","page","type-page","status-publish","hentry"],"yoast_head":"<!-- This site is optimized with the Yoast SEO plugin v27.3 - https:\/\/yoast.com\/product\/yoast-seo-wordpress\/ -->\n<title>Los mejores n\u00fameros de la loter\u00eda Powerball de hoy -<\/title>\n<meta name=\"robots\" content=\"index, follow, max-snippet:-1, max-image-preview:large, max-video-preview:-1\" \/>\n<link rel=\"canonical\" href=\"https:\/\/powerballticketonline.com\/es\/comprobar-los-numeros-de-powerball\/los-mejores-numeros-de-la-loteria-powerball-de-hoy\/\" \/>\n<meta property=\"og:locale\" content=\"es_ES\" \/>\n<meta property=\"og:type\" content=\"article\" \/>\n<meta property=\"og:title\" content=\"Los mejores n\u00fameros de la loter\u00eda Powerball de hoy -\" \/>\n<meta property=\"og:description\" content=\"Los Mejores N\u00fameros de la Loter\u00eda Powerball de Hoy: Los N\u00fameros Ganadores M\u00e1s Afortunados No existe un conjunto de n\u00fameros de la loter\u00eda Powerball &#8220;mejor&#8221; para jugar. La probabilidad de ganar el gran premio del Powerball es de 1 en 292.201.338, por lo que cualquier conjunto de n\u00fameros que elija tiene la misma probabilidad de &hellip; Leer m\u00e1s \u00abLos mejores n\u00fameros de la loter\u00eda Powerball de hoy\u00bb\" \/>\n<meta property=\"og:url\" content=\"https:\/\/powerballticketonline.com\/es\/comprobar-los-numeros-de-powerball\/los-mejores-numeros-de-la-loteria-powerball-de-hoy\/\" \/>\n<meta name=\"twitter:card\" content=\"summary_large_image\" \/>\n<meta name=\"twitter:label1\" content=\"Tiempo de lectura\" \/>\n\t<meta name=\"twitter:data1\" content=\"1 minute\" \/>\n<script type=\"application\/ld+json\" class=\"yoast-schema-graph\">{\"@context\":\"https:\\\/\\\/schema.org\",\"@graph\":[{\"@type\":\"WebPage\",\"@id\":\"https:\\\/\\\/powerballticketonline.com\\\/es\\\/comprobar-los-numeros-de-powerball\\\/los-mejores-numeros-de-la-loteria-powerball-de-hoy\\\/\",\"url\":\"https:\\\/\\\/powerballticketonline.com\\\/es\\\/comprobar-los-numeros-de-powerball\\\/los-mejores-numeros-de-la-loteria-powerball-de-hoy\\\/\",\"name\":\"Los mejores n\u00fameros de la loter\u00eda Powerball de hoy -\",\"isPartOf\":{\"@id\":\"https:\\\/\\\/powerballticketonline.com\\\/es\\\/#website\"},\"datePublished\":\"2025-08-04T10:30:36+00:00\",\"breadcrumb\":{\"@id\":\"https:\\\/\\\/powerballticketonline.com\\\/es\\\/comprobar-los-numeros-de-powerball\\\/los-mejores-numeros-de-la-loteria-powerball-de-hoy\\\/#breadcrumb\"},\"inLanguage\":\"es-ES\",\"potentialAction\":[{\"@type\":\"ReadAction\",\"target\":[\"https:\\\/\\\/powerballticketonline.com\\\/es\\\/comprobar-los-numeros-de-powerball\\\/los-mejores-numeros-de-la-loteria-powerball-de-hoy\\\/\"]}]},{\"@type\":\"BreadcrumbList\",\"@id\":\"https:\\\/\\\/powerballticketonline.com\\\/es\\\/comprobar-los-numeros-de-powerball\\\/los-mejores-numeros-de-la-loteria-powerball-de-hoy\\\/#breadcrumb\",\"itemListElement\":[{\"@type\":\"ListItem\",\"position\":1,\"name\":\"Home\",\"item\":\"https:\\\/\\\/powerballticketonline.com\\\/es\\\/\"},{\"@type\":\"ListItem\",\"position\":2,\"name\":\"Comprobar los n\u00fameros de Powerball\",\"item\":\"https:\\\/\\\/powerballticketonline.com\\\/es\\\/check-powerball-numbers\\\/\"},{\"@type\":\"ListItem\",\"position\":3,\"name\":\"Los mejores n\u00fameros de la loter\u00eda Powerball de hoy\"}]},{\"@type\":\"WebSite\",\"@id\":\"https:\\\/\\\/powerballticketonline.com\\\/es\\\/#website\",\"url\":\"https:\\\/\\\/powerballticketonline.com\\\/es\\\/\",\"name\":\"\",\"description\":\"\",\"potentialAction\":[{\"@type\":\"SearchAction\",\"target\":{\"@type\":\"EntryPoint\",\"urlTemplate\":\"https:\\\/\\\/powerballticketonline.com\\\/es\\\/?s={search_term_string}\"},\"query-input\":{\"@type\":\"PropertyValueSpecification\",\"valueRequired\":true,\"valueName\":\"search_term_string\"}}],\"inLanguage\":\"es-ES\"}]}<\/script>\n<!-- \/ Yoast SEO plugin. -->","yoast_head_json":{"title":"Los mejores n\u00fameros de la loter\u00eda Powerball de hoy -","robots":{"index":"index","follow":"follow","max-snippet":"max-snippet:-1","max-image-preview":"max-image-preview:large","max-video-preview":"max-video-preview:-1"},"canonical":"https:\/\/powerballticketonline.com\/es\/comprobar-los-numeros-de-powerball\/los-mejores-numeros-de-la-loteria-powerball-de-hoy\/","og_locale":"es_ES","og_type":"article","og_title":"Los mejores n\u00fameros de la loter\u00eda Powerball de hoy -","og_description":"Los Mejores N\u00fameros de la Loter\u00eda Powerball de Hoy: Los N\u00fameros Ganadores M\u00e1s Afortunados No existe un conjunto de n\u00fameros de la loter\u00eda Powerball &#8220;mejor&#8221; para jugar. La probabilidad de ganar el gran premio del Powerball es de 1 en 292.201.338, por lo que cualquier conjunto de n\u00fameros que elija tiene la misma probabilidad de &hellip; Leer m\u00e1s \u00abLos mejores n\u00fameros de la loter\u00eda Powerball de hoy\u00bb","og_url":"https:\/\/powerballticketonline.com\/es\/comprobar-los-numeros-de-powerball\/los-mejores-numeros-de-la-loteria-powerball-de-hoy\/","twitter_card":"summary_large_image","twitter_misc":{"Tiempo de lectura":"1 minute"},"schema":{"@context":"https:\/\/schema.org","@graph":[{"@type":"WebPage","@id":"https:\/\/powerballticketonline.com\/es\/comprobar-los-numeros-de-powerball\/los-mejores-numeros-de-la-loteria-powerball-de-hoy\/","url":"https:\/\/powerballticketonline.com\/es\/comprobar-los-numeros-de-powerball\/los-mejores-numeros-de-la-loteria-powerball-de-hoy\/","name":"Los mejores n\u00fameros de la loter\u00eda Powerball de hoy -","isPartOf":{"@id":"https:\/\/powerballticketonline.com\/es\/#website"},"datePublished":"2025-08-04T10:30:36+00:00","breadcrumb":{"@id":"https:\/\/powerballticketonline.com\/es\/comprobar-los-numeros-de-powerball\/los-mejores-numeros-de-la-loteria-powerball-de-hoy\/#breadcrumb"},"inLanguage":"es-ES","potentialAction":[{"@type":"ReadAction","target":["https:\/\/powerballticketonline.com\/es\/comprobar-los-numeros-de-powerball\/los-mejores-numeros-de-la-loteria-powerball-de-hoy\/"]}]},{"@type":"BreadcrumbList","@id":"https:\/\/powerballticketonline.com\/es\/comprobar-los-numeros-de-powerball\/los-mejores-numeros-de-la-loteria-powerball-de-hoy\/#breadcrumb","itemListElement":[{"@type":"ListItem","position":1,"name":"Home","item":"https:\/\/powerballticketonline.com\/es\/"},{"@type":"ListItem","position":2,"name":"Comprobar los n\u00fameros de Powerball","item":"https:\/\/powerballticketonline.com\/es\/check-powerball-numbers\/"},{"@type":"ListItem","position":3,"name":"Los mejores n\u00fameros de la loter\u00eda Powerball de hoy"}]},{"@type":"WebSite","@id":"https:\/\/powerballticketonline.com\/es\/#website","url":"https:\/\/powerballticketonline.com\/es\/","name":"","description":"","potentialAction":[{"@type":"SearchAction","target":{"@type":"EntryPoint","urlTemplate":"https:\/\/powerballticketonline.com\/es\/?s={search_term_string}"},"query-input":{"@type":"PropertyValueSpecification","valueRequired":true,"valueName":"search_term_string"}}],"inLanguage":"es-ES"}]}},"_links":{"self":[{"href":"https:\/\/powerballticketonline.com\/es\/wp-json\/wp\/v2\/pages\/62","targetHints":{"allow":["GET"]}}],"collection":[{"href":"https:\/\/powerballticketonline.com\/es\/wp-json\/wp\/v2\/pages"}],"about":[{"href":"https:\/\/powerballticketonline.com\/es\/wp-json\/wp\/v2\/types\/page"}],"author":[{"embeddable":true,"href":"https:\/\/powerballticketonline.com\/es\/wp-json\/wp\/v2\/users\/1"}],"replies":[{"embeddable":true,"href":"https:\/\/powerballticketonline.com\/es\/wp-json\/wp\/v2\/comments?post=62"}],"version-history":[{"count":0,"href":"https:\/\/powerballticketonline.com\/es\/wp-json\/wp\/v2\/pages\/62\/revisions"}],"up":[{"embeddable":true,"href":"https:\/\/powerballticketonline.com\/es\/wp-json\/wp\/v2\/pages\/60"}],"wp:attachment":[{"href":"https:\/\/powerballticketonline.com\/es\/wp-json\/wp\/v2\/media?parent=62"}],"curies":[{"name":"wp","href":"https:\/\/api.w.org\/{rel}","templated":true}]}}