{"id":64,"date":"2025-08-02T15:41:33","date_gmt":"2025-08-02T15:41:33","guid":{"rendered":"https:\/\/powerballticketonline.com\/hogar\/"},"modified":"2025-08-27T07:05:04","modified_gmt":"2025-08-27T07:05:04","slug":"hogar","status":"publish","type":"page","link":"https:\/\/powerballticketonline.com\/es\/","title":{"rendered":"Hogar"},"content":{"rendered":"<p>C\u00f3mo comprar boletos de Powerball en l\u00ednea<br \/>\nPowerBall es un juego de loter\u00eda extremadamente popular, con grandes premios y premios mayores que van desde $140 hasta m\u00e1s de $300 millones. Ya hay 7 personas que ganaron el premio mayor de PowerBall en 2012. El premio menor fue de $60 millones, y el mayor, de $337 millones. Podr\u00edas ser t\u00fa f\u00e1cilmente; lo \u00fanico que necesitas hacer para tener la oportunidad de ganar millones de d\u00f3lares es comprar un boleto de PowerBall en l\u00ednea. Si bien la loter\u00eda se cre\u00f3 inicialmente para residentes de EE. UU. y los boletos se pueden comprar en tiendas locales, \u00a1ahora es posible comprar un boleto de PowerBall en l\u00ednea! Esto significa que, independientemente de si vives en EE. UU. o Australia, puedes <span style=\"text-decoration: underline;\"><a href=\"https:\/\/www.onlinelotto365.com\/usa\/powerball-lotto-online\" target=\"_blank\" rel=\"noopener noreferrer\">jugar al PowerBall desde cualquier parte del mundo.<\/a><\/span><\/p>\n<p>Comprar y participar en el PowerBall es posible gracias a un servicio exclusivo de RedFoxLotto. Esta es una empresa con cientos de agentes en todo el mundo y, con su ayuda, puede comprar cualquier loter\u00eda que desee.<\/p>\n<p><strong>Hay 4 sencillos pasos que debe seguir antes de recibir su billete de loter\u00eda:<\/strong><\/p>\n<ol>\n<li>Elija la loter\u00eda en la que desea participar (PowerBall en este caso) despu\u00e9s de hacer clic en el banner de nuestro sitio web. <span style=\"text-decoration: underline;\"><strong><a href=\"https:\/\/redfoxlotto.com\/?ref=A8564250A2&amp;medium=pwb\" target=\"_blank\" rel=\"noopener noreferrer\">o simplemente haga clic aqu\u00ed<\/a><\/strong><\/span><\/li>\n<li>Uno de los muchos agentes locales de RedFoxLotto comprar\u00e1 un billete en su nombre.<\/li>\n<li>El billete aparecer\u00e1 en su cuenta.<\/li>\n<li>Despu\u00e9s del sorteo, si ha ganado, recibir\u00e1 informaci\u00f3n sobre c\u00f3mo&#8230; Recibir\u00e1 un correo electr\u00f3nico con la informaci\u00f3n para cobrar sus ganancias.<\/li>\n<li>De hecho, todas las ganancias inferiores a 2500 \u20ac se ingresar\u00e1n en su cuenta de cliente, y para premios mayores, RedFoxLotto le ayudar\u00e1 a obtener su cheque. \u00a1Sin cargos adicionales!<\/li>\n<\/ol>\n<p>Este es un servicio exclusivo, utilizado por miles de personas en todo el mundo. Si se pregunta qu\u00e9 pasar\u00eda si ganara un premio gordo, no se preocupe. Esta empresa no solo es 100 % fiable y leg\u00edtima, sino que el billete tambi\u00e9n lleva su nombre, as\u00ed que no hay margen de error ni fraude.<\/p>\n<p>La loter\u00eda PowerBall no es la \u00fanica disponible para comprar a trav\u00e9s de este servicio; tambi\u00e9n puede comprar billetes de Euromillones, participar en El Gordo y Superenalotto, y jugar a otras loter\u00edas internacionales. As\u00ed que, al final, no importa en qu\u00e9 parte del mundo residas, podr\u00e1s participar en loter\u00edas extranjeras tanto como quieras, cuando quieras.<\/p>\n<h2>Sorteos<\/h2>\n<p>Los sorteos se realizan dos veces por semana: los mi\u00e9rcoles y s\u00e1bados por la noche, a las 22:59, hora del este. Los boletos se pueden comprar hasta la \u00faltima hora del sorteo, lo que significa que la venta cierra 59 minutos antes del inicio. Para la compra de boletos en l\u00ednea, calcula un margen de al menos 2 horas para que RedFoxLotto tenga tiempo suficiente para procesar tu pedido de boletos de Powerball.<br \/>Los ganadores y los n\u00fameros de la suerte se determinan extrayendo 5 bolas blancas de un bombo, que tiene un total de 59 bolas. Tambi\u00e9n hay una novedad: una bola roja, que se extrae de un bombo diferente compuesto por 35 bolas rojas.<\/p>\n<h2>Formas de ganar<\/h2>\n<p>Hay 9 maneras diferentes de ganar al jugar a la loter\u00eda PowerBall. El premio principal, el bote grande, se ganar\u00e1 si su boleto de loter\u00eda acierta los 5 n\u00fameros de la bola blanca y la bola roja, tambi\u00e9n conocida como PowerBall. En caso de ganar el bote, puede elegir entre recibir un pago \u00fanico de inmediato o recibir el bote completo anualmente, durante 29 a\u00f1os. Aunque parezca mucho tiempo, \u00a1estamos seguros de que te sentir\u00e1s m\u00e1s que satisfecho con recibir alrededor de $10 millones al a\u00f1o!<\/p>\n<p>Las probabilidades de ganar cualquier premio al jugar a la loter\u00eda PowerBall son de aproximadamente 1 en 32. Puedes ganar un premio de las siguientes maneras:<\/p>\n<ul>\n<li>5 Bolas Blancas + la PowerBall ganar\u00e1n el premio mayor<\/li>\n<li>5 Bolas Blancas ganar\u00e1n $1 mill\u00f3n<\/li>\n<li>4 Bolas Blancas + la PowerBall ganar\u00e1n $10,000<\/li>\n<li>4 Bolas Blancas ganar\u00e1n $100<\/li>\n<li>3 Bolas Blancas + la PowerBall ganar\u00e1n $100<\/li>\n<li>3 Bolas Blancas ganar\u00e1n $7<\/li>\n<li>2 Bolas Blancas + la PowerBall ganar\u00e1n $7<\/li>\n<li>1 Bola Blanca + la PowerBall ganar\u00e1 $7<\/li>\n<li>El PowerBall solo te dar\u00e1 $4<\/li>\n<\/ul>\n<p>Tambi\u00e9n hay una funci\u00f3n adicional: si seleccionas la funci\u00f3n PowerPlay, puedes aumentar el monto del premio original. Si tu boleto tiene la combinaci\u00f3n ganadora 5+0, tu premio ser\u00e1 de $2 millones, en lugar de $1 mill\u00f3n. Debes seleccionar la funci\u00f3n PowerPlay al comprar tu boleto.<\/p>\n<h2>Cuando\u00bfD\u00f3nde puedo jugar?<\/p>\n<p>PowerBall es la loter\u00eda favorita de Estados Unidos y se puede jugar en 42 estados de todo el pa\u00eds. Tambi\u00e9n se juega en Washington D.C. y las Islas V\u00edrgenes Estadounidenses. Hay 8 estados que no permiten a sus residentes participar en esta loter\u00eda: Nevada, California, Utah, Misisipi, Wyoming, Alabama, Haw\u00e1i y Alaska.<\/p>\n<p>Sin embargo, como se mencion\u00f3 al principio de este art\u00edculo, tambi\u00e9n es posible jugar a PowerBall fuera de EE. UU., sin ser residente de EE. UU. o desde un estado donde no se puedan comprar en tiendas. RedFoxLotto lo hace posible para todos. <strong><span style=\"text-decoration: underline;\"><a href=\"https:\/\/redfoxlotto.com\/?ref=A8564250A2&amp;medium=pwb\" target=\"_blank\" rel=\"noopener noreferrer\">\u00a1Consigue tu boleto de loter\u00eda PowerBall en l\u00ednea ahora!<\/a><\/span><\/strong><\/p>\n","protected":false},"excerpt":{"rendered":"<p>C\u00f3mo comprar boletos de Powerball en l\u00ednea PowerBall es un juego de loter\u00eda extremadamente popular, con grandes premios y premios mayores que van desde $140 hasta m\u00e1s de $300 millones. Ya hay 7 personas que ganaron el premio mayor de PowerBall en 2012. El premio menor fue de $60 millones, y el mayor, de $337 &hellip; <\/p>\n<p class=\"link-more\"><a href=\"https:\/\/powerballticketonline.com\/es\/\" class=\"more-link\">Leer m\u00e1s<span class=\"screen-reader-text\"> \u00abHogar\u00bb<\/span><\/a><\/p>\n","protected":false},"author":1,"featured_media":0,"parent":0,"menu_order":0,"comment_status":"closed","ping_status":"closed","template":"","meta":{"footnotes":""},"class_list":["post-64","page","type-page","status-publish","hentry"],"yoast_head":"<!-- This site is optimized with the Yoast SEO plugin v27.3 - https:\/\/yoast.com\/product\/yoast-seo-wordpress\/ -->\n<title>Compre boletos de loter\u00eda Powerball en l\u00ednea desde cualquier parte del mundo<\/title>\n<meta name=\"robots\" content=\"index, follow, max-snippet:-1, max-image-preview:large, max-video-preview:-1\" \/>\n<link rel=\"canonical\" href=\"https:\/\/powerballticketonline.com\/es\/\" \/>\n<meta property=\"og:locale\" content=\"es_ES\" \/>\n<meta property=\"og:type\" content=\"article\" \/>\n<meta property=\"og:title\" content=\"Compre boletos de loter\u00eda Powerball en l\u00ednea desde cualquier parte del mundo\" \/>\n<meta property=\"og:description\" content=\"C\u00f3mo comprar boletos de Powerball en l\u00ednea PowerBall es un juego de loter\u00eda extremadamente popular, con grandes premios y premios mayores que van desde $140 hasta m\u00e1s de $300 millones. Ya hay 7 personas que ganaron el premio mayor de PowerBall en 2012. El premio menor fue de $60 millones, y el mayor, de $337 &hellip; Leer m\u00e1s \u00abHogar\u00bb\" \/>\n<meta property=\"og:url\" content=\"https:\/\/powerballticketonline.com\/es\/\" \/>\n<meta property=\"article:modified_time\" content=\"2025-08-27T07:05:04+00:00\" \/>\n<meta name=\"twitter:card\" content=\"summary_large_image\" \/>\n<meta name=\"twitter:label1\" content=\"Tiempo de lectura\" \/>\n\t<meta name=\"twitter:data1\" content=\"4 minutes\" \/>\n<script type=\"application\/ld+json\" class=\"yoast-schema-graph\">{\"@context\":\"https:\\\/\\\/schema.org\",\"@graph\":[{\"@type\":\"WebPage\",\"@id\":\"https:\\\/\\\/powerballticketonline.com\\\/es\\\/\",\"url\":\"https:\\\/\\\/powerballticketonline.com\\\/es\\\/\",\"name\":\"Compre boletos de loter\u00eda Powerball en l\u00ednea desde cualquier parte del mundo\",\"isPartOf\":{\"@id\":\"https:\\\/\\\/powerballticketonline.com\\\/es\\\/#website\"},\"datePublished\":\"2025-08-02T15:41:33+00:00\",\"dateModified\":\"2025-08-27T07:05:04+00:00\",\"breadcrumb\":{\"@id\":\"https:\\\/\\\/powerballticketonline.com\\\/es\\\/#breadcrumb\"},\"inLanguage\":\"es-ES\",\"potentialAction\":[{\"@type\":\"ReadAction\",\"target\":[\"https:\\\/\\\/powerballticketonline.com\\\/es\\\/\"]}]},{\"@type\":\"BreadcrumbList\",\"@id\":\"https:\\\/\\\/powerballticketonline.com\\\/es\\\/#breadcrumb\",\"itemListElement\":[{\"@type\":\"ListItem\",\"position\":1,\"name\":\"Home\",\"item\":\"https:\\\/\\\/powerballticketonline.com\\\/es\\\/\"},{\"@type\":\"ListItem\",\"position\":2,\"name\":\"Hogar\"}]},{\"@type\":\"WebSite\",\"@id\":\"https:\\\/\\\/powerballticketonline.com\\\/es\\\/#website\",\"url\":\"https:\\\/\\\/powerballticketonline.com\\\/es\\\/\",\"name\":\"\",\"description\":\"\",\"potentialAction\":[{\"@type\":\"SearchAction\",\"target\":{\"@type\":\"EntryPoint\",\"urlTemplate\":\"https:\\\/\\\/powerballticketonline.com\\\/es\\\/?s={search_term_string}\"},\"query-input\":{\"@type\":\"PropertyValueSpecification\",\"valueRequired\":true,\"valueName\":\"search_term_string\"}}],\"inLanguage\":\"es-ES\"}]}<\/script>\n<!-- \/ Yoast SEO plugin. -->","yoast_head_json":{"title":"Compre boletos de loter\u00eda Powerball en l\u00ednea desde cualquier parte del mundo","robots":{"index":"index","follow":"follow","max-snippet":"max-snippet:-1","max-image-preview":"max-image-preview:large","max-video-preview":"max-video-preview:-1"},"canonical":"https:\/\/powerballticketonline.com\/es\/","og_locale":"es_ES","og_type":"article","og_title":"Compre boletos de loter\u00eda Powerball en l\u00ednea desde cualquier parte del mundo","og_description":"C\u00f3mo comprar boletos de Powerball en l\u00ednea PowerBall es un juego de loter\u00eda extremadamente popular, con grandes premios y premios mayores que van desde $140 hasta m\u00e1s de $300 millones. Ya hay 7 personas que ganaron el premio mayor de PowerBall en 2012. El premio menor fue de $60 millones, y el mayor, de $337 &hellip; Leer m\u00e1s \u00abHogar\u00bb","og_url":"https:\/\/powerballticketonline.com\/es\/","article_modified_time":"2025-08-27T07:05:04+00:00","twitter_card":"summary_large_image","twitter_misc":{"Tiempo de lectura":"4 minutes"},"schema":{"@context":"https:\/\/schema.org","@graph":[{"@type":"WebPage","@id":"https:\/\/powerballticketonline.com\/es\/","url":"https:\/\/powerballticketonline.com\/es\/","name":"Compre boletos de loter\u00eda Powerball en l\u00ednea desde cualquier parte del mundo","isPartOf":{"@id":"https:\/\/powerballticketonline.com\/es\/#website"},"datePublished":"2025-08-02T15:41:33+00:00","dateModified":"2025-08-27T07:05:04+00:00","breadcrumb":{"@id":"https:\/\/powerballticketonline.com\/es\/#breadcrumb"},"inLanguage":"es-ES","potentialAction":[{"@type":"ReadAction","target":["https:\/\/powerballticketonline.com\/es\/"]}]},{"@type":"BreadcrumbList","@id":"https:\/\/powerballticketonline.com\/es\/#breadcrumb","itemListElement":[{"@type":"ListItem","position":1,"name":"Home","item":"https:\/\/powerballticketonline.com\/es\/"},{"@type":"ListItem","position":2,"name":"Hogar"}]},{"@type":"WebSite","@id":"https:\/\/powerballticketonline.com\/es\/#website","url":"https:\/\/powerballticketonline.com\/es\/","name":"","description":"","potentialAction":[{"@type":"SearchAction","target":{"@type":"EntryPoint","urlTemplate":"https:\/\/powerballticketonline.com\/es\/?s={search_term_string}"},"query-input":{"@type":"PropertyValueSpecification","valueRequired":true,"valueName":"search_term_string"}}],"inLanguage":"es-ES"}]}},"_links":{"self":[{"href":"https:\/\/powerballticketonline.com\/es\/wp-json\/wp\/v2\/pages\/64","targetHints":{"allow":["GET"]}}],"collection":[{"href":"https:\/\/powerballticketonline.com\/es\/wp-json\/wp\/v2\/pages"}],"about":[{"href":"https:\/\/powerballticketonline.com\/es\/wp-json\/wp\/v2\/types\/page"}],"author":[{"embeddable":true,"href":"https:\/\/powerballticketonline.com\/es\/wp-json\/wp\/v2\/users\/1"}],"replies":[{"embeddable":true,"href":"https:\/\/powerballticketonline.com\/es\/wp-json\/wp\/v2\/comments?post=64"}],"version-history":[{"count":1,"href":"https:\/\/powerballticketonline.com\/es\/wp-json\/wp\/v2\/pages\/64\/revisions"}],"predecessor-version":[{"id":394,"href":"https:\/\/powerballticketonline.com\/es\/wp-json\/wp\/v2\/pages\/64\/revisions\/394"}],"wp:attachment":[{"href":"https:\/\/powerballticketonline.com\/es\/wp-json\/wp\/v2\/media?parent=64"}],"curies":[{"name":"wp","href":"https:\/\/api.w.org\/{rel}","templated":true}]}}