{"id":66,"date":"2025-08-02T15:14:15","date_gmt":"2025-08-02T15:14:15","guid":{"rendered":"https:\/\/powerballticketonline.com\/juega-al-powerball-con-bitcoin\/"},"modified":"2025-08-02T15:14:15","modified_gmt":"2025-08-02T15:14:15","slug":"juega-al-powerball-con-bitcoin","status":"publish","type":"page","link":"https:\/\/powerballticketonline.com\/es\/juega-al-powerball-con-bitcoin\/","title":{"rendered":"Juega al Powerball con Bitcoin"},"content":{"rendered":"<p>Paga tu billete de la loter\u00eda Powerball con Bitcoin<\/p>\n<p>El a\u00f1o pasado, la loter\u00eda Powerball de EE. UU. alcanz\u00f3 un m\u00e1ximo hist\u00f3rico de 1.500 millones de d\u00f3lares. \u00a1Incre\u00edble! No te imaginas esta cifra y lo que significa ganarla. Todos compraban billetes como locos, deseando hacerse ricos. Pero, \u00bfsab\u00edas que es posible comprar un billete de Powerball con Bitcoin?<br \/>Quienes ten\u00edan bitcoins de sobra en sus billeteras deben estar mordi\u00e9ndose los labios. Pero no te quedes de brazos cruzados, porque puedes darle un uso a tus bitcoins. <span style=\"text-decoration: underline;\"><a href=\"http:\/\/www.bitcoincasino.org\/\" target=\"_blank\" rel=\"noopener noreferrer\">Aprenda m\u00e1s sobre las apuestas con Bitcoin<\/a><\/span> y las loter\u00edas de Bitcoin y descubra un mundo completamente nuevo.<\/p>\n<h2>D\u00f3nde comprar billetes de la loter\u00eda Powerball con Bitcoin<\/h2>\n<p>Naturalmente, no puede comprar un billete de Powerball con Bitcoin en su tienda local. No es <span style=\"text-decoration: underline;\"><a href=\"https:\/\/www.forbes.com\/sites\/investopedia\/2013\/08\/01\/how-bitcoin-works\/\" target=\"_blank\" rel=\"noopener noreferrer\">c\u00f3mo funciona Bitcoin<\/a><\/span>. Solo tienes que encontrar un revendedor oficial en l\u00ednea de billetes de loter\u00eda Powerball, uno leg\u00edtimo.<br \/>No es dif\u00edcil encontrarlos, ya que casi todos los vendedores en l\u00ednea est\u00e1n explorando poco a poco los beneficios de esta criptomoneda. Incluso las marcas m\u00e1s importantes se est\u00e1n sumando. La mayor\u00eda de estos revendedores tambi\u00e9n aceptan d\u00f3lares, pero lo importante es que te permitir\u00e1n comprar billetes en bitcoin.<br \/>Algunos incluso te vender\u00e1n billetes de loter\u00eda internacionales como Euromillones en Europa, la loter\u00eda m\u00e1s grande del pa\u00eds. Una vez que hayas comprado los billetes de Powerball, el revendedor te enviar\u00e1 un correo electr\u00f3nico de confirmaci\u00f3n.<\/p>\n<h2>C\u00f3mo obtener un pago<\/h2>\n<p><img loading=\"lazy\" decoding=\"async\" src=\"images\/win_lottery_prize.jpg\" alt=\"bitcoin win powerball\" width=\"200\" height=\"200\" style=\"margin: 1px; float: right;\" \/>Esta es la parte m\u00e1s importante: obtener tus ganancias. Hay varias opciones. Si ganas una cantidad peque\u00f1a, puedes recibir el importe total de una vez. Si ganas una cantidad mayor, el revendedor podr\u00eda tener la pol\u00edtica de pagarte en varias cuotas directamente en tu monedero de bitcoin. Si ganas el premio gordo, que suele ser muy grande, puedes optar por recoger tus ganancias en persona.<br \/>Pero aqu\u00ed est\u00e1 la mejor parte: no tienes que ir a recoger tus ganancias en persona. Esta opci\u00f3n suele ser la mejor si quieres que te paguen en moneda local. Pero si quieres tus ganancias en bitcoin, simplemente retira el importe total (si es posible).<br \/>El bitcoin no est\u00e1 sujeto a impuestos ni a comisiones de procesamiento. Lo m\u00e1s importante es que puedes recibir tus ganancias en cuesti\u00f3n de minutos tras solicitar el pago, algo que no es posible con ning\u00fan otro m\u00e9todo de pago.<\/p>\n<h2>La ventaja<\/h2>\n<p>Jugar a la loter\u00eda con bitcoin tiene una gran ventaja: el anonimato. Si bien los dep\u00f3sitos en moneda tradicional requieren diferentes tipos de identificaci\u00f3n y prueba de identidad, el bitcoin no. Incluso el proceso de apertura de cuenta en un revendedor en l\u00ednea es m\u00ednimo. Solo tienes que ingresar tu correo electr\u00f3nico y la direcci\u00f3n de tu billetera bitcoin, donde recibir\u00e1s o desde donde se depositar\u00e1n tus bitcoins. Sin nombre, apellidos, tarjetas de cr\u00e9dito, direcci\u00f3n, ni informaci\u00f3n confidencial que pueda ser utilizada para perjudicarte.<\/p>\n","protected":false},"excerpt":{"rendered":"<p>Paga tu billete de la loter\u00eda Powerball con Bitcoin El a\u00f1o pasado, la loter\u00eda Powerball de EE. UU. alcanz\u00f3 un m\u00e1ximo hist\u00f3rico de 1.500 millones de d\u00f3lares. \u00a1Incre\u00edble! No te imaginas esta cifra y lo que significa ganarla. Todos compraban billetes como locos, deseando hacerse ricos. Pero, \u00bfsab\u00edas que es posible comprar un billete de &hellip; <\/p>\n<p class=\"link-more\"><a href=\"https:\/\/powerballticketonline.com\/es\/juega-al-powerball-con-bitcoin\/\" class=\"more-link\">Leer m\u00e1s<span class=\"screen-reader-text\"> \u00abJuega al Powerball con Bitcoin\u00bb<\/span><\/a><\/p>\n","protected":false},"author":1,"featured_media":0,"parent":0,"menu_order":0,"comment_status":"closed","ping_status":"closed","template":"","meta":{"footnotes":""},"class_list":["post-66","page","type-page","status-publish","hentry"],"yoast_head":"<!-- This site is optimized with the Yoast SEO plugin v27.4 - https:\/\/yoast.com\/product\/yoast-seo-wordpress\/ -->\n<title>\u00bfSe puede jugar a la loter\u00eda Powerball con Bitcoin?<\/title>\n<meta name=\"robots\" content=\"index, follow, max-snippet:-1, max-image-preview:large, max-video-preview:-1\" \/>\n<link rel=\"canonical\" href=\"https:\/\/powerballticketonline.com\/es\/juega-al-powerball-con-bitcoin\/\" \/>\n<meta property=\"og:locale\" content=\"es_ES\" \/>\n<meta property=\"og:type\" content=\"article\" \/>\n<meta property=\"og:title\" content=\"\u00bfSe puede jugar a la loter\u00eda Powerball con Bitcoin?\" \/>\n<meta property=\"og:description\" content=\"Paga tu billete de la loter\u00eda Powerball con Bitcoin El a\u00f1o pasado, la loter\u00eda Powerball de EE. UU. alcanz\u00f3 un m\u00e1ximo hist\u00f3rico de 1.500 millones de d\u00f3lares. \u00a1Incre\u00edble! No te imaginas esta cifra y lo que significa ganarla. Todos compraban billetes como locos, deseando hacerse ricos. Pero, \u00bfsab\u00edas que es posible comprar un billete de &hellip; Leer m\u00e1s \u00abJuega al Powerball con Bitcoin\u00bb\" \/>\n<meta property=\"og:url\" content=\"https:\/\/powerballticketonline.com\/es\/juega-al-powerball-con-bitcoin\/\" \/>\n<meta name=\"twitter:card\" content=\"summary_large_image\" \/>\n<meta name=\"twitter:label1\" content=\"Tiempo de lectura\" \/>\n\t<meta name=\"twitter:data1\" content=\"3 minutes\" \/>\n<script type=\"application\/ld+json\" class=\"yoast-schema-graph\">{\"@context\":\"https:\\\/\\\/schema.org\",\"@graph\":[{\"@type\":\"WebPage\",\"@id\":\"https:\\\/\\\/powerballticketonline.com\\\/es\\\/juega-al-powerball-con-bitcoin\\\/\",\"url\":\"https:\\\/\\\/powerballticketonline.com\\\/es\\\/juega-al-powerball-con-bitcoin\\\/\",\"name\":\"\u00bfSe puede jugar a la loter\u00eda Powerball con Bitcoin?\",\"isPartOf\":{\"@id\":\"https:\\\/\\\/powerballticketonline.com\\\/es\\\/#website\"},\"datePublished\":\"2025-08-02T15:14:15+00:00\",\"breadcrumb\":{\"@id\":\"https:\\\/\\\/powerballticketonline.com\\\/es\\\/juega-al-powerball-con-bitcoin\\\/#breadcrumb\"},\"inLanguage\":\"es-ES\",\"potentialAction\":[{\"@type\":\"ReadAction\",\"target\":[\"https:\\\/\\\/powerballticketonline.com\\\/es\\\/juega-al-powerball-con-bitcoin\\\/\"]}]},{\"@type\":\"BreadcrumbList\",\"@id\":\"https:\\\/\\\/powerballticketonline.com\\\/es\\\/juega-al-powerball-con-bitcoin\\\/#breadcrumb\",\"itemListElement\":[{\"@type\":\"ListItem\",\"position\":1,\"name\":\"Home\",\"item\":\"https:\\\/\\\/powerballticketonline.com\\\/es\\\/\"},{\"@type\":\"ListItem\",\"position\":2,\"name\":\"Juega al Powerball con Bitcoin\"}]},{\"@type\":\"WebSite\",\"@id\":\"https:\\\/\\\/powerballticketonline.com\\\/es\\\/#website\",\"url\":\"https:\\\/\\\/powerballticketonline.com\\\/es\\\/\",\"name\":\"\",\"description\":\"\",\"potentialAction\":[{\"@type\":\"SearchAction\",\"target\":{\"@type\":\"EntryPoint\",\"urlTemplate\":\"https:\\\/\\\/powerballticketonline.com\\\/es\\\/?s={search_term_string}\"},\"query-input\":{\"@type\":\"PropertyValueSpecification\",\"valueRequired\":true,\"valueName\":\"search_term_string\"}}],\"inLanguage\":\"es-ES\"}]}<\/script>\n<!-- \/ Yoast SEO plugin. -->","yoast_head_json":{"title":"\u00bfSe puede jugar a la loter\u00eda Powerball con Bitcoin?","robots":{"index":"index","follow":"follow","max-snippet":"max-snippet:-1","max-image-preview":"max-image-preview:large","max-video-preview":"max-video-preview:-1"},"canonical":"https:\/\/powerballticketonline.com\/es\/juega-al-powerball-con-bitcoin\/","og_locale":"es_ES","og_type":"article","og_title":"\u00bfSe puede jugar a la loter\u00eda Powerball con Bitcoin?","og_description":"Paga tu billete de la loter\u00eda Powerball con Bitcoin El a\u00f1o pasado, la loter\u00eda Powerball de EE. UU. alcanz\u00f3 un m\u00e1ximo hist\u00f3rico de 1.500 millones de d\u00f3lares. \u00a1Incre\u00edble! No te imaginas esta cifra y lo que significa ganarla. Todos compraban billetes como locos, deseando hacerse ricos. Pero, \u00bfsab\u00edas que es posible comprar un billete de &hellip; Leer m\u00e1s \u00abJuega al Powerball con Bitcoin\u00bb","og_url":"https:\/\/powerballticketonline.com\/es\/juega-al-powerball-con-bitcoin\/","twitter_card":"summary_large_image","twitter_misc":{"Tiempo de lectura":"3 minutes"},"schema":{"@context":"https:\/\/schema.org","@graph":[{"@type":"WebPage","@id":"https:\/\/powerballticketonline.com\/es\/juega-al-powerball-con-bitcoin\/","url":"https:\/\/powerballticketonline.com\/es\/juega-al-powerball-con-bitcoin\/","name":"\u00bfSe puede jugar a la loter\u00eda Powerball con Bitcoin?","isPartOf":{"@id":"https:\/\/powerballticketonline.com\/es\/#website"},"datePublished":"2025-08-02T15:14:15+00:00","breadcrumb":{"@id":"https:\/\/powerballticketonline.com\/es\/juega-al-powerball-con-bitcoin\/#breadcrumb"},"inLanguage":"es-ES","potentialAction":[{"@type":"ReadAction","target":["https:\/\/powerballticketonline.com\/es\/juega-al-powerball-con-bitcoin\/"]}]},{"@type":"BreadcrumbList","@id":"https:\/\/powerballticketonline.com\/es\/juega-al-powerball-con-bitcoin\/#breadcrumb","itemListElement":[{"@type":"ListItem","position":1,"name":"Home","item":"https:\/\/powerballticketonline.com\/es\/"},{"@type":"ListItem","position":2,"name":"Juega al Powerball con Bitcoin"}]},{"@type":"WebSite","@id":"https:\/\/powerballticketonline.com\/es\/#website","url":"https:\/\/powerballticketonline.com\/es\/","name":"","description":"","potentialAction":[{"@type":"SearchAction","target":{"@type":"EntryPoint","urlTemplate":"https:\/\/powerballticketonline.com\/es\/?s={search_term_string}"},"query-input":{"@type":"PropertyValueSpecification","valueRequired":true,"valueName":"search_term_string"}}],"inLanguage":"es-ES"}]}},"_links":{"self":[{"href":"https:\/\/powerballticketonline.com\/es\/wp-json\/wp\/v2\/pages\/66","targetHints":{"allow":["GET"]}}],"collection":[{"href":"https:\/\/powerballticketonline.com\/es\/wp-json\/wp\/v2\/pages"}],"about":[{"href":"https:\/\/powerballticketonline.com\/es\/wp-json\/wp\/v2\/types\/page"}],"author":[{"embeddable":true,"href":"https:\/\/powerballticketonline.com\/es\/wp-json\/wp\/v2\/users\/1"}],"replies":[{"embeddable":true,"href":"https:\/\/powerballticketonline.com\/es\/wp-json\/wp\/v2\/comments?post=66"}],"version-history":[{"count":0,"href":"https:\/\/powerballticketonline.com\/es\/wp-json\/wp\/v2\/pages\/66\/revisions"}],"wp:attachment":[{"href":"https:\/\/powerballticketonline.com\/es\/wp-json\/wp\/v2\/media?parent=66"}],"curies":[{"name":"wp","href":"https:\/\/api.w.org\/{rel}","templated":true}]}}