{"id":68,"date":"2025-08-04T10:27:58","date_gmt":"2025-08-04T10:27:58","guid":{"rendered":"https:\/\/powerballticketonline.com\/juega-al-powerball-en-linea\/"},"modified":"2025-08-04T10:27:58","modified_gmt":"2025-08-04T10:27:58","slug":"juega-al-powerball-en-linea","status":"publish","type":"page","link":"https:\/\/powerballticketonline.com\/es\/juega-al-powerball-en-linea\/","title":{"rendered":"Juega al Powerball en l\u00ednea"},"content":{"rendered":"<p>C\u00f3mo jugar al Powerball en l\u00ednea, sin importar d\u00f3nde vivas<\/p>\n<p>Como aprendiste en nuestro art\u00edculo de la p\u00e1gina de inicio, gracias a RedFoxLotto.com ahora es posible comprar cualquier billete de loter\u00eda internacional en l\u00ednea, incluyendo el Powerball. Ya seas residente de EE. UU., Jap\u00f3n o cualquier otro pa\u00eds, puedes participar y jugar al Powerball Lotto y a diferentes eventos de loter\u00eda. Solo necesitas acceso a una computadora con conexi\u00f3n a internet activa y un m\u00e9todo de pago como una tarjeta de cr\u00e9dito, una cuenta bancaria o una de las billeteras electr\u00f3nicas m\u00e1s populares. Una vez que lo tengas, \u00a1podr\u00e1s jugar al Powerball en l\u00ednea!<\/p>\n<p>C\u00f3mo registrarte para obtener tu billete de loter\u00eda<\/p>\n<p>Registrarse es muy f\u00e1cil: solo haz clic en el banner superior o en uno de los elementos de nuestro sitio que muestran los botes disponibles. Despu\u00e9s de eso, te guiaremos paso a paso por el proceso, que es realmente muy sencillo.<\/p>\n<p><a href=\"https:\/\/redfoxlotto.com\/?ref=A8564250A2&#038;medium=pwrb\" target=\"_blank\" rel=\"noopener noreferrer\"><img loading=\"lazy\" decoding=\"async\" src=\"images\/play_lotto_online.jpg\" alt=\"Jouez &agrave; Powerball en ligne\" width=\"250\" height=\"167\" style=\"margin: 1px; float: right;\" \/><\/a>Una vez en el sitio web de RedFoxLotto, haz clic en el bot\u00f3n de registro, ubicado en la parte superior de la p\u00e1gina. Se abrir\u00e1 un formulario donde deber\u00e1s ingresar tus datos, como nombre, apellido, correo electr\u00f3nico, n\u00famero de tel\u00e9fono, etc. Revisa todos los datos antes de finalizar tu registro, ya que la informaci\u00f3n incorrecta podr\u00eda reducir tus posibilidades de recibir un premio en efectivo. \u00bfHas revisado tus datos? \u00a1Bien! Ahora confirma tu registro haciendo clic en el bot\u00f3n &#8220;Registrarse&#8221;, ubicado en la parte inferior del formulario de registro.<\/p>\n<p>Si lo has hecho todo correctamente, deber\u00edas recibir un nuevo mensaje en tu correo electr\u00f3nico con tus datos de acceso e informaci\u00f3n \u00fatil. Ahora puedes comprar un billete de PowerBall en l\u00ednea, ya sea seleccionando la loter\u00eda a la que quieres jugar en la p\u00e1gina de inicio o haciendo clic en &#8220;Loter\u00edas&#8221; y seleccion\u00e1ndola all\u00ed.<\/p>\n<p>Si has abierto la p\u00e1gina de PowerBall correctamente, ver\u00e1s una breve descripci\u00f3n y un bot\u00f3n grande &#8220;Jugar ahora&#8221;. Si est\u00e1s listo para comprar un billete, haz clic en este bot\u00f3n. Se abrir\u00e1 la siguiente p\u00e1gina, que ser\u00e1 un poco m\u00e1s compleja y te ofrecer\u00e1 varias opciones para tu billete (ten en cuenta que tambi\u00e9n puedes elegir primero tus n\u00fameros de loter\u00eda y registrarte despu\u00e9s):<\/p>\n<p><strong>La cantidad de l\u00edneas que deseas jugar<\/strong>. Esto representa la cantidad de combinaciones de n\u00fameros que deseas comprar para el Powerball. Por ejemplo, si una de las combinaciones de 2 n\u00fameros falla, a\u00fan puedes tener la oportunidad de ganar el premio mayor del Powerball. Para que quede claro, tendr\u00e1s dos boletos de loter\u00eda separados, \u00a1as\u00ed que tus posibilidades son el doble!<\/p>\n<p><strong>La cantidad de sorteos en los que quieres participar<\/strong>: como sabes, los sorteos del Powerball se programan dos veces por semana, los mi\u00e9rcoles y s\u00e1bados. El monto de compra recomendado es para 6 sorteos, lo que significa que tus n\u00fameros tendr\u00e1n 6 posibilidades de ganar. \u00a1Puedes comprar hasta 52 sorteos consecutivos, a lo largo de 7 meses!<\/p>\n<p><strong>Selecci\u00f3n de n\u00fameros<\/strong>: puedes seleccionar tus propios n\u00fameros o usar el m\u00e9todo &#8220;Selecci\u00f3n r\u00e1pida&#8221; del generador de n\u00fameros aleatorios, que los seleccionar\u00e1 autom\u00e1ticamente. Antes de hacerlo, un dato r\u00e1pido: \u00a1El 68 % de los ganadores del premio mayor usaron Quick Pick para elegir sus n\u00fameros de Powerball!<\/p>\n<p>Despu\u00e9s de elegir sus n\u00fameros, acceder\u00e1 a una vista general de su carrito de compras. Si todo est\u00e1 correcto, puede proceder al pago.<\/p>\n<h2>Comprar el billete de loter\u00eda PowerBall<\/h2>\n<p>Una vez que haya completado el proceso de elegir sus n\u00fameros y revisar su pedido, es hora de completar la compra realizando un pago. RedFoxLotto ofrece una amplia gama de m\u00e9todos de pago para pagar y completar su pedido de billetes de Powerball. Algunos de los m\u00e9todos de pago son:<\/p>\n<ul>\n<li>VISA, MasterCard, VISA D\u00e9bito, Visa Electron para tarjetas de cr\u00e9dito.<\/li>\n<li>EntroPay, Skrill, Neteller, Ukash para monederos electr\u00f3nicos.<\/li>\n<li>Transferencia bancaria.<\/li>\n<li>Bitcoin.<\/li>\n<\/ul>\n<p>Los pagos se procesan al instante y, al finalizar, recibir\u00e1 un mensaje de confirmaci\u00f3n en su direcci\u00f3n de correo electr\u00f3nico registrada. Una vez confirmado su pedido y comprados sus boletos de Powerball, recibir\u00e1 un correo electr\u00f3nico de confirmaci\u00f3n. Si gana, recibir\u00e1 otro correo electr\u00f3nico notific\u00e1ndoselo para que pueda revisar su boleto.<\/p>\n<h2>\u00a1Jugu\u00e9 y gan\u00e9! \u00bfC\u00f3mo recibo mi dinero?<\/h2>\n<p>Antes que nada, \u00a1felicitaciones! Si el premio ganado es inferior a 2500 \u20ac, recibir\u00e1 sus fondos de la siguiente manera:<\/p>\n<ul>\n<li>Puede abonarlo en su cuenta de cliente de RedFoxLotto y usarlo para nuevas suscripciones<\/li>\n<li>o puede retirarlo de su cuenta de cliente, de la misma manera que realiz\u00f3 el pago<\/li>\n<\/ul>\n<p>Si gana un premio superior a 2500 \u20ac, tiene 3 opciones:<\/p>\n<ul>\n<li>RedFoxLotto puede enviar un recibo oficial de loter\u00edaFormulario de reclamo de ganancias, que deber\u00e1 completar y enviar. La compa\u00f1\u00eda enviar\u00e1 el formulario a la comisi\u00f3n de Powerball y solicitar\u00e1 el pago de las ganancias en su nombre mediante cheque. Sin embargo, algunas comisiones de loter\u00eda podr\u00edan exigirle que reciba los fondos en persona en caso de ganar el premio mayor.<\/li>\n<li>Puede recibir el boleto ganador personalmente en una de las oficinas de RedFoxLotto y recoger su premio usted mismo.<\/li>\n<li>Puede enviar su boleto por mensajer\u00eda o por cualquier otro servicio de entrega que prefiera. Deber\u00e1 cubrir los costos y cualquier riesgo asociado con el env\u00edo de este boleto ser\u00e1 su responsabilidad.<\/li>\n<\/ul>\n<p><strong>\u00a1En ning\u00fan caso RedFoxLotto le cobrar\u00e1 por cobrar sus ganancias de Powerball ni se quedar\u00e1 con una parte del premio!<\/strong><\/p>\n","protected":false},"excerpt":{"rendered":"<p>C\u00f3mo jugar al Powerball en l\u00ednea, sin importar d\u00f3nde vivas Como aprendiste en nuestro art\u00edculo de la p\u00e1gina de inicio, gracias a RedFoxLotto.com ahora es posible comprar cualquier billete de loter\u00eda internacional en l\u00ednea, incluyendo el Powerball. Ya seas residente de EE. UU., Jap\u00f3n o cualquier otro pa\u00eds, puedes participar y jugar al Powerball Lotto &hellip; <\/p>\n<p class=\"link-more\"><a href=\"https:\/\/powerballticketonline.com\/es\/juega-al-powerball-en-linea\/\" class=\"more-link\">Leer m\u00e1s<span class=\"screen-reader-text\"> \u00abJuega al Powerball en l\u00ednea\u00bb<\/span><\/a><\/p>\n","protected":false},"author":1,"featured_media":0,"parent":0,"menu_order":0,"comment_status":"closed","ping_status":"closed","template":"","meta":{"footnotes":""},"class_list":["post-68","page","type-page","status-publish","hentry"],"yoast_head":"<!-- This site is optimized with the Yoast SEO plugin v27.3 - https:\/\/yoast.com\/product\/yoast-seo-wordpress\/ -->\n<title>Juega al Powerball en l\u00ednea<\/title>\n<meta name=\"robots\" content=\"index, follow, max-snippet:-1, max-image-preview:large, max-video-preview:-1\" \/>\n<link rel=\"canonical\" href=\"https:\/\/powerballticketonline.com\/es\/juega-al-powerball-en-linea\/\" \/>\n<meta property=\"og:locale\" content=\"es_ES\" \/>\n<meta property=\"og:type\" content=\"article\" \/>\n<meta property=\"og:title\" content=\"Juega al Powerball en l\u00ednea\" \/>\n<meta property=\"og:description\" content=\"C\u00f3mo jugar al Powerball en l\u00ednea, sin importar d\u00f3nde vivas Como aprendiste en nuestro art\u00edculo de la p\u00e1gina de inicio, gracias a RedFoxLotto.com ahora es posible comprar cualquier billete de loter\u00eda internacional en l\u00ednea, incluyendo el Powerball. Ya seas residente de EE. UU., Jap\u00f3n o cualquier otro pa\u00eds, puedes participar y jugar al Powerball Lotto &hellip; Leer m\u00e1s \u00abJuega al Powerball en l\u00ednea\u00bb\" \/>\n<meta property=\"og:url\" content=\"https:\/\/powerballticketonline.com\/es\/juega-al-powerball-en-linea\/\" \/>\n<meta name=\"twitter:card\" content=\"summary_large_image\" \/>\n<meta name=\"twitter:label1\" content=\"Tiempo de lectura\" \/>\n\t<meta name=\"twitter:data1\" content=\"5 minutes\" \/>\n<script type=\"application\/ld+json\" class=\"yoast-schema-graph\">{\"@context\":\"https:\\\/\\\/schema.org\",\"@graph\":[{\"@type\":\"WebPage\",\"@id\":\"https:\\\/\\\/powerballticketonline.com\\\/es\\\/juega-al-powerball-en-linea\\\/\",\"url\":\"https:\\\/\\\/powerballticketonline.com\\\/es\\\/juega-al-powerball-en-linea\\\/\",\"name\":\"Juega al Powerball en l\u00ednea\",\"isPartOf\":{\"@id\":\"https:\\\/\\\/powerballticketonline.com\\\/es\\\/#website\"},\"datePublished\":\"2025-08-04T10:27:58+00:00\",\"breadcrumb\":{\"@id\":\"https:\\\/\\\/powerballticketonline.com\\\/es\\\/juega-al-powerball-en-linea\\\/#breadcrumb\"},\"inLanguage\":\"es-ES\",\"potentialAction\":[{\"@type\":\"ReadAction\",\"target\":[\"https:\\\/\\\/powerballticketonline.com\\\/es\\\/juega-al-powerball-en-linea\\\/\"]}]},{\"@type\":\"BreadcrumbList\",\"@id\":\"https:\\\/\\\/powerballticketonline.com\\\/es\\\/juega-al-powerball-en-linea\\\/#breadcrumb\",\"itemListElement\":[{\"@type\":\"ListItem\",\"position\":1,\"name\":\"Home\",\"item\":\"https:\\\/\\\/powerballticketonline.com\\\/es\\\/\"},{\"@type\":\"ListItem\",\"position\":2,\"name\":\"Juega al Powerball en l\u00ednea\"}]},{\"@type\":\"WebSite\",\"@id\":\"https:\\\/\\\/powerballticketonline.com\\\/es\\\/#website\",\"url\":\"https:\\\/\\\/powerballticketonline.com\\\/es\\\/\",\"name\":\"\",\"description\":\"\",\"potentialAction\":[{\"@type\":\"SearchAction\",\"target\":{\"@type\":\"EntryPoint\",\"urlTemplate\":\"https:\\\/\\\/powerballticketonline.com\\\/es\\\/?s={search_term_string}\"},\"query-input\":{\"@type\":\"PropertyValueSpecification\",\"valueRequired\":true,\"valueName\":\"search_term_string\"}}],\"inLanguage\":\"es-ES\"}]}<\/script>\n<!-- \/ Yoast SEO plugin. -->","yoast_head_json":{"title":"Juega al Powerball en l\u00ednea","robots":{"index":"index","follow":"follow","max-snippet":"max-snippet:-1","max-image-preview":"max-image-preview:large","max-video-preview":"max-video-preview:-1"},"canonical":"https:\/\/powerballticketonline.com\/es\/juega-al-powerball-en-linea\/","og_locale":"es_ES","og_type":"article","og_title":"Juega al Powerball en l\u00ednea","og_description":"C\u00f3mo jugar al Powerball en l\u00ednea, sin importar d\u00f3nde vivas Como aprendiste en nuestro art\u00edculo de la p\u00e1gina de inicio, gracias a RedFoxLotto.com ahora es posible comprar cualquier billete de loter\u00eda internacional en l\u00ednea, incluyendo el Powerball. Ya seas residente de EE. UU., Jap\u00f3n o cualquier otro pa\u00eds, puedes participar y jugar al Powerball Lotto &hellip; Leer m\u00e1s \u00abJuega al Powerball en l\u00ednea\u00bb","og_url":"https:\/\/powerballticketonline.com\/es\/juega-al-powerball-en-linea\/","twitter_card":"summary_large_image","twitter_misc":{"Tiempo de lectura":"5 minutes"},"schema":{"@context":"https:\/\/schema.org","@graph":[{"@type":"WebPage","@id":"https:\/\/powerballticketonline.com\/es\/juega-al-powerball-en-linea\/","url":"https:\/\/powerballticketonline.com\/es\/juega-al-powerball-en-linea\/","name":"Juega al Powerball en l\u00ednea","isPartOf":{"@id":"https:\/\/powerballticketonline.com\/es\/#website"},"datePublished":"2025-08-04T10:27:58+00:00","breadcrumb":{"@id":"https:\/\/powerballticketonline.com\/es\/juega-al-powerball-en-linea\/#breadcrumb"},"inLanguage":"es-ES","potentialAction":[{"@type":"ReadAction","target":["https:\/\/powerballticketonline.com\/es\/juega-al-powerball-en-linea\/"]}]},{"@type":"BreadcrumbList","@id":"https:\/\/powerballticketonline.com\/es\/juega-al-powerball-en-linea\/#breadcrumb","itemListElement":[{"@type":"ListItem","position":1,"name":"Home","item":"https:\/\/powerballticketonline.com\/es\/"},{"@type":"ListItem","position":2,"name":"Juega al Powerball en l\u00ednea"}]},{"@type":"WebSite","@id":"https:\/\/powerballticketonline.com\/es\/#website","url":"https:\/\/powerballticketonline.com\/es\/","name":"","description":"","potentialAction":[{"@type":"SearchAction","target":{"@type":"EntryPoint","urlTemplate":"https:\/\/powerballticketonline.com\/es\/?s={search_term_string}"},"query-input":{"@type":"PropertyValueSpecification","valueRequired":true,"valueName":"search_term_string"}}],"inLanguage":"es-ES"}]}},"_links":{"self":[{"href":"https:\/\/powerballticketonline.com\/es\/wp-json\/wp\/v2\/pages\/68","targetHints":{"allow":["GET"]}}],"collection":[{"href":"https:\/\/powerballticketonline.com\/es\/wp-json\/wp\/v2\/pages"}],"about":[{"href":"https:\/\/powerballticketonline.com\/es\/wp-json\/wp\/v2\/types\/page"}],"author":[{"embeddable":true,"href":"https:\/\/powerballticketonline.com\/es\/wp-json\/wp\/v2\/users\/1"}],"replies":[{"embeddable":true,"href":"https:\/\/powerballticketonline.com\/es\/wp-json\/wp\/v2\/comments?post=68"}],"version-history":[{"count":0,"href":"https:\/\/powerballticketonline.com\/es\/wp-json\/wp\/v2\/pages\/68\/revisions"}],"wp:attachment":[{"href":"https:\/\/powerballticketonline.com\/es\/wp-json\/wp\/v2\/media?parent=68"}],"curies":[{"name":"wp","href":"https:\/\/api.w.org\/{rel}","templated":true}]}}