{"id":70,"date":"2025-08-04T10:32:03","date_gmt":"2025-08-04T10:32:03","guid":{"rendered":"https:\/\/powerballticketonline.com\/juegos-en-linea-basados-en-habilidad\/"},"modified":"2025-08-04T10:32:03","modified_gmt":"2025-08-04T10:32:03","slug":"juegos-en-linea-basados-en-habilidad","status":"publish","type":"page","link":"https:\/\/powerballticketonline.com\/es\/juegos-en-linea-basados-en-habilidad\/","title":{"rendered":"Juegos en l\u00ednea basados en habilidad"},"content":{"rendered":"<p>Jugar juegos de habilidad en l\u00ednea por dinero<\/p>\n<p>La perspectiva de ganar un premio gordo con un billete de loter\u00eda es ciertamente atractiva, especialmente porque sitios como <a href=\"https:\/\/www.jackpotlotteryonline.com\">www.jackpotlotteryonline.com<\/a> o <a href=\"https:\/\/www.onlinelotto365.com\">www.onlinelotto365.com<\/a> ofrecen una gran variedad de botes internacionales. Pero \u00bfalguna vez has deseado poder influir en el resultado de un juego que es menos aleatorio que la loter\u00eda?<\/p>\n<p>Bueno, ya sabes que hay bastantes opciones para eso. Los juegos t\u00edpicos que requieren (m\u00e1s o menos) habilidad son el p\u00f3ker y el blackjack en l\u00ednea, y luego est\u00e1n, por supuesto, las apuestas deportivas. Las tres son excelentes opciones para influir en el resultado y las probabilidades de ganar, ya sea usando una estrategia ganadora o buscando informaci\u00f3n pertinente antes de apostar por un caballo, un equipo de f\u00fatbol o un jugador individual.<\/p>\n<h2>La estrategia correcta<\/h2>\n<p>Incluso si tu juego de p\u00f3ker no es muy bueno, puedes mejorarlo f\u00e1cilmente hasta convertirte en un jugador ganador. Existen muchos sitios web que te ayudan a aprender la estrategia correcta. Un sitio excelente es <span style=\"text-decoration: underline;\"><a href=\"http:\/\/www.poker-coaching.net\/en\">www.poker-coaching.net<\/a><\/span>. Consulta sus art\u00edculos sobre estrategia de p\u00f3ker, sus consejos sobre bonos de registro y c\u00f3mo elegir una buena plataforma para jugar al p\u00f3ker en l\u00ednea.<\/p>\n<p>El Blackjack implica mucha m\u00e1s estrategia de la que crees. Claro, el casino a\u00fan tiene ventaja sobre ti (despu\u00e9s de todo, no es una organizaci\u00f3n ben\u00e9fica), pero puedes reducir su ventaja y, por lo tanto, mejorar considerablemente tus posibilidades si <a href=\"http:\/\/www.gambling6.com\/casino\/strategy\/how-to-minimize-the-casino-advantage-in-blackjack\" target=\"_blank\" rel=\"noopener noreferrer\"><span style=\"text-decoration: underline;\">usa consejos como los que encontramos en este art\u00edculo<\/span>.<\/a><\/p>\n<p>Y cuando se trata de apuestas deportivas, aqu\u00ed es donde la informaci\u00f3n es clave. Obviamente, necesitas estar informado sobre los \u00faltimos resultados, leer las p\u00e1ginas deportivas del peri\u00f3dico e investigar en l\u00ednea. Pero para tener \u00e9xito de verdad, necesitas un conocimiento profundo del funcionamiento interno del juego que elijas. Sigue los consejos de antiguos profesionales, descubre la diferencia entre un sistema 4-4-2 y un sistema 3-4-2-1 en el f\u00fatbol, etc. Para cada deporte, existen sitios web con excelente informaci\u00f3n, incluso gratuita. Algunos no se crearon pensando en las apuestas deportivas, pero aun as\u00ed son muy \u00fatiles.<\/p>\n<p>Mejor a\u00fan, busca un sitio web que se centre en un deporte espec\u00edfico y que tambi\u00e9n est\u00e9 enfocado en las apuestas. Uno de los mejores es <span style=\"text-decoration: underline;\"><a href=\"http:\/\/www.tennisbet.net\">www.tennisbet.net<\/a><\/span>. Despu\u00e9s de leer solo algunos de sus art\u00edculos, nunca volver\u00e1s a ver un partido de tenis de la misma manera y podr\u00e1s encontrar muchos buenos lugares para apostar antes y durante un partido.<\/p>\n<p>Sea cual sea tu deporte favorito, puedes encontrar sitios web que te ayuden a mejorar tus resultados con solo una b\u00fasqueda en Google. \u00a1Y esta es la mejor manera de reducir el factor suerte al apostar!<\/p>\n<p>&nbsp;<\/p>\n","protected":false},"excerpt":{"rendered":"<p>Jugar juegos de habilidad en l\u00ednea por dinero La perspectiva de ganar un premio gordo con un billete de loter\u00eda es ciertamente atractiva, especialmente porque sitios como www.jackpotlotteryonline.com o www.onlinelotto365.com ofrecen una gran variedad de botes internacionales. Pero \u00bfalguna vez has deseado poder influir en el resultado de un juego que es menos aleatorio que &hellip; <\/p>\n<p class=\"link-more\"><a href=\"https:\/\/powerballticketonline.com\/es\/juegos-en-linea-basados-en-habilidad\/\" class=\"more-link\">Leer m\u00e1s<span class=\"screen-reader-text\"> \u00abJuegos en l\u00ednea basados en habilidad\u00bb<\/span><\/a><\/p>\n","protected":false},"author":1,"featured_media":0,"parent":0,"menu_order":0,"comment_status":"closed","ping_status":"closed","template":"","meta":{"footnotes":""},"class_list":["post-70","page","type-page","status-publish","hentry"],"yoast_head":"<!-- This site is optimized with the Yoast SEO plugin v27.3 - https:\/\/yoast.com\/product\/yoast-seo-wordpress\/ -->\n<title>Juegos en l\u00ednea basados en habilidad -<\/title>\n<meta name=\"robots\" content=\"index, follow, max-snippet:-1, max-image-preview:large, max-video-preview:-1\" \/>\n<link rel=\"canonical\" href=\"https:\/\/powerballticketonline.com\/es\/juegos-en-linea-basados-en-habilidad\/\" \/>\n<meta property=\"og:locale\" content=\"es_ES\" \/>\n<meta property=\"og:type\" content=\"article\" \/>\n<meta property=\"og:title\" content=\"Juegos en l\u00ednea basados en habilidad -\" \/>\n<meta property=\"og:description\" content=\"Jugar juegos de habilidad en l\u00ednea por dinero La perspectiva de ganar un premio gordo con un billete de loter\u00eda es ciertamente atractiva, especialmente porque sitios como www.jackpotlotteryonline.com o www.onlinelotto365.com ofrecen una gran variedad de botes internacionales. Pero \u00bfalguna vez has deseado poder influir en el resultado de un juego que es menos aleatorio que &hellip; Leer m\u00e1s \u00abJuegos en l\u00ednea basados en habilidad\u00bb\" \/>\n<meta property=\"og:url\" content=\"https:\/\/powerballticketonline.com\/es\/juegos-en-linea-basados-en-habilidad\/\" \/>\n<meta name=\"twitter:card\" content=\"summary_large_image\" \/>\n<meta name=\"twitter:label1\" content=\"Tiempo de lectura\" \/>\n\t<meta name=\"twitter:data1\" content=\"2 minutes\" \/>\n<script type=\"application\/ld+json\" class=\"yoast-schema-graph\">{\"@context\":\"https:\\\/\\\/schema.org\",\"@graph\":[{\"@type\":\"WebPage\",\"@id\":\"https:\\\/\\\/powerballticketonline.com\\\/es\\\/juegos-en-linea-basados-en-habilidad\\\/\",\"url\":\"https:\\\/\\\/powerballticketonline.com\\\/es\\\/juegos-en-linea-basados-en-habilidad\\\/\",\"name\":\"Juegos en l\u00ednea basados en habilidad -\",\"isPartOf\":{\"@id\":\"https:\\\/\\\/powerballticketonline.com\\\/es\\\/#website\"},\"datePublished\":\"2025-08-04T10:32:03+00:00\",\"breadcrumb\":{\"@id\":\"https:\\\/\\\/powerballticketonline.com\\\/es\\\/juegos-en-linea-basados-en-habilidad\\\/#breadcrumb\"},\"inLanguage\":\"es-ES\",\"potentialAction\":[{\"@type\":\"ReadAction\",\"target\":[\"https:\\\/\\\/powerballticketonline.com\\\/es\\\/juegos-en-linea-basados-en-habilidad\\\/\"]}]},{\"@type\":\"BreadcrumbList\",\"@id\":\"https:\\\/\\\/powerballticketonline.com\\\/es\\\/juegos-en-linea-basados-en-habilidad\\\/#breadcrumb\",\"itemListElement\":[{\"@type\":\"ListItem\",\"position\":1,\"name\":\"Home\",\"item\":\"https:\\\/\\\/powerballticketonline.com\\\/es\\\/\"},{\"@type\":\"ListItem\",\"position\":2,\"name\":\"Juegos en l\u00ednea basados en habilidad\"}]},{\"@type\":\"WebSite\",\"@id\":\"https:\\\/\\\/powerballticketonline.com\\\/es\\\/#website\",\"url\":\"https:\\\/\\\/powerballticketonline.com\\\/es\\\/\",\"name\":\"\",\"description\":\"\",\"potentialAction\":[{\"@type\":\"SearchAction\",\"target\":{\"@type\":\"EntryPoint\",\"urlTemplate\":\"https:\\\/\\\/powerballticketonline.com\\\/es\\\/?s={search_term_string}\"},\"query-input\":{\"@type\":\"PropertyValueSpecification\",\"valueRequired\":true,\"valueName\":\"search_term_string\"}}],\"inLanguage\":\"es-ES\"}]}<\/script>\n<!-- \/ Yoast SEO plugin. -->","yoast_head_json":{"title":"Juegos en l\u00ednea basados en habilidad -","robots":{"index":"index","follow":"follow","max-snippet":"max-snippet:-1","max-image-preview":"max-image-preview:large","max-video-preview":"max-video-preview:-1"},"canonical":"https:\/\/powerballticketonline.com\/es\/juegos-en-linea-basados-en-habilidad\/","og_locale":"es_ES","og_type":"article","og_title":"Juegos en l\u00ednea basados en habilidad -","og_description":"Jugar juegos de habilidad en l\u00ednea por dinero La perspectiva de ganar un premio gordo con un billete de loter\u00eda es ciertamente atractiva, especialmente porque sitios como www.jackpotlotteryonline.com o www.onlinelotto365.com ofrecen una gran variedad de botes internacionales. Pero \u00bfalguna vez has deseado poder influir en el resultado de un juego que es menos aleatorio que &hellip; Leer m\u00e1s \u00abJuegos en l\u00ednea basados en habilidad\u00bb","og_url":"https:\/\/powerballticketonline.com\/es\/juegos-en-linea-basados-en-habilidad\/","twitter_card":"summary_large_image","twitter_misc":{"Tiempo de lectura":"2 minutes"},"schema":{"@context":"https:\/\/schema.org","@graph":[{"@type":"WebPage","@id":"https:\/\/powerballticketonline.com\/es\/juegos-en-linea-basados-en-habilidad\/","url":"https:\/\/powerballticketonline.com\/es\/juegos-en-linea-basados-en-habilidad\/","name":"Juegos en l\u00ednea basados en habilidad -","isPartOf":{"@id":"https:\/\/powerballticketonline.com\/es\/#website"},"datePublished":"2025-08-04T10:32:03+00:00","breadcrumb":{"@id":"https:\/\/powerballticketonline.com\/es\/juegos-en-linea-basados-en-habilidad\/#breadcrumb"},"inLanguage":"es-ES","potentialAction":[{"@type":"ReadAction","target":["https:\/\/powerballticketonline.com\/es\/juegos-en-linea-basados-en-habilidad\/"]}]},{"@type":"BreadcrumbList","@id":"https:\/\/powerballticketonline.com\/es\/juegos-en-linea-basados-en-habilidad\/#breadcrumb","itemListElement":[{"@type":"ListItem","position":1,"name":"Home","item":"https:\/\/powerballticketonline.com\/es\/"},{"@type":"ListItem","position":2,"name":"Juegos en l\u00ednea basados en habilidad"}]},{"@type":"WebSite","@id":"https:\/\/powerballticketonline.com\/es\/#website","url":"https:\/\/powerballticketonline.com\/es\/","name":"","description":"","potentialAction":[{"@type":"SearchAction","target":{"@type":"EntryPoint","urlTemplate":"https:\/\/powerballticketonline.com\/es\/?s={search_term_string}"},"query-input":{"@type":"PropertyValueSpecification","valueRequired":true,"valueName":"search_term_string"}}],"inLanguage":"es-ES"}]}},"_links":{"self":[{"href":"https:\/\/powerballticketonline.com\/es\/wp-json\/wp\/v2\/pages\/70","targetHints":{"allow":["GET"]}}],"collection":[{"href":"https:\/\/powerballticketonline.com\/es\/wp-json\/wp\/v2\/pages"}],"about":[{"href":"https:\/\/powerballticketonline.com\/es\/wp-json\/wp\/v2\/types\/page"}],"author":[{"embeddable":true,"href":"https:\/\/powerballticketonline.com\/es\/wp-json\/wp\/v2\/users\/1"}],"replies":[{"embeddable":true,"href":"https:\/\/powerballticketonline.com\/es\/wp-json\/wp\/v2\/comments?post=70"}],"version-history":[{"count":0,"href":"https:\/\/powerballticketonline.com\/es\/wp-json\/wp\/v2\/pages\/70\/revisions"}],"wp:attachment":[{"href":"https:\/\/powerballticketonline.com\/es\/wp-json\/wp\/v2\/media?parent=70"}],"curies":[{"name":"wp","href":"https:\/\/api.w.org\/{rel}","templated":true}]}}