{"id":72,"date":"2025-08-02T15:30:55","date_gmt":"2025-08-02T15:30:55","guid":{"rendered":"https:\/\/powerballticketonline.com\/jackpot-de-powerball-de-hoy\/"},"modified":"2025-08-04T11:53:10","modified_gmt":"2025-08-04T11:53:10","slug":"jackpot-de-powerball-de-hoy","status":"publish","type":"page","link":"https:\/\/powerballticketonline.com\/es\/es-legal-comprar-billetes-de-powerball-de-otros-paises\/jackpot-de-powerball-de-hoy\/","title":{"rendered":"Jackpot de Powerball de hoy"},"content":{"rendered":"<p>Encuentra el premio mayor del Powerball de hoy (y mucho m\u00e1s)<\/p>\n<p>\u00bfEst\u00e1s listo para comprar un billete de loter\u00eda pero no est\u00e1s seguro de a qu\u00e9 juego quieres jugar? Si te cuesta elegir el juego adecuado, lo mejor que puedes hacer es mirar los premios mayores, \u00bfverdad? Quieres jugar a un juego que te d\u00e9 buenas posibilidades de ganar, pero tambi\u00e9n quieres asegurarte de jugar a algo con un premio mayor realmente bueno, porque ah\u00ed es donde (posiblemente) ganar\u00e1s la mayor cantidad de dinero, \u00bfverdad? As\u00ed que, si te preguntas sobre el premio mayor del Powerball de hoy y todos los dem\u00e1s premios mayores que existen, te conviene investigar un poco m\u00e1s.<\/p>\n<h2>El mayor premio mayor del Powerball de hoy<\/h2>\n<p>\u00a1El premio mayor m\u00e1s grande de la historia del Powerball super\u00f3 los $1.5 mil millones! Es much\u00edsimo dinero y, sin duda, algo que cambiar\u00eda la vida de cualquiera, \u00bfverdad? \u00bfNo ser\u00eda incre\u00edble poder ganar esa cantidad de dinero? Bueno, es una quimera para la mayor\u00eda, pero le pas\u00f3 a alguien y la pr\u00f3xima vez que se gane un premio as\u00ed, nadie sabe qui\u00e9n podr\u00eda ser, y sin duda podr\u00edas ser t\u00fa.<\/p>\n<p>Desde que super\u00f3 los mil millones de d\u00f3lares no solo una vez, sino dos veces, el Powerball sigue contando millones. Ha subido bastante y definitivamente le ha ido genial a mucha gente. Se est\u00e1n ganando cientos de millones y casi mil millones de d\u00f3lares, lo que significa que este es el tipo de juego que querr\u00e1s probar. El premio mayor del Powerball de hoy puede que no parezca tan bueno, pero seguir\u00e1 subiendo. Y cuando alguien lo gane, volver\u00e1 a empezar.<\/p>\n<h2>Premio Mayor de Mega Millions<\/h2>\n<p>Mega Millions es otro juego estadounidense que ha alcanzado un m\u00e1ximo de aproximadamente $1.5 mil millones de d\u00f3lares, pero nunca se ha vuelto a ver un premio mayor tan alto. Sin embargo, es fundamental que te asegures de participar, porque ha habido muchos premios que valen cientos de millones de d\u00f3lares y eso tambi\u00e9n marcar\u00e1 una gran diferencia en tu vida, \u00bfno crees? El bote siempre empieza en 40 millones de d\u00f3lares y va subiendo a partir de ah\u00ed. Probablemente nunca se haya ganado cuando estaba tan bajo, pero \u00bfno ser\u00eda incre\u00edble incluso si lo fuera?<\/p>\n<h2>Bote Mayor de Euromillones<\/h2>\n<p>Este juego, que se juega en toda Europa, es otro que ha alcanzado un gran tama\u00f1o. De hecho, ha superado los 183,5 millones de euros, lo que equivale a m\u00e1s de 206 millones de d\u00f3lares estadounidenses. Sin duda, es una cantidad enorme y, aunque no es el mayor que hemos visto en otros juegos, sigue siendo un gran bote para competir, \u00bfno crees? Claro, se necesita mucho para que llegue tan alto, pero es probable que lo logre, as\u00ed que es uno que querr\u00e1s ver, incluso cuando est\u00e9 un poco m\u00e1s abajo.<\/p>\n<h2>Top SuperEnalotto<\/h2>\n<p>Jugado en Italia, este juego lleg\u00f3 a recaudar m\u00e1s de 177,7 millones de euros, lo que equivale a poco menos de 200 millones de d\u00f3lares estadounidenses. As\u00ed que, sin duda, estamos hablando de un juego en el que te gustar\u00eda participar. Cualquier juego que pueda llegar a los cientos de millones es uno que sin duda te interesar\u00eda ganar, y eso lo convierte en una gran opci\u00f3n para cualquiera. Ese premio mayor se gan\u00f3 con un solo boleto (aunque hab\u00eda mucha gente apostando por \u00e9l) y ha habido varios premios adicionales muy re\u00f1idos, ganados con boletos individuales.<\/p>\n<h2>Loter\u00eda Nacional Principal<\/h2>\n<p>En cuanto a los juegos en el Reino Unido, existe una loter\u00eda nacional que lleg\u00f3 a recaudar hasta 42 millones de libras, lo que equivale a unos 52 millones de d\u00f3lares estadounidenses. Si bien ese premio es una diferencia significativa con respecto a los dem\u00e1s que hemos mencionado hasta ahora, sin duda sigue siendo mucho dinero y es un dinero que definitivamente querr\u00edas intentar ganar, \u00bfverdad? Ese boleto ganador fue hace bastante tiempo, pero el juego contin\u00faa y los premios siguen siendo bastante buenos.<\/p>\n<h2>Loter\u00eda Estatal<\/h2>\n<p>Casi todos los pa\u00edses fuera de Estados Unidos tienen una loter\u00eda estatal (que es diferente de las &#8220;estatales&#8221; de aqu\u00ed). Estos juegos tambi\u00e9n han alcanzado los millones de d\u00f3lares, lo que los convierte en una excelente opci\u00f3n. \u00bfPor qu\u00e9? Porque son juegos m\u00e1s peque\u00f1os, pero aun as\u00ed ofrecen premios incre\u00edbles que no querr\u00e1s perderte. Sin duda, puedes tener m\u00e1s posibilidades de ganar jugando a algunos de estos juegos m\u00e1s peque\u00f1os, y los premios no son necesariamente mucho menores si aciertas.<\/p>\n<h2>Union Lotto<\/h2>\n<p>China tiene otro juego llamado Union Lotto, que lleg\u00f3 a recaudar hasta 570 millones de yenes, lo que equivale aproximadamente a 82 millones de d\u00f3lares estadounidenses. Aunque esa es una diferencia considerable entre la moneda local y el d\u00f3lar estadounidense.rs, definitivamente es una cantidad que a cualquiera nos encantar\u00eda ganar, y es algo que definitivamente deber\u00edan considerar. Claro, cuando piensen en los botes que se est\u00e1n dando en otros pa\u00edses, definitivamente deber\u00edan hacer las conversiones para ver qu\u00e9 apuestan para intentar ganar, pero ganar cualquier bote ser\u00e1 genial.<\/p>\n<h2>Mega-Sena<\/h2>\n<p>En Brasil tienen un juego llamado Mega-Sena, y se lanz\u00f3 hace poco. Bueno, fue hace m\u00e1s de 10 a\u00f1os, pero algunos de estos enormes botes son m\u00e1s antiguos. Este fue de R$145 millones, que son reales brasile\u00f1os. Esto, en d\u00f3lares estadounidenses, equivale aproximadamente a $38.6 millones. Ese es un premio que cualquiera estar\u00eda encantado de ganar y, aunque no es el m\u00e1s grande del mercado, definitivamente vale la pena apostar. Este es otro juego que quiz\u00e1s quieras considerar si te interesa jugar a la loter\u00eda.<\/p>\n<h2>Jugar en l\u00ednea<\/h2>\n<p><img loading=\"lazy\" decoding=\"async\" src=\"images\/play_lottery_online.jpg\" alt=\"size of mega million jackpot today\" width=\"200\" height=\"201\" style=\"margin: 1px; float: right;\" \/>En definitiva, solo hay una manera de jugar a todos estos juegos: conect\u00e1ndote a internet para ver tus opciones de loter\u00eda. Te sorprender\u00e1 la cantidad de juegos incre\u00edbles que existen y lo f\u00e1cil que es jugarlos. Solo necesitas el sitio web adecuado para encontrar todo, <a href=\"https:\/\/redfoxlotto.com\/?ref=A8564250A2&#038;medium=pwrb\" target=\"_blank\" rel=\"noopener noreferrer\"><span style=\"text-decoration: underline;\">y ese sitio web es RedFoxLotto.com<\/span><\/a>. Encontrar\u00e1s todos estos juegos y muchos m\u00e1s si buscas iniciarte en una nueva forma de jugar.<\/p>\n<p>Al jugar en l\u00ednea, tambi\u00e9n tendr\u00e1s la oportunidad de ganar todos los premios que obtendr\u00edas con un boleto f\u00edsico y muchas m\u00e1s opciones. Ya no est\u00e1s limitado por tu ubicaci\u00f3n ni por los boletos que puedes comprar en tu tienda local. En cambio, tendr\u00e1s la oportunidad de jugar juegos de diferentes pa\u00edses del mundo, lo que te abre las puertas a botes m\u00e1s grandes, mejores probabilidades y mucha diversi\u00f3n.<\/p>\n<h2>Conclusi\u00f3n<\/h2>\n<p>Cuando llegue el momento de elegir el pr\u00f3ximo juego, aseg\u00farate de probarlos todos. Te sorprender\u00e1 lo que puedes encontrar y c\u00f3mo puedes ganar. Tambi\u00e9n te sorprender\u00e1 lo que podr\u00eda significar para ti ganar. Ya sea que ganes un bote grande o uno peque\u00f1o, y est\u00e9 en una moneda totalmente diferente o no, te lo pasar\u00e1s en grande con el dinero que ir\u00e1s acumulando.<\/p>\n","protected":false},"excerpt":{"rendered":"<p>Encuentra el premio mayor del Powerball de hoy (y mucho m\u00e1s) \u00bfEst\u00e1s listo para comprar un billete de loter\u00eda pero no est\u00e1s seguro de a qu\u00e9 juego quieres jugar? Si te cuesta elegir el juego adecuado, lo mejor que puedes hacer es mirar los premios mayores, \u00bfverdad? Quieres jugar a un juego que te d\u00e9 &hellip; <\/p>\n<p class=\"link-more\"><a href=\"https:\/\/powerballticketonline.com\/es\/es-legal-comprar-billetes-de-powerball-de-otros-paises\/jackpot-de-powerball-de-hoy\/\" class=\"more-link\">Leer m\u00e1s<span class=\"screen-reader-text\"> \u00abJackpot de Powerball de hoy\u00bb<\/span><\/a><\/p>\n","protected":false},"author":1,"featured_media":0,"parent":80,"menu_order":0,"comment_status":"closed","ping_status":"closed","template":"","meta":{"footnotes":""},"class_list":["post-72","page","type-page","status-publish","hentry"],"yoast_head":"<!-- This site is optimized with the Yoast SEO plugin v27.3 - https:\/\/yoast.com\/product\/yoast-seo-wordpress\/ -->\n<title>Jackpot de Powerball de hoy -<\/title>\n<meta name=\"robots\" content=\"index, follow, max-snippet:-1, max-image-preview:large, max-video-preview:-1\" \/>\n<link rel=\"canonical\" href=\"https:\/\/powerballticketonline.com\/es\/es-legal-comprar-billetes-de-powerball-de-otros-paises\/jackpot-de-powerball-de-hoy\/\" \/>\n<meta property=\"og:locale\" content=\"es_ES\" \/>\n<meta property=\"og:type\" content=\"article\" \/>\n<meta property=\"og:title\" content=\"Jackpot de Powerball de hoy -\" \/>\n<meta property=\"og:description\" content=\"Encuentra el premio mayor del Powerball de hoy (y mucho m\u00e1s) \u00bfEst\u00e1s listo para comprar un billete de loter\u00eda pero no est\u00e1s seguro de a qu\u00e9 juego quieres jugar? Si te cuesta elegir el juego adecuado, lo mejor que puedes hacer es mirar los premios mayores, \u00bfverdad? Quieres jugar a un juego que te d\u00e9 &hellip; Leer m\u00e1s \u00abJackpot de Powerball de hoy\u00bb\" \/>\n<meta property=\"og:url\" content=\"https:\/\/powerballticketonline.com\/es\/es-legal-comprar-billetes-de-powerball-de-otros-paises\/jackpot-de-powerball-de-hoy\/\" \/>\n<meta property=\"article:modified_time\" content=\"2025-08-04T11:53:10+00:00\" \/>\n<meta name=\"twitter:card\" content=\"summary_large_image\" \/>\n<meta name=\"twitter:label1\" content=\"Tiempo de lectura\" \/>\n\t<meta name=\"twitter:data1\" content=\"6 minutes\" \/>\n<script type=\"application\/ld+json\" class=\"yoast-schema-graph\">{\"@context\":\"https:\\\/\\\/schema.org\",\"@graph\":[{\"@type\":\"WebPage\",\"@id\":\"https:\\\/\\\/powerballticketonline.com\\\/es\\\/es-legal-comprar-billetes-de-powerball-de-otros-paises\\\/jackpot-de-powerball-de-hoy\\\/\",\"url\":\"https:\\\/\\\/powerballticketonline.com\\\/es\\\/es-legal-comprar-billetes-de-powerball-de-otros-paises\\\/jackpot-de-powerball-de-hoy\\\/\",\"name\":\"Jackpot de Powerball de hoy -\",\"isPartOf\":{\"@id\":\"https:\\\/\\\/powerballticketonline.com\\\/es\\\/#website\"},\"datePublished\":\"2025-08-02T15:30:55+00:00\",\"dateModified\":\"2025-08-04T11:53:10+00:00\",\"breadcrumb\":{\"@id\":\"https:\\\/\\\/powerballticketonline.com\\\/es\\\/es-legal-comprar-billetes-de-powerball-de-otros-paises\\\/jackpot-de-powerball-de-hoy\\\/#breadcrumb\"},\"inLanguage\":\"es-ES\",\"potentialAction\":[{\"@type\":\"ReadAction\",\"target\":[\"https:\\\/\\\/powerballticketonline.com\\\/es\\\/es-legal-comprar-billetes-de-powerball-de-otros-paises\\\/jackpot-de-powerball-de-hoy\\\/\"]}]},{\"@type\":\"BreadcrumbList\",\"@id\":\"https:\\\/\\\/powerballticketonline.com\\\/es\\\/es-legal-comprar-billetes-de-powerball-de-otros-paises\\\/jackpot-de-powerball-de-hoy\\\/#breadcrumb\",\"itemListElement\":[{\"@type\":\"ListItem\",\"position\":1,\"name\":\"Home\",\"item\":\"https:\\\/\\\/powerballticketonline.com\\\/es\\\/\"},{\"@type\":\"ListItem\",\"position\":2,\"name\":\"\u00bfEs legal comprar billetes de Powerball de otros pa\u00edses?\",\"item\":\"https:\\\/\\\/powerballticketonline.com\\\/es\\\/is-it-legal-to-buy-powerball-tickets-from-other-countries\\\/\"},{\"@type\":\"ListItem\",\"position\":3,\"name\":\"Jackpot de Powerball de hoy\"}]},{\"@type\":\"WebSite\",\"@id\":\"https:\\\/\\\/powerballticketonline.com\\\/es\\\/#website\",\"url\":\"https:\\\/\\\/powerballticketonline.com\\\/es\\\/\",\"name\":\"\",\"description\":\"\",\"potentialAction\":[{\"@type\":\"SearchAction\",\"target\":{\"@type\":\"EntryPoint\",\"urlTemplate\":\"https:\\\/\\\/powerballticketonline.com\\\/es\\\/?s={search_term_string}\"},\"query-input\":{\"@type\":\"PropertyValueSpecification\",\"valueRequired\":true,\"valueName\":\"search_term_string\"}}],\"inLanguage\":\"es-ES\"}]}<\/script>\n<!-- \/ Yoast SEO plugin. -->","yoast_head_json":{"title":"Jackpot de Powerball de hoy -","robots":{"index":"index","follow":"follow","max-snippet":"max-snippet:-1","max-image-preview":"max-image-preview:large","max-video-preview":"max-video-preview:-1"},"canonical":"https:\/\/powerballticketonline.com\/es\/es-legal-comprar-billetes-de-powerball-de-otros-paises\/jackpot-de-powerball-de-hoy\/","og_locale":"es_ES","og_type":"article","og_title":"Jackpot de Powerball de hoy -","og_description":"Encuentra el premio mayor del Powerball de hoy (y mucho m\u00e1s) \u00bfEst\u00e1s listo para comprar un billete de loter\u00eda pero no est\u00e1s seguro de a qu\u00e9 juego quieres jugar? Si te cuesta elegir el juego adecuado, lo mejor que puedes hacer es mirar los premios mayores, \u00bfverdad? Quieres jugar a un juego que te d\u00e9 &hellip; Leer m\u00e1s \u00abJackpot de Powerball de hoy\u00bb","og_url":"https:\/\/powerballticketonline.com\/es\/es-legal-comprar-billetes-de-powerball-de-otros-paises\/jackpot-de-powerball-de-hoy\/","article_modified_time":"2025-08-04T11:53:10+00:00","twitter_card":"summary_large_image","twitter_misc":{"Tiempo de lectura":"6 minutes"},"schema":{"@context":"https:\/\/schema.org","@graph":[{"@type":"WebPage","@id":"https:\/\/powerballticketonline.com\/es\/es-legal-comprar-billetes-de-powerball-de-otros-paises\/jackpot-de-powerball-de-hoy\/","url":"https:\/\/powerballticketonline.com\/es\/es-legal-comprar-billetes-de-powerball-de-otros-paises\/jackpot-de-powerball-de-hoy\/","name":"Jackpot de Powerball de hoy -","isPartOf":{"@id":"https:\/\/powerballticketonline.com\/es\/#website"},"datePublished":"2025-08-02T15:30:55+00:00","dateModified":"2025-08-04T11:53:10+00:00","breadcrumb":{"@id":"https:\/\/powerballticketonline.com\/es\/es-legal-comprar-billetes-de-powerball-de-otros-paises\/jackpot-de-powerball-de-hoy\/#breadcrumb"},"inLanguage":"es-ES","potentialAction":[{"@type":"ReadAction","target":["https:\/\/powerballticketonline.com\/es\/es-legal-comprar-billetes-de-powerball-de-otros-paises\/jackpot-de-powerball-de-hoy\/"]}]},{"@type":"BreadcrumbList","@id":"https:\/\/powerballticketonline.com\/es\/es-legal-comprar-billetes-de-powerball-de-otros-paises\/jackpot-de-powerball-de-hoy\/#breadcrumb","itemListElement":[{"@type":"ListItem","position":1,"name":"Home","item":"https:\/\/powerballticketonline.com\/es\/"},{"@type":"ListItem","position":2,"name":"\u00bfEs legal comprar billetes de Powerball de otros pa\u00edses?","item":"https:\/\/powerballticketonline.com\/es\/is-it-legal-to-buy-powerball-tickets-from-other-countries\/"},{"@type":"ListItem","position":3,"name":"Jackpot de Powerball de hoy"}]},{"@type":"WebSite","@id":"https:\/\/powerballticketonline.com\/es\/#website","url":"https:\/\/powerballticketonline.com\/es\/","name":"","description":"","potentialAction":[{"@type":"SearchAction","target":{"@type":"EntryPoint","urlTemplate":"https:\/\/powerballticketonline.com\/es\/?s={search_term_string}"},"query-input":{"@type":"PropertyValueSpecification","valueRequired":true,"valueName":"search_term_string"}}],"inLanguage":"es-ES"}]}},"_links":{"self":[{"href":"https:\/\/powerballticketonline.com\/es\/wp-json\/wp\/v2\/pages\/72","targetHints":{"allow":["GET"]}}],"collection":[{"href":"https:\/\/powerballticketonline.com\/es\/wp-json\/wp\/v2\/pages"}],"about":[{"href":"https:\/\/powerballticketonline.com\/es\/wp-json\/wp\/v2\/types\/page"}],"author":[{"embeddable":true,"href":"https:\/\/powerballticketonline.com\/es\/wp-json\/wp\/v2\/users\/1"}],"replies":[{"embeddable":true,"href":"https:\/\/powerballticketonline.com\/es\/wp-json\/wp\/v2\/comments?post=72"}],"version-history":[{"count":1,"href":"https:\/\/powerballticketonline.com\/es\/wp-json\/wp\/v2\/pages\/72\/revisions"}],"predecessor-version":[{"id":81,"href":"https:\/\/powerballticketonline.com\/es\/wp-json\/wp\/v2\/pages\/72\/revisions\/81"}],"up":[{"embeddable":true,"href":"https:\/\/powerballticketonline.com\/es\/wp-json\/wp\/v2\/pages\/80"}],"wp:attachment":[{"href":"https:\/\/powerballticketonline.com\/es\/wp-json\/wp\/v2\/media?parent=72"}],"curies":[{"name":"wp","href":"https:\/\/api.w.org\/{rel}","templated":true}]}}