{"id":76,"date":"2025-08-04T09:57:38","date_gmt":"2025-08-04T09:57:38","guid":{"rendered":"https:\/\/powerballticketonline.com\/es-segura-la-loteria-en-linea\/"},"modified":"2025-08-04T09:57:38","modified_gmt":"2025-08-04T09:57:38","slug":"es-segura-la-loteria-en-linea","status":"publish","type":"page","link":"https:\/\/powerballticketonline.com\/es\/es-segura-la-loteria-en-linea\/","title":{"rendered":"\u00bfEs segura la loter\u00eda en l\u00ednea?"},"content":{"rendered":"<p>\u00bfEs confiable la loter\u00eda en l\u00ednea?<\/p>\n<p>Muchos jugadores se preocupan por esto, lo cual es comprensible. Al leer nuestro art\u00edculo, tenga en cuenta que el aspecto m\u00e1s importante se encuentra al final de esta publicaci\u00f3n.<\/p>\n<p>Hay varios aspectos que aclarar sobre la seguridad. En primer lugar, est\u00e1 la cuesti\u00f3n de c\u00f3mo el servicio de <a href=\"index.php?option=com_content&amp;view=article&amp;id=42&amp;Itemid=269&amp;lang=en\">loter\u00eda en l\u00ednea<\/a> gestiona los datos de sus clientes. Si desea jugar a la loter\u00eda en l\u00ednea de forma segura, primero debe prestar atenci\u00f3n a la seguridad de los m\u00e9todos de pago.<\/p>\n<p>Es importante que, para la transmisi\u00f3n, por ejemplo, de datos de tarjetas de cr\u00e9dito, se utilicen protocolos de cifrado modernos. Esto generalmente se puede reconocer por las sugerencias que se dan al final de las p\u00e1ginas web.<\/p>\n<p>A\u00fan m\u00e1s importante es el hecho de que la URL del sitio web comienza con https: \/\/; de hecho, esto deber\u00eda ser as\u00ed en todos los sitios web confiables donde se realizan pagos de cualquier tipo.<\/p>\n<p>Desafortunadamente, los requisitos mencionados anteriormente no se cumplen en todos los sitios web, por lo que recomendamos RedFoxLotto para la compra de billetes de loter\u00eda en l\u00ednea. Si visita la p\u00e1gina de RedFoxLotto a trav\u00e9s de este enlace, ver\u00e1 la direcci\u00f3n que empieza por https en la parte superior del campo URL y la referencia al protocolo de seguridad SSL de 128 bits de GeoTrust en la parte inferior; este es el protocolo de seguridad m\u00e1s actualizado disponible.<\/p>\n<h2>Compartir datos de clientes con terceros<\/h2>\n<p>Esto tambi\u00e9n preocupa a mucha gente, pero en este caso es infundado. Los datos de los clientes, especialmente la lista de correo electr\u00f3nico, son el activo m\u00e1s valioso de cada proveedor. Al fin y al cabo, desea reactivar a sus clientes peri\u00f3dicamente manteni\u00e9ndolos informados sobre promociones actuales o sobre un premio gordo especialmente alto. Ning\u00fan proveedor compartir\u00eda estos datos con terceros.<\/p>\n<h2>\u00bfLas empresas realmente compran billetes reales?<\/h2>\n<p>Este es un punto muy importante que requiere una explicaci\u00f3n detallada. La respuesta honesta es: \u00a1no necesariamente! De hecho, existen dos modelos utilizados por diferentes proveedores. Son los siguientes:<\/p>\n<p><strong>1. Compra de billetes reales<\/strong><\/p>\n<p>Este es el mejor m\u00e9todo desde el punto de vista del cliente, utilizado por muy pocas empresas adem\u00e1s de RedFoxLotto. En este m\u00e9todo, se compra un billete real y, en caso de ganar, el cliente tiene derecho a la loter\u00eda. No hay necesidad de preocuparse por no recibir el pago.<\/p>\n<p><strong>2. El m\u00e9todo del seguro<\/strong><\/p>\n<p>Con este m\u00e9todo, el cliente pr\u00e1cticamente apuesta al resultado de la loter\u00eda. Por supuesto, el vendedor quiere protegerse ante la posibilidad de que uno de sus clientes gane un premio gordo y, por lo tanto, lo lleve a una situaci\u00f3n de insolvencia. Por lo tanto, firma un contrato con una compa\u00f1\u00eda de seguros y paga una prima mensual. En caso de un gran premio, el seguro reembolsa el importe ganado. La desventaja es que estas p\u00f3lizas a veces tienen un l\u00edmite de riesgo. Esto significa que, en caso de un <a href=\"https:\/\/lottoonline365.com\/en\/tips-for-players\/which-lottery-has-the-worlds-biggest-jackpots\">premio gordo especialmente alto<\/a>, el seguro podr\u00eda pagar solo una parte de las ganancias reales.<\/p>\n<p>Al final, al cliente que juega a la loter\u00eda en l\u00ednea le da igual el m\u00e9todo que use el vendedor, siempre y cuando reciba el pago en caso de ganar. Sin embargo, en vista de lo anterior, debe quedar claro que el primer m\u00e9todo ofrece una mejor posici\u00f3n al cliente y, por lo tanto, es preferible.<\/p>\n<p>Por eso recomendamos RedFoxLotto para la compra de billetes de loter\u00eda internacionales. <span style=\"text-decoration: underline;\"><a href=\"https:\/\/redfoxlotto.com\/?ref=A8564250A2&amp;medium=lo365\" target=\"_blank\" rel=\"noopener\">Prueba tu suerte y haz clic aqu\u00ed<\/a><\/span> \u00a1Alguien tiene que ganar el premio gordo!<\/p>\n","protected":false},"excerpt":{"rendered":"<p>\u00bfEs confiable la loter\u00eda en l\u00ednea? Muchos jugadores se preocupan por esto, lo cual es comprensible. Al leer nuestro art\u00edculo, tenga en cuenta que el aspecto m\u00e1s importante se encuentra al final de esta publicaci\u00f3n. Hay varios aspectos que aclarar sobre la seguridad. En primer lugar, est\u00e1 la cuesti\u00f3n de c\u00f3mo el servicio de loter\u00eda &hellip; <\/p>\n<p class=\"link-more\"><a href=\"https:\/\/powerballticketonline.com\/es\/es-segura-la-loteria-en-linea\/\" class=\"more-link\">Leer m\u00e1s<span class=\"screen-reader-text\"> \u00ab\u00bfEs segura la loter\u00eda en l\u00ednea?\u00bb<\/span><\/a><\/p>\n","protected":false},"author":1,"featured_media":0,"parent":0,"menu_order":0,"comment_status":"closed","ping_status":"closed","template":"","meta":{"footnotes":""},"class_list":["post-76","page","type-page","status-publish","hentry"],"yoast_head":"<!-- This site is optimized with the Yoast SEO plugin v27.3 - https:\/\/yoast.com\/product\/yoast-seo-wordpress\/ -->\n<title>\u00bfEs la loter\u00eda en l\u00ednea segura y confiable?<\/title>\n<meta name=\"robots\" content=\"index, follow, max-snippet:-1, max-image-preview:large, max-video-preview:-1\" \/>\n<link rel=\"canonical\" href=\"https:\/\/powerballticketonline.com\/es\/es-segura-la-loteria-en-linea\/\" \/>\n<meta property=\"og:locale\" content=\"es_ES\" \/>\n<meta property=\"og:type\" content=\"article\" \/>\n<meta property=\"og:title\" content=\"\u00bfEs la loter\u00eda en l\u00ednea segura y confiable?\" \/>\n<meta property=\"og:description\" content=\"\u00bfEs confiable la loter\u00eda en l\u00ednea? Muchos jugadores se preocupan por esto, lo cual es comprensible. Al leer nuestro art\u00edculo, tenga en cuenta que el aspecto m\u00e1s importante se encuentra al final de esta publicaci\u00f3n. Hay varios aspectos que aclarar sobre la seguridad. En primer lugar, est\u00e1 la cuesti\u00f3n de c\u00f3mo el servicio de loter\u00eda &hellip; Leer m\u00e1s \u00ab\u00bfEs segura la loter\u00eda en l\u00ednea?\u00bb\" \/>\n<meta property=\"og:url\" content=\"https:\/\/powerballticketonline.com\/es\/es-segura-la-loteria-en-linea\/\" \/>\n<meta name=\"twitter:card\" content=\"summary_large_image\" \/>\n<meta name=\"twitter:label1\" content=\"Tiempo de lectura\" \/>\n\t<meta name=\"twitter:data1\" content=\"3 minutes\" \/>\n<script type=\"application\/ld+json\" class=\"yoast-schema-graph\">{\"@context\":\"https:\\\/\\\/schema.org\",\"@graph\":[{\"@type\":\"WebPage\",\"@id\":\"https:\\\/\\\/powerballticketonline.com\\\/es\\\/es-segura-la-loteria-en-linea\\\/\",\"url\":\"https:\\\/\\\/powerballticketonline.com\\\/es\\\/es-segura-la-loteria-en-linea\\\/\",\"name\":\"\u00bfEs la loter\u00eda en l\u00ednea segura y confiable?\",\"isPartOf\":{\"@id\":\"https:\\\/\\\/powerballticketonline.com\\\/es\\\/#website\"},\"datePublished\":\"2025-08-04T09:57:38+00:00\",\"breadcrumb\":{\"@id\":\"https:\\\/\\\/powerballticketonline.com\\\/es\\\/es-segura-la-loteria-en-linea\\\/#breadcrumb\"},\"inLanguage\":\"es-ES\",\"potentialAction\":[{\"@type\":\"ReadAction\",\"target\":[\"https:\\\/\\\/powerballticketonline.com\\\/es\\\/es-segura-la-loteria-en-linea\\\/\"]}]},{\"@type\":\"BreadcrumbList\",\"@id\":\"https:\\\/\\\/powerballticketonline.com\\\/es\\\/es-segura-la-loteria-en-linea\\\/#breadcrumb\",\"itemListElement\":[{\"@type\":\"ListItem\",\"position\":1,\"name\":\"Home\",\"item\":\"https:\\\/\\\/powerballticketonline.com\\\/es\\\/\"},{\"@type\":\"ListItem\",\"position\":2,\"name\":\"\u00bfEs segura la loter\u00eda en l\u00ednea?\"}]},{\"@type\":\"WebSite\",\"@id\":\"https:\\\/\\\/powerballticketonline.com\\\/es\\\/#website\",\"url\":\"https:\\\/\\\/powerballticketonline.com\\\/es\\\/\",\"name\":\"\",\"description\":\"\",\"potentialAction\":[{\"@type\":\"SearchAction\",\"target\":{\"@type\":\"EntryPoint\",\"urlTemplate\":\"https:\\\/\\\/powerballticketonline.com\\\/es\\\/?s={search_term_string}\"},\"query-input\":{\"@type\":\"PropertyValueSpecification\",\"valueRequired\":true,\"valueName\":\"search_term_string\"}}],\"inLanguage\":\"es-ES\"}]}<\/script>\n<!-- \/ Yoast SEO plugin. -->","yoast_head_json":{"title":"\u00bfEs la loter\u00eda en l\u00ednea segura y confiable?","robots":{"index":"index","follow":"follow","max-snippet":"max-snippet:-1","max-image-preview":"max-image-preview:large","max-video-preview":"max-video-preview:-1"},"canonical":"https:\/\/powerballticketonline.com\/es\/es-segura-la-loteria-en-linea\/","og_locale":"es_ES","og_type":"article","og_title":"\u00bfEs la loter\u00eda en l\u00ednea segura y confiable?","og_description":"\u00bfEs confiable la loter\u00eda en l\u00ednea? Muchos jugadores se preocupan por esto, lo cual es comprensible. Al leer nuestro art\u00edculo, tenga en cuenta que el aspecto m\u00e1s importante se encuentra al final de esta publicaci\u00f3n. Hay varios aspectos que aclarar sobre la seguridad. En primer lugar, est\u00e1 la cuesti\u00f3n de c\u00f3mo el servicio de loter\u00eda &hellip; Leer m\u00e1s \u00ab\u00bfEs segura la loter\u00eda en l\u00ednea?\u00bb","og_url":"https:\/\/powerballticketonline.com\/es\/es-segura-la-loteria-en-linea\/","twitter_card":"summary_large_image","twitter_misc":{"Tiempo de lectura":"3 minutes"},"schema":{"@context":"https:\/\/schema.org","@graph":[{"@type":"WebPage","@id":"https:\/\/powerballticketonline.com\/es\/es-segura-la-loteria-en-linea\/","url":"https:\/\/powerballticketonline.com\/es\/es-segura-la-loteria-en-linea\/","name":"\u00bfEs la loter\u00eda en l\u00ednea segura y confiable?","isPartOf":{"@id":"https:\/\/powerballticketonline.com\/es\/#website"},"datePublished":"2025-08-04T09:57:38+00:00","breadcrumb":{"@id":"https:\/\/powerballticketonline.com\/es\/es-segura-la-loteria-en-linea\/#breadcrumb"},"inLanguage":"es-ES","potentialAction":[{"@type":"ReadAction","target":["https:\/\/powerballticketonline.com\/es\/es-segura-la-loteria-en-linea\/"]}]},{"@type":"BreadcrumbList","@id":"https:\/\/powerballticketonline.com\/es\/es-segura-la-loteria-en-linea\/#breadcrumb","itemListElement":[{"@type":"ListItem","position":1,"name":"Home","item":"https:\/\/powerballticketonline.com\/es\/"},{"@type":"ListItem","position":2,"name":"\u00bfEs segura la loter\u00eda en l\u00ednea?"}]},{"@type":"WebSite","@id":"https:\/\/powerballticketonline.com\/es\/#website","url":"https:\/\/powerballticketonline.com\/es\/","name":"","description":"","potentialAction":[{"@type":"SearchAction","target":{"@type":"EntryPoint","urlTemplate":"https:\/\/powerballticketonline.com\/es\/?s={search_term_string}"},"query-input":{"@type":"PropertyValueSpecification","valueRequired":true,"valueName":"search_term_string"}}],"inLanguage":"es-ES"}]}},"_links":{"self":[{"href":"https:\/\/powerballticketonline.com\/es\/wp-json\/wp\/v2\/pages\/76","targetHints":{"allow":["GET"]}}],"collection":[{"href":"https:\/\/powerballticketonline.com\/es\/wp-json\/wp\/v2\/pages"}],"about":[{"href":"https:\/\/powerballticketonline.com\/es\/wp-json\/wp\/v2\/types\/page"}],"author":[{"embeddable":true,"href":"https:\/\/powerballticketonline.com\/es\/wp-json\/wp\/v2\/users\/1"}],"replies":[{"embeddable":true,"href":"https:\/\/powerballticketonline.com\/es\/wp-json\/wp\/v2\/comments?post=76"}],"version-history":[{"count":0,"href":"https:\/\/powerballticketonline.com\/es\/wp-json\/wp\/v2\/pages\/76\/revisions"}],"wp:attachment":[{"href":"https:\/\/powerballticketonline.com\/es\/wp-json\/wp\/v2\/media?parent=76"}],"curies":[{"name":"wp","href":"https:\/\/api.w.org\/{rel}","templated":true}]}}