{"id":80,"date":"2025-08-02T15:17:16","date_gmt":"2025-08-02T15:17:16","guid":{"rendered":"https:\/\/powerballticketonline.com\/es-legal-comprar-billetes-de-powerball-de-otros-paises\/"},"modified":"2025-08-02T15:17:16","modified_gmt":"2025-08-02T15:17:16","slug":"es-legal-comprar-billetes-de-powerball-de-otros-paises","status":"publish","type":"page","link":"https:\/\/powerballticketonline.com\/es\/es-legal-comprar-billetes-de-powerball-de-otros-paises\/","title":{"rendered":"\u00bfEs legal comprar billetes de Powerball de otros pa\u00edses?"},"content":{"rendered":"<p>\u00bfEs legal comprar boletos del Powerball desde otros pa\u00edses?<\/p>\n<p>\u00bfHas querido <a href=\"https:\/\/redfoxlotto.com\/play\/\" target=\"_blank\" rel=\"noopener noreferrer\"><span style=\"text-decoration: underline;\">jugar al Powerball<\/span><\/a> pero no estabas seguro de si estaba permitido? Pues ya es hora de que lo intentes. Es totalmente legal comprar un boleto del Powerball, sin importar d\u00f3nde te encuentres ni de d\u00f3nde seas.<\/p>\n<p>Estadounidenses que viajan al extranjero<\/p>\n<p>Si eres de Estados Unidos pero viajas, puedes recoger boletos del Powerball cuando quieras. Solo necesitas crear una cuenta en l\u00ednea con un servicio que ofrezca este tipo de boletos. Al fin y al cabo, vives donde se venden los boletos, as\u00ed que no hay restricciones para comprar <a href=\"https:\/\/redfoxlotto.com\/lotteries\/\" target=\"_blank\" rel=\"noopener noreferrer\"><span style=\"text-decoration: underline;\">boletos nuevos sin importar d\u00f3nde te encuentres<\/span><\/a>.<\/p>\n<h2>\u00bfQu\u00e9 pasa con el resto del mundo?<\/h2>\n<p>Si no eres estadounidense ni viajas dentro de Estados Unidos, \u00bfsignifica eso que no puedes comprar un boleto de Powerball? \u00a1Para nada! A\u00fan puedes conseguir un boleto de Powerball y tener la oportunidad de ganar ese gran premio. Solo tienes que encontrar un servicio en l\u00ednea que venda boletos de Powerball. En realidad, es mucho m\u00e1s f\u00e1cil de lo que crees, e incluso m\u00e1s f\u00e1cil que comprar otros boletos que podr\u00edas querer en tu zona.<\/p>\n<h2>Con\u00e9ctate y compra tus boletos<\/h2>\n<p>Lo m\u00e1s importante es tener un <a href=\"https:\/\/redfoxlotto.com\/\" target=\"_blank\" rel=\"noopener noreferrer\"><span style=\"text-decoration: underline;\">sitio web para comprar tus boletos<\/span><\/a>. Despu\u00e9s de todo, no puedes ir a la tienda de la esquina a comprar un boleto de Powerball si no vives en Estados Unidos. Pero con RedFoxLotto, no tienes que preocuparte por eso. Puedes elegir los boletos que quieras para este o cualquier otro juego y empezar de inmediato. <br \/>Comprar boletos en l\u00ednea con RedFoxLotto es bastante sencillo. Solo necesitas una cuenta y luego eliges <a href=\"https:\/\/redfoxlotto.com\/play\/\" target=\"_blank\" rel=\"noopener noreferrer\"><span style=\"text-decoration: underline;\">a qu\u00e9 juegos quieres jugar<\/span><\/a> y qu\u00e9 n\u00fameros quieres. \u00a1Eso es todo! Y as\u00ed, podr\u00edas tener la oportunidad de ganar millones de d\u00f3lares.<\/p>\n","protected":false},"excerpt":{"rendered":"<p>\u00bfEs legal comprar boletos del Powerball desde otros pa\u00edses? \u00bfHas querido jugar al Powerball pero no estabas seguro de si estaba permitido? Pues ya es hora de que lo intentes. Es totalmente legal comprar un boleto del Powerball, sin importar d\u00f3nde te encuentres ni de d\u00f3nde seas. Estadounidenses que viajan al extranjero Si eres de &hellip; <\/p>\n<p class=\"link-more\"><a href=\"https:\/\/powerballticketonline.com\/es\/es-legal-comprar-billetes-de-powerball-de-otros-paises\/\" class=\"more-link\">Leer m\u00e1s<span class=\"screen-reader-text\"> \u00ab\u00bfEs legal comprar billetes de Powerball de otros pa\u00edses?\u00bb<\/span><\/a><\/p>\n","protected":false},"author":1,"featured_media":0,"parent":0,"menu_order":0,"comment_status":"closed","ping_status":"closed","template":"","meta":{"footnotes":""},"class_list":["post-80","page","type-page","status-publish","hentry"],"yoast_head":"<!-- This site is optimized with the Yoast SEO plugin v27.3 - https:\/\/yoast.com\/product\/yoast-seo-wordpress\/ -->\n<title>\u00bfEs legal comprar billetes de Powerball de otros pa\u00edses?<\/title>\n<meta name=\"robots\" content=\"index, follow, max-snippet:-1, max-image-preview:large, max-video-preview:-1\" \/>\n<link rel=\"canonical\" href=\"https:\/\/powerballticketonline.com\/es\/es-legal-comprar-billetes-de-powerball-de-otros-paises\/\" \/>\n<meta property=\"og:locale\" content=\"es_ES\" \/>\n<meta property=\"og:type\" content=\"article\" \/>\n<meta property=\"og:title\" content=\"\u00bfEs legal comprar billetes de Powerball de otros pa\u00edses?\" \/>\n<meta property=\"og:description\" content=\"\u00bfEs legal comprar boletos del Powerball desde otros pa\u00edses? \u00bfHas querido jugar al Powerball pero no estabas seguro de si estaba permitido? Pues ya es hora de que lo intentes. Es totalmente legal comprar un boleto del Powerball, sin importar d\u00f3nde te encuentres ni de d\u00f3nde seas. Estadounidenses que viajan al extranjero Si eres de &hellip; Leer m\u00e1s \u00ab\u00bfEs legal comprar billetes de Powerball de otros pa\u00edses?\u00bb\" \/>\n<meta property=\"og:url\" content=\"https:\/\/powerballticketonline.com\/es\/es-legal-comprar-billetes-de-powerball-de-otros-paises\/\" \/>\n<meta name=\"twitter:card\" content=\"summary_large_image\" \/>\n<meta name=\"twitter:label1\" content=\"Tiempo de lectura\" \/>\n\t<meta name=\"twitter:data1\" content=\"2 minutes\" \/>\n<script type=\"application\/ld+json\" class=\"yoast-schema-graph\">{\"@context\":\"https:\\\/\\\/schema.org\",\"@graph\":[{\"@type\":\"WebPage\",\"@id\":\"https:\\\/\\\/powerballticketonline.com\\\/es\\\/es-legal-comprar-billetes-de-powerball-de-otros-paises\\\/\",\"url\":\"https:\\\/\\\/powerballticketonline.com\\\/es\\\/es-legal-comprar-billetes-de-powerball-de-otros-paises\\\/\",\"name\":\"\u00bfEs legal comprar billetes de Powerball de otros pa\u00edses?\",\"isPartOf\":{\"@id\":\"https:\\\/\\\/powerballticketonline.com\\\/es\\\/#website\"},\"datePublished\":\"2025-08-02T15:17:16+00:00\",\"breadcrumb\":{\"@id\":\"https:\\\/\\\/powerballticketonline.com\\\/es\\\/es-legal-comprar-billetes-de-powerball-de-otros-paises\\\/#breadcrumb\"},\"inLanguage\":\"es-ES\",\"potentialAction\":[{\"@type\":\"ReadAction\",\"target\":[\"https:\\\/\\\/powerballticketonline.com\\\/es\\\/es-legal-comprar-billetes-de-powerball-de-otros-paises\\\/\"]}]},{\"@type\":\"BreadcrumbList\",\"@id\":\"https:\\\/\\\/powerballticketonline.com\\\/es\\\/es-legal-comprar-billetes-de-powerball-de-otros-paises\\\/#breadcrumb\",\"itemListElement\":[{\"@type\":\"ListItem\",\"position\":1,\"name\":\"Home\",\"item\":\"https:\\\/\\\/powerballticketonline.com\\\/es\\\/\"},{\"@type\":\"ListItem\",\"position\":2,\"name\":\"\u00bfEs legal comprar billetes de Powerball de otros pa\u00edses?\"}]},{\"@type\":\"WebSite\",\"@id\":\"https:\\\/\\\/powerballticketonline.com\\\/es\\\/#website\",\"url\":\"https:\\\/\\\/powerballticketonline.com\\\/es\\\/\",\"name\":\"\",\"description\":\"\",\"potentialAction\":[{\"@type\":\"SearchAction\",\"target\":{\"@type\":\"EntryPoint\",\"urlTemplate\":\"https:\\\/\\\/powerballticketonline.com\\\/es\\\/?s={search_term_string}\"},\"query-input\":{\"@type\":\"PropertyValueSpecification\",\"valueRequired\":true,\"valueName\":\"search_term_string\"}}],\"inLanguage\":\"es-ES\"}]}<\/script>\n<!-- \/ Yoast SEO plugin. -->","yoast_head_json":{"title":"\u00bfEs legal comprar billetes de Powerball de otros pa\u00edses?","robots":{"index":"index","follow":"follow","max-snippet":"max-snippet:-1","max-image-preview":"max-image-preview:large","max-video-preview":"max-video-preview:-1"},"canonical":"https:\/\/powerballticketonline.com\/es\/es-legal-comprar-billetes-de-powerball-de-otros-paises\/","og_locale":"es_ES","og_type":"article","og_title":"\u00bfEs legal comprar billetes de Powerball de otros pa\u00edses?","og_description":"\u00bfEs legal comprar boletos del Powerball desde otros pa\u00edses? \u00bfHas querido jugar al Powerball pero no estabas seguro de si estaba permitido? Pues ya es hora de que lo intentes. Es totalmente legal comprar un boleto del Powerball, sin importar d\u00f3nde te encuentres ni de d\u00f3nde seas. Estadounidenses que viajan al extranjero Si eres de &hellip; Leer m\u00e1s \u00ab\u00bfEs legal comprar billetes de Powerball de otros pa\u00edses?\u00bb","og_url":"https:\/\/powerballticketonline.com\/es\/es-legal-comprar-billetes-de-powerball-de-otros-paises\/","twitter_card":"summary_large_image","twitter_misc":{"Tiempo de lectura":"2 minutes"},"schema":{"@context":"https:\/\/schema.org","@graph":[{"@type":"WebPage","@id":"https:\/\/powerballticketonline.com\/es\/es-legal-comprar-billetes-de-powerball-de-otros-paises\/","url":"https:\/\/powerballticketonline.com\/es\/es-legal-comprar-billetes-de-powerball-de-otros-paises\/","name":"\u00bfEs legal comprar billetes de Powerball de otros pa\u00edses?","isPartOf":{"@id":"https:\/\/powerballticketonline.com\/es\/#website"},"datePublished":"2025-08-02T15:17:16+00:00","breadcrumb":{"@id":"https:\/\/powerballticketonline.com\/es\/es-legal-comprar-billetes-de-powerball-de-otros-paises\/#breadcrumb"},"inLanguage":"es-ES","potentialAction":[{"@type":"ReadAction","target":["https:\/\/powerballticketonline.com\/es\/es-legal-comprar-billetes-de-powerball-de-otros-paises\/"]}]},{"@type":"BreadcrumbList","@id":"https:\/\/powerballticketonline.com\/es\/es-legal-comprar-billetes-de-powerball-de-otros-paises\/#breadcrumb","itemListElement":[{"@type":"ListItem","position":1,"name":"Home","item":"https:\/\/powerballticketonline.com\/es\/"},{"@type":"ListItem","position":2,"name":"\u00bfEs legal comprar billetes de Powerball de otros pa\u00edses?"}]},{"@type":"WebSite","@id":"https:\/\/powerballticketonline.com\/es\/#website","url":"https:\/\/powerballticketonline.com\/es\/","name":"","description":"","potentialAction":[{"@type":"SearchAction","target":{"@type":"EntryPoint","urlTemplate":"https:\/\/powerballticketonline.com\/es\/?s={search_term_string}"},"query-input":{"@type":"PropertyValueSpecification","valueRequired":true,"valueName":"search_term_string"}}],"inLanguage":"es-ES"}]}},"_links":{"self":[{"href":"https:\/\/powerballticketonline.com\/es\/wp-json\/wp\/v2\/pages\/80","targetHints":{"allow":["GET"]}}],"collection":[{"href":"https:\/\/powerballticketonline.com\/es\/wp-json\/wp\/v2\/pages"}],"about":[{"href":"https:\/\/powerballticketonline.com\/es\/wp-json\/wp\/v2\/types\/page"}],"author":[{"embeddable":true,"href":"https:\/\/powerballticketonline.com\/es\/wp-json\/wp\/v2\/users\/1"}],"replies":[{"embeddable":true,"href":"https:\/\/powerballticketonline.com\/es\/wp-json\/wp\/v2\/comments?post=80"}],"version-history":[{"count":0,"href":"https:\/\/powerballticketonline.com\/es\/wp-json\/wp\/v2\/pages\/80\/revisions"}],"wp:attachment":[{"href":"https:\/\/powerballticketonline.com\/es\/wp-json\/wp\/v2\/media?parent=80"}],"curies":[{"name":"wp","href":"https:\/\/api.w.org\/{rel}","templated":true}]}}