{"id":84,"date":"2025-08-02T15:36:06","date_gmt":"2025-08-02T15:36:06","guid":{"rendered":"https:\/\/powerballticketonline.com\/como-se-creo-la-loteria\/"},"modified":"2025-08-02T15:36:06","modified_gmt":"2025-08-02T15:36:06","slug":"como-se-creo-la-loteria","status":"publish","type":"page","link":"https:\/\/powerballticketonline.com\/es\/como-se-creo-la-loteria\/","title":{"rendered":"C\u00f3mo se cre\u00f3 la loter\u00eda"},"content":{"rendered":"<p>El juego de loter\u00eda m\u00e1s popular hoy y ayer<\/p>\n<p>\u00bfSab\u00edas que la loter\u00eda tiene casi 500 a\u00f1os? Probablemente no parezca posible que haya existido tanto tiempo, pero as\u00ed ha sido. Desde que comenz\u00f3, al menos de alguna forma, en Florencia en 1530. No pas\u00f3 mucho tiempo antes de que otros pa\u00edses se sumaran porque, al final, la <a href=\"https:\/\/redfoxlotto.com\/largest-lottery-jackpots\/\" target=\"_blank\" rel=\"noopener noreferrer\"><span style=\"text-decoration: underline;\">loter\u00eda<\/span><\/a> es una excelente manera de generar ganancias para el pa\u00eds y todos quer\u00edan participar. Lo que Florencia inici\u00f3, Francia y Gran Breta\u00f1a r\u00e1pidamente se sumaron.<\/p>\n<p>Esta es, de hecho, la historia de la loter\u00eda moderna, pero si queremos remontarnos a las primeras loter\u00edas, o al menos a los or\u00edgenes de lo que hoy llamamos loter\u00eda, hay que remontarse mucho m\u00e1s atr\u00e1s. Alrededor del a\u00f1o 200 a. C., ya exist\u00edan las loter\u00edas en Asia. Era la \u00e9poca de la dinast\u00eda huna, y las loter\u00edas se utilizaban para <a href=\"https:\/\/redfoxlotto.com\/is-the-lottery-tax-free\/\" target=\"_blank\" rel=\"noopener noreferrer\"><span style=\"text-decoration: underline;\">financiar impuestos<\/span><\/a>. Lo que quiz\u00e1s no sepas es que la compra de esos billetes de loter\u00eda fue la primera versi\u00f3n de lo que hoy conocemos como Keno. Y tambi\u00e9n ayudaron a construir la fant\u00e1stica Muralla China.<\/p>\n<h2>Otras loter\u00edas<\/h2>\n<p>En forma de rifas, comenzaron a mediados del siglo XV. Estas utilizaban premios en art\u00edculos en lugar de premios en efectivo. Y, de hecho, funcionaron bastante bien. Obviamente, cualquiera que haya asistido a un evento con una rifa sabe que este tipo de juegos suelen tener un buen rendimiento y que, sin duda, tienen mucho que ofrecer. Diversas organizaciones ben\u00e9ficas las utilizan con frecuencia para recaudar fondos para sus fundaciones ben\u00e9ficas o para diversos fines comunitarios.<\/p>\n<p>En cuanto a Estados Unidos, la loter\u00eda lleg\u00f3 bastante pronto, en el siglo XVIII. Tambi\u00e9n se cree que la Guerra de la Independencia se financi\u00f3 parcialmente con dinero de la loter\u00eda. Esto sin duda coloca a la loter\u00eda en una posici\u00f3n s\u00f3lida y s\u00f3lida en la historia de <a href=\"https:\/\/redfoxlotto.com\/how-to-buy-usa-lottery-tickets-online\/\" target=\"_blank\" rel=\"noopener noreferrer\"><span style=\"text-decoration: underline;\">Estados Unidos<\/span><\/a>, \u00bfno cree? En general, la loter\u00eda ha desempe\u00f1ado un papel fundamental en la creaci\u00f3n de la mayor\u00eda de los pa\u00edses del mundo y a\u00fan conserva una gran influencia. En muchos sentidos, al comprar un billete de loter\u00eda, apoya la historia de las grandes naciones del mundo, y eso es algo \u00fanico de lo que siempre hay que ser parte.<\/p>\n<p>Si busca comprar un billete para cualquiera de los fant\u00e1sticos juegos de loter\u00eda que se celebran en todo el mundo, puede visitar RedFoxLotto.com. Haga clic aqu\u00ed para obtener m\u00e1s informaci\u00f3n sobre los juegos disponibles y elegir su billete para el pr\u00f3ximo sorteo. De hecho, podr\u00edas convertirte en una figura destacada de la historia de diferentes naciones y, de paso, ser otro gran campe\u00f3n. Sin duda, la inversi\u00f3n que est\u00e1s haciendo valdr\u00e1 la pena. As\u00ed que elige bien tus pr\u00f3ximos boletos y ser\u00e1s un ganador del premio mayor.<\/p>\n","protected":false},"excerpt":{"rendered":"<p>El juego de loter\u00eda m\u00e1s popular hoy y ayer \u00bfSab\u00edas que la loter\u00eda tiene casi 500 a\u00f1os? Probablemente no parezca posible que haya existido tanto tiempo, pero as\u00ed ha sido. Desde que comenz\u00f3, al menos de alguna forma, en Florencia en 1530. No pas\u00f3 mucho tiempo antes de que otros pa\u00edses se sumaran porque, al &hellip; <\/p>\n<p class=\"link-more\"><a href=\"https:\/\/powerballticketonline.com\/es\/como-se-creo-la-loteria\/\" class=\"more-link\">Leer m\u00e1s<span class=\"screen-reader-text\"> \u00abC\u00f3mo se cre\u00f3 la loter\u00eda\u00bb<\/span><\/a><\/p>\n","protected":false},"author":1,"featured_media":0,"parent":0,"menu_order":0,"comment_status":"closed","ping_status":"closed","template":"","meta":{"footnotes":""},"class_list":["post-84","page","type-page","status-publish","hentry"],"yoast_head":"<!-- This site is optimized with the Yoast SEO plugin v27.3 - https:\/\/yoast.com\/product\/yoast-seo-wordpress\/ -->\n<title>L&#039;invenzione del Lotto<\/title>\n<meta name=\"robots\" content=\"index, follow, max-snippet:-1, max-image-preview:large, max-video-preview:-1\" \/>\n<link rel=\"canonical\" href=\"https:\/\/powerballticketonline.com\/es\/como-se-creo-la-loteria\/\" \/>\n<meta property=\"og:locale\" content=\"es_ES\" \/>\n<meta property=\"og:type\" content=\"article\" \/>\n<meta property=\"og:title\" content=\"L&#039;invenzione del Lotto\" \/>\n<meta property=\"og:description\" content=\"El juego de loter\u00eda m\u00e1s popular hoy y ayer \u00bfSab\u00edas que la loter\u00eda tiene casi 500 a\u00f1os? Probablemente no parezca posible que haya existido tanto tiempo, pero as\u00ed ha sido. Desde que comenz\u00f3, al menos de alguna forma, en Florencia en 1530. No pas\u00f3 mucho tiempo antes de que otros pa\u00edses se sumaran porque, al &hellip; Leer m\u00e1s \u00abC\u00f3mo se cre\u00f3 la loter\u00eda\u00bb\" \/>\n<meta property=\"og:url\" content=\"https:\/\/powerballticketonline.com\/es\/como-se-creo-la-loteria\/\" \/>\n<meta name=\"twitter:card\" content=\"summary_large_image\" \/>\n<meta name=\"twitter:label1\" content=\"Tiempo de lectura\" \/>\n\t<meta name=\"twitter:data1\" content=\"3 minutes\" \/>\n<script type=\"application\/ld+json\" class=\"yoast-schema-graph\">{\"@context\":\"https:\\\/\\\/schema.org\",\"@graph\":[{\"@type\":\"WebPage\",\"@id\":\"https:\\\/\\\/powerballticketonline.com\\\/es\\\/como-se-creo-la-loteria\\\/\",\"url\":\"https:\\\/\\\/powerballticketonline.com\\\/es\\\/como-se-creo-la-loteria\\\/\",\"name\":\"L'invenzione del Lotto\",\"isPartOf\":{\"@id\":\"https:\\\/\\\/powerballticketonline.com\\\/es\\\/#website\"},\"datePublished\":\"2025-08-02T15:36:06+00:00\",\"breadcrumb\":{\"@id\":\"https:\\\/\\\/powerballticketonline.com\\\/es\\\/como-se-creo-la-loteria\\\/#breadcrumb\"},\"inLanguage\":\"es-ES\",\"potentialAction\":[{\"@type\":\"ReadAction\",\"target\":[\"https:\\\/\\\/powerballticketonline.com\\\/es\\\/como-se-creo-la-loteria\\\/\"]}]},{\"@type\":\"BreadcrumbList\",\"@id\":\"https:\\\/\\\/powerballticketonline.com\\\/es\\\/como-se-creo-la-loteria\\\/#breadcrumb\",\"itemListElement\":[{\"@type\":\"ListItem\",\"position\":1,\"name\":\"Home\",\"item\":\"https:\\\/\\\/powerballticketonline.com\\\/es\\\/\"},{\"@type\":\"ListItem\",\"position\":2,\"name\":\"C\u00f3mo se cre\u00f3 la loter\u00eda\"}]},{\"@type\":\"WebSite\",\"@id\":\"https:\\\/\\\/powerballticketonline.com\\\/es\\\/#website\",\"url\":\"https:\\\/\\\/powerballticketonline.com\\\/es\\\/\",\"name\":\"\",\"description\":\"\",\"potentialAction\":[{\"@type\":\"SearchAction\",\"target\":{\"@type\":\"EntryPoint\",\"urlTemplate\":\"https:\\\/\\\/powerballticketonline.com\\\/es\\\/?s={search_term_string}\"},\"query-input\":{\"@type\":\"PropertyValueSpecification\",\"valueRequired\":true,\"valueName\":\"search_term_string\"}}],\"inLanguage\":\"es-ES\"}]}<\/script>\n<!-- \/ Yoast SEO plugin. -->","yoast_head_json":{"title":"L'invenzione del Lotto","robots":{"index":"index","follow":"follow","max-snippet":"max-snippet:-1","max-image-preview":"max-image-preview:large","max-video-preview":"max-video-preview:-1"},"canonical":"https:\/\/powerballticketonline.com\/es\/como-se-creo-la-loteria\/","og_locale":"es_ES","og_type":"article","og_title":"L'invenzione del Lotto","og_description":"El juego de loter\u00eda m\u00e1s popular hoy y ayer \u00bfSab\u00edas que la loter\u00eda tiene casi 500 a\u00f1os? Probablemente no parezca posible que haya existido tanto tiempo, pero as\u00ed ha sido. Desde que comenz\u00f3, al menos de alguna forma, en Florencia en 1530. No pas\u00f3 mucho tiempo antes de que otros pa\u00edses se sumaran porque, al &hellip; Leer m\u00e1s \u00abC\u00f3mo se cre\u00f3 la loter\u00eda\u00bb","og_url":"https:\/\/powerballticketonline.com\/es\/como-se-creo-la-loteria\/","twitter_card":"summary_large_image","twitter_misc":{"Tiempo de lectura":"3 minutes"},"schema":{"@context":"https:\/\/schema.org","@graph":[{"@type":"WebPage","@id":"https:\/\/powerballticketonline.com\/es\/como-se-creo-la-loteria\/","url":"https:\/\/powerballticketonline.com\/es\/como-se-creo-la-loteria\/","name":"L'invenzione del Lotto","isPartOf":{"@id":"https:\/\/powerballticketonline.com\/es\/#website"},"datePublished":"2025-08-02T15:36:06+00:00","breadcrumb":{"@id":"https:\/\/powerballticketonline.com\/es\/como-se-creo-la-loteria\/#breadcrumb"},"inLanguage":"es-ES","potentialAction":[{"@type":"ReadAction","target":["https:\/\/powerballticketonline.com\/es\/como-se-creo-la-loteria\/"]}]},{"@type":"BreadcrumbList","@id":"https:\/\/powerballticketonline.com\/es\/como-se-creo-la-loteria\/#breadcrumb","itemListElement":[{"@type":"ListItem","position":1,"name":"Home","item":"https:\/\/powerballticketonline.com\/es\/"},{"@type":"ListItem","position":2,"name":"C\u00f3mo se cre\u00f3 la loter\u00eda"}]},{"@type":"WebSite","@id":"https:\/\/powerballticketonline.com\/es\/#website","url":"https:\/\/powerballticketonline.com\/es\/","name":"","description":"","potentialAction":[{"@type":"SearchAction","target":{"@type":"EntryPoint","urlTemplate":"https:\/\/powerballticketonline.com\/es\/?s={search_term_string}"},"query-input":{"@type":"PropertyValueSpecification","valueRequired":true,"valueName":"search_term_string"}}],"inLanguage":"es-ES"}]}},"_links":{"self":[{"href":"https:\/\/powerballticketonline.com\/es\/wp-json\/wp\/v2\/pages\/84","targetHints":{"allow":["GET"]}}],"collection":[{"href":"https:\/\/powerballticketonline.com\/es\/wp-json\/wp\/v2\/pages"}],"about":[{"href":"https:\/\/powerballticketonline.com\/es\/wp-json\/wp\/v2\/types\/page"}],"author":[{"embeddable":true,"href":"https:\/\/powerballticketonline.com\/es\/wp-json\/wp\/v2\/users\/1"}],"replies":[{"embeddable":true,"href":"https:\/\/powerballticketonline.com\/es\/wp-json\/wp\/v2\/comments?post=84"}],"version-history":[{"count":0,"href":"https:\/\/powerballticketonline.com\/es\/wp-json\/wp\/v2\/pages\/84\/revisions"}],"wp:attachment":[{"href":"https:\/\/powerballticketonline.com\/es\/wp-json\/wp\/v2\/media?parent=84"}],"curies":[{"name":"wp","href":"https:\/\/api.w.org\/{rel}","templated":true}]}}