{"id":385,"date":"2025-08-02T15:41:33","date_gmt":"2025-08-02T15:41:33","guid":{"rendered":"https:\/\/powerballticketonline.com\/avaleht\/"},"modified":"2025-08-02T15:41:33","modified_gmt":"2025-08-02T15:41:33","slug":"avaleht","status":"publish","type":"page","link":"https:\/\/powerballticketonline.com\/et\/","title":{"rendered":"Avaleht"},"content":{"rendered":"<h2>Kuidas osta Powerballi pileteid veebis<\/h2>\n<p>PowerBall on \u00e4\u00e4rmiselt populaarne loteriim\u00e4ng, millel on suured v\u00e4ljamaksed ja jackpotid alates 140 dollarist kuni enam kui 300 miljoni dollarini! 2012. aastal on PowerBalli jackpoti v\u00f5itnud juba 7 inimest. V\u00e4ikseim jackpot oli 60 miljonit dollarit ja k\u00f5rgeim 337 miljonit USA dollarit! See v\u00f5id vabalt olla sina, ainus asi, mida pead tegema, et saada v\u00f5imalus miljonite dollarite v\u00f5itmiseks, on <strong>osta PowerBalli pilet veebist<\/strong>.<\/p>\n<p><img loading=\"lazy\" decoding=\"async\" style=\"margin: 1px; float: right;\" src=\"images\/powerball_lottery.gif\" alt=\"Powerball lottery\" width=\"250\" height=\"96\" \/>Kuigi loterii loodi algselt USA elanikele ja pileteid saab osta sealsetest poodidest, on n\u00fc\u00fcd v\u00f5imalik osta PowerBalli pilet veebist! See t\u00e4hendab, et pole vahet, kas elad USA-s v\u00f5i Austraalias, saad <span style=\"text-decoration: underline;\"><a href=\"https:\/\/www.onlinelotto365.com\/usa\/powerball-lotto-online\" target=\"_blank\" rel=\"noopener noreferrer\">PowerBalli lotot m\u00e4ngida k\u00f5ikjal maailmas! <\/a><\/span><\/p>\n<p>PowerBalli ostmine ja osalemine on v\u00f5imalik t\u00e4nu RedFoxLotto pakutavale eksklusiivsele teenusele. See on ettev\u00f5te, millel on sadu agente \u00fcle maailma ja nende abiga saad osta \u00fcksk\u00f5ik millise soovitud loterii.<\/p>\n<p><strong>Enne lotopileti saamist tuleb teha 4 lihtsat sammu:<\/strong><\/p>\n<ol>\n<li>Valige loterii, milles soovite osaleda \u2013 antud juhul PowerBall \u2013 p\u00e4rast meie saidil olevale ribareklaamile kl\u00f5psamist <span style=\"text-decoration: underline;\"><strong><a href=\"https:\/\/redfoxlotto.com\/?ref=A8564250A2&amp;medium=pwb\" target=\"_blank\" rel=\"noopener noreferrer\">v\u00f5i kl\u00f5psake lihtsalt siin<\/a><\/strong><\/span><\/li>\n<li>\u00dcks RedFoxLotto paljudest kohalikest agentidest ostab teie nimel pileti<\/li>\n<li>Seej\u00e4rel on pilet teie kontol n\u00e4htav<\/li>\n<li>P\u00e4rast loosimist ja v\u00f5idu korral saadetakse teile teise e-kirjaga teave v\u00f5itude k\u00e4ttesaamise kohta.<\/li>\n<li>Tegelikult l\u00e4hevad k\u00f5ik alla 2500 euro suurused v\u00f5idud teie kliendikontole ja suuremate puhul auhindade saamiseks aitab RedFoxLotto teil t\u0161eki k\u00e4tte saada. Selle teenuse eest lisatasusid ei v\u00f5eta!<\/li>\n<\/ol>\n<p>See on eksklusiivne teenus, mida kasutavad tuhanded inimesed \u00fcle maailma. Kui m\u00f5tlete, mis juhtuks jackpoti v\u00f5itmise korral, siis l\u00f5petage muretsemine. See ettev\u00f5te pole mitte ainult 100% mainekas ja seaduslik, vaid piletil on ka teie nimi, seega pole ruumi eksimustele ega pettustele.<\/p>\n<p>PowerBalli loterii pole ainus, mida selle teenuse kaudu osta saab \u2013 saate osta ka Euromillionsi pileteid, osaleda El Gordo loteriis ja Superenalotto&#8217;s ning m\u00e4ngida mitmeid teisi rahvusvahelisi loteriisid. Seega pole l\u00f5ppkokkuv\u00f5ttes vahet, kus maailmas te elate, saate osaleda v\u00e4lismaistes loteriides nii palju kui soovite ja millal soovite.<\/p>\n<h2>Loosimised<\/h2>\n<p>Loosimised toimuvad kaks korda n\u00e4dalas \u2013 igal kolmap\u00e4eva ja laup\u00e4eva \u00f5htul kell 22:59 idaranniku aja j\u00e4rgi. Pileteid saab osta kuni loosimise viimase tunnini, mis t\u00e4hendab, et m\u00fc\u00fck l\u00f5peb 59 minutit enne algust. Veebip\u00f5hise pileti ostmisel arvestage v\u00e4hemalt 2-tunnise puhverajaga, et RedFoxLotto saaks teie Powerballi piletitellimuse t\u00f6\u00f6delda.<\/p>\n<p>V\u00f5itjad ja \u00f5nnenumbrid selgitatakse v\u00e4lja trumli 5 valge palli loosimise teel, millel on kokku 59 palli. Samuti on lisandunud \u00fcks punane pall, mis loositakse teisest trumlist, mis koosneb 35 punasest pallist.<\/p>\n<h2>V\u00f5iduv\u00f5imalused<\/h2>\n<p>Powerballi loterii m\u00e4ngimisel on 9 erinevat v\u00f5iduv\u00f5imalust. Peaauhind, suur jackpot, v\u00f5idetakse, kui teie lotopiletil on k\u00f5ik 5 valge palli numbrit ja punane pall, mida tuntakse ka kui PowerBall, tabavad tabamust. Jackpoti v\u00f5itmise korral saate valida kohese \u00fchekordse rahasumma v\u00f5i kogu jackpoti maksmise igal aastal 29 aasta jooksul. Kuigi see tundub pika ajana, oleme kindlad, et umbes 10 miljoni dollari suurune aastasissetulek on teile t\u00e4iesti okei!<\/p>\n<p>Powerballi loterii m\u00e4ngimisel on v\u00f5iduv\u00f5imalus umbes 1:32. Auhinna v\u00f5itmiseks on j\u00e4rgmised v\u00f5imalused:<\/p>\n<ul>\n<li>5 valget palli + PowerBall v\u00f5idavad peav\u00f5idu<\/li>\n<li>5 valget palli v\u00f5idavad 1 miljon dollarit<\/li>\n<li>4 valget palli + PowerBall v\u00f5idab 10 000 dollarit<\/li>\n<li>4 valget palli v\u00f5idavad 100 dollarit<\/li>\n<li>3 valget palli + PowerBall v\u00f5idab 100 dollarit<\/li>\n<li>3 valget palli v\u00f5idavad 7 dollarit<\/li>\n<li>2 valget palli + PowerBall v\u00f5idab 7 dollarit<\/li>\n<li>1 valge pall + PowerBall v\u00f5idab 7 dollarit<\/li>\n<li>Ainu\u00fcksi PowerBall v\u00f5idab 4 dollarit<\/li>\n<\/ul>\n<p>Lisatud on ka lisafunktsioon: kui valite PowerPlay funktsiooni, saate algset auhinnasummat suurendada. Kui teie piletil on v\u00f5idukombinatsioon 5+0, on teie auhind 2 miljonit dollarit 1 miljoni dollari asemel. Pileti ostmisel tuleb valida PowerPlay funktsioon.<\/p>\n<h2>Kus ma saan m\u00e4ngida?<\/h2>\n<p>Powerball on Ameerika lemmikloterii.iga m\u00e4ng ja seda saab m\u00e4ngida 42 osariigis \u00fcle kogu riigi. Seda m\u00e4ngitakse ka Washingtonis ja USA Neitsisaartel. On 8 osariiki, mis ei luba oma elanikel selles loteriis osaleda &#8211; Nevada, California, Utah, Mississippi, Wyoming, Alabama, Hawaii ja Alaska.<\/p>\n<p>Nagu selle artikli alguses \u00f6eldud, on PowerBalli v\u00f5imalik m\u00e4ngida ka v\u00e4ljaspool USA-d ja mitte-USA residendina v\u00f5i USA osariigist, kus te ei saa neid poest osta. RedFoxLotto teeb selle v\u00f5imalikuks k\u00f5igile. <strong><span style=\"text-decoration: underline;\"><a href=\"https:\/\/redfoxlotto.com\/?ref=A8564250A2&amp;medium=pwb\" target=\"_blank\" rel=\"noopener noreferrer\">Hankige oma PowerBalli lotopilet kohe veebist!<\/a><\/span><\/strong><\/p>\n","protected":false},"excerpt":{"rendered":"<p>Kuidas osta Powerballi pileteid veebis PowerBall on \u00e4\u00e4rmiselt populaarne loteriim\u00e4ng, millel on suured v\u00e4ljamaksed ja jackpotid alates 140 dollarist kuni enam kui 300 miljoni dollarini! 2012. aastal on PowerBalli jackpoti v\u00f5itnud juba 7 inimest. V\u00e4ikseim jackpot oli 60 miljonit dollarit ja k\u00f5rgeim 337 miljonit USA dollarit! See v\u00f5id vabalt olla sina, ainus asi, mida pead &hellip; <\/p>\n<p class=\"link-more\"><a href=\"https:\/\/powerballticketonline.com\/et\/\" class=\"more-link\">Read more<span class=\"screen-reader-text\"> &#8220;Avaleht&#8221;<\/span><\/a><\/p>\n","protected":false},"author":1,"featured_media":0,"parent":0,"menu_order":0,"comment_status":"closed","ping_status":"closed","template":"","meta":{"footnotes":""},"class_list":["post-385","page","type-page","status-publish","hentry"],"yoast_head":"<!-- This site is optimized with the Yoast SEO plugin v27.3 - https:\/\/yoast.com\/product\/yoast-seo-wordpress\/ -->\n<title>Osta Powerballi loteriipileteid veebis k\u00f5ikjal maailmas<\/title>\n<meta name=\"robots\" content=\"index, follow, max-snippet:-1, max-image-preview:large, max-video-preview:-1\" \/>\n<link rel=\"canonical\" href=\"https:\/\/powerballticketonline.com\/et\/\" \/>\n<meta property=\"og:locale\" content=\"et_EE\" \/>\n<meta property=\"og:type\" content=\"article\" \/>\n<meta property=\"og:title\" content=\"Osta Powerballi loteriipileteid veebis k\u00f5ikjal maailmas\" \/>\n<meta property=\"og:description\" content=\"Kuidas osta Powerballi pileteid veebis PowerBall on \u00e4\u00e4rmiselt populaarne loteriim\u00e4ng, millel on suured v\u00e4ljamaksed ja jackpotid alates 140 dollarist kuni enam kui 300 miljoni dollarini! 2012. aastal on PowerBalli jackpoti v\u00f5itnud juba 7 inimest. V\u00e4ikseim jackpot oli 60 miljonit dollarit ja k\u00f5rgeim 337 miljonit USA dollarit! See v\u00f5id vabalt olla sina, ainus asi, mida pead &hellip; Read more &quot;Avaleht&quot;\" \/>\n<meta property=\"og:url\" content=\"https:\/\/powerballticketonline.com\/et\/\" \/>\n<meta name=\"twitter:card\" content=\"summary_large_image\" \/>\n<meta name=\"twitter:label1\" content=\"Est. reading time\" \/>\n\t<meta name=\"twitter:data1\" content=\"3 minutit\" \/>\n<script type=\"application\/ld+json\" class=\"yoast-schema-graph\">{\"@context\":\"https:\\\/\\\/schema.org\",\"@graph\":[{\"@type\":\"WebPage\",\"@id\":\"https:\\\/\\\/powerballticketonline.com\\\/et\\\/\",\"url\":\"https:\\\/\\\/powerballticketonline.com\\\/et\\\/\",\"name\":\"Osta Powerballi loteriipileteid veebis k\u00f5ikjal maailmas\",\"isPartOf\":{\"@id\":\"https:\\\/\\\/powerballticketonline.com\\\/et\\\/#website\"},\"datePublished\":\"2025-08-02T15:41:33+00:00\",\"breadcrumb\":{\"@id\":\"https:\\\/\\\/powerballticketonline.com\\\/et\\\/#breadcrumb\"},\"inLanguage\":\"et\",\"potentialAction\":[{\"@type\":\"ReadAction\",\"target\":[\"https:\\\/\\\/powerballticketonline.com\\\/et\\\/\"]}]},{\"@type\":\"BreadcrumbList\",\"@id\":\"https:\\\/\\\/powerballticketonline.com\\\/et\\\/#breadcrumb\",\"itemListElement\":[{\"@type\":\"ListItem\",\"position\":1,\"name\":\"Home\",\"item\":\"https:\\\/\\\/powerballticketonline.com\\\/et\\\/\"},{\"@type\":\"ListItem\",\"position\":2,\"name\":\"Avaleht\"}]},{\"@type\":\"WebSite\",\"@id\":\"https:\\\/\\\/powerballticketonline.com\\\/et\\\/#website\",\"url\":\"https:\\\/\\\/powerballticketonline.com\\\/et\\\/\",\"name\":\"\",\"description\":\"\",\"potentialAction\":[{\"@type\":\"SearchAction\",\"target\":{\"@type\":\"EntryPoint\",\"urlTemplate\":\"https:\\\/\\\/powerballticketonline.com\\\/et\\\/?s={search_term_string}\"},\"query-input\":{\"@type\":\"PropertyValueSpecification\",\"valueRequired\":true,\"valueName\":\"search_term_string\"}}],\"inLanguage\":\"et\"}]}<\/script>\n<!-- \/ Yoast SEO plugin. -->","yoast_head_json":{"title":"Osta Powerballi loteriipileteid veebis k\u00f5ikjal maailmas","robots":{"index":"index","follow":"follow","max-snippet":"max-snippet:-1","max-image-preview":"max-image-preview:large","max-video-preview":"max-video-preview:-1"},"canonical":"https:\/\/powerballticketonline.com\/et\/","og_locale":"et_EE","og_type":"article","og_title":"Osta Powerballi loteriipileteid veebis k\u00f5ikjal maailmas","og_description":"Kuidas osta Powerballi pileteid veebis PowerBall on \u00e4\u00e4rmiselt populaarne loteriim\u00e4ng, millel on suured v\u00e4ljamaksed ja jackpotid alates 140 dollarist kuni enam kui 300 miljoni dollarini! 2012. aastal on PowerBalli jackpoti v\u00f5itnud juba 7 inimest. V\u00e4ikseim jackpot oli 60 miljonit dollarit ja k\u00f5rgeim 337 miljonit USA dollarit! See v\u00f5id vabalt olla sina, ainus asi, mida pead &hellip; Read more \"Avaleht\"","og_url":"https:\/\/powerballticketonline.com\/et\/","twitter_card":"summary_large_image","twitter_misc":{"Est. reading time":"3 minutit"},"schema":{"@context":"https:\/\/schema.org","@graph":[{"@type":"WebPage","@id":"https:\/\/powerballticketonline.com\/et\/","url":"https:\/\/powerballticketonline.com\/et\/","name":"Osta Powerballi loteriipileteid veebis k\u00f5ikjal maailmas","isPartOf":{"@id":"https:\/\/powerballticketonline.com\/et\/#website"},"datePublished":"2025-08-02T15:41:33+00:00","breadcrumb":{"@id":"https:\/\/powerballticketonline.com\/et\/#breadcrumb"},"inLanguage":"et","potentialAction":[{"@type":"ReadAction","target":["https:\/\/powerballticketonline.com\/et\/"]}]},{"@type":"BreadcrumbList","@id":"https:\/\/powerballticketonline.com\/et\/#breadcrumb","itemListElement":[{"@type":"ListItem","position":1,"name":"Home","item":"https:\/\/powerballticketonline.com\/et\/"},{"@type":"ListItem","position":2,"name":"Avaleht"}]},{"@type":"WebSite","@id":"https:\/\/powerballticketonline.com\/et\/#website","url":"https:\/\/powerballticketonline.com\/et\/","name":"","description":"","potentialAction":[{"@type":"SearchAction","target":{"@type":"EntryPoint","urlTemplate":"https:\/\/powerballticketonline.com\/et\/?s={search_term_string}"},"query-input":{"@type":"PropertyValueSpecification","valueRequired":true,"valueName":"search_term_string"}}],"inLanguage":"et"}]}},"_links":{"self":[{"href":"https:\/\/powerballticketonline.com\/et\/wp-json\/wp\/v2\/pages\/385","targetHints":{"allow":["GET"]}}],"collection":[{"href":"https:\/\/powerballticketonline.com\/et\/wp-json\/wp\/v2\/pages"}],"about":[{"href":"https:\/\/powerballticketonline.com\/et\/wp-json\/wp\/v2\/types\/page"}],"author":[{"embeddable":true,"href":"https:\/\/powerballticketonline.com\/et\/wp-json\/wp\/v2\/users\/1"}],"replies":[{"embeddable":true,"href":"https:\/\/powerballticketonline.com\/et\/wp-json\/wp\/v2\/comments?post=385"}],"version-history":[{"count":0,"href":"https:\/\/powerballticketonline.com\/et\/wp-json\/wp\/v2\/pages\/385\/revisions"}],"wp:attachment":[{"href":"https:\/\/powerballticketonline.com\/et\/wp-json\/wp\/v2\/media?parent=385"}],"curies":[{"name":"wp","href":"https:\/\/api.w.org\/{rel}","templated":true}]}}