{"id":380,"date":"2025-08-02T15:41:33","date_gmt":"2025-08-02T15:41:33","guid":{"rendered":"https:\/\/powerballticketonline.com\/kotiin\/"},"modified":"2025-08-02T15:41:33","modified_gmt":"2025-08-02T15:41:33","slug":"kotiin","status":"publish","type":"page","link":"https:\/\/powerballticketonline.com\/fi\/","title":{"rendered":"Kotiin"},"content":{"rendered":"<h2>Kuinka voit ostaa Powerball-lippuja netist\u00e4<\/h2>\n<p>PowerBall on eritt\u00e4in suosittu lottopeli, jossa on valtavat voitot ja j\u00e4ttipotti, joka voi vaihdella 140 dollarista yli 300 miljoonaan dollariin! Vuonna 2012 PowerBall-j\u00e4ttipotin on voittanut jo seitsem\u00e4n ihmist\u00e4. Pienin j\u00e4ttipotti oli 60 miljoonaa dollaria ja suurin 337 miljoonaa Yhdysvaltain dollaria! T\u00e4m\u00e4 voisi hyvinkin olla sin\u00e4, ainoa asia, jonka sinun tarvitsee tehd\u00e4 voittaaksesi miljoonia dollareita, on <strong>ostaa PowerBall-lippu netist\u00e4<\/strong>.<\/p>\n<p><img loading=\"lazy\" decoding=\"async\" style=\"margin: 1px; float: right;\" src=\"images\/powerball_lottery.gif\" alt=\"Powerball lottery\" width=\"250\" height=\"96\" \/>Vaikka lotto luotiin alun perin Yhdysvaltojen asukkaille ja lippuja voi ostaa paikallisista kaupoista, nyt PowerBall-lipun voi ostaa netist\u00e4! T\u00e4m\u00e4 tarkoittaa, ett\u00e4 sill\u00e4 ei ole v\u00e4li\u00e4, asutko Yhdysvalloissa vai Australiassa, voit <span style=\"text-decoration: underline;\"><a href=\"https:\/\/www.onlinelotto365.com\/usa\/powerball-lotto-online\" target=\"_blank\" rel=\"noopener noreferrer\">pelata PowerBall-lottoa miss\u00e4 tahansa maailmassa! <\/a><\/span><\/p>\n<p>PowerBallin ostaminen ja osallistuminen on mahdollista RedFoxLoton tarjoaman ainutlaatuisen palvelun ansiosta. Kyseess\u00e4 on yritys, jolla on satoja agentteja ymp\u00e4ri maailmaa, ja heid\u00e4n avullaan voit ostaa mink\u00e4 tahansa haluamasi lottovoiton. <strong>Ennen kuin saat lottolipun, sinun on teht\u00e4v\u00e4 nelj\u00e4 helppoa vaihetta:<\/strong><\/p>\n<ol>\n<li>Valitse lotto, johon haluat osallistua \u2013 t\u00e4ss\u00e4 tapauksessa PowerBall \u2013 klikattuasi sivustollamme olevaa banneria <span style=\"text-decoration: underline;\"><strong><a href=\"https:\/\/redfoxlotto.com\/?ref=A8564250A2&amp;medium=pwb\" target=\"_blank\" rel=\"noopener noreferrer\">tai klikkaa t\u00e4st\u00e4<\/a><\/strong><\/span><\/li>\n<li>Yksi \u200b\u200bRedFoxLoton monista paikallisista edustajista ostaa lipun puolestasi<\/li>\n<li>Lippu n\u00e4kyy sitten tilill\u00e4si<\/li>\n<li>Arvonnan j\u00e4lkeen ja jos olet voittanut, tiedot voittojen noutamisesta l\u00e4hetet\u00e4\u00e4n sinulle toisessa s\u00e4hk\u00f6postissa.<\/li>\n<li>Itse asiassa kaikki alle 2500 euron voitot menev\u00e4t asiakastilillesi, ja suuremmat voitot palkintoja, RedFoxLotto auttaa sinua saamaan shekkisi. Ei lis\u00e4maksuja t\u00e4st\u00e4 palvelusta!<\/li>\n<\/ol>\n<p>T\u00e4m\u00e4 on ainutlaatuinen palvelu, jota tuhannet ihmiset ymp\u00e4ri maailmaa k\u00e4ytt\u00e4v\u00e4t. Jos mietit, mit\u00e4 tapahtuisi, jos voittaisit j\u00e4ttipotin, lopeta murehtiminen. T\u00e4m\u00e4 yritys ei ole ainoastaan \u200b\u200b100 % hyv\u00e4maineinen ja laillinen, vaan lipussa on my\u00f6s nimesi, joten virheille tai petoksille ei ole sijaa.<\/p>\n<p>PowerBall-arpajaiset eiv\u00e4t ole ainoat, joita voi ostaa t\u00e4m\u00e4n palvelun kautta \u2013 voit my\u00f6s ostaa Euromillions-lippuja, osallistua El Gordo -arvontaan ja Superenalottoon sek\u00e4 pelata useita muita kansainv\u00e4lisi\u00e4 lottoja. Joten loppujen lopuksi sill\u00e4 ei ole v\u00e4li\u00e4, miss\u00e4 p\u00e4in maailmaa asut, voit osallistua ulkomaisiin lottoihin niin paljon kuin haluat, milloin haluat.<\/p>\n<h2>Arvonnat<\/h2>\n<p>Arvonnat suoritetaan kaksi kertaa viikossa \u2013 joka keskiviikko- ja lauantai-ilta klo 22.59 it\u00e4ist\u00e4 aikaa. Lippuja voi ostaa arvonnan viimeiseen tuntiin asti, eli myynti sulkeutuu 59 minuuttia ennen alkua. Verkkolippujen ostossa varaa v\u00e4hint\u00e4\u00e4n kaksi tuntia aikaa, jotta RedFoxLotto ehtii k\u00e4sitell\u00e4 Powerball-lipputilauksesi.<\/p>\n<p>Voittajat ja onnennumerot arvotaan arpomalla viisi valkoista palloa rummusta, jossa on yhteens\u00e4 59 palloa. Mukana on my\u00f6s uusi lis\u00e4ys \u2013 yksi punainen pallo, joka arvotaan eri rummusta, joka koostuu 35 punaisesta pallosta.<\/p>\n<h2>Voittotavat<\/h2>\n<p>Powerball-loton pelaamisessa on yhdeks\u00e4n eri voittotapaa. P\u00e4\u00e4palkinto, suuri j\u00e4ttipotti, voitetaan, jos lottokuponkisi kaikki viisi valkoisen pallon numeroa ja punainen pallo, joka tunnetaan my\u00f6s nimell\u00e4 PowerBall, oikein saavat. J\u00e4ttipotin voittamisen yhteydess\u00e4 voit joko valita kertasumman, joka maksetaan v\u00e4litt\u00f6m\u00e4sti, tai saada koko j\u00e4ttipotin maksettavaksi vuosittain 29 vuoden aikana. Vaikka t\u00e4m\u00e4 tuntuu pitk\u00e4lt\u00e4 ajalta, olemme varmoja, ett\u00e4 noin 10 miljoonaa dollaria vuodessa riitt\u00e4\u00e4 sinulle! Powerball-arpajaisten voittotodenn\u00e4k\u00f6isyys on noin 1\/32. Voit voittaa palkinnon seuraavilla tavoilla:<\/p>\n<ul>\n<li>5 valkoista palloa + PowerBall voittaa j\u00e4ttipotin<\/li>\n<li>5 valkoista palloa voittaa 1 miljoona dollaria<\/li>\n<li>4 valkoista palloa + PowerBall voittaa 10 000 dollaria<\/li>\n<li>4 valkoista palloa voittaa 100 dollaria<\/li>\n<li>3 valkoista palloa + PowerBall voittaa 100 dollaria<\/li>\n<li>3 valkoista palloa voittaa 7 dollaria<\/li>\n<li>2 valkoista palloa + PowerBall voittaa 7 dollaria<\/li>\n<li>1 valkoinen pallo + PowerBall voittaa 7 dollaria<\/li>\n<li>Pelkk\u00e4 PowerBall voittaa 4 dollaria<\/li>\n<\/ul>\n<p>Peliss\u00e4 on my\u00f6s lis\u00e4ominaisuus: jos valitset PowerPlay-ominaisuuden, voit kasvattaa alkuper\u00e4ist\u00e4 palkintosummaa. Jos kupongissasi on voittoyhdistelm\u00e4 5+0, palkintosi on 2 miljoonaa dollaria 1 miljoonan dollarin sijaan. PowerPlay-ominaisuus on valittava kuponkia ostettaessa.<\/p>\n<h2>Miss\u00e4 voin pelata?<\/h2>\n<p>Powerball on Amerikan suosikkilottojokaista peli\u00e4 voi pelata 42 osavaltiossa ymp\u00e4ri maata. Sit\u00e4 pelataan my\u00f6s Washington D.C:ss\u00e4 ja Yhdysvaltain Neitsytsaarilla. Kahdeksan osavaltiota ei salli asukkaidensa osallistumista t\u00e4h\u00e4n lottoon \u2013 Nevada, Kalifornia, Utah, Mississippi, Wyoming, Alabama, Havaiji ja Alaska.<\/p>\n<p>Kuten t\u00e4m\u00e4n artikkelin alussa mainittiin, PowerBallia voi pelata my\u00f6s Yhdysvaltojen ulkopuolella ja ei-yhdysvaltalaisena asukkaana tai Yhdysvaltain osavaltiosta, jossa niit\u00e4 ei voi ostaa kaupasta. RedFoxLotto mahdollistaa sen kenelle tahansa. <strong><span style=\"text-decoration: underline;\"><a href=\"https:\/\/redfoxlotto.com\/?ref=A8564250A2&amp;medium=pwb\" target=\"_blank\" rel=\"noopener noreferrer\">Hanki PowerBall-lottokuponkisi verkosta nyt!<\/a><\/span><\/strong><\/p>\n","protected":false},"excerpt":{"rendered":"<p>Kuinka voit ostaa Powerball-lippuja netist\u00e4 PowerBall on eritt\u00e4in suosittu lottopeli, jossa on valtavat voitot ja j\u00e4ttipotti, joka voi vaihdella 140 dollarista yli 300 miljoonaan dollariin! Vuonna 2012 PowerBall-j\u00e4ttipotin on voittanut jo seitsem\u00e4n ihmist\u00e4. Pienin j\u00e4ttipotti oli 60 miljoonaa dollaria ja suurin 337 miljoonaa Yhdysvaltain dollaria! T\u00e4m\u00e4 voisi hyvinkin olla sin\u00e4, ainoa asia, jonka sinun tarvitsee &hellip; <\/p>\n<p class=\"link-more\"><a href=\"https:\/\/powerballticketonline.com\/fi\/\" class=\"more-link\">Read more<span class=\"screen-reader-text\"> &#8221;Kotiin&#8221;<\/span><\/a><\/p>\n","protected":false},"author":1,"featured_media":0,"parent":0,"menu_order":0,"comment_status":"closed","ping_status":"closed","template":"","meta":{"footnotes":""},"class_list":["post-380","page","type-page","status-publish","hentry"],"yoast_head":"<!-- This site is optimized with the Yoast SEO plugin v27.3 - https:\/\/yoast.com\/product\/yoast-seo-wordpress\/ -->\n<title>Osta Powerball-lottokuponkeja netist\u00e4 mist\u00e4 p\u00e4in maailmaa tahansa<\/title>\n<meta name=\"robots\" content=\"index, follow, max-snippet:-1, max-image-preview:large, max-video-preview:-1\" \/>\n<link rel=\"canonical\" href=\"https:\/\/powerballticketonline.com\/fi\/\" \/>\n<meta property=\"og:locale\" content=\"fi_FI\" \/>\n<meta property=\"og:type\" content=\"article\" \/>\n<meta property=\"og:title\" content=\"Osta Powerball-lottokuponkeja netist\u00e4 mist\u00e4 p\u00e4in maailmaa tahansa\" \/>\n<meta property=\"og:description\" content=\"Kuinka voit ostaa Powerball-lippuja netist\u00e4 PowerBall on eritt\u00e4in suosittu lottopeli, jossa on valtavat voitot ja j\u00e4ttipotti, joka voi vaihdella 140 dollarista yli 300 miljoonaan dollariin! Vuonna 2012 PowerBall-j\u00e4ttipotin on voittanut jo seitsem\u00e4n ihmist\u00e4. Pienin j\u00e4ttipotti oli 60 miljoonaa dollaria ja suurin 337 miljoonaa Yhdysvaltain dollaria! T\u00e4m\u00e4 voisi hyvinkin olla sin\u00e4, ainoa asia, jonka sinun tarvitsee &hellip; Read more &quot;Kotiin&quot;\" \/>\n<meta property=\"og:url\" content=\"https:\/\/powerballticketonline.com\/fi\/\" \/>\n<meta name=\"twitter:card\" content=\"summary_large_image\" \/>\n<meta name=\"twitter:label1\" content=\"Arvioitu lukuaika\" \/>\n\t<meta name=\"twitter:data1\" content=\"3 minuuttia\" \/>\n<script type=\"application\/ld+json\" class=\"yoast-schema-graph\">{\"@context\":\"https:\\\/\\\/schema.org\",\"@graph\":[{\"@type\":\"WebPage\",\"@id\":\"https:\\\/\\\/powerballticketonline.com\\\/fi\\\/\",\"url\":\"https:\\\/\\\/powerballticketonline.com\\\/fi\\\/\",\"name\":\"Osta Powerball-lottokuponkeja netist\u00e4 mist\u00e4 p\u00e4in maailmaa tahansa\",\"isPartOf\":{\"@id\":\"https:\\\/\\\/powerballticketonline.com\\\/fi\\\/#website\"},\"datePublished\":\"2025-08-02T15:41:33+00:00\",\"breadcrumb\":{\"@id\":\"https:\\\/\\\/powerballticketonline.com\\\/fi\\\/#breadcrumb\"},\"inLanguage\":\"fi\",\"potentialAction\":[{\"@type\":\"ReadAction\",\"target\":[\"https:\\\/\\\/powerballticketonline.com\\\/fi\\\/\"]}]},{\"@type\":\"BreadcrumbList\",\"@id\":\"https:\\\/\\\/powerballticketonline.com\\\/fi\\\/#breadcrumb\",\"itemListElement\":[{\"@type\":\"ListItem\",\"position\":1,\"name\":\"Home\",\"item\":\"https:\\\/\\\/powerballticketonline.com\\\/fi\\\/\"},{\"@type\":\"ListItem\",\"position\":2,\"name\":\"Kotiin\"}]},{\"@type\":\"WebSite\",\"@id\":\"https:\\\/\\\/powerballticketonline.com\\\/fi\\\/#website\",\"url\":\"https:\\\/\\\/powerballticketonline.com\\\/fi\\\/\",\"name\":\"\",\"description\":\"\",\"potentialAction\":[{\"@type\":\"SearchAction\",\"target\":{\"@type\":\"EntryPoint\",\"urlTemplate\":\"https:\\\/\\\/powerballticketonline.com\\\/fi\\\/?s={search_term_string}\"},\"query-input\":{\"@type\":\"PropertyValueSpecification\",\"valueRequired\":true,\"valueName\":\"search_term_string\"}}],\"inLanguage\":\"fi\"}]}<\/script>\n<!-- \/ Yoast SEO plugin. -->","yoast_head_json":{"title":"Osta Powerball-lottokuponkeja netist\u00e4 mist\u00e4 p\u00e4in maailmaa tahansa","robots":{"index":"index","follow":"follow","max-snippet":"max-snippet:-1","max-image-preview":"max-image-preview:large","max-video-preview":"max-video-preview:-1"},"canonical":"https:\/\/powerballticketonline.com\/fi\/","og_locale":"fi_FI","og_type":"article","og_title":"Osta Powerball-lottokuponkeja netist\u00e4 mist\u00e4 p\u00e4in maailmaa tahansa","og_description":"Kuinka voit ostaa Powerball-lippuja netist\u00e4 PowerBall on eritt\u00e4in suosittu lottopeli, jossa on valtavat voitot ja j\u00e4ttipotti, joka voi vaihdella 140 dollarista yli 300 miljoonaan dollariin! Vuonna 2012 PowerBall-j\u00e4ttipotin on voittanut jo seitsem\u00e4n ihmist\u00e4. Pienin j\u00e4ttipotti oli 60 miljoonaa dollaria ja suurin 337 miljoonaa Yhdysvaltain dollaria! T\u00e4m\u00e4 voisi hyvinkin olla sin\u00e4, ainoa asia, jonka sinun tarvitsee &hellip; Read more \"Kotiin\"","og_url":"https:\/\/powerballticketonline.com\/fi\/","twitter_card":"summary_large_image","twitter_misc":{"Arvioitu lukuaika":"3 minuuttia"},"schema":{"@context":"https:\/\/schema.org","@graph":[{"@type":"WebPage","@id":"https:\/\/powerballticketonline.com\/fi\/","url":"https:\/\/powerballticketonline.com\/fi\/","name":"Osta Powerball-lottokuponkeja netist\u00e4 mist\u00e4 p\u00e4in maailmaa tahansa","isPartOf":{"@id":"https:\/\/powerballticketonline.com\/fi\/#website"},"datePublished":"2025-08-02T15:41:33+00:00","breadcrumb":{"@id":"https:\/\/powerballticketonline.com\/fi\/#breadcrumb"},"inLanguage":"fi","potentialAction":[{"@type":"ReadAction","target":["https:\/\/powerballticketonline.com\/fi\/"]}]},{"@type":"BreadcrumbList","@id":"https:\/\/powerballticketonline.com\/fi\/#breadcrumb","itemListElement":[{"@type":"ListItem","position":1,"name":"Home","item":"https:\/\/powerballticketonline.com\/fi\/"},{"@type":"ListItem","position":2,"name":"Kotiin"}]},{"@type":"WebSite","@id":"https:\/\/powerballticketonline.com\/fi\/#website","url":"https:\/\/powerballticketonline.com\/fi\/","name":"","description":"","potentialAction":[{"@type":"SearchAction","target":{"@type":"EntryPoint","urlTemplate":"https:\/\/powerballticketonline.com\/fi\/?s={search_term_string}"},"query-input":{"@type":"PropertyValueSpecification","valueRequired":true,"valueName":"search_term_string"}}],"inLanguage":"fi"}]}},"_links":{"self":[{"href":"https:\/\/powerballticketonline.com\/fi\/wp-json\/wp\/v2\/pages\/380","targetHints":{"allow":["GET"]}}],"collection":[{"href":"https:\/\/powerballticketonline.com\/fi\/wp-json\/wp\/v2\/pages"}],"about":[{"href":"https:\/\/powerballticketonline.com\/fi\/wp-json\/wp\/v2\/types\/page"}],"author":[{"embeddable":true,"href":"https:\/\/powerballticketonline.com\/fi\/wp-json\/wp\/v2\/users\/1"}],"replies":[{"embeddable":true,"href":"https:\/\/powerballticketonline.com\/fi\/wp-json\/wp\/v2\/comments?post=380"}],"version-history":[{"count":0,"href":"https:\/\/powerballticketonline.com\/fi\/wp-json\/wp\/v2\/pages\/380\/revisions"}],"wp:attachment":[{"href":"https:\/\/powerballticketonline.com\/fi\/wp-json\/wp\/v2\/media?parent=380"}],"curies":[{"name":"wp","href":"https:\/\/api.w.org\/{rel}","templated":true}]}}