{"id":27,"date":"2025-08-02T15:41:33","date_gmt":"2025-08-02T15:41:33","guid":{"rendered":"https:\/\/powerballticketonline.com\/maison\/"},"modified":"2025-08-27T06:58:13","modified_gmt":"2025-08-27T06:58:13","slug":"maison","status":"publish","type":"page","link":"https:\/\/powerballticketonline.com\/fr\/","title":{"rendered":"Maison"},"content":{"rendered":"<h2>Comment acheter des billets Powerball en ligne<\/h2>\n<p>Le PowerBall est un jeu de loterie extr\u00eamement populaire, offrant des gains colossaux et des jackpots allant de 140 \u00e0 plus de 300 millions de dollars\u00a0! Sept personnes ont d\u00e9j\u00e0 remport\u00e9 le jackpot du PowerBall en 2012. Le jackpot le plus bas \u00e9tait de 60 millions de dollars, et le plus \u00e9lev\u00e9 de 337 millions de dollars am\u00e9ricains\u00a0! C\u2019est peut-\u00eatre vous\u00a0! Pour tenter de gagner des millions de dollars, il vous suffit d\u2019acheter un billet PowerBall en ligne.<\/p>\n<p><img loading=\"lazy\" decoding=\"async\" src=\"images\/powerball_lottery.gif\" alt=\"Loterie Powerball\" width=\"250\" height=\"96\" style=\"margin: 1px; float: right;\" \/>Alors que la loterie \u00e9tait initialement destin\u00e9e aux r\u00e9sidents des \u00c9tats-Unis et que les billets \u00e9taient disponibles dans les magasins locaux, il est d\u00e9sormais possible d\u2019acheter un billet PowerBall en ligne\u00a0! Cela signifie que peu importe que vous r\u00e9sidiez aux \u00c9tats-Unis ou en Australie, vous pouvez <span style=\"text-decoration: underline;\"><a href=\"https:\/\/www.onlinelotto365.com\/usa\/powerball-lotto-online\" target=\"_blank\" rel=\"noopener noreferrer\">jouer au loto PowerBall partout dans le monde\u00a0!<\/a><\/span><\/p>\n<p>L&rsquo;achat et la participation au PowerBall sont possibles gr\u00e2ce \u00e0 un service exclusif propos\u00e9 par RedFoxLotto. Cette entreprise compte des centaines d&rsquo;agents dans le monde entier et, gr\u00e2ce \u00e0 eux, vous pouvez acheter la loterie de votre choix.<\/p>\n<p><strong>Avant de recevoir votre billet, suivez ces 4 \u00e9tapes simples\u00a0:<\/strong><\/p>\n<ol>\n<li>Choisissez la loterie \u00e0 laquelle vous souhaitez participer \u2013 PowerBall dans ce cas \u2013 apr\u00e8s avoir cliqu\u00e9 sur la banni\u00e8re de notre site <span style=\"text-decoration: underline;\"><strong><a href=\"https:\/\/redfoxlotto.com\/?ref=A8564250A2&amp;medium=pwb\" target=\"_blank\" rel=\"noopener noreferrer\">ou cliquez simplement ici<\/a><\/strong><\/span><\/li>\n<li>L&rsquo;un des nombreux agents locaux de RedFoxLotto ach\u00e8tera un billet pour vous.<\/li>\n<li>Le billet sera alors visible sur votre compte.<\/li>\n<li>Apr\u00e8s le tirage, si vous avez gagn\u00e9, vous trouverez des informations sur la proc\u00e9dure de retrait de votre billet. Vos gains vous seront envoy\u00e9s par e-mail.<\/li>\n<li>En r\u00e9alit\u00e9, tous les gains inf\u00e9rieurs \u00e0 2\u00a0500\u00a0\u20ac seront cr\u00e9dit\u00e9s sur votre compte client. Pour les gains plus importants, RedFoxLotto vous aidera \u00e0 obtenir votre ch\u00e8que. Aucun frais suppl\u00e9mentaire\u00a0!<\/li>\n<\/ol>\n<p>Il s&rsquo;agit d&rsquo;un service exclusif, utilis\u00e9 par des milliers de personnes dans le monde entier. Si vous vous demandez ce qui se passerait si vous gagniez le jackpot, ne vous inqui\u00e9tez pas. Non seulement cette entreprise est 100\u00a0% fiable et l\u00e9gitime, mais le ticket est \u00e9galement \u00e0 votre nom, excluant ainsi toute possibilit\u00e9 d&rsquo;erreur ou de fraude.<\/p>\n<p>La loterie PowerBall n&rsquo;est pas la seule disponible \u00e0 l&rsquo;achat via ce service\u00a0: vous pouvez \u00e9galement acheter des tickets pour l&rsquo;Euromillions, participer \u00e0 la loterie El Gordo, au Superenalotto et \u00e0 de nombreuses autres loteries internationales. Ainsi, peu importe o\u00f9 vous r\u00e9sidez dans le monde, vous pourrez participer aux loteries \u00e9trang\u00e8res autant que vous le souhaitez, quand vous le souhaitez.<\/p>\n<h2>Tirages au sort<\/h2>\n<p>Les tirages au sort ont lieu deux fois par semaine\u00a0: tous les mercredis et samedis soirs, \u00e0 22\u00a0h\u00a059, heure de l&rsquo;Est. Les billets peuvent \u00eatre achet\u00e9s jusqu&rsquo;\u00e0 la derni\u00e8re heure du tirage, ce qui signifie que la vente est cl\u00f4tur\u00e9e 59\u00a0minutes avant le d\u00e9but. Pour votre achat de billets en ligne, pr\u00e9voyez un d\u00e9lai d&rsquo;au moins 2\u00a0heures afin de laisser \u00e0 RedFoxLotto le temps de traiter votre commande de billets Powerball.<br \/>Les gagnants et les num\u00e9ros porte-bonheur sont d\u00e9termin\u00e9s en tirant 5\u00a0boules blanches d&rsquo;un tambour, qui comporte un total de 59\u00a0boules. Il y a aussi une nouveaut\u00e9\u00a0: une boule rouge tir\u00e9e d&rsquo;un tambour diff\u00e9rent compos\u00e9 de 35 boules rouges.<\/p>\n<h2>Fa\u00e7ons de gagner<\/h2>\n<p>Il existe 9 fa\u00e7ons diff\u00e9rentes de gagner \u00e0 la loterie PowerBall. Le gros lot, le gros lot, est remport\u00e9 si votre billet de loterie contient les 5 boules blanches et la boule rouge, \u00e9galement appel\u00e9e PowerBall. En cas de gain, vous pouvez choisir de recevoir une somme forfaitaire imm\u00e9diatement ou de recevoir le jackpot int\u00e9gral chaque ann\u00e9e, sur 29\u00a0ans. M\u00eame si cela semble long, nous sommes certains que vous serez plus que satisfait de recevoir environ 10 millions de dollars par an\u00a0!<\/p>\n<p>Les chances de gagner un prix \u00e0 la loterie PowerBall sont d&rsquo;environ 1 sur 32. Vous pouvez gagner un prix des mani\u00e8res suivantes\u00a0:<\/p>\n<ul>\n<li>5 boules blanches + la PowerBall remportent le jackpot<\/li>\n<li>5 boules blanches remportent 1 million de dollars<\/li>\n<li>4 boules blanches + la PowerBall remportent 10\u00a0000 $<\/li>\n<li>4 boules blanches remportent 100 $<\/li>\n<li>3 boules blanches + la PowerBall remportent 100 $<\/li>\n<li>3 boules blanches + la PowerBall remportent 7 $<\/li>\n<li>2 boules blanches + la PowerBall remportent 7 $<\/li>\n<li>1 boule blanche + la PowerBall remportent 7 $<\/li>\n<li>La PowerBall seule vous fera gagner 4 $<\/li>\n<\/ul>\n<p>Une fonctionnalit\u00e9 suppl\u00e9mentaire a \u00e9galement \u00e9t\u00e9 ajout\u00e9e\u00a0: en s\u00e9lectionnant la fonctionnalit\u00e9 PowerPlay, vous pouvez augmenter le montant du gain initial. Si votre ticket pr\u00e9sente la combinaison gagnante 5+0, votre gain sera de 2 millions de dollars au lieu de 1 million de dollars. La fonctionnalit\u00e9 PowerPlay doit \u00eatre s\u00e9lectionn\u00e9e lors de l&rsquo;achat de votre ticket.<\/p>\n<h2>QuandPuis-je jouer\u00a0?<\/h2>\n<p>Le PowerBall est le jeu de loterie pr\u00e9f\u00e9r\u00e9 des Am\u00e9ricains et est accessible dans 42 \u00c9tats am\u00e9ricains. Il est \u00e9galement disponible \u00e0 Washington D.C. et dans les \u00celes Vierges am\u00e9ricaines. Huit \u00c9tats n&rsquo;autorisent pas leurs r\u00e9sidents \u00e0 participer \u00e0 cette loterie\u00a0: le Nevada, la Californie, l&rsquo;Utah, le Mississippi, le Wyoming, l&rsquo;Alabama, Hawa\u00ef et l&rsquo;Alaska.<\/p>\n<p>Cependant, comme indiqu\u00e9 au d\u00e9but de cet article, il est \u00e9galement possible de jouer au PowerBall en dehors des \u00c9tats-Unis, m\u00eame si vous n&rsquo;\u00eates pas r\u00e9sident am\u00e9ricain, ou depuis un \u00c9tat am\u00e9ricain o\u00f9 il est interdit d&rsquo;acheter des billets en magasin. RedFoxLotto rend cela accessible \u00e0 tous. <strong><span style=\"text-decoration: underline;\"><a href=\"https:\/\/redfoxlotto.com\/?ref=A8564250A2&amp;medium=pwb\" target=\"_blank\" rel=\"noopener noreferrer\">Obtenez votre billet de loterie PowerBall en ligne maintenant\u00a0!<\/a><\/span><\/strong><\/p>\n","protected":false},"excerpt":{"rendered":"<p>Comment acheter des billets Powerball en ligne Le PowerBall est un jeu de loterie extr\u00eamement populaire, offrant des gains colossaux et des jackpots allant de 140 \u00e0 plus de 300 millions de dollars\u00a0! Sept personnes ont d\u00e9j\u00e0 remport\u00e9 le jackpot du PowerBall en 2012. Le jackpot le plus bas \u00e9tait de 60 millions de dollars, &hellip; <\/p>\n<p class=\"link-more\"><a href=\"https:\/\/powerballticketonline.com\/fr\/\" class=\"more-link\">Lire la suite de<span class=\"screen-reader-text\">\u00ab\u00a0Maison\u00a0\u00bb<\/span><\/a><\/p>\n","protected":false},"author":1,"featured_media":0,"parent":0,"menu_order":0,"comment_status":"closed","ping_status":"closed","template":"","meta":{"footnotes":""},"class_list":["post-27","page","type-page","status-publish","hentry"],"yoast_head":"<!-- This site is optimized with the Yoast SEO plugin v27.3 - https:\/\/yoast.com\/product\/yoast-seo-wordpress\/ -->\n<title>Achetez des billets de loterie Powerball en ligne depuis n&#039;importe o\u00f9 dans le monde<\/title>\n<meta name=\"robots\" content=\"index, follow, max-snippet:-1, max-image-preview:large, max-video-preview:-1\" \/>\n<link rel=\"canonical\" href=\"https:\/\/powerballticketonline.com\/fr\/\" \/>\n<meta property=\"og:locale\" content=\"fr_FR\" \/>\n<meta property=\"og:type\" content=\"article\" \/>\n<meta property=\"og:title\" content=\"Achetez des billets de loterie Powerball en ligne depuis n&#039;importe o\u00f9 dans le monde\" \/>\n<meta property=\"og:description\" content=\"Comment acheter des billets Powerball en ligne Le PowerBall est un jeu de loterie extr\u00eamement populaire, offrant des gains colossaux et des jackpots allant de 140 \u00e0 plus de 300 millions de dollars\u00a0! Sept personnes ont d\u00e9j\u00e0 remport\u00e9 le jackpot du PowerBall en 2012. Le jackpot le plus bas \u00e9tait de 60 millions de dollars, &hellip; Lire la suite de\u00ab\u00a0Maison\u00a0\u00bb\" \/>\n<meta property=\"og:url\" content=\"https:\/\/powerballticketonline.com\/fr\/\" \/>\n<meta property=\"article:modified_time\" content=\"2025-08-27T06:58:13+00:00\" \/>\n<meta name=\"twitter:card\" content=\"summary_large_image\" \/>\n<meta name=\"twitter:label1\" content=\"Dur\u00e9e de lecture estim\u00e9e\" \/>\n\t<meta name=\"twitter:data1\" content=\"4 minutes\" \/>\n<script type=\"application\/ld+json\" class=\"yoast-schema-graph\">{\"@context\":\"https:\\\/\\\/schema.org\",\"@graph\":[{\"@type\":\"WebPage\",\"@id\":\"https:\\\/\\\/powerballticketonline.com\\\/fr\\\/\",\"url\":\"https:\\\/\\\/powerballticketonline.com\\\/fr\\\/\",\"name\":\"Achetez des billets de loterie Powerball en ligne depuis n'importe o\u00f9 dans le monde\",\"isPartOf\":{\"@id\":\"https:\\\/\\\/powerballticketonline.com\\\/fr\\\/#website\"},\"datePublished\":\"2025-08-02T15:41:33+00:00\",\"dateModified\":\"2025-08-27T06:58:13+00:00\",\"breadcrumb\":{\"@id\":\"https:\\\/\\\/powerballticketonline.com\\\/fr\\\/#breadcrumb\"},\"inLanguage\":\"fr-FR\",\"potentialAction\":[{\"@type\":\"ReadAction\",\"target\":[\"https:\\\/\\\/powerballticketonline.com\\\/fr\\\/\"]}]},{\"@type\":\"BreadcrumbList\",\"@id\":\"https:\\\/\\\/powerballticketonline.com\\\/fr\\\/#breadcrumb\",\"itemListElement\":[{\"@type\":\"ListItem\",\"position\":1,\"name\":\"Home\",\"item\":\"https:\\\/\\\/powerballticketonline.com\\\/fr\\\/\"},{\"@type\":\"ListItem\",\"position\":2,\"name\":\"Maison\"}]},{\"@type\":\"WebSite\",\"@id\":\"https:\\\/\\\/powerballticketonline.com\\\/fr\\\/#website\",\"url\":\"https:\\\/\\\/powerballticketonline.com\\\/fr\\\/\",\"name\":\"\",\"description\":\"\",\"potentialAction\":[{\"@type\":\"SearchAction\",\"target\":{\"@type\":\"EntryPoint\",\"urlTemplate\":\"https:\\\/\\\/powerballticketonline.com\\\/fr\\\/?s={search_term_string}\"},\"query-input\":{\"@type\":\"PropertyValueSpecification\",\"valueRequired\":true,\"valueName\":\"search_term_string\"}}],\"inLanguage\":\"fr-FR\"}]}<\/script>\n<!-- \/ Yoast SEO plugin. -->","yoast_head_json":{"title":"Achetez des billets de loterie Powerball en ligne depuis n'importe o\u00f9 dans le monde","robots":{"index":"index","follow":"follow","max-snippet":"max-snippet:-1","max-image-preview":"max-image-preview:large","max-video-preview":"max-video-preview:-1"},"canonical":"https:\/\/powerballticketonline.com\/fr\/","og_locale":"fr_FR","og_type":"article","og_title":"Achetez des billets de loterie Powerball en ligne depuis n'importe o\u00f9 dans le monde","og_description":"Comment acheter des billets Powerball en ligne Le PowerBall est un jeu de loterie extr\u00eamement populaire, offrant des gains colossaux et des jackpots allant de 140 \u00e0 plus de 300 millions de dollars\u00a0! Sept personnes ont d\u00e9j\u00e0 remport\u00e9 le jackpot du PowerBall en 2012. Le jackpot le plus bas \u00e9tait de 60 millions de dollars, &hellip; Lire la suite de\u00ab\u00a0Maison\u00a0\u00bb","og_url":"https:\/\/powerballticketonline.com\/fr\/","article_modified_time":"2025-08-27T06:58:13+00:00","twitter_card":"summary_large_image","twitter_misc":{"Dur\u00e9e de lecture estim\u00e9e":"4 minutes"},"schema":{"@context":"https:\/\/schema.org","@graph":[{"@type":"WebPage","@id":"https:\/\/powerballticketonline.com\/fr\/","url":"https:\/\/powerballticketonline.com\/fr\/","name":"Achetez des billets de loterie Powerball en ligne depuis n'importe o\u00f9 dans le monde","isPartOf":{"@id":"https:\/\/powerballticketonline.com\/fr\/#website"},"datePublished":"2025-08-02T15:41:33+00:00","dateModified":"2025-08-27T06:58:13+00:00","breadcrumb":{"@id":"https:\/\/powerballticketonline.com\/fr\/#breadcrumb"},"inLanguage":"fr-FR","potentialAction":[{"@type":"ReadAction","target":["https:\/\/powerballticketonline.com\/fr\/"]}]},{"@type":"BreadcrumbList","@id":"https:\/\/powerballticketonline.com\/fr\/#breadcrumb","itemListElement":[{"@type":"ListItem","position":1,"name":"Home","item":"https:\/\/powerballticketonline.com\/fr\/"},{"@type":"ListItem","position":2,"name":"Maison"}]},{"@type":"WebSite","@id":"https:\/\/powerballticketonline.com\/fr\/#website","url":"https:\/\/powerballticketonline.com\/fr\/","name":"","description":"","potentialAction":[{"@type":"SearchAction","target":{"@type":"EntryPoint","urlTemplate":"https:\/\/powerballticketonline.com\/fr\/?s={search_term_string}"},"query-input":{"@type":"PropertyValueSpecification","valueRequired":true,"valueName":"search_term_string"}}],"inLanguage":"fr-FR"}]}},"_links":{"self":[{"href":"https:\/\/powerballticketonline.com\/fr\/wp-json\/wp\/v2\/pages\/27","targetHints":{"allow":["GET"]}}],"collection":[{"href":"https:\/\/powerballticketonline.com\/fr\/wp-json\/wp\/v2\/pages"}],"about":[{"href":"https:\/\/powerballticketonline.com\/fr\/wp-json\/wp\/v2\/types\/page"}],"author":[{"embeddable":true,"href":"https:\/\/powerballticketonline.com\/fr\/wp-json\/wp\/v2\/users\/1"}],"replies":[{"embeddable":true,"href":"https:\/\/powerballticketonline.com\/fr\/wp-json\/wp\/v2\/comments?post=27"}],"version-history":[{"count":1,"href":"https:\/\/powerballticketonline.com\/fr\/wp-json\/wp\/v2\/pages\/27\/revisions"}],"predecessor-version":[{"id":386,"href":"https:\/\/powerballticketonline.com\/fr\/wp-json\/wp\/v2\/pages\/27\/revisions\/386"}],"wp:attachment":[{"href":"https:\/\/powerballticketonline.com\/fr\/wp-json\/wp\/v2\/media?parent=27"}],"curies":[{"name":"wp","href":"https:\/\/api.w.org\/{rel}","templated":true}]}}