{"id":28,"date":"2025-08-02T15:36:06","date_gmt":"2025-08-02T15:36:06","guid":{"rendered":"https:\/\/powerballticketonline.com\/comment-le-loto-a-ete-cree\/"},"modified":"2025-08-02T15:36:06","modified_gmt":"2025-08-02T15:36:06","slug":"comment-le-loto-a-ete-cree","status":"publish","type":"page","link":"https:\/\/powerballticketonline.com\/fr\/comment-le-loto-a-ete-cree\/","title":{"rendered":"Comment le loto a \u00e9t\u00e9 cr\u00e9\u00e9"},"content":{"rendered":"<h1>Le jeu de loto le plus populaire aujourd&rsquo;hui et hier<\/h1>\n<p>Savez-vous que la loterie a presque 500 ans\u00a0? Il semble probablement improbable qu&rsquo;elle existe depuis aussi longtemps, mais c&rsquo;est pourtant le cas. Depuis ses d\u00e9buts, sous une forme ou une autre, \u00e0 Florence en 1530. Il n&rsquo;a pas fallu longtemps pour que d&rsquo;autres nations s&rsquo;y mettent, car, finalement, <a href=\"https:\/\/redfoxlotto.com\/largest-lottery-jackpots\/\" target=\"_blank\" rel=\"noopener noreferrer\"><span style=\"text-decoration: underline;\">la loterie<\/span><\/a> est un excellent moyen de g\u00e9n\u00e9rer des profits pour la nation, et chacun souhaitait y participer. Ce que Florence avait initi\u00e9, la France et la Grande-Bretagne ont rapidement choisi de s&rsquo;y int\u00e9resser.<\/p>\n<p>Voil\u00e0 l&rsquo;histoire de la loterie moderne, mais pour remonter aux tout premiers lotos, ou du moins aux origines de ce que nous appelons aujourd&rsquo;hui la loterie, il fallait remonter bien plus loin. Vers 200 av. J.-C., des lotos existaient en Asie. C&rsquo;\u00e9tait l&rsquo;\u00e9poque de la dynastie des Huns, et les lotos \u00e9taient utilis\u00e9s pour <a href=\"https:\/\/redfoxlotto.com\/is-the-lottery-tax-free\/\" target=\"_blank\" rel=\"noopener noreferrer\"><span style=\"text-decoration: underline;\">financer les imp\u00f4ts<\/span><\/a>. Ce que vous ignoriez peut-\u00eatre, c&rsquo;est que ces billets de loterie \u00e9taient la premi\u00e8re version de ce que l&rsquo;on appelle aujourd&rsquo;hui le Keno. Ils ont \u00e9galement contribu\u00e9 \u00e0 la construction de la magnifique muraille de Chine.<\/p>\n<h2>Autres lotos<\/h2>\n<p>Les loteries, sous forme de tombolas, ont commenc\u00e9 \u00e0 exister vers le milieu du XVe si\u00e8cle. Elles offraient des cadeaux plut\u00f4t que des prix en esp\u00e8ces. Et elles ont d&rsquo;ailleurs d&rsquo;excellents r\u00e9sultats. Quiconque a d\u00e9j\u00e0 assist\u00e9 \u00e0 une tombola sait que ces jeux ont tendance \u00e0 \u00eatre tr\u00e8s performants et qu&rsquo;ils ont beaucoup \u00e0 offrir. Diff\u00e9rentes organisations caritatives y ont fr\u00e9quemment recours pour collecter des fonds pour leurs \u0153uvres caritatives ou pour diverses causes au sein de la communaut\u00e9.<\/p>\n<p>Aux \u00c9tats-Unis, la loterie est apparue assez t\u00f4t, dans les ann\u00e9es 1700. On pense \u00e9galement que la guerre d&rsquo;ind\u00e9pendance a \u00e9t\u00e9 en partie financ\u00e9e par l&rsquo;argent de la loterie. Cela conf\u00e8re au loto une place de choix dans l&rsquo;histoire des \u00c9tats-Unis, n&rsquo;est-ce pas\u00a0? En g\u00e9n\u00e9ral, la loterie a jou\u00e9 un r\u00f4le important aux d\u00e9buts de la plupart des pays du monde et continue d&rsquo;exercer une influence consid\u00e9rable. \u00c0 bien des \u00e9gards, en achetant un billet de loterie, vous soutenez l&rsquo;histoire des grandes nations du monde, et c&rsquo;est un \u00e9v\u00e9nement unique auquel il faut toujours participer.<\/p>\n<p>Si vous cherchez \u00e0 acheter un billet pour l&rsquo;un des fantastiques jeux de loterie organis\u00e9s dans le monde entier, vous pouvez consulter RedFoxLotto.com. Cliquez ici pour en savoir plus sur les jeux disponibles et choisir votre billet pour le prochain tirage. Vous pourriez bien devenir une figure embl\u00e9matique de l&rsquo;histoire des diff\u00e9rentes nations et, par la m\u00eame occasion, devenir un autre grand champion. L&rsquo;investissement que vous faites en vaudra la peine. Alors, choisissez bien vos prochains billets et vous remporterez le jackpot.<\/p>\n","protected":false},"excerpt":{"rendered":"<p>Le jeu de loto le plus populaire aujourd&rsquo;hui et hier Savez-vous que la loterie a presque 500 ans\u00a0? Il semble probablement improbable qu&rsquo;elle existe depuis aussi longtemps, mais c&rsquo;est pourtant le cas. Depuis ses d\u00e9buts, sous une forme ou une autre, \u00e0 Florence en 1530. Il n&rsquo;a pas fallu longtemps pour que d&rsquo;autres nations s&rsquo;y &hellip; <\/p>\n<p class=\"link-more\"><a href=\"https:\/\/powerballticketonline.com\/fr\/comment-le-loto-a-ete-cree\/\" class=\"more-link\">Lire la suite de<span class=\"screen-reader-text\">\u00ab\u00a0Comment le loto a \u00e9t\u00e9 cr\u00e9\u00e9\u00a0\u00bb<\/span><\/a><\/p>\n","protected":false},"author":1,"featured_media":0,"parent":0,"menu_order":0,"comment_status":"closed","ping_status":"closed","template":"","meta":{"footnotes":""},"class_list":["post-28","page","type-page","status-publish","hentry"],"yoast_head":"<!-- This site is optimized with the Yoast SEO plugin v27.3 - https:\/\/yoast.com\/product\/yoast-seo-wordpress\/ -->\n<title>L&#039;invention du loto<\/title>\n<meta name=\"robots\" content=\"index, follow, max-snippet:-1, max-image-preview:large, max-video-preview:-1\" \/>\n<link rel=\"canonical\" href=\"https:\/\/powerballticketonline.com\/fr\/comment-le-loto-a-ete-cree\/\" \/>\n<meta property=\"og:locale\" content=\"fr_FR\" \/>\n<meta property=\"og:type\" content=\"article\" \/>\n<meta property=\"og:title\" content=\"L&#039;invention du loto\" \/>\n<meta property=\"og:description\" content=\"Le jeu de loto le plus populaire aujourd&rsquo;hui et hier Savez-vous que la loterie a presque 500 ans\u00a0? Il semble probablement improbable qu&rsquo;elle existe depuis aussi longtemps, mais c&rsquo;est pourtant le cas. Depuis ses d\u00e9buts, sous une forme ou une autre, \u00e0 Florence en 1530. Il n&rsquo;a pas fallu longtemps pour que d&rsquo;autres nations s&rsquo;y &hellip; Lire la suite de\u00ab\u00a0Comment le loto a \u00e9t\u00e9 cr\u00e9\u00e9\u00a0\u00bb\" \/>\n<meta property=\"og:url\" content=\"https:\/\/powerballticketonline.com\/fr\/comment-le-loto-a-ete-cree\/\" \/>\n<meta name=\"twitter:card\" content=\"summary_large_image\" \/>\n<meta name=\"twitter:label1\" content=\"Dur\u00e9e de lecture estim\u00e9e\" \/>\n\t<meta name=\"twitter:data1\" content=\"2 minutes\" \/>\n<script type=\"application\/ld+json\" class=\"yoast-schema-graph\">{\"@context\":\"https:\\\/\\\/schema.org\",\"@graph\":[{\"@type\":\"WebPage\",\"@id\":\"https:\\\/\\\/powerballticketonline.com\\\/fr\\\/comment-le-loto-a-ete-cree\\\/\",\"url\":\"https:\\\/\\\/powerballticketonline.com\\\/fr\\\/comment-le-loto-a-ete-cree\\\/\",\"name\":\"L'invention du loto\",\"isPartOf\":{\"@id\":\"https:\\\/\\\/powerballticketonline.com\\\/fr\\\/#website\"},\"datePublished\":\"2025-08-02T15:36:06+00:00\",\"breadcrumb\":{\"@id\":\"https:\\\/\\\/powerballticketonline.com\\\/fr\\\/comment-le-loto-a-ete-cree\\\/#breadcrumb\"},\"inLanguage\":\"fr-FR\",\"potentialAction\":[{\"@type\":\"ReadAction\",\"target\":[\"https:\\\/\\\/powerballticketonline.com\\\/fr\\\/comment-le-loto-a-ete-cree\\\/\"]}]},{\"@type\":\"BreadcrumbList\",\"@id\":\"https:\\\/\\\/powerballticketonline.com\\\/fr\\\/comment-le-loto-a-ete-cree\\\/#breadcrumb\",\"itemListElement\":[{\"@type\":\"ListItem\",\"position\":1,\"name\":\"Home\",\"item\":\"https:\\\/\\\/powerballticketonline.com\\\/fr\\\/\"},{\"@type\":\"ListItem\",\"position\":2,\"name\":\"Comment le loto a \u00e9t\u00e9 cr\u00e9\u00e9\"}]},{\"@type\":\"WebSite\",\"@id\":\"https:\\\/\\\/powerballticketonline.com\\\/fr\\\/#website\",\"url\":\"https:\\\/\\\/powerballticketonline.com\\\/fr\\\/\",\"name\":\"\",\"description\":\"\",\"potentialAction\":[{\"@type\":\"SearchAction\",\"target\":{\"@type\":\"EntryPoint\",\"urlTemplate\":\"https:\\\/\\\/powerballticketonline.com\\\/fr\\\/?s={search_term_string}\"},\"query-input\":{\"@type\":\"PropertyValueSpecification\",\"valueRequired\":true,\"valueName\":\"search_term_string\"}}],\"inLanguage\":\"fr-FR\"}]}<\/script>\n<!-- \/ Yoast SEO plugin. -->","yoast_head_json":{"title":"L'invention du loto","robots":{"index":"index","follow":"follow","max-snippet":"max-snippet:-1","max-image-preview":"max-image-preview:large","max-video-preview":"max-video-preview:-1"},"canonical":"https:\/\/powerballticketonline.com\/fr\/comment-le-loto-a-ete-cree\/","og_locale":"fr_FR","og_type":"article","og_title":"L'invention du loto","og_description":"Le jeu de loto le plus populaire aujourd&rsquo;hui et hier Savez-vous que la loterie a presque 500 ans\u00a0? Il semble probablement improbable qu&rsquo;elle existe depuis aussi longtemps, mais c&rsquo;est pourtant le cas. Depuis ses d\u00e9buts, sous une forme ou une autre, \u00e0 Florence en 1530. Il n&rsquo;a pas fallu longtemps pour que d&rsquo;autres nations s&rsquo;y &hellip; Lire la suite de\u00ab\u00a0Comment le loto a \u00e9t\u00e9 cr\u00e9\u00e9\u00a0\u00bb","og_url":"https:\/\/powerballticketonline.com\/fr\/comment-le-loto-a-ete-cree\/","twitter_card":"summary_large_image","twitter_misc":{"Dur\u00e9e de lecture estim\u00e9e":"2 minutes"},"schema":{"@context":"https:\/\/schema.org","@graph":[{"@type":"WebPage","@id":"https:\/\/powerballticketonline.com\/fr\/comment-le-loto-a-ete-cree\/","url":"https:\/\/powerballticketonline.com\/fr\/comment-le-loto-a-ete-cree\/","name":"L'invention du loto","isPartOf":{"@id":"https:\/\/powerballticketonline.com\/fr\/#website"},"datePublished":"2025-08-02T15:36:06+00:00","breadcrumb":{"@id":"https:\/\/powerballticketonline.com\/fr\/comment-le-loto-a-ete-cree\/#breadcrumb"},"inLanguage":"fr-FR","potentialAction":[{"@type":"ReadAction","target":["https:\/\/powerballticketonline.com\/fr\/comment-le-loto-a-ete-cree\/"]}]},{"@type":"BreadcrumbList","@id":"https:\/\/powerballticketonline.com\/fr\/comment-le-loto-a-ete-cree\/#breadcrumb","itemListElement":[{"@type":"ListItem","position":1,"name":"Home","item":"https:\/\/powerballticketonline.com\/fr\/"},{"@type":"ListItem","position":2,"name":"Comment le loto a \u00e9t\u00e9 cr\u00e9\u00e9"}]},{"@type":"WebSite","@id":"https:\/\/powerballticketonline.com\/fr\/#website","url":"https:\/\/powerballticketonline.com\/fr\/","name":"","description":"","potentialAction":[{"@type":"SearchAction","target":{"@type":"EntryPoint","urlTemplate":"https:\/\/powerballticketonline.com\/fr\/?s={search_term_string}"},"query-input":{"@type":"PropertyValueSpecification","valueRequired":true,"valueName":"search_term_string"}}],"inLanguage":"fr-FR"}]}},"_links":{"self":[{"href":"https:\/\/powerballticketonline.com\/fr\/wp-json\/wp\/v2\/pages\/28","targetHints":{"allow":["GET"]}}],"collection":[{"href":"https:\/\/powerballticketonline.com\/fr\/wp-json\/wp\/v2\/pages"}],"about":[{"href":"https:\/\/powerballticketonline.com\/fr\/wp-json\/wp\/v2\/types\/page"}],"author":[{"embeddable":true,"href":"https:\/\/powerballticketonline.com\/fr\/wp-json\/wp\/v2\/users\/1"}],"replies":[{"embeddable":true,"href":"https:\/\/powerballticketonline.com\/fr\/wp-json\/wp\/v2\/comments?post=28"}],"version-history":[{"count":0,"href":"https:\/\/powerballticketonline.com\/fr\/wp-json\/wp\/v2\/pages\/28\/revisions"}],"wp:attachment":[{"href":"https:\/\/powerballticketonline.com\/fr\/wp-json\/wp\/v2\/media?parent=28"}],"curies":[{"name":"wp","href":"https:\/\/api.w.org\/{rel}","templated":true}]}}