{"id":29,"date":"2025-08-02T15:17:16","date_gmt":"2025-08-02T15:17:16","guid":{"rendered":"https:\/\/powerballticketonline.com\/est-il-legal-dacheter-des-billets-powerball-dans-dautres-pays\/"},"modified":"2025-08-02T15:17:16","modified_gmt":"2025-08-02T15:17:16","slug":"est-il-legal-dacheter-des-billets-powerball-dans-dautres-pays","status":"publish","type":"page","link":"https:\/\/powerballticketonline.com\/fr\/est-il-legal-dacheter-des-billets-powerball-dans-dautres-pays\/","title":{"rendered":"Est-il l\u00e9gal d\u2019acheter des billets Powerball dans d\u2019autres pays\u00a0?"},"content":{"rendered":"<h1>Est-il l\u00e9gal d&rsquo;acheter des billets Powerball depuis d&rsquo;autres pays\u00a0?<\/h1>\n<p>Vous avez envie de <a href=\"https:\/\/redfoxlotto.com\/play\/\" target=\"_blank\" rel=\"noopener noreferrer\"><span style=\"text-decoration: underline;\">jouer au Powerball<\/span><\/a>, mais vous n&rsquo;\u00eates pas s\u00fbr d&rsquo;y \u00eatre autoris\u00e9\u00a0? Il est temps de tenter votre chance. En effet, acheter un billet Powerball est tout \u00e0 fait l\u00e9gal, o\u00f9 que vous soyez et d&rsquo;o\u00f9 que vous veniez.<\/p>\n<h2>Am\u00e9ricains voyageant \u00e0 l&rsquo;\u00e9tranger<\/h2>\n<p>Si vous \u00eates originaire des \u00c9tats-Unis mais que vous voyagez, vous pouvez acheter des billets Powerball quand vous le souhaitez. Il vous suffit de cr\u00e9er un compte en ligne aupr\u00e8s d&rsquo;un service proposant ce type de billets. Apr\u00e8s tout, vous vivez l\u00e0 o\u00f9 les billets sont vendus, donc vous n&rsquo;avez aucune restriction quant \u00e0 l&rsquo;achat de nouveaux billets, o\u00f9 que vous soyez.<\/p>\n<h2>Et dans le reste du monde\u00a0?<\/h2>\n<p>Si vous n&rsquo;\u00eates pas am\u00e9ricain et que vous ne voyagez pas aux \u00c9tats-Unis, cela signifie-t-il que vous ne pouvez pas acheter de billet Powerball\u00a0? Absolument pas\u00a0! Vous pouvez toujours obtenir un billet Powerball et tenter de remporter ce superbe prix. Il vous suffit de trouver un service en ligne qui vend des billets Powerball. C&rsquo;est en fait beaucoup plus simple que vous ne le pensez, et m\u00eame plus simple que d&rsquo;acheter d&rsquo;autres billets pr\u00e8s de chez vous.<\/p>\n<h2>Achetez vos billets en ligne<\/h2>\n<p>Le plus important est d&rsquo;avoir un <a href=\"https:\/\/redfoxlotto.com\/\" target=\"_blank\" rel=\"noopener noreferrer\"><span style=\"text-decoration: underline;\">site web pour acheter vos billets<\/span><\/a>. Apr\u00e8s tout, impossible d&rsquo;aller au magasin du coin pour acheter un billet Powerball si vous ne vivez pas aux \u00c9tats-Unis. Mais avec RedFoxLotto, vous n&rsquo;avez pas \u00e0 vous soucier de cela. Vous pouvez choisir les billets que vous souhaitez pour ce jeu ou n&rsquo;importe quel autre et commencer imm\u00e9diatement. <br \/>Acheter des billets en ligne avec RedFoxLotto est tr\u00e8s simple. Il vous suffit de cr\u00e9er un compte, puis de choisir <a href=\"https:\/\/redfoxlotto.com\/play\/\" target=\"_blank\" rel=\"noopener noreferrer\"><span style=\"text-decoration: underline;\">les jeux auxquels vous souhaitez jouer<\/span><\/a> et les num\u00e9ros que vous souhaitez. C&rsquo;est tout ce dont vous avez besoin\u00a0! Et voil\u00e0, vous pourriez avoir une chance de gagner des millions de dollars.<\/p>\n","protected":false},"excerpt":{"rendered":"<p>Est-il l\u00e9gal d&rsquo;acheter des billets Powerball depuis d&rsquo;autres pays\u00a0? Vous avez envie de jouer au Powerball, mais vous n&rsquo;\u00eates pas s\u00fbr d&rsquo;y \u00eatre autoris\u00e9\u00a0? Il est temps de tenter votre chance. En effet, acheter un billet Powerball est tout \u00e0 fait l\u00e9gal, o\u00f9 que vous soyez et d&rsquo;o\u00f9 que vous veniez. Am\u00e9ricains voyageant \u00e0 l&rsquo;\u00e9tranger &hellip; <\/p>\n<p class=\"link-more\"><a href=\"https:\/\/powerballticketonline.com\/fr\/est-il-legal-dacheter-des-billets-powerball-dans-dautres-pays\/\" class=\"more-link\">Lire la suite de<span class=\"screen-reader-text\">\u00ab\u00a0Est-il l\u00e9gal d\u2019acheter des billets Powerball dans d\u2019autres pays\u00a0?\u00a0\u00bb<\/span><\/a><\/p>\n","protected":false},"author":1,"featured_media":0,"parent":0,"menu_order":0,"comment_status":"closed","ping_status":"closed","template":"","meta":{"footnotes":""},"class_list":["post-29","page","type-page","status-publish","hentry"],"yoast_head":"<!-- This site is optimized with the Yoast SEO plugin v27.5 - https:\/\/yoast.com\/product\/yoast-seo-wordpress\/ -->\n<title>Est-il l\u00e9gal d\u2019acheter des billets Powerball dans d\u2019autres pays\u00a0?<\/title>\n<meta name=\"robots\" content=\"index, follow, max-snippet:-1, max-image-preview:large, max-video-preview:-1\" \/>\n<link rel=\"canonical\" href=\"https:\/\/powerballticketonline.com\/fr\/est-il-legal-dacheter-des-billets-powerball-dans-dautres-pays\/\" \/>\n<meta property=\"og:locale\" content=\"fr_FR\" \/>\n<meta property=\"og:type\" content=\"article\" \/>\n<meta property=\"og:title\" content=\"Est-il l\u00e9gal d\u2019acheter des billets Powerball dans d\u2019autres pays\u00a0?\" \/>\n<meta property=\"og:description\" content=\"Est-il l\u00e9gal d&rsquo;acheter des billets Powerball depuis d&rsquo;autres pays\u00a0? Vous avez envie de jouer au Powerball, mais vous n&rsquo;\u00eates pas s\u00fbr d&rsquo;y \u00eatre autoris\u00e9\u00a0? Il est temps de tenter votre chance. En effet, acheter un billet Powerball est tout \u00e0 fait l\u00e9gal, o\u00f9 que vous soyez et d&rsquo;o\u00f9 que vous veniez. Am\u00e9ricains voyageant \u00e0 l&rsquo;\u00e9tranger &hellip; Lire la suite de\u00ab\u00a0Est-il l\u00e9gal d\u2019acheter des billets Powerball dans d\u2019autres pays\u00a0?\u00a0\u00bb\" \/>\n<meta property=\"og:url\" content=\"https:\/\/powerballticketonline.com\/fr\/est-il-legal-dacheter-des-billets-powerball-dans-dautres-pays\/\" \/>\n<meta name=\"twitter:card\" content=\"summary_large_image\" \/>\n<meta name=\"twitter:label1\" content=\"Dur\u00e9e de lecture estim\u00e9e\" \/>\n\t<meta name=\"twitter:data1\" content=\"2 minutes\" \/>\n<script type=\"application\/ld+json\" class=\"yoast-schema-graph\">{\"@context\":\"https:\\\/\\\/schema.org\",\"@graph\":[{\"@type\":\"WebPage\",\"@id\":\"https:\\\/\\\/powerballticketonline.com\\\/fr\\\/est-il-legal-dacheter-des-billets-powerball-dans-dautres-pays\\\/\",\"url\":\"https:\\\/\\\/powerballticketonline.com\\\/fr\\\/est-il-legal-dacheter-des-billets-powerball-dans-dautres-pays\\\/\",\"name\":\"Est-il l\u00e9gal d\u2019acheter des billets Powerball dans d\u2019autres pays\u00a0?\",\"isPartOf\":{\"@id\":\"https:\\\/\\\/powerballticketonline.com\\\/fr\\\/#website\"},\"datePublished\":\"2025-08-02T15:17:16+00:00\",\"breadcrumb\":{\"@id\":\"https:\\\/\\\/powerballticketonline.com\\\/fr\\\/est-il-legal-dacheter-des-billets-powerball-dans-dautres-pays\\\/#breadcrumb\"},\"inLanguage\":\"fr-FR\",\"potentialAction\":[{\"@type\":\"ReadAction\",\"target\":[\"https:\\\/\\\/powerballticketonline.com\\\/fr\\\/est-il-legal-dacheter-des-billets-powerball-dans-dautres-pays\\\/\"]}]},{\"@type\":\"BreadcrumbList\",\"@id\":\"https:\\\/\\\/powerballticketonline.com\\\/fr\\\/est-il-legal-dacheter-des-billets-powerball-dans-dautres-pays\\\/#breadcrumb\",\"itemListElement\":[{\"@type\":\"ListItem\",\"position\":1,\"name\":\"Home\",\"item\":\"https:\\\/\\\/powerballticketonline.com\\\/fr\\\/\"},{\"@type\":\"ListItem\",\"position\":2,\"name\":\"Est-il l\u00e9gal d\u2019acheter des billets Powerball dans d\u2019autres pays\u00a0?\"}]},{\"@type\":\"WebSite\",\"@id\":\"https:\\\/\\\/powerballticketonline.com\\\/fr\\\/#website\",\"url\":\"https:\\\/\\\/powerballticketonline.com\\\/fr\\\/\",\"name\":\"\",\"description\":\"\",\"potentialAction\":[{\"@type\":\"SearchAction\",\"target\":{\"@type\":\"EntryPoint\",\"urlTemplate\":\"https:\\\/\\\/powerballticketonline.com\\\/fr\\\/?s={search_term_string}\"},\"query-input\":{\"@type\":\"PropertyValueSpecification\",\"valueRequired\":true,\"valueName\":\"search_term_string\"}}],\"inLanguage\":\"fr-FR\"}]}<\/script>\n<!-- \/ Yoast SEO plugin. -->","yoast_head_json":{"title":"Est-il l\u00e9gal d\u2019acheter des billets Powerball dans d\u2019autres pays\u00a0?","robots":{"index":"index","follow":"follow","max-snippet":"max-snippet:-1","max-image-preview":"max-image-preview:large","max-video-preview":"max-video-preview:-1"},"canonical":"https:\/\/powerballticketonline.com\/fr\/est-il-legal-dacheter-des-billets-powerball-dans-dautres-pays\/","og_locale":"fr_FR","og_type":"article","og_title":"Est-il l\u00e9gal d\u2019acheter des billets Powerball dans d\u2019autres pays\u00a0?","og_description":"Est-il l\u00e9gal d&rsquo;acheter des billets Powerball depuis d&rsquo;autres pays\u00a0? Vous avez envie de jouer au Powerball, mais vous n&rsquo;\u00eates pas s\u00fbr d&rsquo;y \u00eatre autoris\u00e9\u00a0? Il est temps de tenter votre chance. En effet, acheter un billet Powerball est tout \u00e0 fait l\u00e9gal, o\u00f9 que vous soyez et d&rsquo;o\u00f9 que vous veniez. Am\u00e9ricains voyageant \u00e0 l&rsquo;\u00e9tranger &hellip; Lire la suite de\u00ab\u00a0Est-il l\u00e9gal d\u2019acheter des billets Powerball dans d\u2019autres pays\u00a0?\u00a0\u00bb","og_url":"https:\/\/powerballticketonline.com\/fr\/est-il-legal-dacheter-des-billets-powerball-dans-dautres-pays\/","twitter_card":"summary_large_image","twitter_misc":{"Dur\u00e9e de lecture estim\u00e9e":"2 minutes"},"schema":{"@context":"https:\/\/schema.org","@graph":[{"@type":"WebPage","@id":"https:\/\/powerballticketonline.com\/fr\/est-il-legal-dacheter-des-billets-powerball-dans-dautres-pays\/","url":"https:\/\/powerballticketonline.com\/fr\/est-il-legal-dacheter-des-billets-powerball-dans-dautres-pays\/","name":"Est-il l\u00e9gal d\u2019acheter des billets Powerball dans d\u2019autres pays\u00a0?","isPartOf":{"@id":"https:\/\/powerballticketonline.com\/fr\/#website"},"datePublished":"2025-08-02T15:17:16+00:00","breadcrumb":{"@id":"https:\/\/powerballticketonline.com\/fr\/est-il-legal-dacheter-des-billets-powerball-dans-dautres-pays\/#breadcrumb"},"inLanguage":"fr-FR","potentialAction":[{"@type":"ReadAction","target":["https:\/\/powerballticketonline.com\/fr\/est-il-legal-dacheter-des-billets-powerball-dans-dautres-pays\/"]}]},{"@type":"BreadcrumbList","@id":"https:\/\/powerballticketonline.com\/fr\/est-il-legal-dacheter-des-billets-powerball-dans-dautres-pays\/#breadcrumb","itemListElement":[{"@type":"ListItem","position":1,"name":"Home","item":"https:\/\/powerballticketonline.com\/fr\/"},{"@type":"ListItem","position":2,"name":"Est-il l\u00e9gal d\u2019acheter des billets Powerball dans d\u2019autres pays\u00a0?"}]},{"@type":"WebSite","@id":"https:\/\/powerballticketonline.com\/fr\/#website","url":"https:\/\/powerballticketonline.com\/fr\/","name":"","description":"","potentialAction":[{"@type":"SearchAction","target":{"@type":"EntryPoint","urlTemplate":"https:\/\/powerballticketonline.com\/fr\/?s={search_term_string}"},"query-input":{"@type":"PropertyValueSpecification","valueRequired":true,"valueName":"search_term_string"}}],"inLanguage":"fr-FR"}]}},"_links":{"self":[{"href":"https:\/\/powerballticketonline.com\/fr\/wp-json\/wp\/v2\/pages\/29","targetHints":{"allow":["GET"]}}],"collection":[{"href":"https:\/\/powerballticketonline.com\/fr\/wp-json\/wp\/v2\/pages"}],"about":[{"href":"https:\/\/powerballticketonline.com\/fr\/wp-json\/wp\/v2\/types\/page"}],"author":[{"embeddable":true,"href":"https:\/\/powerballticketonline.com\/fr\/wp-json\/wp\/v2\/users\/1"}],"replies":[{"embeddable":true,"href":"https:\/\/powerballticketonline.com\/fr\/wp-json\/wp\/v2\/comments?post=29"}],"version-history":[{"count":0,"href":"https:\/\/powerballticketonline.com\/fr\/wp-json\/wp\/v2\/pages\/29\/revisions"}],"wp:attachment":[{"href":"https:\/\/powerballticketonline.com\/fr\/wp-json\/wp\/v2\/media?parent=29"}],"curies":[{"name":"wp","href":"https:\/\/api.w.org\/{rel}","templated":true}]}}