{"id":30,"date":"2025-08-02T15:14:15","date_gmt":"2025-08-02T15:14:15","guid":{"rendered":"https:\/\/powerballticketonline.com\/jouez-au-powerball-avec-bitcoin\/"},"modified":"2025-08-02T15:14:15","modified_gmt":"2025-08-02T15:14:15","slug":"jouez-au-powerball-avec-bitcoin","status":"publish","type":"page","link":"https:\/\/powerballticketonline.com\/fr\/jouez-au-powerball-avec-bitcoin\/","title":{"rendered":"Jouez au Powerball avec Bitcoin"},"content":{"rendered":"<h1>Payer son ticket de loterie Powerball en Bitcoin<\/h1>\n<p>L&rsquo;ann\u00e9e derni\u00e8re, la loterie am\u00e9ricaine Powerball a atteint un record historique de 1,5 milliard de dollars. Vous n&rsquo;imaginez m\u00eame pas ce montant et ce que cela repr\u00e9sente de le gagner\u00a0! Tout le monde achetait des tickets avec l&rsquo;espoir fou de devenir riche. Mais saviez-vous qu&rsquo;il est possible d&rsquo;acheter un ticket Powerball en Bitcoin\u00a0?<br \/>Ceux d&rsquo;entre vous qui avaient des bitcoins en trop dans leurs portefeuilles doivent se mordre les l\u00e8vres. Mais ne restez pas les bras crois\u00e9s, car vous pouvez utiliser vos bitcoins. <span style=\"text-decoration: underline;\"><a href=\"http:\/\/www.bitcoincasino.org\/\" target=\"_blank\" rel=\"noopener noreferrer\">Apprenez-en plus sur les jeux d&rsquo;argent en Bitcoin<\/a><\/span> et les loteries en Bitcoin et d\u00e9couvrez un tout nouveau monde.<\/p>\n<h2>O\u00f9 acheter des billets de loterie Powerball en Bitcoin\u00a0?<\/h2>\n<p>Bien s\u00fbr, vous ne pouvez pas acheter de billet Powerball en Bitcoin dans votre sup\u00e9rette. Ce n&rsquo;est pas <span style=\"text-decoration: underline;\"><a href=\"https:\/\/www.forbes.com\/sites\/investopedia\/2013\/08\/01\/how-bitcoin-works\/\" target=\"_blank\" rel=\"noopener noreferrer\">comment fonctionne le Bitcoin<\/a>.<\/span> Il vous suffit de trouver un revendeur en ligne officiel de billets de loterie Powerball, un revendeur l\u00e9gitime.<br \/>Il n&rsquo;est pas difficile d&rsquo;en trouver, car presque tous les vendeurs en ligne explorent progressivement les avantages de cette cryptomonnaie. M\u00eame les plus grandes marques s&rsquo;y lancent. La plupart de ces revendeurs acceptent \u00e9galement les dollars, mais l&rsquo;important est qu&rsquo;ils vous permettent d&rsquo;acheter des billets en bitcoins.<br \/>Certains vous vendront m\u00eame des billets de loterie pour des jeux internationaux comme l&rsquo;EuroMillions en Europe, la plus grande loterie du pays. Une fois votre achat de billets Powerball effectu\u00e9, le revendeur vous enverra un e-mail de confirmation.<\/p>\n<h2>Comment obtenir un paiement<\/h2>\n<p><img loading=\"lazy\" decoding=\"async\" src=\"images\/win_lottery_prize.jpg\" alt=\"bitcoin win powerball\" width=\"200\" height=\"200\" style=\"margin: 1px; float: right;\" \/>C&rsquo;est la partie la plus importante\u00a0: obtenir vos gains. Plusieurs options s&rsquo;offrent \u00e0 vous. Si vous remportez un petit gain, vous pouvez recevoir la totalit\u00e9 du montant en une seule fois. Si vous remportez un gain plus important, le revendeur peut avoir pour politique de vous verser le montant en plusieurs versements directement sur votre portefeuille Bitcoin. Si vous remportez le jackpot, qui est g\u00e9n\u00e9ralement colossal, vous pouvez choisir de retirer vos gains en personne.<br \/>Mais le meilleur dans tout \u00e7a, c&rsquo;est que vous n&rsquo;avez pas besoin de vous d\u00e9placer pour retirer vos gains. Cette option est g\u00e9n\u00e9ralement la plus avantageuse si vous souhaitez \u00eatre pay\u00e9 en monnaie courante. Si vous souhaitez recevoir vos gains en bitcoins, retirez simplement la totalit\u00e9 du montant (si possible).<br \/>Les bitcoins ne sont pas tax\u00e9s et ne sont soumis \u00e0 aucun frais de traitement. Plus important encore, vous pouvez recevoir vos gains en quelques minutes apr\u00e8s avoir demand\u00e9 un paiement, ce qui n&rsquo;est possible avec aucun autre mode de paiement.<\/p>\n<h2>L&rsquo;avantage<\/h2>\n<p>Jouer \u00e0 la loterie en bitcoins pr\u00e9sente un avantage majeur\u00a0: l&rsquo;anonymat. Alors que les d\u00e9p\u00f4ts en devises classiques n\u00e9cessitent diff\u00e9rents types d&rsquo;identification et de justificatifs d&rsquo;identit\u00e9, ce n&rsquo;est pas le cas pour les bitcoins. M\u00eame l&rsquo;ouverture d&rsquo;un compte chez un revendeur en ligne est simplifi\u00e9e. Il vous suffit de saisir votre adresse e-mail et l&rsquo;adresse du portefeuille Bitcoin o\u00f9 vos bitcoins arriveront ou seront d\u00e9pos\u00e9s. Pas de nom, pas de pr\u00e9nom, pas de carte de cr\u00e9dit, pas d&rsquo;adresse postale, rien de ce qui pourrait \u00eatre utilis\u00e9 \u00e0 votre d\u00e9triment.<\/p>\n","protected":false},"excerpt":{"rendered":"<p>Payer son ticket de loterie Powerball en Bitcoin L&rsquo;ann\u00e9e derni\u00e8re, la loterie am\u00e9ricaine Powerball a atteint un record historique de 1,5 milliard de dollars. Vous n&rsquo;imaginez m\u00eame pas ce montant et ce que cela repr\u00e9sente de le gagner\u00a0! Tout le monde achetait des tickets avec l&rsquo;espoir fou de devenir riche. Mais saviez-vous qu&rsquo;il est possible &hellip; <\/p>\n<p class=\"link-more\"><a href=\"https:\/\/powerballticketonline.com\/fr\/jouez-au-powerball-avec-bitcoin\/\" class=\"more-link\">Lire la suite de<span class=\"screen-reader-text\">\u00ab\u00a0Jouez au Powerball avec Bitcoin\u00a0\u00bb<\/span><\/a><\/p>\n","protected":false},"author":1,"featured_media":0,"parent":0,"menu_order":0,"comment_status":"closed","ping_status":"closed","template":"","meta":{"footnotes":""},"class_list":["post-30","page","type-page","status-publish","hentry"],"yoast_head":"<!-- This site is optimized with the Yoast SEO plugin v27.3 - https:\/\/yoast.com\/product\/yoast-seo-wordpress\/ -->\n<title>Pouvez-vous jouer \u00e0 la loterie Powerball avec Bitcoin\u00a0?<\/title>\n<meta name=\"robots\" content=\"index, follow, max-snippet:-1, max-image-preview:large, max-video-preview:-1\" \/>\n<link rel=\"canonical\" href=\"https:\/\/powerballticketonline.com\/fr\/jouez-au-powerball-avec-bitcoin\/\" \/>\n<meta property=\"og:locale\" content=\"fr_FR\" \/>\n<meta property=\"og:type\" content=\"article\" \/>\n<meta property=\"og:title\" content=\"Pouvez-vous jouer \u00e0 la loterie Powerball avec Bitcoin\u00a0?\" \/>\n<meta property=\"og:description\" content=\"Payer son ticket de loterie Powerball en Bitcoin L&rsquo;ann\u00e9e derni\u00e8re, la loterie am\u00e9ricaine Powerball a atteint un record historique de 1,5 milliard de dollars. Vous n&rsquo;imaginez m\u00eame pas ce montant et ce que cela repr\u00e9sente de le gagner\u00a0! Tout le monde achetait des tickets avec l&rsquo;espoir fou de devenir riche. Mais saviez-vous qu&rsquo;il est possible &hellip; Lire la suite de\u00ab\u00a0Jouez au Powerball avec Bitcoin\u00a0\u00bb\" \/>\n<meta property=\"og:url\" content=\"https:\/\/powerballticketonline.com\/fr\/jouez-au-powerball-avec-bitcoin\/\" \/>\n<meta name=\"twitter:card\" content=\"summary_large_image\" \/>\n<meta name=\"twitter:label1\" content=\"Dur\u00e9e de lecture estim\u00e9e\" \/>\n\t<meta name=\"twitter:data1\" content=\"3 minutes\" \/>\n<script type=\"application\/ld+json\" class=\"yoast-schema-graph\">{\"@context\":\"https:\\\/\\\/schema.org\",\"@graph\":[{\"@type\":\"WebPage\",\"@id\":\"https:\\\/\\\/powerballticketonline.com\\\/fr\\\/jouez-au-powerball-avec-bitcoin\\\/\",\"url\":\"https:\\\/\\\/powerballticketonline.com\\\/fr\\\/jouez-au-powerball-avec-bitcoin\\\/\",\"name\":\"Pouvez-vous jouer \u00e0 la loterie Powerball avec Bitcoin\u00a0?\",\"isPartOf\":{\"@id\":\"https:\\\/\\\/powerballticketonline.com\\\/fr\\\/#website\"},\"datePublished\":\"2025-08-02T15:14:15+00:00\",\"breadcrumb\":{\"@id\":\"https:\\\/\\\/powerballticketonline.com\\\/fr\\\/jouez-au-powerball-avec-bitcoin\\\/#breadcrumb\"},\"inLanguage\":\"fr-FR\",\"potentialAction\":[{\"@type\":\"ReadAction\",\"target\":[\"https:\\\/\\\/powerballticketonline.com\\\/fr\\\/jouez-au-powerball-avec-bitcoin\\\/\"]}]},{\"@type\":\"BreadcrumbList\",\"@id\":\"https:\\\/\\\/powerballticketonline.com\\\/fr\\\/jouez-au-powerball-avec-bitcoin\\\/#breadcrumb\",\"itemListElement\":[{\"@type\":\"ListItem\",\"position\":1,\"name\":\"Home\",\"item\":\"https:\\\/\\\/powerballticketonline.com\\\/fr\\\/\"},{\"@type\":\"ListItem\",\"position\":2,\"name\":\"Jouez au Powerball avec Bitcoin\"}]},{\"@type\":\"WebSite\",\"@id\":\"https:\\\/\\\/powerballticketonline.com\\\/fr\\\/#website\",\"url\":\"https:\\\/\\\/powerballticketonline.com\\\/fr\\\/\",\"name\":\"\",\"description\":\"\",\"potentialAction\":[{\"@type\":\"SearchAction\",\"target\":{\"@type\":\"EntryPoint\",\"urlTemplate\":\"https:\\\/\\\/powerballticketonline.com\\\/fr\\\/?s={search_term_string}\"},\"query-input\":{\"@type\":\"PropertyValueSpecification\",\"valueRequired\":true,\"valueName\":\"search_term_string\"}}],\"inLanguage\":\"fr-FR\"}]}<\/script>\n<!-- \/ Yoast SEO plugin. -->","yoast_head_json":{"title":"Pouvez-vous jouer \u00e0 la loterie Powerball avec Bitcoin\u00a0?","robots":{"index":"index","follow":"follow","max-snippet":"max-snippet:-1","max-image-preview":"max-image-preview:large","max-video-preview":"max-video-preview:-1"},"canonical":"https:\/\/powerballticketonline.com\/fr\/jouez-au-powerball-avec-bitcoin\/","og_locale":"fr_FR","og_type":"article","og_title":"Pouvez-vous jouer \u00e0 la loterie Powerball avec Bitcoin\u00a0?","og_description":"Payer son ticket de loterie Powerball en Bitcoin L&rsquo;ann\u00e9e derni\u00e8re, la loterie am\u00e9ricaine Powerball a atteint un record historique de 1,5 milliard de dollars. Vous n&rsquo;imaginez m\u00eame pas ce montant et ce que cela repr\u00e9sente de le gagner\u00a0! Tout le monde achetait des tickets avec l&rsquo;espoir fou de devenir riche. Mais saviez-vous qu&rsquo;il est possible &hellip; Lire la suite de\u00ab\u00a0Jouez au Powerball avec Bitcoin\u00a0\u00bb","og_url":"https:\/\/powerballticketonline.com\/fr\/jouez-au-powerball-avec-bitcoin\/","twitter_card":"summary_large_image","twitter_misc":{"Dur\u00e9e de lecture estim\u00e9e":"3 minutes"},"schema":{"@context":"https:\/\/schema.org","@graph":[{"@type":"WebPage","@id":"https:\/\/powerballticketonline.com\/fr\/jouez-au-powerball-avec-bitcoin\/","url":"https:\/\/powerballticketonline.com\/fr\/jouez-au-powerball-avec-bitcoin\/","name":"Pouvez-vous jouer \u00e0 la loterie Powerball avec Bitcoin\u00a0?","isPartOf":{"@id":"https:\/\/powerballticketonline.com\/fr\/#website"},"datePublished":"2025-08-02T15:14:15+00:00","breadcrumb":{"@id":"https:\/\/powerballticketonline.com\/fr\/jouez-au-powerball-avec-bitcoin\/#breadcrumb"},"inLanguage":"fr-FR","potentialAction":[{"@type":"ReadAction","target":["https:\/\/powerballticketonline.com\/fr\/jouez-au-powerball-avec-bitcoin\/"]}]},{"@type":"BreadcrumbList","@id":"https:\/\/powerballticketonline.com\/fr\/jouez-au-powerball-avec-bitcoin\/#breadcrumb","itemListElement":[{"@type":"ListItem","position":1,"name":"Home","item":"https:\/\/powerballticketonline.com\/fr\/"},{"@type":"ListItem","position":2,"name":"Jouez au Powerball avec Bitcoin"}]},{"@type":"WebSite","@id":"https:\/\/powerballticketonline.com\/fr\/#website","url":"https:\/\/powerballticketonline.com\/fr\/","name":"","description":"","potentialAction":[{"@type":"SearchAction","target":{"@type":"EntryPoint","urlTemplate":"https:\/\/powerballticketonline.com\/fr\/?s={search_term_string}"},"query-input":{"@type":"PropertyValueSpecification","valueRequired":true,"valueName":"search_term_string"}}],"inLanguage":"fr-FR"}]}},"_links":{"self":[{"href":"https:\/\/powerballticketonline.com\/fr\/wp-json\/wp\/v2\/pages\/30","targetHints":{"allow":["GET"]}}],"collection":[{"href":"https:\/\/powerballticketonline.com\/fr\/wp-json\/wp\/v2\/pages"}],"about":[{"href":"https:\/\/powerballticketonline.com\/fr\/wp-json\/wp\/v2\/types\/page"}],"author":[{"embeddable":true,"href":"https:\/\/powerballticketonline.com\/fr\/wp-json\/wp\/v2\/users\/1"}],"replies":[{"embeddable":true,"href":"https:\/\/powerballticketonline.com\/fr\/wp-json\/wp\/v2\/comments?post=30"}],"version-history":[{"count":0,"href":"https:\/\/powerballticketonline.com\/fr\/wp-json\/wp\/v2\/pages\/30\/revisions"}],"wp:attachment":[{"href":"https:\/\/powerballticketonline.com\/fr\/wp-json\/wp\/v2\/media?parent=30"}],"curies":[{"name":"wp","href":"https:\/\/api.w.org\/{rel}","templated":true}]}}