{"id":31,"date":"2025-08-04T09:57:38","date_gmt":"2025-08-04T09:57:38","guid":{"rendered":"https:\/\/powerballticketonline.com\/le-loto-en-ligne-est-il-sur\/"},"modified":"2025-08-04T09:57:38","modified_gmt":"2025-08-04T09:57:38","slug":"le-loto-en-ligne-est-il-sur","status":"publish","type":"page","link":"https:\/\/powerballticketonline.com\/fr\/le-loto-en-ligne-est-il-sur\/","title":{"rendered":"Le loto en ligne est-il s\u00fbr ?"},"content":{"rendered":"<h1>Peut-on faire confiance au loto en ligne\u00a0?<\/h1>\n<p>De nombreux joueurs s&rsquo;en inqui\u00e8tent \u00e9videmment, et c&rsquo;est compr\u00e9hensible. En lisant notre article, sachez que l&rsquo;aspect le plus important se trouve \u00e0 la fin de cet article\u00a0!<\/p>\n<p>Il y a plusieurs points \u00e0 clarifier concernant la s\u00e9curit\u00e9. Tout d&rsquo;abord, il y a la question de la mani\u00e8re dont le service de <a href=\"index.php?option=com_content&amp;view=article&amp;id=42&amp;Itemid=269&amp;lang=fr\">loterie en ligne<\/a> traite les donn\u00e9es de ses clients. Pour jouer au loto en ligne en toute s\u00e9curit\u00e9, vous devez d&rsquo;abord pr\u00eater attention \u00e0 la s\u00e9curit\u00e9 des m\u00e9thodes de paiement.<\/p>\n<p>Il est important d&rsquo;utiliser des protocoles de cryptage modernes pour la transmission, par exemple, des donn\u00e9es de carte de cr\u00e9dit. Cela est g\u00e9n\u00e9ralement reconnaissable aux indications figurant en bas des pages web.<\/p>\n<p>Plus important encore, l&rsquo;URL du site web lui-m\u00eame commence par https:\/\/\u00a0; ce qui devrait \u00eatre le cas sur tous les sites web r\u00e9put\u00e9s o\u00f9 des paiements, quels qu&rsquo;ils soient, sont effectu\u00e9s.<\/p>\n<p>Malheureusement, les conditions mentionn\u00e9es ci-dessus ne sont pas remplies sur tous les sites web, ce qui est l&rsquo;une des raisons pour lesquelles nous recommandons RedFoxLotto pour l&rsquo;achat de billets de loterie en ligne. Si vous visitez la page de RedFoxLotto via ce lien, vous verrez l&rsquo;adresse commen\u00e7ant par https en haut du champ URL et la r\u00e9f\u00e9rence au protocole de s\u00e9curit\u00e9 SSL 128 bits GeoTrust en bas\u00a0; il s&rsquo;agit du protocole de s\u00e9curit\u00e9 le plus r\u00e9cent.<\/p>\n<h2>Partage des donn\u00e9es clients avec des tiers<\/h2>\n<p>Ceci inqui\u00e8te \u00e9galement beaucoup de monde, mais cette affirmation est infond\u00e9e. Les donn\u00e9es clients, en particulier la liste de diffusion, sont l&rsquo;actif le plus pr\u00e9cieux de tout fournisseur. Apr\u00e8s tout, vous souhaitez \u00ab\u00a0r\u00e9activer\u00a0\u00bb vos clients de temps \u00e0 autre en les tenant inform\u00e9s des promotions en cours ou d&rsquo;un jackpot particuli\u00e8rement important. Aucun fournisseur ne divulguerait ces donn\u00e9es \u00e0 des tiers.<\/p>\n<h2>Les entreprises ach\u00e8tent-elles r\u00e9ellement de vrais billets\u00a0?<\/h2>\n<p>Ce point est tr\u00e8s important et m\u00e9rite une explication d\u00e9taill\u00e9e. En toute honn\u00eatet\u00e9, pas n\u00e9cessairement\u00a0! En r\u00e9alit\u00e9, deux mod\u00e8les sont utilis\u00e9s par diff\u00e9rents fournisseurs. Les voici\u00a0:<\/p>\n<p><strong>1. L&rsquo;achat de vrais billets<\/strong><\/p>\n<p>Du point de vue du client, il s&rsquo;agit de la meilleure m\u00e9thode, utilis\u00e9e par tr\u00e8s peu d&rsquo;entreprises, hormis RedFoxLotto. Dans ce cas, le client ach\u00e8te un vrai billet et, en cas de gain, il a droit \u00e0 une participation \u00e0 la loterie. Il n&rsquo;a pas \u00e0 craindre de ne pas \u00eatre pay\u00e9.<\/p>\n<p><strong>2. La m\u00e9thode d&rsquo;assurance<\/strong><\/p>\n<p>Avec cette m\u00e9thode, le client parie pratiquement sur le r\u00e9sultat de la loterie. Bien s\u00fbr, le vendeur souhaite se prot\u00e9ger contre le risque qu&rsquo;un de ses clients remporte un gros lot et le mette ainsi en faillite. Il signe donc un contrat avec une compagnie d&rsquo;assurance et paie une prime mensuelle. En cas de gain important, l&rsquo;assurance rembourse le montant gagn\u00e9. L&rsquo;inconv\u00e9nient est que ces polices d&rsquo;assurance comportent parfois un plafond de risque. Ainsi, en cas de <a href=\"https:\/\/lottoonline365.com\/en\/tips-for-players\/which-lottery-has-the-worlds-biggest-jackpots\">jackpot particuli\u00e8rement \u00e9lev\u00e9<\/a>, l&rsquo;assurance peut ne rembourser qu&rsquo;une partie des gains r\u00e9els.<\/p>\n<p>En fin de compte, le client qui joue \u00e0 la loterie en ligne se fiche de la m\u00e9thode utilis\u00e9e par le vendeur, du moment qu&rsquo;il est pay\u00e9 en cas de gain. Cependant, compte tenu de ce qui pr\u00e9c\u00e8de, il est clair que la premi\u00e8re m\u00e9thode est plus avantageuse pour le client et donc pr\u00e9f\u00e9rable.<\/p>\n<p>C&rsquo;est pourquoi nous recommandons RedFoxLotto pour l&rsquo;achat de billets de loterie internationale. <span style=\"text-decoration: underline;\"><a href=\"https:\/\/redfoxlotto.com\/?ref=A8564250A2&amp;medium=lo365\" target=\"_blank\" rel=\"noopener\">Tentez votre chance et cliquez ici<\/a><\/span>\u00a0\u2013\u00a0il faut bien que quelqu&rsquo;un remporte le jackpot\u00a0!<\/p>\n","protected":false},"excerpt":{"rendered":"<p>Peut-on faire confiance au loto en ligne\u00a0? De nombreux joueurs s&rsquo;en inqui\u00e8tent \u00e9videmment, et c&rsquo;est compr\u00e9hensible. En lisant notre article, sachez que l&rsquo;aspect le plus important se trouve \u00e0 la fin de cet article\u00a0! Il y a plusieurs points \u00e0 clarifier concernant la s\u00e9curit\u00e9. Tout d&rsquo;abord, il y a la question de la mani\u00e8re dont &hellip; <\/p>\n<p class=\"link-more\"><a href=\"https:\/\/powerballticketonline.com\/fr\/le-loto-en-ligne-est-il-sur\/\" class=\"more-link\">Lire la suite de<span class=\"screen-reader-text\">\u00ab\u00a0Le loto en ligne est-il s\u00fbr ?\u00a0\u00bb<\/span><\/a><\/p>\n","protected":false},"author":1,"featured_media":0,"parent":0,"menu_order":0,"comment_status":"closed","ping_status":"closed","template":"","meta":{"footnotes":""},"class_list":["post-31","page","type-page","status-publish","hentry"],"yoast_head":"<!-- This site is optimized with the Yoast SEO plugin v27.3 - https:\/\/yoast.com\/product\/yoast-seo-wordpress\/ -->\n<title>Le loto en ligne est-il s\u00fbr et fiable ?<\/title>\n<meta name=\"robots\" content=\"index, follow, max-snippet:-1, max-image-preview:large, max-video-preview:-1\" \/>\n<link rel=\"canonical\" href=\"https:\/\/powerballticketonline.com\/fr\/le-loto-en-ligne-est-il-sur\/\" \/>\n<meta property=\"og:locale\" content=\"fr_FR\" \/>\n<meta property=\"og:type\" content=\"article\" \/>\n<meta property=\"og:title\" content=\"Le loto en ligne est-il s\u00fbr et fiable ?\" \/>\n<meta property=\"og:description\" content=\"Peut-on faire confiance au loto en ligne\u00a0? De nombreux joueurs s&rsquo;en inqui\u00e8tent \u00e9videmment, et c&rsquo;est compr\u00e9hensible. En lisant notre article, sachez que l&rsquo;aspect le plus important se trouve \u00e0 la fin de cet article\u00a0! Il y a plusieurs points \u00e0 clarifier concernant la s\u00e9curit\u00e9. Tout d&rsquo;abord, il y a la question de la mani\u00e8re dont &hellip; Lire la suite de\u00ab\u00a0Le loto en ligne est-il s\u00fbr ?\u00a0\u00bb\" \/>\n<meta property=\"og:url\" content=\"https:\/\/powerballticketonline.com\/fr\/le-loto-en-ligne-est-il-sur\/\" \/>\n<meta name=\"twitter:card\" content=\"summary_large_image\" \/>\n<meta name=\"twitter:label1\" content=\"Dur\u00e9e de lecture estim\u00e9e\" \/>\n\t<meta name=\"twitter:data1\" content=\"3 minutes\" \/>\n<script type=\"application\/ld+json\" class=\"yoast-schema-graph\">{\"@context\":\"https:\\\/\\\/schema.org\",\"@graph\":[{\"@type\":\"WebPage\",\"@id\":\"https:\\\/\\\/powerballticketonline.com\\\/fr\\\/le-loto-en-ligne-est-il-sur\\\/\",\"url\":\"https:\\\/\\\/powerballticketonline.com\\\/fr\\\/le-loto-en-ligne-est-il-sur\\\/\",\"name\":\"Le loto en ligne est-il s\u00fbr et fiable ?\",\"isPartOf\":{\"@id\":\"https:\\\/\\\/powerballticketonline.com\\\/fr\\\/#website\"},\"datePublished\":\"2025-08-04T09:57:38+00:00\",\"breadcrumb\":{\"@id\":\"https:\\\/\\\/powerballticketonline.com\\\/fr\\\/le-loto-en-ligne-est-il-sur\\\/#breadcrumb\"},\"inLanguage\":\"fr-FR\",\"potentialAction\":[{\"@type\":\"ReadAction\",\"target\":[\"https:\\\/\\\/powerballticketonline.com\\\/fr\\\/le-loto-en-ligne-est-il-sur\\\/\"]}]},{\"@type\":\"BreadcrumbList\",\"@id\":\"https:\\\/\\\/powerballticketonline.com\\\/fr\\\/le-loto-en-ligne-est-il-sur\\\/#breadcrumb\",\"itemListElement\":[{\"@type\":\"ListItem\",\"position\":1,\"name\":\"Home\",\"item\":\"https:\\\/\\\/powerballticketonline.com\\\/fr\\\/\"},{\"@type\":\"ListItem\",\"position\":2,\"name\":\"Le loto en ligne est-il s\u00fbr ?\"}]},{\"@type\":\"WebSite\",\"@id\":\"https:\\\/\\\/powerballticketonline.com\\\/fr\\\/#website\",\"url\":\"https:\\\/\\\/powerballticketonline.com\\\/fr\\\/\",\"name\":\"\",\"description\":\"\",\"potentialAction\":[{\"@type\":\"SearchAction\",\"target\":{\"@type\":\"EntryPoint\",\"urlTemplate\":\"https:\\\/\\\/powerballticketonline.com\\\/fr\\\/?s={search_term_string}\"},\"query-input\":{\"@type\":\"PropertyValueSpecification\",\"valueRequired\":true,\"valueName\":\"search_term_string\"}}],\"inLanguage\":\"fr-FR\"}]}<\/script>\n<!-- \/ Yoast SEO plugin. -->","yoast_head_json":{"title":"Le loto en ligne est-il s\u00fbr et fiable ?","robots":{"index":"index","follow":"follow","max-snippet":"max-snippet:-1","max-image-preview":"max-image-preview:large","max-video-preview":"max-video-preview:-1"},"canonical":"https:\/\/powerballticketonline.com\/fr\/le-loto-en-ligne-est-il-sur\/","og_locale":"fr_FR","og_type":"article","og_title":"Le loto en ligne est-il s\u00fbr et fiable ?","og_description":"Peut-on faire confiance au loto en ligne\u00a0? De nombreux joueurs s&rsquo;en inqui\u00e8tent \u00e9videmment, et c&rsquo;est compr\u00e9hensible. En lisant notre article, sachez que l&rsquo;aspect le plus important se trouve \u00e0 la fin de cet article\u00a0! Il y a plusieurs points \u00e0 clarifier concernant la s\u00e9curit\u00e9. Tout d&rsquo;abord, il y a la question de la mani\u00e8re dont &hellip; Lire la suite de\u00ab\u00a0Le loto en ligne est-il s\u00fbr ?\u00a0\u00bb","og_url":"https:\/\/powerballticketonline.com\/fr\/le-loto-en-ligne-est-il-sur\/","twitter_card":"summary_large_image","twitter_misc":{"Dur\u00e9e de lecture estim\u00e9e":"3 minutes"},"schema":{"@context":"https:\/\/schema.org","@graph":[{"@type":"WebPage","@id":"https:\/\/powerballticketonline.com\/fr\/le-loto-en-ligne-est-il-sur\/","url":"https:\/\/powerballticketonline.com\/fr\/le-loto-en-ligne-est-il-sur\/","name":"Le loto en ligne est-il s\u00fbr et fiable ?","isPartOf":{"@id":"https:\/\/powerballticketonline.com\/fr\/#website"},"datePublished":"2025-08-04T09:57:38+00:00","breadcrumb":{"@id":"https:\/\/powerballticketonline.com\/fr\/le-loto-en-ligne-est-il-sur\/#breadcrumb"},"inLanguage":"fr-FR","potentialAction":[{"@type":"ReadAction","target":["https:\/\/powerballticketonline.com\/fr\/le-loto-en-ligne-est-il-sur\/"]}]},{"@type":"BreadcrumbList","@id":"https:\/\/powerballticketonline.com\/fr\/le-loto-en-ligne-est-il-sur\/#breadcrumb","itemListElement":[{"@type":"ListItem","position":1,"name":"Home","item":"https:\/\/powerballticketonline.com\/fr\/"},{"@type":"ListItem","position":2,"name":"Le loto en ligne est-il s\u00fbr ?"}]},{"@type":"WebSite","@id":"https:\/\/powerballticketonline.com\/fr\/#website","url":"https:\/\/powerballticketonline.com\/fr\/","name":"","description":"","potentialAction":[{"@type":"SearchAction","target":{"@type":"EntryPoint","urlTemplate":"https:\/\/powerballticketonline.com\/fr\/?s={search_term_string}"},"query-input":{"@type":"PropertyValueSpecification","valueRequired":true,"valueName":"search_term_string"}}],"inLanguage":"fr-FR"}]}},"_links":{"self":[{"href":"https:\/\/powerballticketonline.com\/fr\/wp-json\/wp\/v2\/pages\/31","targetHints":{"allow":["GET"]}}],"collection":[{"href":"https:\/\/powerballticketonline.com\/fr\/wp-json\/wp\/v2\/pages"}],"about":[{"href":"https:\/\/powerballticketonline.com\/fr\/wp-json\/wp\/v2\/types\/page"}],"author":[{"embeddable":true,"href":"https:\/\/powerballticketonline.com\/fr\/wp-json\/wp\/v2\/users\/1"}],"replies":[{"embeddable":true,"href":"https:\/\/powerballticketonline.com\/fr\/wp-json\/wp\/v2\/comments?post=31"}],"version-history":[{"count":0,"href":"https:\/\/powerballticketonline.com\/fr\/wp-json\/wp\/v2\/pages\/31\/revisions"}],"wp:attachment":[{"href":"https:\/\/powerballticketonline.com\/fr\/wp-json\/wp\/v2\/media?parent=31"}],"curies":[{"name":"wp","href":"https:\/\/api.w.org\/{rel}","templated":true}]}}