{"id":32,"date":"2025-08-04T09:55:18","date_gmt":"2025-08-04T09:55:18","guid":{"rendered":"https:\/\/powerballticketonline.com\/est-il-legal-dacheter-des-billets-powerball-dans-dautres-pays\/powerball-usa\/"},"modified":"2025-08-04T09:55:18","modified_gmt":"2025-08-04T09:55:18","slug":"powerball-usa","status":"publish","type":"page","link":"https:\/\/powerballticketonline.com\/fr\/est-il-legal-dacheter-des-billets-powerball-dans-dautres-pays\/powerball-usa\/","title":{"rendered":"Powerball USA"},"content":{"rendered":"<h1>Comment obtenir vos billets Powerball en ligne<\/h1>\n<p>Compar\u00e9es \u00e0 ce qui est propos\u00e9 chaque semaine au Powerball Lotto aux \u00c9tats-Unis, les loteries des autres pays semblent relativement modestes, m\u00eame lorsque leur jackpot est \u00e9lev\u00e9. Le jackpot record aux \u00c9tats-Unis s&rsquo;\u00e9l\u00e8ve actuellement \u00e0 1,5 milliard de dollars, vers\u00e9 en 2017\u00a0!<\/p>\n<p>On peut \u00e9videmment se demander s&rsquo;il est possible d&rsquo;acheter un billet Powerball en ligne. Et en effet, vous pouvez jouer au Powerball en ligne, depuis n&rsquo;importe quel pays du monde, avec une carte de cr\u00e9dit ou tout autre moyen de paiement en ligne. C&rsquo;est parfaitement s\u00fbr et l\u00e9gal\u00a0!<\/p>\n<p>C&rsquo;est possible gr\u00e2ce \u00e0 RedFoxLotto, un service de loterie r\u00e9put\u00e9 &#8211; <strong><span style=\"text-decoration: underline;\"><a href=\"https:\/\/redfoxlotto.com\/?ref=A8564250A2&#038;medium=lo365\" target=\"_blank\" rel=\"noopener\">cliquez ici pour visiter le site web de RedFoxLotto<\/a><\/span><\/strong>. Il vous suffit de choisir une loterie, de cocher les num\u00e9ros et de payer. Votre ticket personnel sera ensuite achet\u00e9 par un agent RedFoxLotto et vous sera envoy\u00e9 par e-mail\u00a0!<\/p>\n<h2>Comment fonctionne le Powerball\u00a0?<\/h2>\n<p>Le Powerball est probablement un peu diff\u00e9rent de votre loterie locale. Ici, vous choisissez 5 num\u00e9ros parmi 69, ainsi qu&rsquo;un num\u00e9ro Powerball compris entre 1 et 26. Ainsi, la chance de gagner le jackpot (pour cela, vous devez bien s\u00fbr avoir les 5 num\u00e9ros principaux et le num\u00e9ro Powerball correct) est de 1 sur 292 millions. Cela peut para\u00eetre effrayant, mais il arrive toujours que quelqu&rsquo;un remporte le jackpot\u00a0!<\/p>\n<p>Autre particularit\u00e9\u00a0: vous pouvez opter pour le \u00ab\u00a0Multiplicateur\u00a0\u00bb lors de l&rsquo;achat d&rsquo;un ticket. \u00c0 chaque tirage, un multiplicateur sera tir\u00e9, qui peut \u00eatre de deux, trois, quatre, cinq ou dix fois. En fonction du multiplicateur tir\u00e9, tous les gains \u00ab\u00a0inf\u00e9rieurs\u00a0\u00bb seront multipli\u00e9s (\u00e0 l&rsquo;exception des jackpots et du prix pour 5 bons num\u00e9ros principaux).<\/p>\n<p>Si vous jouez au Powerball en ligne, c&rsquo;est tr\u00e8s simple\u00a0: vous ne pouvez pas vous tromper de num\u00e9ro (sauf en choisissant les mauvais, bien s\u00fbr). Si vous ne cochez que 4 num\u00e9ros au lieu de 5 ou si vous oubliez de choisir un num\u00e9ro Powerball, RedFoxLotto vous le signalera.<\/p>\n<p>Outre le Powerball et l&rsquo;autre grande loterie am\u00e9ricaine, le Mega Millions<\/a>, RedFoxLotto vous permet \u00e9galement d&rsquo;acheter des tickets pour plus de 20 autres loteries du monde entier. Il vous suffit donc de rechercher le jackpot le plus \u00e9lev\u00e9 sur le site web et d&rsquo;obtenir votre ticket. Vous optimisez ainsi vos chances de gagner. href=\u00a0\u00bbhttps:\/\/lottoonline365.com\/en\/tips-for-players\/which-lottery-offers-the-best-winning-chances\u00a0\u00bb target=\u00a0\u00bb_blank\u00a0\u00bb rel=\u00a0\u00bbnoopener\u00a0\u00bb>chances de gagner<\/a> &#8211; en supposant un prix de billet \u00e9gal, plus le profit potentiel sera \u00e9lev\u00e9, plus l&rsquo;esp\u00e9rance math\u00e9matique de gagner sera \u00e9lev\u00e9e\u00a0!<\/p>\n","protected":false},"excerpt":{"rendered":"<p>Comment obtenir vos billets Powerball en ligne Compar\u00e9es \u00e0 ce qui est propos\u00e9 chaque semaine au Powerball Lotto aux \u00c9tats-Unis, les loteries des autres pays semblent relativement modestes, m\u00eame lorsque leur jackpot est \u00e9lev\u00e9. Le jackpot record aux \u00c9tats-Unis s&rsquo;\u00e9l\u00e8ve actuellement \u00e0 1,5 milliard de dollars, vers\u00e9 en 2017\u00a0! On peut \u00e9videmment se demander s&rsquo;il &hellip; <\/p>\n<p class=\"link-more\"><a href=\"https:\/\/powerballticketonline.com\/fr\/est-il-legal-dacheter-des-billets-powerball-dans-dautres-pays\/powerball-usa\/\" class=\"more-link\">Lire la suite de<span class=\"screen-reader-text\">\u00ab\u00a0Powerball USA\u00a0\u00bb<\/span><\/a><\/p>\n","protected":false},"author":1,"featured_media":0,"parent":29,"menu_order":0,"comment_status":"closed","ping_status":"closed","template":"","meta":{"footnotes":""},"class_list":["post-32","page","type-page","status-publish","hentry"],"yoast_head":"<!-- This site is optimized with the Yoast SEO plugin v27.3 - https:\/\/yoast.com\/product\/yoast-seo-wordpress\/ -->\n<title>Puis-je acheter des billets Powerball en ligne ?<\/title>\n<meta name=\"robots\" content=\"index, follow, max-snippet:-1, max-image-preview:large, max-video-preview:-1\" \/>\n<link rel=\"canonical\" href=\"https:\/\/powerballticketonline.com\/fr\/est-il-legal-dacheter-des-billets-powerball-dans-dautres-pays\/powerball-usa\/\" \/>\n<meta property=\"og:locale\" content=\"fr_FR\" \/>\n<meta property=\"og:type\" content=\"article\" \/>\n<meta property=\"og:title\" content=\"Puis-je acheter des billets Powerball en ligne ?\" \/>\n<meta property=\"og:description\" content=\"Comment obtenir vos billets Powerball en ligne Compar\u00e9es \u00e0 ce qui est propos\u00e9 chaque semaine au Powerball Lotto aux \u00c9tats-Unis, les loteries des autres pays semblent relativement modestes, m\u00eame lorsque leur jackpot est \u00e9lev\u00e9. Le jackpot record aux \u00c9tats-Unis s&rsquo;\u00e9l\u00e8ve actuellement \u00e0 1,5 milliard de dollars, vers\u00e9 en 2017\u00a0! On peut \u00e9videmment se demander s&rsquo;il &hellip; Lire la suite de\u00ab\u00a0Powerball USA\u00a0\u00bb\" \/>\n<meta property=\"og:url\" content=\"https:\/\/powerballticketonline.com\/fr\/est-il-legal-dacheter-des-billets-powerball-dans-dautres-pays\/powerball-usa\/\" \/>\n<meta name=\"twitter:card\" content=\"summary_large_image\" \/>\n<meta name=\"twitter:label1\" content=\"Dur\u00e9e de lecture estim\u00e9e\" \/>\n\t<meta name=\"twitter:data1\" content=\"2 minutes\" \/>\n<script type=\"application\/ld+json\" class=\"yoast-schema-graph\">{\"@context\":\"https:\\\/\\\/schema.org\",\"@graph\":[{\"@type\":\"WebPage\",\"@id\":\"https:\\\/\\\/powerballticketonline.com\\\/fr\\\/est-il-legal-dacheter-des-billets-powerball-dans-dautres-pays\\\/powerball-usa\\\/\",\"url\":\"https:\\\/\\\/powerballticketonline.com\\\/fr\\\/est-il-legal-dacheter-des-billets-powerball-dans-dautres-pays\\\/powerball-usa\\\/\",\"name\":\"Puis-je acheter des billets Powerball en ligne ?\",\"isPartOf\":{\"@id\":\"https:\\\/\\\/powerballticketonline.com\\\/fr\\\/#website\"},\"datePublished\":\"2025-08-04T09:55:18+00:00\",\"breadcrumb\":{\"@id\":\"https:\\\/\\\/powerballticketonline.com\\\/fr\\\/est-il-legal-dacheter-des-billets-powerball-dans-dautres-pays\\\/powerball-usa\\\/#breadcrumb\"},\"inLanguage\":\"fr-FR\",\"potentialAction\":[{\"@type\":\"ReadAction\",\"target\":[\"https:\\\/\\\/powerballticketonline.com\\\/fr\\\/est-il-legal-dacheter-des-billets-powerball-dans-dautres-pays\\\/powerball-usa\\\/\"]}]},{\"@type\":\"BreadcrumbList\",\"@id\":\"https:\\\/\\\/powerballticketonline.com\\\/fr\\\/est-il-legal-dacheter-des-billets-powerball-dans-dautres-pays\\\/powerball-usa\\\/#breadcrumb\",\"itemListElement\":[{\"@type\":\"ListItem\",\"position\":1,\"name\":\"Home\",\"item\":\"https:\\\/\\\/powerballticketonline.com\\\/fr\\\/\"},{\"@type\":\"ListItem\",\"position\":2,\"name\":\"Est-il l\u00e9gal d\u2019acheter des billets Powerball dans d\u2019autres pays\u00a0?\",\"item\":\"https:\\\/\\\/powerballticketonline.com\\\/fr\\\/is-it-legal-to-buy-powerball-tickets-from-other-countries\\\/\"},{\"@type\":\"ListItem\",\"position\":3,\"name\":\"Powerball USA\"}]},{\"@type\":\"WebSite\",\"@id\":\"https:\\\/\\\/powerballticketonline.com\\\/fr\\\/#website\",\"url\":\"https:\\\/\\\/powerballticketonline.com\\\/fr\\\/\",\"name\":\"\",\"description\":\"\",\"potentialAction\":[{\"@type\":\"SearchAction\",\"target\":{\"@type\":\"EntryPoint\",\"urlTemplate\":\"https:\\\/\\\/powerballticketonline.com\\\/fr\\\/?s={search_term_string}\"},\"query-input\":{\"@type\":\"PropertyValueSpecification\",\"valueRequired\":true,\"valueName\":\"search_term_string\"}}],\"inLanguage\":\"fr-FR\"}]}<\/script>\n<!-- \/ Yoast SEO plugin. -->","yoast_head_json":{"title":"Puis-je acheter des billets Powerball en ligne ?","robots":{"index":"index","follow":"follow","max-snippet":"max-snippet:-1","max-image-preview":"max-image-preview:large","max-video-preview":"max-video-preview:-1"},"canonical":"https:\/\/powerballticketonline.com\/fr\/est-il-legal-dacheter-des-billets-powerball-dans-dautres-pays\/powerball-usa\/","og_locale":"fr_FR","og_type":"article","og_title":"Puis-je acheter des billets Powerball en ligne ?","og_description":"Comment obtenir vos billets Powerball en ligne Compar\u00e9es \u00e0 ce qui est propos\u00e9 chaque semaine au Powerball Lotto aux \u00c9tats-Unis, les loteries des autres pays semblent relativement modestes, m\u00eame lorsque leur jackpot est \u00e9lev\u00e9. Le jackpot record aux \u00c9tats-Unis s&rsquo;\u00e9l\u00e8ve actuellement \u00e0 1,5 milliard de dollars, vers\u00e9 en 2017\u00a0! On peut \u00e9videmment se demander s&rsquo;il &hellip; Lire la suite de\u00ab\u00a0Powerball USA\u00a0\u00bb","og_url":"https:\/\/powerballticketonline.com\/fr\/est-il-legal-dacheter-des-billets-powerball-dans-dautres-pays\/powerball-usa\/","twitter_card":"summary_large_image","twitter_misc":{"Dur\u00e9e de lecture estim\u00e9e":"2 minutes"},"schema":{"@context":"https:\/\/schema.org","@graph":[{"@type":"WebPage","@id":"https:\/\/powerballticketonline.com\/fr\/est-il-legal-dacheter-des-billets-powerball-dans-dautres-pays\/powerball-usa\/","url":"https:\/\/powerballticketonline.com\/fr\/est-il-legal-dacheter-des-billets-powerball-dans-dautres-pays\/powerball-usa\/","name":"Puis-je acheter des billets Powerball en ligne ?","isPartOf":{"@id":"https:\/\/powerballticketonline.com\/fr\/#website"},"datePublished":"2025-08-04T09:55:18+00:00","breadcrumb":{"@id":"https:\/\/powerballticketonline.com\/fr\/est-il-legal-dacheter-des-billets-powerball-dans-dautres-pays\/powerball-usa\/#breadcrumb"},"inLanguage":"fr-FR","potentialAction":[{"@type":"ReadAction","target":["https:\/\/powerballticketonline.com\/fr\/est-il-legal-dacheter-des-billets-powerball-dans-dautres-pays\/powerball-usa\/"]}]},{"@type":"BreadcrumbList","@id":"https:\/\/powerballticketonline.com\/fr\/est-il-legal-dacheter-des-billets-powerball-dans-dautres-pays\/powerball-usa\/#breadcrumb","itemListElement":[{"@type":"ListItem","position":1,"name":"Home","item":"https:\/\/powerballticketonline.com\/fr\/"},{"@type":"ListItem","position":2,"name":"Est-il l\u00e9gal d\u2019acheter des billets Powerball dans d\u2019autres pays\u00a0?","item":"https:\/\/powerballticketonline.com\/fr\/is-it-legal-to-buy-powerball-tickets-from-other-countries\/"},{"@type":"ListItem","position":3,"name":"Powerball USA"}]},{"@type":"WebSite","@id":"https:\/\/powerballticketonline.com\/fr\/#website","url":"https:\/\/powerballticketonline.com\/fr\/","name":"","description":"","potentialAction":[{"@type":"SearchAction","target":{"@type":"EntryPoint","urlTemplate":"https:\/\/powerballticketonline.com\/fr\/?s={search_term_string}"},"query-input":{"@type":"PropertyValueSpecification","valueRequired":true,"valueName":"search_term_string"}}],"inLanguage":"fr-FR"}]}},"_links":{"self":[{"href":"https:\/\/powerballticketonline.com\/fr\/wp-json\/wp\/v2\/pages\/32","targetHints":{"allow":["GET"]}}],"collection":[{"href":"https:\/\/powerballticketonline.com\/fr\/wp-json\/wp\/v2\/pages"}],"about":[{"href":"https:\/\/powerballticketonline.com\/fr\/wp-json\/wp\/v2\/types\/page"}],"author":[{"embeddable":true,"href":"https:\/\/powerballticketonline.com\/fr\/wp-json\/wp\/v2\/users\/1"}],"replies":[{"embeddable":true,"href":"https:\/\/powerballticketonline.com\/fr\/wp-json\/wp\/v2\/comments?post=32"}],"version-history":[{"count":0,"href":"https:\/\/powerballticketonline.com\/fr\/wp-json\/wp\/v2\/pages\/32\/revisions"}],"up":[{"embeddable":true,"href":"https:\/\/powerballticketonline.com\/fr\/wp-json\/wp\/v2\/pages\/29"}],"wp:attachment":[{"href":"https:\/\/powerballticketonline.com\/fr\/wp-json\/wp\/v2\/media?parent=32"}],"curies":[{"name":"wp","href":"https:\/\/api.w.org\/{rel}","templated":true}]}}