{"id":33,"date":"2025-08-02T15:30:55","date_gmt":"2025-08-02T15:30:55","guid":{"rendered":"https:\/\/powerballticketonline.com\/est-il-legal-dacheter-des-billets-powerball-dans-dautres-pays\/jackpot-powerball-daujourdhui\/"},"modified":"2025-08-02T15:30:55","modified_gmt":"2025-08-02T15:30:55","slug":"jackpot-powerball-daujourdhui","status":"publish","type":"page","link":"https:\/\/powerballticketonline.com\/fr\/est-il-legal-dacheter-des-billets-powerball-dans-dautres-pays\/jackpot-powerball-daujourdhui\/","title":{"rendered":"Jackpot Powerball d&rsquo;aujourd&rsquo;hui"},"content":{"rendered":"<h1>Trouvez le jackpot Powerball d&rsquo;aujourd&rsquo;hui (et bien plus encore)<\/h1>\n<p>Vous \u00eates pr\u00eat \u00e0 acheter un ticket de loto, mais vous ne savez pas \u00e0 quel jeu jouer\u00a0? Si vous avez du mal \u00e0 choisir le bon jeu, la meilleure chose \u00e0 faire est probablement de regarder les jackpots, n&rsquo;est-ce pas\u00a0? Vous voulez jouer \u00e0 un jeu qui vous offre de bonnes chances de gagner, mais vous voulez aussi vous assurer de jouer \u00e0 un jeu qui offre un jackpot vraiment int\u00e9ressant, car c&rsquo;est l\u00e0 que vous gagnerez (probablement) le plus d&rsquo;argent, n&rsquo;est-ce pas\u00a0? Alors, si vous vous interrogez sur le jackpot du Powerball d&rsquo;aujourd&rsquo;hui, et sur tous les autres jackpots, il va falloir y regarder de plus pr\u00e8s.<\/p>\n<h2>Meilleur jackpot du Powerball d&rsquo;aujourd&rsquo;hui<\/h2>\n<p>Le plus gros jackpot jamais remport\u00e9 par le Powerball a d\u00e9pass\u00e9 1,5 milliard de dollars\u00a0! C&rsquo;est une somme colossale et \u00e7a changerait la vie de n&rsquo;importe qui, n&rsquo;est-ce pas\u00a0? Ce serait incroyable de pouvoir gagner autant d&rsquo;argent, non\u00a0? C&rsquo;est un r\u00eave pour la plupart d&rsquo;entre nous, mais c&rsquo;est arriv\u00e9 \u00e0 quelqu&rsquo;un, et la prochaine fois que ce genre de jackpot se pr\u00e9sentera, impossible de savoir qui ce sera, et ce pourrait bien \u00eatre vous.<\/p>\n<p>Depuis qu&rsquo;il a d\u00e9pass\u00e9 le milliard de dollars non pas une, mais deux fois, le Powerball continue de s&rsquo;envoler vers les millions. Le jackpot a atteint des sommets, et beaucoup de gens y ont vraiment trouv\u00e9 leur bonheur. Des gens gagnent des centaines de millions, voire pr\u00e8s d&rsquo;un milliard de dollars, ce qui signifie que c&rsquo;est le genre de jeu que vous allez vouloir essayer par vous-m\u00eame. Le jackpot Powerball d&rsquo;aujourd&rsquo;hui n&rsquo;a peut-\u00eatre pas l&rsquo;air aussi impressionnant, mais il ne fera que grimper. Et quand quelqu&rsquo;un le gagnera, tout recommencera.<\/p>\n<h2>Meilleur jackpot du Mega Millions<\/h2>\n<p>Le Mega Millions est un autre jeu am\u00e9ricain qui a culmin\u00e9 \u00e0 environ 1,5 milliard de dollars, mais il n&rsquo;a jamais connu un jackpot aussi \u00e9lev\u00e9. Il faut absolument tenter sa chance, car de nombreux prix valaient des centaines de millions de dollars et cela va faire une \u00e9norme diff\u00e9rence dans votre vie, vous ne pensez pas\u00a0? Le jackpot d\u00e9marre toujours \u00e0 40 millions de dollars et augmente ensuite. Il n&rsquo;a probablement jamais \u00e9t\u00e9 remport\u00e9 \u00e0 un niveau aussi bas, mais ne serait-il pas incroyable m\u00eame si c&rsquo;\u00e9tait le cas\u00a0?<\/p>\n<h2>Meilleur jackpot de l&rsquo;EuroMillions<\/h2>\n<p>Ce jeu, jou\u00e9 dans toute l&rsquo;Europe, est un autre jeu qui a pris une ampleur consid\u00e9rable. Il a d\u00e9pass\u00e9 les 183,5 millions d&rsquo;euros, soit plus de 206 millions de dollars am\u00e9ricains. C&rsquo;est une somme colossale, et m\u00eame si ce n&rsquo;est pas le plus gros jackpot que nous ayons vu sur le march\u00e9, c&rsquo;est quand m\u00eame un jackpot int\u00e9ressant \u00e0 remporter, vous ne trouvez pas\u00a0? Bien s\u00fbr, il faut beaucoup pour atteindre un tel niveau, mais vous aurez une chance d&rsquo;y parvenir, alors c&rsquo;est un jeu que vous voudrez regarder, m\u00eame s&rsquo;il est un peu plus bas.<\/p>\n<h2>Top SuperEnalotto<\/h2>\n<p>Jou\u00e9 en Italie, ce jeu a d\u00e9j\u00e0 d\u00e9pass\u00e9 les 177,7 millions d&rsquo;euros, soit un peu moins de 200 millions de dollars am\u00e9ricains. Vous avez donc vraiment envie de participer. Tout jeu qui peut atteindre des centaines de millions est un jeu auquel vous aurez certainement envie de gagner, ce qui en fait une excellente option pour tous. Ce jackpot a \u00e9t\u00e9 remport\u00e9 par un seul ticket (m\u00eame si de nombreuses personnes ont particip\u00e9 \u00e0 ce jackpot), et plusieurs autres lots, tr\u00e8s serr\u00e9s, ont \u00e9t\u00e9 remport\u00e9s par des tickets individuels.<\/p>\n<h2>Meilleure loterie nationale<\/h2>\n<p>Au Royaume-Uni, il existe une loterie nationale qui a d\u00e9j\u00e0 atteint 42 millions de livres sterling, soit environ 52 millions de dollars am\u00e9ricains. Bien que ce prix soit tr\u00e8s diff\u00e9rent des autres dont nous avons parl\u00e9 jusqu&rsquo;\u00e0 pr\u00e9sent, il s&rsquo;agit tout de m\u00eame d&rsquo;une somme importante, et c&rsquo;est une somme que vous voudriez absolument tenter de remporter, n&rsquo;est-ce pas\u00a0? Ce billet gagnant date d&rsquo;il y a longtemps, mais le jeu continue d&rsquo;exister et les prix sont toujours aussi int\u00e9ressants.<\/p>\n<h2>Loterie d&rsquo;\u00c9tat<\/h2>\n<p>Presque tous les pays en dehors des \u00c9tats-Unis ont une loterie d&rsquo;\u00c9tat (diff\u00e9rente des \u00ab\u00a0\u00c9tats\u00a0\u00bb ici). Ces jeux ont \u00e9galement atteint des millions de dollars, ce qui en fait une excellente option. Pourquoi\u00a0? Parce que ce sont des jeux plus petits, mais qui offrent tout de m\u00eame des prix incroyables \u00e0 ne pas manquer. Vous pouvez certainement augmenter vos chances en jouant \u00e0 certains de ces petits jeux, et les prix ne sont pas forc\u00e9ment beaucoup plus petits si vous tombez sur quelque chose.<\/p>\n<h2>Union Lotto<\/h2>\n<p>La Chine poss\u00e8de un autre jeu appel\u00e9 Union Lotto, qui pouvait autrefois atteindre 570 millions de yens, soit environ 82 millions de dollars am\u00e9ricains. M\u00eame si c&rsquo;est une diff\u00e9rence assez importante entre la monnaie locale et le dollar am\u00e9ricainC&rsquo;est vraiment une somme que chacun d&rsquo;entre nous aimerait gagner, et c&rsquo;est une chose \u00e0 laquelle il faut absolument r\u00e9fl\u00e9chir. Bien s\u00fbr, quand on pense aux jackpots qui se jouent dans d&rsquo;autres pays, il faut absolument faire les conversions pour voir ce que l&rsquo;on tente de gagner, mais gagner n&rsquo;importe quel jackpot est toujours une exp\u00e9rience formidable.<\/p>\n<h2>Mega-Sena<\/h2>\n<p>Au Br\u00e9sil, il existe un jeu appel\u00e9 Mega-Sena, qui a \u00e9t\u00e9 lanc\u00e9 il n&rsquo;y a pas si longtemps. Bon, c&rsquo;\u00e9tait il y a plus de 10 ans, mais certains de ces jackpots colossaux sont plus anciens. Celui-ci \u00e9tait de 145 millions de r\u00e9aux br\u00e9siliens, soit des r\u00e9aux br\u00e9siliens. En dollars am\u00e9ricains, cela repr\u00e9sente environ 38,6 millions de dollars. C&rsquo;est un prix que tout le monde serait ravi de gagner, et m\u00eame s&rsquo;il n&rsquo;est pas le plus gros, il vaut vraiment la peine d&rsquo;y mettre du sien. C&rsquo;est un autre jeu \u00e0 d\u00e9couvrir si vous jouez au loto.<\/p>\n<h2>Jouer en ligne<\/h2>\n<p><img loading=\"lazy\" decoding=\"async\" src=\"images\/play_lottery_online.jpg\" alt=\"size of mega millions jackpot today\" width=\"200\" height=\"201\" style=\"margin: 1px; float: right;\" \/>En fin de compte, il n&rsquo;y a qu&rsquo;une seule fa\u00e7on de jouer \u00e0 tous ces jeux\u00a0: jouer en ligne. Vous pourriez \u00eatre surpris par le nombre de jeux g\u00e9niaux disponibles et par leur facilit\u00e9 d&rsquo;acc\u00e8s. Il vous suffit d&rsquo;un site web adapt\u00e9 pour vous aider \u00e0 trouver ce dont vous avez besoin <a href=\"https:\/\/redfoxlotto.com\/?ref=A8564250A2&#038;medium=pwrb\" target=\"_blank\" rel=\"noopener noreferrer\"><span style=\"text-decoration: underline;\">et ce site web s&rsquo;appelle RedFoxLotto.com<\/span><\/a>. Vous y trouverez tous ces jeux et bien plus encore si vous souhaitez vous initier \u00e0 une nouvelle fa\u00e7on de jouer.<\/p>\n<p>En jouant en ligne, vous aurez \u00e9galement la possibilit\u00e9 de gagner tous les prix que vous obtiendriez avec un ticket physique, et vous b\u00e9n\u00e9ficierez de bien plus d&rsquo;options. Vous n&rsquo;\u00eates plus limit\u00e9 par votre lieu de r\u00e9sidence ni par les tickets que vous pouvez acheter dans votre sup\u00e9rette. Au contraire, vous aurez l&rsquo;opportunit\u00e9 de jouer \u00e0 des jeux de diff\u00e9rents pays du monde, ce qui vous ouvrira la voie \u00e0 des jackpots plus importants, \u00e0 de meilleures cotes et \u00e0 beaucoup de plaisir.<\/p>\n<h2>En conclusion<\/h2>\n<p>Lorsque viendra le moment de choisir votre prochain jeu, assurez-vous de bien les essayer tous. Vous pourriez \u00eatre surpris par ce que vous pouvez trouver et comment gagner. Vous pourriez \u00e9galement \u00eatre surpris par les cons\u00e9quences que cela pourrait avoir pour vous. Que vous remportiez un gros jackpot ou un petit, et qu&rsquo;il soit dans une devise totalement diff\u00e9rente ou non, vous passerez un excellent moment avec l&rsquo;argent que vous gagnerez au passage.<\/p>\n","protected":false},"excerpt":{"rendered":"<p>Trouvez le jackpot Powerball d&rsquo;aujourd&rsquo;hui (et bien plus encore) Vous \u00eates pr\u00eat \u00e0 acheter un ticket de loto, mais vous ne savez pas \u00e0 quel jeu jouer\u00a0? Si vous avez du mal \u00e0 choisir le bon jeu, la meilleure chose \u00e0 faire est probablement de regarder les jackpots, n&rsquo;est-ce pas\u00a0? Vous voulez jouer \u00e0 un &hellip; <\/p>\n<p class=\"link-more\"><a href=\"https:\/\/powerballticketonline.com\/fr\/est-il-legal-dacheter-des-billets-powerball-dans-dautres-pays\/jackpot-powerball-daujourdhui\/\" class=\"more-link\">Lire la suite de<span class=\"screen-reader-text\">\u00ab\u00a0Jackpot Powerball d&rsquo;aujourd&rsquo;hui\u00a0\u00bb<\/span><\/a><\/p>\n","protected":false},"author":1,"featured_media":0,"parent":29,"menu_order":0,"comment_status":"closed","ping_status":"closed","template":"","meta":{"footnotes":""},"class_list":["post-33","page","type-page","status-publish","hentry"],"yoast_head":"<!-- This site is optimized with the Yoast SEO plugin v27.3 - https:\/\/yoast.com\/product\/yoast-seo-wordpress\/ -->\n<title>Jackpot Powerball d&#039;aujourd&#039;hui -<\/title>\n<meta name=\"robots\" content=\"index, follow, max-snippet:-1, max-image-preview:large, max-video-preview:-1\" \/>\n<link rel=\"canonical\" href=\"https:\/\/powerballticketonline.com\/fr\/est-il-legal-dacheter-des-billets-powerball-dans-dautres-pays\/jackpot-powerball-daujourdhui\/\" \/>\n<meta property=\"og:locale\" content=\"fr_FR\" \/>\n<meta property=\"og:type\" content=\"article\" \/>\n<meta property=\"og:title\" content=\"Jackpot Powerball d&#039;aujourd&#039;hui -\" \/>\n<meta property=\"og:description\" content=\"Trouvez le jackpot Powerball d&rsquo;aujourd&rsquo;hui (et bien plus encore) Vous \u00eates pr\u00eat \u00e0 acheter un ticket de loto, mais vous ne savez pas \u00e0 quel jeu jouer\u00a0? Si vous avez du mal \u00e0 choisir le bon jeu, la meilleure chose \u00e0 faire est probablement de regarder les jackpots, n&rsquo;est-ce pas\u00a0? Vous voulez jouer \u00e0 un &hellip; Lire la suite de\u00ab\u00a0Jackpot Powerball d&rsquo;aujourd&rsquo;hui\u00a0\u00bb\" \/>\n<meta property=\"og:url\" content=\"https:\/\/powerballticketonline.com\/fr\/est-il-legal-dacheter-des-billets-powerball-dans-dautres-pays\/jackpot-powerball-daujourdhui\/\" \/>\n<meta name=\"twitter:card\" content=\"summary_large_image\" \/>\n<meta name=\"twitter:label1\" content=\"Dur\u00e9e de lecture estim\u00e9e\" \/>\n\t<meta name=\"twitter:data1\" content=\"6 minutes\" \/>\n<script type=\"application\/ld+json\" class=\"yoast-schema-graph\">{\"@context\":\"https:\\\/\\\/schema.org\",\"@graph\":[{\"@type\":\"WebPage\",\"@id\":\"https:\\\/\\\/powerballticketonline.com\\\/fr\\\/est-il-legal-dacheter-des-billets-powerball-dans-dautres-pays\\\/jackpot-powerball-daujourdhui\\\/\",\"url\":\"https:\\\/\\\/powerballticketonline.com\\\/fr\\\/est-il-legal-dacheter-des-billets-powerball-dans-dautres-pays\\\/jackpot-powerball-daujourdhui\\\/\",\"name\":\"Jackpot Powerball d'aujourd'hui -\",\"isPartOf\":{\"@id\":\"https:\\\/\\\/powerballticketonline.com\\\/fr\\\/#website\"},\"datePublished\":\"2025-08-02T15:30:55+00:00\",\"breadcrumb\":{\"@id\":\"https:\\\/\\\/powerballticketonline.com\\\/fr\\\/est-il-legal-dacheter-des-billets-powerball-dans-dautres-pays\\\/jackpot-powerball-daujourdhui\\\/#breadcrumb\"},\"inLanguage\":\"fr-FR\",\"potentialAction\":[{\"@type\":\"ReadAction\",\"target\":[\"https:\\\/\\\/powerballticketonline.com\\\/fr\\\/est-il-legal-dacheter-des-billets-powerball-dans-dautres-pays\\\/jackpot-powerball-daujourdhui\\\/\"]}]},{\"@type\":\"BreadcrumbList\",\"@id\":\"https:\\\/\\\/powerballticketonline.com\\\/fr\\\/est-il-legal-dacheter-des-billets-powerball-dans-dautres-pays\\\/jackpot-powerball-daujourdhui\\\/#breadcrumb\",\"itemListElement\":[{\"@type\":\"ListItem\",\"position\":1,\"name\":\"Home\",\"item\":\"https:\\\/\\\/powerballticketonline.com\\\/fr\\\/\"},{\"@type\":\"ListItem\",\"position\":2,\"name\":\"Est-il l\u00e9gal d\u2019acheter des billets Powerball dans d\u2019autres pays\u00a0?\",\"item\":\"https:\\\/\\\/powerballticketonline.com\\\/fr\\\/is-it-legal-to-buy-powerball-tickets-from-other-countries\\\/\"},{\"@type\":\"ListItem\",\"position\":3,\"name\":\"Jackpot Powerball d&#8217;aujourd&#8217;hui\"}]},{\"@type\":\"WebSite\",\"@id\":\"https:\\\/\\\/powerballticketonline.com\\\/fr\\\/#website\",\"url\":\"https:\\\/\\\/powerballticketonline.com\\\/fr\\\/\",\"name\":\"\",\"description\":\"\",\"potentialAction\":[{\"@type\":\"SearchAction\",\"target\":{\"@type\":\"EntryPoint\",\"urlTemplate\":\"https:\\\/\\\/powerballticketonline.com\\\/fr\\\/?s={search_term_string}\"},\"query-input\":{\"@type\":\"PropertyValueSpecification\",\"valueRequired\":true,\"valueName\":\"search_term_string\"}}],\"inLanguage\":\"fr-FR\"}]}<\/script>\n<!-- \/ Yoast SEO plugin. -->","yoast_head_json":{"title":"Jackpot Powerball d'aujourd'hui -","robots":{"index":"index","follow":"follow","max-snippet":"max-snippet:-1","max-image-preview":"max-image-preview:large","max-video-preview":"max-video-preview:-1"},"canonical":"https:\/\/powerballticketonline.com\/fr\/est-il-legal-dacheter-des-billets-powerball-dans-dautres-pays\/jackpot-powerball-daujourdhui\/","og_locale":"fr_FR","og_type":"article","og_title":"Jackpot Powerball d'aujourd'hui -","og_description":"Trouvez le jackpot Powerball d&rsquo;aujourd&rsquo;hui (et bien plus encore) Vous \u00eates pr\u00eat \u00e0 acheter un ticket de loto, mais vous ne savez pas \u00e0 quel jeu jouer\u00a0? Si vous avez du mal \u00e0 choisir le bon jeu, la meilleure chose \u00e0 faire est probablement de regarder les jackpots, n&rsquo;est-ce pas\u00a0? Vous voulez jouer \u00e0 un &hellip; Lire la suite de\u00ab\u00a0Jackpot Powerball d&rsquo;aujourd&rsquo;hui\u00a0\u00bb","og_url":"https:\/\/powerballticketonline.com\/fr\/est-il-legal-dacheter-des-billets-powerball-dans-dautres-pays\/jackpot-powerball-daujourdhui\/","twitter_card":"summary_large_image","twitter_misc":{"Dur\u00e9e de lecture estim\u00e9e":"6 minutes"},"schema":{"@context":"https:\/\/schema.org","@graph":[{"@type":"WebPage","@id":"https:\/\/powerballticketonline.com\/fr\/est-il-legal-dacheter-des-billets-powerball-dans-dautres-pays\/jackpot-powerball-daujourdhui\/","url":"https:\/\/powerballticketonline.com\/fr\/est-il-legal-dacheter-des-billets-powerball-dans-dautres-pays\/jackpot-powerball-daujourdhui\/","name":"Jackpot Powerball d'aujourd'hui -","isPartOf":{"@id":"https:\/\/powerballticketonline.com\/fr\/#website"},"datePublished":"2025-08-02T15:30:55+00:00","breadcrumb":{"@id":"https:\/\/powerballticketonline.com\/fr\/est-il-legal-dacheter-des-billets-powerball-dans-dautres-pays\/jackpot-powerball-daujourdhui\/#breadcrumb"},"inLanguage":"fr-FR","potentialAction":[{"@type":"ReadAction","target":["https:\/\/powerballticketonline.com\/fr\/est-il-legal-dacheter-des-billets-powerball-dans-dautres-pays\/jackpot-powerball-daujourdhui\/"]}]},{"@type":"BreadcrumbList","@id":"https:\/\/powerballticketonline.com\/fr\/est-il-legal-dacheter-des-billets-powerball-dans-dautres-pays\/jackpot-powerball-daujourdhui\/#breadcrumb","itemListElement":[{"@type":"ListItem","position":1,"name":"Home","item":"https:\/\/powerballticketonline.com\/fr\/"},{"@type":"ListItem","position":2,"name":"Est-il l\u00e9gal d\u2019acheter des billets Powerball dans d\u2019autres pays\u00a0?","item":"https:\/\/powerballticketonline.com\/fr\/is-it-legal-to-buy-powerball-tickets-from-other-countries\/"},{"@type":"ListItem","position":3,"name":"Jackpot Powerball d&#8217;aujourd&#8217;hui"}]},{"@type":"WebSite","@id":"https:\/\/powerballticketonline.com\/fr\/#website","url":"https:\/\/powerballticketonline.com\/fr\/","name":"","description":"","potentialAction":[{"@type":"SearchAction","target":{"@type":"EntryPoint","urlTemplate":"https:\/\/powerballticketonline.com\/fr\/?s={search_term_string}"},"query-input":{"@type":"PropertyValueSpecification","valueRequired":true,"valueName":"search_term_string"}}],"inLanguage":"fr-FR"}]}},"_links":{"self":[{"href":"https:\/\/powerballticketonline.com\/fr\/wp-json\/wp\/v2\/pages\/33","targetHints":{"allow":["GET"]}}],"collection":[{"href":"https:\/\/powerballticketonline.com\/fr\/wp-json\/wp\/v2\/pages"}],"about":[{"href":"https:\/\/powerballticketonline.com\/fr\/wp-json\/wp\/v2\/types\/page"}],"author":[{"embeddable":true,"href":"https:\/\/powerballticketonline.com\/fr\/wp-json\/wp\/v2\/users\/1"}],"replies":[{"embeddable":true,"href":"https:\/\/powerballticketonline.com\/fr\/wp-json\/wp\/v2\/comments?post=33"}],"version-history":[{"count":0,"href":"https:\/\/powerballticketonline.com\/fr\/wp-json\/wp\/v2\/pages\/33\/revisions"}],"up":[{"embeddable":true,"href":"https:\/\/powerballticketonline.com\/fr\/wp-json\/wp\/v2\/pages\/29"}],"wp:attachment":[{"href":"https:\/\/powerballticketonline.com\/fr\/wp-json\/wp\/v2\/media?parent=33"}],"curies":[{"name":"wp","href":"https:\/\/api.w.org\/{rel}","templated":true}]}}