{"id":49,"date":"2025-08-04T10:29:33","date_gmt":"2025-08-04T10:29:33","guid":{"rendered":"https:\/\/powerballticketonline.com\/verifiez-les-numeros-powerball\/"},"modified":"2025-08-04T10:29:33","modified_gmt":"2025-08-04T10:29:33","slug":"verifiez-les-numeros-powerball","status":"publish","type":"page","link":"https:\/\/powerballticketonline.com\/fr\/verifiez-les-numeros-powerball\/","title":{"rendered":"V\u00e9rifiez les num\u00e9ros Powerball"},"content":{"rendered":"<h1>Comment savoir si vos num\u00e9ros Powerball sont gagnants<\/h1>\n<p>Vous cherchez un moyen simple et rapide de v\u00e9rifier les num\u00e9ros Powerball\u00a0? Si oui, vous \u00eates au bon endroit, car c&rsquo;est exactement ce dont il s&rsquo;agit. Vous voulez \u00eatre s\u00fbr d&rsquo;avoir les bons num\u00e9ros imm\u00e9diatement et de pouvoir profiter pleinement de vos gains (ou retourner en magasin pour acheter un autre ticket). Mais comment v\u00e9rifier les num\u00e9ros et conna\u00eetre les r\u00e9sultats\u00a0? Vous devez savoir qui d\u00e9tient ces num\u00e9ros et quand ils seront disponibles.<\/p>\n<h2>Quand v\u00e9rifier les num\u00e9ros Powerball<\/h2>\n<p>Quand peut-on v\u00e9rifier les num\u00e9ros gagnants du Powerball\u00a0? Il existe plusieurs fa\u00e7ons de les v\u00e9rifier. Pour conna\u00eetre les num\u00e9ros d\u00e8s qu&rsquo;ils sont sortis, la meilleure option est de regarder le tirage en direct. D\u00e9sormais, vous pouvez le faire en ligne, depuis n&rsquo;importe quel appareil connect\u00e9 \u00e0 Internet. Il vous suffit de vous rendre sur le site web du jeu et de suivre le lien pour suivre le tirage. Vous pouvez \u00e9galement regarder le tirage en direct sur les cha\u00eenes locales.<\/p>\n<p>Si vous ne souhaitez pas conna\u00eetre imm\u00e9diatement le num\u00e9ro gagnant, vous pouvez consulter des sites comme le site web de Powerball, des sites d&rsquo;actualit\u00e9s et m\u00eame des sites web qui suivent les jeux de loto assez rapidement apr\u00e8s le tirage. Ces sites sont mis \u00e0 jour en une heure environ (la plupart du temps), vous serez donc inform\u00e9 assez rapidement, mais pas instantan\u00e9ment. Vous ne regarderez pas chaque num\u00e9ro sortir, ce qui peut \u00eatre tr\u00e8s amusant pour certains. Mais vous serez toujours parmi les premiers inform\u00e9s, c&rsquo;est donc une excellente solution si vous manquez le tirage en direct.<\/p>\n<p>Vous pouvez \u00e9galement consulter vos num\u00e9ros \u00e0 une machine. N&rsquo;importe quel distributeur de billets de loterie pourra scanner votre ticket pour savoir si vous avez gagn\u00e9. Cela ne vous donnera pas forc\u00e9ment les num\u00e9ros gagnants (m\u00eame si ces distributeurs peuvent aussi les imprimer), mais vous permettra de savoir si vous avez gagn\u00e9. Certaines machines sont \u00e0 scanner soi-m\u00eame, tandis que d&rsquo;autres sont situ\u00e9es derri\u00e8re le comptoir, o\u00f9 vous aurez besoin de quelqu&rsquo;un d&rsquo;autre pour s&rsquo;en occuper.<\/p>\n<p>Enfin, vous pouvez consulter le journal le lendemain du tirage. Si vous l&rsquo;avez d\u00e9j\u00e0 re\u00e7u ou si vous ne souhaitez pas conna\u00eetre imm\u00e9diatement les r\u00e9sultats du ticket, vous pouvez attendre le lendemain matin. Ces journaux contiendront les num\u00e9ros gagnants du Powerball ainsi que ceux de tous les autres tirages du jour. Bien s\u00fbr, cela concerne les loteries locales et nationales, mais pas celles pratiqu\u00e9es ailleurs dans le monde, qui pourraient constituer un passe-temps totalement nouveau et amusant.<\/p>\n<h2>Pourquoi vous voulez conna\u00eetre les num\u00e9ros du Powerball<\/h2>\n<p>Si vous jouez au Powerball depuis longtemps, vous voulez conna\u00eetre les num\u00e9ros, car vous voulez absolument savoir si vous avez gagn\u00e9. Vous voulez voir quels num\u00e9ros sont sortis pour savoir si les v\u00f4tres correspondent ou si vous avez au moins assez de num\u00e9ros pour gagner un petit prix. Vous voulez juste pouvoir jouer un peu, n&rsquo;est-ce pas\u00a0? Et vous voulez \u00eatre s\u00fbr de pouvoir gagner un peu avant de rejouer. Bien s\u00fbr, ce n&rsquo;est pas la seule raison pour laquelle vous voulez n\u00e9cessairement conna\u00eetre les num\u00e9ros.<\/p>\n<p>Selon votre fa\u00e7on de jouer au Powerball, vous voudrez peut-\u00eatre conna\u00eetre les num\u00e9ros pour savoir quels num\u00e9ros vous souhaitez jouer ensuite. Vous pouvez v\u00e9rifier quels num\u00e9ros sont les plus populaires afin d&rsquo;\u00e9laborer votre strat\u00e9gie. Pour certains, conna\u00eetre les num\u00e9ros qui sortent fr\u00e9quemment est le meilleur moyen de s&rsquo;assurer d&rsquo;obtenir les bons num\u00e9ros la prochaine fois. Mais on ne sait jamais sur quoi on va tomber.<\/p>\n<h2>Se lancer dans le loto<\/h2>\n<p>Si vous n&rsquo;\u00eates pas aussi passionn\u00e9 de loto que d&rsquo;autres, cela ne signifie pas que vous devez continuer comme \u00e7a. Vous pouvez tout \u00e0 fait d\u00e9couvrir de nouveaux jeux ou commencer \u00e0 jouer \u00e0 des jeux dont vous avez d\u00e9j\u00e0 entendu parler ou que vous avez m\u00eame regard\u00e9s. Si vous \u00eates int\u00e9ress\u00e9 par des jeux plus locaux, vous pouvez trouver des jeux comme Daily 3 et 4, Lotto 47, Powerball et Mega Millions. Ces jeux sont disponibles dans diff\u00e9rentes r\u00e9gions et aux \u00c9tats-Unis en g\u00e9n\u00e9ral. Mais il existe bien d&rsquo;autres jeux.<\/p>\n<p>Avez-vous d\u00e9j\u00e0 entendu parler du Super Enalotto\u00a0? Et de l&rsquo;Euro Jackpot\u00a0? Ou La Primitiva\u00a0? Ce sont tous des jeux de loterie majeurs qui se d\u00e9roulent actuellement dans diff\u00e9rents pays. Et ce sont des jeux auxquels vous pourriez tout \u00e0 fait jouer, mais dont vous ignoriez l&rsquo;existence. Cela signifie que vous passez \u00e0 c\u00f4t\u00e9 d&rsquo;une chance de gagner un gros lot (ou n&rsquo;importe quel lot) parce que vous ne jouez pas aux jeux auxquels vous pourriez participer. Cela ne signifie pas que vous devez absolument jouer \u00e0 tous les jeux existants. Mais vous devriez absolument en essayer au moins quelques-uns pour voir ce qui vous correspond.r favoris.<\/p>\n<p>Lorsque vous jouez au loto en ligne, vous pourriez \u00eatre surpris par les options qui s&rsquo;offrent \u00e0 vous. Il existe de nombreuses fa\u00e7ons de jouer et diff\u00e9rents lieux. Certains jeux sont plus petits, ce qui signifie que vous n&rsquo;aurez peut-\u00eatre pas la chance de remporter un gros lot. Mais ces jeux offrent de meilleures chances de gagner. D&rsquo;autres jeux peuvent \u00eatre plus gros que vous ne le pensez, ce qui signifie que vous pourriez avoir une excellente occasion de remporter quelque chose de vraiment int\u00e9ressant. Mais vous ne pouvez certainement pas gagner si vous ne jouez pas, et c&rsquo;est l\u00e0 que le vrai plaisir r\u00e9side.<\/p>\n<h2>Comment jouer au loto en ligne<\/h2>\n<p><img loading=\"lazy\" decoding=\"async\" src=\"images\/jackpot_online.jpg\" alt=\"numbers checker Powerball\" width=\"200\" height=\"200\" style=\"margin: 1px; float: right;\" \/>Si vous cherchez des fa\u00e7ons de jouer au loto en ligne, <a href=\"https:\/\/redfoxlotto.com\/?ref=A8564250A2&#038;medium=pwrb\" target=\"_blank\" rel=\"noopener noreferrer\"><span style=\"text-decoration: underline;\">vous devriez consulter RedFoxLotto.com<\/span><\/a>. Ce site web vous permet de d\u00e9couvrir l&rsquo;actualit\u00e9 du loto dans le monde et de d\u00e9couvrir certains jeux. Vous pourrez \u00e9galement consulter les jackpots, afin de savoir \u00e0 quoi vous attendre. Gardez \u00e0 l&rsquo;esprit la devise dans laquelle le jackpot est affich\u00e9 et les jeux qui pourraient vous int\u00e9resser. On ne sait jamais ce que l&rsquo;on peut gagner.<\/p>\n<p>Le plus amusant, c&rsquo;est que jouer au loto en ligne offre beaucoup plus d&rsquo;options. Vous pouvez consulter le site RedFoxLotto pour voir les jeux qui vous int\u00e9ressent et choisir vos tickets. M\u00eame des jeux comme le Mega Millions et le Powerball y sont disponibles. Inutile de vous d\u00e9placer pour jouer. Installez-vous confortablement devant votre ordinateur, s\u00e9lectionnez les tickets qui vous int\u00e9ressent et r\u00e9cup\u00e9rez tout ce dont vous avez besoin pour jouer autant de fois que n\u00e9cessaire. Cela vous simplifiera la vie et vous rendra la vie beaucoup plus amusante, n&rsquo;est-ce pas\u00a0?<\/p>\n<h2>En r\u00e9sum\u00e9<\/h2>\n<p>En fin de compte, pour consulter les num\u00e9ros du Powerball, vous avez bien plus d&rsquo;options que vous ne le pensez. Tout d\u00e9pend si vous souhaitez conna\u00eetre les num\u00e9ros imm\u00e9diatement ou si vous \u00eates pr\u00eat \u00e0 attendre un peu plus longtemps. Pour les conna\u00eetre imm\u00e9diatement, vous pouvez opter pour le tirage en direct ou consulter un site web qui vous les communiquera d\u00e8s leur tirage. En revanche, si vous cherchez des num\u00e9ros plus tard, ou si vous n&rsquo;\u00eates pas trop inquiet, consulter le journal le lendemain ou une machine d\u00e8s que vous en avez l&rsquo;occasion peut s&rsquo;av\u00e9rer judicieux.<\/p>\n<p>Lorsque vous cherchez des num\u00e9ros Powerball, vous devez savoir exactement o\u00f9 aller, ce qui implique d&rsquo;\u00e9laborer une strat\u00e9gie \u00e0 l&rsquo;avance. Assurez-vous simplement d&rsquo;\u00eatre le premier inform\u00e9 de vos gains.<\/p>\n","protected":false},"excerpt":{"rendered":"<p>Comment savoir si vos num\u00e9ros Powerball sont gagnants Vous cherchez un moyen simple et rapide de v\u00e9rifier les num\u00e9ros Powerball\u00a0? Si oui, vous \u00eates au bon endroit, car c&rsquo;est exactement ce dont il s&rsquo;agit. Vous voulez \u00eatre s\u00fbr d&rsquo;avoir les bons num\u00e9ros imm\u00e9diatement et de pouvoir profiter pleinement de vos gains (ou retourner en magasin &hellip; <\/p>\n<p class=\"link-more\"><a href=\"https:\/\/powerballticketonline.com\/fr\/verifiez-les-numeros-powerball\/\" class=\"more-link\">Lire la suite de<span class=\"screen-reader-text\">\u00ab\u00a0V\u00e9rifiez les num\u00e9ros Powerball\u00a0\u00bb<\/span><\/a><\/p>\n","protected":false},"author":1,"featured_media":0,"parent":0,"menu_order":0,"comment_status":"closed","ping_status":"closed","template":"","meta":{"footnotes":""},"class_list":["post-49","page","type-page","status-publish","hentry"],"yoast_head":"<!-- This site is optimized with the Yoast SEO plugin v27.6 - https:\/\/yoast.com\/product\/yoast-seo-wordpress\/ -->\n<title>V\u00e9rifiez les num\u00e9ros Powerball -<\/title>\n<meta name=\"robots\" content=\"index, follow, max-snippet:-1, max-image-preview:large, max-video-preview:-1\" \/>\n<link rel=\"canonical\" href=\"https:\/\/powerballticketonline.com\/fr\/verifiez-les-numeros-powerball\/\" \/>\n<meta property=\"og:locale\" content=\"fr_FR\" \/>\n<meta property=\"og:type\" content=\"article\" \/>\n<meta property=\"og:title\" content=\"V\u00e9rifiez les num\u00e9ros Powerball -\" \/>\n<meta property=\"og:description\" content=\"Comment savoir si vos num\u00e9ros Powerball sont gagnants Vous cherchez un moyen simple et rapide de v\u00e9rifier les num\u00e9ros Powerball\u00a0? Si oui, vous \u00eates au bon endroit, car c&rsquo;est exactement ce dont il s&rsquo;agit. Vous voulez \u00eatre s\u00fbr d&rsquo;avoir les bons num\u00e9ros imm\u00e9diatement et de pouvoir profiter pleinement de vos gains (ou retourner en magasin &hellip; Lire la suite de\u00ab\u00a0V\u00e9rifiez les num\u00e9ros Powerball\u00a0\u00bb\" \/>\n<meta property=\"og:url\" content=\"https:\/\/powerballticketonline.com\/fr\/verifiez-les-numeros-powerball\/\" \/>\n<meta name=\"twitter:card\" content=\"summary_large_image\" \/>\n<meta name=\"twitter:label1\" content=\"Dur\u00e9e de lecture estim\u00e9e\" \/>\n\t<meta name=\"twitter:data1\" content=\"6 minutes\" \/>\n<script type=\"application\/ld+json\" class=\"yoast-schema-graph\">{\"@context\":\"https:\\\/\\\/schema.org\",\"@graph\":[{\"@type\":\"WebPage\",\"@id\":\"https:\\\/\\\/powerballticketonline.com\\\/fr\\\/verifiez-les-numeros-powerball\\\/\",\"url\":\"https:\\\/\\\/powerballticketonline.com\\\/fr\\\/verifiez-les-numeros-powerball\\\/\",\"name\":\"V\u00e9rifiez les num\u00e9ros Powerball -\",\"isPartOf\":{\"@id\":\"https:\\\/\\\/powerballticketonline.com\\\/fr\\\/#website\"},\"datePublished\":\"2025-08-04T10:29:33+00:00\",\"breadcrumb\":{\"@id\":\"https:\\\/\\\/powerballticketonline.com\\\/fr\\\/verifiez-les-numeros-powerball\\\/#breadcrumb\"},\"inLanguage\":\"fr-FR\",\"potentialAction\":[{\"@type\":\"ReadAction\",\"target\":[\"https:\\\/\\\/powerballticketonline.com\\\/fr\\\/verifiez-les-numeros-powerball\\\/\"]}]},{\"@type\":\"BreadcrumbList\",\"@id\":\"https:\\\/\\\/powerballticketonline.com\\\/fr\\\/verifiez-les-numeros-powerball\\\/#breadcrumb\",\"itemListElement\":[{\"@type\":\"ListItem\",\"position\":1,\"name\":\"Home\",\"item\":\"https:\\\/\\\/powerballticketonline.com\\\/fr\\\/\"},{\"@type\":\"ListItem\",\"position\":2,\"name\":\"V\u00e9rifiez les num\u00e9ros Powerball\"}]},{\"@type\":\"WebSite\",\"@id\":\"https:\\\/\\\/powerballticketonline.com\\\/fr\\\/#website\",\"url\":\"https:\\\/\\\/powerballticketonline.com\\\/fr\\\/\",\"name\":\"\",\"description\":\"\",\"potentialAction\":[{\"@type\":\"SearchAction\",\"target\":{\"@type\":\"EntryPoint\",\"urlTemplate\":\"https:\\\/\\\/powerballticketonline.com\\\/fr\\\/?s={search_term_string}\"},\"query-input\":{\"@type\":\"PropertyValueSpecification\",\"valueRequired\":true,\"valueName\":\"search_term_string\"}}],\"inLanguage\":\"fr-FR\"}]}<\/script>\n<!-- \/ Yoast SEO plugin. -->","yoast_head_json":{"title":"V\u00e9rifiez les num\u00e9ros Powerball -","robots":{"index":"index","follow":"follow","max-snippet":"max-snippet:-1","max-image-preview":"max-image-preview:large","max-video-preview":"max-video-preview:-1"},"canonical":"https:\/\/powerballticketonline.com\/fr\/verifiez-les-numeros-powerball\/","og_locale":"fr_FR","og_type":"article","og_title":"V\u00e9rifiez les num\u00e9ros Powerball -","og_description":"Comment savoir si vos num\u00e9ros Powerball sont gagnants Vous cherchez un moyen simple et rapide de v\u00e9rifier les num\u00e9ros Powerball\u00a0? Si oui, vous \u00eates au bon endroit, car c&rsquo;est exactement ce dont il s&rsquo;agit. Vous voulez \u00eatre s\u00fbr d&rsquo;avoir les bons num\u00e9ros imm\u00e9diatement et de pouvoir profiter pleinement de vos gains (ou retourner en magasin &hellip; Lire la suite de\u00ab\u00a0V\u00e9rifiez les num\u00e9ros Powerball\u00a0\u00bb","og_url":"https:\/\/powerballticketonline.com\/fr\/verifiez-les-numeros-powerball\/","twitter_card":"summary_large_image","twitter_misc":{"Dur\u00e9e de lecture estim\u00e9e":"6 minutes"},"schema":{"@context":"https:\/\/schema.org","@graph":[{"@type":"WebPage","@id":"https:\/\/powerballticketonline.com\/fr\/verifiez-les-numeros-powerball\/","url":"https:\/\/powerballticketonline.com\/fr\/verifiez-les-numeros-powerball\/","name":"V\u00e9rifiez les num\u00e9ros Powerball -","isPartOf":{"@id":"https:\/\/powerballticketonline.com\/fr\/#website"},"datePublished":"2025-08-04T10:29:33+00:00","breadcrumb":{"@id":"https:\/\/powerballticketonline.com\/fr\/verifiez-les-numeros-powerball\/#breadcrumb"},"inLanguage":"fr-FR","potentialAction":[{"@type":"ReadAction","target":["https:\/\/powerballticketonline.com\/fr\/verifiez-les-numeros-powerball\/"]}]},{"@type":"BreadcrumbList","@id":"https:\/\/powerballticketonline.com\/fr\/verifiez-les-numeros-powerball\/#breadcrumb","itemListElement":[{"@type":"ListItem","position":1,"name":"Home","item":"https:\/\/powerballticketonline.com\/fr\/"},{"@type":"ListItem","position":2,"name":"V\u00e9rifiez les num\u00e9ros Powerball"}]},{"@type":"WebSite","@id":"https:\/\/powerballticketonline.com\/fr\/#website","url":"https:\/\/powerballticketonline.com\/fr\/","name":"","description":"","potentialAction":[{"@type":"SearchAction","target":{"@type":"EntryPoint","urlTemplate":"https:\/\/powerballticketonline.com\/fr\/?s={search_term_string}"},"query-input":{"@type":"PropertyValueSpecification","valueRequired":true,"valueName":"search_term_string"}}],"inLanguage":"fr-FR"}]}},"_links":{"self":[{"href":"https:\/\/powerballticketonline.com\/fr\/wp-json\/wp\/v2\/pages\/49","targetHints":{"allow":["GET"]}}],"collection":[{"href":"https:\/\/powerballticketonline.com\/fr\/wp-json\/wp\/v2\/pages"}],"about":[{"href":"https:\/\/powerballticketonline.com\/fr\/wp-json\/wp\/v2\/types\/page"}],"author":[{"embeddable":true,"href":"https:\/\/powerballticketonline.com\/fr\/wp-json\/wp\/v2\/users\/1"}],"replies":[{"embeddable":true,"href":"https:\/\/powerballticketonline.com\/fr\/wp-json\/wp\/v2\/comments?post=49"}],"version-history":[{"count":0,"href":"https:\/\/powerballticketonline.com\/fr\/wp-json\/wp\/v2\/pages\/49\/revisions"}],"wp:attachment":[{"href":"https:\/\/powerballticketonline.com\/fr\/wp-json\/wp\/v2\/media?parent=49"}],"curies":[{"name":"wp","href":"https:\/\/api.w.org\/{rel}","templated":true}]}}