{"id":50,"date":"2025-08-04T10:30:36","date_gmt":"2025-08-04T10:30:36","guid":{"rendered":"https:\/\/powerballticketonline.com\/verifiez-les-numeros-powerball\/les-meilleurs-numeros-de-loterie-powerball-du-jour\/"},"modified":"2025-08-04T10:30:36","modified_gmt":"2025-08-04T10:30:36","slug":"les-meilleurs-numeros-de-loterie-powerball-du-jour","status":"publish","type":"page","link":"https:\/\/powerballticketonline.com\/fr\/verifiez-les-numeros-powerball\/les-meilleurs-numeros-de-loterie-powerball-du-jour\/","title":{"rendered":"Les meilleurs num\u00e9ros de loterie Powerball du jour"},"content":{"rendered":"<h1>Les meilleurs num\u00e9ros de loterie Powerball du jour\u00a0: les num\u00e9ros gagnants les plus chanceux<\/h1>\n<p>Il n&rsquo;existe pas de \u00ab\u00a0meilleur\u00a0\u00bb jeu de num\u00e9ros Powerball \u00e0 <a href=\"https:\/\/redfoxlotto.com\/play\/\">jouer<\/a>. Les chances de gagner le gros lot Powerball sont de 1 sur 292\u00a0201\u00a0338\u00a0; ainsi, tous les num\u00e9ros que vous choisissez ont une chance \u00e9gale d&rsquo;\u00eatre tir\u00e9s. Ceci dit, s&rsquo;il n&rsquo;existe pas de m\u00e9thode infaillible pour d\u00e9terminer les num\u00e9ros gagnants, il est toujours utile de se renseigner sur les num\u00e9ros gagnants les plus fr\u00e9quemment tir\u00e9s ces derni\u00e8res ann\u00e9es. Pour d\u00e9jouer les pronostics, en quelque sorte\u00a0! Apr\u00e8s tout, tout est question de <a href=\"https:\/\/gambling6.com\">jeux d&rsquo;argent<\/a>\u00a0!<\/p>\n<p>Ces num\u00e9ros (boules blanches) sont ceux qui ont \u00e9t\u00e9 tir\u00e9s le plus souvent au cours des 7 derni\u00e8res ann\u00e9es.<\/p>\n<p>14 \u2014 a \u00e9t\u00e9 tir\u00e9 46 fois.<br \/>21 \u2014 a \u00e9t\u00e9 tir\u00e9 46 fois.<br \/>3 \u2014 a \u00e9t\u00e9 tir\u00e9 48 fois.<br \/>64 \u2014 a \u00e9t\u00e9 tir\u00e9 49 fois.<br \/>53 \u2014 a \u00e9t\u00e9 tir\u00e9 50 fois.<br \/>69 \u2014 a \u00e9t\u00e9 tir\u00e9 50 fois.<br \/>61 \u2014 a \u00e9t\u00e9 tir\u00e9 51 fois.<br \/>32 \u2014 a \u00e9t\u00e9 tir\u00e9 56 fois.<br \/>23 \u2014 a \u00e9t\u00e9 tir\u00e9 58 fois.<br \/>27 \u2014 a \u00e9t\u00e9 tir\u00e9 46 fois.<br \/>62 \u2014 a \u00e9t\u00e9 tir\u00e9 46 fois.<br \/>12, 28, 41, 56, 59 et 63 \u2013 ont \u00e9t\u00e9 tir\u00e9s 45 fois.<\/p>\n<p>Qu&rsquo;en est-il des num\u00e9ros rouges\u00a0? Ces num\u00e9ros rouges ont \u00e9t\u00e9 tir\u00e9s le plus souvent au cours des 7 derni\u00e8res ann\u00e9es.<\/p>\n<p>18 \u2014 a \u00e9t\u00e9 tir\u00e9 29 fois.<br \/>21 \u2014 a \u00e9t\u00e9 tir\u00e9 28 fois.<br \/>13 \u2014 a \u00e9t\u00e9 tir\u00e9 27 fois.<br \/>3 \u2014 a \u00e9t\u00e9 tir\u00e9 24 fois.<br \/>6 \u2014 a \u00e9t\u00e9 tir\u00e9 24 fois.<br \/>4 \u2014 a \u00e9t\u00e9 tir\u00e9 23 fois.<br \/>24 \u2014 a \u00e9t\u00e9 tir\u00e9 30 fois.<br \/>8 \u2014 a \u00e9t\u00e9 tir\u00e9 21 fois.<br \/>20 \u2014 a \u00e9t\u00e9 tir\u00e9 21 fois.<br \/>9, 10, 19, 25, 26 \u2014 ont \u00e9t\u00e9 tir\u00e9s 22 fois chacun.<br \/>2, 11, 14 \u2014 ont \u00e9t\u00e9 tir\u00e9s 20 fois chacun.<\/p>\n<p>&nbsp;<\/p>\n<p>Avec ces num\u00e9ros gagnants pass\u00e9s dans votre arsenal, vous avez de bonnes chances de gagner au Powerball. Loterie. Achetez vos billets Powerball d\u00e8s aujourd&rsquo;hui sur <a href=\"https:\/\/redfoxlotto.com\/\">Redfoxlotto<\/a> et bonne chance\u00a0!<\/p>\n","protected":false},"excerpt":{"rendered":"<p>Les meilleurs num\u00e9ros de loterie Powerball du jour\u00a0: les num\u00e9ros gagnants les plus chanceux Il n&rsquo;existe pas de \u00ab\u00a0meilleur\u00a0\u00bb jeu de num\u00e9ros Powerball \u00e0 jouer. Les chances de gagner le gros lot Powerball sont de 1 sur 292\u00a0201\u00a0338\u00a0; ainsi, tous les num\u00e9ros que vous choisissez ont une chance \u00e9gale d&rsquo;\u00eatre tir\u00e9s. Ceci dit, s&rsquo;il n&rsquo;existe &hellip; <\/p>\n<p class=\"link-more\"><a href=\"https:\/\/powerballticketonline.com\/fr\/verifiez-les-numeros-powerball\/les-meilleurs-numeros-de-loterie-powerball-du-jour\/\" class=\"more-link\">Lire la suite de<span class=\"screen-reader-text\">\u00ab\u00a0Les meilleurs num\u00e9ros de loterie Powerball du jour\u00a0\u00bb<\/span><\/a><\/p>\n","protected":false},"author":1,"featured_media":0,"parent":49,"menu_order":0,"comment_status":"closed","ping_status":"closed","template":"","meta":{"footnotes":""},"class_list":["post-50","page","type-page","status-publish","hentry"],"yoast_head":"<!-- This site is optimized with the Yoast SEO plugin v27.4 - https:\/\/yoast.com\/product\/yoast-seo-wordpress\/ -->\n<title>Les meilleurs num\u00e9ros de loterie Powerball du jour -<\/title>\n<meta name=\"robots\" content=\"index, follow, max-snippet:-1, max-image-preview:large, max-video-preview:-1\" \/>\n<link rel=\"canonical\" href=\"https:\/\/powerballticketonline.com\/fr\/verifiez-les-numeros-powerball\/les-meilleurs-numeros-de-loterie-powerball-du-jour\/\" \/>\n<meta property=\"og:locale\" content=\"fr_FR\" \/>\n<meta property=\"og:type\" content=\"article\" \/>\n<meta property=\"og:title\" content=\"Les meilleurs num\u00e9ros de loterie Powerball du jour -\" \/>\n<meta property=\"og:description\" content=\"Les meilleurs num\u00e9ros de loterie Powerball du jour\u00a0: les num\u00e9ros gagnants les plus chanceux Il n&rsquo;existe pas de \u00ab\u00a0meilleur\u00a0\u00bb jeu de num\u00e9ros Powerball \u00e0 jouer. Les chances de gagner le gros lot Powerball sont de 1 sur 292\u00a0201\u00a0338\u00a0; ainsi, tous les num\u00e9ros que vous choisissez ont une chance \u00e9gale d&rsquo;\u00eatre tir\u00e9s. Ceci dit, s&rsquo;il n&rsquo;existe &hellip; Lire la suite de\u00ab\u00a0Les meilleurs num\u00e9ros de loterie Powerball du jour\u00a0\u00bb\" \/>\n<meta property=\"og:url\" content=\"https:\/\/powerballticketonline.com\/fr\/verifiez-les-numeros-powerball\/les-meilleurs-numeros-de-loterie-powerball-du-jour\/\" \/>\n<meta name=\"twitter:card\" content=\"summary_large_image\" \/>\n<meta name=\"twitter:label1\" content=\"Dur\u00e9e de lecture estim\u00e9e\" \/>\n\t<meta name=\"twitter:data1\" content=\"1 minute\" \/>\n<script type=\"application\/ld+json\" class=\"yoast-schema-graph\">{\"@context\":\"https:\\\/\\\/schema.org\",\"@graph\":[{\"@type\":\"WebPage\",\"@id\":\"https:\\\/\\\/powerballticketonline.com\\\/fr\\\/verifiez-les-numeros-powerball\\\/les-meilleurs-numeros-de-loterie-powerball-du-jour\\\/\",\"url\":\"https:\\\/\\\/powerballticketonline.com\\\/fr\\\/verifiez-les-numeros-powerball\\\/les-meilleurs-numeros-de-loterie-powerball-du-jour\\\/\",\"name\":\"Les meilleurs num\u00e9ros de loterie Powerball du jour -\",\"isPartOf\":{\"@id\":\"https:\\\/\\\/powerballticketonline.com\\\/fr\\\/#website\"},\"datePublished\":\"2025-08-04T10:30:36+00:00\",\"breadcrumb\":{\"@id\":\"https:\\\/\\\/powerballticketonline.com\\\/fr\\\/verifiez-les-numeros-powerball\\\/les-meilleurs-numeros-de-loterie-powerball-du-jour\\\/#breadcrumb\"},\"inLanguage\":\"fr-FR\",\"potentialAction\":[{\"@type\":\"ReadAction\",\"target\":[\"https:\\\/\\\/powerballticketonline.com\\\/fr\\\/verifiez-les-numeros-powerball\\\/les-meilleurs-numeros-de-loterie-powerball-du-jour\\\/\"]}]},{\"@type\":\"BreadcrumbList\",\"@id\":\"https:\\\/\\\/powerballticketonline.com\\\/fr\\\/verifiez-les-numeros-powerball\\\/les-meilleurs-numeros-de-loterie-powerball-du-jour\\\/#breadcrumb\",\"itemListElement\":[{\"@type\":\"ListItem\",\"position\":1,\"name\":\"Home\",\"item\":\"https:\\\/\\\/powerballticketonline.com\\\/fr\\\/\"},{\"@type\":\"ListItem\",\"position\":2,\"name\":\"V\u00e9rifiez les num\u00e9ros Powerball\",\"item\":\"https:\\\/\\\/powerballticketonline.com\\\/fr\\\/check-powerball-numbers\\\/\"},{\"@type\":\"ListItem\",\"position\":3,\"name\":\"Les meilleurs num\u00e9ros de loterie Powerball du jour\"}]},{\"@type\":\"WebSite\",\"@id\":\"https:\\\/\\\/powerballticketonline.com\\\/fr\\\/#website\",\"url\":\"https:\\\/\\\/powerballticketonline.com\\\/fr\\\/\",\"name\":\"\",\"description\":\"\",\"potentialAction\":[{\"@type\":\"SearchAction\",\"target\":{\"@type\":\"EntryPoint\",\"urlTemplate\":\"https:\\\/\\\/powerballticketonline.com\\\/fr\\\/?s={search_term_string}\"},\"query-input\":{\"@type\":\"PropertyValueSpecification\",\"valueRequired\":true,\"valueName\":\"search_term_string\"}}],\"inLanguage\":\"fr-FR\"}]}<\/script>\n<!-- \/ Yoast SEO plugin. -->","yoast_head_json":{"title":"Les meilleurs num\u00e9ros de loterie Powerball du jour -","robots":{"index":"index","follow":"follow","max-snippet":"max-snippet:-1","max-image-preview":"max-image-preview:large","max-video-preview":"max-video-preview:-1"},"canonical":"https:\/\/powerballticketonline.com\/fr\/verifiez-les-numeros-powerball\/les-meilleurs-numeros-de-loterie-powerball-du-jour\/","og_locale":"fr_FR","og_type":"article","og_title":"Les meilleurs num\u00e9ros de loterie Powerball du jour -","og_description":"Les meilleurs num\u00e9ros de loterie Powerball du jour\u00a0: les num\u00e9ros gagnants les plus chanceux Il n&rsquo;existe pas de \u00ab\u00a0meilleur\u00a0\u00bb jeu de num\u00e9ros Powerball \u00e0 jouer. Les chances de gagner le gros lot Powerball sont de 1 sur 292\u00a0201\u00a0338\u00a0; ainsi, tous les num\u00e9ros que vous choisissez ont une chance \u00e9gale d&rsquo;\u00eatre tir\u00e9s. Ceci dit, s&rsquo;il n&rsquo;existe &hellip; Lire la suite de\u00ab\u00a0Les meilleurs num\u00e9ros de loterie Powerball du jour\u00a0\u00bb","og_url":"https:\/\/powerballticketonline.com\/fr\/verifiez-les-numeros-powerball\/les-meilleurs-numeros-de-loterie-powerball-du-jour\/","twitter_card":"summary_large_image","twitter_misc":{"Dur\u00e9e de lecture estim\u00e9e":"1 minute"},"schema":{"@context":"https:\/\/schema.org","@graph":[{"@type":"WebPage","@id":"https:\/\/powerballticketonline.com\/fr\/verifiez-les-numeros-powerball\/les-meilleurs-numeros-de-loterie-powerball-du-jour\/","url":"https:\/\/powerballticketonline.com\/fr\/verifiez-les-numeros-powerball\/les-meilleurs-numeros-de-loterie-powerball-du-jour\/","name":"Les meilleurs num\u00e9ros de loterie Powerball du jour -","isPartOf":{"@id":"https:\/\/powerballticketonline.com\/fr\/#website"},"datePublished":"2025-08-04T10:30:36+00:00","breadcrumb":{"@id":"https:\/\/powerballticketonline.com\/fr\/verifiez-les-numeros-powerball\/les-meilleurs-numeros-de-loterie-powerball-du-jour\/#breadcrumb"},"inLanguage":"fr-FR","potentialAction":[{"@type":"ReadAction","target":["https:\/\/powerballticketonline.com\/fr\/verifiez-les-numeros-powerball\/les-meilleurs-numeros-de-loterie-powerball-du-jour\/"]}]},{"@type":"BreadcrumbList","@id":"https:\/\/powerballticketonline.com\/fr\/verifiez-les-numeros-powerball\/les-meilleurs-numeros-de-loterie-powerball-du-jour\/#breadcrumb","itemListElement":[{"@type":"ListItem","position":1,"name":"Home","item":"https:\/\/powerballticketonline.com\/fr\/"},{"@type":"ListItem","position":2,"name":"V\u00e9rifiez les num\u00e9ros Powerball","item":"https:\/\/powerballticketonline.com\/fr\/check-powerball-numbers\/"},{"@type":"ListItem","position":3,"name":"Les meilleurs num\u00e9ros de loterie Powerball du jour"}]},{"@type":"WebSite","@id":"https:\/\/powerballticketonline.com\/fr\/#website","url":"https:\/\/powerballticketonline.com\/fr\/","name":"","description":"","potentialAction":[{"@type":"SearchAction","target":{"@type":"EntryPoint","urlTemplate":"https:\/\/powerballticketonline.com\/fr\/?s={search_term_string}"},"query-input":{"@type":"PropertyValueSpecification","valueRequired":true,"valueName":"search_term_string"}}],"inLanguage":"fr-FR"}]}},"_links":{"self":[{"href":"https:\/\/powerballticketonline.com\/fr\/wp-json\/wp\/v2\/pages\/50","targetHints":{"allow":["GET"]}}],"collection":[{"href":"https:\/\/powerballticketonline.com\/fr\/wp-json\/wp\/v2\/pages"}],"about":[{"href":"https:\/\/powerballticketonline.com\/fr\/wp-json\/wp\/v2\/types\/page"}],"author":[{"embeddable":true,"href":"https:\/\/powerballticketonline.com\/fr\/wp-json\/wp\/v2\/users\/1"}],"replies":[{"embeddable":true,"href":"https:\/\/powerballticketonline.com\/fr\/wp-json\/wp\/v2\/comments?post=50"}],"version-history":[{"count":0,"href":"https:\/\/powerballticketonline.com\/fr\/wp-json\/wp\/v2\/pages\/50\/revisions"}],"up":[{"embeddable":true,"href":"https:\/\/powerballticketonline.com\/fr\/wp-json\/wp\/v2\/pages\/49"}],"wp:attachment":[{"href":"https:\/\/powerballticketonline.com\/fr\/wp-json\/wp\/v2\/media?parent=50"}],"curies":[{"name":"wp","href":"https:\/\/api.w.org\/{rel}","templated":true}]}}