{"id":51,"date":"2025-08-04T10:32:03","date_gmt":"2025-08-04T10:32:03","guid":{"rendered":"https:\/\/powerballticketonline.com\/jeux-en-ligne-bases-sur-les-competences\/"},"modified":"2025-08-04T10:32:03","modified_gmt":"2025-08-04T10:32:03","slug":"jeux-en-ligne-bases-sur-les-competences","status":"publish","type":"page","link":"https:\/\/powerballticketonline.com\/fr\/jeux-en-ligne-bases-sur-les-competences\/","title":{"rendered":"Jeux en ligne bas\u00e9s sur les comp\u00e9tences"},"content":{"rendered":"<h1>Jouer \u00e0 des jeux d&rsquo;adresse en ligne pour de l&rsquo;argent r\u00e9el<\/h1>\n<p>La perspective de gagner gros avec un billet de loto est certainement tr\u00e8s attrayante, d&rsquo;autant plus que des sites comme <a href=\"https:\/\/www.jackpotlotteryonline.com\">www.jackpotlotteryonline.com<\/a> ou <a href=\"https:\/\/www.onlinelotto365.com\">www.onlinelotto365.com<\/a> vous proposent de nombreux jackpots internationaux. Mais avez-vous d\u00e9j\u00e0 r\u00eav\u00e9 de pouvoir influencer le r\u00e9sultat d&rsquo;un jeu moins al\u00e9atoire que la loterie\u00a0?<\/p>\n<p>Eh bien, vous savez qu&rsquo;il existe de nombreuses options pour cela. Les jeux typiques qui n\u00e9cessitent (plus ou moins) d&rsquo;adresse sont le poker et le blackjack en ligne, sans oublier, bien s\u00fbr, les paris sportifs. Ces trois options sont excellentes\u00a0: vous pouvez influencer le r\u00e9sultat et augmenter vos chances de gagner, soit en adoptant une strat\u00e9gie gagnante, soit en vous informant avant de parier sur un cheval, une \u00e9quipe de football ou un joueur.<\/p>\n<h2>La bonne strat\u00e9gie<\/h2>\n<p>M\u00eame si votre jeu de poker n&rsquo;est pas tr\u00e8s bon, vous pouvez facilement l&rsquo;am\u00e9liorer et devenir un joueur gagnant. De nombreux sites web vous aident \u00e0 apprendre la bonne strat\u00e9gie. Un excellent site est <span style=\"text-decoration: underline;\"><a href=\"http:\/\/www.poker-coaching.net\/en\">www.poker-coaching.net<\/a><\/span>. Consultez leurs articles sur la strat\u00e9gie du poker, leurs conseils sur les bonus d&rsquo;inscription et comment choisir une bonne plateforme pour jouer au poker en ligne.<\/p>\n<p>Au blackjack, la strat\u00e9gie est bien plus complexe qu&rsquo;on ne le pense. Bien s\u00fbr, le casino a toujours un avantage sur vous (apr\u00e8s tout, ce n&rsquo;est pas une organisation caritative), mais vous pouvez le r\u00e9duire et ainsi am\u00e9liorer consid\u00e9rablement vos chances en <a href=\"http:\/\/www.gambling6.com\/casino\/strategy\/how-to-minimize-the-casino-advantage-in-blackjack\" target=\"_blank\" rel=\"noopener noreferrer\"><span style=\"text-decoration: underline;\">utilisant des conseils comme ceux que nous avons trouv\u00e9s dans cet article<\/span>.<\/a><\/p>\n<p>Et en mati\u00e8re de paris sportifs, c&rsquo;est l\u00e0 que l&rsquo;information est primordiale. Bien s\u00fbr, vous devez vous tenir au courant des derniers r\u00e9sultats, lire les pages sportives de votre journal et faire des recherches en ligne. Mais pour vraiment r\u00e9ussir, vous devez conna\u00eetre en profondeur le fonctionnement du jeu que vous choisissez. Suivez les conseils d&rsquo;anciens professionnels, d\u00e9couvrez la diff\u00e9rence entre un syst\u00e8me 4-4-2 et un syst\u00e8me 3-4-2-1 au football, etc. Pour chaque sport, il existe des sites web proposant d&rsquo;excellentes informations, m\u00eame gratuites. Certains n&rsquo;ont pas \u00e9t\u00e9 con\u00e7us pour les paris sportifs, mais ils restent tr\u00e8s utiles.<\/p>\n<p>Mieux encore, trouvez un site d\u00e9di\u00e9 \u00e0 un sport sp\u00e9cifique ET aux paris. L&rsquo;un des meilleurs est <span style=\"text-decoration: underline;\"><a href=\"http:\/\/www.tennisbet.net\">www.tennisbet.net<\/a><\/span>. Apr\u00e8s avoir lu quelques-uns de leurs articles, vous ne regarderez plus jamais un match de tennis de la m\u00eame mani\u00e8re et vous trouverez de nombreux bons endroits pour parier avant et pendant un match.<\/p>\n<p>Quel que soit votre sport pr\u00e9f\u00e9r\u00e9, vous pouvez trouver des sites web qui peuvent vous aider \u00e0 am\u00e9liorer vos r\u00e9sultats en effectuant une simple recherche Google. C&rsquo;est le meilleur moyen de r\u00e9duire le facteur chance lorsque vous pariez\u00a0!<\/p>\n<p>&nbsp;<\/p>\n","protected":false},"excerpt":{"rendered":"<p>Jouer \u00e0 des jeux d&rsquo;adresse en ligne pour de l&rsquo;argent r\u00e9el La perspective de gagner gros avec un billet de loto est certainement tr\u00e8s attrayante, d&rsquo;autant plus que des sites comme www.jackpotlotteryonline.com ou www.onlinelotto365.com vous proposent de nombreux jackpots internationaux. Mais avez-vous d\u00e9j\u00e0 r\u00eav\u00e9 de pouvoir influencer le r\u00e9sultat d&rsquo;un jeu moins al\u00e9atoire que la &hellip; <\/p>\n<p class=\"link-more\"><a href=\"https:\/\/powerballticketonline.com\/fr\/jeux-en-ligne-bases-sur-les-competences\/\" class=\"more-link\">Lire la suite de<span class=\"screen-reader-text\">\u00ab\u00a0Jeux en ligne bas\u00e9s sur les comp\u00e9tences\u00a0\u00bb<\/span><\/a><\/p>\n","protected":false},"author":1,"featured_media":0,"parent":0,"menu_order":0,"comment_status":"closed","ping_status":"closed","template":"","meta":{"footnotes":""},"class_list":["post-51","page","type-page","status-publish","hentry"],"yoast_head":"<!-- This site is optimized with the Yoast SEO plugin v27.3 - https:\/\/yoast.com\/product\/yoast-seo-wordpress\/ -->\n<title>Jeux en ligne bas\u00e9s sur les comp\u00e9tences -<\/title>\n<meta name=\"robots\" content=\"index, follow, max-snippet:-1, max-image-preview:large, max-video-preview:-1\" \/>\n<link rel=\"canonical\" href=\"https:\/\/powerballticketonline.com\/fr\/jeux-en-ligne-bases-sur-les-competences\/\" \/>\n<meta property=\"og:locale\" content=\"fr_FR\" \/>\n<meta property=\"og:type\" content=\"article\" \/>\n<meta property=\"og:title\" content=\"Jeux en ligne bas\u00e9s sur les comp\u00e9tences -\" \/>\n<meta property=\"og:description\" content=\"Jouer \u00e0 des jeux d&rsquo;adresse en ligne pour de l&rsquo;argent r\u00e9el La perspective de gagner gros avec un billet de loto est certainement tr\u00e8s attrayante, d&rsquo;autant plus que des sites comme www.jackpotlotteryonline.com ou www.onlinelotto365.com vous proposent de nombreux jackpots internationaux. Mais avez-vous d\u00e9j\u00e0 r\u00eav\u00e9 de pouvoir influencer le r\u00e9sultat d&rsquo;un jeu moins al\u00e9atoire que la &hellip; Lire la suite de\u00ab\u00a0Jeux en ligne bas\u00e9s sur les comp\u00e9tences\u00a0\u00bb\" \/>\n<meta property=\"og:url\" content=\"https:\/\/powerballticketonline.com\/fr\/jeux-en-ligne-bases-sur-les-competences\/\" \/>\n<meta name=\"twitter:card\" content=\"summary_large_image\" \/>\n<meta name=\"twitter:label1\" content=\"Dur\u00e9e de lecture estim\u00e9e\" \/>\n\t<meta name=\"twitter:data1\" content=\"2 minutes\" \/>\n<script type=\"application\/ld+json\" class=\"yoast-schema-graph\">{\"@context\":\"https:\\\/\\\/schema.org\",\"@graph\":[{\"@type\":\"WebPage\",\"@id\":\"https:\\\/\\\/powerballticketonline.com\\\/fr\\\/jeux-en-ligne-bases-sur-les-competences\\\/\",\"url\":\"https:\\\/\\\/powerballticketonline.com\\\/fr\\\/jeux-en-ligne-bases-sur-les-competences\\\/\",\"name\":\"Jeux en ligne bas\u00e9s sur les comp\u00e9tences -\",\"isPartOf\":{\"@id\":\"https:\\\/\\\/powerballticketonline.com\\\/fr\\\/#website\"},\"datePublished\":\"2025-08-04T10:32:03+00:00\",\"breadcrumb\":{\"@id\":\"https:\\\/\\\/powerballticketonline.com\\\/fr\\\/jeux-en-ligne-bases-sur-les-competences\\\/#breadcrumb\"},\"inLanguage\":\"fr-FR\",\"potentialAction\":[{\"@type\":\"ReadAction\",\"target\":[\"https:\\\/\\\/powerballticketonline.com\\\/fr\\\/jeux-en-ligne-bases-sur-les-competences\\\/\"]}]},{\"@type\":\"BreadcrumbList\",\"@id\":\"https:\\\/\\\/powerballticketonline.com\\\/fr\\\/jeux-en-ligne-bases-sur-les-competences\\\/#breadcrumb\",\"itemListElement\":[{\"@type\":\"ListItem\",\"position\":1,\"name\":\"Home\",\"item\":\"https:\\\/\\\/powerballticketonline.com\\\/fr\\\/\"},{\"@type\":\"ListItem\",\"position\":2,\"name\":\"Jeux en ligne bas\u00e9s sur les comp\u00e9tences\"}]},{\"@type\":\"WebSite\",\"@id\":\"https:\\\/\\\/powerballticketonline.com\\\/fr\\\/#website\",\"url\":\"https:\\\/\\\/powerballticketonline.com\\\/fr\\\/\",\"name\":\"\",\"description\":\"\",\"potentialAction\":[{\"@type\":\"SearchAction\",\"target\":{\"@type\":\"EntryPoint\",\"urlTemplate\":\"https:\\\/\\\/powerballticketonline.com\\\/fr\\\/?s={search_term_string}\"},\"query-input\":{\"@type\":\"PropertyValueSpecification\",\"valueRequired\":true,\"valueName\":\"search_term_string\"}}],\"inLanguage\":\"fr-FR\"}]}<\/script>\n<!-- \/ Yoast SEO plugin. -->","yoast_head_json":{"title":"Jeux en ligne bas\u00e9s sur les comp\u00e9tences -","robots":{"index":"index","follow":"follow","max-snippet":"max-snippet:-1","max-image-preview":"max-image-preview:large","max-video-preview":"max-video-preview:-1"},"canonical":"https:\/\/powerballticketonline.com\/fr\/jeux-en-ligne-bases-sur-les-competences\/","og_locale":"fr_FR","og_type":"article","og_title":"Jeux en ligne bas\u00e9s sur les comp\u00e9tences -","og_description":"Jouer \u00e0 des jeux d&rsquo;adresse en ligne pour de l&rsquo;argent r\u00e9el La perspective de gagner gros avec un billet de loto est certainement tr\u00e8s attrayante, d&rsquo;autant plus que des sites comme www.jackpotlotteryonline.com ou www.onlinelotto365.com vous proposent de nombreux jackpots internationaux. Mais avez-vous d\u00e9j\u00e0 r\u00eav\u00e9 de pouvoir influencer le r\u00e9sultat d&rsquo;un jeu moins al\u00e9atoire que la &hellip; Lire la suite de\u00ab\u00a0Jeux en ligne bas\u00e9s sur les comp\u00e9tences\u00a0\u00bb","og_url":"https:\/\/powerballticketonline.com\/fr\/jeux-en-ligne-bases-sur-les-competences\/","twitter_card":"summary_large_image","twitter_misc":{"Dur\u00e9e de lecture estim\u00e9e":"2 minutes"},"schema":{"@context":"https:\/\/schema.org","@graph":[{"@type":"WebPage","@id":"https:\/\/powerballticketonline.com\/fr\/jeux-en-ligne-bases-sur-les-competences\/","url":"https:\/\/powerballticketonline.com\/fr\/jeux-en-ligne-bases-sur-les-competences\/","name":"Jeux en ligne bas\u00e9s sur les comp\u00e9tences -","isPartOf":{"@id":"https:\/\/powerballticketonline.com\/fr\/#website"},"datePublished":"2025-08-04T10:32:03+00:00","breadcrumb":{"@id":"https:\/\/powerballticketonline.com\/fr\/jeux-en-ligne-bases-sur-les-competences\/#breadcrumb"},"inLanguage":"fr-FR","potentialAction":[{"@type":"ReadAction","target":["https:\/\/powerballticketonline.com\/fr\/jeux-en-ligne-bases-sur-les-competences\/"]}]},{"@type":"BreadcrumbList","@id":"https:\/\/powerballticketonline.com\/fr\/jeux-en-ligne-bases-sur-les-competences\/#breadcrumb","itemListElement":[{"@type":"ListItem","position":1,"name":"Home","item":"https:\/\/powerballticketonline.com\/fr\/"},{"@type":"ListItem","position":2,"name":"Jeux en ligne bas\u00e9s sur les comp\u00e9tences"}]},{"@type":"WebSite","@id":"https:\/\/powerballticketonline.com\/fr\/#website","url":"https:\/\/powerballticketonline.com\/fr\/","name":"","description":"","potentialAction":[{"@type":"SearchAction","target":{"@type":"EntryPoint","urlTemplate":"https:\/\/powerballticketonline.com\/fr\/?s={search_term_string}"},"query-input":{"@type":"PropertyValueSpecification","valueRequired":true,"valueName":"search_term_string"}}],"inLanguage":"fr-FR"}]}},"_links":{"self":[{"href":"https:\/\/powerballticketonline.com\/fr\/wp-json\/wp\/v2\/pages\/51","targetHints":{"allow":["GET"]}}],"collection":[{"href":"https:\/\/powerballticketonline.com\/fr\/wp-json\/wp\/v2\/pages"}],"about":[{"href":"https:\/\/powerballticketonline.com\/fr\/wp-json\/wp\/v2\/types\/page"}],"author":[{"embeddable":true,"href":"https:\/\/powerballticketonline.com\/fr\/wp-json\/wp\/v2\/users\/1"}],"replies":[{"embeddable":true,"href":"https:\/\/powerballticketonline.com\/fr\/wp-json\/wp\/v2\/comments?post=51"}],"version-history":[{"count":0,"href":"https:\/\/powerballticketonline.com\/fr\/wp-json\/wp\/v2\/pages\/51\/revisions"}],"wp:attachment":[{"href":"https:\/\/powerballticketonline.com\/fr\/wp-json\/wp\/v2\/media?parent=51"}],"curies":[{"name":"wp","href":"https:\/\/api.w.org\/{rel}","templated":true}]}}