{"id":52,"date":"2025-08-04T10:27:58","date_gmt":"2025-08-04T10:27:58","guid":{"rendered":"https:\/\/powerballticketonline.com\/jouez-au-powerball-en-ligne\/"},"modified":"2025-08-04T10:27:58","modified_gmt":"2025-08-04T10:27:58","slug":"jouez-au-powerball-en-ligne","status":"publish","type":"page","link":"https:\/\/powerballticketonline.com\/fr\/jouez-au-powerball-en-ligne\/","title":{"rendered":"Jouez au Powerball en ligne"},"content":{"rendered":"<h1>Comment jouer au Powerball en ligne, o\u00f9 que vous r\u00e9sidiez<\/h1>\n<p>Comme vous l&rsquo;avez appris dans notre article d&rsquo;accueil, gr\u00e2ce \u00e0 RedFoxLotto.com, il est d\u00e9sormais possible d&rsquo;acheter n&rsquo;importe quel billet de loterie internationale en ligne, y compris le Powerball. Que vous r\u00e9sidiez aux \u00c9tats-Unis, au Japon ou ailleurs, vous pouvez participer au Powerball Lotto et \u00e0 de nombreuses loteries. Il vous suffit d&rsquo;avoir un ordinateur avec une connexion internet active et un moyen de paiement comme une carte de cr\u00e9dit, un compte bancaire ou l&rsquo;un des portefeuilles \u00e9lectroniques les plus populaires. Une fois cela fait, vous pourrez jouer au Powerball en ligne\u00a0!<\/p>\n<h2>Inscription pour obtenir votre billet de loterie<\/h2>\n<p>L&rsquo;inscription est tr\u00e8s simple\u00a0: il vous suffit de cliquer sur la banni\u00e8re sup\u00e9rieure ou sur l&rsquo;un des \u00e9l\u00e9ments de notre site affichant les jackpots disponibles. Ensuite, vous serez guid\u00e9 tout au long du processus, qui est tr\u00e8s simple.<\/p>\n<p><a href=\"https:\/\/redfoxlotto.com\/?ref=A8564250A2&#038;medium=pwrb\" target=\"_blank\" rel=\"noopener noreferrer\"><img loading=\"lazy\" decoding=\"async\" src=\"images\/play_lotto_online.jpg\" alt=\"Jouez \u00e0 Powerball en ligne\" width=\"250\" height=\"167\" style=\"margin: 1px; float: right;\" \/><\/a>Une fois sur le site web de RedFoxLotto, cliquez sur le bouton d&rsquo;inscription situ\u00e9 en haut de la page. Un formulaire s&rsquo;ouvrira, vous demandant de saisir vos informations, telles que votre nom, votre pr\u00e9nom, votre adresse e-mail, votre num\u00e9ro de t\u00e9l\u00e9phone, etc. Veuillez v\u00e9rifier toutes les donn\u00e9es avant de finaliser votre inscription, car des informations incorrectes pourraient r\u00e9duire vos chances de recevoir un prix en esp\u00e8ces. Avez-vous v\u00e9rifi\u00e9 vos informations\u00a0? Parfait\u00a0! Confirmez votre inscription en cliquant sur le bouton \u00ab\u00a0S&rsquo;inscrire\u00a0\u00bb, situ\u00e9 en bas du formulaire d&rsquo;inscription.<\/p>\n<p>Si vous avez effectu\u00e9 toutes les \u00e9tapes correctement, vous devriez recevoir un nouveau message dans votre bo\u00eete de r\u00e9ception, contenant vos identifiants de connexion et quelques informations utiles. Vous pouvez d\u00e9sormais acheter un ticket PowerBall en ligne, soit en s\u00e9lectionnant la loterie souhait\u00e9e sur la page d&rsquo;accueil, soit en cliquant sur \u00ab\u00a0Loteries\u00a0\u00bb.<\/p>\n<p>Si vous avez correctement ouvert la page PowerBall, vous verrez une br\u00e8ve description et un gros bouton \u00ab\u00a0Jouer maintenant\u00a0\u00bb. Si vous \u00eates pr\u00eat \u00e0 acheter un ticket, cliquez sur ce bouton. La page suivante s&rsquo;ouvre, un peu plus complexe, et propose plusieurs options pour votre ticket (vous pouvez \u00e9galement choisir vos num\u00e9ros de loterie avant de vous inscrire)\u00a0:<\/p>\n<p><strong>Nombre de lignes que vous souhaitez jouer<\/strong>. Il s&rsquo;agit du nombre de combinaisons de num\u00e9ros que vous souhaitez acheter pour le Powerball. Par exemple, deux combinaisons de num\u00e9ros vous permettront de tenter votre chance au jackpot du Powerball si l&rsquo;une d&rsquo;elles \u00e9choue. En clair, vous aurez deux tickets de loterie distincts, ce qui double vos chances\u00a0!<\/p>\n<p><strong>Nombre de tirages auxquels vous souhaitez participer<\/strong>\u00a0: comme vous le savez, les tirages du Powerball ont lieu deux fois par semaine, le mercredi et le samedi. Le montant d&rsquo;achat recommand\u00e9 est de 6 tirages, ce qui signifie que vos num\u00e9ros auront 6 chances de gagner. Vous pouvez acheter jusqu&rsquo;\u00e0 52 tirages cons\u00e9cutifs, r\u00e9partis sur 7 mois\u00a0!<\/p>\n<p><strong>S\u00e9lection des num\u00e9ros<\/strong>\u00a0: vous pouvez choisir vos propres num\u00e9ros ou utiliser la m\u00e9thode \u00ab\u00a0Quick Pick\u00a0\u00bb du g\u00e9n\u00e9rateur de nombres al\u00e9atoires, qui choisira automatiquement les num\u00e9ros pour vous. Avant de commencer, voici un petit conseil\u00a0: 68 % des gagnants du jackpot ont utilis\u00e9 la fonction Quick Pick pour choisir leurs num\u00e9ros Powerball\u00a0!<\/p>\n<p>Apr\u00e8s avoir choisi vos num\u00e9ros, vous serez redirig\u00e9 vers un aper\u00e7u de votre panier. Si tout est correct, vous pouvez passer \u00e0 la caisse.<\/p>\n<h2>Achat du ticket de loterie PowerBall<\/h2>\n<p>Une fois vos num\u00e9ros choisis et votre commande valid\u00e9s, il est temps de finaliser l&rsquo;achat en effectuant le paiement. RedFoxLotto propose un large choix de modes de paiement pour r\u00e9gler et finaliser votre commande de tickets Powerball. Voici quelques modes de paiement\u00a0:<\/p>\n<ul>\n<li>VISA, MasterCard, VISA D\u00e9bit, Visa Electron pour les cartes de cr\u00e9dit.<\/li>\n<li>EntroPay, Skrill, Neteller, Ukash pour les portefeuilles \u00e9lectroniques.<\/li>\n<li>Virement bancaire.<\/li>\n<li>Bitcoin.<\/li>\n<\/ul>\n<p>Les paiements sont trait\u00e9s instantan\u00e9ment et, une fois termin\u00e9s, vous recevrez un message de confirmation \u00e0 l&rsquo;adresse e-mail que vous avez enregistr\u00e9e. Une fois votre commande confirm\u00e9e et vos tickets Powerball achet\u00e9s, vous recevrez un e-mail de confirmation. Si vous gagnez, vous recevrez un autre e-mail de notification vous permettant de v\u00e9rifier votre ticket.<\/p>\n<h2>J&rsquo;ai jou\u00e9 et gagn\u00e9\u00a0! Comment recevoir mon argent\u00a0?<\/h2>\n<p>Tout d&rsquo;abord, f\u00e9licitations\u00a0! Si le prix gagn\u00e9 est inf\u00e9rieur \u00e0 2\u00a0500\u00a0\u20ac, voici comment vous recevrez vos fonds\u00a0:<\/p>\n<ul>\n<li>Vous pouvez les cr\u00e9diter sur votre compte client RedFoxLotto et les utiliser pour de nouveaux abonnements.<\/li>\n<li>Vous pouvez \u00e9galement les retirer depuis votre compte client, de la m\u00eame mani\u00e8re que vous avez effectu\u00e9 le paiement.<\/li>\n<\/ul>\n<p>Si vous gagnez un prix sup\u00e9rieur \u00e0 2\u00a0500\u00a0\u20ac, vous avez trois options\u00a0:<\/p>\n<ul>\n<li>RedFoxLotto peut envoyer un bulletin de loterie officiel.Formulaire de r\u00e9clamation de gains, que vous devrez remplir et renvoyer. L&rsquo;entreprise soumettra ensuite le formulaire \u00e0 la commission Powerball et demandera le versement de vos gains par ch\u00e8que en votre nom. Cependant, certaines commissions de loterie peuvent exiger que vous receviez les fonds en personne si vous remportez le jackpot.<\/li>\n<li>Vous pouvez recevoir votre ticket gagnant en personne dans l&rsquo;un des bureaux de RedFoxLotto et r\u00e9cup\u00e9rer votre gain vous-m\u00eame.<\/li>\n<li>Vous pouvez faire envoyer votre ticket par coursier ou par tout autre service de livraison de votre choix. Les frais et les risques li\u00e9s \u00e0 la livraison de ce ticket seront \u00e0 votre charge.<\/li>\n<\/ul>\n<p><strong>En aucun cas, RedFoxLotto ne vous facturera l&rsquo;encaissement de vos gains Powerball ni ne pr\u00e9l\u00e8vera une part du prix\u00a0!<\/strong><\/p>\n","protected":false},"excerpt":{"rendered":"<p>Comment jouer au Powerball en ligne, o\u00f9 que vous r\u00e9sidiez Comme vous l&rsquo;avez appris dans notre article d&rsquo;accueil, gr\u00e2ce \u00e0 RedFoxLotto.com, il est d\u00e9sormais possible d&rsquo;acheter n&rsquo;importe quel billet de loterie internationale en ligne, y compris le Powerball. Que vous r\u00e9sidiez aux \u00c9tats-Unis, au Japon ou ailleurs, vous pouvez participer au Powerball Lotto et \u00e0 &hellip; <\/p>\n<p class=\"link-more\"><a href=\"https:\/\/powerballticketonline.com\/fr\/jouez-au-powerball-en-ligne\/\" class=\"more-link\">Lire la suite de<span class=\"screen-reader-text\">\u00ab\u00a0Jouez au Powerball en ligne\u00a0\u00bb<\/span><\/a><\/p>\n","protected":false},"author":1,"featured_media":0,"parent":0,"menu_order":0,"comment_status":"closed","ping_status":"closed","template":"","meta":{"footnotes":""},"class_list":["post-52","page","type-page","status-publish","hentry"],"yoast_head":"<!-- This site is optimized with the Yoast SEO plugin v27.3 - https:\/\/yoast.com\/product\/yoast-seo-wordpress\/ -->\n<title>Jouez au Powerball en ligne<\/title>\n<meta name=\"robots\" content=\"index, follow, max-snippet:-1, max-image-preview:large, max-video-preview:-1\" \/>\n<link rel=\"canonical\" href=\"https:\/\/powerballticketonline.com\/fr\/jouez-au-powerball-en-ligne\/\" \/>\n<meta property=\"og:locale\" content=\"fr_FR\" \/>\n<meta property=\"og:type\" content=\"article\" \/>\n<meta property=\"og:title\" content=\"Jouez au Powerball en ligne\" \/>\n<meta property=\"og:description\" content=\"Comment jouer au Powerball en ligne, o\u00f9 que vous r\u00e9sidiez Comme vous l&rsquo;avez appris dans notre article d&rsquo;accueil, gr\u00e2ce \u00e0 RedFoxLotto.com, il est d\u00e9sormais possible d&rsquo;acheter n&rsquo;importe quel billet de loterie internationale en ligne, y compris le Powerball. Que vous r\u00e9sidiez aux \u00c9tats-Unis, au Japon ou ailleurs, vous pouvez participer au Powerball Lotto et \u00e0 &hellip; Lire la suite de\u00ab\u00a0Jouez au Powerball en ligne\u00a0\u00bb\" \/>\n<meta property=\"og:url\" content=\"https:\/\/powerballticketonline.com\/fr\/jouez-au-powerball-en-ligne\/\" \/>\n<meta name=\"twitter:card\" content=\"summary_large_image\" \/>\n<meta name=\"twitter:label1\" content=\"Dur\u00e9e de lecture estim\u00e9e\" \/>\n\t<meta name=\"twitter:data1\" content=\"5 minutes\" \/>\n<script type=\"application\/ld+json\" class=\"yoast-schema-graph\">{\"@context\":\"https:\\\/\\\/schema.org\",\"@graph\":[{\"@type\":\"WebPage\",\"@id\":\"https:\\\/\\\/powerballticketonline.com\\\/fr\\\/jouez-au-powerball-en-ligne\\\/\",\"url\":\"https:\\\/\\\/powerballticketonline.com\\\/fr\\\/jouez-au-powerball-en-ligne\\\/\",\"name\":\"Jouez au Powerball en ligne\",\"isPartOf\":{\"@id\":\"https:\\\/\\\/powerballticketonline.com\\\/fr\\\/#website\"},\"datePublished\":\"2025-08-04T10:27:58+00:00\",\"breadcrumb\":{\"@id\":\"https:\\\/\\\/powerballticketonline.com\\\/fr\\\/jouez-au-powerball-en-ligne\\\/#breadcrumb\"},\"inLanguage\":\"fr-FR\",\"potentialAction\":[{\"@type\":\"ReadAction\",\"target\":[\"https:\\\/\\\/powerballticketonline.com\\\/fr\\\/jouez-au-powerball-en-ligne\\\/\"]}]},{\"@type\":\"BreadcrumbList\",\"@id\":\"https:\\\/\\\/powerballticketonline.com\\\/fr\\\/jouez-au-powerball-en-ligne\\\/#breadcrumb\",\"itemListElement\":[{\"@type\":\"ListItem\",\"position\":1,\"name\":\"Home\",\"item\":\"https:\\\/\\\/powerballticketonline.com\\\/fr\\\/\"},{\"@type\":\"ListItem\",\"position\":2,\"name\":\"Jouez au Powerball en ligne\"}]},{\"@type\":\"WebSite\",\"@id\":\"https:\\\/\\\/powerballticketonline.com\\\/fr\\\/#website\",\"url\":\"https:\\\/\\\/powerballticketonline.com\\\/fr\\\/\",\"name\":\"\",\"description\":\"\",\"potentialAction\":[{\"@type\":\"SearchAction\",\"target\":{\"@type\":\"EntryPoint\",\"urlTemplate\":\"https:\\\/\\\/powerballticketonline.com\\\/fr\\\/?s={search_term_string}\"},\"query-input\":{\"@type\":\"PropertyValueSpecification\",\"valueRequired\":true,\"valueName\":\"search_term_string\"}}],\"inLanguage\":\"fr-FR\"}]}<\/script>\n<!-- \/ Yoast SEO plugin. -->","yoast_head_json":{"title":"Jouez au Powerball en ligne","robots":{"index":"index","follow":"follow","max-snippet":"max-snippet:-1","max-image-preview":"max-image-preview:large","max-video-preview":"max-video-preview:-1"},"canonical":"https:\/\/powerballticketonline.com\/fr\/jouez-au-powerball-en-ligne\/","og_locale":"fr_FR","og_type":"article","og_title":"Jouez au Powerball en ligne","og_description":"Comment jouer au Powerball en ligne, o\u00f9 que vous r\u00e9sidiez Comme vous l&rsquo;avez appris dans notre article d&rsquo;accueil, gr\u00e2ce \u00e0 RedFoxLotto.com, il est d\u00e9sormais possible d&rsquo;acheter n&rsquo;importe quel billet de loterie internationale en ligne, y compris le Powerball. Que vous r\u00e9sidiez aux \u00c9tats-Unis, au Japon ou ailleurs, vous pouvez participer au Powerball Lotto et \u00e0 &hellip; Lire la suite de\u00ab\u00a0Jouez au Powerball en ligne\u00a0\u00bb","og_url":"https:\/\/powerballticketonline.com\/fr\/jouez-au-powerball-en-ligne\/","twitter_card":"summary_large_image","twitter_misc":{"Dur\u00e9e de lecture estim\u00e9e":"5 minutes"},"schema":{"@context":"https:\/\/schema.org","@graph":[{"@type":"WebPage","@id":"https:\/\/powerballticketonline.com\/fr\/jouez-au-powerball-en-ligne\/","url":"https:\/\/powerballticketonline.com\/fr\/jouez-au-powerball-en-ligne\/","name":"Jouez au Powerball en ligne","isPartOf":{"@id":"https:\/\/powerballticketonline.com\/fr\/#website"},"datePublished":"2025-08-04T10:27:58+00:00","breadcrumb":{"@id":"https:\/\/powerballticketonline.com\/fr\/jouez-au-powerball-en-ligne\/#breadcrumb"},"inLanguage":"fr-FR","potentialAction":[{"@type":"ReadAction","target":["https:\/\/powerballticketonline.com\/fr\/jouez-au-powerball-en-ligne\/"]}]},{"@type":"BreadcrumbList","@id":"https:\/\/powerballticketonline.com\/fr\/jouez-au-powerball-en-ligne\/#breadcrumb","itemListElement":[{"@type":"ListItem","position":1,"name":"Home","item":"https:\/\/powerballticketonline.com\/fr\/"},{"@type":"ListItem","position":2,"name":"Jouez au Powerball en ligne"}]},{"@type":"WebSite","@id":"https:\/\/powerballticketonline.com\/fr\/#website","url":"https:\/\/powerballticketonline.com\/fr\/","name":"","description":"","potentialAction":[{"@type":"SearchAction","target":{"@type":"EntryPoint","urlTemplate":"https:\/\/powerballticketonline.com\/fr\/?s={search_term_string}"},"query-input":{"@type":"PropertyValueSpecification","valueRequired":true,"valueName":"search_term_string"}}],"inLanguage":"fr-FR"}]}},"_links":{"self":[{"href":"https:\/\/powerballticketonline.com\/fr\/wp-json\/wp\/v2\/pages\/52","targetHints":{"allow":["GET"]}}],"collection":[{"href":"https:\/\/powerballticketonline.com\/fr\/wp-json\/wp\/v2\/pages"}],"about":[{"href":"https:\/\/powerballticketonline.com\/fr\/wp-json\/wp\/v2\/types\/page"}],"author":[{"embeddable":true,"href":"https:\/\/powerballticketonline.com\/fr\/wp-json\/wp\/v2\/users\/1"}],"replies":[{"embeddable":true,"href":"https:\/\/powerballticketonline.com\/fr\/wp-json\/wp\/v2\/comments?post=52"}],"version-history":[{"count":0,"href":"https:\/\/powerballticketonline.com\/fr\/wp-json\/wp\/v2\/pages\/52\/revisions"}],"wp:attachment":[{"href":"https:\/\/powerballticketonline.com\/fr\/wp-json\/wp\/v2\/media?parent=52"}],"curies":[{"name":"wp","href":"https:\/\/api.w.org\/{rel}","templated":true}]}}