{"id":376,"date":"2025-08-02T15:41:33","date_gmt":"2025-08-02T15:41:33","guid":{"rendered":"https:\/\/powerballticketonline.com\/dom\/"},"modified":"2025-08-02T15:41:33","modified_gmt":"2025-08-02T15:41:33","slug":"dom","status":"publish","type":"page","link":"https:\/\/powerballticketonline.com\/hr\/","title":{"rendered":"Dom"},"content":{"rendered":"<h2>Kako mo\u017eete kupiti Powerball tikete online<\/h2>\n<p>PowerBall je izuzetno popularna lutrija s ogromnim isplatama i jackpotom od 140 do vi\u0161e od 300 milijuna dolara! Ve\u0107 je 7 ljudi osvojilo PowerBall jackpot u 2012. godini. Najni\u017ei jackpot bio je 60 milijuna dolara, a najvi\u0161i 337 milijuna ameri\u010dkih dolara! To biste lako mogli biti vi, jedino \u0161to trebate u\u010diniti kako biste imali priliku osvojiti milijune dolara jest <strong>kupiti PowerBall tiket online<\/strong>.<\/p>\n<p><img loading=\"lazy\" decoding=\"async\" style=\"margin: 1px; float: right;\" src=\"images\/powerball_lottery.gif\" alt=\"Powerball lottery\" width=\"250\" height=\"96\" \/>Iako je lutrija izvorno stvorena za stanovnike SAD-a i tiketi se mogu kupiti u lokalnim trgovinama, sada je mogu\u0107e kupiti PowerBall tiket online! To zna\u010di da nije va\u017eno \u017eivite li u SAD-u ili Australiji, mo\u017eete <span style=\"text-decoration: underline;\"><a href=\"https:\/\/www.onlinelotto365.com\/usa\/powerball-lotto-online\" target=\"_blank\" rel=\"noopener noreferrer\">igrati PowerBall loto bilo gdje u svijetu! <\/a><\/span><\/p>\n<p>Kupnja i sudjelovanje u PowerBallu mogu\u0107i su zahvaljuju\u0107i ekskluzivnoj usluzi koju nudi RedFoxLotto. To je tvrtka sa stotinama agenata diljem svijeta i uz njihovu pomo\u0107 mo\u017eete kupiti bilo koju lutriju koju \u017eelite.<\/p>\n<p><strong>Prije nego \u0161to primite svoju lutrijsku kartu, potrebno je napraviti 4 jednostavna koraka:<\/strong><\/p>\n<ol>\n<li>Odaberite lutriju u kojoj \u017eelite sudjelovati \u2013 u ovom slu\u010daju PowerBall \u2013 nakon \u0161to kliknete na banner na na\u0161oj stranici, <span style=\"text-decoration: underline;\"><strong><a href=\"https:\/\/redfoxlotto.com\/?ref=A8564250A2&amp;medium=pwb\" target=\"_blank\" rel=\"noopener noreferrer\">ili jednostavno kliknite ovdje<\/a><\/strong><\/span><\/li>\n<li>Jedan od mnogih lokalnih agenata RedFoxLotta kupit \u0107e kartu u va\u0161e ime<\/li>\n<li>Tiket \u0107e tada biti vidljiv na va\u0161em ra\u010dunu<\/li>\n<li>Nakon \u0161to je izvla\u010denje zavr\u0161eno i u slu\u010daju da ste osvojili, informacije o tome kako preuzeti svoj dobitak bit \u0107e vam poslane u drugoj e-poruci.<\/li>\n<li>Zapravo, svi dobici ispod 2500 \u20ac bit \u0107e upla\u0107eni na va\u0161 korisni\u010dki ra\u010dun, a za ve\u0107e nagrade, RedFoxLotto \u0107e vam pomo\u0107i da dobijete svoj \u010dek. Nema dodatnih tro\u0161kova za tu uslugu!<\/li>\n<\/ol>\n<p>Ovo je ekskluzivna usluga koju koriste tisu\u0107e ljudi diljem svijeta. Ako razmi\u0161ljate o tome \u0161to bi se dogodilo u slu\u010daju da osvojite jackpot, prestanite brinuti. Ne samo da je ova tvrtka 100% ugledna i legitimna, ve\u0107 se na listi\u0107u nalazi i va\u0161e ime, tako da nema mjesta za pogre\u0161ke ili prijevaru.<\/p>\n<p>PowerBall lutrija nije jedina dostupna za kupnju putem ove usluge \u2013 mo\u017eete kupiti i listi\u0107e Euromillions, kao i sudjelovati u lutriji El Gordo i SuperEnalotto te igrati niz drugih me\u0111unarodnih lutrija. Dakle, na kraju, nije va\u017eno gdje u svijetu \u017eivite, mo\u0107i \u0107ete sudjelovati u stranim lutrijama koliko god \u017eelite, kada to \u017eelite.<\/p>\n<h2>Izvla\u010denja nagrada<\/h2>\n<p>Izvla\u010denja nagrada odr\u017eavaju se dva puta tjedno \u2013 svake srijede i subote nave\u010der, u 22:59 po isto\u010dnom vremenu. Karte se mogu kupiti do zadnjeg sata izvla\u010denja, \u0161to zna\u010di da je prodaja zatvorena 59 minuta prije po\u010detka. Za online kupnju karata, ostavite barem 2 sata vremena kako biste RedFoxLottu dali dovoljno vremena za obradu va\u0161e narud\u017ebe Powerball karte.<br \/>\nDobitnici i sretni brojevi odre\u0111uju se izvla\u010denjem 5 bijelih kuglica iz bubnja, koji sadr\u017ei ukupno 59 kuglica. Tu je i novi dodatak &#8211; jedna crvena kuglica, koja se izvla\u010di iz drugog bubnja koji se sastoji od 35 crvenih kuglica.<\/p>\n<h2>Na\u010dini dobitka<\/h2>\n<p>Postoji 9 razli\u010ditih na\u010dina za dobitak kada igrate Powerball lutriju. Glavna nagrada, veliki jackpot, bit \u0107e osvojena ako se na va\u0161oj karti pogodi svih 5 bijelih brojeva kuglica i crvena kuglica, koja je poznata i kao PowerBall. U slu\u010daju dobitka jackpota, mo\u017eete odabrati isplatu jednokratnog iznosa novca odmah ili isplatu cijelog jackpota godi\u0161nje, tijekom 29 godina. Iako se ovo \u010dini kao dugo vrijeme, sigurni smo da \u0107ete biti vi\u0161e nego zadovoljni primanjem oko 10 milijuna dolara godi\u0161nje!<\/p>\n<p>Izgledi za osvajanje bilo koje nagrade tijekom igranja Powerball lutrije su otprilike 1 prema 32. Nagradu mo\u017eete osvojiti na sljede\u0107e na\u010dine:<\/p>\n<ul>\n<li>5 bijelih kuglica + PowerBall osvaja jackpot<\/li>\n<li>5 bijelih kuglica osvaja 1 milijun dolara<\/li>\n<li>4 bijele kuglice + PowerBall osvaja 10.000 dolara<\/li>\n<li>4 bijele kuglice osvajaju 100 dolara<\/li>\n<li>3 bijele kuglice + PowerBall osvajaju 100 dolara<\/li>\n<li>3 bijele kuglice osvajaju 7 dolara<\/li>\n<li>2 bijele kuglice + PowerBall osvajaju 7 dolara<\/li>\n<li>1 bijela kuglica + PowerBall osvaja 7 dolara<\/li>\n<li>Samo PowerBall osvaja 4 dolara<\/li>\n<\/ul>\n<p>Dodana je i dodatna zna\u010dajka: ako odaberete zna\u010dajku PowerPlay, mo\u017eete pove\u0107ati izvorni iznos nagrade. Ako va\u0161 listi\u0107 sadr\u017ei dobitnu kombinaciju 5+0, va\u0161a nagrada bit \u0107e 2 milijuna dolara umjesto 1 milijun dolara. Prilikom kupnje listi\u0107a morate odabrati zna\u010dajku PowerPlay.<\/p>\n<h2>Gdje mogu igrati?<\/h2>\n<p>Powerball je omiljena ameri\u010dka loto igra.ery igra i mo\u017ee se igrati iz 42 dr\u017eave diljem cijele zemlje. Igra se i u Washingtonu, D.C. i na Ameri\u010dkim Djevi\u010danskim otocima. Postoji 8 dr\u017eava koje ne dopu\u0161taju svojim stanovnicima sudjelovanje u ovoj lutriji &#8211; Nevada, Kalifornija, Utah, Mississippi, Wyoming, Alabama, Havaji i Aljaska.<\/p>\n<p>Me\u0111utim, kao \u0161to je re\u010deno na po\u010detku ovog \u010dlanka, mogu\u0107e je igrati PowerBall i izvan SAD-a i kao osoba koja nije stanovnik SAD-a ili iz ameri\u010dke dr\u017eave u kojoj ih ne mo\u017eete kupiti u trgovini. RedFoxLotto to omogu\u0107uje svima. <strong><span style=\"text-decoration: underline;\"><a href=\"https:\/\/redfoxlotto.com\/?ref=A8564250A2&amp;medium=pwb\" target=\"_blank\" rel=\"noopener noreferrer\">Nabavite svoju PowerBall loto kartu online odmah!<\/a><\/span><\/strong><\/p>\n","protected":false},"excerpt":{"rendered":"<p>Kako mo\u017eete kupiti Powerball tikete online PowerBall je izuzetno popularna lutrija s ogromnim isplatama i jackpotom od 140 do vi\u0161e od 300 milijuna dolara! Ve\u0107 je 7 ljudi osvojilo PowerBall jackpot u 2012. godini. Najni\u017ei jackpot bio je 60 milijuna dolara, a najvi\u0161i 337 milijuna ameri\u010dkih dolara! To biste lako mogli biti vi, jedino \u0161to &hellip; <\/p>\n<p class=\"link-more\"><a href=\"https:\/\/powerballticketonline.com\/hr\/\" class=\"more-link\">Read more<span class=\"screen-reader-text\"> &#8220;Dom&#8221;<\/span><\/a><\/p>\n","protected":false},"author":1,"featured_media":0,"parent":0,"menu_order":0,"comment_status":"closed","ping_status":"closed","template":"","meta":{"footnotes":""},"class_list":["post-376","page","type-page","status-publish","hentry"],"yoast_head":"<!-- This site is optimized with the Yoast SEO plugin v27.3 - https:\/\/yoast.com\/product\/yoast-seo-wordpress\/ -->\n<title>Kupite Powerball lutrijske karte online s bilo kojeg mjesta u svijetu<\/title>\n<meta name=\"robots\" content=\"index, follow, max-snippet:-1, max-image-preview:large, max-video-preview:-1\" \/>\n<link rel=\"canonical\" href=\"https:\/\/powerballticketonline.com\/hr\/\" \/>\n<meta property=\"og:locale\" content=\"hr_HR\" \/>\n<meta property=\"og:type\" content=\"article\" \/>\n<meta property=\"og:title\" content=\"Kupite Powerball lutrijske karte online s bilo kojeg mjesta u svijetu\" \/>\n<meta property=\"og:description\" content=\"Kako mo\u017eete kupiti Powerball tikete online PowerBall je izuzetno popularna lutrija s ogromnim isplatama i jackpotom od 140 do vi\u0161e od 300 milijuna dolara! Ve\u0107 je 7 ljudi osvojilo PowerBall jackpot u 2012. godini. Najni\u017ei jackpot bio je 60 milijuna dolara, a najvi\u0161i 337 milijuna ameri\u010dkih dolara! To biste lako mogli biti vi, jedino \u0161to &hellip; Read more &quot;Dom&quot;\" \/>\n<meta property=\"og:url\" content=\"https:\/\/powerballticketonline.com\/hr\/\" \/>\n<meta name=\"twitter:card\" content=\"summary_large_image\" \/>\n<meta name=\"twitter:label1\" content=\"Procijenjeno vrijeme \u010ditanja\" \/>\n\t<meta name=\"twitter:data1\" content=\"4 minute\" \/>\n<script type=\"application\/ld+json\" class=\"yoast-schema-graph\">{\"@context\":\"https:\\\/\\\/schema.org\",\"@graph\":[{\"@type\":\"WebPage\",\"@id\":\"https:\\\/\\\/powerballticketonline.com\\\/hr\\\/\",\"url\":\"https:\\\/\\\/powerballticketonline.com\\\/hr\\\/\",\"name\":\"Kupite Powerball lutrijske karte online s bilo kojeg mjesta u svijetu\",\"isPartOf\":{\"@id\":\"https:\\\/\\\/powerballticketonline.com\\\/hr\\\/#website\"},\"datePublished\":\"2025-08-02T15:41:33+00:00\",\"breadcrumb\":{\"@id\":\"https:\\\/\\\/powerballticketonline.com\\\/hr\\\/#breadcrumb\"},\"inLanguage\":\"hr\",\"potentialAction\":[{\"@type\":\"ReadAction\",\"target\":[\"https:\\\/\\\/powerballticketonline.com\\\/hr\\\/\"]}]},{\"@type\":\"BreadcrumbList\",\"@id\":\"https:\\\/\\\/powerballticketonline.com\\\/hr\\\/#breadcrumb\",\"itemListElement\":[{\"@type\":\"ListItem\",\"position\":1,\"name\":\"Home\",\"item\":\"https:\\\/\\\/powerballticketonline.com\\\/hr\\\/\"},{\"@type\":\"ListItem\",\"position\":2,\"name\":\"Dom\"}]},{\"@type\":\"WebSite\",\"@id\":\"https:\\\/\\\/powerballticketonline.com\\\/hr\\\/#website\",\"url\":\"https:\\\/\\\/powerballticketonline.com\\\/hr\\\/\",\"name\":\"\",\"description\":\"\",\"potentialAction\":[{\"@type\":\"SearchAction\",\"target\":{\"@type\":\"EntryPoint\",\"urlTemplate\":\"https:\\\/\\\/powerballticketonline.com\\\/hr\\\/?s={search_term_string}\"},\"query-input\":{\"@type\":\"PropertyValueSpecification\",\"valueRequired\":true,\"valueName\":\"search_term_string\"}}],\"inLanguage\":\"hr\"}]}<\/script>\n<!-- \/ Yoast SEO plugin. -->","yoast_head_json":{"title":"Kupite Powerball lutrijske karte online s bilo kojeg mjesta u svijetu","robots":{"index":"index","follow":"follow","max-snippet":"max-snippet:-1","max-image-preview":"max-image-preview:large","max-video-preview":"max-video-preview:-1"},"canonical":"https:\/\/powerballticketonline.com\/hr\/","og_locale":"hr_HR","og_type":"article","og_title":"Kupite Powerball lutrijske karte online s bilo kojeg mjesta u svijetu","og_description":"Kako mo\u017eete kupiti Powerball tikete online PowerBall je izuzetno popularna lutrija s ogromnim isplatama i jackpotom od 140 do vi\u0161e od 300 milijuna dolara! Ve\u0107 je 7 ljudi osvojilo PowerBall jackpot u 2012. godini. Najni\u017ei jackpot bio je 60 milijuna dolara, a najvi\u0161i 337 milijuna ameri\u010dkih dolara! To biste lako mogli biti vi, jedino \u0161to &hellip; Read more \"Dom\"","og_url":"https:\/\/powerballticketonline.com\/hr\/","twitter_card":"summary_large_image","twitter_misc":{"Procijenjeno vrijeme \u010ditanja":"4 minute"},"schema":{"@context":"https:\/\/schema.org","@graph":[{"@type":"WebPage","@id":"https:\/\/powerballticketonline.com\/hr\/","url":"https:\/\/powerballticketonline.com\/hr\/","name":"Kupite Powerball lutrijske karte online s bilo kojeg mjesta u svijetu","isPartOf":{"@id":"https:\/\/powerballticketonline.com\/hr\/#website"},"datePublished":"2025-08-02T15:41:33+00:00","breadcrumb":{"@id":"https:\/\/powerballticketonline.com\/hr\/#breadcrumb"},"inLanguage":"hr","potentialAction":[{"@type":"ReadAction","target":["https:\/\/powerballticketonline.com\/hr\/"]}]},{"@type":"BreadcrumbList","@id":"https:\/\/powerballticketonline.com\/hr\/#breadcrumb","itemListElement":[{"@type":"ListItem","position":1,"name":"Home","item":"https:\/\/powerballticketonline.com\/hr\/"},{"@type":"ListItem","position":2,"name":"Dom"}]},{"@type":"WebSite","@id":"https:\/\/powerballticketonline.com\/hr\/#website","url":"https:\/\/powerballticketonline.com\/hr\/","name":"","description":"","potentialAction":[{"@type":"SearchAction","target":{"@type":"EntryPoint","urlTemplate":"https:\/\/powerballticketonline.com\/hr\/?s={search_term_string}"},"query-input":{"@type":"PropertyValueSpecification","valueRequired":true,"valueName":"search_term_string"}}],"inLanguage":"hr"}]}},"_links":{"self":[{"href":"https:\/\/powerballticketonline.com\/hr\/wp-json\/wp\/v2\/pages\/376","targetHints":{"allow":["GET"]}}],"collection":[{"href":"https:\/\/powerballticketonline.com\/hr\/wp-json\/wp\/v2\/pages"}],"about":[{"href":"https:\/\/powerballticketonline.com\/hr\/wp-json\/wp\/v2\/types\/page"}],"author":[{"embeddable":true,"href":"https:\/\/powerballticketonline.com\/hr\/wp-json\/wp\/v2\/users\/1"}],"replies":[{"embeddable":true,"href":"https:\/\/powerballticketonline.com\/hr\/wp-json\/wp\/v2\/comments?post=376"}],"version-history":[{"count":0,"href":"https:\/\/powerballticketonline.com\/hr\/wp-json\/wp\/v2\/pages\/376\/revisions"}],"wp:attachment":[{"href":"https:\/\/powerballticketonline.com\/hr\/wp-json\/wp\/v2\/media?parent=376"}],"curies":[{"name":"wp","href":"https:\/\/api.w.org\/{rel}","templated":true}]}}