{"id":400,"date":"2025-08-02T15:41:33","date_gmt":"2025-08-02T15:41:33","guid":{"rendered":"https:\/\/powerballticketonline.com\/otthon\/"},"modified":"2025-08-02T15:41:33","modified_gmt":"2025-08-02T15:41:33","slug":"otthon","status":"publish","type":"page","link":"https:\/\/powerballticketonline.com\/hu\/","title":{"rendered":"Otthon"},"content":{"rendered":"<h2>Hogyan v\u00e1s\u00e1rolhatsz Powerball szelv\u00e9nyeket online<\/h2>\n<p>A PowerBall egy rendk\u00edv\u00fcl n\u00e9pszer\u0171 lott\u00f3j\u00e1t\u00e9k, hatalmas kifizet\u00e9sekkel \u00e9s 140 doll\u00e1rt\u00f3l t\u00f6bb mint 300 milli\u00f3 doll\u00e1rig terjed\u0151 jackpot nyerem\u00e9nyekkel! M\u00e1r 7 ember nyerte meg a PowerBall jackpotot 2012-ben. A legalacsonyabb jackpot 60 milli\u00f3 doll\u00e1r, a legmagasabb pedig 337 milli\u00f3 amerikai doll\u00e1r volt! Ez k\u00f6nnyen lehetsz te is, az egyetlen dolog, amit tenned kell ahhoz, hogy es\u00e9lyed legyen t\u00f6bb milli\u00f3 doll\u00e1rra, az, hogy <strong>v\u00e1s\u00e1rolsz egy PowerBall szelv\u00e9nyt online<\/strong>.<\/p>\n<p><img loading=\"lazy\" decoding=\"async\" style=\"margin: 1px; float: right;\" src=\"images\/powerball_lottery.gif\" alt=\"Powerball lott\u00f3\" width=\"250\" height=\"96\" \/>M\u00edg a lott\u00f3t eredetileg az Egyes\u00fclt \u00c1llamok lakosai sz\u00e1m\u00e1ra hozt\u00e1k l\u00e9tre, \u00e9s a szelv\u00e9nyek megv\u00e1s\u00e1rolhat\u00f3k a helyi \u00fczletekben, most m\u00e1r online is lehet PowerBall szelv\u00e9nyt v\u00e1s\u00e1rolni! Ez azt jelenti, hogy nem sz\u00e1m\u00edt, hogy az USA-ban vagy Ausztr\u00e1li\u00e1ban \u00e9lsz, a PowerBall lott\u00f3n b\u00e1rhol j\u00e1tszhatsz a vil\u00e1gon!\u00a0 <\/a><\/span><\/p>\n<p>A PowerBallon val\u00f3 v\u00e1s\u00e1rl\u00e1s \u00e9s r\u00e9szv\u00e9tel a RedFoxLotto \u00e1ltal k\u00edn\u00e1lt exkluz\u00edv szolg\u00e1ltat\u00e1snak k\u00f6sz\u00f6nhet\u0151en lehets\u00e9ges. Ez egy olyan c\u00e9g, amelynek t\u00f6bb sz\u00e1z \u00fcgyn\u00f6ke van vil\u00e1gszerte, \u00e9s a seg\u00edts\u00e9g\u00fckkel b\u00e1rmilyen lott\u00f3t megv\u00e1s\u00e1rolhatsz, amit csak szeretn\u00e9l.<\/p>\n<p><strong>4 egyszer\u0171 l\u00e9p\u00e9st kell v\u00e9grehajtania, miel\u0151tt megkapja a lott\u00f3szelv\u00e9ny\u00e9t:<\/strong><\/p>\n<ol>\n<li>V\u00e1lassza ki a k\u00edv\u00e1nt lott\u00f3t \u2013 ebben az esetben a PowerBallt \u2013 miut\u00e1n r\u00e1kattintott az oldalunkon tal\u00e1lhat\u00f3 bannerre, <span style=\"text-decoration: underline;\"><strong><a href=\"https:\/\/redfoxlotto.com\/?ref=A8564250A2&amp;medium=pwb\" target=\"_blank\" rel=\"noopener noreferrer\">vagy egyszer\u0171en kattintson ide<\/a><\/strong><\/span><\/li>\n<li>A RedFoxLotto sz\u00e1mos helyi \u00fcgyn\u00f6k\u00e9nek egyike megv\u00e1s\u00e1rolja a szelv\u00e9nyt az \u00d6n nev\u00e9ben<\/li>\n<li>A szelv\u00e9ny ezut\u00e1n l\u00e1that\u00f3 lesz a fi\u00f3kj\u00e1ban<\/li>\n<li>A sorsol\u00e1s befejez\u00e9se ut\u00e1n, \u00e9s ha nyert, egy m\u00e1sik e-mailben elk\u00fcldj\u00fck \u00d6nnek a nyerem\u00e9ny \u00e1tv\u00e9tel\u00e9vel kapcsolatos inform\u00e1ci\u00f3kat.<\/li>\n<li>Val\u00f3j\u00e1ban minden 2500 eur\u00f3 alatti nyerem\u00e9ny az \u00fcgyf\u00e9lsz\u00e1ml\u00e1j\u00e1ra ker\u00fcl, a nagyobb \u00f6sszegek pedig nyerem\u00e9nyeket, a RedFoxLotto seg\u00edt a csekk megszerz\u00e9s\u00e9ben. Ez\u00e9rt a szolg\u00e1ltat\u00e1s\u00e9rt nincsenek fel\u00e1rak!<\/li>\n<\/ol>\n<p>Ez egy exkluz\u00edv szolg\u00e1ltat\u00e1s, amelyet vil\u00e1gszerte ezrek haszn\u00e1lnak. Ha azon gondolkodik, mi t\u00f6rt\u00e9nne, ha megnyerne egy jackpotot, ne agg\u00f3djon. Ez a c\u00e9g nemcsak 100%-ban megb\u00edzhat\u00f3 \u00e9s legitim, de a szelv\u00e9nyen a neve is szerepel, \u00edgy nincs helye a hib\u00e1nak vagy a csal\u00e1snak.<\/p>\n<p>A PowerBall lott\u00f3 nem az egyetlen, amely ezen a szolg\u00e1ltat\u00e1son kereszt\u00fcl megv\u00e1s\u00e1rolhat\u00f3 \u2013 Euromillions szelv\u00e9nyeket is v\u00e1s\u00e1rolhat, valamint r\u00e9szt vehet az El Gordo lott\u00f3n \u00e9s a Superenalotto-n, \u00e9s sz\u00e1mos m\u00e1s nemzetk\u00f6zi lott\u00f3n is j\u00e1tszhat. Teh\u00e1t v\u00e9gs\u0151 soron nem sz\u00e1m\u00edt, hogy a vil\u00e1g melyik r\u00e9sz\u00e9n \u00e9l, annyiszor, amennyiszer, r\u00e9szt vehet k\u00fclf\u00f6ldi lott\u00f3kban, amikor csak szeretn\u00e9.<\/p>\n<h2>Nyerem\u00e9nysorsol\u00e1sok<\/h2>\n<p>A nyerem\u00e9nysorsol\u00e1sokat hetente k\u00e9tszer tartj\u00e1k \u2013 minden szerda \u00e9s szombat este, keleti id\u0151 szerint 22:59-kor. A szelv\u00e9nyek a sorsol\u00e1s utols\u00f3 \u00f3r\u00e1j\u00e1ig v\u00e1s\u00e1rolhat\u00f3k, ami azt jelenti, hogy az \u00e9rt\u00e9kes\u00edt\u00e9s 59 perccel a kezd\u00e9s el\u0151tt lez\u00e1rul. Online szelv\u00e9nyv\u00e1s\u00e1rl\u00e1s eset\u00e9n legal\u00e1bb 2 \u00f3r\u00e1t v\u00e1rjon, hogy a RedFoxLotto-nak elegend\u0151 ideje legyen feldolgozni a Powerball szelv\u00e9nyrendel\u00e9s\u00e9t.<\/p>\n<p>A nyerteseket \u00e9s a szerencsesz\u00e1mokat egy 59 goly\u00f3b\u00f3l \u00e1ll\u00f3 dob 5 feh\u00e9r goly\u00f3j\u00e1nak kih\u00faz\u00e1s\u00e1val hat\u00e1rozz\u00e1k meg. Van egy \u00faj kieg\u00e9sz\u00edt\u00e9s is \u2013 egy piros goly\u00f3, amelyet egy m\u00e1sik, 35 piros goly\u00f3b\u00f3l \u00e1ll\u00f3 dobb\u00f3l h\u00faznak ki.<\/p>\n<h2>Nyer\u00e9si m\u00f3dok<\/h2>\n<p>9 k\u00fcl\u00f6nb\u00f6z\u0151 m\u00f3don nyerhet a Powerball lott\u00f3n. A f\u0151d\u00edjat, a nagy jackpotot akkor nyeri meg, ha a lott\u00f3szelv\u00e9ny\u00e9n mind az 5 feh\u00e9r goly\u00f3 sz\u00e1ma \u00e9s a piros goly\u00f3 is eltal\u00e1lja a sz\u00e1mot, amelyet PowerBallnak is neveznek. Jackpot megnyer\u00e9se eset\u00e9n v\u00e1laszthat egy azonnali kifizet\u00e9st, vagy a teljes jackpotot \u00e9vente, 29 \u00e9ven kereszt\u00fcl. B\u00e1r ez hossz\u00fa id\u0151nek t\u0171nik, biztosak vagyunk benne, hogy \u00e9vi k\u00f6r\u00fclbel\u00fcl 10 milli\u00f3 doll\u00e1rral b\u0151ven el\u00e9gedett lesz! A Powerball lott\u00f3n val\u00f3 nyer\u00e9s es\u00e9lye k\u00f6r\u00fclbel\u00fcl 1 a 32-h\u00f6z. A k\u00f6vetkez\u0151 m\u00f3dokon nyerhetsz:<\/p>\n<ul>\n<li>5 feh\u00e9r goly\u00f3 + a PowerBall nyeri a f\u0151nyerem\u00e9nyt<\/li>\n<li>5 feh\u00e9r goly\u00f3 1 milli\u00f3 doll\u00e1rt nyer<\/li>\n<li>4 feh\u00e9r goly\u00f3 + a PowerBall 10 000 doll\u00e1rt nyer<\/li>\n<li>4 feh\u00e9r goly\u00f3 100 doll\u00e1rt nyer<\/li>\n<li>3 feh\u00e9r goly\u00f3 + a PowerBall 100 doll\u00e1rt nyer<\/li>\n<li>3 feh\u00e9r goly\u00f3 7 doll\u00e1rt nyer<\/li>\n<li>2 feh\u00e9r goly\u00f3 + a PowerBall 7 doll\u00e1rt nyer<\/li>\n<li>1 feh\u00e9r goly\u00f3 + a PowerBall 7 doll\u00e1rt nyer<\/li>\n<li>A PowerBall \u00f6nmag\u00e1ban 4 doll\u00e1rt nyer<\/li>\n<\/ul>\n<p>Van egy extra funkci\u00f3 is: ha a PowerPlay funkci\u00f3t v\u00e1lasztod, n\u00f6velheted az eredeti nyerem\u00e9ny \u00f6sszeg\u00e9t. Ha a szelv\u00e9nyeden az 5+0 nyer\u0151 kombin\u00e1ci\u00f3 szerepel, a nyerem\u00e9nyed 2 milli\u00f3 doll\u00e1r lesz 1 milli\u00f3 doll\u00e1r helyett. A PowerPlay funkci\u00f3t ki kell v\u00e1lasztani a szelv\u00e9ny megv\u00e1s\u00e1rl\u00e1sakor.<\/p>\n<h2>Hol j\u00e1tszhatok?<\/h2>\n<p>A Powerball Amerika kedvenc lott\u00f3ja.minden j\u00e1t\u00e9k, \u00e9s az orsz\u00e1g 42 \u00e1llam\u00e1ban j\u00e1tszhat\u00f3. J\u00e1tssz\u00e1k Washington D.C.-ben \u00e9s az Amerikai Virgin-szigeteken is. 8 \u00e1llam van, ahol a lakosok nem vehetnek r\u00e9szt ebben a lott\u00f3ban: Nevada, Kalifornia, Utah, Mississippi, Wyoming, Alabama, Hawaii \u00e9s Alaszka.<\/p>\n<p>Azonban, ahogy a cikk elej\u00e9n eml\u00edtett\u00fck, a PowerBall az Egyes\u00fclt \u00c1llamokon k\u00edv\u00fcl \u00e9s nem amerikai lakosk\u00e9nt, vagy olyan amerikai \u00e1llamb\u00f3l is j\u00e1tszhat\u00f3, ahol nem lehet megv\u00e1s\u00e1rolni a lott\u00f3t. A RedFoxLotto ezt b\u00e1rki sz\u00e1m\u00e1ra lehet\u0151v\u00e9 teszi. <strong><span style=\"text-decoration: underline;\"><a href=\"https:\/\/redfoxlotto.com\/?ref=A8564250A2&amp;medium=pwb\" target=\"_blank\" rel=\"noopener noreferrer\">Szerezd meg a PowerBall lott\u00f3szelv\u00e9nyedet online most!<\/a><\/span><\/strong><\/p>\n","protected":false},"excerpt":{"rendered":"<p>Hogyan v\u00e1s\u00e1rolhatsz Powerball szelv\u00e9nyeket online A PowerBall egy rendk\u00edv\u00fcl n\u00e9pszer\u0171 lott\u00f3j\u00e1t\u00e9k, hatalmas kifizet\u00e9sekkel \u00e9s 140 doll\u00e1rt\u00f3l t\u00f6bb mint 300 milli\u00f3 doll\u00e1rig terjed\u0151 jackpot nyerem\u00e9nyekkel! M\u00e1r 7 ember nyerte meg a PowerBall jackpotot 2012-ben. A legalacsonyabb jackpot 60 milli\u00f3 doll\u00e1r, a legmagasabb pedig 337 milli\u00f3 amerikai doll\u00e1r volt! Ez k\u00f6nnyen lehetsz te is, az egyetlen dolog, &hellip; <\/p>\n<p class=\"link-more\"><a href=\"https:\/\/powerballticketonline.com\/hu\/\" class=\"more-link\">Read more<span class=\"screen-reader-text\"> &#8222;Otthon&#8221;<\/span><\/a><\/p>\n","protected":false},"author":1,"featured_media":0,"parent":0,"menu_order":0,"comment_status":"closed","ping_status":"closed","template":"","meta":{"footnotes":""},"class_list":["post-400","page","type-page","status-publish","hentry"],"yoast_head":"<!-- This site is optimized with the Yoast SEO plugin v27.3 - https:\/\/yoast.com\/product\/yoast-seo-wordpress\/ -->\n<title>Buy Powerball Lottery Tickets online from anywhere in the World<\/title>\n<meta name=\"robots\" content=\"index, follow, max-snippet:-1, max-image-preview:large, max-video-preview:-1\" \/>\n<link rel=\"canonical\" href=\"https:\/\/powerballticketonline.com\/hu\/\" \/>\n<meta property=\"og:locale\" content=\"hu_HU\" \/>\n<meta property=\"og:type\" content=\"article\" \/>\n<meta property=\"og:title\" content=\"Buy Powerball Lottery Tickets online from anywhere in the World\" \/>\n<meta property=\"og:description\" content=\"Hogyan v\u00e1s\u00e1rolhatsz Powerball szelv\u00e9nyeket online A PowerBall egy rendk\u00edv\u00fcl n\u00e9pszer\u0171 lott\u00f3j\u00e1t\u00e9k, hatalmas kifizet\u00e9sekkel \u00e9s 140 doll\u00e1rt\u00f3l t\u00f6bb mint 300 milli\u00f3 doll\u00e1rig terjed\u0151 jackpot nyerem\u00e9nyekkel! M\u00e1r 7 ember nyerte meg a PowerBall jackpotot 2012-ben. A legalacsonyabb jackpot 60 milli\u00f3 doll\u00e1r, a legmagasabb pedig 337 milli\u00f3 amerikai doll\u00e1r volt! Ez k\u00f6nnyen lehetsz te is, az egyetlen dolog, &hellip; Read more &quot;Otthon&quot;\" \/>\n<meta property=\"og:url\" content=\"https:\/\/powerballticketonline.com\/hu\/\" \/>\n<meta name=\"twitter:card\" content=\"summary_large_image\" \/>\n<meta name=\"twitter:label1\" content=\"Becs\u00fclt olvas\u00e1si id\u0151\" \/>\n\t<meta name=\"twitter:data1\" content=\"5 perc\" \/>\n<script type=\"application\/ld+json\" class=\"yoast-schema-graph\">{\"@context\":\"https:\\\/\\\/schema.org\",\"@graph\":[{\"@type\":\"WebPage\",\"@id\":\"https:\\\/\\\/powerballticketonline.com\\\/hu\\\/\",\"url\":\"https:\\\/\\\/powerballticketonline.com\\\/hu\\\/\",\"name\":\"Buy Powerball Lottery Tickets online from anywhere in the World\",\"isPartOf\":{\"@id\":\"https:\\\/\\\/powerballticketonline.com\\\/hu\\\/#website\"},\"datePublished\":\"2025-08-02T15:41:33+00:00\",\"breadcrumb\":{\"@id\":\"https:\\\/\\\/powerballticketonline.com\\\/hu\\\/#breadcrumb\"},\"inLanguage\":\"hu\",\"potentialAction\":[{\"@type\":\"ReadAction\",\"target\":[\"https:\\\/\\\/powerballticketonline.com\\\/hu\\\/\"]}]},{\"@type\":\"BreadcrumbList\",\"@id\":\"https:\\\/\\\/powerballticketonline.com\\\/hu\\\/#breadcrumb\",\"itemListElement\":[{\"@type\":\"ListItem\",\"position\":1,\"name\":\"Home\",\"item\":\"https:\\\/\\\/powerballticketonline.com\\\/hu\\\/\"},{\"@type\":\"ListItem\",\"position\":2,\"name\":\"Otthon\"}]},{\"@type\":\"WebSite\",\"@id\":\"https:\\\/\\\/powerballticketonline.com\\\/hu\\\/#website\",\"url\":\"https:\\\/\\\/powerballticketonline.com\\\/hu\\\/\",\"name\":\"\",\"description\":\"\",\"potentialAction\":[{\"@type\":\"SearchAction\",\"target\":{\"@type\":\"EntryPoint\",\"urlTemplate\":\"https:\\\/\\\/powerballticketonline.com\\\/hu\\\/?s={search_term_string}\"},\"query-input\":{\"@type\":\"PropertyValueSpecification\",\"valueRequired\":true,\"valueName\":\"search_term_string\"}}],\"inLanguage\":\"hu\"}]}<\/script>\n<!-- \/ Yoast SEO plugin. -->","yoast_head_json":{"title":"Buy Powerball Lottery Tickets online from anywhere in the World","robots":{"index":"index","follow":"follow","max-snippet":"max-snippet:-1","max-image-preview":"max-image-preview:large","max-video-preview":"max-video-preview:-1"},"canonical":"https:\/\/powerballticketonline.com\/hu\/","og_locale":"hu_HU","og_type":"article","og_title":"Buy Powerball Lottery Tickets online from anywhere in the World","og_description":"Hogyan v\u00e1s\u00e1rolhatsz Powerball szelv\u00e9nyeket online A PowerBall egy rendk\u00edv\u00fcl n\u00e9pszer\u0171 lott\u00f3j\u00e1t\u00e9k, hatalmas kifizet\u00e9sekkel \u00e9s 140 doll\u00e1rt\u00f3l t\u00f6bb mint 300 milli\u00f3 doll\u00e1rig terjed\u0151 jackpot nyerem\u00e9nyekkel! M\u00e1r 7 ember nyerte meg a PowerBall jackpotot 2012-ben. A legalacsonyabb jackpot 60 milli\u00f3 doll\u00e1r, a legmagasabb pedig 337 milli\u00f3 amerikai doll\u00e1r volt! Ez k\u00f6nnyen lehetsz te is, az egyetlen dolog, &hellip; Read more \"Otthon\"","og_url":"https:\/\/powerballticketonline.com\/hu\/","twitter_card":"summary_large_image","twitter_misc":{"Becs\u00fclt olvas\u00e1si id\u0151":"5 perc"},"schema":{"@context":"https:\/\/schema.org","@graph":[{"@type":"WebPage","@id":"https:\/\/powerballticketonline.com\/hu\/","url":"https:\/\/powerballticketonline.com\/hu\/","name":"Buy Powerball Lottery Tickets online from anywhere in the World","isPartOf":{"@id":"https:\/\/powerballticketonline.com\/hu\/#website"},"datePublished":"2025-08-02T15:41:33+00:00","breadcrumb":{"@id":"https:\/\/powerballticketonline.com\/hu\/#breadcrumb"},"inLanguage":"hu","potentialAction":[{"@type":"ReadAction","target":["https:\/\/powerballticketonline.com\/hu\/"]}]},{"@type":"BreadcrumbList","@id":"https:\/\/powerballticketonline.com\/hu\/#breadcrumb","itemListElement":[{"@type":"ListItem","position":1,"name":"Home","item":"https:\/\/powerballticketonline.com\/hu\/"},{"@type":"ListItem","position":2,"name":"Otthon"}]},{"@type":"WebSite","@id":"https:\/\/powerballticketonline.com\/hu\/#website","url":"https:\/\/powerballticketonline.com\/hu\/","name":"","description":"","potentialAction":[{"@type":"SearchAction","target":{"@type":"EntryPoint","urlTemplate":"https:\/\/powerballticketonline.com\/hu\/?s={search_term_string}"},"query-input":{"@type":"PropertyValueSpecification","valueRequired":true,"valueName":"search_term_string"}}],"inLanguage":"hu"}]}},"_links":{"self":[{"href":"https:\/\/powerballticketonline.com\/hu\/wp-json\/wp\/v2\/pages\/400","targetHints":{"allow":["GET"]}}],"collection":[{"href":"https:\/\/powerballticketonline.com\/hu\/wp-json\/wp\/v2\/pages"}],"about":[{"href":"https:\/\/powerballticketonline.com\/hu\/wp-json\/wp\/v2\/types\/page"}],"author":[{"embeddable":true,"href":"https:\/\/powerballticketonline.com\/hu\/wp-json\/wp\/v2\/users\/1"}],"replies":[{"embeddable":true,"href":"https:\/\/powerballticketonline.com\/hu\/wp-json\/wp\/v2\/comments?post=400"}],"version-history":[{"count":0,"href":"https:\/\/powerballticketonline.com\/hu\/wp-json\/wp\/v2\/pages\/400\/revisions"}],"wp:attachment":[{"href":"https:\/\/powerballticketonline.com\/hu\/wp-json\/wp\/v2\/media?parent=400"}],"curies":[{"name":"wp","href":"https:\/\/api.w.org\/{rel}","templated":true}]}}