{"id":59,"date":"2025-08-04T10:29:33","date_gmt":"2025-08-04T10:29:33","guid":{"rendered":"https:\/\/powerballticketonline.com\/controlla-i-numeri-del-powerball\/"},"modified":"2025-08-04T10:29:33","modified_gmt":"2025-08-04T10:29:33","slug":"controlla-i-numeri-del-powerball","status":"publish","type":"page","link":"https:\/\/powerballticketonline.com\/it\/controlla-i-numeri-del-powerball\/","title":{"rendered":"Controlla i numeri del Powerball"},"content":{"rendered":"<h1>Come scoprire se i tuoi numeri del Powerball hanno vinto<\/h1>\n<p>Stai cercando un modo per controllare i numeri del Powerball in modo rapido e semplice? Se s\u00ec, sei sicuramente nel posto giusto, perch\u00e9 \u00e8 proprio questo il punto. Vuoi essere sicuro di avere i numeri giusti subito e di poterti godere appieno la vincita (o andare al negozio per un altro biglietto). Ma come puoi controllare i numeri e sapere quali sono i risultati? Devi sapere chi ha quei numeri e quando saranno disponibili.<\/p>\n<h2>Quando controllare i numeri del Powerball<\/h2>\n<p>Quando puoi controllare i numeri vincenti del Powerball? Beh, puoi controllarli in diversi modi. Se vuoi sapere quali sono i numeri non appena escono, la soluzione migliore \u00e8 guardare l&#8217;estrazione in diretta. Ora puoi farlo online, tramite qualsiasi dispositivo connesso a Internet. Basta andare sul sito web del gioco e seguire il link per vedere cosa succede. Puoi anche sintonizzarti sulle emittenti locali per seguire l&#8217;estrazione in diretta.<\/p>\n<p>Se non ti interessa sapere subito qual \u00e8 il numero vincente, puoi consultare siti come il sito web del Powerball, siti di notizie e persino siti web che seguono le estrazioni del lotto abbastanza rapidamente dopo l&#8217;estrazione. Questi siti si aggiornano entro un&#8217;ora circa (nella maggior parte dei casi), quindi lo saprai abbastanza rapidamente, ma non istantaneamente. Non vedrai uscire ogni numero, il che pu\u00f2 essere molto divertente per alcuni. Ma sarai comunque tra i primi a saperlo, quindi \u00e8 un ottimo modo per scoprire se ti perdi l&#8217;estrazione in diretta.<\/p>\n<p>Puoi sempre controllare i tuoi numeri anche a una macchinetta. Qualsiasi lotteria che vende giochi del lotto potr\u00e0 scansionare il tuo biglietto per vedere se hai vinto. Questo non ti dar\u00e0 esattamente i numeri vincenti (anche se in quelle postazioni possono anche stamparli). Ti far\u00e0 sapere se hai vinto qualcosa. Alcune di queste macchinette sono quelle che puoi scansionare tu stesso, mentre altre si trovano dietro il bancone, dove avrai bisogno che qualcun altro se ne occupi per te.<\/p>\n<p>Infine, puoi controllare il giornale il giorno dopo l&#8217;estrazione. Se hai gi\u00e0 ricevuto il giornale o se non sei interessato a sapere subito l&#8217;esito della schedina, puoi tranquillamente aspettare di ricevere il giornale la mattina successiva. Questi giornali conterranno i numeri vincenti del Powerball e i numeri vincenti di tutte le altre estrazioni del lotto di quel giorno. Naturalmente, questo si riferisce al lotto locale e nazionale, ma non ai giochi che si svolgono in altre parti del mondo, che potrebbero essere un passatempo completamente nuovo e divertente.<\/p>\n<h2>Perch\u00e9 dovresti conoscere i numeri del Powerball<\/h2>\n<p>Se hai giocato al Powerball, vuoi conoscere i numeri perch\u00e9 vuoi assolutamente sapere se hai vinto, giusto? Vuoi essere in grado di vedere quali numeri sono effettivamente usciti, cos\u00ec puoi vedere se i tuoi coincidono o se hai almeno abbastanza numeri per vincere qualcosa di piccolo. Vuoi solo poter giocare un po&#8217;, giusto? E vuoi assicurarti di poter vincere un po&#8217; e poi tornare a giocare di nuovo. Naturalmente, questo non \u00e8 l&#8217;unico motivo per cui vorrai conoscere i numeri, necessariamente.<\/p>\n<p>A seconda di come ti piace giocare al Powerball, potresti voler conoscere i numeri in modo da poter capire esattamente quali numeri vuoi giocare dopo. Potresti voler controllare quali sono i giochi pi\u00f9 vincenti in modo da poter impostare la tua strategia. Per alcune persone, conoscere i numeri che escono pi\u00f9 frequentemente \u00e8 il modo migliore per assicurarsi di indovinare i numeri giusti la prossima volta. Ma non si sa mai cosa si uscir\u00e0.<\/p>\n<h2>Iniziare a giocare al Lotto<\/h2>\n<p>Se non sei un appassionato del Lotto come alcune delle persone che conosci, questo non significa che devi continuare a giocare come fai di solito. Puoi assolutamente provare nuovi giochi o iniziare a giocare a quelli di cui hai sentito parlare o che hai anche solo guardato. Se sei interessato ad alcuni dei giochi pi\u00f9 locali, ci sono cose come Daily 3 e 4, Lotto 47, Powerball e Mega Millions. Questi giochi si trovano in diverse aree e negli Stati Uniti in generale. Ma ci sono molti altri giochi in circolazione.<\/p>\n<p>Hai mai sentito parlare del Super Enalotto? Che ne dici di Euro Jackpot? O di La Primitiva? Si tratta di grandi lotterie attualmente in corso in diversi paesi. E sono giochi a cui potresti assolutamente giocare, ma non sapevi nemmeno che esistessero. Questo significa che ti stai perdendo l&#8217;opportunit\u00e0 di vincere un premio fantastico (o qualsiasi premio) perch\u00e9 non stai giocando ai giochi a cui potresti partecipare. Ora, questo non significa che devi giocare a tutti i giochi disponibili. Ma dovresti assolutamente provare almeno alcuni giochi per vedere cosa stai facendo.r preferiti.<\/p>\n<p>Quando si tratta di giocare al lotto online, potresti rimanere sorpreso dalle opzioni a tua disposizione. Ci sono molti modi diversi di giocare e luoghi diversi. Alcuni giochi saranno pi\u00f9 piccoli, il che significa che potresti non avere l&#8217;opportunit\u00e0 di vincere un premio enorme. Ma quei giochi ti offrono maggiori probabilit\u00e0 di vincita. Altri giochi potrebbero essere pi\u00f9 grandi di quanto pensi e questo significa che potresti avere una grande opportunit\u00e0 di vincere qualcosa di veramente buono. Ma sicuramente non puoi vincere se non giochi, ed \u00e8 qui che entra in gioco il vero divertimento.<\/p>\n<h2>Come giocare al lotto online<\/h2>\n<p><img loading=\"lazy\" decoding=\"async\" src=\"images\/jackpot_online.jpg\" alt=\"controllo numeri Powerball\" width=\"200\" height=\"200\" style=\"margin: 1px; float: right;\" \/>Se stai cercando modi per giocare al lotto online <a href=\"https:\/\/redfoxlotto.com\/?ref=A8564250A2&#038;medium=pwrb\" target=\"_blank\" rel=\"noopener noreferrer\"><span style=\"text-decoration: underline;\">dovresti dare un&#8217;occhiata a RedFoxLotto.com<\/span><\/a>. Questo sito web ti offre l&#8217;opportunit\u00e0 di scoprire cosa succede al lotto in tutto il mondo e di dare un&#8217;occhiata ad alcuni dei giochi. Potrai anche vedere a quanto ammontano i jackpot, cos\u00ec saprai a cosa stai andando incontro. Tieni presente la valuta in cui \u00e8 elencato il jackpot e scopri quali giochi potrebbero interessarti provare. Non si sa mai cosa potresti vincere.<\/p>\n<p>La cosa davvero divertente \u00e8 che giocare al lotto online ti offre molte pi\u00f9 opzioni. Puoi dare un&#8217;occhiata al sito RedFoxLotto e vedere a quali giochi vuoi giocare, quindi scegliere i tuoi biglietti. Anche giochi come Mega Millions e Powerball sono disponibili qui, quindi non devi andare da nessuna parte quando decidi di giocare. Puoi semplicemente sederti al computer e selezionare i biglietti che desideri e prendere tutto il necessario per tutti i giochi che vuoi. Questo render\u00e0 sicuramente le cose pi\u00f9 facili e molto pi\u00f9 divertenti, non credi?<\/p>\n<h2>Riepilogo<\/h2>\n<p>In fin dei conti, se vuoi controllare i numeri del Powerball hai molte pi\u00f9 opzioni di quanto potresti pensare. Tutto dipende se vuoi sapere subito quali sono i numeri o se sei disposto ad aspettare un po&#8217; di pi\u00f9 per scoprirli. Se vuoi saperlo subito, puoi optare per l&#8217;estrazione in diretta o consultare un sito web che fornir\u00e0 i numeri non appena vengono estratti. D&#8217;altra parte, se cerchi i numeri in un secondo momento, o non sei troppo preoccupato, controllare il giornale il giorno dopo o una macchinetta quando ne hai la possibilit\u00e0 potrebbe funzionare.<\/p>\n<p>Quando arriva il momento di controllare i numeri del Powerball, vuoi assicurarti di sapere esattamente dove andare e questo significa che hai bisogno di una strategia in anticipo. Assicurati solo di essere il primo a sapere quando vinci.<\/p>\n","protected":false},"excerpt":{"rendered":"<p>Come scoprire se i tuoi numeri del Powerball hanno vinto Stai cercando un modo per controllare i numeri del Powerball in modo rapido e semplice? Se s\u00ec, sei sicuramente nel posto giusto, perch\u00e9 \u00e8 proprio questo il punto. Vuoi essere sicuro di avere i numeri giusti subito e di poterti godere appieno la vincita (o &hellip; <\/p>\n<p class=\"link-more\"><a href=\"https:\/\/powerballticketonline.com\/it\/controlla-i-numeri-del-powerball\/\" class=\"more-link\">Leggi tutto<span class=\"screen-reader-text\"> &#8220;Controlla i numeri del Powerball&#8221;<\/span><\/a><\/p>\n","protected":false},"author":1,"featured_media":0,"parent":0,"menu_order":0,"comment_status":"closed","ping_status":"closed","template":"","meta":{"footnotes":""},"class_list":["post-59","page","type-page","status-publish","hentry"],"yoast_head":"<!-- This site is optimized with the Yoast SEO plugin v27.3 - https:\/\/yoast.com\/product\/yoast-seo-wordpress\/ -->\n<title>Controlla i numeri del Powerball -<\/title>\n<meta name=\"robots\" content=\"index, follow, max-snippet:-1, max-image-preview:large, max-video-preview:-1\" \/>\n<link rel=\"canonical\" href=\"https:\/\/powerballticketonline.com\/it\/controlla-i-numeri-del-powerball\/\" \/>\n<meta property=\"og:locale\" content=\"it_IT\" \/>\n<meta property=\"og:type\" content=\"article\" \/>\n<meta property=\"og:title\" content=\"Controlla i numeri del Powerball -\" \/>\n<meta property=\"og:description\" content=\"Come scoprire se i tuoi numeri del Powerball hanno vinto Stai cercando un modo per controllare i numeri del Powerball in modo rapido e semplice? Se s\u00ec, sei sicuramente nel posto giusto, perch\u00e9 \u00e8 proprio questo il punto. Vuoi essere sicuro di avere i numeri giusti subito e di poterti godere appieno la vincita (o &hellip; Leggi tutto &quot;Controlla i numeri del Powerball&quot;\" \/>\n<meta property=\"og:url\" content=\"https:\/\/powerballticketonline.com\/it\/controlla-i-numeri-del-powerball\/\" \/>\n<meta name=\"twitter:card\" content=\"summary_large_image\" \/>\n<meta name=\"twitter:label1\" content=\"Tempo di lettura stimato\" \/>\n\t<meta name=\"twitter:data1\" content=\"6 minuti\" \/>\n<script type=\"application\/ld+json\" class=\"yoast-schema-graph\">{\"@context\":\"https:\\\/\\\/schema.org\",\"@graph\":[{\"@type\":\"WebPage\",\"@id\":\"https:\\\/\\\/powerballticketonline.com\\\/it\\\/controlla-i-numeri-del-powerball\\\/\",\"url\":\"https:\\\/\\\/powerballticketonline.com\\\/it\\\/controlla-i-numeri-del-powerball\\\/\",\"name\":\"Controlla i numeri del Powerball -\",\"isPartOf\":{\"@id\":\"https:\\\/\\\/powerballticketonline.com\\\/it\\\/#website\"},\"datePublished\":\"2025-08-04T10:29:33+00:00\",\"breadcrumb\":{\"@id\":\"https:\\\/\\\/powerballticketonline.com\\\/it\\\/controlla-i-numeri-del-powerball\\\/#breadcrumb\"},\"inLanguage\":\"it-IT\",\"potentialAction\":[{\"@type\":\"ReadAction\",\"target\":[\"https:\\\/\\\/powerballticketonline.com\\\/it\\\/controlla-i-numeri-del-powerball\\\/\"]}]},{\"@type\":\"BreadcrumbList\",\"@id\":\"https:\\\/\\\/powerballticketonline.com\\\/it\\\/controlla-i-numeri-del-powerball\\\/#breadcrumb\",\"itemListElement\":[{\"@type\":\"ListItem\",\"position\":1,\"name\":\"Home\",\"item\":\"https:\\\/\\\/powerballticketonline.com\\\/it\\\/\"},{\"@type\":\"ListItem\",\"position\":2,\"name\":\"Controlla i numeri del Powerball\"}]},{\"@type\":\"WebSite\",\"@id\":\"https:\\\/\\\/powerballticketonline.com\\\/it\\\/#website\",\"url\":\"https:\\\/\\\/powerballticketonline.com\\\/it\\\/\",\"name\":\"\",\"description\":\"\",\"potentialAction\":[{\"@type\":\"SearchAction\",\"target\":{\"@type\":\"EntryPoint\",\"urlTemplate\":\"https:\\\/\\\/powerballticketonline.com\\\/it\\\/?s={search_term_string}\"},\"query-input\":{\"@type\":\"PropertyValueSpecification\",\"valueRequired\":true,\"valueName\":\"search_term_string\"}}],\"inLanguage\":\"it-IT\"}]}<\/script>\n<!-- \/ Yoast SEO plugin. -->","yoast_head_json":{"title":"Controlla i numeri del Powerball -","robots":{"index":"index","follow":"follow","max-snippet":"max-snippet:-1","max-image-preview":"max-image-preview:large","max-video-preview":"max-video-preview:-1"},"canonical":"https:\/\/powerballticketonline.com\/it\/controlla-i-numeri-del-powerball\/","og_locale":"it_IT","og_type":"article","og_title":"Controlla i numeri del Powerball -","og_description":"Come scoprire se i tuoi numeri del Powerball hanno vinto Stai cercando un modo per controllare i numeri del Powerball in modo rapido e semplice? Se s\u00ec, sei sicuramente nel posto giusto, perch\u00e9 \u00e8 proprio questo il punto. Vuoi essere sicuro di avere i numeri giusti subito e di poterti godere appieno la vincita (o &hellip; Leggi tutto \"Controlla i numeri del Powerball\"","og_url":"https:\/\/powerballticketonline.com\/it\/controlla-i-numeri-del-powerball\/","twitter_card":"summary_large_image","twitter_misc":{"Tempo di lettura stimato":"6 minuti"},"schema":{"@context":"https:\/\/schema.org","@graph":[{"@type":"WebPage","@id":"https:\/\/powerballticketonline.com\/it\/controlla-i-numeri-del-powerball\/","url":"https:\/\/powerballticketonline.com\/it\/controlla-i-numeri-del-powerball\/","name":"Controlla i numeri del Powerball -","isPartOf":{"@id":"https:\/\/powerballticketonline.com\/it\/#website"},"datePublished":"2025-08-04T10:29:33+00:00","breadcrumb":{"@id":"https:\/\/powerballticketonline.com\/it\/controlla-i-numeri-del-powerball\/#breadcrumb"},"inLanguage":"it-IT","potentialAction":[{"@type":"ReadAction","target":["https:\/\/powerballticketonline.com\/it\/controlla-i-numeri-del-powerball\/"]}]},{"@type":"BreadcrumbList","@id":"https:\/\/powerballticketonline.com\/it\/controlla-i-numeri-del-powerball\/#breadcrumb","itemListElement":[{"@type":"ListItem","position":1,"name":"Home","item":"https:\/\/powerballticketonline.com\/it\/"},{"@type":"ListItem","position":2,"name":"Controlla i numeri del Powerball"}]},{"@type":"WebSite","@id":"https:\/\/powerballticketonline.com\/it\/#website","url":"https:\/\/powerballticketonline.com\/it\/","name":"","description":"","potentialAction":[{"@type":"SearchAction","target":{"@type":"EntryPoint","urlTemplate":"https:\/\/powerballticketonline.com\/it\/?s={search_term_string}"},"query-input":{"@type":"PropertyValueSpecification","valueRequired":true,"valueName":"search_term_string"}}],"inLanguage":"it-IT"}]}},"_links":{"self":[{"href":"https:\/\/powerballticketonline.com\/it\/wp-json\/wp\/v2\/pages\/59","targetHints":{"allow":["GET"]}}],"collection":[{"href":"https:\/\/powerballticketonline.com\/it\/wp-json\/wp\/v2\/pages"}],"about":[{"href":"https:\/\/powerballticketonline.com\/it\/wp-json\/wp\/v2\/types\/page"}],"author":[{"embeddable":true,"href":"https:\/\/powerballticketonline.com\/it\/wp-json\/wp\/v2\/users\/1"}],"replies":[{"embeddable":true,"href":"https:\/\/powerballticketonline.com\/it\/wp-json\/wp\/v2\/comments?post=59"}],"version-history":[{"count":0,"href":"https:\/\/powerballticketonline.com\/it\/wp-json\/wp\/v2\/pages\/59\/revisions"}],"wp:attachment":[{"href":"https:\/\/powerballticketonline.com\/it\/wp-json\/wp\/v2\/media?parent=59"}],"curies":[{"name":"wp","href":"https:\/\/api.w.org\/{rel}","templated":true}]}}