{"id":61,"date":"2025-08-04T10:30:36","date_gmt":"2025-08-04T10:30:36","guid":{"rendered":"https:\/\/powerballticketonline.com\/controlla-i-numeri-del-powerball\/i-migliori-numeri-della-lotteria-powerball-di-oggi\/"},"modified":"2025-08-04T10:30:36","modified_gmt":"2025-08-04T10:30:36","slug":"i-migliori-numeri-della-lotteria-powerball-di-oggi","status":"publish","type":"page","link":"https:\/\/powerballticketonline.com\/it\/controlla-i-numeri-del-powerball\/i-migliori-numeri-della-lotteria-powerball-di-oggi\/","title":{"rendered":"I migliori numeri della lotteria Powerball di oggi"},"content":{"rendered":"<h1>I migliori numeri della lotteria Powerball di oggi: i numeri vincenti pi\u00f9 fortunati<\/h1>\n<p>Non esiste un set &#8220;migliore&#8221; di numeri della lotteria Powerball da <a href=\"https:\/\/redfoxlotto.com\/play\/\">giocare<\/a>. Le probabilit\u00e0 di vincere il primo premio del Powerball sono 1 su 292.201.338, quindi qualsiasi set di numeri scelto ha le stesse probabilit\u00e0 di essere estratto. Detto questo, sebbene non esista un modo infallibile per indovinare i numeri vincenti, non fa male dare un&#8217;occhiata ai numeri vincenti che sono stati estratti pi\u00f9 frequentemente negli ultimi anni. Per battere le probabilit\u00e0, per cos\u00ec dire! Dopotutto, si tratta di <a href=\"https:\/\/gambling6.com\">gioco d&#8217;azzardo<\/a>!<\/p>\n<p>Questi numeri (palline bianche) sono stati estratti pi\u00f9 spesso negli ultimi 7 anni.<\/p>\n<p>14 \u2014 \u00e8 stato estratto 46 volte.<br \/>21 \u2014 \u00e8 stato estratto 46 volte.<br \/>3 \u2014 \u00e8 stato estratto 48 volte.<br \/>64 \u2014 \u00e8 stato estratto 49 volte.<br \/>53 \u2014 \u00e8 stato estratto 50 volte.<br \/>69 \u2014 \u00e8 stato estratto 50 volte.<br \/>61 \u2014 \u00e8 stato estratto 51 volte.<br \/>32 \u2014 \u00e8 stato estratto 56 volte.<br \/>23 \u2014 \u00e8 stato estratto 58 volte.<br \/>27 \u2014 \u00e8 stato estratto 46 volte.<br \/>62 \u2014 \u00e8 stato estratto 46 volte.<br \/>12, 28, 41, 56, 59 e 63: sono stati estratti 45 volte.<\/p>\n<p>E i numeri rossi? Questi numeri rossi sono stati estratti pi\u00f9 frequentemente negli ultimi 7 anni.<\/p>\n<p>18 \u2014 \u00e8 stato estratto 29 volte.<br \/>21 \u2014 \u00e8 stato estratto 28 volte.<br \/>13 \u2014 \u00e8 stato estratto 27 volte.<br \/>3 \u2014 \u00e8 stato estratto 24 volte.<br \/>6 \u2014 \u00e8 stato estratto 24 volte.<br \/>4 \u2014 \u00e8 stato estratto 23 volte.<br \/>24 \u2014 \u00e8 stato estratto 30 volte.<br \/>8 \u2014 \u00e8 stato estratto 21 volte.<br \/>20 \u2014 \u00e8 stato estratto 21 volte.<br \/>9, 10, 19, 25, 26 \u2014 sono stati estratti 22 volte ciascuno.<br \/>2, 11, 14 \u2014 sono stati estratti 20 volte ciascuno.<\/p>\n<p>&nbsp;<\/p>\n<p>Con questi numeri vincenti passati nel tuo arsenale, hai buone possibilit\u00e0 di vincere Lotteria Powerball. Acquista oggi stesso i tuoi biglietti Powerball su <a href=\"https:\/\/redfoxlotto.com\/\">Redfoxlotto<\/a> e buona fortuna!<\/p>\n","protected":false},"excerpt":{"rendered":"<p>I migliori numeri della lotteria Powerball di oggi: i numeri vincenti pi\u00f9 fortunati Non esiste un set &#8220;migliore&#8221; di numeri della lotteria Powerball da giocare. Le probabilit\u00e0 di vincere il primo premio del Powerball sono 1 su 292.201.338, quindi qualsiasi set di numeri scelto ha le stesse probabilit\u00e0 di essere estratto. Detto questo, sebbene non &hellip; <\/p>\n<p class=\"link-more\"><a href=\"https:\/\/powerballticketonline.com\/it\/controlla-i-numeri-del-powerball\/i-migliori-numeri-della-lotteria-powerball-di-oggi\/\" class=\"more-link\">Leggi tutto<span class=\"screen-reader-text\"> &#8220;I migliori numeri della lotteria Powerball di oggi&#8221;<\/span><\/a><\/p>\n","protected":false},"author":1,"featured_media":0,"parent":59,"menu_order":0,"comment_status":"closed","ping_status":"closed","template":"","meta":{"footnotes":""},"class_list":["post-61","page","type-page","status-publish","hentry"],"yoast_head":"<!-- This site is optimized with the Yoast SEO plugin v27.3 - https:\/\/yoast.com\/product\/yoast-seo-wordpress\/ -->\n<title>I migliori numeri della lotteria Powerball di oggi -<\/title>\n<meta name=\"robots\" content=\"index, follow, max-snippet:-1, max-image-preview:large, max-video-preview:-1\" \/>\n<link rel=\"canonical\" href=\"https:\/\/powerballticketonline.com\/it\/controlla-i-numeri-del-powerball\/i-migliori-numeri-della-lotteria-powerball-di-oggi\/\" \/>\n<meta property=\"og:locale\" content=\"it_IT\" \/>\n<meta property=\"og:type\" content=\"article\" \/>\n<meta property=\"og:title\" content=\"I migliori numeri della lotteria Powerball di oggi -\" \/>\n<meta property=\"og:description\" content=\"I migliori numeri della lotteria Powerball di oggi: i numeri vincenti pi\u00f9 fortunati Non esiste un set &#8220;migliore&#8221; di numeri della lotteria Powerball da giocare. Le probabilit\u00e0 di vincere il primo premio del Powerball sono 1 su 292.201.338, quindi qualsiasi set di numeri scelto ha le stesse probabilit\u00e0 di essere estratto. Detto questo, sebbene non &hellip; Leggi tutto &quot;I migliori numeri della lotteria Powerball di oggi&quot;\" \/>\n<meta property=\"og:url\" content=\"https:\/\/powerballticketonline.com\/it\/controlla-i-numeri-del-powerball\/i-migliori-numeri-della-lotteria-powerball-di-oggi\/\" \/>\n<meta name=\"twitter:card\" content=\"summary_large_image\" \/>\n<meta name=\"twitter:label1\" content=\"Tempo di lettura stimato\" \/>\n\t<meta name=\"twitter:data1\" content=\"1 minuto\" \/>\n<script type=\"application\/ld+json\" class=\"yoast-schema-graph\">{\"@context\":\"https:\\\/\\\/schema.org\",\"@graph\":[{\"@type\":\"WebPage\",\"@id\":\"https:\\\/\\\/powerballticketonline.com\\\/it\\\/controlla-i-numeri-del-powerball\\\/i-migliori-numeri-della-lotteria-powerball-di-oggi\\\/\",\"url\":\"https:\\\/\\\/powerballticketonline.com\\\/it\\\/controlla-i-numeri-del-powerball\\\/i-migliori-numeri-della-lotteria-powerball-di-oggi\\\/\",\"name\":\"I migliori numeri della lotteria Powerball di oggi -\",\"isPartOf\":{\"@id\":\"https:\\\/\\\/powerballticketonline.com\\\/it\\\/#website\"},\"datePublished\":\"2025-08-04T10:30:36+00:00\",\"breadcrumb\":{\"@id\":\"https:\\\/\\\/powerballticketonline.com\\\/it\\\/controlla-i-numeri-del-powerball\\\/i-migliori-numeri-della-lotteria-powerball-di-oggi\\\/#breadcrumb\"},\"inLanguage\":\"it-IT\",\"potentialAction\":[{\"@type\":\"ReadAction\",\"target\":[\"https:\\\/\\\/powerballticketonline.com\\\/it\\\/controlla-i-numeri-del-powerball\\\/i-migliori-numeri-della-lotteria-powerball-di-oggi\\\/\"]}]},{\"@type\":\"BreadcrumbList\",\"@id\":\"https:\\\/\\\/powerballticketonline.com\\\/it\\\/controlla-i-numeri-del-powerball\\\/i-migliori-numeri-della-lotteria-powerball-di-oggi\\\/#breadcrumb\",\"itemListElement\":[{\"@type\":\"ListItem\",\"position\":1,\"name\":\"Home\",\"item\":\"https:\\\/\\\/powerballticketonline.com\\\/it\\\/\"},{\"@type\":\"ListItem\",\"position\":2,\"name\":\"Controlla i numeri del Powerball\",\"item\":\"https:\\\/\\\/powerballticketonline.com\\\/it\\\/check-powerball-numbers\\\/\"},{\"@type\":\"ListItem\",\"position\":3,\"name\":\"I migliori numeri della lotteria Powerball di oggi\"}]},{\"@type\":\"WebSite\",\"@id\":\"https:\\\/\\\/powerballticketonline.com\\\/it\\\/#website\",\"url\":\"https:\\\/\\\/powerballticketonline.com\\\/it\\\/\",\"name\":\"\",\"description\":\"\",\"potentialAction\":[{\"@type\":\"SearchAction\",\"target\":{\"@type\":\"EntryPoint\",\"urlTemplate\":\"https:\\\/\\\/powerballticketonline.com\\\/it\\\/?s={search_term_string}\"},\"query-input\":{\"@type\":\"PropertyValueSpecification\",\"valueRequired\":true,\"valueName\":\"search_term_string\"}}],\"inLanguage\":\"it-IT\"}]}<\/script>\n<!-- \/ Yoast SEO plugin. -->","yoast_head_json":{"title":"I migliori numeri della lotteria Powerball di oggi -","robots":{"index":"index","follow":"follow","max-snippet":"max-snippet:-1","max-image-preview":"max-image-preview:large","max-video-preview":"max-video-preview:-1"},"canonical":"https:\/\/powerballticketonline.com\/it\/controlla-i-numeri-del-powerball\/i-migliori-numeri-della-lotteria-powerball-di-oggi\/","og_locale":"it_IT","og_type":"article","og_title":"I migliori numeri della lotteria Powerball di oggi -","og_description":"I migliori numeri della lotteria Powerball di oggi: i numeri vincenti pi\u00f9 fortunati Non esiste un set &#8220;migliore&#8221; di numeri della lotteria Powerball da giocare. Le probabilit\u00e0 di vincere il primo premio del Powerball sono 1 su 292.201.338, quindi qualsiasi set di numeri scelto ha le stesse probabilit\u00e0 di essere estratto. Detto questo, sebbene non &hellip; Leggi tutto \"I migliori numeri della lotteria Powerball di oggi\"","og_url":"https:\/\/powerballticketonline.com\/it\/controlla-i-numeri-del-powerball\/i-migliori-numeri-della-lotteria-powerball-di-oggi\/","twitter_card":"summary_large_image","twitter_misc":{"Tempo di lettura stimato":"1 minuto"},"schema":{"@context":"https:\/\/schema.org","@graph":[{"@type":"WebPage","@id":"https:\/\/powerballticketonline.com\/it\/controlla-i-numeri-del-powerball\/i-migliori-numeri-della-lotteria-powerball-di-oggi\/","url":"https:\/\/powerballticketonline.com\/it\/controlla-i-numeri-del-powerball\/i-migliori-numeri-della-lotteria-powerball-di-oggi\/","name":"I migliori numeri della lotteria Powerball di oggi -","isPartOf":{"@id":"https:\/\/powerballticketonline.com\/it\/#website"},"datePublished":"2025-08-04T10:30:36+00:00","breadcrumb":{"@id":"https:\/\/powerballticketonline.com\/it\/controlla-i-numeri-del-powerball\/i-migliori-numeri-della-lotteria-powerball-di-oggi\/#breadcrumb"},"inLanguage":"it-IT","potentialAction":[{"@type":"ReadAction","target":["https:\/\/powerballticketonline.com\/it\/controlla-i-numeri-del-powerball\/i-migliori-numeri-della-lotteria-powerball-di-oggi\/"]}]},{"@type":"BreadcrumbList","@id":"https:\/\/powerballticketonline.com\/it\/controlla-i-numeri-del-powerball\/i-migliori-numeri-della-lotteria-powerball-di-oggi\/#breadcrumb","itemListElement":[{"@type":"ListItem","position":1,"name":"Home","item":"https:\/\/powerballticketonline.com\/it\/"},{"@type":"ListItem","position":2,"name":"Controlla i numeri del Powerball","item":"https:\/\/powerballticketonline.com\/it\/check-powerball-numbers\/"},{"@type":"ListItem","position":3,"name":"I migliori numeri della lotteria Powerball di oggi"}]},{"@type":"WebSite","@id":"https:\/\/powerballticketonline.com\/it\/#website","url":"https:\/\/powerballticketonline.com\/it\/","name":"","description":"","potentialAction":[{"@type":"SearchAction","target":{"@type":"EntryPoint","urlTemplate":"https:\/\/powerballticketonline.com\/it\/?s={search_term_string}"},"query-input":{"@type":"PropertyValueSpecification","valueRequired":true,"valueName":"search_term_string"}}],"inLanguage":"it-IT"}]}},"_links":{"self":[{"href":"https:\/\/powerballticketonline.com\/it\/wp-json\/wp\/v2\/pages\/61","targetHints":{"allow":["GET"]}}],"collection":[{"href":"https:\/\/powerballticketonline.com\/it\/wp-json\/wp\/v2\/pages"}],"about":[{"href":"https:\/\/powerballticketonline.com\/it\/wp-json\/wp\/v2\/types\/page"}],"author":[{"embeddable":true,"href":"https:\/\/powerballticketonline.com\/it\/wp-json\/wp\/v2\/users\/1"}],"replies":[{"embeddable":true,"href":"https:\/\/powerballticketonline.com\/it\/wp-json\/wp\/v2\/comments?post=61"}],"version-history":[{"count":0,"href":"https:\/\/powerballticketonline.com\/it\/wp-json\/wp\/v2\/pages\/61\/revisions"}],"up":[{"embeddable":true,"href":"https:\/\/powerballticketonline.com\/it\/wp-json\/wp\/v2\/pages\/59"}],"wp:attachment":[{"href":"https:\/\/powerballticketonline.com\/it\/wp-json\/wp\/v2\/media?parent=61"}],"curies":[{"name":"wp","href":"https:\/\/api.w.org\/{rel}","templated":true}]}}