{"id":65,"date":"2025-08-02T15:14:15","date_gmt":"2025-08-02T15:14:15","guid":{"rendered":"https:\/\/powerballticketonline.com\/gioca-al-powerball-con-bitcoin\/"},"modified":"2025-08-02T15:14:15","modified_gmt":"2025-08-02T15:14:15","slug":"gioca-al-powerball-con-bitcoin","status":"publish","type":"page","link":"https:\/\/powerballticketonline.com\/it\/gioca-al-powerball-con-bitcoin\/","title":{"rendered":"Gioca al Powerball con Bitcoin"},"content":{"rendered":"<p>1>Paga il tuo biglietto della lotteria Powerball usando Bitcoin<\/p>\n<p>L&#8217;anno scorso la lotteria Powerball statunitense ha raggiunto il massimo storico di 1,5 miliardi di dollari. Wow, non puoi nemmeno immaginare questa cifra e cosa significhi vincerla. Tutti compravano biglietti come pazzi, desiderando diventare ricchissimi. Ma sapevi che \u00e8 possibile acquistare un biglietto del Powerball usando Bitcoin?<br \/>Chi di voi aveva Bitcoin di riserva nei propri portafogli Bitcoin si star\u00e0 mordendo il labbro. Ma non restate l\u00ec a piangere, perch\u00e9 potete usare i vostri Bitcoin. <span style=\"text-decoration: underline;\"><a href=\"http:\/\/www.bitcoincasino.org\/\" target=\"_blank\" rel=\"noopener noreferrer\">Scopri di pi\u00f9 sul gioco d&#8217;azzardo con Bitcoin<\/a><\/span> e sulle lotterie Bitcoin e scopri un mondo completamente nuovo.<\/p>\n<h2>Dove acquistare i biglietti della lotteria Powerball con Bitcoin<\/h2>\n<p>Naturalmente, non puoi acquistare un biglietto del Powerball usando Bitcoin nel tuo minimarket locale. Non \u00e8 <span style=\"text-decoration: underline;\"><a href=\"https:\/\/www.forbes.com\/sites\/investopedia\/2013\/08\/01\/how-bitcoin-works\/\" target=\"_blank\" rel=\"noopener noreferrer\">come funziona Bitcoin<\/a>. Tutto quello che devi fare \u00e8 trovare un rivenditore online ufficiale di biglietti della lotteria Powerball, uno legittimo.<br \/>Non \u00e8 difficile trovarli, perch\u00e9 quasi tutti i venditori online stanno lentamente esplorando i vantaggi di questa criptovaluta. Anche i marchi pi\u00f9 grandi si stanno interessando a questo settore. La maggior parte di questi rivenditori accetta anche dollari, ma la cosa importante \u00e8 che ti consentano di acquistare i biglietti in Bitcoin.<br \/>Alcuni di loro ti venderanno persino biglietti per lotterie internazionali come l&#8217;EuroMillions in Europa, la lotteria pi\u00f9 grande del Paese. Una volta acquistati i biglietti del Powerball, il rivenditore ti invier\u00e0 un&#8217;e-mail di conferma.<\/p>\n<h2>Come ottenere una vincita<\/h2>\n<p><img loading=\"lazy\" decoding=\"async\" src=\"images\/win_lottery_prize.jpg\" alt=\"vincita bitcoin powerball\" width=\"200\" height=\"200\" style=\"margin: 1px; float: right;\" Questa \u00e8 la parte pi\u00f9 importante: riscuotere le vincite. Ci sono diverse opzioni. Se vinci una piccola somma, puoi ricevere l'intero importo in una sola volta. Se vinci una somma maggiore, il rivenditore potrebbe avere la politica di pagarti in pi\u00f9 rate direttamente sul tuo portafoglio Bitcoin. Se vinci il jackpot, che di solito \u00e8 molto alto, puoi scegliere di ritirare le tue vincite di persona.<br \/>Ma ecco la parte migliore. Non devi andare a ritirare le tue vincite di persona. Questa opzione \u00e8 solitamente la migliore se desideri essere pagato in valuta normale. Ma se desideri le tue vincite in Bitcoin, puoi semplicemente riscuotere l&#8217;intero importo (se possibile).<br \/>I Bitcoin non sono tassati e non sono soggetti a commissioni di elaborazione. Soprattutto, puoi riscuotere le tue vincite in pochi minuti dalla richiesta di pagamento, cosa che non \u00e8 possibile con nessun altro metodo di pagamento.<\/p>\n<h2>Il vantaggio<\/h2>\n<p>C&#8217;\u00e8 un grande vantaggio nel giocare a qualsiasi lotteria con Bitcoin: rimanere anonimi. Mentre i depositi di valuta tradizionale richiedono diversi tipi di identificazione e prova d&#8217;identit\u00e0, Bitcoin no. Anche la fase di apertura del conto presso un rivenditore online \u00e8 minima. Devi solo inserire la tua email e l&#8217;indirizzo del tuo portafoglio Bitcoin dove arriveranno i tuoi Bitcoin o da cui vengono depositati. Nessun nome, nessun cognome, nessuna carta di credito, nessun indirizzo, niente in termini di dati sensibili che potrebbero essere utilizzati per danneggiarti.<\/p>\n","protected":false},"excerpt":{"rendered":"<p>1>Paga il tuo biglietto della lotteria Powerball usando Bitcoin L&#8217;anno scorso la lotteria Powerball statunitense ha raggiunto il massimo storico di 1,5 miliardi di dollari. Wow, non puoi nemmeno immaginare questa cifra e cosa significhi vincerla. Tutti compravano biglietti come pazzi, desiderando diventare ricchissimi. Ma sapevi che \u00e8 possibile acquistare un biglietto del Powerball usando &hellip; <\/p>\n<p class=\"link-more\"><a href=\"https:\/\/powerballticketonline.com\/it\/gioca-al-powerball-con-bitcoin\/\" class=\"more-link\">Leggi tutto<span class=\"screen-reader-text\"> &#8220;Gioca al Powerball con Bitcoin&#8221;<\/span><\/a><\/p>\n","protected":false},"author":1,"featured_media":0,"parent":0,"menu_order":0,"comment_status":"closed","ping_status":"closed","template":"","meta":{"footnotes":""},"class_list":["post-65","page","type-page","status-publish","hentry"],"yoast_head":"<!-- This site is optimized with the Yoast SEO plugin v27.3 - https:\/\/yoast.com\/product\/yoast-seo-wordpress\/ -->\n<title>Puoi giocare alla lotteria Powerball con Bitcoin?<\/title>\n<meta name=\"robots\" content=\"index, follow, max-snippet:-1, max-image-preview:large, max-video-preview:-1\" \/>\n<link rel=\"canonical\" href=\"https:\/\/powerballticketonline.com\/it\/gioca-al-powerball-con-bitcoin\/\" \/>\n<meta property=\"og:locale\" content=\"it_IT\" \/>\n<meta property=\"og:type\" content=\"article\" \/>\n<meta property=\"og:title\" content=\"Puoi giocare alla lotteria Powerball con Bitcoin?\" \/>\n<meta property=\"og:description\" content=\"1&gt;Paga il tuo biglietto della lotteria Powerball usando Bitcoin L&#8217;anno scorso la lotteria Powerball statunitense ha raggiunto il massimo storico di 1,5 miliardi di dollari. Wow, non puoi nemmeno immaginare questa cifra e cosa significhi vincerla. Tutti compravano biglietti come pazzi, desiderando diventare ricchissimi. Ma sapevi che \u00e8 possibile acquistare un biglietto del Powerball usando &hellip; Leggi tutto &quot;Gioca al Powerball con Bitcoin&quot;\" \/>\n<meta property=\"og:url\" content=\"https:\/\/powerballticketonline.com\/it\/gioca-al-powerball-con-bitcoin\/\" \/>\n<meta name=\"twitter:card\" content=\"summary_large_image\" \/>\n<meta name=\"twitter:label1\" content=\"Tempo di lettura stimato\" \/>\n\t<meta name=\"twitter:data1\" content=\"1 minuto\" \/>\n<script type=\"application\/ld+json\" class=\"yoast-schema-graph\">{\"@context\":\"https:\\\/\\\/schema.org\",\"@graph\":[{\"@type\":\"WebPage\",\"@id\":\"https:\\\/\\\/powerballticketonline.com\\\/it\\\/gioca-al-powerball-con-bitcoin\\\/\",\"url\":\"https:\\\/\\\/powerballticketonline.com\\\/it\\\/gioca-al-powerball-con-bitcoin\\\/\",\"name\":\"Puoi giocare alla lotteria Powerball con Bitcoin?\",\"isPartOf\":{\"@id\":\"https:\\\/\\\/powerballticketonline.com\\\/it\\\/#website\"},\"datePublished\":\"2025-08-02T15:14:15+00:00\",\"breadcrumb\":{\"@id\":\"https:\\\/\\\/powerballticketonline.com\\\/it\\\/gioca-al-powerball-con-bitcoin\\\/#breadcrumb\"},\"inLanguage\":\"it-IT\",\"potentialAction\":[{\"@type\":\"ReadAction\",\"target\":[\"https:\\\/\\\/powerballticketonline.com\\\/it\\\/gioca-al-powerball-con-bitcoin\\\/\"]}]},{\"@type\":\"BreadcrumbList\",\"@id\":\"https:\\\/\\\/powerballticketonline.com\\\/it\\\/gioca-al-powerball-con-bitcoin\\\/#breadcrumb\",\"itemListElement\":[{\"@type\":\"ListItem\",\"position\":1,\"name\":\"Home\",\"item\":\"https:\\\/\\\/powerballticketonline.com\\\/it\\\/\"},{\"@type\":\"ListItem\",\"position\":2,\"name\":\"Gioca al Powerball con Bitcoin\"}]},{\"@type\":\"WebSite\",\"@id\":\"https:\\\/\\\/powerballticketonline.com\\\/it\\\/#website\",\"url\":\"https:\\\/\\\/powerballticketonline.com\\\/it\\\/\",\"name\":\"\",\"description\":\"\",\"potentialAction\":[{\"@type\":\"SearchAction\",\"target\":{\"@type\":\"EntryPoint\",\"urlTemplate\":\"https:\\\/\\\/powerballticketonline.com\\\/it\\\/?s={search_term_string}\"},\"query-input\":{\"@type\":\"PropertyValueSpecification\",\"valueRequired\":true,\"valueName\":\"search_term_string\"}}],\"inLanguage\":\"it-IT\"}]}<\/script>\n<!-- \/ Yoast SEO plugin. -->","yoast_head_json":{"title":"Puoi giocare alla lotteria Powerball con Bitcoin?","robots":{"index":"index","follow":"follow","max-snippet":"max-snippet:-1","max-image-preview":"max-image-preview:large","max-video-preview":"max-video-preview:-1"},"canonical":"https:\/\/powerballticketonline.com\/it\/gioca-al-powerball-con-bitcoin\/","og_locale":"it_IT","og_type":"article","og_title":"Puoi giocare alla lotteria Powerball con Bitcoin?","og_description":"1>Paga il tuo biglietto della lotteria Powerball usando Bitcoin L&#8217;anno scorso la lotteria Powerball statunitense ha raggiunto il massimo storico di 1,5 miliardi di dollari. Wow, non puoi nemmeno immaginare questa cifra e cosa significhi vincerla. Tutti compravano biglietti come pazzi, desiderando diventare ricchissimi. Ma sapevi che \u00e8 possibile acquistare un biglietto del Powerball usando &hellip; Leggi tutto \"Gioca al Powerball con Bitcoin\"","og_url":"https:\/\/powerballticketonline.com\/it\/gioca-al-powerball-con-bitcoin\/","twitter_card":"summary_large_image","twitter_misc":{"Tempo di lettura stimato":"1 minuto"},"schema":{"@context":"https:\/\/schema.org","@graph":[{"@type":"WebPage","@id":"https:\/\/powerballticketonline.com\/it\/gioca-al-powerball-con-bitcoin\/","url":"https:\/\/powerballticketonline.com\/it\/gioca-al-powerball-con-bitcoin\/","name":"Puoi giocare alla lotteria Powerball con Bitcoin?","isPartOf":{"@id":"https:\/\/powerballticketonline.com\/it\/#website"},"datePublished":"2025-08-02T15:14:15+00:00","breadcrumb":{"@id":"https:\/\/powerballticketonline.com\/it\/gioca-al-powerball-con-bitcoin\/#breadcrumb"},"inLanguage":"it-IT","potentialAction":[{"@type":"ReadAction","target":["https:\/\/powerballticketonline.com\/it\/gioca-al-powerball-con-bitcoin\/"]}]},{"@type":"BreadcrumbList","@id":"https:\/\/powerballticketonline.com\/it\/gioca-al-powerball-con-bitcoin\/#breadcrumb","itemListElement":[{"@type":"ListItem","position":1,"name":"Home","item":"https:\/\/powerballticketonline.com\/it\/"},{"@type":"ListItem","position":2,"name":"Gioca al Powerball con Bitcoin"}]},{"@type":"WebSite","@id":"https:\/\/powerballticketonline.com\/it\/#website","url":"https:\/\/powerballticketonline.com\/it\/","name":"","description":"","potentialAction":[{"@type":"SearchAction","target":{"@type":"EntryPoint","urlTemplate":"https:\/\/powerballticketonline.com\/it\/?s={search_term_string}"},"query-input":{"@type":"PropertyValueSpecification","valueRequired":true,"valueName":"search_term_string"}}],"inLanguage":"it-IT"}]}},"_links":{"self":[{"href":"https:\/\/powerballticketonline.com\/it\/wp-json\/wp\/v2\/pages\/65","targetHints":{"allow":["GET"]}}],"collection":[{"href":"https:\/\/powerballticketonline.com\/it\/wp-json\/wp\/v2\/pages"}],"about":[{"href":"https:\/\/powerballticketonline.com\/it\/wp-json\/wp\/v2\/types\/page"}],"author":[{"embeddable":true,"href":"https:\/\/powerballticketonline.com\/it\/wp-json\/wp\/v2\/users\/1"}],"replies":[{"embeddable":true,"href":"https:\/\/powerballticketonline.com\/it\/wp-json\/wp\/v2\/comments?post=65"}],"version-history":[{"count":0,"href":"https:\/\/powerballticketonline.com\/it\/wp-json\/wp\/v2\/pages\/65\/revisions"}],"wp:attachment":[{"href":"https:\/\/powerballticketonline.com\/it\/wp-json\/wp\/v2\/media?parent=65"}],"curies":[{"name":"wp","href":"https:\/\/api.w.org\/{rel}","templated":true}]}}