{"id":67,"date":"2025-08-04T10:27:58","date_gmt":"2025-08-04T10:27:58","guid":{"rendered":"https:\/\/powerballticketonline.com\/gioca-a-powerball-online\/"},"modified":"2025-08-04T10:27:58","modified_gmt":"2025-08-04T10:27:58","slug":"gioca-a-powerball-online","status":"publish","type":"page","link":"https:\/\/powerballticketonline.com\/it\/gioca-a-powerball-online\/","title":{"rendered":"Gioca a Powerball online"},"content":{"rendered":"<h1>Come giocare al Powerball online, ovunque tu risieda<\/h1>\n<p>Come hai letto nel nostro articolo sulla home page, grazie a RedFoxLotto.com \u00e8 ora possibile acquistare online qualsiasi biglietto della lotteria internazionale, incluso il Powerball. Che tu sia residente negli Stati Uniti, in Giappone o in qualsiasi altro paese, puoi partecipare e giocare al Powerball Lotto e a diversi altri eventi della lotteria. Tutto ci\u00f2 di cui hai bisogno \u00e8 un computer con una connessione Internet attiva e un mezzo di pagamento come una carta di credito, un conto bancario o uno dei portafogli elettronici pi\u00f9 popolari. Una volta ottenuto tutto ci\u00f2, potrai giocare al Powerball online!<\/p>\n<h2>Registrati per ottenere il tuo biglietto della lotteria<\/h2>\n<p>Registrarsi \u00e8 semplice: basta cliccare sul banner in alto o su una delle voci del nostro sito che mostrano i jackpot disponibili. Dopodich\u00e9, verrai guidato attraverso la procedura, che in realt\u00e0 \u00e8 molto semplice.<\/p>\n<p><a href=\"https:\/\/redfoxlotto.com\/?ref=A8564250A2&#038;medium=pwrb\" target=\"_blank\" rel=\"noopener noreferrer\"><img loading=\"lazy\" decoding=\"async\" src=\"images\/play_lotto_online.jpg\" alt=\"Gioca al Powerball online\" width=\"250\" height=\"167\" style=\"margin: 1px; float: right;\" \/><\/a>Una volta sul sito web di RedFoxLotto, clicca sul pulsante di registrazione, che si trova in cima alla pagina. Si aprir\u00e0 un modulo, in cui dovrai inserire i tuoi dati, come nome, cognome, email, numero di telefono e cos\u00ec via. Controlla attentamente tutti i dati prima di procedere con la registrazione, poich\u00e9 informazioni errate potrebbero ridurre le tue possibilit\u00e0 di ricevere un premio in denaro. Hai controllato i tuoi dati? Bene! Ora conferma la tua iscrizione cliccando sul pulsante &#8220;Registrati&#8221;, situato in fondo al modulo di iscrizione.<\/p>\n<p>Se hai fatto tutto correttamente, dovresti ricevere un nuovo messaggio nella tua email, contenente i tuoi dati di accesso e alcune informazioni utili. Ora puoi acquistare un biglietto PowerBall online, selezionando la lotteria a cui desideri giocare nella home page oppure cliccando su &#8220;Lotterie&#8221; e selezionandola l\u00ec.<\/p>\n<p>Se hai aperto correttamente la pagina PowerBall, vedrai una breve descrizione e un grande pulsante &#8220;Gioca ora&#8221;. Se sei pronto ad acquistare un biglietto, clicca su questo pulsante. Si aprir\u00e0 la pagina successiva, che sar\u00e0 un po&#8217; pi\u00f9 complessa e presenter\u00e0 diverse opzioni per il tuo biglietto vero e proprio (tieni presente che puoi anche scegliere di scegliere prima i tuoi numeri della lotteria e registrarti in seguito):<\/p>\n<p><strong>Il numero di linee che desideri giocare<\/strong>. Questo indica il numero di combinazioni di numeri che desideri acquistare per il PowerBall. Ad esempio, 2 combinazioni di numeri ti permetteranno di avere ancora una possibilit\u00e0 di vincere il jackpot del Powerball se una delle combinazioni non dovesse andare a buon fine. Per essere pi\u00f9 chiari, avrai due biglietti della lotteria separati, quindi le tue possibilit\u00e0 di vincita sono doppie!<\/p>\n<p><strong>Il numero di estrazioni a cui vuoi partecipare<\/strong>: come sai, le estrazioni del Powerball si svolgono due volte a settimana, ogni mercoled\u00ec e sabato. L&#8217;importo di acquisto consigliato \u00e8 per 6 estrazioni, il che significa che i tuoi numeri avranno 6 possibilit\u00e0 di vincita. Puoi acquistare fino a 52 estrazioni consecutive, nell&#8217;arco di 7 mesi!<\/p>\n<p><strong>Selezione dei numeri<\/strong>: puoi selezionare i tuoi numeri o utilizzare il metodo &#8221;Quick Pick&#8221; del generatore di numeri casuali, che sceglier\u00e0 automaticamente i numeri per te. Prima di farlo, ecco una breve informazione: Il 68% dei vincitori del jackpot ha utilizzato la funzione Quick Pick per scegliere i numeri del Powerball!<\/p>\n<p>Dopo aver scelto i numeri, verrai indirizzato a una panoramica del tuo carrello. Se tutto \u00e8 corretto, puoi procedere al pagamento.<\/p>\n<h2>Acquisto del biglietto della lotteria PowerBall<\/h2>\n<p>Dopo aver scelto i numeri e verificato l&#8217;ordine, \u00e8 il momento di completare l&#8217;acquisto effettuando un pagamento. RedFoxLotto offre un&#8217;ampia gamma di metodi di pagamento, che possono essere utilizzati per pagare e completare l&#8217;ordine del biglietto Powerball. Alcuni dei metodi di pagamento sono:<\/p>\n<ul>\n<li>VISA, MasterCard, VISA Debit, Visa Electron per le carte di credito.<\/li>\n<li>EntroPay, Skrill, Neteller, Ukash per i portafogli elettronici<\/li>\n<li>Bonifico bancario<\/li>\n<li>Bitcoin<\/li>\n<\/ul>\n<p>I pagamenti vengono elaborati istantaneamente e, una volta completati, riceverai un messaggio di conferma all&#8217;indirizzo email registrato. Dopo la conferma dell&#8217;ordine e l&#8217;acquisto dei biglietti del Powerball, riceverai un&#8217;email di conferma. In caso di vincita, riceverai un&#8217;altra email di notifica, cos\u00ec potrai controllare il tuo biglietto.<\/p>\n<h2>Ho giocato e vinto! Come posso ricevere i miei soldi?<\/h2>\n<p>Prima di tutto, congratulazioni! Se il premio vinto \u00e8 inferiore a 2500 euro, ecco come riceverai i tuoi fondi:<\/p>\n<ul>\n<li>Pu\u00f2 essere accreditato sul tuo conto cliente RedFoxLotto e utilizzato per nuovi abbonamenti<\/li>\n<li>oppure puoi incassarlo dal tuo conto cliente, nello stesso modo in cui hai effettuato il pagamento<\/li>\n<\/ul>\n<p>Se vinci un premio superiore a 2500 euro, hai 3 opzioni:<\/p>\n<ul>\n<li>RedFoxLotto pu\u00f2 inviare un premio ufficiale della lotteriaModulo di richiesta di rimborso, che dovrai compilare e rispedire. La societ\u00e0 invier\u00e0 quindi il modulo alla commissione del Powerball e richieder\u00e0 il pagamento delle vincite per tuo conto tramite assegno. Tuttavia, alcune commissioni della lotteria potrebbero richiedere la ricezione dei fondi di persona in caso di vincita del Jackpot.<\/li>\n<li>Puoi ricevere il biglietto vincente personalmente, presso una delle sedi di RedFoxLotto e ritirare la tua vincita personalmente.<\/li>\n<li>Puoi farti spedire il biglietto tramite corriere o qualsiasi altro servizio di consegna tu preferisca. Dovrai coprire i costi e qualsiasi rischio associato alla consegna di questo biglietto sar\u00e0 a tuo carico.<\/li>\n<\/ul>\n<p><strong>In nessun caso RedFoxLotto ti addebiter\u00e0 l&#8217;incasso delle tue vincite al Powerball n\u00e9 tratterr\u00e0 una percentuale sul premio!<\/strong><\/p>\n","protected":false},"excerpt":{"rendered":"<p>Come giocare al Powerball online, ovunque tu risieda Come hai letto nel nostro articolo sulla home page, grazie a RedFoxLotto.com \u00e8 ora possibile acquistare online qualsiasi biglietto della lotteria internazionale, incluso il Powerball. Che tu sia residente negli Stati Uniti, in Giappone o in qualsiasi altro paese, puoi partecipare e giocare al Powerball Lotto e &hellip; <\/p>\n<p class=\"link-more\"><a href=\"https:\/\/powerballticketonline.com\/it\/gioca-a-powerball-online\/\" class=\"more-link\">Leggi tutto<span class=\"screen-reader-text\"> &#8220;Gioca a Powerball online&#8221;<\/span><\/a><\/p>\n","protected":false},"author":1,"featured_media":0,"parent":0,"menu_order":0,"comment_status":"closed","ping_status":"closed","template":"","meta":{"footnotes":""},"class_list":["post-67","page","type-page","status-publish","hentry"],"yoast_head":"<!-- This site is optimized with the Yoast SEO plugin v27.3 - https:\/\/yoast.com\/product\/yoast-seo-wordpress\/ -->\n<title>Gioca a Powerball online<\/title>\n<meta name=\"robots\" content=\"index, follow, max-snippet:-1, max-image-preview:large, max-video-preview:-1\" \/>\n<link rel=\"canonical\" href=\"https:\/\/powerballticketonline.com\/it\/gioca-a-powerball-online\/\" \/>\n<meta property=\"og:locale\" content=\"it_IT\" \/>\n<meta property=\"og:type\" content=\"article\" \/>\n<meta property=\"og:title\" content=\"Gioca a Powerball online\" \/>\n<meta property=\"og:description\" content=\"Come giocare al Powerball online, ovunque tu risieda Come hai letto nel nostro articolo sulla home page, grazie a RedFoxLotto.com \u00e8 ora possibile acquistare online qualsiasi biglietto della lotteria internazionale, incluso il Powerball. Che tu sia residente negli Stati Uniti, in Giappone o in qualsiasi altro paese, puoi partecipare e giocare al Powerball Lotto e &hellip; Leggi tutto &quot;Gioca a Powerball online&quot;\" \/>\n<meta property=\"og:url\" content=\"https:\/\/powerballticketonline.com\/it\/gioca-a-powerball-online\/\" \/>\n<meta name=\"twitter:card\" content=\"summary_large_image\" \/>\n<meta name=\"twitter:label1\" content=\"Tempo di lettura stimato\" \/>\n\t<meta name=\"twitter:data1\" content=\"4 minuti\" \/>\n<script type=\"application\/ld+json\" class=\"yoast-schema-graph\">{\"@context\":\"https:\\\/\\\/schema.org\",\"@graph\":[{\"@type\":\"WebPage\",\"@id\":\"https:\\\/\\\/powerballticketonline.com\\\/it\\\/gioca-a-powerball-online\\\/\",\"url\":\"https:\\\/\\\/powerballticketonline.com\\\/it\\\/gioca-a-powerball-online\\\/\",\"name\":\"Gioca a Powerball online\",\"isPartOf\":{\"@id\":\"https:\\\/\\\/powerballticketonline.com\\\/it\\\/#website\"},\"datePublished\":\"2025-08-04T10:27:58+00:00\",\"breadcrumb\":{\"@id\":\"https:\\\/\\\/powerballticketonline.com\\\/it\\\/gioca-a-powerball-online\\\/#breadcrumb\"},\"inLanguage\":\"it-IT\",\"potentialAction\":[{\"@type\":\"ReadAction\",\"target\":[\"https:\\\/\\\/powerballticketonline.com\\\/it\\\/gioca-a-powerball-online\\\/\"]}]},{\"@type\":\"BreadcrumbList\",\"@id\":\"https:\\\/\\\/powerballticketonline.com\\\/it\\\/gioca-a-powerball-online\\\/#breadcrumb\",\"itemListElement\":[{\"@type\":\"ListItem\",\"position\":1,\"name\":\"Home\",\"item\":\"https:\\\/\\\/powerballticketonline.com\\\/it\\\/\"},{\"@type\":\"ListItem\",\"position\":2,\"name\":\"Gioca a Powerball online\"}]},{\"@type\":\"WebSite\",\"@id\":\"https:\\\/\\\/powerballticketonline.com\\\/it\\\/#website\",\"url\":\"https:\\\/\\\/powerballticketonline.com\\\/it\\\/\",\"name\":\"\",\"description\":\"\",\"potentialAction\":[{\"@type\":\"SearchAction\",\"target\":{\"@type\":\"EntryPoint\",\"urlTemplate\":\"https:\\\/\\\/powerballticketonline.com\\\/it\\\/?s={search_term_string}\"},\"query-input\":{\"@type\":\"PropertyValueSpecification\",\"valueRequired\":true,\"valueName\":\"search_term_string\"}}],\"inLanguage\":\"it-IT\"}]}<\/script>\n<!-- \/ Yoast SEO plugin. -->","yoast_head_json":{"title":"Gioca a Powerball online","robots":{"index":"index","follow":"follow","max-snippet":"max-snippet:-1","max-image-preview":"max-image-preview:large","max-video-preview":"max-video-preview:-1"},"canonical":"https:\/\/powerballticketonline.com\/it\/gioca-a-powerball-online\/","og_locale":"it_IT","og_type":"article","og_title":"Gioca a Powerball online","og_description":"Come giocare al Powerball online, ovunque tu risieda Come hai letto nel nostro articolo sulla home page, grazie a RedFoxLotto.com \u00e8 ora possibile acquistare online qualsiasi biglietto della lotteria internazionale, incluso il Powerball. Che tu sia residente negli Stati Uniti, in Giappone o in qualsiasi altro paese, puoi partecipare e giocare al Powerball Lotto e &hellip; Leggi tutto \"Gioca a Powerball online\"","og_url":"https:\/\/powerballticketonline.com\/it\/gioca-a-powerball-online\/","twitter_card":"summary_large_image","twitter_misc":{"Tempo di lettura stimato":"4 minuti"},"schema":{"@context":"https:\/\/schema.org","@graph":[{"@type":"WebPage","@id":"https:\/\/powerballticketonline.com\/it\/gioca-a-powerball-online\/","url":"https:\/\/powerballticketonline.com\/it\/gioca-a-powerball-online\/","name":"Gioca a Powerball online","isPartOf":{"@id":"https:\/\/powerballticketonline.com\/it\/#website"},"datePublished":"2025-08-04T10:27:58+00:00","breadcrumb":{"@id":"https:\/\/powerballticketonline.com\/it\/gioca-a-powerball-online\/#breadcrumb"},"inLanguage":"it-IT","potentialAction":[{"@type":"ReadAction","target":["https:\/\/powerballticketonline.com\/it\/gioca-a-powerball-online\/"]}]},{"@type":"BreadcrumbList","@id":"https:\/\/powerballticketonline.com\/it\/gioca-a-powerball-online\/#breadcrumb","itemListElement":[{"@type":"ListItem","position":1,"name":"Home","item":"https:\/\/powerballticketonline.com\/it\/"},{"@type":"ListItem","position":2,"name":"Gioca a Powerball online"}]},{"@type":"WebSite","@id":"https:\/\/powerballticketonline.com\/it\/#website","url":"https:\/\/powerballticketonline.com\/it\/","name":"","description":"","potentialAction":[{"@type":"SearchAction","target":{"@type":"EntryPoint","urlTemplate":"https:\/\/powerballticketonline.com\/it\/?s={search_term_string}"},"query-input":{"@type":"PropertyValueSpecification","valueRequired":true,"valueName":"search_term_string"}}],"inLanguage":"it-IT"}]}},"_links":{"self":[{"href":"https:\/\/powerballticketonline.com\/it\/wp-json\/wp\/v2\/pages\/67","targetHints":{"allow":["GET"]}}],"collection":[{"href":"https:\/\/powerballticketonline.com\/it\/wp-json\/wp\/v2\/pages"}],"about":[{"href":"https:\/\/powerballticketonline.com\/it\/wp-json\/wp\/v2\/types\/page"}],"author":[{"embeddable":true,"href":"https:\/\/powerballticketonline.com\/it\/wp-json\/wp\/v2\/users\/1"}],"replies":[{"embeddable":true,"href":"https:\/\/powerballticketonline.com\/it\/wp-json\/wp\/v2\/comments?post=67"}],"version-history":[{"count":0,"href":"https:\/\/powerballticketonline.com\/it\/wp-json\/wp\/v2\/pages\/67\/revisions"}],"wp:attachment":[{"href":"https:\/\/powerballticketonline.com\/it\/wp-json\/wp\/v2\/media?parent=67"}],"curies":[{"name":"wp","href":"https:\/\/api.w.org\/{rel}","templated":true}]}}