{"id":69,"date":"2025-08-04T10:32:03","date_gmt":"2025-08-04T10:32:03","guid":{"rendered":"https:\/\/powerballticketonline.com\/giochi-online-basati-sullabilita\/"},"modified":"2025-08-04T10:32:03","modified_gmt":"2025-08-04T10:32:03","slug":"giochi-online-basati-sullabilita","status":"publish","type":"page","link":"https:\/\/powerballticketonline.com\/it\/giochi-online-basati-sullabilita\/","title":{"rendered":"Giochi online basati sull&#8217;abilit\u00e0"},"content":{"rendered":"<p>Giocare a giochi di abilit\u00e0 online per soldi veri<\/p>\n<p>La prospettiva di vincere alla grande con un biglietto della lotteria \u00e8 sicuramente allettante, soprattutto perch\u00e9 siti come <a href=\"https:\/\/www.jackpotlotteryonline.com\">www.jackpotlotteryonline.com<\/a> o <a href=\"https:\/\/www.onlinelotto365.com\">www.onlinelotto365.com<\/a> offrono numerosi jackpot internazionali tra cui scegliere. Ma avete mai desiderato di poter influenzare l&#8217;esito di un gioco che \u00e8 meno basato sulla fortuna della lotteria?<\/p>\n<p>Beh, sapete che ci sono diverse opzioni per farlo. I giochi tipici in cui \u00e8 richiesta (pi\u00f9 o meno) abilit\u00e0 sono il poker online e il blackjack online, e poi ci sono, ovviamente, le scommesse sportive. Tutte e tre sono ottime opzioni per influenzare l&#8217;esito e le probabilit\u00e0 di vincita, utilizzando una strategia vincente o cercando informazioni pertinenti prima di scommettere su un cavallo, una squadra di calcio o un singolo giocatore.<\/p>\n<h2>La strategia giusta<\/h2>\n<p>Anche se il tuo gioco di poker non \u00e8 proprio un granch\u00e9, puoi facilmente migliorarlo fino a diventare un giocatore vincente. Esistono molti siti web che ti aiutano ad apprendere la strategia corretta. Un sito eccellente \u00e8 <span style=\"text-decoration: underline;\"><a href=\"http:\/\/www.poker-coaching.net\/en\">www.poker-coaching.net<\/a><\/span>. Leggi i loro articoli sulla strategia del poker, i loro consigli sui bonus di iscrizione e su come scegliere una buona piattaforma per giocare a poker online.<\/p>\n<p>Nel Blackjack, la strategia \u00e8 molto pi\u00f9 complessa di quanto si possa pensare. Certo, il casin\u00f2 ha ancora un vantaggio su di te (dopotutto non \u00e8 un&#8217;organizzazione benefica), ma puoi ridurre il suo vantaggio e quindi migliorare notevolmente le tue possibilit\u00e0 <a href=\"http:\/\/www.gambling6.com\/casino\/strategy\/how-to-minimize-the-casino-advantage-in-blackjack\" target=\"_blank\" rel=\"noopener noreferrer\"><span style=\"text-decoration: underline;\">utilizzando suggerimenti come quelli che abbiamo trovato in questo articolo<\/span>.<\/a><\/p>\n<p>E quando si tratta di scommesse sportive, beh, \u00e8 qui che l&#8217;informazione \u00e8 assolutamente fondamentale. Ovviamente, devi essere informato sugli ultimi risultati, leggere le pagine sportive del tuo giornale, fare ricerche online. Ma per avere davvero successo, hai bisogno di una conoscenza approfondita del funzionamento interno di qualsiasi gioco tu scelga. Ascolta i consigli degli ex professionisti, scopri qual \u00e8 la differenza tra un sistema 4-4-2 e un sistema 3-4-2-1 nel calcio e cos\u00ec via. Per ogni sport, ci sono alcuni siti web con ottime informazioni, persino gratuite. Alcuni di questi non sono stati creati appositamente per le scommesse sportive, ma sono comunque molto utili.<\/p>\n<p>Ancora meglio, trova un sito che parli di uno sport specifico e che sia pensato per le scommesse. Uno dei migliori \u00e8 <span style=\"text-decoration: underline;\"><a href=\"http:\/\/www.tennisbet.net\">www.tennisbet.net<\/a><\/span>. Dopo aver letto anche solo alcuni dei loro articoli, non guarderai pi\u00f9 una partita di tennis allo stesso modo e sarai in grado di trovare molti ottimi siti su cui piazzare una scommessa prima e durante una partita di tennis.<\/p>\n<p>Qualunque sia il tuo sport preferito, puoi trovare siti web che possono aiutarti a migliorare i tuoi risultati semplicemente facendo una ricerca su Google. E questo \u00e8 il modo migliore per ridurre il fattore fortuna nel gioco d&#8217;azzardo!<\/p>\n<p>&nbsp;<\/p>\n","protected":false},"excerpt":{"rendered":"<p>Giocare a giochi di abilit\u00e0 online per soldi veri La prospettiva di vincere alla grande con un biglietto della lotteria \u00e8 sicuramente allettante, soprattutto perch\u00e9 siti come www.jackpotlotteryonline.com o www.onlinelotto365.com offrono numerosi jackpot internazionali tra cui scegliere. Ma avete mai desiderato di poter influenzare l&#8217;esito di un gioco che \u00e8 meno basato sulla fortuna della &hellip; <\/p>\n<p class=\"link-more\"><a href=\"https:\/\/powerballticketonline.com\/it\/giochi-online-basati-sullabilita\/\" class=\"more-link\">Leggi tutto<span class=\"screen-reader-text\"> &#8220;Giochi online basati sull&#8217;abilit\u00e0&#8221;<\/span><\/a><\/p>\n","protected":false},"author":1,"featured_media":0,"parent":0,"menu_order":0,"comment_status":"closed","ping_status":"closed","template":"","meta":{"footnotes":""},"class_list":["post-69","page","type-page","status-publish","hentry"],"yoast_head":"<!-- This site is optimized with the Yoast SEO plugin v27.3 - https:\/\/yoast.com\/product\/yoast-seo-wordpress\/ -->\n<title>Giochi online basati sull&#039;abilit\u00e0 -<\/title>\n<meta name=\"robots\" content=\"index, follow, max-snippet:-1, max-image-preview:large, max-video-preview:-1\" \/>\n<link rel=\"canonical\" href=\"https:\/\/powerballticketonline.com\/it\/giochi-online-basati-sullabilita\/\" \/>\n<meta property=\"og:locale\" content=\"it_IT\" \/>\n<meta property=\"og:type\" content=\"article\" \/>\n<meta property=\"og:title\" content=\"Giochi online basati sull&#039;abilit\u00e0 -\" \/>\n<meta property=\"og:description\" content=\"Giocare a giochi di abilit\u00e0 online per soldi veri La prospettiva di vincere alla grande con un biglietto della lotteria \u00e8 sicuramente allettante, soprattutto perch\u00e9 siti come www.jackpotlotteryonline.com o www.onlinelotto365.com offrono numerosi jackpot internazionali tra cui scegliere. Ma avete mai desiderato di poter influenzare l&#8217;esito di un gioco che \u00e8 meno basato sulla fortuna della &hellip; Leggi tutto &quot;Giochi online basati sull&#8217;abilit\u00e0&quot;\" \/>\n<meta property=\"og:url\" content=\"https:\/\/powerballticketonline.com\/it\/giochi-online-basati-sullabilita\/\" \/>\n<meta name=\"twitter:card\" content=\"summary_large_image\" \/>\n<meta name=\"twitter:label1\" content=\"Tempo di lettura stimato\" \/>\n\t<meta name=\"twitter:data1\" content=\"2 minuti\" \/>\n<script type=\"application\/ld+json\" class=\"yoast-schema-graph\">{\"@context\":\"https:\\\/\\\/schema.org\",\"@graph\":[{\"@type\":\"WebPage\",\"@id\":\"https:\\\/\\\/powerballticketonline.com\\\/it\\\/giochi-online-basati-sullabilita\\\/\",\"url\":\"https:\\\/\\\/powerballticketonline.com\\\/it\\\/giochi-online-basati-sullabilita\\\/\",\"name\":\"Giochi online basati sull'abilit\u00e0 -\",\"isPartOf\":{\"@id\":\"https:\\\/\\\/powerballticketonline.com\\\/it\\\/#website\"},\"datePublished\":\"2025-08-04T10:32:03+00:00\",\"breadcrumb\":{\"@id\":\"https:\\\/\\\/powerballticketonline.com\\\/it\\\/giochi-online-basati-sullabilita\\\/#breadcrumb\"},\"inLanguage\":\"it-IT\",\"potentialAction\":[{\"@type\":\"ReadAction\",\"target\":[\"https:\\\/\\\/powerballticketonline.com\\\/it\\\/giochi-online-basati-sullabilita\\\/\"]}]},{\"@type\":\"BreadcrumbList\",\"@id\":\"https:\\\/\\\/powerballticketonline.com\\\/it\\\/giochi-online-basati-sullabilita\\\/#breadcrumb\",\"itemListElement\":[{\"@type\":\"ListItem\",\"position\":1,\"name\":\"Home\",\"item\":\"https:\\\/\\\/powerballticketonline.com\\\/it\\\/\"},{\"@type\":\"ListItem\",\"position\":2,\"name\":\"Giochi online basati sull&#8217;abilit\u00e0\"}]},{\"@type\":\"WebSite\",\"@id\":\"https:\\\/\\\/powerballticketonline.com\\\/it\\\/#website\",\"url\":\"https:\\\/\\\/powerballticketonline.com\\\/it\\\/\",\"name\":\"\",\"description\":\"\",\"potentialAction\":[{\"@type\":\"SearchAction\",\"target\":{\"@type\":\"EntryPoint\",\"urlTemplate\":\"https:\\\/\\\/powerballticketonline.com\\\/it\\\/?s={search_term_string}\"},\"query-input\":{\"@type\":\"PropertyValueSpecification\",\"valueRequired\":true,\"valueName\":\"search_term_string\"}}],\"inLanguage\":\"it-IT\"}]}<\/script>\n<!-- \/ Yoast SEO plugin. -->","yoast_head_json":{"title":"Giochi online basati sull'abilit\u00e0 -","robots":{"index":"index","follow":"follow","max-snippet":"max-snippet:-1","max-image-preview":"max-image-preview:large","max-video-preview":"max-video-preview:-1"},"canonical":"https:\/\/powerballticketonline.com\/it\/giochi-online-basati-sullabilita\/","og_locale":"it_IT","og_type":"article","og_title":"Giochi online basati sull'abilit\u00e0 -","og_description":"Giocare a giochi di abilit\u00e0 online per soldi veri La prospettiva di vincere alla grande con un biglietto della lotteria \u00e8 sicuramente allettante, soprattutto perch\u00e9 siti come www.jackpotlotteryonline.com o www.onlinelotto365.com offrono numerosi jackpot internazionali tra cui scegliere. Ma avete mai desiderato di poter influenzare l&#8217;esito di un gioco che \u00e8 meno basato sulla fortuna della &hellip; Leggi tutto \"Giochi online basati sull&#8217;abilit\u00e0\"","og_url":"https:\/\/powerballticketonline.com\/it\/giochi-online-basati-sullabilita\/","twitter_card":"summary_large_image","twitter_misc":{"Tempo di lettura stimato":"2 minuti"},"schema":{"@context":"https:\/\/schema.org","@graph":[{"@type":"WebPage","@id":"https:\/\/powerballticketonline.com\/it\/giochi-online-basati-sullabilita\/","url":"https:\/\/powerballticketonline.com\/it\/giochi-online-basati-sullabilita\/","name":"Giochi online basati sull'abilit\u00e0 -","isPartOf":{"@id":"https:\/\/powerballticketonline.com\/it\/#website"},"datePublished":"2025-08-04T10:32:03+00:00","breadcrumb":{"@id":"https:\/\/powerballticketonline.com\/it\/giochi-online-basati-sullabilita\/#breadcrumb"},"inLanguage":"it-IT","potentialAction":[{"@type":"ReadAction","target":["https:\/\/powerballticketonline.com\/it\/giochi-online-basati-sullabilita\/"]}]},{"@type":"BreadcrumbList","@id":"https:\/\/powerballticketonline.com\/it\/giochi-online-basati-sullabilita\/#breadcrumb","itemListElement":[{"@type":"ListItem","position":1,"name":"Home","item":"https:\/\/powerballticketonline.com\/it\/"},{"@type":"ListItem","position":2,"name":"Giochi online basati sull&#8217;abilit\u00e0"}]},{"@type":"WebSite","@id":"https:\/\/powerballticketonline.com\/it\/#website","url":"https:\/\/powerballticketonline.com\/it\/","name":"","description":"","potentialAction":[{"@type":"SearchAction","target":{"@type":"EntryPoint","urlTemplate":"https:\/\/powerballticketonline.com\/it\/?s={search_term_string}"},"query-input":{"@type":"PropertyValueSpecification","valueRequired":true,"valueName":"search_term_string"}}],"inLanguage":"it-IT"}]}},"_links":{"self":[{"href":"https:\/\/powerballticketonline.com\/it\/wp-json\/wp\/v2\/pages\/69","targetHints":{"allow":["GET"]}}],"collection":[{"href":"https:\/\/powerballticketonline.com\/it\/wp-json\/wp\/v2\/pages"}],"about":[{"href":"https:\/\/powerballticketonline.com\/it\/wp-json\/wp\/v2\/types\/page"}],"author":[{"embeddable":true,"href":"https:\/\/powerballticketonline.com\/it\/wp-json\/wp\/v2\/users\/1"}],"replies":[{"embeddable":true,"href":"https:\/\/powerballticketonline.com\/it\/wp-json\/wp\/v2\/comments?post=69"}],"version-history":[{"count":0,"href":"https:\/\/powerballticketonline.com\/it\/wp-json\/wp\/v2\/pages\/69\/revisions"}],"wp:attachment":[{"href":"https:\/\/powerballticketonline.com\/it\/wp-json\/wp\/v2\/media?parent=69"}],"curies":[{"name":"wp","href":"https:\/\/api.w.org\/{rel}","templated":true}]}}