{"id":71,"date":"2025-08-02T15:30:55","date_gmt":"2025-08-02T15:30:55","guid":{"rendered":"https:\/\/powerballticketonline.com\/jackpot-del-powerball-di-oggi\/"},"modified":"2025-08-04T11:51:00","modified_gmt":"2025-08-04T11:51:00","slug":"jackpot-del-powerball-di-oggi","status":"publish","type":"page","link":"https:\/\/powerballticketonline.com\/it\/e-legale-acquistare-biglietti-del-powerball-da-altri-paesi\/jackpot-del-powerball-di-oggi\/","title":{"rendered":"Jackpot del Powerball di oggi"},"content":{"rendered":"<h1>Scopri il jackpot del Powerball di oggi (e molto altro)<\/h1>\n<p>Sei pronto a ritirare un biglietto della lotteria ma non sei sicuro a quale gioco giocare? Se hai difficolt\u00e0 a scegliere il gioco giusto, la cosa migliore che potresti fare \u00e8 probabilmente dare un&#8217;occhiata ai jackpot, giusto? Vuoi giocare a un gioco che ti dia buone probabilit\u00e0 di vincita, ma vuoi anche assicurarti di giocare a qualcosa che abbia un jackpot davvero alto, perch\u00e9 \u00e8 l\u00ec che (probabilmente) vincerai pi\u00f9 soldi, giusto? Quindi, se vi state chiedendo quale sia il jackpot del Powerball di oggi e tutti gli altri jackpot in circolazione, dovreste dare un&#8217;occhiata pi\u00f9 da vicino.<\/p>\n<h2>Il jackpot pi\u00f9 alto del Powerball di oggi<\/h2>\n<p>Il jackpot pi\u00f9 alto di sempre del Powerball ha superato 1,5 miliardi di dollari! Sono un sacco di soldi e sicuramente qualcosa che cambierebbe la vita di chiunque, giusto? Non sarebbe fantastico poter vincere una cifra simile? Beh, per la maggior parte di noi \u00e8 un sogno irrealizzabile, ma \u00e8 successo a qualcuno e la prossima volta che si verifica un jackpot del genere non si sa mai chi potrebbe essere, e potresti essere proprio tu.<\/p>\n<p>Da quando ha superato il miliardo di dollari non una, ma ben due volte, il Powerball continua a rimanere sui milioni. \u00c8 diventato piuttosto alto e ha sicuramente funzionato alla grande per molte persone. Si vincono centinaia di milioni e si avvicinano molto al miliardo di dollari, il che significa che questo \u00e8 il tipo di gioco che vorrete provare di persona. Il jackpot del Powerball di oggi potrebbe non sembrare eccezionale, ma continuer\u00e0 a salire. E quando qualcuno lo vince, ricomincer\u00e0 da capo.<\/p>\n<h2>Jackpot pi\u00f9 alto del Mega Millions<\/h2>\n<p>Il Mega Millions \u00e8 un altro gioco statunitense che ha raggiunto circa 1,5 miliardi di dollari, ma non ha mai visto un jackpot cos\u00ec alto. Assicuratevi assolutamente di parteciparvi, perch\u00e9 ci sono stati molti premi del valore di centinaia di milioni di dollari e questo far\u00e0 un&#8217;enorme differenza anche nella vostra vita, non credete? Il jackpot parte sempre da 40 milioni di dollari e aumenta di importo. Probabilmente non \u00e8 mai stato vinto quando era cos\u00ec basso, ma non sarebbe comunque fantastico anche se lo fosse?<\/p>\n<h2>Jackpot pi\u00f9 alto dell&#8217;EuroMillions<\/h2>\n<p>Questo gioco, giocato in tutta Europa, \u00e8 un altro che \u00e8 diventato piuttosto grande. Ha effettivamente raggiunto oltre 183,5 milioni di euro, pari a oltre 206 milioni di dollari USA. \u00c8 sicuramente una cifra enorme e, sebbene non sia il pi\u00f9 grande che abbiamo visto tra i diversi giochi in circolazione, \u00e8 comunque un jackpot fantastico per cui essere in lizza, non credi? Certo, ci vuole molto per arrivare a cifre cos\u00ec alte, ma avrai la possibilit\u00e0 che ci arrivi, quindi \u00e8 un gioco che vorrai guardare, anche quando \u00e8 un po&#8217; pi\u00f9 basso.<\/p>\n<h2>SuperEnalotto di punta<\/h2>\n<p>Giocato in Italia, questo gioco ha raggiunto una vincita di oltre 177,7 milioni di euro, ovvero poco meno di 200 milioni di dollari. Quindi stai sicuramente parlando di un gioco a cui vorresti partecipare. Qualsiasi gioco che possa raggiungere le centinaia di milioni \u00e8 un gioco a cui saresti sicuramente interessato a vincere e questo lo rende un&#8217;ottima opzione per chiunque. Quel jackpot \u00e8 stato vinto con un singolo biglietto (anche se c&#8217;erano molte persone con quel biglietto) e ci sono stati diversi premi aggiuntivi che sono stati molto vicini e vinti da biglietti singoli.<\/p>\n<h2>Lotteria Nazionale Principale<\/h2>\n<p>Per quanto riguarda i giochi nel Regno Unito, c&#8217;\u00e8 una lotteria nazionale che una volta ha raggiunto i 42 milioni di sterline, che equivalgono a circa 52 milioni di dollari USA. Sebbene quel premio sia notevolmente diverso dagli altri di cui abbiamo parlato finora, \u00e8 sicuramente comunque un sacco di soldi ed \u00e8 una somma che vorresti sicuramente provare a vincere, giusto? Quel biglietto vincente \u00e8 di parecchio tempo fa, ma il gioco continua e i premi sono ancora piuttosto consistenti.<\/p>\n<h2>Lotteria Statale<\/h2>\n<p>Quasi tutti i paesi al di fuori degli Stati Uniti hanno una lotteria statale (che \u00e8 diversa da quella degli &#8220;stati&#8221; qui). Questi giochi hanno raggiunto cifre da capogiro, arrivando a toccare i milioni di dollari, il che li rende un&#8217;ottima opzione. Perch\u00e9? Perch\u00e9 sono giochi pi\u00f9 piccoli, ma offrono comunque dei premi davvero fantastici che non vorrete perdervi. Potete sicuramente avere maggiori possibilit\u00e0 giocando ad alcuni di questi giochi pi\u00f9 piccoli, e i premi non sono necessariamente cos\u00ec bassi se vincete qualcosa.<\/p>\n<h2>Union Lotto<\/h2>\n<p>In Cina esiste un altro gioco chiamato Union Lotto, che un tempo \u00e8 riuscito a raggiungere i 570 milioni di yen, equivalenti a circa 82 milioni di dollari USA. Anche se si tratta di una differenza notevole tra la valuta locale e il dollaro statunitense.rs, \u00e8 sicuramente una cifra che chiunque di noi vorrebbe vincere ed \u00e8 qualcosa a cui dovresti assolutamente pensare. Certo, quando pensi ai jackpot in corso in altri paesi, dovresti sicuramente fare le conversioni per vedere a cosa stai partecipando per cercare di vincere, ma vincere qualsiasi jackpot sar\u00e0 fantastico.<\/p>\n<h2>Mega-Sena<\/h2>\n<p>In Brasile hanno un gioco chiamato Mega-Sena, che \u00e8 stato lanciato non molto tempo fa. Ok, \u00e8 successo pi\u00f9 di 10 anni fa, ma alcuni di questi enormi jackpot sono pi\u00f9 vecchi. Questo era di 145 milioni di R$, che sono real brasiliani. Questo, in dollari USA, equivale a circa 38,6 milioni di dollari. \u00c8 un premio che chiunque sarebbe felice di vincere e anche se non \u00e8 il pi\u00f9 grande in circolazione, \u00e8 qualcosa per cui vale sicuramente la pena impegnarsi. Questo \u00e8 un altro gioco che potresti voler cercare quando si tratta di giocare al lotto.<\/p>\n<h2>Giocare online<\/h2>\n<p><img loading=\"lazy\" decoding=\"async\" src=\"images\/play_lottery_online.jpg\" alt=\"dimensione del jackpot Mega Millions oggi\" width=\"200\" height=\"201\" style=\"margin: 1px; float: right;\" \/>In fin dei conti, c&#8217;\u00e8 solo un modo per poter giocare a tutti questi giochi: online per le tue opzioni di lotto. Potresti rimanere sorpreso da quanti fantastici giochi ci sono l\u00e0 fuori e da quanto sia facile giocarci. Tutto ci\u00f2 di cui hai bisogno \u00e8 il sito web giusto che ti aiuti a trovare le cose <a href=\"https:\/\/redfoxlotto.com\/?ref=A8564250A2&#038;medium=pwrb\" target=\"_blank\" rel=\"noopener noreferrer\"><span style=\"text-decoration: underline;\">e quel sito web sar\u00e0 RedFoxLotto.com<\/span><\/a>. Troverai tutti questi giochi e molto altro se stai cercando di iniziare con un nuovo metodo di gioco.<\/p>\n<p>Anche quando si tratta di giocare online, avrai la possibilit\u00e0 di vincere tutti i premi che otterresti acquistando un biglietto fisico e avrai molte pi\u00f9 opzioni. Non sei pi\u00f9 limitato dal luogo in cui vivi o dai biglietti che puoi acquistare nel tuo minimarket locale. Piuttosto, avrai l&#8217;opportunit\u00e0 di giocare a giochi provenienti da diversi paesi del mondo, il che ti aprir\u00e0 le porte a jackpot pi\u00f9 grandi, quote migliori e un sacco di divertimento.<\/p>\n<h2>Concludendo<\/h2>\n<p>Quando \u00e8 il momento di scegliere il prossimo gioco a cui vuoi giocare, assicurati di provarli tutti. Potresti rimanere sorpreso da ci\u00f2 che puoi trovare e da come puoi vincere. Potresti anche rimanere sorpreso da cosa potrebbe significare per te vincere. Che tu vinca un jackpot importante o uno piccolo, e che sia in una valuta completamente diversa o meno, ti divertirai un mondo con i soldi che ti metterai in tasca lungo il percorso.<\/p>\n","protected":false},"excerpt":{"rendered":"<p>Scopri il jackpot del Powerball di oggi (e molto altro) Sei pronto a ritirare un biglietto della lotteria ma non sei sicuro a quale gioco giocare? Se hai difficolt\u00e0 a scegliere il gioco giusto, la cosa migliore che potresti fare \u00e8 probabilmente dare un&#8217;occhiata ai jackpot, giusto? Vuoi giocare a un gioco che ti dia &hellip; <\/p>\n<p class=\"link-more\"><a href=\"https:\/\/powerballticketonline.com\/it\/e-legale-acquistare-biglietti-del-powerball-da-altri-paesi\/jackpot-del-powerball-di-oggi\/\" class=\"more-link\">Leggi tutto<span class=\"screen-reader-text\"> &#8220;Jackpot del Powerball di oggi&#8221;<\/span><\/a><\/p>\n","protected":false},"author":1,"featured_media":0,"parent":77,"menu_order":0,"comment_status":"closed","ping_status":"closed","template":"","meta":{"footnotes":""},"class_list":["post-71","page","type-page","status-publish","hentry"],"yoast_head":"<!-- This site is optimized with the Yoast SEO plugin v27.3 - https:\/\/yoast.com\/product\/yoast-seo-wordpress\/ -->\n<title>Jackpot del Powerball di oggi -<\/title>\n<meta name=\"robots\" content=\"index, follow, max-snippet:-1, max-image-preview:large, max-video-preview:-1\" \/>\n<link rel=\"canonical\" href=\"https:\/\/powerballticketonline.com\/it\/e-legale-acquistare-biglietti-del-powerball-da-altri-paesi\/jackpot-del-powerball-di-oggi\/\" \/>\n<meta property=\"og:locale\" content=\"it_IT\" \/>\n<meta property=\"og:type\" content=\"article\" \/>\n<meta property=\"og:title\" content=\"Jackpot del Powerball di oggi -\" \/>\n<meta property=\"og:description\" content=\"Scopri il jackpot del Powerball di oggi (e molto altro) Sei pronto a ritirare un biglietto della lotteria ma non sei sicuro a quale gioco giocare? Se hai difficolt\u00e0 a scegliere il gioco giusto, la cosa migliore che potresti fare \u00e8 probabilmente dare un&#8217;occhiata ai jackpot, giusto? Vuoi giocare a un gioco che ti dia &hellip; Leggi tutto &quot;Jackpot del Powerball di oggi&quot;\" \/>\n<meta property=\"og:url\" content=\"https:\/\/powerballticketonline.com\/it\/e-legale-acquistare-biglietti-del-powerball-da-altri-paesi\/jackpot-del-powerball-di-oggi\/\" \/>\n<meta property=\"article:modified_time\" content=\"2025-08-04T11:51:00+00:00\" \/>\n<meta name=\"twitter:card\" content=\"summary_large_image\" \/>\n<meta name=\"twitter:label1\" content=\"Tempo di lettura stimato\" \/>\n\t<meta name=\"twitter:data1\" content=\"6 minuti\" \/>\n<script type=\"application\/ld+json\" class=\"yoast-schema-graph\">{\"@context\":\"https:\\\/\\\/schema.org\",\"@graph\":[{\"@type\":\"WebPage\",\"@id\":\"https:\\\/\\\/powerballticketonline.com\\\/it\\\/e-legale-acquistare-biglietti-del-powerball-da-altri-paesi\\\/jackpot-del-powerball-di-oggi\\\/\",\"url\":\"https:\\\/\\\/powerballticketonline.com\\\/it\\\/e-legale-acquistare-biglietti-del-powerball-da-altri-paesi\\\/jackpot-del-powerball-di-oggi\\\/\",\"name\":\"Jackpot del Powerball di oggi -\",\"isPartOf\":{\"@id\":\"https:\\\/\\\/powerballticketonline.com\\\/it\\\/#website\"},\"datePublished\":\"2025-08-02T15:30:55+00:00\",\"dateModified\":\"2025-08-04T11:51:00+00:00\",\"breadcrumb\":{\"@id\":\"https:\\\/\\\/powerballticketonline.com\\\/it\\\/e-legale-acquistare-biglietti-del-powerball-da-altri-paesi\\\/jackpot-del-powerball-di-oggi\\\/#breadcrumb\"},\"inLanguage\":\"it-IT\",\"potentialAction\":[{\"@type\":\"ReadAction\",\"target\":[\"https:\\\/\\\/powerballticketonline.com\\\/it\\\/e-legale-acquistare-biglietti-del-powerball-da-altri-paesi\\\/jackpot-del-powerball-di-oggi\\\/\"]}]},{\"@type\":\"BreadcrumbList\",\"@id\":\"https:\\\/\\\/powerballticketonline.com\\\/it\\\/e-legale-acquistare-biglietti-del-powerball-da-altri-paesi\\\/jackpot-del-powerball-di-oggi\\\/#breadcrumb\",\"itemListElement\":[{\"@type\":\"ListItem\",\"position\":1,\"name\":\"Home\",\"item\":\"https:\\\/\\\/powerballticketonline.com\\\/it\\\/\"},{\"@type\":\"ListItem\",\"position\":2,\"name\":\"\u00c8 legale acquistare biglietti del Powerball da altri Paesi?\",\"item\":\"https:\\\/\\\/powerballticketonline.com\\\/it\\\/is-it-legal-to-buy-powerball-tickets-from-other-countries\\\/\"},{\"@type\":\"ListItem\",\"position\":3,\"name\":\"Jackpot del Powerball di oggi\"}]},{\"@type\":\"WebSite\",\"@id\":\"https:\\\/\\\/powerballticketonline.com\\\/it\\\/#website\",\"url\":\"https:\\\/\\\/powerballticketonline.com\\\/it\\\/\",\"name\":\"\",\"description\":\"\",\"potentialAction\":[{\"@type\":\"SearchAction\",\"target\":{\"@type\":\"EntryPoint\",\"urlTemplate\":\"https:\\\/\\\/powerballticketonline.com\\\/it\\\/?s={search_term_string}\"},\"query-input\":{\"@type\":\"PropertyValueSpecification\",\"valueRequired\":true,\"valueName\":\"search_term_string\"}}],\"inLanguage\":\"it-IT\"}]}<\/script>\n<!-- \/ Yoast SEO plugin. -->","yoast_head_json":{"title":"Jackpot del Powerball di oggi -","robots":{"index":"index","follow":"follow","max-snippet":"max-snippet:-1","max-image-preview":"max-image-preview:large","max-video-preview":"max-video-preview:-1"},"canonical":"https:\/\/powerballticketonline.com\/it\/e-legale-acquistare-biglietti-del-powerball-da-altri-paesi\/jackpot-del-powerball-di-oggi\/","og_locale":"it_IT","og_type":"article","og_title":"Jackpot del Powerball di oggi -","og_description":"Scopri il jackpot del Powerball di oggi (e molto altro) Sei pronto a ritirare un biglietto della lotteria ma non sei sicuro a quale gioco giocare? Se hai difficolt\u00e0 a scegliere il gioco giusto, la cosa migliore che potresti fare \u00e8 probabilmente dare un&#8217;occhiata ai jackpot, giusto? Vuoi giocare a un gioco che ti dia &hellip; Leggi tutto \"Jackpot del Powerball di oggi\"","og_url":"https:\/\/powerballticketonline.com\/it\/e-legale-acquistare-biglietti-del-powerball-da-altri-paesi\/jackpot-del-powerball-di-oggi\/","article_modified_time":"2025-08-04T11:51:00+00:00","twitter_card":"summary_large_image","twitter_misc":{"Tempo di lettura stimato":"6 minuti"},"schema":{"@context":"https:\/\/schema.org","@graph":[{"@type":"WebPage","@id":"https:\/\/powerballticketonline.com\/it\/e-legale-acquistare-biglietti-del-powerball-da-altri-paesi\/jackpot-del-powerball-di-oggi\/","url":"https:\/\/powerballticketonline.com\/it\/e-legale-acquistare-biglietti-del-powerball-da-altri-paesi\/jackpot-del-powerball-di-oggi\/","name":"Jackpot del Powerball di oggi -","isPartOf":{"@id":"https:\/\/powerballticketonline.com\/it\/#website"},"datePublished":"2025-08-02T15:30:55+00:00","dateModified":"2025-08-04T11:51:00+00:00","breadcrumb":{"@id":"https:\/\/powerballticketonline.com\/it\/e-legale-acquistare-biglietti-del-powerball-da-altri-paesi\/jackpot-del-powerball-di-oggi\/#breadcrumb"},"inLanguage":"it-IT","potentialAction":[{"@type":"ReadAction","target":["https:\/\/powerballticketonline.com\/it\/e-legale-acquistare-biglietti-del-powerball-da-altri-paesi\/jackpot-del-powerball-di-oggi\/"]}]},{"@type":"BreadcrumbList","@id":"https:\/\/powerballticketonline.com\/it\/e-legale-acquistare-biglietti-del-powerball-da-altri-paesi\/jackpot-del-powerball-di-oggi\/#breadcrumb","itemListElement":[{"@type":"ListItem","position":1,"name":"Home","item":"https:\/\/powerballticketonline.com\/it\/"},{"@type":"ListItem","position":2,"name":"\u00c8 legale acquistare biglietti del Powerball da altri Paesi?","item":"https:\/\/powerballticketonline.com\/it\/is-it-legal-to-buy-powerball-tickets-from-other-countries\/"},{"@type":"ListItem","position":3,"name":"Jackpot del Powerball di oggi"}]},{"@type":"WebSite","@id":"https:\/\/powerballticketonline.com\/it\/#website","url":"https:\/\/powerballticketonline.com\/it\/","name":"","description":"","potentialAction":[{"@type":"SearchAction","target":{"@type":"EntryPoint","urlTemplate":"https:\/\/powerballticketonline.com\/it\/?s={search_term_string}"},"query-input":{"@type":"PropertyValueSpecification","valueRequired":true,"valueName":"search_term_string"}}],"inLanguage":"it-IT"}]}},"_links":{"self":[{"href":"https:\/\/powerballticketonline.com\/it\/wp-json\/wp\/v2\/pages\/71","targetHints":{"allow":["GET"]}}],"collection":[{"href":"https:\/\/powerballticketonline.com\/it\/wp-json\/wp\/v2\/pages"}],"about":[{"href":"https:\/\/powerballticketonline.com\/it\/wp-json\/wp\/v2\/types\/page"}],"author":[{"embeddable":true,"href":"https:\/\/powerballticketonline.com\/it\/wp-json\/wp\/v2\/users\/1"}],"replies":[{"embeddable":true,"href":"https:\/\/powerballticketonline.com\/it\/wp-json\/wp\/v2\/comments?post=71"}],"version-history":[{"count":1,"href":"https:\/\/powerballticketonline.com\/it\/wp-json\/wp\/v2\/pages\/71\/revisions"}],"predecessor-version":[{"id":78,"href":"https:\/\/powerballticketonline.com\/it\/wp-json\/wp\/v2\/pages\/71\/revisions\/78"}],"up":[{"embeddable":true,"href":"https:\/\/powerballticketonline.com\/it\/wp-json\/wp\/v2\/pages\/77"}],"wp:attachment":[{"href":"https:\/\/powerballticketonline.com\/it\/wp-json\/wp\/v2\/media?parent=71"}],"curies":[{"name":"wp","href":"https:\/\/api.w.org\/{rel}","templated":true}]}}