{"id":73,"date":"2025-08-04T09:55:18","date_gmt":"2025-08-04T09:55:18","guid":{"rendered":"https:\/\/powerballticketonline.com\/powerball-usa\/"},"modified":"2025-08-04T11:51:00","modified_gmt":"2025-08-04T11:51:00","slug":"powerball-usa","status":"publish","type":"page","link":"https:\/\/powerballticketonline.com\/it\/e-legale-acquistare-biglietti-del-powerball-da-altri-paesi\/powerball-usa\/","title":{"rendered":"Powerball USA"},"content":{"rendered":"<h1>Come acquistare i biglietti del Powerball online<\/h1>\n<p>Rispetto a quanto offerto settimanalmente negli Stati Uniti al Powerball Lotto, le lotterie in altri paesi sembrano relativamente piccole, anche quando il jackpot \u00e8 elevato. Il jackpot record negli Stati Uniti ammonta attualmente a ben 1,5 miliardi di dollari, erogato nel 2017!<\/p>\n<p>Naturalmente, questo ti fa subito chiedere se sia possibile acquistare un biglietto del Powerball online. E in effetti, puoi giocare al Powerball online da qualsiasi paese del mondo, se hai una carta di credito o puoi utilizzare qualsiasi altro metodo di pagamento online. \u00c8 perfettamente sicuro e legale!<\/p>\n<p>Questo \u00e8 possibile grazie a una societ\u00e0 chiamata RedFoxLotto, un rinomato servizio di corriere espresso per la lotteria &#8211; <strong><span style=\"text-decoration: underline;\"><a href=\"https:\/\/redfoxlotto.com\/?ref=A8564250A2&#038;medium=lo365\" target=\"_blank\" rel=\"noopener\">clicca qui per visitare il sito web di RedFoxLotto<\/a><\/span><\/strong>. Basta scegliere una lotteria, spuntare i numeri e pagare. Il tuo biglietto personale verr\u00e0 successivamente acquistato da un agente RedFoxLotto e ti verr\u00e0 inviato via email: tutto qui!<\/p>\n<h2>Come funziona il Powerball?<\/h2>\n<p>Il Powerball \u00e8 probabilmente un po&#8217; diverso dalla tua lotteria locale. Qui si scelgono 5 numeri su 69, pi\u00f9 un numero Powerball tra 1 e 26. Quindi la probabilit\u00e0 di vincere il jackpot (per questo, ovviamente, \u00e8 necessario indovinare tutti e 5 i numeri principali e il numero Powerball) \u00e8 di 1 su 292 milioni. Sembra spaventoso, ma prima o poi capita che qualcuno vinca il jackpot sempre!<\/p>\n<p>Un&#8217;altra caratteristica speciale \u00e8 che \u00e8 possibile scegliere il cosiddetto &#8220;Moltiplicatore&#8221; al momento dell&#8217;acquisto di una schedina. A ogni estrazione verr\u00e0 estratto un moltiplicatore, che pu\u00f2 essere di due, tre, quattro, cinque o dieci volte. A seconda del moltiplicatore estratto, tutte le vincite &#8220;minori&#8221; verranno moltiplicate (ad eccezione dei jackpot e del premio per 5 numeri principali esatti).<\/p>\n<p>Giocando al Powerball online, l&#8217;intera operazione \u00e8 piuttosto semplice: non puoi sbagliare i numeri (a parte scegliere quelli sbagliati, ovviamente). Se selezioni solo 4 numeri invece di 5 o dimentichi di scegliere un numero Powerball, RedFoxLotto te lo segnaler\u00e0.<\/p>\n<p>Oltre al Powerball e alle altre principali <a href=\"https:\/\/lottoonline365.com\/it\/mega-millions\" target=\"_blank\" rel=\"noopener\">lotterie statunitensi Mega Millions<\/a>, su RedFoxLotto puoi acquistare biglietti per oltre 20 altre lotterie in tutto il mondo. Pertanto, hai la possibilit\u00e0 di cercare semplicemente sul sito web il jackpot pi\u00f9 alto e ottenere il tuo biglietto. Questo massimizza il tuo <a href=\"https:\/\/lottoonline365.com\/it\/suggerimenti-per-i-giocatori\/quale-lotteria-offre-le-migliori-probabilit\u00e0-di-vincita\" target=\"_blank\" rel=\"noopener\">probabilit\u00e0 di vincita<\/a> &#8211; supponendo che il premio del biglietto sia uguale, maggiore sar\u00e0 il profitto potenziale, maggiore sar\u00e0 l&#8217;aspettativa matematica di vincita!<\/p>\n","protected":false},"excerpt":{"rendered":"<p>Come acquistare i biglietti del Powerball online Rispetto a quanto offerto settimanalmente negli Stati Uniti al Powerball Lotto, le lotterie in altri paesi sembrano relativamente piccole, anche quando il jackpot \u00e8 elevato. Il jackpot record negli Stati Uniti ammonta attualmente a ben 1,5 miliardi di dollari, erogato nel 2017! Naturalmente, questo ti fa subito chiedere &hellip; <\/p>\n<p class=\"link-more\"><a href=\"https:\/\/powerballticketonline.com\/it\/e-legale-acquistare-biglietti-del-powerball-da-altri-paesi\/powerball-usa\/\" class=\"more-link\">Leggi tutto<span class=\"screen-reader-text\"> &#8220;Powerball USA&#8221;<\/span><\/a><\/p>\n","protected":false},"author":1,"featured_media":0,"parent":77,"menu_order":0,"comment_status":"closed","ping_status":"closed","template":"","meta":{"footnotes":""},"class_list":["post-73","page","type-page","status-publish","hentry"],"yoast_head":"<!-- This site is optimized with the Yoast SEO plugin v27.3 - https:\/\/yoast.com\/product\/yoast-seo-wordpress\/ -->\n<title>Posso acquistare i biglietti del Powerball online?<\/title>\n<meta name=\"robots\" content=\"index, follow, max-snippet:-1, max-image-preview:large, max-video-preview:-1\" \/>\n<link rel=\"canonical\" href=\"https:\/\/powerballticketonline.com\/it\/e-legale-acquistare-biglietti-del-powerball-da-altri-paesi\/powerball-usa\/\" \/>\n<meta property=\"og:locale\" content=\"it_IT\" \/>\n<meta property=\"og:type\" content=\"article\" \/>\n<meta property=\"og:title\" content=\"Posso acquistare i biglietti del Powerball online?\" \/>\n<meta property=\"og:description\" content=\"Come acquistare i biglietti del Powerball online Rispetto a quanto offerto settimanalmente negli Stati Uniti al Powerball Lotto, le lotterie in altri paesi sembrano relativamente piccole, anche quando il jackpot \u00e8 elevato. Il jackpot record negli Stati Uniti ammonta attualmente a ben 1,5 miliardi di dollari, erogato nel 2017! Naturalmente, questo ti fa subito chiedere &hellip; Leggi tutto &quot;Powerball USA&quot;\" \/>\n<meta property=\"og:url\" content=\"https:\/\/powerballticketonline.com\/it\/e-legale-acquistare-biglietti-del-powerball-da-altri-paesi\/powerball-usa\/\" \/>\n<meta property=\"article:modified_time\" content=\"2025-08-04T11:51:00+00:00\" \/>\n<meta name=\"twitter:card\" content=\"summary_large_image\" \/>\n<meta name=\"twitter:label1\" content=\"Tempo di lettura stimato\" \/>\n\t<meta name=\"twitter:data1\" content=\"2 minuti\" \/>\n<script type=\"application\/ld+json\" class=\"yoast-schema-graph\">{\"@context\":\"https:\\\/\\\/schema.org\",\"@graph\":[{\"@type\":\"WebPage\",\"@id\":\"https:\\\/\\\/powerballticketonline.com\\\/it\\\/e-legale-acquistare-biglietti-del-powerball-da-altri-paesi\\\/powerball-usa\\\/\",\"url\":\"https:\\\/\\\/powerballticketonline.com\\\/it\\\/e-legale-acquistare-biglietti-del-powerball-da-altri-paesi\\\/powerball-usa\\\/\",\"name\":\"Posso acquistare i biglietti del Powerball online?\",\"isPartOf\":{\"@id\":\"https:\\\/\\\/powerballticketonline.com\\\/it\\\/#website\"},\"datePublished\":\"2025-08-04T09:55:18+00:00\",\"dateModified\":\"2025-08-04T11:51:00+00:00\",\"breadcrumb\":{\"@id\":\"https:\\\/\\\/powerballticketonline.com\\\/it\\\/e-legale-acquistare-biglietti-del-powerball-da-altri-paesi\\\/powerball-usa\\\/#breadcrumb\"},\"inLanguage\":\"it-IT\",\"potentialAction\":[{\"@type\":\"ReadAction\",\"target\":[\"https:\\\/\\\/powerballticketonline.com\\\/it\\\/e-legale-acquistare-biglietti-del-powerball-da-altri-paesi\\\/powerball-usa\\\/\"]}]},{\"@type\":\"BreadcrumbList\",\"@id\":\"https:\\\/\\\/powerballticketonline.com\\\/it\\\/e-legale-acquistare-biglietti-del-powerball-da-altri-paesi\\\/powerball-usa\\\/#breadcrumb\",\"itemListElement\":[{\"@type\":\"ListItem\",\"position\":1,\"name\":\"Home\",\"item\":\"https:\\\/\\\/powerballticketonline.com\\\/it\\\/\"},{\"@type\":\"ListItem\",\"position\":2,\"name\":\"\u00c8 legale acquistare biglietti del Powerball da altri Paesi?\",\"item\":\"https:\\\/\\\/powerballticketonline.com\\\/it\\\/is-it-legal-to-buy-powerball-tickets-from-other-countries\\\/\"},{\"@type\":\"ListItem\",\"position\":3,\"name\":\"Powerball USA\"}]},{\"@type\":\"WebSite\",\"@id\":\"https:\\\/\\\/powerballticketonline.com\\\/it\\\/#website\",\"url\":\"https:\\\/\\\/powerballticketonline.com\\\/it\\\/\",\"name\":\"\",\"description\":\"\",\"potentialAction\":[{\"@type\":\"SearchAction\",\"target\":{\"@type\":\"EntryPoint\",\"urlTemplate\":\"https:\\\/\\\/powerballticketonline.com\\\/it\\\/?s={search_term_string}\"},\"query-input\":{\"@type\":\"PropertyValueSpecification\",\"valueRequired\":true,\"valueName\":\"search_term_string\"}}],\"inLanguage\":\"it-IT\"}]}<\/script>\n<!-- \/ Yoast SEO plugin. -->","yoast_head_json":{"title":"Posso acquistare i biglietti del Powerball online?","robots":{"index":"index","follow":"follow","max-snippet":"max-snippet:-1","max-image-preview":"max-image-preview:large","max-video-preview":"max-video-preview:-1"},"canonical":"https:\/\/powerballticketonline.com\/it\/e-legale-acquistare-biglietti-del-powerball-da-altri-paesi\/powerball-usa\/","og_locale":"it_IT","og_type":"article","og_title":"Posso acquistare i biglietti del Powerball online?","og_description":"Come acquistare i biglietti del Powerball online Rispetto a quanto offerto settimanalmente negli Stati Uniti al Powerball Lotto, le lotterie in altri paesi sembrano relativamente piccole, anche quando il jackpot \u00e8 elevato. Il jackpot record negli Stati Uniti ammonta attualmente a ben 1,5 miliardi di dollari, erogato nel 2017! Naturalmente, questo ti fa subito chiedere &hellip; Leggi tutto \"Powerball USA\"","og_url":"https:\/\/powerballticketonline.com\/it\/e-legale-acquistare-biglietti-del-powerball-da-altri-paesi\/powerball-usa\/","article_modified_time":"2025-08-04T11:51:00+00:00","twitter_card":"summary_large_image","twitter_misc":{"Tempo di lettura stimato":"2 minuti"},"schema":{"@context":"https:\/\/schema.org","@graph":[{"@type":"WebPage","@id":"https:\/\/powerballticketonline.com\/it\/e-legale-acquistare-biglietti-del-powerball-da-altri-paesi\/powerball-usa\/","url":"https:\/\/powerballticketonline.com\/it\/e-legale-acquistare-biglietti-del-powerball-da-altri-paesi\/powerball-usa\/","name":"Posso acquistare i biglietti del Powerball online?","isPartOf":{"@id":"https:\/\/powerballticketonline.com\/it\/#website"},"datePublished":"2025-08-04T09:55:18+00:00","dateModified":"2025-08-04T11:51:00+00:00","breadcrumb":{"@id":"https:\/\/powerballticketonline.com\/it\/e-legale-acquistare-biglietti-del-powerball-da-altri-paesi\/powerball-usa\/#breadcrumb"},"inLanguage":"it-IT","potentialAction":[{"@type":"ReadAction","target":["https:\/\/powerballticketonline.com\/it\/e-legale-acquistare-biglietti-del-powerball-da-altri-paesi\/powerball-usa\/"]}]},{"@type":"BreadcrumbList","@id":"https:\/\/powerballticketonline.com\/it\/e-legale-acquistare-biglietti-del-powerball-da-altri-paesi\/powerball-usa\/#breadcrumb","itemListElement":[{"@type":"ListItem","position":1,"name":"Home","item":"https:\/\/powerballticketonline.com\/it\/"},{"@type":"ListItem","position":2,"name":"\u00c8 legale acquistare biglietti del Powerball da altri Paesi?","item":"https:\/\/powerballticketonline.com\/it\/is-it-legal-to-buy-powerball-tickets-from-other-countries\/"},{"@type":"ListItem","position":3,"name":"Powerball USA"}]},{"@type":"WebSite","@id":"https:\/\/powerballticketonline.com\/it\/#website","url":"https:\/\/powerballticketonline.com\/it\/","name":"","description":"","potentialAction":[{"@type":"SearchAction","target":{"@type":"EntryPoint","urlTemplate":"https:\/\/powerballticketonline.com\/it\/?s={search_term_string}"},"query-input":{"@type":"PropertyValueSpecification","valueRequired":true,"valueName":"search_term_string"}}],"inLanguage":"it-IT"}]}},"_links":{"self":[{"href":"https:\/\/powerballticketonline.com\/it\/wp-json\/wp\/v2\/pages\/73","targetHints":{"allow":["GET"]}}],"collection":[{"href":"https:\/\/powerballticketonline.com\/it\/wp-json\/wp\/v2\/pages"}],"about":[{"href":"https:\/\/powerballticketonline.com\/it\/wp-json\/wp\/v2\/types\/page"}],"author":[{"embeddable":true,"href":"https:\/\/powerballticketonline.com\/it\/wp-json\/wp\/v2\/users\/1"}],"replies":[{"embeddable":true,"href":"https:\/\/powerballticketonline.com\/it\/wp-json\/wp\/v2\/comments?post=73"}],"version-history":[{"count":1,"href":"https:\/\/powerballticketonline.com\/it\/wp-json\/wp\/v2\/pages\/73\/revisions"}],"predecessor-version":[{"id":79,"href":"https:\/\/powerballticketonline.com\/it\/wp-json\/wp\/v2\/pages\/73\/revisions\/79"}],"up":[{"embeddable":true,"href":"https:\/\/powerballticketonline.com\/it\/wp-json\/wp\/v2\/pages\/77"}],"wp:attachment":[{"href":"https:\/\/powerballticketonline.com\/it\/wp-json\/wp\/v2\/media?parent=73"}],"curies":[{"name":"wp","href":"https:\/\/api.w.org\/{rel}","templated":true}]}}