{"id":77,"date":"2025-08-02T15:17:16","date_gmt":"2025-08-02T15:17:16","guid":{"rendered":"https:\/\/powerballticketonline.com\/e-legale-acquistare-biglietti-del-powerball-da-altri-paesi\/"},"modified":"2025-08-02T15:17:16","modified_gmt":"2025-08-02T15:17:16","slug":"e-legale-acquistare-biglietti-del-powerball-da-altri-paesi","status":"publish","type":"page","link":"https:\/\/powerballticketonline.com\/it\/e-legale-acquistare-biglietti-del-powerball-da-altri-paesi\/","title":{"rendered":"\u00c8 legale acquistare biglietti del Powerball da altri Paesi?"},"content":{"rendered":"<h1>\u00c8 legale acquistare biglietti del Powerball da altri paesi?<\/h1>\n<p>Volevi <a href=\"https:\/\/redfoxlotto.com\/play\/\" target=\"_blank\" rel=\"noopener noreferrer\"><span style=\"text-decoration: underline;\">giocare al Powerball<\/span><\/a> ma non eri sicuro che fosse consentito? Beh, \u00e8 ora che tu ci provi. Questo perch\u00e9 \u00e8 assolutamente legale acquistare un biglietto per il Powerball, indipendentemente da dove ti trovi o da dove provieni.<\/p>\n<h2>Americani che viaggiano all&#8217;estero<\/h2>\n<p>Se vivi negli Stati Uniti ma stai viaggiando, puoi acquistare i biglietti del Powerball in qualsiasi momento. Devi solo creare un account online con un servizio che offre questo tipo di biglietti. Dopotutto, vivi dove vengono venduti i biglietti, quindi non ci sono assolutamente restrizioni all&#8217;acquisto di <a href=\"https:\/\/redfoxlotto.com\/lotteries\/\" target=\"_blank\" rel=\"noopener noreferrer\"><span style=\"text-decoration: underline;\">nuovi biglietti, ovunque ti trovi<\/span><\/a>.<\/p>\n<h2>E nel resto del mondo?<\/h2>\n<p>Se non sei americano e non viaggi negli Stati Uniti, significa che non puoi acquistare un biglietto del Powerball? Assolutamente no! Puoi comunque procurarti un biglietto del Powerball e avere la possibilit\u00e0 di vincere quel fantastico premio. Tutto quello che devi fare \u00e8 trovare un servizio online che venda biglietti del Powerball. In realt\u00e0 \u00e8 molto pi\u00f9 semplice di quanto pensi, persino pi\u00f9 semplice che acquistare altri biglietti che potresti desiderare nella tua zona.<\/p>\n<h2>Acquista online i tuoi biglietti<\/h2>\n<p>La cosa pi\u00f9 importante \u00e8 avere un <a href=\"https:\/\/redfoxlotto.com\/\" target=\"_blank\" rel=\"noopener noreferrer\"><span style=\"text-decoration: underline;\">sito web da utilizzare per acquistare i biglietti<\/span><\/a>. Dopotutto, non puoi andare al negozio all&#8217;angolo per comprare un biglietto del Powerball se non vivi negli Stati Uniti. Ma con RedFoxLotto, non devi preoccuparti di questo. Puoi scegliere i biglietti che desideri per questa o qualsiasi altra estrazione e iniziare subito. <br \/>Acquistare i biglietti online con RedFoxLotto \u00e8 in realt\u00e0 piuttosto semplice. Basta un account e poi scegli <a href=\"https:\/\/redfoxlotto.com\/play\/\" target=\"_blank\" rel=\"noopener noreferrer\"><span style=\"text-decoration: underline;\">a quali giochi vuoi giocare<\/span><\/a> e quali numeri vuoi. Questo \u00e8 tutto! E in un attimo, potresti avere la possibilit\u00e0 di vincere milioni di dollari.<\/p>\n","protected":false},"excerpt":{"rendered":"<p>\u00c8 legale acquistare biglietti del Powerball da altri paesi? Volevi giocare al Powerball ma non eri sicuro che fosse consentito? Beh, \u00e8 ora che tu ci provi. Questo perch\u00e9 \u00e8 assolutamente legale acquistare un biglietto per il Powerball, indipendentemente da dove ti trovi o da dove provieni. Americani che viaggiano all&#8217;estero Se vivi negli Stati &hellip; <\/p>\n<p class=\"link-more\"><a href=\"https:\/\/powerballticketonline.com\/it\/e-legale-acquistare-biglietti-del-powerball-da-altri-paesi\/\" class=\"more-link\">Leggi tutto<span class=\"screen-reader-text\"> &#8220;\u00c8 legale acquistare biglietti del Powerball da altri Paesi?&#8221;<\/span><\/a><\/p>\n","protected":false},"author":1,"featured_media":0,"parent":0,"menu_order":0,"comment_status":"closed","ping_status":"closed","template":"","meta":{"footnotes":""},"class_list":["post-77","page","type-page","status-publish","hentry"],"yoast_head":"<!-- This site is optimized with the Yoast SEO plugin v27.3 - https:\/\/yoast.com\/product\/yoast-seo-wordpress\/ -->\n<title>\u00c8 legale acquistare biglietti del Powerball da altri Paesi?<\/title>\n<meta name=\"robots\" content=\"index, follow, max-snippet:-1, max-image-preview:large, max-video-preview:-1\" \/>\n<link rel=\"canonical\" href=\"https:\/\/powerballticketonline.com\/it\/e-legale-acquistare-biglietti-del-powerball-da-altri-paesi\/\" \/>\n<meta property=\"og:locale\" content=\"it_IT\" \/>\n<meta property=\"og:type\" content=\"article\" \/>\n<meta property=\"og:title\" content=\"\u00c8 legale acquistare biglietti del Powerball da altri Paesi?\" \/>\n<meta property=\"og:description\" content=\"\u00c8 legale acquistare biglietti del Powerball da altri paesi? Volevi giocare al Powerball ma non eri sicuro che fosse consentito? Beh, \u00e8 ora che tu ci provi. Questo perch\u00e9 \u00e8 assolutamente legale acquistare un biglietto per il Powerball, indipendentemente da dove ti trovi o da dove provieni. Americani che viaggiano all&#8217;estero Se vivi negli Stati &hellip; Leggi tutto &quot;\u00c8 legale acquistare biglietti del Powerball da altri Paesi?&quot;\" \/>\n<meta property=\"og:url\" content=\"https:\/\/powerballticketonline.com\/it\/e-legale-acquistare-biglietti-del-powerball-da-altri-paesi\/\" \/>\n<meta name=\"twitter:card\" content=\"summary_large_image\" \/>\n<meta name=\"twitter:label1\" content=\"Tempo di lettura stimato\" \/>\n\t<meta name=\"twitter:data1\" content=\"1 minuto\" \/>\n<script type=\"application\/ld+json\" class=\"yoast-schema-graph\">{\"@context\":\"https:\\\/\\\/schema.org\",\"@graph\":[{\"@type\":\"WebPage\",\"@id\":\"https:\\\/\\\/powerballticketonline.com\\\/it\\\/e-legale-acquistare-biglietti-del-powerball-da-altri-paesi\\\/\",\"url\":\"https:\\\/\\\/powerballticketonline.com\\\/it\\\/e-legale-acquistare-biglietti-del-powerball-da-altri-paesi\\\/\",\"name\":\"\u00c8 legale acquistare biglietti del Powerball da altri Paesi?\",\"isPartOf\":{\"@id\":\"https:\\\/\\\/powerballticketonline.com\\\/it\\\/#website\"},\"datePublished\":\"2025-08-02T15:17:16+00:00\",\"breadcrumb\":{\"@id\":\"https:\\\/\\\/powerballticketonline.com\\\/it\\\/e-legale-acquistare-biglietti-del-powerball-da-altri-paesi\\\/#breadcrumb\"},\"inLanguage\":\"it-IT\",\"potentialAction\":[{\"@type\":\"ReadAction\",\"target\":[\"https:\\\/\\\/powerballticketonline.com\\\/it\\\/e-legale-acquistare-biglietti-del-powerball-da-altri-paesi\\\/\"]}]},{\"@type\":\"BreadcrumbList\",\"@id\":\"https:\\\/\\\/powerballticketonline.com\\\/it\\\/e-legale-acquistare-biglietti-del-powerball-da-altri-paesi\\\/#breadcrumb\",\"itemListElement\":[{\"@type\":\"ListItem\",\"position\":1,\"name\":\"Home\",\"item\":\"https:\\\/\\\/powerballticketonline.com\\\/it\\\/\"},{\"@type\":\"ListItem\",\"position\":2,\"name\":\"\u00c8 legale acquistare biglietti del Powerball da altri Paesi?\"}]},{\"@type\":\"WebSite\",\"@id\":\"https:\\\/\\\/powerballticketonline.com\\\/it\\\/#website\",\"url\":\"https:\\\/\\\/powerballticketonline.com\\\/it\\\/\",\"name\":\"\",\"description\":\"\",\"potentialAction\":[{\"@type\":\"SearchAction\",\"target\":{\"@type\":\"EntryPoint\",\"urlTemplate\":\"https:\\\/\\\/powerballticketonline.com\\\/it\\\/?s={search_term_string}\"},\"query-input\":{\"@type\":\"PropertyValueSpecification\",\"valueRequired\":true,\"valueName\":\"search_term_string\"}}],\"inLanguage\":\"it-IT\"}]}<\/script>\n<!-- \/ Yoast SEO plugin. -->","yoast_head_json":{"title":"\u00c8 legale acquistare biglietti del Powerball da altri Paesi?","robots":{"index":"index","follow":"follow","max-snippet":"max-snippet:-1","max-image-preview":"max-image-preview:large","max-video-preview":"max-video-preview:-1"},"canonical":"https:\/\/powerballticketonline.com\/it\/e-legale-acquistare-biglietti-del-powerball-da-altri-paesi\/","og_locale":"it_IT","og_type":"article","og_title":"\u00c8 legale acquistare biglietti del Powerball da altri Paesi?","og_description":"\u00c8 legale acquistare biglietti del Powerball da altri paesi? Volevi giocare al Powerball ma non eri sicuro che fosse consentito? Beh, \u00e8 ora che tu ci provi. Questo perch\u00e9 \u00e8 assolutamente legale acquistare un biglietto per il Powerball, indipendentemente da dove ti trovi o da dove provieni. Americani che viaggiano all&#8217;estero Se vivi negli Stati &hellip; Leggi tutto \"\u00c8 legale acquistare biglietti del Powerball da altri Paesi?\"","og_url":"https:\/\/powerballticketonline.com\/it\/e-legale-acquistare-biglietti-del-powerball-da-altri-paesi\/","twitter_card":"summary_large_image","twitter_misc":{"Tempo di lettura stimato":"1 minuto"},"schema":{"@context":"https:\/\/schema.org","@graph":[{"@type":"WebPage","@id":"https:\/\/powerballticketonline.com\/it\/e-legale-acquistare-biglietti-del-powerball-da-altri-paesi\/","url":"https:\/\/powerballticketonline.com\/it\/e-legale-acquistare-biglietti-del-powerball-da-altri-paesi\/","name":"\u00c8 legale acquistare biglietti del Powerball da altri Paesi?","isPartOf":{"@id":"https:\/\/powerballticketonline.com\/it\/#website"},"datePublished":"2025-08-02T15:17:16+00:00","breadcrumb":{"@id":"https:\/\/powerballticketonline.com\/it\/e-legale-acquistare-biglietti-del-powerball-da-altri-paesi\/#breadcrumb"},"inLanguage":"it-IT","potentialAction":[{"@type":"ReadAction","target":["https:\/\/powerballticketonline.com\/it\/e-legale-acquistare-biglietti-del-powerball-da-altri-paesi\/"]}]},{"@type":"BreadcrumbList","@id":"https:\/\/powerballticketonline.com\/it\/e-legale-acquistare-biglietti-del-powerball-da-altri-paesi\/#breadcrumb","itemListElement":[{"@type":"ListItem","position":1,"name":"Home","item":"https:\/\/powerballticketonline.com\/it\/"},{"@type":"ListItem","position":2,"name":"\u00c8 legale acquistare biglietti del Powerball da altri Paesi?"}]},{"@type":"WebSite","@id":"https:\/\/powerballticketonline.com\/it\/#website","url":"https:\/\/powerballticketonline.com\/it\/","name":"","description":"","potentialAction":[{"@type":"SearchAction","target":{"@type":"EntryPoint","urlTemplate":"https:\/\/powerballticketonline.com\/it\/?s={search_term_string}"},"query-input":{"@type":"PropertyValueSpecification","valueRequired":true,"valueName":"search_term_string"}}],"inLanguage":"it-IT"}]}},"_links":{"self":[{"href":"https:\/\/powerballticketonline.com\/it\/wp-json\/wp\/v2\/pages\/77","targetHints":{"allow":["GET"]}}],"collection":[{"href":"https:\/\/powerballticketonline.com\/it\/wp-json\/wp\/v2\/pages"}],"about":[{"href":"https:\/\/powerballticketonline.com\/it\/wp-json\/wp\/v2\/types\/page"}],"author":[{"embeddable":true,"href":"https:\/\/powerballticketonline.com\/it\/wp-json\/wp\/v2\/users\/1"}],"replies":[{"embeddable":true,"href":"https:\/\/powerballticketonline.com\/it\/wp-json\/wp\/v2\/comments?post=77"}],"version-history":[{"count":0,"href":"https:\/\/powerballticketonline.com\/it\/wp-json\/wp\/v2\/pages\/77\/revisions"}],"wp:attachment":[{"href":"https:\/\/powerballticketonline.com\/it\/wp-json\/wp\/v2\/media?parent=77"}],"curies":[{"name":"wp","href":"https:\/\/api.w.org\/{rel}","templated":true}]}}