{"id":83,"date":"2025-08-02T15:36:06","date_gmt":"2025-08-02T15:36:06","guid":{"rendered":"https:\/\/powerballticketonline.com\/come-e-stato-creato-il-lotto\/"},"modified":"2025-08-02T15:36:06","modified_gmt":"2025-08-02T15:36:06","slug":"come-e-stato-creato-il-lotto","status":"publish","type":"page","link":"https:\/\/powerballticketonline.com\/it\/come-e-stato-creato-il-lotto\/","title":{"rendered":"Come \u00e8 stato creato il Lotto"},"content":{"rendered":"<h1>Il gioco del lotto pi\u00f9 popolare oggi e ieri<\/h1>\n<p>Vi rendete conto che la lotteria ha quasi 500 anni? Probabilmente non sembra possibile che sia con noi da cos\u00ec tanto tempo, ma \u00e8 cos\u00ec. Da quando \u00e8 iniziata, almeno in una forma, a Firenze nel 1530. Non ci volle molto prima che diverse altre nazioni iniziassero a partecipare perch\u00e9, in fin dei conti, la <a href=\"https:\/\/redfoxlotto.com\/largest-lottery-jackpots\/\" target=\"_blank\" rel=\"noopener noreferrer\"><span style=\"text-decoration: underline;\">lotteria<\/span><\/a> \u00e8 un ottimo metodo per generare profitto per la nazione e tutti volevano farne parte. Ci\u00f2 che Firenze inizi\u00f2, Francia e Gran Bretagna scelsero rapidamente di intraprendere.<\/p>\n<p>Ora, questa \u00e8 in effetti la storia della lotteria moderna, ma se si vuole tornare alle prime lotterie, o almeno alle origini di quella che oggi chiamiamo lotteria, bisogna tornare molto pi\u00f9 indietro. Intorno al 200 a.C. esistevano le lotterie in Asia. Era il periodo della dinastia Unna, e le lotterie venivano effettivamente utilizzate per <a href=\"https:\/\/redfoxlotto.com\/is-the-lottery-tax-free\/\" target=\"_blank\" rel=\"noopener noreferrer\"><span style=\"text-decoration: underline;\">finanziare le tasse<\/span><\/a>. Quello che forse non sapevate \u00e8 che l&#8217;acquisto di quei biglietti della lotteria fu la prima iterazione di quello che oggi \u00e8 noto come Keno. E contribuirono anche a costruire la fantastica Muraglia cinese.<\/p>\n<h2>Altre lotterie<\/h2>\n<p>Sotto forma di lotterie, le lotterie iniziarono a met\u00e0 del 1400. Queste utilizzavano premi in oggetti invece di premi in denaro. E in effetti funzionavano anche piuttosto bene. Ovviamente, chiunque abbia mai partecipato a un evento con una lotteria sa che questi tipi di giochi tendono a funzionare piuttosto bene e hanno sicuramente molto da offrire. Diverse organizzazioni benefiche le utilizzano abbastanza frequentemente per raccogliere fondi per i loro enti di beneficenza o per diversi scopi all&#8217;interno della comunit\u00e0.<\/p>\n<p>Per quanto riguarda gli Stati Uniti, il lotto arriv\u00f2 abbastanza presto, nel 1700. Si ritiene inoltre che la Guerra d&#8217;Indipendenza sia stata parzialmente finanziata con i soldi del lotto. Il che colloca sicuramente il lotto in una posizione solida e forte nel contesto degli <a href=\"https:\/\/redfoxlotto.com\/how-to-buy-usa-lottery-tickets-online\/\" target=\"_blank\" rel=\"noopener noreferrer\"><span style=\"text-decoration: underline;\">Stati Uniti<\/span><\/a>, non credi? In generale, la lotteria ha svolto un ruolo fondamentale nella nascita della maggior parte dei paesi del mondo e continua ad avere una grande influenza. In molti modi, quando si acquista un biglietto della lotteria, si sostiene la storia delle grandi nazioni di tutto il mondo, e questa \u00e8 una cosa unica di cui essere parte.<\/p>\n<p>Se stai cercando di acquistare un biglietto per una delle fantastiche estrazioni del lotto che si svolgono in tutto il mondo, puoi dare un&#8217;occhiata a RedFoxLotto.com. Assicurati di cliccare qui per saperne di pi\u00f9 sui giochi disponibili e scegliere il tuo biglietto per la prossima estrazione. Potresti infatti diventare un personaggio importante nella storia di diverse nazioni e, mentre ci sei, diventerai un altro grande campione. Questo sar\u00e0 sicuramente degno dell&#8217;investimento che stai facendo. Quindi, seleziona correttamente i prossimi biglietti e diventerai un campione del jackpot.<\/p>\n","protected":false},"excerpt":{"rendered":"<p>Il gioco del lotto pi\u00f9 popolare oggi e ieri Vi rendete conto che la lotteria ha quasi 500 anni? Probabilmente non sembra possibile che sia con noi da cos\u00ec tanto tempo, ma \u00e8 cos\u00ec. Da quando \u00e8 iniziata, almeno in una forma, a Firenze nel 1530. Non ci volle molto prima che diverse altre nazioni &hellip; <\/p>\n<p class=\"link-more\"><a href=\"https:\/\/powerballticketonline.com\/it\/come-e-stato-creato-il-lotto\/\" class=\"more-link\">Leggi tutto<span class=\"screen-reader-text\"> &#8220;Come \u00e8 stato creato il Lotto&#8221;<\/span><\/a><\/p>\n","protected":false},"author":1,"featured_media":0,"parent":0,"menu_order":0,"comment_status":"closed","ping_status":"closed","template":"","meta":{"footnotes":""},"class_list":["post-83","page","type-page","status-publish","hentry"],"yoast_head":"<!-- This site is optimized with the Yoast SEO plugin v27.3 - https:\/\/yoast.com\/product\/yoast-seo-wordpress\/ -->\n<title>L&#039;invenzione del Lotto<\/title>\n<meta name=\"robots\" content=\"index, follow, max-snippet:-1, max-image-preview:large, max-video-preview:-1\" \/>\n<link rel=\"canonical\" href=\"https:\/\/powerballticketonline.com\/it\/come-e-stato-creato-il-lotto\/\" \/>\n<meta property=\"og:locale\" content=\"it_IT\" \/>\n<meta property=\"og:type\" content=\"article\" \/>\n<meta property=\"og:title\" content=\"L&#039;invenzione del Lotto\" \/>\n<meta property=\"og:description\" content=\"Il gioco del lotto pi\u00f9 popolare oggi e ieri Vi rendete conto che la lotteria ha quasi 500 anni? Probabilmente non sembra possibile che sia con noi da cos\u00ec tanto tempo, ma \u00e8 cos\u00ec. Da quando \u00e8 iniziata, almeno in una forma, a Firenze nel 1530. Non ci volle molto prima che diverse altre nazioni &hellip; Leggi tutto &quot;Come \u00e8 stato creato il Lotto&quot;\" \/>\n<meta property=\"og:url\" content=\"https:\/\/powerballticketonline.com\/it\/come-e-stato-creato-il-lotto\/\" \/>\n<meta name=\"twitter:card\" content=\"summary_large_image\" \/>\n<meta name=\"twitter:label1\" content=\"Tempo di lettura stimato\" \/>\n\t<meta name=\"twitter:data1\" content=\"2 minuti\" \/>\n<script type=\"application\/ld+json\" class=\"yoast-schema-graph\">{\"@context\":\"https:\\\/\\\/schema.org\",\"@graph\":[{\"@type\":\"WebPage\",\"@id\":\"https:\\\/\\\/powerballticketonline.com\\\/it\\\/come-e-stato-creato-il-lotto\\\/\",\"url\":\"https:\\\/\\\/powerballticketonline.com\\\/it\\\/come-e-stato-creato-il-lotto\\\/\",\"name\":\"L'invenzione del Lotto\",\"isPartOf\":{\"@id\":\"https:\\\/\\\/powerballticketonline.com\\\/it\\\/#website\"},\"datePublished\":\"2025-08-02T15:36:06+00:00\",\"breadcrumb\":{\"@id\":\"https:\\\/\\\/powerballticketonline.com\\\/it\\\/come-e-stato-creato-il-lotto\\\/#breadcrumb\"},\"inLanguage\":\"it-IT\",\"potentialAction\":[{\"@type\":\"ReadAction\",\"target\":[\"https:\\\/\\\/powerballticketonline.com\\\/it\\\/come-e-stato-creato-il-lotto\\\/\"]}]},{\"@type\":\"BreadcrumbList\",\"@id\":\"https:\\\/\\\/powerballticketonline.com\\\/it\\\/come-e-stato-creato-il-lotto\\\/#breadcrumb\",\"itemListElement\":[{\"@type\":\"ListItem\",\"position\":1,\"name\":\"Home\",\"item\":\"https:\\\/\\\/powerballticketonline.com\\\/it\\\/\"},{\"@type\":\"ListItem\",\"position\":2,\"name\":\"Come \u00e8 stato creato il Lotto\"}]},{\"@type\":\"WebSite\",\"@id\":\"https:\\\/\\\/powerballticketonline.com\\\/it\\\/#website\",\"url\":\"https:\\\/\\\/powerballticketonline.com\\\/it\\\/\",\"name\":\"\",\"description\":\"\",\"potentialAction\":[{\"@type\":\"SearchAction\",\"target\":{\"@type\":\"EntryPoint\",\"urlTemplate\":\"https:\\\/\\\/powerballticketonline.com\\\/it\\\/?s={search_term_string}\"},\"query-input\":{\"@type\":\"PropertyValueSpecification\",\"valueRequired\":true,\"valueName\":\"search_term_string\"}}],\"inLanguage\":\"it-IT\"}]}<\/script>\n<!-- \/ Yoast SEO plugin. -->","yoast_head_json":{"title":"L'invenzione del Lotto","robots":{"index":"index","follow":"follow","max-snippet":"max-snippet:-1","max-image-preview":"max-image-preview:large","max-video-preview":"max-video-preview:-1"},"canonical":"https:\/\/powerballticketonline.com\/it\/come-e-stato-creato-il-lotto\/","og_locale":"it_IT","og_type":"article","og_title":"L'invenzione del Lotto","og_description":"Il gioco del lotto pi\u00f9 popolare oggi e ieri Vi rendete conto che la lotteria ha quasi 500 anni? Probabilmente non sembra possibile che sia con noi da cos\u00ec tanto tempo, ma \u00e8 cos\u00ec. Da quando \u00e8 iniziata, almeno in una forma, a Firenze nel 1530. Non ci volle molto prima che diverse altre nazioni &hellip; Leggi tutto \"Come \u00e8 stato creato il Lotto\"","og_url":"https:\/\/powerballticketonline.com\/it\/come-e-stato-creato-il-lotto\/","twitter_card":"summary_large_image","twitter_misc":{"Tempo di lettura stimato":"2 minuti"},"schema":{"@context":"https:\/\/schema.org","@graph":[{"@type":"WebPage","@id":"https:\/\/powerballticketonline.com\/it\/come-e-stato-creato-il-lotto\/","url":"https:\/\/powerballticketonline.com\/it\/come-e-stato-creato-il-lotto\/","name":"L'invenzione del Lotto","isPartOf":{"@id":"https:\/\/powerballticketonline.com\/it\/#website"},"datePublished":"2025-08-02T15:36:06+00:00","breadcrumb":{"@id":"https:\/\/powerballticketonline.com\/it\/come-e-stato-creato-il-lotto\/#breadcrumb"},"inLanguage":"it-IT","potentialAction":[{"@type":"ReadAction","target":["https:\/\/powerballticketonline.com\/it\/come-e-stato-creato-il-lotto\/"]}]},{"@type":"BreadcrumbList","@id":"https:\/\/powerballticketonline.com\/it\/come-e-stato-creato-il-lotto\/#breadcrumb","itemListElement":[{"@type":"ListItem","position":1,"name":"Home","item":"https:\/\/powerballticketonline.com\/it\/"},{"@type":"ListItem","position":2,"name":"Come \u00e8 stato creato il Lotto"}]},{"@type":"WebSite","@id":"https:\/\/powerballticketonline.com\/it\/#website","url":"https:\/\/powerballticketonline.com\/it\/","name":"","description":"","potentialAction":[{"@type":"SearchAction","target":{"@type":"EntryPoint","urlTemplate":"https:\/\/powerballticketonline.com\/it\/?s={search_term_string}"},"query-input":{"@type":"PropertyValueSpecification","valueRequired":true,"valueName":"search_term_string"}}],"inLanguage":"it-IT"}]}},"_links":{"self":[{"href":"https:\/\/powerballticketonline.com\/it\/wp-json\/wp\/v2\/pages\/83","targetHints":{"allow":["GET"]}}],"collection":[{"href":"https:\/\/powerballticketonline.com\/it\/wp-json\/wp\/v2\/pages"}],"about":[{"href":"https:\/\/powerballticketonline.com\/it\/wp-json\/wp\/v2\/types\/page"}],"author":[{"embeddable":true,"href":"https:\/\/powerballticketonline.com\/it\/wp-json\/wp\/v2\/users\/1"}],"replies":[{"embeddable":true,"href":"https:\/\/powerballticketonline.com\/it\/wp-json\/wp\/v2\/comments?post=83"}],"version-history":[{"count":0,"href":"https:\/\/powerballticketonline.com\/it\/wp-json\/wp\/v2\/pages\/83\/revisions"}],"wp:attachment":[{"href":"https:\/\/powerballticketonline.com\/it\/wp-json\/wp\/v2\/media?parent=83"}],"curies":[{"name":"wp","href":"https:\/\/api.w.org\/{rel}","templated":true}]}}