{"id":375,"date":"2025-08-02T15:41:33","date_gmt":"2025-08-02T15:41:33","guid":{"rendered":"https:\/\/powerballticketonline.com\/pradzia\/"},"modified":"2025-08-02T15:41:33","modified_gmt":"2025-08-02T15:41:33","slug":"pradzia","status":"publish","type":"page","link":"https:\/\/powerballticketonline.com\/lt\/","title":{"rendered":"Prad\u017eia"},"content":{"rendered":"<h2>Kaip galite internetu nusipirkti \u201ePowerball\u201c bilietus<\/h2>\n<p>\u201ePowerBall\u201c yra itin populiarus loterijos \u017eaidimas, pasi\u017eymintis did\u017eiuliais laim\u0117jimais ir kaupiamuoju prizu \u2013 nuo \u200b\u200b140 iki daugiau nei 300 milijon\u0173 doleri\u0173! 2012 m. \u201ePowerBall\u201c kaupiam\u0105j\u012f priz\u0105 jau laim\u0117jo 7 \u017emon\u0117s. Ma\u017eiausias kaupiamasis prizas buvo 60 milijon\u0173 doleri\u0173, o did\u017eiausias \u2013 337 milijonai JAV doleri\u0173! Tai lengvai galite b\u016bti j\u016bs, vienintelis dalykas, kur\u012f jums reikia padaryti, norint tur\u0117ti galimyb\u0119 laim\u0117ti milijonus doleri\u0173, \u2013 <strong>\u012fsigyti \u201ePowerBall\u201c biliet\u0105 internetu<\/strong>.<\/p>\n<p><img loading=\"lazy\" decoding=\"async\" style=\"margin: 1px; float: right;\" src=\"images\/powerball_lottery.gif\" alt=\"Powerball lottery\" width=\"250\" height=\"96\" \/>Nors loterija i\u0161 prad\u017ei\u0173 buvo sukurta JAV gyventojams ir bilietus galima \u012fsigyti vietin\u0117se parduotuv\u0117se, dabar \u201ePowerBall\u201c biliet\u0105 galima \u012fsigyti internetu! Tai rei\u0161kia, kad nesvarbu, ar gyvenate JAV, ar Australijoje, galite <span style=\"text-decoration: underline;\"><a href=\"https:\/\/www.onlinelotto365.com\/usa\/powerball-lotto-online\" target=\"_blank\" rel=\"noopener noreferrer\">\u017eaisti \u201ePowerBall\u201c loterij\u0105 bet kurioje pasaulio vietoje! <\/a><\/span><\/p>\n<p>Pirkti ir dalyvauti \u201ePowerBall\u201c loterijoje galima d\u0117l i\u0161skirtin\u0117s \u201eRedFoxLotto\u201c si\u016blomos paslaugos. Tai \u012fmon\u0117, turinti \u0161imtus agent\u0173 visame pasaulyje, ir su j\u0173 pagalba galite \u012fsigyti bet kuri\u0105 norim\u0105 loterij\u0105.<\/p>\n<p><strong>Prie\u0161 gaudami loterijos biliet\u0105, turite atlikti 4 paprastus veiksmus:<\/strong><\/p>\n<ol>\n<li>Pasirinkite loterij\u0105, kurioje norite dalyvauti \u2013 \u0161iuo atveju \u2013 \u201ePowerBall\u201c \u2013 spustel\u0117j\u0119 reklamjuost\u0119 m\u016bs\u0173 svetain\u0117je, <span style=\"text-decoration: underline;\"><strong><a href=\"https:\/\/redfoxlotto.com\/?ref=A8564250A2&amp;medium=pwb\" target=\"_blank\" rel=\"noopener noreferrer\">arba tiesiog spustel\u0117kite \u010dia<\/a><\/strong><\/span><\/li>\n<li>Vienas i\u0161 daugelio vietini\u0173 \u201eRedFoxLotto\u201c agent\u0173 nupirks biliet\u0105 j\u016bs\u0173 vardu<\/li>\n<li>Tada bilietas bus matomas j\u016bs\u0173 paskyroje<\/li>\n<li>Pasibaigus traukimui ir jei laim\u0117site, informacija apie tai, kaip atsiimti laim\u0117jim\u0105, bus i\u0161si\u0173sta jums kitu el. lai\u0161ku.<\/li>\n<li>I\u0161 tikr\u0173j\u0173 visi laim\u0117jimai, ma\u017eesni nei 2500 \u20ac, bus perkelti \u012f j\u016bs\u0173 kliento s\u0105skait\u0105, o didesni\u0173 \u2013 \u012f prizus, \u201eRedFoxLotto\u201c pad\u0117s jums gauti \u010dek\u012f. U\u017e \u0161i\u0105 paslaug\u0105 n\u0117ra joki\u0173 papildom\u0173 mokes\u010di\u0173!<\/li>\n<\/ol>\n<p>Tai i\u0161skirtin\u0117 paslauga, kuria naudojasi t\u016bkstan\u010diai \u017emoni\u0173 visame pasaulyje. Jei galvojate apie tai, kas nutikt\u0173, jei laim\u0117tum\u0117te did\u012fj\u012f priz\u0105, nustokite nerimauti. \u0160i bendrov\u0117 ne tik yra 100 % patikima ir teis\u0117ta, bet ir biliete yra j\u016bs\u0173 vardas, tod\u0117l n\u0117ra vietos klaidoms ar suk\u010diavimui.<\/p>\n<p>\u201ePowerBall\u201c loterija n\u0117ra vienintel\u0117, kuri\u0105 galima \u012fsigyti per \u0161i\u0105 paslaug\u0105 \u2013 taip pat galite \u012fsigyti \u201eEuromillions\u201c bilietus, dalyvauti \u201eEl Gordo\u201c loterijoje ir \u201eSuperenalotto\u201c bei \u017eaisti daugelyje kit\u0173 tarptautini\u0173 loterij\u0173. Taigi, galiausiai, nesvarbu, kurioje pasaulio vietoje gyvenate, gal\u0117site dalyvauti u\u017esienio loterijose tiek, kiek norite ir kada norite.<\/p>\n<h2>Priz\u0173 traukimai<\/h2>\n<p>Priz\u0173 traukimai vyksta du kartus per savait\u0119 \u2013 kiekvien\u0105 tre\u010diadienio ir \u0161e\u0161tadienio vakar\u0105, 22:59 val. Ryt\u0173 laiku. Bilietus galima \u012fsigyti iki paskutin\u0117s traukimo valandos, t. y. pardavimas baigiamas likus 59 minut\u0117ms iki prad\u017eios. Pirkdami biliet\u0105 internetu, palikite bent 2 valand\u0173 pertrauk\u0105, kad \u201eRedFoxLotto\u201c tur\u0117t\u0173 pakankamai laiko apdoroti j\u016bs\u0173 \u201ePowerball\u201c bilieto u\u017esakym\u0105.<\/p>\n<p>Laim\u0117tojai ir laimingi skai\u010diai nustatomi i\u0161traukiant 5 baltus kamuoliukus i\u0161 b\u016bgno, kuriame i\u0161 viso yra 59 kamuoliukai. Taip pat yra naujas papildymas \u2013 vienas raudonas kamuoliukas, i\u0161traukiamas i\u0161 kito b\u016bgno, kur\u012f sudaro 35 raudoni kamuoliukai.<\/p>\n<h2>Laim\u0117jimo b\u016bdai<\/h2>\n<p>\u017daid\u017eiant \u201ePowerball\u201c loterij\u0105, yra 9 skirtingi b\u016bdai laim\u0117ti. Pagrindinis prizas, didelis prizas, bus laim\u0117tas, jei j\u016bs\u0173 loterijos bilietas sutaps su visais 5 balt\u0173 kamuoliuk\u0173 skai\u010diais ir raudonu kamuoliuku, kuris dar vadinamas \u201ePowerBall\u201c. Laim\u0117j\u0119 jackpot\u0105, galite pasirinkti vienkartin\u0119 pinig\u0173 sum\u0105, i\u0161mokam\u0105 nedelsiant, arba gauti vis\u0105 jackpot\u0105 kasmet per 29 metus. Nors tai atrodo ilgas laikas, esame tikri, kad jums visi\u0161kai tiks gauti apie 10 milijon\u0173 doleri\u0173 per metus! Tikimyb\u0117 laim\u0117ti bet kok\u012f priz\u0105 \u017eaid\u017eiant \u201ePowerball\u201c loterijoje yra ma\u017edaug 1 i\u0161 32. Priz\u0105 galite laim\u0117ti \u0161iais b\u016bdais:<\/p>\n<ul>\n<li>5 balti kamuoliukai + \u201ePowerBall\u201c laim\u0117s D\u017eekpot\u0105<\/li>\n<li>5 balti kamuoliukai laim\u0117s 1 milijon\u0105 USD<\/li>\n<li>4 balti kamuoliukai + \u201ePowerBall\u201c laim\u0117s 10 000 USD<\/li>\n<li>4 balti kamuoliukai laim\u0117s 100 USD<\/li>\n<li>3 balti kamuoliukai + \u201ePowerBall\u201c laim\u0117s 100 USD<\/li>\n<li>3 balti kamuoliukai laim\u0117s 7 USD<\/li>\n<li>2 balti kamuoliukai + \u201ePowerBall\u201c laim\u0117s 7 USD<\/li>\n<li>1 baltas kamuoliukas + \u201ePowerBall\u201c laim\u0117s 7 USD<\/li>\n<li>Vien \u201ePowerBall\u201c laim\u0117s 4 USD<\/li>\n<\/ul>\n<p>Taip pat prid\u0117ta papildoma funkcija: jei pasirinksite \u201ePowerPlay\u201c funkcij\u0105, gal\u0117site padidinti pradin\u0119 prizo sum\u0105. Jei j\u016bs\u0173 biliete yra laim\u0117jimo derinys 5+0, j\u016bs\u0173 prizas bus 2 milijonai doleri\u0173, o ne 1 milijonas doleri\u0173. Pirkdami biliet\u0105, turite pasirinkti \u201ePowerPlay\u201c funkcij\u0105.<\/p>\n<h2>Kur galiu \u017eaisti?<\/h2>\n<p>\u201ePowerball\u201c yra m\u0117gstamiausia loterija Amerikoje.kiekvienas \u017eaidimas, kur\u012f galima \u017eaisti 42 valstijose visoje \u0161alyje. Jis taip pat \u017eaid\u017eiamas Va\u0161ingtone ir JAV Mergeli\u0173 salose. Yra 8 valstijos, kuri\u0173 gyventojams neleid\u017eiama dalyvauti \u0161ioje loterijoje \u2013 Nevada, Kalifornija, Juta, Misisip\u0117, Vajomingas, Alabama, Havajai ir Aliaska.<\/p>\n<p>Ta\u010diau, kaip min\u0117ta \u0161io straipsnio prad\u017eioje, \u201ePowerBall\u201c taip pat galima \u017eaisti u\u017e JAV rib\u0173 ir ne JAV gyventojui arba i\u0161 JAV valstijos, kurioje negalima j\u0173 nusipirkti parduotuv\u0117je. \u201eRedFoxLotto\u201c tai leid\u017eia visiems. <strong><span style=\"text-decoration: underline;\"><a href=\"https:\/\/redfoxlotto.com\/?ref=A8564250A2&amp;medium=pwb\" target=\"_blank\" rel=\"noopener noreferrer\">\u012esigykite savo \u201ePowerBall\u201c loterijos biliet\u0105 internetu dabar!<\/a><\/span><\/strong><\/p>\n","protected":false},"excerpt":{"rendered":"<p>Kaip galite internetu nusipirkti \u201ePowerball\u201c bilietus \u201ePowerBall\u201c yra itin populiarus loterijos \u017eaidimas, pasi\u017eymintis did\u017eiuliais laim\u0117jimais ir kaupiamuoju prizu \u2013 nuo \u200b\u200b140 iki daugiau nei 300 milijon\u0173 doleri\u0173! 2012 m. \u201ePowerBall\u201c kaupiam\u0105j\u012f priz\u0105 jau laim\u0117jo 7 \u017emon\u0117s. Ma\u017eiausias kaupiamasis prizas buvo 60 milijon\u0173 doleri\u0173, o did\u017eiausias \u2013 337 milijonai JAV doleri\u0173! Tai lengvai galite b\u016bti j\u016bs, &hellip; <\/p>\n<p class=\"link-more\"><a href=\"https:\/\/powerballticketonline.com\/lt\/\" class=\"more-link\">Read more<span class=\"screen-reader-text\"> &#8222;Prad\u017eia&#8221;<\/span><\/a><\/p>\n","protected":false},"author":1,"featured_media":0,"parent":0,"menu_order":0,"comment_status":"closed","ping_status":"closed","template":"","meta":{"footnotes":""},"class_list":["post-375","page","type-page","status-publish","hentry"],"yoast_head":"<!-- This site is optimized with the Yoast SEO plugin v27.4 - https:\/\/yoast.com\/product\/yoast-seo-wordpress\/ -->\n<title>Pirkite \u201ePowerball\u201c loterijos bilietus internetu i\u0161 bet kurios pasaulio vietos<\/title>\n<meta name=\"robots\" content=\"index, follow, max-snippet:-1, max-image-preview:large, max-video-preview:-1\" \/>\n<link rel=\"canonical\" href=\"https:\/\/powerballticketonline.com\/lt\/\" \/>\n<meta property=\"og:locale\" content=\"lt_LT\" \/>\n<meta property=\"og:type\" content=\"article\" \/>\n<meta property=\"og:title\" content=\"Pirkite \u201ePowerball\u201c loterijos bilietus internetu i\u0161 bet kurios pasaulio vietos\" \/>\n<meta property=\"og:description\" content=\"Kaip galite internetu nusipirkti \u201ePowerball\u201c bilietus \u201ePowerBall\u201c yra itin populiarus loterijos \u017eaidimas, pasi\u017eymintis did\u017eiuliais laim\u0117jimais ir kaupiamuoju prizu \u2013 nuo \u200b\u200b140 iki daugiau nei 300 milijon\u0173 doleri\u0173! 2012 m. \u201ePowerBall\u201c kaupiam\u0105j\u012f priz\u0105 jau laim\u0117jo 7 \u017emon\u0117s. Ma\u017eiausias kaupiamasis prizas buvo 60 milijon\u0173 doleri\u0173, o did\u017eiausias \u2013 337 milijonai JAV doleri\u0173! Tai lengvai galite b\u016bti j\u016bs, &hellip; Read more &quot;Prad\u017eia&quot;\" \/>\n<meta property=\"og:url\" content=\"https:\/\/powerballticketonline.com\/lt\/\" \/>\n<meta name=\"twitter:card\" content=\"summary_large_image\" \/>\n<meta name=\"twitter:label1\" content=\"Est. reading time\" \/>\n\t<meta name=\"twitter:data1\" content=\"4 minut\u0117s\" \/>\n<script type=\"application\/ld+json\" class=\"yoast-schema-graph\">{\"@context\":\"https:\\\/\\\/schema.org\",\"@graph\":[{\"@type\":\"WebPage\",\"@id\":\"https:\\\/\\\/powerballticketonline.com\\\/lt\\\/\",\"url\":\"https:\\\/\\\/powerballticketonline.com\\\/lt\\\/\",\"name\":\"Pirkite \u201ePowerball\u201c loterijos bilietus internetu i\u0161 bet kurios pasaulio vietos\",\"isPartOf\":{\"@id\":\"https:\\\/\\\/powerballticketonline.com\\\/lt\\\/#website\"},\"datePublished\":\"2025-08-02T15:41:33+00:00\",\"breadcrumb\":{\"@id\":\"https:\\\/\\\/powerballticketonline.com\\\/lt\\\/#breadcrumb\"},\"inLanguage\":\"lt-LT\",\"potentialAction\":[{\"@type\":\"ReadAction\",\"target\":[\"https:\\\/\\\/powerballticketonline.com\\\/lt\\\/\"]}]},{\"@type\":\"BreadcrumbList\",\"@id\":\"https:\\\/\\\/powerballticketonline.com\\\/lt\\\/#breadcrumb\",\"itemListElement\":[{\"@type\":\"ListItem\",\"position\":1,\"name\":\"Home\",\"item\":\"https:\\\/\\\/powerballticketonline.com\\\/lt\\\/\"},{\"@type\":\"ListItem\",\"position\":2,\"name\":\"Prad\u017eia\"}]},{\"@type\":\"WebSite\",\"@id\":\"https:\\\/\\\/powerballticketonline.com\\\/lt\\\/#website\",\"url\":\"https:\\\/\\\/powerballticketonline.com\\\/lt\\\/\",\"name\":\"\",\"description\":\"\",\"potentialAction\":[{\"@type\":\"SearchAction\",\"target\":{\"@type\":\"EntryPoint\",\"urlTemplate\":\"https:\\\/\\\/powerballticketonline.com\\\/lt\\\/?s={search_term_string}\"},\"query-input\":{\"@type\":\"PropertyValueSpecification\",\"valueRequired\":true,\"valueName\":\"search_term_string\"}}],\"inLanguage\":\"lt-LT\"}]}<\/script>\n<!-- \/ Yoast SEO plugin. -->","yoast_head_json":{"title":"Pirkite \u201ePowerball\u201c loterijos bilietus internetu i\u0161 bet kurios pasaulio vietos","robots":{"index":"index","follow":"follow","max-snippet":"max-snippet:-1","max-image-preview":"max-image-preview:large","max-video-preview":"max-video-preview:-1"},"canonical":"https:\/\/powerballticketonline.com\/lt\/","og_locale":"lt_LT","og_type":"article","og_title":"Pirkite \u201ePowerball\u201c loterijos bilietus internetu i\u0161 bet kurios pasaulio vietos","og_description":"Kaip galite internetu nusipirkti \u201ePowerball\u201c bilietus \u201ePowerBall\u201c yra itin populiarus loterijos \u017eaidimas, pasi\u017eymintis did\u017eiuliais laim\u0117jimais ir kaupiamuoju prizu \u2013 nuo \u200b\u200b140 iki daugiau nei 300 milijon\u0173 doleri\u0173! 2012 m. \u201ePowerBall\u201c kaupiam\u0105j\u012f priz\u0105 jau laim\u0117jo 7 \u017emon\u0117s. Ma\u017eiausias kaupiamasis prizas buvo 60 milijon\u0173 doleri\u0173, o did\u017eiausias \u2013 337 milijonai JAV doleri\u0173! Tai lengvai galite b\u016bti j\u016bs, &hellip; Read more \"Prad\u017eia\"","og_url":"https:\/\/powerballticketonline.com\/lt\/","twitter_card":"summary_large_image","twitter_misc":{"Est. reading time":"4 minut\u0117s"},"schema":{"@context":"https:\/\/schema.org","@graph":[{"@type":"WebPage","@id":"https:\/\/powerballticketonline.com\/lt\/","url":"https:\/\/powerballticketonline.com\/lt\/","name":"Pirkite \u201ePowerball\u201c loterijos bilietus internetu i\u0161 bet kurios pasaulio vietos","isPartOf":{"@id":"https:\/\/powerballticketonline.com\/lt\/#website"},"datePublished":"2025-08-02T15:41:33+00:00","breadcrumb":{"@id":"https:\/\/powerballticketonline.com\/lt\/#breadcrumb"},"inLanguage":"lt-LT","potentialAction":[{"@type":"ReadAction","target":["https:\/\/powerballticketonline.com\/lt\/"]}]},{"@type":"BreadcrumbList","@id":"https:\/\/powerballticketonline.com\/lt\/#breadcrumb","itemListElement":[{"@type":"ListItem","position":1,"name":"Home","item":"https:\/\/powerballticketonline.com\/lt\/"},{"@type":"ListItem","position":2,"name":"Prad\u017eia"}]},{"@type":"WebSite","@id":"https:\/\/powerballticketonline.com\/lt\/#website","url":"https:\/\/powerballticketonline.com\/lt\/","name":"","description":"","potentialAction":[{"@type":"SearchAction","target":{"@type":"EntryPoint","urlTemplate":"https:\/\/powerballticketonline.com\/lt\/?s={search_term_string}"},"query-input":{"@type":"PropertyValueSpecification","valueRequired":true,"valueName":"search_term_string"}}],"inLanguage":"lt-LT"}]}},"_links":{"self":[{"href":"https:\/\/powerballticketonline.com\/lt\/wp-json\/wp\/v2\/pages\/375","targetHints":{"allow":["GET"]}}],"collection":[{"href":"https:\/\/powerballticketonline.com\/lt\/wp-json\/wp\/v2\/pages"}],"about":[{"href":"https:\/\/powerballticketonline.com\/lt\/wp-json\/wp\/v2\/types\/page"}],"author":[{"embeddable":true,"href":"https:\/\/powerballticketonline.com\/lt\/wp-json\/wp\/v2\/users\/1"}],"replies":[{"embeddable":true,"href":"https:\/\/powerballticketonline.com\/lt\/wp-json\/wp\/v2\/comments?post=375"}],"version-history":[{"count":0,"href":"https:\/\/powerballticketonline.com\/lt\/wp-json\/wp\/v2\/pages\/375\/revisions"}],"wp:attachment":[{"href":"https:\/\/powerballticketonline.com\/lt\/wp-json\/wp\/v2\/media?parent=375"}],"curies":[{"name":"wp","href":"https:\/\/api.w.org\/{rel}","templated":true}]}}