{"id":374,"date":"2025-08-02T15:41:33","date_gmt":"2025-08-02T15:41:33","guid":{"rendered":"https:\/\/powerballticketonline.com\/sakums\/"},"modified":"2025-08-02T15:41:33","modified_gmt":"2025-08-02T15:41:33","slug":"sakums","status":"publish","type":"page","link":"https:\/\/powerballticketonline.com\/lv\/","title":{"rendered":"S\u0101kums"},"content":{"rendered":"<h2>K\u0101 tie\u0161saist\u0113 ieg\u0101d\u0101ties Powerball bi\u013cetes<\/h2>\n<p>PowerBall ir \u0101rk\u0101rt\u012bgi popul\u0101ra loterijas sp\u0113le ar milz\u012bgiem laimestiem un d\u017eekpota balvu, s\u0101kot no 140 l\u012bdz vair\u0101k nek\u0101 300 miljoniem ASV dol\u0101ru! 2012. gad\u0101 PowerBall d\u017eekpotu jau ir laim\u0113ju\u0161i 7 cilv\u0113ki. Zem\u0101kais d\u017eekpots bija 60 miljoni ASV dol\u0101ru, bet augst\u0101kais \u2014 337 miljoni ASV dol\u0101ru! Tas var\u0113tu viegli b\u016bt j\u016bs, vien\u012bgais, kas jums j\u0101dara, lai var\u0113tu laim\u0113t miljonus dol\u0101ru, ir <strong>ieg\u0101d\u0101ties PowerBall bi\u013ceti tie\u0161saist\u0113<\/strong>.<\/p>\n<p><img loading=\"lazy\" decoding=\"async\" style=\"margin: 1px; float: right;\" src=\"images\/powerball_lottery.gif\" alt=\"Powerball lottery\" width=\"250\" height=\"96\" \/>Lai gan s\u0101kotn\u0113ji loterija tika izveidota ASV iedz\u012bvot\u0101jiem un bi\u013cetes var ieg\u0101d\u0101ties viet\u0113jos veikalos, tagad PowerBall bi\u013ceti ir iesp\u0113jams ieg\u0101d\u0101ties tie\u0161saist\u0113! Tas noz\u012bm\u0113, ka nav svar\u012bgi, vai dz\u012bvojat ASV vai Austr\u0101lij\u0101, j\u016bs varat <span style=\"text-decoration: underline;\"><a href=\"https:\/\/www.onlinelotto365.com\/usa\/powerball-lotto-online\" target=\"_blank\" rel=\"noopener noreferrer\">sp\u0113l\u0113t PowerBall loteriju jebkur pasaul\u0113! <\/a><\/span><\/p>\n<p>Ieg\u0101de un dal\u012bba PowerBall ir iesp\u0113jama, pateicoties ekskluz\u012bvam pakalpojumam, ko pied\u0101v\u0101 RedFoxLotto. \u0160is ir uz\u0146\u0113mums ar simtiem a\u0123entu vis\u0101 pasaul\u0113, un ar vi\u0146u pal\u012bdz\u012bbu j\u016bs varat ieg\u0101d\u0101ties jebkuru loteriju, kuru v\u0113laties. <strong>Pirms loterijas bi\u013cetes sa\u0146em\u0161anas j\u0101veic 4 vienk\u0101r\u0161as darb\u012bbas:<\/strong><\/p>\n<ol>\n<li>P\u0113c noklik\u0161\u0137in\u0101\u0161anas uz rekl\u0101mkaroga m\u016bsu vietn\u0113 izv\u0113lieties loteriju, kur\u0101 v\u0113laties piedal\u012bties \u2013 \u0161aj\u0101 gad\u012bjum\u0101 PowerBall, <span style=\"text-decoration: underline;\"><strong><a href=\"https:\/\/redfoxlotto.com\/?ref=A8564250A2&amp;medium=pwb\" target=\"_blank\" rel=\"noopener noreferrer\">vai vienk\u0101r\u0161i noklik\u0161\u0137iniet \u0161eit<\/a><\/strong><\/span><\/li>\n<li>Viens no daudzajiem RedFoxLotto viet\u0113jiem a\u0123entiem ieg\u0101d\u0101sies bi\u013ceti j\u016bsu v\u0101rd\u0101<\/li>\n<li>P\u0113c izlozes beig\u0101m, ja esat laim\u0113jis, inform\u0101cija par to, k\u0101 sa\u0146emt savu laimestu, jums tiks nos\u016bt\u012bta cit\u0101 e-past\u0101.<\/li>\n<li>Faktiski visi laimesti, kas ir maz\u0101ki par 2500\u00a0eiro, tiks ieskait\u012bti j\u016bsu klienta kont\u0101, bet liel\u0101kiem\u00a0&#8230; balvas, RedFoxLotto pal\u012bdz\u0113s jums sa\u0146emt \u010deku. Par \u0161o pakalpojumu nav j\u0101maks\u0101 papildu maksa!<\/li>\n<\/ol>\n<p>\u0160is ir ekskluz\u012bvs pakalpojums, ko izmanto t\u016bksto\u0161iem cilv\u0113ku vis\u0101 pasaul\u0113. Ja dom\u0101jat par to, kas notiktu, ja laim\u0113tu d\u017eekpotu, p\u0101rtrauciet uztraukties. \u0160is uz\u0146\u0113mums ir ne tikai 100% cien\u012bjams un likum\u012bgs, bet uz bi\u013cetes ir ar\u012b j\u016bsu v\u0101rds, t\u0101p\u0113c nav vietas k\u013c\u016bd\u0101m vai kr\u0101p\u0161anai.<\/p>\n<p>PowerBall loterija nav vien\u012bg\u0101, ko var ieg\u0101d\u0101ties, izmantojot \u0161o pakalpojumu \u2013 j\u016bs varat ar\u012b ieg\u0101d\u0101ties Euromillions bi\u013cetes, k\u0101 ar\u012b piedal\u012bties El Gordo loterij\u0101 un SuperEnalotto, k\u0101 ar\u012b sp\u0113l\u0113t vair\u0101k\u0101s cit\u0101s starptautisk\u0101s loterij\u0101s. T\u0101tad galu gal\u0101 nav svar\u012bgi, kur pasaul\u0113 j\u016bs dz\u012bvojat, j\u016bs var\u0113siet piedal\u012bties \u0101rvalstu loterij\u0101s tik daudz, cik v\u0113laties un kad vien v\u0113laties.<\/p>\n<h2>Balvu izlozes<\/h2>\n<p>Balvu izlozes notiek divas reizes ned\u0113\u013c\u0101 \u2013 katru tre\u0161dienas un sestdienas vakaru plkst. 22:59 p\u0113c Austrumu laika. Bi\u013cetes var ieg\u0101d\u0101ties l\u012bdz izlozes p\u0113d\u0113jai stundai, kas noz\u012bm\u0113, ka p\u0101rdo\u0161ana tiek sl\u0113gta 59 min\u016btes pirms s\u0101kuma. Ieg\u0101d\u0101joties bi\u013ceti tie\u0161saist\u0113, \u0146emiet v\u0113r\u0101, ka RedFoxLotto ir pietiekami daudz laika, lai apstr\u0101d\u0101tu j\u016bsu Powerball bi\u013cetes pas\u016bt\u012bjumu.<\/p>\n<p>Uzvar\u0113t\u0101ji un laim\u012bgie skait\u013ci tiek noteikti, izvelkot 5 baltas bumbi\u0146as no cilindra, kur\u0101 kop\u0101 ir 59 bumbi\u0146as. Ir ar\u012b jauns papildin\u0101jums \u2013 viena sarkana bumbi\u0146a, kas tiek izvilkta no cita cilindra, kas sast\u0101v no 35 sarkan\u0101m bumbi\u0146\u0101m.<\/p>\n<h2>Veidi, k\u0101 laim\u0113t<\/h2>\n<p>Sp\u0113l\u0113jot Powerball loteriju, ir 9 da\u017e\u0101di veidi, k\u0101 laim\u0113t. Galveno balvu, lielo d\u017eekpotu, var laim\u0113t, ja j\u016bsu loterijas bi\u013cete sakrit\u012bs ar visiem 5 balto bumbi\u0146u skait\u013ciem un sarkano bumbi\u0146u, kas paz\u012bstama ar\u012b k\u0101 PowerBall. D\u017eekpota laim\u0113\u0161anas gad\u012bjum\u0101 varat izv\u0113l\u0113ties vienreiz\u0113ju naudas summu, kas tiek izmaks\u0101ta nekav\u0113joties, vai ar\u012b sa\u0146emt pilnu d\u017eekpotu katru gadu 29 gadu laik\u0101. Lai gan tas \u0161\u0137iet ilgs laiks, m\u0113s esam p\u0101rliecin\u0101ti, ka j\u016bs b\u016bsiet piln\u012bgi apmierin\u0101ti ar aptuveni 10 miljonu dol\u0101ru sa\u0146em\u0161anu gad\u0101! Jebkuras balvas laim\u0113\u0161anas iesp\u0113ja, sp\u0113l\u0113jot Powerball loteriju, ir aptuveni 1 no 32. J\u016bs varat laim\u0113t balvu \u0161\u0101dos veidos:<\/p>\n<ul>\n<li>5 balt\u0101s bumbi\u0146as + PowerBall laim\u0113s d\u017eekpotu<\/li>\n<li>5 balt\u0101s bumbi\u0146as laim\u0113s 1 miljonu USD<\/li>\n<li>4 balt\u0101s bumbi\u0146as + PowerBall laim\u0113s 10\u00a0000 USD<\/li>\n<li>4 balt\u0101s bumbi\u0146as laim\u0113s 100 USD<\/li>\n<li>3 balt\u0101s bumbi\u0146as + PowerBall laim\u0113s 100 USD<\/li>\n<li>3 balt\u0101s bumbi\u0146as laim\u0113s 7 USD<\/li>\n<li>2 balt\u0101s bumbi\u0146as + PowerBall laim\u0113s 7 USD<\/li>\n<li>1 balt\u0101 bumbi\u0146a + PowerBall laim\u0113s 7 USD<\/li>\n<li>PowerBall vien laim\u0113s 4 USD<\/li>\n<\/ul>\n<p>Ir pievienota ar\u012b papildu funkcija: ja izv\u0113laties PowerPlay funkciju, varat palielin\u0101t s\u0101kotn\u0113jo balvas summu. Ja j\u016bsu bi\u013cet\u0113 ir 5+0 laim\u0113jo\u0161\u0101 kombin\u0101cija, j\u016bsu balva b\u016bs 2 miljoni ASV dol\u0101ru, nevis 1 miljons ASV dol\u0101ru. Ieg\u0101d\u0101joties bi\u013ceti, ir j\u0101izv\u0113las PowerPlay funkcija.<\/p>\n<h2>Kur es varu sp\u0113l\u0113t?<\/h2>\n<p>Powerball ir Amerikas iecien\u012bt\u0101k\u0101 loterija.katra sp\u0113le, un to var sp\u0113l\u0113t 42 \u0161tatos vis\u0101 valst\u012b. To sp\u0113l\u0113 ar\u012b Va\u0161ington\u0101 un ASV Vird\u017e\u012bnu sal\u0101s. Ir 8 \u0161tati, kuru iedz\u012bvot\u0101jiem nav at\u013cauts piedal\u012bties \u0161aj\u0101 loterij\u0101 \u2014 Nevada, Kalifornija, J\u016bta, Misisipi, Vaiominga, Alabama, Havaju salas un A\u013caska.<\/p>\n<p>Tom\u0113r, k\u0101 min\u0113ts \u0161\u012b raksta s\u0101kum\u0101, PowerBall ir iesp\u0113jams sp\u0113l\u0113t ar\u012b \u0101rpus ASV un k\u0101 ne-ASV iedz\u012bvot\u0101jam vai no ASV \u0161tata, kur t\u0101s nevar ieg\u0101d\u0101ties veikal\u0101. RedFoxLotto to padara iesp\u0113jamu ikvienam. <strong><span style=\"text-decoration: underline;\"><a href=\"https:\/\/redfoxlotto.com\/?ref=A8564250A2&amp;medium=pwb\" target=\"_blank\" rel=\"noopener noreferrer\">Ieg\u016bstiet savu PowerBall loterijas bi\u013ceti tie\u0161saist\u0113 t\u016bl\u012bt!<\/a><\/span><\/strong><\/p>\n","protected":false},"excerpt":{"rendered":"<p>K\u0101 tie\u0161saist\u0113 ieg\u0101d\u0101ties Powerball bi\u013cetes PowerBall ir \u0101rk\u0101rt\u012bgi popul\u0101ra loterijas sp\u0113le ar milz\u012bgiem laimestiem un d\u017eekpota balvu, s\u0101kot no 140 l\u012bdz vair\u0101k nek\u0101 300 miljoniem ASV dol\u0101ru! 2012. gad\u0101 PowerBall d\u017eekpotu jau ir laim\u0113ju\u0161i 7 cilv\u0113ki. Zem\u0101kais d\u017eekpots bija 60 miljoni ASV dol\u0101ru, bet augst\u0101kais \u2014 337 miljoni ASV dol\u0101ru! Tas var\u0113tu viegli b\u016bt j\u016bs, &hellip; <\/p>\n<p class=\"link-more\"><a href=\"https:\/\/powerballticketonline.com\/lv\/\" class=\"more-link\">Read more<span class=\"screen-reader-text\"> &#8220;S\u0101kums&#8221;<\/span><\/a><\/p>\n","protected":false},"author":1,"featured_media":0,"parent":0,"menu_order":0,"comment_status":"closed","ping_status":"closed","template":"","meta":{"footnotes":""},"class_list":["post-374","page","type-page","status-publish","hentry"],"yoast_head":"<!-- This site is optimized with the Yoast SEO plugin v27.3 - https:\/\/yoast.com\/product\/yoast-seo-wordpress\/ -->\n<title>P\u0113rciet Powerball loterijas bi\u013cetes tie\u0161saist\u0113 no jebkuras vietas pasaul\u0113<\/title>\n<meta name=\"robots\" content=\"index, follow, max-snippet:-1, max-image-preview:large, max-video-preview:-1\" \/>\n<link rel=\"canonical\" href=\"https:\/\/powerballticketonline.com\/lv\/\" \/>\n<meta property=\"og:locale\" content=\"lv_LV\" \/>\n<meta property=\"og:type\" content=\"article\" \/>\n<meta property=\"og:title\" content=\"P\u0113rciet Powerball loterijas bi\u013cetes tie\u0161saist\u0113 no jebkuras vietas pasaul\u0113\" \/>\n<meta property=\"og:description\" content=\"K\u0101 tie\u0161saist\u0113 ieg\u0101d\u0101ties Powerball bi\u013cetes PowerBall ir \u0101rk\u0101rt\u012bgi popul\u0101ra loterijas sp\u0113le ar milz\u012bgiem laimestiem un d\u017eekpota balvu, s\u0101kot no 140 l\u012bdz vair\u0101k nek\u0101 300 miljoniem ASV dol\u0101ru! 2012. gad\u0101 PowerBall d\u017eekpotu jau ir laim\u0113ju\u0161i 7 cilv\u0113ki. Zem\u0101kais d\u017eekpots bija 60 miljoni ASV dol\u0101ru, bet augst\u0101kais \u2014 337 miljoni ASV dol\u0101ru! Tas var\u0113tu viegli b\u016bt j\u016bs, &hellip; Read more &quot;S\u0101kums&quot;\" \/>\n<meta property=\"og:url\" content=\"https:\/\/powerballticketonline.com\/lv\/\" \/>\n<meta name=\"twitter:card\" content=\"summary_large_image\" \/>\n<meta name=\"twitter:label1\" content=\"Est. reading time\" \/>\n\t<meta name=\"twitter:data1\" content=\"5 minutes\" \/>\n<script type=\"application\/ld+json\" class=\"yoast-schema-graph\">{\"@context\":\"https:\\\/\\\/schema.org\",\"@graph\":[{\"@type\":\"WebPage\",\"@id\":\"https:\\\/\\\/powerballticketonline.com\\\/lv\\\/\",\"url\":\"https:\\\/\\\/powerballticketonline.com\\\/lv\\\/\",\"name\":\"P\u0113rciet Powerball loterijas bi\u013cetes tie\u0161saist\u0113 no jebkuras vietas pasaul\u0113\",\"isPartOf\":{\"@id\":\"https:\\\/\\\/powerballticketonline.com\\\/lv\\\/#website\"},\"datePublished\":\"2025-08-02T15:41:33+00:00\",\"breadcrumb\":{\"@id\":\"https:\\\/\\\/powerballticketonline.com\\\/lv\\\/#breadcrumb\"},\"inLanguage\":\"lv-LV\",\"potentialAction\":[{\"@type\":\"ReadAction\",\"target\":[\"https:\\\/\\\/powerballticketonline.com\\\/lv\\\/\"]}]},{\"@type\":\"BreadcrumbList\",\"@id\":\"https:\\\/\\\/powerballticketonline.com\\\/lv\\\/#breadcrumb\",\"itemListElement\":[{\"@type\":\"ListItem\",\"position\":1,\"name\":\"Home\",\"item\":\"https:\\\/\\\/powerballticketonline.com\\\/lv\\\/\"},{\"@type\":\"ListItem\",\"position\":2,\"name\":\"S\u0101kums\"}]},{\"@type\":\"WebSite\",\"@id\":\"https:\\\/\\\/powerballticketonline.com\\\/lv\\\/#website\",\"url\":\"https:\\\/\\\/powerballticketonline.com\\\/lv\\\/\",\"name\":\"\",\"description\":\"\",\"potentialAction\":[{\"@type\":\"SearchAction\",\"target\":{\"@type\":\"EntryPoint\",\"urlTemplate\":\"https:\\\/\\\/powerballticketonline.com\\\/lv\\\/?s={search_term_string}\"},\"query-input\":{\"@type\":\"PropertyValueSpecification\",\"valueRequired\":true,\"valueName\":\"search_term_string\"}}],\"inLanguage\":\"lv-LV\"}]}<\/script>\n<!-- \/ Yoast SEO plugin. -->","yoast_head_json":{"title":"P\u0113rciet Powerball loterijas bi\u013cetes tie\u0161saist\u0113 no jebkuras vietas pasaul\u0113","robots":{"index":"index","follow":"follow","max-snippet":"max-snippet:-1","max-image-preview":"max-image-preview:large","max-video-preview":"max-video-preview:-1"},"canonical":"https:\/\/powerballticketonline.com\/lv\/","og_locale":"lv_LV","og_type":"article","og_title":"P\u0113rciet Powerball loterijas bi\u013cetes tie\u0161saist\u0113 no jebkuras vietas pasaul\u0113","og_description":"K\u0101 tie\u0161saist\u0113 ieg\u0101d\u0101ties Powerball bi\u013cetes PowerBall ir \u0101rk\u0101rt\u012bgi popul\u0101ra loterijas sp\u0113le ar milz\u012bgiem laimestiem un d\u017eekpota balvu, s\u0101kot no 140 l\u012bdz vair\u0101k nek\u0101 300 miljoniem ASV dol\u0101ru! 2012. gad\u0101 PowerBall d\u017eekpotu jau ir laim\u0113ju\u0161i 7 cilv\u0113ki. Zem\u0101kais d\u017eekpots bija 60 miljoni ASV dol\u0101ru, bet augst\u0101kais \u2014 337 miljoni ASV dol\u0101ru! Tas var\u0113tu viegli b\u016bt j\u016bs, &hellip; Read more \"S\u0101kums\"","og_url":"https:\/\/powerballticketonline.com\/lv\/","twitter_card":"summary_large_image","twitter_misc":{"Est. reading time":"5 minutes"},"schema":{"@context":"https:\/\/schema.org","@graph":[{"@type":"WebPage","@id":"https:\/\/powerballticketonline.com\/lv\/","url":"https:\/\/powerballticketonline.com\/lv\/","name":"P\u0113rciet Powerball loterijas bi\u013cetes tie\u0161saist\u0113 no jebkuras vietas pasaul\u0113","isPartOf":{"@id":"https:\/\/powerballticketonline.com\/lv\/#website"},"datePublished":"2025-08-02T15:41:33+00:00","breadcrumb":{"@id":"https:\/\/powerballticketonline.com\/lv\/#breadcrumb"},"inLanguage":"lv-LV","potentialAction":[{"@type":"ReadAction","target":["https:\/\/powerballticketonline.com\/lv\/"]}]},{"@type":"BreadcrumbList","@id":"https:\/\/powerballticketonline.com\/lv\/#breadcrumb","itemListElement":[{"@type":"ListItem","position":1,"name":"Home","item":"https:\/\/powerballticketonline.com\/lv\/"},{"@type":"ListItem","position":2,"name":"S\u0101kums"}]},{"@type":"WebSite","@id":"https:\/\/powerballticketonline.com\/lv\/#website","url":"https:\/\/powerballticketonline.com\/lv\/","name":"","description":"","potentialAction":[{"@type":"SearchAction","target":{"@type":"EntryPoint","urlTemplate":"https:\/\/powerballticketonline.com\/lv\/?s={search_term_string}"},"query-input":{"@type":"PropertyValueSpecification","valueRequired":true,"valueName":"search_term_string"}}],"inLanguage":"lv-LV"}]}},"_links":{"self":[{"href":"https:\/\/powerballticketonline.com\/lv\/wp-json\/wp\/v2\/pages\/374","targetHints":{"allow":["GET"]}}],"collection":[{"href":"https:\/\/powerballticketonline.com\/lv\/wp-json\/wp\/v2\/pages"}],"about":[{"href":"https:\/\/powerballticketonline.com\/lv\/wp-json\/wp\/v2\/types\/page"}],"author":[{"embeddable":true,"href":"https:\/\/powerballticketonline.com\/lv\/wp-json\/wp\/v2\/users\/1"}],"replies":[{"embeddable":true,"href":"https:\/\/powerballticketonline.com\/lv\/wp-json\/wp\/v2\/comments?post=374"}],"version-history":[{"count":0,"href":"https:\/\/powerballticketonline.com\/lv\/wp-json\/wp\/v2\/pages\/374\/revisions"}],"wp:attachment":[{"href":"https:\/\/powerballticketonline.com\/lv\/wp-json\/wp\/v2\/media?parent=374"}],"curies":[{"name":"wp","href":"https:\/\/api.w.org\/{rel}","templated":true}]}}