{"id":379,"date":"2025-08-02T15:41:33","date_gmt":"2025-08-02T15:41:33","guid":{"rendered":"https:\/\/powerballticketonline.com\/hjem\/"},"modified":"2025-08-02T15:41:33","modified_gmt":"2025-08-02T15:41:33","slug":"hjem","status":"publish","type":"page","link":"https:\/\/powerballticketonline.com\/no\/","title":{"rendered":"Hjem"},"content":{"rendered":"<h2>Hvordan du kan kj\u00f8pe Powerball-kuponger p\u00e5 nett<\/h2>\n<p>PowerBall er et ekstremt popul\u00e6rt lotterispill med enorme utbetalinger og jackpotpremier p\u00e5 alt fra 140 dollar til mer enn 300 millioner dollar! Det er allerede 7 personer som har vunnet PowerBall-jackpotten i 2012. Den laveste jackpotten var 60 millioner dollar, mens den h\u00f8yeste var 337 millioner amerikanske dollar! Dette kan lett v\u00e6re deg. Det eneste du trenger \u00e5 gj\u00f8re for \u00e5 ha en sjanse til \u00e5 vinne millioner av dollar, er \u00e5 <strong>kj\u00f8pe en PowerBall-kupong p\u00e5 nett<\/strong>.<\/p>\n<p><img loading=\"lazy\" decoding=\"async\" style=\"margin: 1px; float: right;\" src=\"images\/powerball_lottery.gif\" alt=\"Powerball-lotteriet\" width=\"250\" height=\"96\" \/>Selv om lotteriet opprinnelig ble opprettet for innbyggere i USA, og kuponger kan kj\u00f8pes i lokale butikker der, er det n\u00e5 mulig \u00e5 kj\u00f8pe en PowerBall-kupong p\u00e5 nett! Dette betyr at det ikke spiller noen rolle om du bor i USA eller i Australia, du kan <span style=\"text-decoration: underline;\"><a href=\"https:\/\/www.onlinelotto365.com\/usa\/powerball-lotto-online\" target=\"_blank\" rel=\"noopener noreferrer\">spille PowerBall-lotto hvor som helst i verden! <\/a><\/span><\/p>\n<p>Kj\u00f8p og deltakelse i PowerBall er mulig takket v\u00e6re en eksklusiv tjeneste som tilbys av RedFoxLotto. Dette er et selskap med hundrevis av agenter over hele verden, og med deres hjelp kan du kj\u00f8pe hvilket som helst lotteri du \u00f8nsker.<\/p>\n<p><strong>Det er fire enkle trinn du m\u00e5 gj\u00f8re f\u00f8r du mottar loddet ditt:<\/strong><\/p>\n<ol>\n<li>Velg lotteriet du vil delta i \u2013 PowerBall i dette tilfellet \u2013 etter \u00e5 ha klikket p\u00e5 banneret p\u00e5 nettstedet v\u00e5rt, <span style=\"text-decoration: underline;\"><strong><a href=\"https:\/\/redfoxlotto.com\/?ref=A8564250A2&amp;medium=pwb\" target=\"_blank\" rel=\"noopener noreferrer\">eller bare klikk her<\/a><\/strong><\/span><\/li>\n<li>En av RedFoxLottos mange lokale agenter vil kj\u00f8pe et lodd p\u00e5 dine vegne<\/li>\n<li>Loddet vil da v\u00e6re synlig p\u00e5 kontoen din<\/li>\n<li>Etter at trekningen er fullf\u00f8rt, og hvis du har vunnet, vil informasjon om hvordan du kan hente gevinstene dine bli sendt til deg i en annen e-post.<\/li>\n<li>Faktisk vil alle gevinster under \u20ac2500 g\u00e5 inn p\u00e5 kundekontoen din, og for h\u00f8yere premier, RedFoxLotto hjelper deg med \u00e5 f\u00e5 sjekken din. Ingen ekstra kostnader for den tjenesten!<\/li>\n<\/ol>\n<p>Dette er en eksklusiv tjeneste som brukes av tusenvis av mennesker over hele verden. Hvis du tenker p\u00e5 hva som vil skje hvis du vinner en jackpot, slutt \u00e5 bekymre deg. Ikke bare er dette selskapet 100 % anerkjent og legitimt, men kupongen har ogs\u00e5 navnet ditt p\u00e5, s\u00e5 det er ikke rom for feil eller svindel.<\/p>\n<p>PowerBall-lotteriet er ikke det eneste som er tilgjengelig for kj\u00f8p via denne tjenesten \u2013 du kan ogs\u00e5 kj\u00f8pe Euromillions-kuponger, samt delta i El Gordo-lotteriet og Superenalotto, og spille en rekke andre internasjonale lotterier. S\u00e5 til syvende og sist spiller det ingen rolle hvor i verden du bor, du vil kunne delta i utenlandske lotterier s\u00e5 mye du vil, n\u00e5r du vil.<\/p>\n<h2>Premietrekninger<\/h2>\n<p>Premietrekningene gj\u00f8res to ganger i uken \u2013 hver onsdag og l\u00f8rdag kveld, klokken 22:59 \u00f8stlig tid. Billetter kan kj\u00f8pes frem til den siste timen av trekningen, som betyr at salget stenger 59 minutter f\u00f8r start. For ditt online billettkj\u00f8p, beregn en buffer p\u00e5 minst 2 timer for \u00e5 gi RedFoxLotto nok tid til \u00e5 behandle Powerball-billettbestillingen din.<\/p>\n<p>Vinnerne og lykketallene bestemmes ved \u00e5 trekke 5 hvite kuler fra en tromme, som har totalt 59 kuler. Det er ogs\u00e5 et nytt tillegg \u2013 \u00e9n r\u00f8d kule, som trekkes fra en annen tromme som best\u00e5r av 35 r\u00f8de kuler.<\/p>\n<h2>M\u00e5ter \u00e5 vinne p\u00e5<\/h2>\n<p>Det er 9 forskjellige m\u00e5ter \u00e5 vinne p\u00e5 n\u00e5r du spiller Powerball-lotteriet. Hovedpremien, den store jackpotten, vil bli vunnet hvis lotteribilletten din matcher alle 5 hvite kuletall og den r\u00f8de kulen, som ogs\u00e5 er kjent som PowerBall. Hvis du vinner en jackpot, kan du enten velge et engangsbel\u00f8p utbetalt umiddelbart eller f\u00e5 hele jackpotten utbetalt \u00e5rlig, over 29 \u00e5r. Selv om dette virker som lenge, er vi sikre p\u00e5 at du vil v\u00e6re mer enn forn\u00f8yd med \u00e5 motta rundt 10 millioner dollar \u00e5rlig!<\/p>\n<p>Oddsen for \u00e5 vinne en premie mens du spiller Powerball-lotteriet er omtrent 1 av 32. Du kan vinne en premie p\u00e5 f\u00f8lgende m\u00e5ter:<\/p>\n<ul>\n<li>5 hvite kuler + Powerballen vinner jackpotten<\/li>\n<li>5 hvite kuler vinner 1 million dollar<\/li>\n<li>4 hvite kuler + Powerballen vinner 10 000 dollar<\/li>\n<li>4 hvite kuler vinner 100 dollar<\/li>\n<li>3 hvite kuler + Powerballen vinner 100 dollar<\/li>\n<li>3 hvite kuler vinner 7 dollar<\/li>\n<li>2 hvite kuler + Powerballen vinner 7 dollar<\/li>\n<li>1 hvit kule + Powerballen vinner 7 dollar<\/li>\n<li>Powerballen alene vinner 4 dollar<\/li>\n<\/ul>\n<p>Det er ogs\u00e5 lagt til en ekstra funksjon: hvis du velger PowerPlay-funksjonen, kan du \u00f8ke det opprinnelige premiebel\u00f8pet. Hvis kupongen din har vinnerkombinasjonen 5+0, vil premien din v\u00e6re 2 millioner dollar i stedet for 1 million dollar. PowerPlay-funksjonen m\u00e5 velges n\u00e5r du kj\u00f8per kupongen din.<\/p>\n<h2>Hvor kan jeg spille?<\/h2>\n<p>Powerball er Amerikas favorittlottohvert spill og kan spilles fra 42 stater over hele landet. Det spilles ogs\u00e5 i Washington, D.C. og De amerikanske Jomfru\u00f8yene. Det er 8 stater som ikke tillater innbyggerne sine \u00e5 delta i dette lotteriet &#8211; Nevada, California, Utah, Mississippi, Wyoming, Alabama, Hawaii og Alaska.<\/p>\n<p>Som nevnt i begynnelsen av denne artikkelen er det imidlertid ogs\u00e5 mulig \u00e5 spille PowerBall utenfor USA og som ikke-amerikansk innbygger, eller fra en amerikansk stat hvor du ikke kan kj\u00f8pe dem i en butikk. RedFoxLotto gj\u00f8r det mulig for alle. <strong><span style=\"text-decoration: underline;\"><a href=\"https:\/\/redfoxlotto.com\/?ref=A8564250A2&amp;medium=pwb\" target=\"_blank\" rel=\"noopener noreferrer\">Skaff deg din PowerBall-lottokupong p\u00e5 nett n\u00e5!<\/a><\/span><\/strong><\/p>\n","protected":false},"excerpt":{"rendered":"<p>Hvordan du kan kj\u00f8pe Powerball-kuponger p\u00e5 nett PowerBall er et ekstremt popul\u00e6rt lotterispill med enorme utbetalinger og jackpotpremier p\u00e5 alt fra 140 dollar til mer enn 300 millioner dollar! Det er allerede 7 personer som har vunnet PowerBall-jackpotten i 2012. Den laveste jackpotten var 60 millioner dollar, mens den h\u00f8yeste var 337 millioner amerikanske dollar! &hellip; <\/p>\n<p class=\"link-more\"><a href=\"https:\/\/powerballticketonline.com\/no\/\" class=\"more-link\">Read more<span class=\"screen-reader-text\"> &laquo;Hjem&raquo;<\/span><\/a><\/p>\n","protected":false},"author":1,"featured_media":0,"parent":0,"menu_order":0,"comment_status":"closed","ping_status":"closed","template":"","meta":{"footnotes":""},"class_list":["post-379","page","type-page","status-publish","hentry"],"yoast_head":"<!-- This site is optimized with the Yoast SEO plugin v27.3 - https:\/\/yoast.com\/product\/yoast-seo-wordpress\/ -->\n<title>Kj\u00f8p Powerball-lotteribilletter p\u00e5 nett hvor som helst i verden<\/title>\n<meta name=\"robots\" content=\"index, follow, max-snippet:-1, max-image-preview:large, max-video-preview:-1\" \/>\n<link rel=\"canonical\" href=\"https:\/\/powerballticketonline.com\/no\/\" \/>\n<meta property=\"og:locale\" content=\"nb_NO\" \/>\n<meta property=\"og:type\" content=\"article\" \/>\n<meta property=\"og:title\" content=\"Kj\u00f8p Powerball-lotteribilletter p\u00e5 nett hvor som helst i verden\" \/>\n<meta property=\"og:description\" content=\"Hvordan du kan kj\u00f8pe Powerball-kuponger p\u00e5 nett PowerBall er et ekstremt popul\u00e6rt lotterispill med enorme utbetalinger og jackpotpremier p\u00e5 alt fra 140 dollar til mer enn 300 millioner dollar! Det er allerede 7 personer som har vunnet PowerBall-jackpotten i 2012. Den laveste jackpotten var 60 millioner dollar, mens den h\u00f8yeste var 337 millioner amerikanske dollar! &hellip; Read more &quot;Hjem&quot;\" \/>\n<meta property=\"og:url\" content=\"https:\/\/powerballticketonline.com\/no\/\" \/>\n<meta name=\"twitter:card\" content=\"summary_large_image\" \/>\n<meta name=\"twitter:label1\" content=\"Ansl. lesetid\" \/>\n\t<meta name=\"twitter:data1\" content=\"4 minutter\" \/>\n<script type=\"application\/ld+json\" class=\"yoast-schema-graph\">{\"@context\":\"https:\\\/\\\/schema.org\",\"@graph\":[{\"@type\":\"WebPage\",\"@id\":\"https:\\\/\\\/powerballticketonline.com\\\/no\\\/\",\"url\":\"https:\\\/\\\/powerballticketonline.com\\\/no\\\/\",\"name\":\"Kj\u00f8p Powerball-lotteribilletter p\u00e5 nett hvor som helst i verden\",\"isPartOf\":{\"@id\":\"https:\\\/\\\/powerballticketonline.com\\\/no\\\/#website\"},\"datePublished\":\"2025-08-02T15:41:33+00:00\",\"breadcrumb\":{\"@id\":\"https:\\\/\\\/powerballticketonline.com\\\/no\\\/#breadcrumb\"},\"inLanguage\":\"nb-NO\",\"potentialAction\":[{\"@type\":\"ReadAction\",\"target\":[\"https:\\\/\\\/powerballticketonline.com\\\/no\\\/\"]}]},{\"@type\":\"BreadcrumbList\",\"@id\":\"https:\\\/\\\/powerballticketonline.com\\\/no\\\/#breadcrumb\",\"itemListElement\":[{\"@type\":\"ListItem\",\"position\":1,\"name\":\"Home\",\"item\":\"https:\\\/\\\/powerballticketonline.com\\\/no\\\/\"},{\"@type\":\"ListItem\",\"position\":2,\"name\":\"Hjem\"}]},{\"@type\":\"WebSite\",\"@id\":\"https:\\\/\\\/powerballticketonline.com\\\/no\\\/#website\",\"url\":\"https:\\\/\\\/powerballticketonline.com\\\/no\\\/\",\"name\":\"\",\"description\":\"\",\"potentialAction\":[{\"@type\":\"SearchAction\",\"target\":{\"@type\":\"EntryPoint\",\"urlTemplate\":\"https:\\\/\\\/powerballticketonline.com\\\/no\\\/?s={search_term_string}\"},\"query-input\":{\"@type\":\"PropertyValueSpecification\",\"valueRequired\":true,\"valueName\":\"search_term_string\"}}],\"inLanguage\":\"nb-NO\"}]}<\/script>\n<!-- \/ Yoast SEO plugin. -->","yoast_head_json":{"title":"Kj\u00f8p Powerball-lotteribilletter p\u00e5 nett hvor som helst i verden","robots":{"index":"index","follow":"follow","max-snippet":"max-snippet:-1","max-image-preview":"max-image-preview:large","max-video-preview":"max-video-preview:-1"},"canonical":"https:\/\/powerballticketonline.com\/no\/","og_locale":"nb_NO","og_type":"article","og_title":"Kj\u00f8p Powerball-lotteribilletter p\u00e5 nett hvor som helst i verden","og_description":"Hvordan du kan kj\u00f8pe Powerball-kuponger p\u00e5 nett PowerBall er et ekstremt popul\u00e6rt lotterispill med enorme utbetalinger og jackpotpremier p\u00e5 alt fra 140 dollar til mer enn 300 millioner dollar! Det er allerede 7 personer som har vunnet PowerBall-jackpotten i 2012. Den laveste jackpotten var 60 millioner dollar, mens den h\u00f8yeste var 337 millioner amerikanske dollar! &hellip; Read more \"Hjem\"","og_url":"https:\/\/powerballticketonline.com\/no\/","twitter_card":"summary_large_image","twitter_misc":{"Ansl. lesetid":"4 minutter"},"schema":{"@context":"https:\/\/schema.org","@graph":[{"@type":"WebPage","@id":"https:\/\/powerballticketonline.com\/no\/","url":"https:\/\/powerballticketonline.com\/no\/","name":"Kj\u00f8p Powerball-lotteribilletter p\u00e5 nett hvor som helst i verden","isPartOf":{"@id":"https:\/\/powerballticketonline.com\/no\/#website"},"datePublished":"2025-08-02T15:41:33+00:00","breadcrumb":{"@id":"https:\/\/powerballticketonline.com\/no\/#breadcrumb"},"inLanguage":"nb-NO","potentialAction":[{"@type":"ReadAction","target":["https:\/\/powerballticketonline.com\/no\/"]}]},{"@type":"BreadcrumbList","@id":"https:\/\/powerballticketonline.com\/no\/#breadcrumb","itemListElement":[{"@type":"ListItem","position":1,"name":"Home","item":"https:\/\/powerballticketonline.com\/no\/"},{"@type":"ListItem","position":2,"name":"Hjem"}]},{"@type":"WebSite","@id":"https:\/\/powerballticketonline.com\/no\/#website","url":"https:\/\/powerballticketonline.com\/no\/","name":"","description":"","potentialAction":[{"@type":"SearchAction","target":{"@type":"EntryPoint","urlTemplate":"https:\/\/powerballticketonline.com\/no\/?s={search_term_string}"},"query-input":{"@type":"PropertyValueSpecification","valueRequired":true,"valueName":"search_term_string"}}],"inLanguage":"nb-NO"}]}},"_links":{"self":[{"href":"https:\/\/powerballticketonline.com\/no\/wp-json\/wp\/v2\/pages\/379","targetHints":{"allow":["GET"]}}],"collection":[{"href":"https:\/\/powerballticketonline.com\/no\/wp-json\/wp\/v2\/pages"}],"about":[{"href":"https:\/\/powerballticketonline.com\/no\/wp-json\/wp\/v2\/types\/page"}],"author":[{"embeddable":true,"href":"https:\/\/powerballticketonline.com\/no\/wp-json\/wp\/v2\/users\/1"}],"replies":[{"embeddable":true,"href":"https:\/\/powerballticketonline.com\/no\/wp-json\/wp\/v2\/comments?post=379"}],"version-history":[{"count":0,"href":"https:\/\/powerballticketonline.com\/no\/wp-json\/wp\/v2\/pages\/379\/revisions"}],"wp:attachment":[{"href":"https:\/\/powerballticketonline.com\/no\/wp-json\/wp\/v2\/media?parent=379"}],"curies":[{"name":"wp","href":"https:\/\/api.w.org\/{rel}","templated":true}]}}